{"id":6123,"date":"2021-07-01T01:10:46","date_gmt":"2021-06-30T23:10:46","guid":{"rendered":"https:\/\/www.comau.com\/?page_id=6123"},"modified":"2024-10-28T11:40:57","modified_gmt":"2024-10-28T10:40:57","slug":"after-sales","status":"publish","type":"page","link":"https:\/\/www.comau.com\/fr\/competencies\/services\/after-sales\/","title":{"rendered":"Service apr\u00e8s-vente"},"content":{"rendered":"\n<h2 class=\"wp-block-heading\" id=\"notre-travail-c-est-de-prendre-soin-de-votre-activite\">Notre travail c&rsquo;est de prendre soin de votre activit\u00e9<\/h2>\n\n\n\n<p>La satisfaction de nos clients est la priorit\u00e9 de la strat\u00e9gie de Comau en mati\u00e8re de robotique.<\/p>\n\n\n\n<p>Nous offrons un service apr\u00e8s-vente rapide et flexible proche des clients, tout au long du cycle de vie de leur \u00e9quipement. Nous offrons \u00e9galement une gamme compl\u00e8te de services pour maximiser les performances des solutions Comau.<\/p>\n\n\n\n<div class=\"wp-block-columns row-buttons is-layout-flex wp-container-core-columns-is-layout-9d6595d7 wp-block-columns-is-layout-flex\">\n<div class=\"wp-block-column is-layout-flow wp-block-column-is-layout-flow\" style=\"flex-basis:33.33%\">\n<div class=\"wp-block-getwid-toggle download-dropdown has-icon-left\">\n<div class=\"wp-block-getwid-toggle__row\"><div class=\"wp-block-getwid-toggle__header-wrapper\"><span class=\"wp-block-getwid-toggle__header\"><a href=\"#\"><span class=\"wp-block-getwid-toggle__header-title\">Download the brochure<\/span><span class=\"wp-block-getwid-toggle__icon is-active\"><i class=\"fas fa-plus\"><\/i><\/span><span class=\"wp-block-getwid-toggle__icon is-passive\"><i class=\"fas fa-minus\"><\/i><\/span><\/a><\/span><\/div><div class=\"wp-block-getwid-toggle__content-wrapper\"><div class=\"wp-block-getwid-toggle__content\">\n<div class=\"wp-block-getwid-button-group\"><div class=\"wp-block-getwid-button-group__wrapper\">\n<div class=\"wp-block-button\"><a class=\"wp-block-button__link\" href=\"https:\/\/www.comau.com\/wp-content\/uploads\/2021\/06\/Comau_Customer-Service_Brochure_EN.pdf\" target=\"_blank\" rel=\"noreferrer noopener\">Comau_Customer Service_Brochure_EN<\/a><\/div>\n\n\n\n<div class=\"wp-block-button\"><a class=\"wp-block-button__link\" href=\"https:\/\/www.comau.com\/wp-content\/uploads\/2021\/06\/Comau_Trainig-Catalogue_Brochure_EN.pdf\" target=\"_blank\" rel=\"noreferrer noopener\">Comau_Training Catalogue_Brochure_EN<\/a><\/div>\n<\/div><\/div>\n<\/div><\/div><\/div>\n<\/div>\n<\/div>\n\n\n\n<div class=\"wp-block-column is-layout-flow wp-block-column-is-layout-flow\" style=\"flex-basis:66.66%\">\n<div class=\"wp-block-buttons is-layout-flex wp-block-buttons-is-layout-flex\">\n<div class=\"wp-block-button\"><a class=\"wp-block-button__link\" href=\"https:\/\/www.comau.com\/en\/contact-us\/after-sales\/\">D\u00e9couvrir plus<\/a><\/div>\n<\/div>\n<\/div>\n<\/div>\n\n\n\n<h2 class=\"wp-block-heading\" id=\"pieces-de-rechange-et-logistique\">Pi\u00e8ces de rechange et logistique<\/h2>\n\n\n\n<p>Des conseils professionnels et des solutions flexibles pour la logistique et la gestion de vos stocks de pi\u00e8ces de rechange.<\/p>\n\n\n\n<p>Support et gestion des pi\u00e8ces, \u00e9change des unit\u00e9s et r\u00e9paration avec un temps de r\u00e9ponse fiable pour assurer une production continue.<\/p>\n\n\n\n<h2 class=\"wp-block-heading\" id=\"assistance-technique-et-contrats\">Assistance technique et contrats<\/h2>\n\n\n\n<p>Des \u00e9quipes locales pour supporter les clients, apporter de la fiabilit\u00e9 aux processus, am\u00e9liorer les performances du produit et maintenir la valeur de l&rsquo;investissement.<\/p>\n\n\n\n<p>Service d&rsquo;assistance, diagnostics \u00e0 distance et analyse des erreurs par des ing\u00e9nieurs hautement qualifi\u00e9s pour faciliter les d\u00e9pannages et traiter les situations d&rsquo;urgence critiques.<\/p>\n\n\n\n<p>De nombreuses solutions de contrats d&rsquo;entretien pour couvrir tous les besoins sp\u00e9cifiques.<\/p>\n\n\n\n<h2 class=\"wp-block-heading\" id=\"formation\">Formation<\/h2>\n\n\n\n<p>La formation, avec des parcours de formation qui vont du niveau de \u00ab base \u00bb au niveau \u00ab avanc\u00e9 \u00bb, est propos\u00e9e dans notre centre de formation, dans les locaux du client et via notre nouvelle plateforme Web interactive.<\/p>\n\n\n\n<p>Un catalogue de formation complet comprenant l&rsquo;utilisation et la programmation de base, la programmation avanc\u00e9e, le diagnostic et l&rsquo;entretien, les packs d&rsquo;applications et bien plus encore.<\/p>\n\n\n\n<h2 class=\"wp-block-heading\" id=\"services-avances-renouvellements-et-mises-a-niveau\">Services avanc\u00e9s, renouvellements et mises \u00e0 niveau<\/h2>\n\n\n\n<p>Analyse des besoins des clients et d&rsquo;am\u00e9lioration des processus associant l&rsquo;exp\u00e9rience et la connaissance avec les nouvelles technologies pour accro\u00eetre les performances des syst\u00e8mes ou reconfigurer les applications existantes.<\/p>\n\n\n\n<p><strong>Support en ing\u00e9nierie industrielle, mise \u00e0 niveau, nouvelles versions de logiciels, renouvellement du mat\u00e9riel et reconditionnement.<\/strong>.<\/p>\n","protected":false},"excerpt":{"rendered":"<p>Notre travail c&rsquo;est de prendre soin de votre activit\u00e9 La satisfaction de nos clients est la priorit\u00e9 de la strat\u00e9gie de Comau en mati\u00e8re de robotique. Nous offrons un service apr\u00e8s-vente rapide et flexible proche des clients, tout au long du cycle de vie de leur \u00e9quipement. Nous offrons \u00e9galement une gamme compl\u00e8te de services [&hellip;]<\/p>\n","protected":false},"author":11,"featured_media":69171,"parent":65278,"menu_order":10,"comment_status":"closed","ping_status":"closed","template":"","meta":{"_acf_changed":false,"ep_exclude_from_search":false,"footnotes":""},"class_list":["post-6123","page","type-page","status-publish","has-post-thumbnail","hentry"],"acf":[],"yoast_head":"<!-- This site is optimized with the Yoast SEO plugin v26.9 - https:\/\/yoast.com\/product\/yoast-seo-wordpress\/ -->\n<title>Maintenance et assistance industrielle : SAV | Comau<\/title>\n<meta name=\"description\" content=\"Vous d\u00e9sirez disposer d&#039;un service de maintenance et d&#039;assistance industrielle sur vos robots et machines\u00a0? Contactez-nous sans attendre\u00a0!\" \/>\n<meta name=\"robots\" content=\"index, follow, max-snippet:-1, max-image-preview:large, max-video-preview:-1\" \/>\n<link rel=\"canonical\" href=\"https:\/\/www.comau.com\/fr\/competencies\/services\/after-sales\/\" \/>\n<meta property=\"og:locale\" content=\"fr_FR\" \/>\n<meta property=\"og:type\" content=\"article\" \/>\n<meta property=\"og:title\" content=\"Maintenance et assistance industrielle : SAV | Comau\" \/>\n<meta property=\"og:description\" content=\"Vous d\u00e9sirez disposer d&#039;un service de maintenance et d&#039;assistance industrielle sur vos robots et machines\u00a0? Contactez-nous sans attendre\u00a0!\" \/>\n<meta property=\"og:url\" content=\"https:\/\/www.comau.com\/fr\/competencies\/services\/after-sales\/\" \/>\n<meta property=\"og:site_name\" content=\"Comau\" \/>\n<meta property=\"article:publisher\" content=\"https:\/\/www.facebook.com\/COMAU\/\" \/>\n<meta property=\"article:modified_time\" content=\"2024-10-28T10:40:57+00:00\" \/>\n<meta property=\"og:image\" content=\"https:\/\/www.comau.com\/wp-content\/uploads\/2024\/10\/header-after-sales.jpeg\" \/>\n\t<meta property=\"og:image:width\" content=\"1425\" \/>\n\t<meta property=\"og:image:height\" content=\"450\" \/>\n\t<meta property=\"og:image:type\" content=\"image\/jpeg\" \/>\n<meta name=\"twitter:card\" content=\"summary_large_image\" \/>\n<meta name=\"twitter:site\" content=\"@comaugroup\" \/>\n<meta name=\"twitter:label1\" content=\"Dur\u00e9e de lecture estim\u00e9e\" \/>\n\t<meta name=\"twitter:data1\" content=\"2 minutes\" \/>\n<script type=\"application\/ld+json\" class=\"yoast-schema-graph\">{\"@context\":\"https:\/\/schema.org\",\"@graph\":[{\"@type\":\"WebPage\",\"@id\":\"https:\/\/www.comau.com\/fr\/competencies\/services\/after-sales\/\",\"url\":\"https:\/\/www.comau.com\/fr\/competencies\/services\/after-sales\/\",\"name\":\"Maintenance et assistance industrielle : SAV | Comau\",\"isPartOf\":{\"@id\":\"https:\/\/www.comau.com\/fr\/#website\"},\"primaryImageOfPage\":{\"@id\":\"https:\/\/www.comau.com\/fr\/competencies\/services\/after-sales\/#primaryimage\"},\"image\":{\"@id\":\"https:\/\/www.comau.com\/fr\/competencies\/services\/after-sales\/#primaryimage\"},\"thumbnailUrl\":\"https:\/\/www.comau.com\/wp-content\/uploads\/2024\/10\/header-after-sales.jpeg\",\"datePublished\":\"2021-06-30T23:10:46+00:00\",\"dateModified\":\"2024-10-28T10:40:57+00:00\",\"description\":\"Vous d\u00e9sirez disposer d'un service de maintenance et d'assistance industrielle sur vos robots et machines\u00a0? Contactez-nous sans attendre\u00a0!\",\"breadcrumb\":{\"@id\":\"https:\/\/www.comau.com\/fr\/competencies\/services\/after-sales\/#breadcrumb\"},\"inLanguage\":\"fr-FR\",\"potentialAction\":[{\"@type\":\"ReadAction\",\"target\":[\"https:\/\/www.comau.com\/fr\/competencies\/services\/after-sales\/\"]}]},{\"@type\":\"ImageObject\",\"inLanguage\":\"fr-FR\",\"@id\":\"https:\/\/www.comau.com\/fr\/competencies\/services\/after-sales\/#primaryimage\",\"url\":\"https:\/\/www.comau.com\/wp-content\/uploads\/2024\/10\/header-after-sales.jpeg\",\"contentUrl\":\"https:\/\/www.comau.com\/wp-content\/uploads\/2024\/10\/header-after-sales.jpeg\",\"width\":1425,\"height\":450,\"caption\":\"man handling a robot controller\"},{\"@type\":\"BreadcrumbList\",\"@id\":\"https:\/\/www.comau.com\/fr\/competencies\/services\/after-sales\/#breadcrumb\",\"itemListElement\":[{\"@type\":\"ListItem\",\"position\":1,\"name\":\"Home\",\"item\":\"https:\/\/www.comau.com\/fr\/\"},{\"@type\":\"ListItem\",\"position\":2,\"name\":\"Nos comp\u00e9tences\",\"item\":\"https:\/\/www.comau.com\/fr\/competencies\/\"},{\"@type\":\"ListItem\",\"position\":3,\"name\":\"Services\",\"item\":\"https:\/\/www.comau.com\/fr\/competencies\/services\/\"},{\"@type\":\"ListItem\",\"position\":4,\"name\":\"Service apr\u00e8s-vente\"}]},{\"@type\":\"WebSite\",\"@id\":\"https:\/\/www.comau.com\/fr\/#website\",\"url\":\"https:\/\/www.comau.com\/fr\/\",\"name\":\"Comau\",\"description\":\"Industrial automation and robotics\",\"publisher\":{\"@id\":\"https:\/\/www.comau.com\/fr\/#organization\"},\"potentialAction\":[{\"@type\":\"SearchAction\",\"target\":{\"@type\":\"EntryPoint\",\"urlTemplate\":\"https:\/\/www.comau.com\/fr\/?s={search_term_string}\"},\"query-input\":{\"@type\":\"PropertyValueSpecification\",\"valueRequired\":true,\"valueName\":\"search_term_string\"}}],\"inLanguage\":\"fr-FR\"},{\"@type\":\"Organization\",\"@id\":\"https:\/\/www.comau.com\/fr\/#organization\",\"name\":\"Comau\",\"url\":\"https:\/\/www.comau.com\/fr\/\",\"logo\":{\"@type\":\"ImageObject\",\"inLanguage\":\"fr-FR\",\"@id\":\"https:\/\/www.comau.com\/fr\/#\/schema\/logo\/image\/\",\"url\":\"https:\/\/www.comau.com\/wp-content\/uploads\/2024\/07\/cropped-Logo-COMAU.png\",\"contentUrl\":\"https:\/\/www.comau.com\/wp-content\/uploads\/2024\/07\/cropped-Logo-COMAU.png\",\"width\":434,\"height\":434,\"caption\":\"Comau\"},\"image\":{\"@id\":\"https:\/\/www.comau.com\/fr\/#\/schema\/logo\/image\/\"},\"sameAs\":[\"https:\/\/www.facebook.com\/COMAU\/\",\"https:\/\/x.com\/comaugroup\",\"https:\/\/www.instagram.com\/comaugroup\/\",\"https:\/\/www.linkedin.com\/company\/comau\",\"https:\/\/www.youtube.com\/user\/comau\"]}]}<\/script>\n<!-- \/ Yoast SEO plugin. -->","yoast_head_json":{"title":"Maintenance et assistance industrielle : SAV | Comau","description":"Vous d\u00e9sirez disposer d'un service de maintenance et d'assistance industrielle sur vos robots et machines\u00a0? Contactez-nous sans attendre\u00a0!","robots":{"index":"index","follow":"follow","max-snippet":"max-snippet:-1","max-image-preview":"max-image-preview:large","max-video-preview":"max-video-preview:-1"},"canonical":"https:\/\/www.comau.com\/fr\/competencies\/services\/after-sales\/","og_locale":"fr_FR","og_type":"article","og_title":"Maintenance et assistance industrielle : SAV | Comau","og_description":"Vous d\u00e9sirez disposer d'un service de maintenance et d'assistance industrielle sur vos robots et machines\u00a0? Contactez-nous sans attendre\u00a0!","og_url":"https:\/\/www.comau.com\/fr\/competencies\/services\/after-sales\/","og_site_name":"Comau","article_publisher":"https:\/\/www.facebook.com\/COMAU\/","article_modified_time":"2024-10-28T10:40:57+00:00","og_image":[{"width":1425,"height":450,"url":"https:\/\/www.comau.com\/wp-content\/uploads\/2024\/10\/header-after-sales.jpeg","type":"image\/jpeg"}],"twitter_card":"summary_large_image","twitter_site":"@comaugroup","twitter_misc":{"Dur\u00e9e de lecture estim\u00e9e":"2 minutes"},"schema":{"@context":"https:\/\/schema.org","@graph":[{"@type":"WebPage","@id":"https:\/\/www.comau.com\/fr\/competencies\/services\/after-sales\/","url":"https:\/\/www.comau.com\/fr\/competencies\/services\/after-sales\/","name":"Maintenance et assistance industrielle : SAV | Comau","isPartOf":{"@id":"https:\/\/www.comau.com\/fr\/#website"},"primaryImageOfPage":{"@id":"https:\/\/www.comau.com\/fr\/competencies\/services\/after-sales\/#primaryimage"},"image":{"@id":"https:\/\/www.comau.com\/fr\/competencies\/services\/after-sales\/#primaryimage"},"thumbnailUrl":"https:\/\/www.comau.com\/wp-content\/uploads\/2024\/10\/header-after-sales.jpeg","datePublished":"2021-06-30T23:10:46+00:00","dateModified":"2024-10-28T10:40:57+00:00","description":"Vous d\u00e9sirez disposer d'un service de maintenance et d'assistance industrielle sur vos robots et machines\u00a0? Contactez-nous sans attendre\u00a0!","breadcrumb":{"@id":"https:\/\/www.comau.com\/fr\/competencies\/services\/after-sales\/#breadcrumb"},"inLanguage":"fr-FR","potentialAction":[{"@type":"ReadAction","target":["https:\/\/www.comau.com\/fr\/competencies\/services\/after-sales\/"]}]},{"@type":"ImageObject","inLanguage":"fr-FR","@id":"https:\/\/www.comau.com\/fr\/competencies\/services\/after-sales\/#primaryimage","url":"https:\/\/www.comau.com\/wp-content\/uploads\/2024\/10\/header-after-sales.jpeg","contentUrl":"https:\/\/www.comau.com\/wp-content\/uploads\/2024\/10\/header-after-sales.jpeg","width":1425,"height":450,"caption":"man handling a robot controller"},{"@type":"BreadcrumbList","@id":"https:\/\/www.comau.com\/fr\/competencies\/services\/after-sales\/#breadcrumb","itemListElement":[{"@type":"ListItem","position":1,"name":"Home","item":"https:\/\/www.comau.com\/fr\/"},{"@type":"ListItem","position":2,"name":"Nos comp\u00e9tences","item":"https:\/\/www.comau.com\/fr\/competencies\/"},{"@type":"ListItem","position":3,"name":"Services","item":"https:\/\/www.comau.com\/fr\/competencies\/services\/"},{"@type":"ListItem","position":4,"name":"Service apr\u00e8s-vente"}]},{"@type":"WebSite","@id":"https:\/\/www.comau.com\/fr\/#website","url":"https:\/\/www.comau.com\/fr\/","name":"Comau","description":"Industrial automation and robotics","publisher":{"@id":"https:\/\/www.comau.com\/fr\/#organization"},"potentialAction":[{"@type":"SearchAction","target":{"@type":"EntryPoint","urlTemplate":"https:\/\/www.comau.com\/fr\/?s={search_term_string}"},"query-input":{"@type":"PropertyValueSpecification","valueRequired":true,"valueName":"search_term_string"}}],"inLanguage":"fr-FR"},{"@type":"Organization","@id":"https:\/\/www.comau.com\/fr\/#organization","name":"Comau","url":"https:\/\/www.comau.com\/fr\/","logo":{"@type":"ImageObject","inLanguage":"fr-FR","@id":"https:\/\/www.comau.com\/fr\/#\/schema\/logo\/image\/","url":"https:\/\/www.comau.com\/wp-content\/uploads\/2024\/07\/cropped-Logo-COMAU.png","contentUrl":"https:\/\/www.comau.com\/wp-content\/uploads\/2024\/07\/cropped-Logo-COMAU.png","width":434,"height":434,"caption":"Comau"},"image":{"@id":"https:\/\/www.comau.com\/fr\/#\/schema\/logo\/image\/"},"sameAs":["https:\/\/www.facebook.com\/COMAU\/","https:\/\/x.com\/comaugroup","https:\/\/www.instagram.com\/comaugroup\/","https:\/\/www.linkedin.com\/company\/comau","https:\/\/www.youtube.com\/user\/comau"]}]}},"_links":{"self":[{"href":"https:\/\/www.comau.com\/fr\/wp-json\/wp\/v2\/pages\/6123","targetHints":{"allow":["GET"]}}],"collection":[{"href":"https:\/\/www.comau.com\/fr\/wp-json\/wp\/v2\/pages"}],"about":[{"href":"https:\/\/www.comau.com\/fr\/wp-json\/wp\/v2\/types\/page"}],"author":[{"embeddable":true,"href":"https:\/\/www.comau.com\/fr\/wp-json\/wp\/v2\/users\/11"}],"replies":[{"embeddable":true,"href":"https:\/\/www.comau.com\/fr\/wp-json\/wp\/v2\/comments?post=6123"}],"version-history":[{"count":28,"href":"https:\/\/www.comau.com\/fr\/wp-json\/wp\/v2\/pages\/6123\/revisions"}],"predecessor-version":[{"id":70074,"href":"https:\/\/www.comau.com\/fr\/wp-json\/wp\/v2\/pages\/6123\/revisions\/70074"}],"up":[{"embeddable":true,"href":"https:\/\/www.comau.com\/fr\/wp-json\/wp\/v2\/pages\/65278"}],"wp:featuredmedia":[{"embeddable":true,"href":"https:\/\/www.comau.com\/fr\/wp-json\/wp\/v2\/media\/69171"}],"wp:attachment":[{"href":"https:\/\/www.comau.com\/fr\/wp-json\/wp\/v2\/media?parent=6123"}],"curies":[{"name":"wp","href":"https:\/\/api.w.org\/{rel}","templated":true}]}}