{"id":6102,"date":"2021-07-01T01:07:29","date_gmt":"2021-06-30T23:07:29","guid":{"rendered":"https:\/\/www.comau.com\/?page_id=6102"},"modified":"2025-03-19T14:07:54","modified_gmt":"2025-03-19T13:07:54","slug":"automation-products","status":"publish","type":"page","link":"https:\/\/www.comau.com\/fr\/competencies\/products-solutions\/automation-products\/","title":{"rendered":"Produits d&rsquo;automation"},"content":{"rendered":"\n<h2 class=\"wp-block-heading\">Welding Guns<\/h2>\n\n\n\n<ul class=\"wp-block-list\">\n<li>\u200bCompact type C \/ type X \/ CXR (assemblage acier)<\/li>\n\n\n\n<li>Compact haute capacit\u00e9 type C \/ type X (assemblage aluminium)<\/li>\n\n\n\n<li>Versa type B \/ type C \/ type X \/ type CXR (assemblage acier et aluminium)<\/li>\n\n\n\n<li>Manuel type C \/ type X (assemblage acier)<\/li>\n<\/ul>\n\n\n\n<p>Les welding gun Comau sont issus du retour d\u2019information des clients\u00a0: ce qui compte vraiment, c\u2019est de garantir la fonctionnalit\u00e9, la qualit\u00e9, le rapport co\u00fbt-efficacit\u00e9 et l\u2019efficacit\u00e9 du proc\u00e9d\u00e9. Nos pinces de soudage int\u00e8grent une conception modulaire et sym\u00e9trique visant \u00e0 r\u00e9duire les pi\u00e8ces de rechange, le poids global et les d\u00e9lais d\u2019approvisionnement. Ils sont disponibles pour un soudage acier et aluminium.<br><br>Le nouveau Comau Compact gun pr\u00e9sente un poids inf\u00e9rieur \u00e0 celui de tous les mod\u00e8les de la concurrence tout en \u00e9tant plus compact de 300\u00a0mm environ. Toutes ces nouvelles caract\u00e9ristiques ne compromettent pas ses performances. Il peut \u00eatre utilis\u00e9 dans toutes les applications de soudage et permet d\u2019utiliser des robots plus petits dans les postes \u00e0 forte densit\u00e9.<\/p>\n\n\n\n<div class=\"wp-block-columns is-layout-flex wp-container-core-columns-is-layout-9d6595d7 wp-block-columns-is-layout-flex\">\n<div class=\"wp-block-column is-layout-flow wp-block-column-is-layout-flow\">\n<div class=\"wp-block-getwid-image-box has-text-left has-mobile-layout-default has-mobile-alignment-default\"><div class=\"wp-block-getwid-image-box__image-container is-position-top\"><a href=\"https:\/\/www.comau.com\/fr\/competencies\/systems\/solutions\/products\/compact-welding-gun\/\" class=\"wp-block-getwid-image-box__image-wrapper\"><img decoding=\"async\" width=\"387\" height=\"150\" src=\"https:\/\/www.comau.com\/wp-content\/uploads\/2021\/06\/compact-welding-guns.jpg\" alt=\"\" class=\"wp-block-getwid-image-box__image wp-image-537\" srcset=\"https:\/\/www.comau.com\/wp-content\/uploads\/2021\/06\/compact-welding-guns.jpg 387w, https:\/\/www.comau.com\/wp-content\/uploads\/2021\/06\/compact-welding-guns-300x116.jpg 300w\" sizes=\"(max-width: 387px) 100vw, 387px\" \/><\/a><\/div><div class=\"wp-block-getwid-image-box__content\">\n<h3 class=\"wp-block-heading\">Compact Welding Guns<\/h3>\n\n\n\n<p>Un welding gun plus l\u00e9ger et plus compact offrant les meilleures performances pour l&rsquo;assemblage de pi\u00e8ces en acier ou en aluminium.<\/p>\n<\/div><\/div>\n<\/div>\n\n\n\n<div class=\"wp-block-column is-layout-flow wp-block-column-is-layout-flow\">\n<div class=\"wp-block-getwid-image-box has-text-left has-mobile-layout-default has-mobile-alignment-default\"><div class=\"wp-block-getwid-image-box__image-container is-position-top\"><a href=\"https:\/\/www.comau.com\/fr\/competencies\/systems\/solutions\/products\/versa-welding-gun\/\" class=\"wp-block-getwid-image-box__image-wrapper\"><img decoding=\"async\" width=\"387\" height=\"150\" src=\"https:\/\/www.comau.com\/wp-content\/uploads\/2021\/06\/versa-welding-guns.jpg\" alt=\"\" class=\"wp-block-getwid-image-box__image wp-image-551\" srcset=\"https:\/\/www.comau.com\/wp-content\/uploads\/2021\/06\/versa-welding-guns.jpg 387w, https:\/\/www.comau.com\/wp-content\/uploads\/2021\/06\/versa-welding-guns-300x116.jpg 300w\" sizes=\"(max-width: 387px) 100vw, 387px\" \/><\/a><\/div><div class=\"wp-block-getwid-image-box__content\">\n<h3 class=\"wp-block-heading\">Versa Welding Guns<\/h3>\n\n\n\n<p>La robustesse et la fiabilit\u00e9 sont les facteurs de r\u00e9ussite cl\u00e9s de ce produit depuis plusieurs ann\u00e9es..<\/p>\n<\/div><\/div>\n<\/div>\n\n\n\n<div class=\"wp-block-column is-layout-flow wp-block-column-is-layout-flow\">\n<div class=\"wp-block-getwid-image-box has-text-left has-mobile-layout-default has-mobile-alignment-default\"><div class=\"wp-block-getwid-image-box__image-container is-position-top\"><a href=\"https:\/\/www.comau.com\/fr\/competencies\/systems\/solutions\/products\/welding-guns\/\" class=\"wp-block-getwid-image-box__image-wrapper\"><img decoding=\"async\" width=\"387\" height=\"150\" src=\"https:\/\/www.comau.com\/wp-content\/uploads\/2021\/06\/welding-guns.jpg\" alt=\"\" class=\"wp-block-getwid-image-box__image wp-image-549\" srcset=\"https:\/\/www.comau.com\/wp-content\/uploads\/2021\/06\/welding-guns.jpg 387w, https:\/\/www.comau.com\/wp-content\/uploads\/2021\/06\/welding-guns-300x116.jpg 300w\" sizes=\"(max-width: 387px) 100vw, 387px\" \/><\/a><\/div><div class=\"wp-block-getwid-image-box__content\">\n<h3 class=\"wp-block-heading\">Manual Welding Guns<\/h3>\n\n\n\n<p>S\u2019inspirant du concept du welding gun robot, une seule taille pour toutes les applications.<\/p>\n<\/div><\/div>\n<\/div>\n<\/div>\n\n\n\n<h2 class=\"wp-block-heading\">Spot Welding Machine<\/h2>\n\n\n\n<p>Quand on parle d\u2019application de soudage par points, on pense \u00e0 l\u2019optique du client.<\/p>\n\n\n\n<p>La demande est d\u2019obtenir des r\u00e9sultats efficaces de la fa\u00e7on la plus simple possible. La r\u00e9ponse est ce que nous appelons la machine \u00e0 souder par points Comau&nbsp;: un ensemble con\u00e7u pour multiplier les avantages de solutions int\u00e9gr\u00e9es.<\/p>\n\n\n\n<div class=\"wp-block-columns is-layout-flex wp-container-core-columns-is-layout-9d6595d7 wp-block-columns-is-layout-flex\">\n<div class=\"wp-block-column is-layout-flow wp-block-column-is-layout-flow\">\n<div class=\"wp-block-getwid-image-box has-text-left has-mobile-layout-default has-mobile-alignment-default\"><div class=\"wp-block-getwid-image-box__image-container is-position-top\"><a href=\"https:\/\/www.comau.com\/fr\/competencies\/systems\/solutions\/products\/spot-welding-machine\/\" class=\"wp-block-getwid-image-box__image-wrapper\"><img decoding=\"async\" width=\"387\" height=\"150\" src=\"https:\/\/www.comau.com\/wp-content\/uploads\/2021\/06\/spot-welding-machine.jpg\" alt=\"\" class=\"wp-block-getwid-image-box__image wp-image-546\" srcset=\"https:\/\/www.comau.com\/wp-content\/uploads\/2021\/06\/spot-welding-machine.jpg 387w, https:\/\/www.comau.com\/wp-content\/uploads\/2021\/06\/spot-welding-machine-300x116.jpg 300w\" sizes=\"(max-width: 387px) 100vw, 387px\" \/><\/a><\/div><div class=\"wp-block-getwid-image-box__content\">\n<h3 class=\"wp-block-heading\">Spot Welding Machine<\/h3>\n\n\n\n<p>Le robot et le welding gun ne font plus qu&rsquo;un. Cette combinaison unique apporte une nouvelle dimension au soudage par points.<\/p>\n<\/div><\/div>\n<\/div>\n\n\n\n<div class=\"wp-block-column is-layout-flow wp-block-column-is-layout-flow\"><\/div>\n\n\n\n<div class=\"wp-block-column is-layout-flow wp-block-column-is-layout-flow\"><\/div>\n<\/div>\n","protected":false},"excerpt":{"rendered":"<p>Welding Guns Les welding gun Comau sont issus du retour d\u2019information des clients\u00a0: ce qui compte vraiment, c\u2019est de garantir la fonctionnalit\u00e9, la qualit\u00e9, le rapport co\u00fbt-efficacit\u00e9 et l\u2019efficacit\u00e9 du proc\u00e9d\u00e9. Nos pinces de soudage int\u00e8grent une conception modulaire et sym\u00e9trique visant \u00e0 r\u00e9duire les pi\u00e8ces de rechange, le poids global et les d\u00e9lais d\u2019approvisionnement. [&hellip;]<\/p>\n","protected":false},"author":11,"featured_media":78031,"parent":65268,"menu_order":7,"comment_status":"closed","ping_status":"closed","template":"","meta":{"_acf_changed":false,"ep_exclude_from_search":false,"footnotes":""},"class_list":["post-6102","page","type-page","status-publish","has-post-thumbnail","hentry"],"acf":[],"yoast_head":"<!-- This site is optimized with the Yoast SEO plugin v26.9 - https:\/\/yoast.com\/product\/yoast-seo-wordpress\/ -->\n<title>Produits d&#039;automation - Comau<\/title>\n<meta name=\"robots\" content=\"index, follow, max-snippet:-1, max-image-preview:large, max-video-preview:-1\" \/>\n<link rel=\"canonical\" href=\"https:\/\/www.comau.com\/fr\/competencies\/products-solutions\/automation-products\/\" \/>\n<meta property=\"og:locale\" content=\"fr_FR\" \/>\n<meta property=\"og:type\" content=\"article\" \/>\n<meta property=\"og:title\" content=\"Produits d&#039;automation - Comau\" \/>\n<meta property=\"og:description\" content=\"Welding Guns Les welding gun Comau sont issus du retour d\u2019information des clients\u00a0: ce qui compte vraiment, c\u2019est de garantir la fonctionnalit\u00e9, la qualit\u00e9, le rapport co\u00fbt-efficacit\u00e9 et l\u2019efficacit\u00e9 du proc\u00e9d\u00e9. Nos pinces de soudage int\u00e8grent une conception modulaire et sym\u00e9trique visant \u00e0 r\u00e9duire les pi\u00e8ces de rechange, le poids global et les d\u00e9lais d\u2019approvisionnement. [&hellip;]\" \/>\n<meta property=\"og:url\" content=\"https:\/\/www.comau.com\/fr\/competencies\/products-solutions\/automation-products\/\" \/>\n<meta property=\"og:site_name\" content=\"Comau\" \/>\n<meta property=\"article:publisher\" content=\"https:\/\/www.facebook.com\/COMAU\/\" \/>\n<meta property=\"article:modified_time\" content=\"2025-03-19T13:07:54+00:00\" \/>\n<meta property=\"og:image\" content=\"https:\/\/www.comau.com\/wp-content\/uploads\/2021\/06\/compact-gun_header.jpg\" \/>\n\t<meta property=\"og:image:width\" content=\"1280\" \/>\n\t<meta property=\"og:image:height\" content=\"485\" \/>\n\t<meta property=\"og:image:type\" content=\"image\/jpeg\" \/>\n<meta name=\"twitter:card\" content=\"summary_large_image\" \/>\n<meta name=\"twitter:site\" content=\"@comaugroup\" \/>\n<meta name=\"twitter:label1\" content=\"Dur\u00e9e de lecture estim\u00e9e\" \/>\n\t<meta name=\"twitter:data1\" content=\"3 minutes\" \/>\n<script type=\"application\/ld+json\" class=\"yoast-schema-graph\">{\"@context\":\"https:\/\/schema.org\",\"@graph\":[{\"@type\":\"WebPage\",\"@id\":\"https:\/\/www.comau.com\/fr\/competencies\/products-solutions\/automation-products\/\",\"url\":\"https:\/\/www.comau.com\/fr\/competencies\/products-solutions\/automation-products\/\",\"name\":\"Produits d'automation - Comau\",\"isPartOf\":{\"@id\":\"https:\/\/www.comau.com\/fr\/#website\"},\"primaryImageOfPage\":{\"@id\":\"https:\/\/www.comau.com\/fr\/competencies\/products-solutions\/automation-products\/#primaryimage\"},\"image\":{\"@id\":\"https:\/\/www.comau.com\/fr\/competencies\/products-solutions\/automation-products\/#primaryimage\"},\"thumbnailUrl\":\"https:\/\/www.comau.com\/wp-content\/uploads\/2025\/06\/Header-Image-1920x606-Spot-Welding-Machine.jpg\",\"datePublished\":\"2021-06-30T23:07:29+00:00\",\"dateModified\":\"2025-03-19T13:07:54+00:00\",\"breadcrumb\":{\"@id\":\"https:\/\/www.comau.com\/fr\/competencies\/products-solutions\/automation-products\/#breadcrumb\"},\"inLanguage\":\"fr-FR\",\"potentialAction\":[{\"@type\":\"ReadAction\",\"target\":[\"https:\/\/www.comau.com\/fr\/competencies\/products-solutions\/automation-products\/\"]}]},{\"@type\":\"ImageObject\",\"inLanguage\":\"fr-FR\",\"@id\":\"https:\/\/www.comau.com\/fr\/competencies\/products-solutions\/automation-products\/#primaryimage\",\"url\":\"https:\/\/www.comau.com\/wp-content\/uploads\/2025\/06\/Header-Image-1920x606-Spot-Welding-Machine.jpg\",\"contentUrl\":\"https:\/\/www.comau.com\/wp-content\/uploads\/2025\/06\/Header-Image-1920x606-Spot-Welding-Machine.jpg\",\"width\":1920,\"height\":606},{\"@type\":\"BreadcrumbList\",\"@id\":\"https:\/\/www.comau.com\/fr\/competencies\/products-solutions\/automation-products\/#breadcrumb\",\"itemListElement\":[{\"@type\":\"ListItem\",\"position\":1,\"name\":\"Home\",\"item\":\"https:\/\/www.comau.com\/fr\/\"},{\"@type\":\"ListItem\",\"position\":2,\"name\":\"Nos comp\u00e9tences\",\"item\":\"https:\/\/www.comau.com\/fr\/competencies\/\"},{\"@type\":\"ListItem\",\"position\":3,\"name\":\"Products &amp; Solutions\",\"item\":\"https:\/\/www.comau.com\/fr\/competencies\/products-solutions\/\"},{\"@type\":\"ListItem\",\"position\":4,\"name\":\"Produits d&#8217;automation\"}]},{\"@type\":\"WebSite\",\"@id\":\"https:\/\/www.comau.com\/fr\/#website\",\"url\":\"https:\/\/www.comau.com\/fr\/\",\"name\":\"Comau\",\"description\":\"Industrial automation and robotics\",\"publisher\":{\"@id\":\"https:\/\/www.comau.com\/fr\/#organization\"},\"potentialAction\":[{\"@type\":\"SearchAction\",\"target\":{\"@type\":\"EntryPoint\",\"urlTemplate\":\"https:\/\/www.comau.com\/fr\/?s={search_term_string}\"},\"query-input\":{\"@type\":\"PropertyValueSpecification\",\"valueRequired\":true,\"valueName\":\"search_term_string\"}}],\"inLanguage\":\"fr-FR\"},{\"@type\":\"Organization\",\"@id\":\"https:\/\/www.comau.com\/fr\/#organization\",\"name\":\"Comau\",\"url\":\"https:\/\/www.comau.com\/fr\/\",\"logo\":{\"@type\":\"ImageObject\",\"inLanguage\":\"fr-FR\",\"@id\":\"https:\/\/www.comau.com\/fr\/#\/schema\/logo\/image\/\",\"url\":\"https:\/\/www.comau.com\/wp-content\/uploads\/2024\/07\/cropped-Logo-COMAU.png\",\"contentUrl\":\"https:\/\/www.comau.com\/wp-content\/uploads\/2024\/07\/cropped-Logo-COMAU.png\",\"width\":434,\"height\":434,\"caption\":\"Comau\"},\"image\":{\"@id\":\"https:\/\/www.comau.com\/fr\/#\/schema\/logo\/image\/\"},\"sameAs\":[\"https:\/\/www.facebook.com\/COMAU\/\",\"https:\/\/x.com\/comaugroup\",\"https:\/\/www.instagram.com\/comaugroup\/\",\"https:\/\/www.linkedin.com\/company\/comau\",\"https:\/\/www.youtube.com\/user\/comau\"]}]}<\/script>\n<!-- \/ Yoast SEO plugin. -->","yoast_head_json":{"title":"Produits d'automation - Comau","robots":{"index":"index","follow":"follow","max-snippet":"max-snippet:-1","max-image-preview":"max-image-preview:large","max-video-preview":"max-video-preview:-1"},"canonical":"https:\/\/www.comau.com\/fr\/competencies\/products-solutions\/automation-products\/","og_locale":"fr_FR","og_type":"article","og_title":"Produits d'automation - Comau","og_description":"Welding Guns Les welding gun Comau sont issus du retour d\u2019information des clients\u00a0: ce qui compte vraiment, c\u2019est de garantir la fonctionnalit\u00e9, la qualit\u00e9, le rapport co\u00fbt-efficacit\u00e9 et l\u2019efficacit\u00e9 du proc\u00e9d\u00e9. Nos pinces de soudage int\u00e8grent une conception modulaire et sym\u00e9trique visant \u00e0 r\u00e9duire les pi\u00e8ces de rechange, le poids global et les d\u00e9lais d\u2019approvisionnement. [&hellip;]","og_url":"https:\/\/www.comau.com\/fr\/competencies\/products-solutions\/automation-products\/","og_site_name":"Comau","article_publisher":"https:\/\/www.facebook.com\/COMAU\/","article_modified_time":"2025-03-19T13:07:54+00:00","og_image":[{"width":1280,"height":485,"url":"https:\/\/www.comau.com\/wp-content\/uploads\/2021\/06\/compact-gun_header.jpg","type":"image\/jpeg"}],"twitter_card":"summary_large_image","twitter_site":"@comaugroup","twitter_misc":{"Dur\u00e9e de lecture estim\u00e9e":"3 minutes"},"schema":{"@context":"https:\/\/schema.org","@graph":[{"@type":"WebPage","@id":"https:\/\/www.comau.com\/fr\/competencies\/products-solutions\/automation-products\/","url":"https:\/\/www.comau.com\/fr\/competencies\/products-solutions\/automation-products\/","name":"Produits d'automation - Comau","isPartOf":{"@id":"https:\/\/www.comau.com\/fr\/#website"},"primaryImageOfPage":{"@id":"https:\/\/www.comau.com\/fr\/competencies\/products-solutions\/automation-products\/#primaryimage"},"image":{"@id":"https:\/\/www.comau.com\/fr\/competencies\/products-solutions\/automation-products\/#primaryimage"},"thumbnailUrl":"https:\/\/www.comau.com\/wp-content\/uploads\/2025\/06\/Header-Image-1920x606-Spot-Welding-Machine.jpg","datePublished":"2021-06-30T23:07:29+00:00","dateModified":"2025-03-19T13:07:54+00:00","breadcrumb":{"@id":"https:\/\/www.comau.com\/fr\/competencies\/products-solutions\/automation-products\/#breadcrumb"},"inLanguage":"fr-FR","potentialAction":[{"@type":"ReadAction","target":["https:\/\/www.comau.com\/fr\/competencies\/products-solutions\/automation-products\/"]}]},{"@type":"ImageObject","inLanguage":"fr-FR","@id":"https:\/\/www.comau.com\/fr\/competencies\/products-solutions\/automation-products\/#primaryimage","url":"https:\/\/www.comau.com\/wp-content\/uploads\/2025\/06\/Header-Image-1920x606-Spot-Welding-Machine.jpg","contentUrl":"https:\/\/www.comau.com\/wp-content\/uploads\/2025\/06\/Header-Image-1920x606-Spot-Welding-Machine.jpg","width":1920,"height":606},{"@type":"BreadcrumbList","@id":"https:\/\/www.comau.com\/fr\/competencies\/products-solutions\/automation-products\/#breadcrumb","itemListElement":[{"@type":"ListItem","position":1,"name":"Home","item":"https:\/\/www.comau.com\/fr\/"},{"@type":"ListItem","position":2,"name":"Nos comp\u00e9tences","item":"https:\/\/www.comau.com\/fr\/competencies\/"},{"@type":"ListItem","position":3,"name":"Products &amp; Solutions","item":"https:\/\/www.comau.com\/fr\/competencies\/products-solutions\/"},{"@type":"ListItem","position":4,"name":"Produits d&#8217;automation"}]},{"@type":"WebSite","@id":"https:\/\/www.comau.com\/fr\/#website","url":"https:\/\/www.comau.com\/fr\/","name":"Comau","description":"Industrial automation and robotics","publisher":{"@id":"https:\/\/www.comau.com\/fr\/#organization"},"potentialAction":[{"@type":"SearchAction","target":{"@type":"EntryPoint","urlTemplate":"https:\/\/www.comau.com\/fr\/?s={search_term_string}"},"query-input":{"@type":"PropertyValueSpecification","valueRequired":true,"valueName":"search_term_string"}}],"inLanguage":"fr-FR"},{"@type":"Organization","@id":"https:\/\/www.comau.com\/fr\/#organization","name":"Comau","url":"https:\/\/www.comau.com\/fr\/","logo":{"@type":"ImageObject","inLanguage":"fr-FR","@id":"https:\/\/www.comau.com\/fr\/#\/schema\/logo\/image\/","url":"https:\/\/www.comau.com\/wp-content\/uploads\/2024\/07\/cropped-Logo-COMAU.png","contentUrl":"https:\/\/www.comau.com\/wp-content\/uploads\/2024\/07\/cropped-Logo-COMAU.png","width":434,"height":434,"caption":"Comau"},"image":{"@id":"https:\/\/www.comau.com\/fr\/#\/schema\/logo\/image\/"},"sameAs":["https:\/\/www.facebook.com\/COMAU\/","https:\/\/x.com\/comaugroup","https:\/\/www.instagram.com\/comaugroup\/","https:\/\/www.linkedin.com\/company\/comau","https:\/\/www.youtube.com\/user\/comau"]}]}},"_links":{"self":[{"href":"https:\/\/www.comau.com\/fr\/wp-json\/wp\/v2\/pages\/6102","targetHints":{"allow":["GET"]}}],"collection":[{"href":"https:\/\/www.comau.com\/fr\/wp-json\/wp\/v2\/pages"}],"about":[{"href":"https:\/\/www.comau.com\/fr\/wp-json\/wp\/v2\/types\/page"}],"author":[{"embeddable":true,"href":"https:\/\/www.comau.com\/fr\/wp-json\/wp\/v2\/users\/11"}],"replies":[{"embeddable":true,"href":"https:\/\/www.comau.com\/fr\/wp-json\/wp\/v2\/comments?post=6102"}],"version-history":[{"count":13,"href":"https:\/\/www.comau.com\/fr\/wp-json\/wp\/v2\/pages\/6102\/revisions"}],"predecessor-version":[{"id":74164,"href":"https:\/\/www.comau.com\/fr\/wp-json\/wp\/v2\/pages\/6102\/revisions\/74164"}],"up":[{"embeddable":true,"href":"https:\/\/www.comau.com\/fr\/wp-json\/wp\/v2\/pages\/65268"}],"wp:featuredmedia":[{"embeddable":true,"href":"https:\/\/www.comau.com\/fr\/wp-json\/wp\/v2\/media\/78031"}],"wp:attachment":[{"href":"https:\/\/www.comau.com\/fr\/wp-json\/wp\/v2\/media?parent=6102"}],"curies":[{"name":"wp","href":"https:\/\/api.w.org\/{rel}","templated":true}]}}