{"id":6082,"date":"2021-07-01T01:05:36","date_gmt":"2021-06-30T23:05:36","guid":{"rendered":"https:\/\/www.comau.com\/?page_id=6082"},"modified":"2022-02-07T14:16:41","modified_gmt":"2022-02-07T13:16:41","slug":"integrated-robotics","status":"publish","type":"page","link":"https:\/\/www.comau.com\/fr\/competencies\/robotics-automation\/integrated-robotics\/","title":{"rendered":"Robotique int\u00e9gr\u00e9e"},"content":{"rendered":"\n<h2 class=\"wp-block-heading\" id=\"pret-a-l-emploi\">Pr\u00eat \u00e0 l\u2019emploi<\/h2>\n\n\n\n<p>Nos robots sont pleinement int\u00e9gr\u00e9s avec le logiciel et les contr\u00f4leurs que vous utilisez d\u00e9j\u00e0.<\/p>\n\n\n\n<p>Notre engagement \u00e0 vous aider \u00e0 tirer le meilleur parti de notre vaste gamme de robots haute qualit\u00e9 a pour objectif ultime de vous donner un plein acc\u00e8s aux commandes de processus et \u00e0 des fonctionnalit\u00e9s avanc\u00e9es. Ce niveau d\u2019int\u00e9gration facilit\u00e9e se traduit par une efficacit\u00e9 globale am\u00e9lior\u00e9e. Tout ce dont vous avez besoin pour rendre vos solutions de num\u00e9risation avanc\u00e9es encore plus performantes.<\/p>\n\n\n\n<div class=\"wp-block-image\"><figure class=\"aligncenter size-large\"><img decoding=\"async\" width=\"1024\" height=\"129\" src=\"https:\/\/www.comau.com\/wp-content\/uploads\/2021\/06\/IntegratedRobotics_img_test-1024x129.png\" alt=\"\" class=\"wp-image-957\" srcset=\"https:\/\/www.comau.com\/wp-content\/uploads\/2021\/06\/IntegratedRobotics_img_test-1024x129.png 1024w, https:\/\/www.comau.com\/wp-content\/uploads\/2021\/06\/IntegratedRobotics_img_test-300x38.png 300w, https:\/\/www.comau.com\/wp-content\/uploads\/2021\/06\/IntegratedRobotics_img_test-768x96.png 768w, https:\/\/www.comau.com\/wp-content\/uploads\/2021\/06\/IntegratedRobotics_img_test-1536x193.png 1536w, https:\/\/www.comau.com\/wp-content\/uploads\/2021\/06\/IntegratedRobotics_img_test.png 1839w\" sizes=\"(max-width: 1024px) 100vw, 1024px\" \/><\/figure><\/div>\n\n\n\n<div class=\"wp-block-columns columns-bg-dark is-layout-flex wp-container-core-columns-is-layout-9d6595d7 wp-block-columns-is-layout-flex\">\n<div class=\"wp-block-column is-layout-flow wp-block-column-is-layout-flow\">\n<h3 class=\"wp-block-heading\" id=\"siemens-sinumerik\">SIEMENS Sinumerik<\/h3>\n\n\n\n<p>Nous avons exploit\u00e9 les solutions intelligentes de Siemens pour les machines de traitement afin d&rsquo;int\u00e9grer pleinement nos robots dans le syst\u00e8me Siemens Sinumerik CNC Direct Control. Avec Siemens Run MyRobot \/Direct Control, vous pouvez synchroniser enti\u00e8rement nos bras de robot avec vos cellules d&rsquo;usinage, de mani\u00e8re directe et globale. Vous disposez d\u2019une commande de trajectoire pr\u00e9cise, d\u2019une surveillance \u00e9conomique et du diagnostic \u00e0 distance du processus tout entier, et ce n\u2019est que le d\u00e9but.<\/p>\n\n\n\n<div class=\"wp-block-buttons is-layout-flex wp-block-buttons-is-layout-flex\">\n<div class=\"wp-block-button\"><a class=\"wp-block-button__link\" href=\"\/wp-content\/uploads\/2021\/06\/INTEGRATED-Sinumerick-Double-Page.pdf\" target=\"_blank\" rel=\"noreferrer noopener\">T\u00c9L\u00c9CHARGEZ LA BROCHURE<\/a><\/div>\n<\/div>\n<\/div>\n\n\n\n<div class=\"wp-block-column is-layout-flow wp-block-column-is-layout-flow\">\n<h3 class=\"wp-block-heading\" id=\"b-r-openrobotics\">B&amp;R openRobotics<\/h3>\n\n\n\n<p>Gr\u00e2ce \u00e0 B&amp;R Industrial Automation, la cin\u00e9matique qui anime nos robots est d\u00e9sormais g\u00e9r\u00e9e par la m\u00eame CPU que celle qui contr\u00f4le l&rsquo;\u00e9quipement existant dans une usine automatis\u00e9e utilisant une technologie d\u2019application modulaire MAPP (modular application technology) int\u00e9gr\u00e9e. De cette mani\u00e8re, les robots sans contr\u00f4leur de Comau peuvent facilement \u00eatre int\u00e9gr\u00e9s dans tout syst\u00e8me automatis\u00e9 en exploitant la m\u00eame fonctionnalit\u00e9 logicielle pr\u00eate \u00e0 l\u2019emploi que celle des CPU qui sont d\u00e9j\u00e0 install\u00e9es dans une infrastructure d\u2019automatisation d\u2019usine. De plus, \u00e9tant donn\u00e9 que le robot est contr\u00f4l\u00e9 par le PLC de la machine openRobotics et que la programmation est effectu\u00e9e avec des biblioth\u00e8ques de composants MAPP int\u00e9gr\u00e9es, vous b\u00e9n\u00e9ficiez de temps de programmation plus rapides en plus d\u2019une synchronisation compl\u00e8te et de diagnostics faciles des lignes automatis\u00e9es.<\/p>\n\n\n\n<div class=\"wp-block-buttons is-layout-flex wp-block-buttons-is-layout-flex\">\n<div class=\"wp-block-button\"><a class=\"wp-block-button__link\" href=\"\/wp-content\/uploads\/2021\/06\/INTEGRATED-Open-Robotics-Double-Page.pdf\" target=\"_blank\" rel=\"noreferrer noopener\">T\u00c9L\u00c9CHARGEZ LA BROCHURE<\/a><\/div>\n<\/div>\n<\/div>\n<\/div>\n\n\n\n<div class=\"wp-block-columns columns-bg-dark is-layout-flex wp-container-core-columns-is-layout-9d6595d7 wp-block-columns-is-layout-flex\">\n<div class=\"wp-block-column is-layout-flow wp-block-column-is-layout-flow\">\n<h3 class=\"wp-block-heading\" id=\"keba-kemotion\">KEBA KeMotion<\/h3>\n\n\n\n<p>Nos robots sont d\u00e9sormais int\u00e9gr\u00e9s avec KEBA KeMotion, vous permettant d\u2019acc\u00e9der \u00e0 la pleine puissance de cette solution d\u2019automatisation cl\u00e9 en mains. Nous fournissons le bras robotis\u00e9 et les c\u00e2bles, tout le reste est pr\u00eat \u00e0 l\u2019emploi gr\u00e2ce \u00e0 l\u2019armoire de commande r\u00e9alis\u00e9e \u00e0 partir de composants KeMotion, qui allie mouvement, robotique, technologie d&rsquo;entra\u00eenement, technologie de s\u00e9curit\u00e9 et une HMI conviviale dans un syst\u00e8me compact, modulaire et \u00e9volutif. Pour finir, la solution int\u00e9gr\u00e9e vous permet de r\u00e9aliser des t\u00e2ches d\u2019automatisation sur une seule plate-forme mat\u00e9rielle et logicielle commune pour une commande plus rapide, de meilleures performances et une plus haute efficacit\u00e9.<\/p>\n\n\n\n<div class=\"wp-block-buttons is-layout-flex wp-block-buttons-is-layout-flex\">\n<div class=\"wp-block-button\"><a class=\"wp-block-button__link\" href=\"\/wp-content\/uploads\/2021\/06\/INTEGRATED-Keba-Double-Page.pdf\" target=\"_blank\" rel=\"noreferrer noopener\">T\u00c9L\u00c9CHARGEZ LA BROCHURE<\/a><\/div>\n<\/div>\n<\/div>\n\n\n\n<div class=\"wp-block-column is-layout-flow wp-block-column-is-layout-flow\">\n<h3 class=\"wp-block-heading\" id=\"rockwell-automation\">Rockwell Automation<\/h3>\n\n\n\n<p>Gr\u00e2ce \u00e0 un syst\u00e8me de contr\u00f4le unifi\u00e9, d\u00e9velopp\u00e9 en collaboration avec Rockwell Automation, nos robots peuvent \u00eatre configur\u00e9s avec d\u2019autres installations industrielles au sein d\u2019un unique environnement de programmation. Via le logiciel de conception Studio 5000\u00ae de Rockwell Automation, cette solution facilite les op\u00e9rations n\u00e9cessaires pour coordonner le syst\u00e8me de contr\u00f4le robotique avec celui des machines-outils, ce qui rend le processus plus simple, plus rapide et plus intuitif. Les avantages sont r\u00e9els : gr\u00e2ce \u00e0 ce syst\u00e8me, les entreprises peuvent simplifier la gestion des processus de production, am\u00e9liorer les performances des machines, gagner du temps et r\u00e9duire les co\u00fbts d\u2019usinage.<\/p>\n\n\n\n<div class=\"wp-block-buttons is-layout-flex wp-block-buttons-is-layout-flex\"><\/div>\n<\/div>\n<\/div>\n","protected":false},"excerpt":{"rendered":"<p>Pr\u00eat \u00e0 l\u2019emploi Nos robots sont pleinement int\u00e9gr\u00e9s avec le logiciel et les contr\u00f4leurs que vous utilisez d\u00e9j\u00e0. Notre engagement \u00e0 vous aider \u00e0 tirer le meilleur parti de notre vaste gamme de robots haute qualit\u00e9 a pour objectif ultime de vous donner un plein acc\u00e8s aux commandes de processus et \u00e0 des fonctionnalit\u00e9s avanc\u00e9es. [&hellip;]<\/p>\n","protected":false},"author":11,"featured_media":6090,"parent":5715,"menu_order":5,"comment_status":"closed","ping_status":"closed","template":"","meta":{"_acf_changed":false,"ep_exclude_from_search":false,"footnotes":""},"class_list":["post-6082","page","type-page","status-publish","has-post-thumbnail","hentry"],"acf":[],"yoast_head":"<!-- This site is optimized with the Yoast SEO plugin v26.9 - https:\/\/yoast.com\/product\/yoast-seo-wordpress\/ -->\n<title>Robots industriels: Solutions d&#039;automatisation | Comau<\/title>\n<meta name=\"description\" content=\"D\u00e9couvrez les machines automatiques de Comau haute qualit\u00e9 et int\u00e9grant un logiciel aux fonctionnalit\u00e9s avanc\u00e9es.\" \/>\n<meta name=\"robots\" content=\"index, follow, max-snippet:-1, max-image-preview:large, max-video-preview:-1\" \/>\n<link rel=\"canonical\" href=\"https:\/\/www.comau.com\/fr\/competencies\/robotics-automation\/integrated-robotics\/\" \/>\n<meta property=\"og:locale\" content=\"fr_FR\" \/>\n<meta property=\"og:type\" content=\"article\" \/>\n<meta property=\"og:title\" content=\"Robots industriels: Solutions d&#039;automatisation | Comau\" \/>\n<meta property=\"og:description\" content=\"D\u00e9couvrez les machines automatiques de Comau haute qualit\u00e9 et int\u00e9grant un logiciel aux fonctionnalit\u00e9s avanc\u00e9es.\" \/>\n<meta property=\"og:url\" content=\"https:\/\/www.comau.com\/fr\/competencies\/robotics-automation\/integrated-robotics\/\" \/>\n<meta property=\"og:site_name\" content=\"Comau\" \/>\n<meta property=\"article:publisher\" content=\"https:\/\/www.facebook.com\/COMAU\/\" \/>\n<meta property=\"article:modified_time\" content=\"2022-02-07T13:16:41+00:00\" \/>\n<meta property=\"og:image\" content=\"https:\/\/www.comau.com\/wp-content\/uploads\/2021\/06\/IntegratedRobotics_header.jpg\" \/>\n\t<meta property=\"og:image:width\" content=\"1280\" \/>\n\t<meta property=\"og:image:height\" content=\"485\" \/>\n\t<meta property=\"og:image:type\" content=\"image\/jpeg\" \/>\n<meta name=\"twitter:card\" content=\"summary_large_image\" \/>\n<meta name=\"twitter:site\" content=\"@comaugroup\" \/>\n<meta name=\"twitter:label1\" content=\"Dur\u00e9e de lecture estim\u00e9e\" \/>\n\t<meta name=\"twitter:data1\" content=\"3 minutes\" \/>\n<script type=\"application\/ld+json\" class=\"yoast-schema-graph\">{\"@context\":\"https:\/\/schema.org\",\"@graph\":[{\"@type\":\"WebPage\",\"@id\":\"https:\/\/www.comau.com\/fr\/competencies\/robotics-automation\/integrated-robotics\/\",\"url\":\"https:\/\/www.comau.com\/fr\/competencies\/robotics-automation\/integrated-robotics\/\",\"name\":\"Robots industriels: Solutions d'automatisation | Comau\",\"isPartOf\":{\"@id\":\"https:\/\/www.comau.com\/fr\/#website\"},\"primaryImageOfPage\":{\"@id\":\"https:\/\/www.comau.com\/fr\/competencies\/robotics-automation\/integrated-robotics\/#primaryimage\"},\"image\":{\"@id\":\"https:\/\/www.comau.com\/fr\/competencies\/robotics-automation\/integrated-robotics\/#primaryimage\"},\"thumbnailUrl\":\"https:\/\/www.comau.com\/wp-content\/uploads\/2021\/06\/IntegratedRobotics_header.jpg\",\"datePublished\":\"2021-06-30T23:05:36+00:00\",\"dateModified\":\"2022-02-07T13:16:41+00:00\",\"description\":\"D\u00e9couvrez les machines automatiques de Comau haute qualit\u00e9 et int\u00e9grant un logiciel aux fonctionnalit\u00e9s avanc\u00e9es.\",\"breadcrumb\":{\"@id\":\"https:\/\/www.comau.com\/fr\/competencies\/robotics-automation\/integrated-robotics\/#breadcrumb\"},\"inLanguage\":\"fr-FR\",\"potentialAction\":[{\"@type\":\"ReadAction\",\"target\":[\"https:\/\/www.comau.com\/fr\/competencies\/robotics-automation\/integrated-robotics\/\"]}]},{\"@type\":\"ImageObject\",\"inLanguage\":\"fr-FR\",\"@id\":\"https:\/\/www.comau.com\/fr\/competencies\/robotics-automation\/integrated-robotics\/#primaryimage\",\"url\":\"https:\/\/www.comau.com\/wp-content\/uploads\/2021\/06\/IntegratedRobotics_header.jpg\",\"contentUrl\":\"https:\/\/www.comau.com\/wp-content\/uploads\/2021\/06\/IntegratedRobotics_header.jpg\",\"width\":1280,\"height\":485},{\"@type\":\"BreadcrumbList\",\"@id\":\"https:\/\/www.comau.com\/fr\/competencies\/robotics-automation\/integrated-robotics\/#breadcrumb\",\"itemListElement\":[{\"@type\":\"ListItem\",\"position\":1,\"name\":\"Home\",\"item\":\"https:\/\/www.comau.com\/fr\/\"},{\"@type\":\"ListItem\",\"position\":2,\"name\":\"Nos comp\u00e9tences\",\"item\":\"https:\/\/www.comau.com\/fr\/competencies\/\"},{\"@type\":\"ListItem\",\"position\":3,\"name\":\"Robotics &amp; Automation\",\"item\":\"https:\/\/www.comau.com\/fr\/competencies\/robotics-automation\/\"},{\"@type\":\"ListItem\",\"position\":4,\"name\":\"Robotique int\u00e9gr\u00e9e\"}]},{\"@type\":\"WebSite\",\"@id\":\"https:\/\/www.comau.com\/fr\/#website\",\"url\":\"https:\/\/www.comau.com\/fr\/\",\"name\":\"Comau\",\"description\":\"Industrial automation and robotics\",\"publisher\":{\"@id\":\"https:\/\/www.comau.com\/fr\/#organization\"},\"potentialAction\":[{\"@type\":\"SearchAction\",\"target\":{\"@type\":\"EntryPoint\",\"urlTemplate\":\"https:\/\/www.comau.com\/fr\/?s={search_term_string}\"},\"query-input\":{\"@type\":\"PropertyValueSpecification\",\"valueRequired\":true,\"valueName\":\"search_term_string\"}}],\"inLanguage\":\"fr-FR\"},{\"@type\":\"Organization\",\"@id\":\"https:\/\/www.comau.com\/fr\/#organization\",\"name\":\"Comau\",\"url\":\"https:\/\/www.comau.com\/fr\/\",\"logo\":{\"@type\":\"ImageObject\",\"inLanguage\":\"fr-FR\",\"@id\":\"https:\/\/www.comau.com\/fr\/#\/schema\/logo\/image\/\",\"url\":\"https:\/\/www.comau.com\/wp-content\/uploads\/2024\/07\/cropped-Logo-COMAU.png\",\"contentUrl\":\"https:\/\/www.comau.com\/wp-content\/uploads\/2024\/07\/cropped-Logo-COMAU.png\",\"width\":434,\"height\":434,\"caption\":\"Comau\"},\"image\":{\"@id\":\"https:\/\/www.comau.com\/fr\/#\/schema\/logo\/image\/\"},\"sameAs\":[\"https:\/\/www.facebook.com\/COMAU\/\",\"https:\/\/x.com\/comaugroup\",\"https:\/\/www.instagram.com\/comaugroup\/\",\"https:\/\/www.linkedin.com\/company\/comau\",\"https:\/\/www.youtube.com\/user\/comau\"]}]}<\/script>\n<!-- \/ Yoast SEO plugin. -->","yoast_head_json":{"title":"Robots industriels: Solutions d'automatisation | Comau","description":"D\u00e9couvrez les machines automatiques de Comau haute qualit\u00e9 et int\u00e9grant un logiciel aux fonctionnalit\u00e9s avanc\u00e9es.","robots":{"index":"index","follow":"follow","max-snippet":"max-snippet:-1","max-image-preview":"max-image-preview:large","max-video-preview":"max-video-preview:-1"},"canonical":"https:\/\/www.comau.com\/fr\/competencies\/robotics-automation\/integrated-robotics\/","og_locale":"fr_FR","og_type":"article","og_title":"Robots industriels: Solutions d'automatisation | Comau","og_description":"D\u00e9couvrez les machines automatiques de Comau haute qualit\u00e9 et int\u00e9grant un logiciel aux fonctionnalit\u00e9s avanc\u00e9es.","og_url":"https:\/\/www.comau.com\/fr\/competencies\/robotics-automation\/integrated-robotics\/","og_site_name":"Comau","article_publisher":"https:\/\/www.facebook.com\/COMAU\/","article_modified_time":"2022-02-07T13:16:41+00:00","og_image":[{"width":1280,"height":485,"url":"https:\/\/www.comau.com\/wp-content\/uploads\/2021\/06\/IntegratedRobotics_header.jpg","type":"image\/jpeg"}],"twitter_card":"summary_large_image","twitter_site":"@comaugroup","twitter_misc":{"Dur\u00e9e de lecture estim\u00e9e":"3 minutes"},"schema":{"@context":"https:\/\/schema.org","@graph":[{"@type":"WebPage","@id":"https:\/\/www.comau.com\/fr\/competencies\/robotics-automation\/integrated-robotics\/","url":"https:\/\/www.comau.com\/fr\/competencies\/robotics-automation\/integrated-robotics\/","name":"Robots industriels: Solutions d'automatisation | Comau","isPartOf":{"@id":"https:\/\/www.comau.com\/fr\/#website"},"primaryImageOfPage":{"@id":"https:\/\/www.comau.com\/fr\/competencies\/robotics-automation\/integrated-robotics\/#primaryimage"},"image":{"@id":"https:\/\/www.comau.com\/fr\/competencies\/robotics-automation\/integrated-robotics\/#primaryimage"},"thumbnailUrl":"https:\/\/www.comau.com\/wp-content\/uploads\/2021\/06\/IntegratedRobotics_header.jpg","datePublished":"2021-06-30T23:05:36+00:00","dateModified":"2022-02-07T13:16:41+00:00","description":"D\u00e9couvrez les machines automatiques de Comau haute qualit\u00e9 et int\u00e9grant un logiciel aux fonctionnalit\u00e9s avanc\u00e9es.","breadcrumb":{"@id":"https:\/\/www.comau.com\/fr\/competencies\/robotics-automation\/integrated-robotics\/#breadcrumb"},"inLanguage":"fr-FR","potentialAction":[{"@type":"ReadAction","target":["https:\/\/www.comau.com\/fr\/competencies\/robotics-automation\/integrated-robotics\/"]}]},{"@type":"ImageObject","inLanguage":"fr-FR","@id":"https:\/\/www.comau.com\/fr\/competencies\/robotics-automation\/integrated-robotics\/#primaryimage","url":"https:\/\/www.comau.com\/wp-content\/uploads\/2021\/06\/IntegratedRobotics_header.jpg","contentUrl":"https:\/\/www.comau.com\/wp-content\/uploads\/2021\/06\/IntegratedRobotics_header.jpg","width":1280,"height":485},{"@type":"BreadcrumbList","@id":"https:\/\/www.comau.com\/fr\/competencies\/robotics-automation\/integrated-robotics\/#breadcrumb","itemListElement":[{"@type":"ListItem","position":1,"name":"Home","item":"https:\/\/www.comau.com\/fr\/"},{"@type":"ListItem","position":2,"name":"Nos comp\u00e9tences","item":"https:\/\/www.comau.com\/fr\/competencies\/"},{"@type":"ListItem","position":3,"name":"Robotics &amp; Automation","item":"https:\/\/www.comau.com\/fr\/competencies\/robotics-automation\/"},{"@type":"ListItem","position":4,"name":"Robotique int\u00e9gr\u00e9e"}]},{"@type":"WebSite","@id":"https:\/\/www.comau.com\/fr\/#website","url":"https:\/\/www.comau.com\/fr\/","name":"Comau","description":"Industrial automation and robotics","publisher":{"@id":"https:\/\/www.comau.com\/fr\/#organization"},"potentialAction":[{"@type":"SearchAction","target":{"@type":"EntryPoint","urlTemplate":"https:\/\/www.comau.com\/fr\/?s={search_term_string}"},"query-input":{"@type":"PropertyValueSpecification","valueRequired":true,"valueName":"search_term_string"}}],"inLanguage":"fr-FR"},{"@type":"Organization","@id":"https:\/\/www.comau.com\/fr\/#organization","name":"Comau","url":"https:\/\/www.comau.com\/fr\/","logo":{"@type":"ImageObject","inLanguage":"fr-FR","@id":"https:\/\/www.comau.com\/fr\/#\/schema\/logo\/image\/","url":"https:\/\/www.comau.com\/wp-content\/uploads\/2024\/07\/cropped-Logo-COMAU.png","contentUrl":"https:\/\/www.comau.com\/wp-content\/uploads\/2024\/07\/cropped-Logo-COMAU.png","width":434,"height":434,"caption":"Comau"},"image":{"@id":"https:\/\/www.comau.com\/fr\/#\/schema\/logo\/image\/"},"sameAs":["https:\/\/www.facebook.com\/COMAU\/","https:\/\/x.com\/comaugroup","https:\/\/www.instagram.com\/comaugroup\/","https:\/\/www.linkedin.com\/company\/comau","https:\/\/www.youtube.com\/user\/comau"]}]}},"_links":{"self":[{"href":"https:\/\/www.comau.com\/fr\/wp-json\/wp\/v2\/pages\/6082","targetHints":{"allow":["GET"]}}],"collection":[{"href":"https:\/\/www.comau.com\/fr\/wp-json\/wp\/v2\/pages"}],"about":[{"href":"https:\/\/www.comau.com\/fr\/wp-json\/wp\/v2\/types\/page"}],"author":[{"embeddable":true,"href":"https:\/\/www.comau.com\/fr\/wp-json\/wp\/v2\/users\/11"}],"replies":[{"embeddable":true,"href":"https:\/\/www.comau.com\/fr\/wp-json\/wp\/v2\/comments?post=6082"}],"version-history":[{"count":13,"href":"https:\/\/www.comau.com\/fr\/wp-json\/wp\/v2\/pages\/6082\/revisions"}],"predecessor-version":[{"id":42042,"href":"https:\/\/www.comau.com\/fr\/wp-json\/wp\/v2\/pages\/6082\/revisions\/42042"}],"up":[{"embeddable":true,"href":"https:\/\/www.comau.com\/fr\/wp-json\/wp\/v2\/pages\/5715"}],"wp:featuredmedia":[{"embeddable":true,"href":"https:\/\/www.comau.com\/fr\/wp-json\/wp\/v2\/media\/6090"}],"wp:attachment":[{"href":"https:\/\/www.comau.com\/fr\/wp-json\/wp\/v2\/media?parent=6082"}],"curies":[{"name":"wp","href":"https:\/\/api.w.org\/{rel}","templated":true}]}}