{"id":6046,"date":"2021-07-01T01:04:08","date_gmt":"2021-06-30T23:04:08","guid":{"rendered":"https:\/\/www.comau.com\/?page_id=6046"},"modified":"2023-05-17T00:52:37","modified_gmt":"2023-05-16T22:52:37","slug":"software","status":"publish","type":"page","link":"https:\/\/www.comau.com\/fr\/competencies\/robotics-automation\/software\/","title":{"rendered":"Logiciel"},"content":{"rendered":"\n<h2 class=\"wp-block-heading\" id=\"fonctionnalites-logicielles\">Fonctionnalit\u00e9s logicielles<\/h2>\n\n\n\n<p><strong>Automatic Payload Identification:<\/strong> identification automatique de la charge utile afin d&rsquo;optimiser le mouvement du robot <\/p>\n\n\n\n<p><strong>Collision Detection :<\/strong> arr\u00eat d&rsquo;urgence du robot en cas de collision afin de prot\u00e9ger la m\u00e9canique et l&rsquo;\u00e9quipement <\/p>\n\n\n\n<p><strong>Cooperative and Synchronized Motion :<\/strong> gestion coordonn\u00e9e et simultan\u00e9e de plusieurs robots et axes auxiliaires (mouvement lin\u00e9aire, pistolet servo, positionneurs et autres \u00e9quipements d&rsquo;application) <\/p>\n\n\n\n<p><strong>Conveyor and Sensor Tracking :<\/strong> suivi des pi\u00e8ces en mouvement sur des convoyeurs lin\u00e9aires et circulaires. La pr\u00e9cision dans le suivi du chemin est garantie par diff\u00e9rents types de capteurs externes <\/p>\n\n\n\n<p><strong>Joint Soft Servo Technology :<\/strong> capacit\u00e9 des articulations individuelles du robot \u00e0 r\u00e9pondre \u00e0 des forces externes requises par l&rsquo;application sp\u00e9cifique <\/p>\n\n\n\n<p><strong>Interference Regions :<\/strong> zones de diff\u00e9rentes formes qui peuvent \u00eatre d\u00e9finies pour limiter l&rsquo;espace de travail du robot <\/p>\n\n\n\n<p><strong>Robot Absolute Accuracy :<\/strong> algorithme pour l&rsquo;adaptation de la cin\u00e9matique effective au mod\u00e8le th\u00e9orique programm\u00e9 hors-ligne <\/p>\n\n\n\n<p><strong>Robosim Pro:<\/strong> programmation 3D hors-ligne<\/p>\n\n\n\n<div class=\"wp-block-getwid-images-slider has-arrows-inside has-dots-outside has-images-center has-cropped-images\"><div class=\"wp-block-getwid-images-slider__wrapper\" data-effect=\"slide\" data-slides-show=\"1\" data-slides-show-laptop=\"1\" data-slides-show-tablet=\"1\" data-slides-show-mobile=\"1\" data-slides-scroll=\"1\" data-autoplay=\"true\" data-autoplay-speed=\"6000\" data-infinite=\"true\" data-animation-speed=\"800\" data-center-mode=\"false\" data-variable-width=\"false\" data-arrows=\"inside\" data-dots=\"outside\" data-spacing=\"none\"><div class=\"wp-block-getwid-images-slider__item\"><figure><img decoding=\"async\" width=\"1180\" height=\"400\" src=\"https:\/\/www.comau.com\/wp-content\/uploads\/2021\/06\/immagine1.jpg\" data-id=\"949\" data-link=\"https:\/\/www.comau.com\/competencies\/robotics-automation\/software\/immagine1\/\" data-original-link=\"https:\/\/www.comau.com\/wp-content\/uploads\/2021\/06\/immagine1.jpg\" class=\"wp-block-getwid-images-slider__image wp-image-6059\" srcset=\"https:\/\/www.comau.com\/wp-content\/uploads\/2021\/06\/immagine1.jpg 1180w, https:\/\/www.comau.com\/wp-content\/uploads\/2021\/06\/immagine1-300x102.jpg 300w, https:\/\/www.comau.com\/wp-content\/uploads\/2021\/06\/immagine1-1024x347.jpg 1024w, https:\/\/www.comau.com\/wp-content\/uploads\/2021\/06\/immagine1-768x260.jpg 768w\" sizes=\"(max-width: 1180px) 100vw, 1180px\" \/><\/figure><\/div><div class=\"wp-block-getwid-images-slider__item\"><figure><img decoding=\"async\" width=\"1180\" height=\"400\" src=\"https:\/\/www.comau.com\/wp-content\/uploads\/2021\/06\/immagine2.jpg\" data-id=\"950\" data-link=\"https:\/\/www.comau.com\/competencies\/robotics-automation\/software\/immagine2\/\" data-original-link=\"https:\/\/www.comau.com\/wp-content\/uploads\/2021\/06\/immagine2.jpg\" class=\"wp-block-getwid-images-slider__image wp-image-6060\" srcset=\"https:\/\/www.comau.com\/wp-content\/uploads\/2021\/06\/immagine2.jpg 1180w, https:\/\/www.comau.com\/wp-content\/uploads\/2021\/06\/immagine2-300x102.jpg 300w, https:\/\/www.comau.com\/wp-content\/uploads\/2021\/06\/immagine2-1024x347.jpg 1024w, https:\/\/www.comau.com\/wp-content\/uploads\/2021\/06\/immagine2-768x260.jpg 768w\" sizes=\"(max-width: 1180px) 100vw, 1180px\" \/><\/figure><\/div><div class=\"wp-block-getwid-images-slider__item\"><figure><img decoding=\"async\" width=\"1180\" height=\"400\" src=\"https:\/\/www.comau.com\/wp-content\/uploads\/2021\/06\/immagine3.jpg\" data-id=\"951\" data-link=\"https:\/\/www.comau.com\/competencies\/robotics-automation\/software\/immagine3\/\" data-original-link=\"https:\/\/www.comau.com\/wp-content\/uploads\/2021\/06\/immagine3.jpg\" class=\"wp-block-getwid-images-slider__image wp-image-6061\" srcset=\"https:\/\/www.comau.com\/wp-content\/uploads\/2021\/06\/immagine3.jpg 1180w, https:\/\/www.comau.com\/wp-content\/uploads\/2021\/06\/immagine3-300x102.jpg 300w, https:\/\/www.comau.com\/wp-content\/uploads\/2021\/06\/immagine3-1024x347.jpg 1024w, https:\/\/www.comau.com\/wp-content\/uploads\/2021\/06\/immagine3-768x260.jpg 768w\" sizes=\"(max-width: 1180px) 100vw, 1180px\" \/><\/figure><\/div><div class=\"wp-block-getwid-images-slider__item\"><figure><img decoding=\"async\" width=\"1180\" height=\"400\" src=\"https:\/\/www.comau.com\/wp-content\/uploads\/2021\/06\/immagine4.jpg\" data-id=\"952\" data-link=\"https:\/\/www.comau.com\/competencies\/robotics-automation\/software\/immagine4\/\" data-original-link=\"https:\/\/www.comau.com\/wp-content\/uploads\/2021\/06\/immagine4.jpg\" class=\"wp-block-getwid-images-slider__image wp-image-6062\" srcset=\"https:\/\/www.comau.com\/wp-content\/uploads\/2021\/06\/immagine4.jpg 1180w, https:\/\/www.comau.com\/wp-content\/uploads\/2021\/06\/immagine4-300x102.jpg 300w, https:\/\/www.comau.com\/wp-content\/uploads\/2021\/06\/immagine4-1024x347.jpg 1024w, https:\/\/www.comau.com\/wp-content\/uploads\/2021\/06\/immagine4-768x260.jpg 768w\" sizes=\"(max-width: 1180px) 100vw, 1180px\" \/><\/figure><\/div><\/div><\/div>\n\n\n\n<h2 class=\"wp-block-heading\" id=\"logiciels-d-application\">Logiciels d&rsquo;application<\/h2>\n\n\n\n<p>Une large gamme de packs de logiciels d&rsquo;application, capables de g\u00e9rer la plupart des processus technologiques commun\u00e9ment utilis\u00e9s. Chaque pack inclut une interface utilisateur graphique sur le bo\u00eetier de commande du robot pour permettre \u00e0 l&rsquo;utilisateur d&rsquo;entrer les param\u00e8tres de processus, de personnaliser le processus\/comportement et de contr\u00f4ler l&rsquo;\u00e9tat des processus et dispositifs.<\/p>\n\n\n\n<p><strong>SmartRivet : <\/strong>la biblioth\u00e8que SmartRivet est un logiciel qui g\u00e8re les syst\u00e8mes de rivetage. La biblioth\u00e8que SmartRivet fournit une s\u00e9rie d&rsquo;instructions technologiques pour g\u00e9rer enti\u00e8rement le processus, dans un syst\u00e8me pr\u00eat \u00e0 l&#8217;emploi au sein du programme utilisateur. Aucune int\u00e9gration d&rsquo;instructions de processus n&rsquo;est requise, ni aucune \u00e9criture de code de programmation.<\/p>\n\n\n\n<p><strong>SmartIP Interpress :<\/strong> le logiciel SmartIP g\u00e8re l&rsquo;ensemble du processus interpresse. En particulier, l&rsquo;application SmartIP permet de g\u00e9rer les cycles suivants avec une interface intelligente et conviviale : <\/p>\n\n\n\n<ul class=\"wp-block-list\">\n<li>Cycles de transfert interpresse <\/li>\n\n\n\n<li>Cycles de chargement de ligne \u00e0 partir de la table de centrage <\/li>\n\n\n\n<li>Cycles de d\u00e9chargement de ligne depuis la table ou le tapis<\/li>\n\n\n\n<li>Cycles de transfert avec renversement de pi\u00e8ce <\/li>\n\n\n\n<li>Cycles avec transfert d&rsquo;une pi\u00e8ce sur une table interm\u00e9diaire <\/li>\n\n\n\n<li>Cycles de double pr\u00e9hension et double d\u00e9p\u00f4t<\/li>\n<\/ul>\n\n\n\n<p><strong>SmartTool Change :<\/strong> logiciel pour la gestion de syst\u00e8mes de changement d&rsquo;outil. Au moyen d&rsquo;une application sur PC fournie par COMAU, l&rsquo;utilisateur s\u00e9lectionne les dispositifs \u00e0 g\u00e9rer et g\u00e9n\u00e8re un logiciel d&rsquo;application sp\u00e9cifique pour sa propre configuration. Cette application fournit une s\u00e9rie d&rsquo;instructions technologiques pour la gestion compl\u00e8te du processus, d\u00e9j\u00e0 pr\u00eates \u00e0 l&#8217;emploi dans le programme utilisateur. Il n&rsquo;est pas n\u00e9cessaire d&rsquo;int\u00e9grer des instructions de processus en \u00e9crivant un code de programmation.<\/p>\n\n\n\n<p><strong>SmartStud :<\/strong> outil logiciel permettant de g\u00e9rer des syst\u00e8mes de soudage de goujons. Cette application g\u00e8re diff\u00e9rents syst\u00e8mes de soudage de goujons et les types les plus courants de bus de champ. L&rsquo;application SmartStud fournit une s\u00e9rie d&rsquo;instructions technologiques pour g\u00e9rer enti\u00e8rement le processus, dans un syst\u00e8me pr\u00eat \u00e0 l&#8217;emploi au sein du programme utilisateur. Pas besoin d&rsquo;int\u00e9grer les instructions de processus en \u00e9crivant un code de programmation suppl\u00e9mentaire<\/p>\n\n\n\n<p><strong>SmartArc :<\/strong> SmartArc int\u00e8gre un logiciel d&rsquo;application d\u00e9di\u00e9 dans lequel l&rsquo;op\u00e9rateur est capable de d\u00e9finir tous les param\u00e8tres de soudage et de g\u00e9rer le syst\u00e8me complet depuis le bo\u00eetier de commande, au moyen d&rsquo;une interface utilisateur d\u00e9di\u00e9e.<\/p>\n\n\n\n<p><strong>SmartGlue : <\/strong>le pack d&rsquo;application SmartGlue fournit un support complet de livraison de mat\u00e9riaux, de processus de collage et de soudage.<\/p>\n\n\n\n<p><strong>SmartHand :<\/strong> le pack d&rsquo;application SmartHand fournit une gestion compl\u00e8te de l&rsquo;extr\u00e9mit\u00e9 de l&rsquo;outil bras (pr\u00e9henseur) pour les applications de manutention de mat\u00e9riaux.<\/p>\n\n\n\n<p><strong>SmartSpot : <\/strong> ce pack d&rsquo;application fournit un support complet et la gestion du processus technologique de soudage par r\u00e9sistance<\/p>\n\n\n\n<p><strong>Palletizing Motion : <\/strong>cette caract\u00e9ristique en option permet d&rsquo;utiliser en tant que palettiseur tout robot anthropomorphique ou parall\u00e9logramme, avec 6 axes, articulation sph\u00e9rique. Le robot se d\u00e9place toujours en gardant la bride parall\u00e8le au sol en dessous, l&rsquo;axe 4 n&rsquo;est pas utilis\u00e9.<\/p>\n\n\n\n<p><strong>Axes Pursuit :<\/strong> la fonctionnalit\u00e9 de poursuite d&rsquo;axe permet de d\u00e9placer, en mode automatique comme en mode programmation, un ou plusieurs axes appartenant \u00e0 un bras (appel\u00e9 le MA\u00ceTRE), en permettant \u00e0 un ou plusieurs axes d&rsquo;un bras diff\u00e9rent (appel\u00e9 ESCLAVE) de poursuivre les axes du bras MA\u00ceTRE. La fonctionnalit\u00e9 en option Axes Pursuit permet de d\u00e9finir qu&rsquo;un ou plusieurs axes d&rsquo;un bras ESCLAVE peuvent poursuivre un ou plusieurs axes d&rsquo;un bras MA\u00ceTRE. Les axes poursuiveurs (y compris la charge utile) doivent avoir les m\u00eames caract\u00e9ristiques dynamiques que les axes poursuivis, afin de garantir une poursuite correcte pendant les phases d&rsquo;acc\u00e9l\u00e9ration\/d\u00e9c\u00e9l\u00e9ration et pour la vitesse maximale des axes poursuiveurs.<\/p>\n\n\n\n<p><strong>Interference Regions :<\/strong> dans ces zones, le TCP (Tool Center Point &#8211; centre de l&rsquo;outil) ne sera jamais autoris\u00e9 \u00e0 entrer (interdit) ou sortir (autoris\u00e9). L&rsquo;algorithme s&rsquo;occupe de faire ralentir le robot suffisamment \u00e0 l&rsquo;avance, de sorte que la v\u00e9locit\u00e9 diminue \u00e0 z\u00e9ro en limite de zone. Le robot est constamment surveill\u00e9 dans tous les \u00e9tats du syst\u00e8me (dans l&rsquo;\u00e9tat AUTO comme dans l&rsquo;\u00e9tat PROGRAMME) et la v\u00e9locit\u00e9 du TCP est modifi\u00e9e en fonction de la distance par rapport \u00e0 la zone interdite ; cette fonctionnalit\u00e9 implique que lorsque le TCP est proche de la zone d&rsquo;interf\u00e9rence, la v\u00e9locit\u00e9 du robot est r\u00e9duite, proportionnellement \u00e0 sa distance par rapport \u00e0 la zone.<\/p>\n\n\n\n<p><strong>Wrist Singularity Management :<\/strong> pour aider \u00e0 la programmation en cas de mouvement possible via la singularit\u00e9 de l&rsquo;articulation, une fonctionnalit\u00e9 en option est disponible, appel\u00e9e &lsquo;Wrist Singularity Management&rsquo; : lorsqu&rsquo;une telle option est utilis\u00e9e, le planificateur de trajectoire s&rsquo;occupe d&rsquo;\u00e9valuer si oui ou non, il est n\u00e9cessaire de modifier le rep\u00e8re d&rsquo;altitude &lsquo;W&rsquo; de la position de destination et de faire passer la modalit\u00e9 d&rsquo;\u00e9volution \u00e0 WRIST_JNT en pr\u00e9sence d&rsquo;une correspondance avec le chemin le plus bas de 4 et\/ou 6 articulations de robot. Une telle option est disponible uniquement pour les robots \u00e0 articulation sph\u00e9rique de la gamme SMART (non applicable pour les robots de la gamme NJ4).<\/p>\n\n\n\n<p><strong>Weaving Motion :<\/strong> le tissage est un mouvement oscillant superpos\u00e9 \u00e0 une trajectoire cart\u00e9sienne. Il est utile pour les applications de soudage \u00e0 l&rsquo;arc et certaines applications de collage et de scellement. Le tissage est une m\u00e9thode utilis\u00e9e pour r\u00e9partir le mat\u00e9riau dans des intervalles ayant des sections transversales larges par rapport au cordon de mati\u00e8re. Le tissage peut \u00eatre superpos\u00e9 \u00e0 tout mouvement cart\u00e9sien (lin\u00e9aire ou circulaire) ou \u00e0 des mouvements multiples connect\u00e9s en vol. La forme du motif de tissage est d\u00e9finie par une s\u00e9rie de param\u00e8tres (tissage param\u00e9trique). Deux modes de tissage sont disponibles, le tissage cart\u00e9sien et le tissage d&rsquo;articulation.<\/p>\n","protected":false},"excerpt":{"rendered":"<p>Fonctionnalit\u00e9s logicielles Automatic Payload Identification: identification automatique de la charge utile afin d&rsquo;optimiser le mouvement du robot Collision Detection : arr\u00eat d&rsquo;urgence du robot en cas de collision afin de prot\u00e9ger la m\u00e9canique et l&rsquo;\u00e9quipement Cooperative and Synchronized Motion : gestion coordonn\u00e9e et simultan\u00e9e de plusieurs robots et axes auxiliaires (mouvement lin\u00e9aire, pistolet servo, positionneurs [&hellip;]<\/p>\n","protected":false},"author":11,"featured_media":6058,"parent":5715,"menu_order":4,"comment_status":"closed","ping_status":"closed","template":"","meta":{"_acf_changed":false,"ep_exclude_from_search":false,"footnotes":""},"class_list":["post-6046","page","type-page","status-publish","has-post-thumbnail","hentry"],"acf":[],"yoast_head":"<!-- This site is optimized with the Yoast SEO plugin v26.9 - https:\/\/yoast.com\/product\/yoast-seo-wordpress\/ -->\n<title>Software Robotics\u00a0: Syst\u00e8mes de gestion de la production | Comau<\/title>\n<meta name=\"description\" content=\"D\u00e9couvrez les logiciels Comau pour la robotique\u00a0: la technologie qui permet de contr\u00f4ler votre ligne de production automatis\u00e9e.\" \/>\n<meta name=\"robots\" content=\"index, follow, max-snippet:-1, max-image-preview:large, max-video-preview:-1\" \/>\n<link rel=\"canonical\" href=\"https:\/\/www.comau.com\/fr\/competencies\/robotics-automation\/software\/\" \/>\n<meta property=\"og:locale\" content=\"fr_FR\" \/>\n<meta property=\"og:type\" content=\"article\" \/>\n<meta property=\"og:title\" content=\"Software Robotics\u00a0: Syst\u00e8mes de gestion de la production | Comau\" \/>\n<meta property=\"og:description\" content=\"D\u00e9couvrez les logiciels Comau pour la robotique\u00a0: la technologie qui permet de contr\u00f4ler votre ligne de production automatis\u00e9e.\" \/>\n<meta property=\"og:url\" content=\"https:\/\/www.comau.com\/fr\/competencies\/robotics-automation\/software\/\" \/>\n<meta property=\"og:site_name\" content=\"Comau\" \/>\n<meta property=\"article:publisher\" content=\"https:\/\/www.facebook.com\/COMAU\/\" \/>\n<meta property=\"article:modified_time\" content=\"2023-05-16T22:52:37+00:00\" \/>\n<meta property=\"og:image\" content=\"https:\/\/www.comau.com\/wp-content\/uploads\/2021\/06\/software_header.jpg\" \/>\n\t<meta property=\"og:image:width\" content=\"1280\" \/>\n\t<meta property=\"og:image:height\" content=\"485\" \/>\n\t<meta property=\"og:image:type\" content=\"image\/jpeg\" \/>\n<meta name=\"twitter:card\" content=\"summary_large_image\" \/>\n<meta name=\"twitter:site\" content=\"@comaugroup\" \/>\n<meta name=\"twitter:label1\" content=\"Dur\u00e9e de lecture estim\u00e9e\" \/>\n\t<meta name=\"twitter:data1\" content=\"6 minutes\" \/>\n<script type=\"application\/ld+json\" class=\"yoast-schema-graph\">{\"@context\":\"https:\/\/schema.org\",\"@graph\":[{\"@type\":\"WebPage\",\"@id\":\"https:\/\/www.comau.com\/fr\/competencies\/robotics-automation\/software\/\",\"url\":\"https:\/\/www.comau.com\/fr\/competencies\/robotics-automation\/software\/\",\"name\":\"Software Robotics\u00a0: Syst\u00e8mes de gestion de la production | Comau\",\"isPartOf\":{\"@id\":\"https:\/\/www.comau.com\/fr\/#website\"},\"primaryImageOfPage\":{\"@id\":\"https:\/\/www.comau.com\/fr\/competencies\/robotics-automation\/software\/#primaryimage\"},\"image\":{\"@id\":\"https:\/\/www.comau.com\/fr\/competencies\/robotics-automation\/software\/#primaryimage\"},\"thumbnailUrl\":\"https:\/\/www.comau.com\/wp-content\/uploads\/2021\/06\/software_header.jpg\",\"datePublished\":\"2021-06-30T23:04:08+00:00\",\"dateModified\":\"2023-05-16T22:52:37+00:00\",\"description\":\"D\u00e9couvrez les logiciels Comau pour la robotique\u00a0: la technologie qui permet de contr\u00f4ler votre ligne de production automatis\u00e9e.\",\"breadcrumb\":{\"@id\":\"https:\/\/www.comau.com\/fr\/competencies\/robotics-automation\/software\/#breadcrumb\"},\"inLanguage\":\"fr-FR\",\"potentialAction\":[{\"@type\":\"ReadAction\",\"target\":[\"https:\/\/www.comau.com\/fr\/competencies\/robotics-automation\/software\/\"]}]},{\"@type\":\"ImageObject\",\"inLanguage\":\"fr-FR\",\"@id\":\"https:\/\/www.comau.com\/fr\/competencies\/robotics-automation\/software\/#primaryimage\",\"url\":\"https:\/\/www.comau.com\/wp-content\/uploads\/2021\/06\/software_header.jpg\",\"contentUrl\":\"https:\/\/www.comau.com\/wp-content\/uploads\/2021\/06\/software_header.jpg\",\"width\":1280,\"height\":485,\"caption\":\"robotic control teach pendant with software image\"},{\"@type\":\"BreadcrumbList\",\"@id\":\"https:\/\/www.comau.com\/fr\/competencies\/robotics-automation\/software\/#breadcrumb\",\"itemListElement\":[{\"@type\":\"ListItem\",\"position\":1,\"name\":\"Home\",\"item\":\"https:\/\/www.comau.com\/fr\/\"},{\"@type\":\"ListItem\",\"position\":2,\"name\":\"Nos comp\u00e9tences\",\"item\":\"https:\/\/www.comau.com\/fr\/competencies\/\"},{\"@type\":\"ListItem\",\"position\":3,\"name\":\"Robotics &amp; Automation\",\"item\":\"https:\/\/www.comau.com\/fr\/competencies\/robotics-automation\/\"},{\"@type\":\"ListItem\",\"position\":4,\"name\":\"Logiciel\"}]},{\"@type\":\"WebSite\",\"@id\":\"https:\/\/www.comau.com\/fr\/#website\",\"url\":\"https:\/\/www.comau.com\/fr\/\",\"name\":\"Comau\",\"description\":\"Industrial automation and robotics\",\"publisher\":{\"@id\":\"https:\/\/www.comau.com\/fr\/#organization\"},\"potentialAction\":[{\"@type\":\"SearchAction\",\"target\":{\"@type\":\"EntryPoint\",\"urlTemplate\":\"https:\/\/www.comau.com\/fr\/?s={search_term_string}\"},\"query-input\":{\"@type\":\"PropertyValueSpecification\",\"valueRequired\":true,\"valueName\":\"search_term_string\"}}],\"inLanguage\":\"fr-FR\"},{\"@type\":\"Organization\",\"@id\":\"https:\/\/www.comau.com\/fr\/#organization\",\"name\":\"Comau\",\"url\":\"https:\/\/www.comau.com\/fr\/\",\"logo\":{\"@type\":\"ImageObject\",\"inLanguage\":\"fr-FR\",\"@id\":\"https:\/\/www.comau.com\/fr\/#\/schema\/logo\/image\/\",\"url\":\"https:\/\/www.comau.com\/wp-content\/uploads\/2024\/07\/cropped-Logo-COMAU.png\",\"contentUrl\":\"https:\/\/www.comau.com\/wp-content\/uploads\/2024\/07\/cropped-Logo-COMAU.png\",\"width\":434,\"height\":434,\"caption\":\"Comau\"},\"image\":{\"@id\":\"https:\/\/www.comau.com\/fr\/#\/schema\/logo\/image\/\"},\"sameAs\":[\"https:\/\/www.facebook.com\/COMAU\/\",\"https:\/\/x.com\/comaugroup\",\"https:\/\/www.instagram.com\/comaugroup\/\",\"https:\/\/www.linkedin.com\/company\/comau\",\"https:\/\/www.youtube.com\/user\/comau\"]}]}<\/script>\n<!-- \/ Yoast SEO plugin. -->","yoast_head_json":{"title":"Software Robotics\u00a0: Syst\u00e8mes de gestion de la production | Comau","description":"D\u00e9couvrez les logiciels Comau pour la robotique\u00a0: la technologie qui permet de contr\u00f4ler votre ligne de production automatis\u00e9e.","robots":{"index":"index","follow":"follow","max-snippet":"max-snippet:-1","max-image-preview":"max-image-preview:large","max-video-preview":"max-video-preview:-1"},"canonical":"https:\/\/www.comau.com\/fr\/competencies\/robotics-automation\/software\/","og_locale":"fr_FR","og_type":"article","og_title":"Software Robotics\u00a0: Syst\u00e8mes de gestion de la production | Comau","og_description":"D\u00e9couvrez les logiciels Comau pour la robotique\u00a0: la technologie qui permet de contr\u00f4ler votre ligne de production automatis\u00e9e.","og_url":"https:\/\/www.comau.com\/fr\/competencies\/robotics-automation\/software\/","og_site_name":"Comau","article_publisher":"https:\/\/www.facebook.com\/COMAU\/","article_modified_time":"2023-05-16T22:52:37+00:00","og_image":[{"width":1280,"height":485,"url":"https:\/\/www.comau.com\/wp-content\/uploads\/2021\/06\/software_header.jpg","type":"image\/jpeg"}],"twitter_card":"summary_large_image","twitter_site":"@comaugroup","twitter_misc":{"Dur\u00e9e de lecture estim\u00e9e":"6 minutes"},"schema":{"@context":"https:\/\/schema.org","@graph":[{"@type":"WebPage","@id":"https:\/\/www.comau.com\/fr\/competencies\/robotics-automation\/software\/","url":"https:\/\/www.comau.com\/fr\/competencies\/robotics-automation\/software\/","name":"Software Robotics\u00a0: Syst\u00e8mes de gestion de la production | Comau","isPartOf":{"@id":"https:\/\/www.comau.com\/fr\/#website"},"primaryImageOfPage":{"@id":"https:\/\/www.comau.com\/fr\/competencies\/robotics-automation\/software\/#primaryimage"},"image":{"@id":"https:\/\/www.comau.com\/fr\/competencies\/robotics-automation\/software\/#primaryimage"},"thumbnailUrl":"https:\/\/www.comau.com\/wp-content\/uploads\/2021\/06\/software_header.jpg","datePublished":"2021-06-30T23:04:08+00:00","dateModified":"2023-05-16T22:52:37+00:00","description":"D\u00e9couvrez les logiciels Comau pour la robotique\u00a0: la technologie qui permet de contr\u00f4ler votre ligne de production automatis\u00e9e.","breadcrumb":{"@id":"https:\/\/www.comau.com\/fr\/competencies\/robotics-automation\/software\/#breadcrumb"},"inLanguage":"fr-FR","potentialAction":[{"@type":"ReadAction","target":["https:\/\/www.comau.com\/fr\/competencies\/robotics-automation\/software\/"]}]},{"@type":"ImageObject","inLanguage":"fr-FR","@id":"https:\/\/www.comau.com\/fr\/competencies\/robotics-automation\/software\/#primaryimage","url":"https:\/\/www.comau.com\/wp-content\/uploads\/2021\/06\/software_header.jpg","contentUrl":"https:\/\/www.comau.com\/wp-content\/uploads\/2021\/06\/software_header.jpg","width":1280,"height":485,"caption":"robotic control teach pendant with software image"},{"@type":"BreadcrumbList","@id":"https:\/\/www.comau.com\/fr\/competencies\/robotics-automation\/software\/#breadcrumb","itemListElement":[{"@type":"ListItem","position":1,"name":"Home","item":"https:\/\/www.comau.com\/fr\/"},{"@type":"ListItem","position":2,"name":"Nos comp\u00e9tences","item":"https:\/\/www.comau.com\/fr\/competencies\/"},{"@type":"ListItem","position":3,"name":"Robotics &amp; Automation","item":"https:\/\/www.comau.com\/fr\/competencies\/robotics-automation\/"},{"@type":"ListItem","position":4,"name":"Logiciel"}]},{"@type":"WebSite","@id":"https:\/\/www.comau.com\/fr\/#website","url":"https:\/\/www.comau.com\/fr\/","name":"Comau","description":"Industrial automation and robotics","publisher":{"@id":"https:\/\/www.comau.com\/fr\/#organization"},"potentialAction":[{"@type":"SearchAction","target":{"@type":"EntryPoint","urlTemplate":"https:\/\/www.comau.com\/fr\/?s={search_term_string}"},"query-input":{"@type":"PropertyValueSpecification","valueRequired":true,"valueName":"search_term_string"}}],"inLanguage":"fr-FR"},{"@type":"Organization","@id":"https:\/\/www.comau.com\/fr\/#organization","name":"Comau","url":"https:\/\/www.comau.com\/fr\/","logo":{"@type":"ImageObject","inLanguage":"fr-FR","@id":"https:\/\/www.comau.com\/fr\/#\/schema\/logo\/image\/","url":"https:\/\/www.comau.com\/wp-content\/uploads\/2024\/07\/cropped-Logo-COMAU.png","contentUrl":"https:\/\/www.comau.com\/wp-content\/uploads\/2024\/07\/cropped-Logo-COMAU.png","width":434,"height":434,"caption":"Comau"},"image":{"@id":"https:\/\/www.comau.com\/fr\/#\/schema\/logo\/image\/"},"sameAs":["https:\/\/www.facebook.com\/COMAU\/","https:\/\/x.com\/comaugroup","https:\/\/www.instagram.com\/comaugroup\/","https:\/\/www.linkedin.com\/company\/comau","https:\/\/www.youtube.com\/user\/comau"]}]}},"_links":{"self":[{"href":"https:\/\/www.comau.com\/fr\/wp-json\/wp\/v2\/pages\/6046","targetHints":{"allow":["GET"]}}],"collection":[{"href":"https:\/\/www.comau.com\/fr\/wp-json\/wp\/v2\/pages"}],"about":[{"href":"https:\/\/www.comau.com\/fr\/wp-json\/wp\/v2\/types\/page"}],"author":[{"embeddable":true,"href":"https:\/\/www.comau.com\/fr\/wp-json\/wp\/v2\/users\/11"}],"replies":[{"embeddable":true,"href":"https:\/\/www.comau.com\/fr\/wp-json\/wp\/v2\/comments?post=6046"}],"version-history":[{"count":43,"href":"https:\/\/www.comau.com\/fr\/wp-json\/wp\/v2\/pages\/6046\/revisions"}],"predecessor-version":[{"id":53269,"href":"https:\/\/www.comau.com\/fr\/wp-json\/wp\/v2\/pages\/6046\/revisions\/53269"}],"up":[{"embeddable":true,"href":"https:\/\/www.comau.com\/fr\/wp-json\/wp\/v2\/pages\/5715"}],"wp:featuredmedia":[{"embeddable":true,"href":"https:\/\/www.comau.com\/fr\/wp-json\/wp\/v2\/media\/6058"}],"wp:attachment":[{"href":"https:\/\/www.comau.com\/fr\/wp-json\/wp\/v2\/media?parent=6046"}],"curies":[{"name":"wp","href":"https:\/\/api.w.org\/{rel}","templated":true}]}}