{"id":59927,"date":"2024-02-05T14:56:46","date_gmt":"2024-02-05T13:56:46","guid":{"rendered":"https:\/\/www.comau.com\/?page_id=59927"},"modified":"2024-12-04T11:37:45","modified_gmt":"2024-12-04T10:37:45","slug":"wearable-robotics-exoskeletons","status":"publish","type":"page","link":"https:\/\/www.comau.com\/fr\/competencies\/products-solutions\/wearable-robotics-exoskeletons\/","title":{"rendered":"Robotique portable | Exosquelettes"},"content":{"rendered":"\n<div class=\"wp-block-group wide-section-dark\"><div class=\"wp-block-group__inner-container is-layout-constrained wp-block-group-is-layout-constrained\">\n<h2 class=\"wp-block-heading\" style=\"text-transform:none\">Combinaisons exosquelettes robotis\u00e9es \u00e0 l&rsquo;ergonomie am\u00e9lior\u00e9e<\/h2>\n\n\n\n<p>La nouvelle <strong>famille de robotique portable<\/strong> de Comau (MATE ) vise \u00e0 am\u00e9liorer le potentiel humain en r\u00e9duisant les contraintes physiques excessives pendant le travail et en simplifiant les activit\u00e9s quotidiennes, en fournissant une solution adapt\u00e9e et efficace.<\/p>\n\n\n\n<p>Les <strong>exosquelettes MATE<\/strong> g\u00e9n\u00e8rent une r\u00e9duction constante de l&rsquo;activation des muscles lombaires ou des \u00e9paules lors d&rsquo;efforts avec le haut du corps et de manipulation manuelle de poids depuis le sol, <strong>am\u00e9liorant ainsi l&rsquo;ergonomie, la posture et r\u00e9duisant la tension musculaire<\/strong>.<\/p>\n\n\n\n<h2 class=\"wp-block-heading h3 text-reset\" id=\"the-right-solution-for-your-market\">D\u00e9couvrez les solutions robotiques portables de Comau<\/h2>\n\n\n\n<div class=\"wp-block-columns is-layout-flex wp-container-core-columns-is-layout-9d6595d7 wp-block-columns-is-layout-flex\">\n<div class=\"wp-block-column is-layout-flow wp-block-column-is-layout-flow\">\n<h2 class=\"wp-block-heading has-text-align-center\">MATE-XT<\/h2>\n\n\n\n<figure class=\"wp-block-image size-medium is-resized\"><img decoding=\"async\" width=\"300\" height=\"300\" src=\"https:\/\/www.comau.com\/wp-content\/uploads\/2024\/06\/mate-xt-300x300.png\" alt=\"\" class=\"wp-image-64403\" style=\"width:auto;height:300px\" srcset=\"https:\/\/www.comau.com\/wp-content\/uploads\/2024\/06\/mate-xt-300x300.png 300w, https:\/\/www.comau.com\/wp-content\/uploads\/2024\/06\/mate-xt-150x150.png 150w, https:\/\/www.comau.com\/wp-content\/uploads\/2024\/06\/mate-xt.png 352w\" sizes=\"(max-width: 300px) 100vw, 300px\" \/><\/figure>\n\n\n\n<p class=\"has-text-align-center\">MATE-XT est un exosquelette \u00e0 propulsion m\u00e9canique (sans batterie, ni moteurs), destin\u00e9 \u00e0 <strong>soulager l&rsquo;effort musculaire<\/strong> au niveau de l&rsquo;\u00e9paule des travailleurs op\u00e9rant avec un ou plusieurs bras sur\u00e9lev\u00e9s en fournissant une assistance physique dans les t\u00e2ches r\u00e9p\u00e9titives et statiques.<\/p>\n\n\n\n<div class=\"wp-block-buttons is-content-justification-center is-layout-flex wp-container-core-buttons-is-layout-16018d1d wp-block-buttons-is-layout-flex\">\n<div class=\"wp-block-button\"><a class=\"wp-block-button__link wp-element-button\" href=\"https:\/\/www.comau.com\/en\/competencies\/robotics-automation\/wearable-robotics-mate-xt-exoskeleton\/\">D\u00c9COUVREZ MATE-XT<\/a><\/div>\n<\/div>\n<\/div>\n\n\n\n<div class=\"wp-block-column is-layout-flow wp-block-column-is-layout-flow\">\n<h2 class=\"wp-block-heading has-text-align-center\">MATE-XT 4.0<\/h2>\n\n\n\n<figure class=\"wp-block-image size-medium is-resized\"><img decoding=\"async\" width=\"269\" height=\"300\" src=\"https:\/\/www.comau.com\/wp-content\/uploads\/2024\/06\/mate-xt4-269x300.png\" alt=\"\" class=\"wp-image-64409\" style=\"width:auto;height:300px\" srcset=\"https:\/\/www.comau.com\/wp-content\/uploads\/2024\/06\/mate-xt4-269x300.png 269w, https:\/\/www.comau.com\/wp-content\/uploads\/2024\/06\/mate-xt4.png 334w\" sizes=\"(max-width: 269px) 100vw, 269px\" \/><\/figure>\n\n\n\n<p class=\"has-text-align-center\">MATE-XT 4.0 combine l&rsquo;assistance d&rsquo;\u00e9paule MATE-XT avec des <strong>capteurs avanc\u00e9s pour permettre des solutions et des avantages IoT<\/strong>. Les capteurs connect\u00e9s en Wi-Fi fournissent des donn\u00e9es en temps r\u00e9el \u00e0 un tableau de bord num\u00e9rique intuitif.<\/p>\n\n\n\n<div class=\"wp-block-buttons is-content-justification-center is-layout-flex wp-container-core-buttons-is-layout-16018d1d wp-block-buttons-is-layout-flex\">\n<div class=\"wp-block-button\"><a class=\"wp-block-button__link wp-element-button\" href=\"https:\/\/www.comau.com\/en\/competencies\/robotics-automation\/mate-xt-4-0-exoskeleton-data-analytics\/\">D\u00c9COUVREZ MATE-XT 4.0<\/a><\/div>\n<\/div>\n<\/div>\n\n\n\n<div class=\"wp-block-column is-layout-flow wp-block-column-is-layout-flow\">\n<h2 class=\"wp-block-heading has-text-align-center\">MATE-XB<\/h2>\n\n\n\n<figure class=\"wp-block-image size-medium is-resized\"><img decoding=\"async\" width=\"185\" height=\"300\" src=\"https:\/\/www.comau.com\/wp-content\/uploads\/2024\/06\/mate-xb-185x300.png\" alt=\"\" class=\"wp-image-64415\" style=\"width:auto;height:300px\" srcset=\"https:\/\/www.comau.com\/wp-content\/uploads\/2024\/06\/mate-xb-185x300.png 185w, https:\/\/www.comau.com\/wp-content\/uploads\/2024\/06\/mate-xb.png 317w\" sizes=\"(max-width: 185px) 100vw, 185px\" \/><\/figure>\n\n\n\n<p class=\"has-text-align-center\">MATE-XB est un exosquelette non motoris\u00e9 <strong>destin\u00e9 \u00e0 r\u00e9duire la fatigue au niveau de la r\u00e9gion lombaire<\/strong> pour les travailleurs charg\u00e9s de d\u00e9placer des poids. Il assiste l&rsquo;utilisateur lorsqu\u2019il travaille dans diff\u00e9rentes positions statiques ou lorsqu\u2019il soul\u00e8ve des charges de mani\u00e8re r\u00e9p\u00e9titive.<\/p>\n\n\n\n<div class=\"wp-block-buttons is-content-justification-center is-layout-flex wp-container-core-buttons-is-layout-16018d1d wp-block-buttons-is-layout-flex\">\n<div class=\"wp-block-button\"><a class=\"wp-block-button__link wp-element-button\" href=\"https:\/\/www.comau.com\/en\/competencies\/robotics-automation\/mate-xb-exoskeleton\/\">D\u00c9COUVREZ MATE-XB<\/a><\/div>\n<\/div>\n<\/div>\n<\/div>\n<\/div><\/div>\n\n\n\n<div class=\"wp-block-group wide-section-light-1 py-4\"><div class=\"wp-block-group__inner-container is-layout-constrained wp-block-group-is-layout-constrained\">\n<div class=\"wp-block-columns align-items-center justify-content-between is-layout-flex wp-container-core-columns-is-layout-9d6595d7 wp-block-columns-is-layout-flex\">\n<div class=\"wp-block-column is-layout-flow wp-block-column-is-layout-flow\">\n<h2 class=\"wp-block-heading has-text-align-left\">Utiliser la robotique portable avec les exosquelettes MATE<\/h2>\n\n\n\n<p class=\"lead\">En tant que<strong> leader mondial des solutions d&rsquo;automatisation avanc\u00e9es<\/strong>, Comau a toujours am\u00e9lior\u00e9 les sc\u00e9narios de fabrication gr\u00e2ce \u00e0 des technologies modernes et centr\u00e9es sur l&rsquo;humain, capables d&rsquo;am\u00e9liorer la durabilit\u00e9 sociale et environnementale des lieux de travail.<\/p>\n\n\n\n<h3 class=\"wp-block-heading\">Pourquoi MATE ?<\/h3>\n\n\n\n<p class=\"lead\">Les Muscular Aiding Tech Exoskeleton sont con\u00e7us pour <strong>privil\u00e9gier le bien-\u00eatre des travailleurs<\/strong>, accro\u00eetre l\u2019efficacit\u00e9 des usines et am\u00e9liorer la qualit\u00e9 de vie au travail.<\/p>\n\n\n\n<p class=\"lead\">Nos combinaisons exosquelettes innovantes fournissent une <strong>assistance au mouvement coh\u00e9rente et avanc\u00e9e lors des t\u00e2ches r\u00e9p\u00e9titives<\/strong> et quotidiennes. Il existe des solutions distinctes qui permettent de <strong>maintenir les muscles au repos et d\u2019att\u00e9nuer les risques ergonomique<\/strong>s.<\/p>\n<\/div>\n\n\n\n<div class=\"wp-block-column is-vertically-aligned-center is-layout-flow wp-block-column-is-layout-flow\">\n<figure class=\"wp-block-image size-full\"><img decoding=\"async\" width=\"906\" height=\"1024\" src=\"https:\/\/www.comau.com\/wp-content\/uploads\/2024\/06\/Image-illustrata@2x-906x1024-1.webp\" alt=\"\" class=\"wp-image-64378\" srcset=\"https:\/\/www.comau.com\/wp-content\/uploads\/2024\/06\/Image-illustrata@2x-906x1024-1.webp 906w, https:\/\/www.comau.com\/wp-content\/uploads\/2024\/06\/Image-illustrata@2x-906x1024-1-265x300.webp 265w, https:\/\/www.comau.com\/wp-content\/uploads\/2024\/06\/Image-illustrata@2x-906x1024-1-768x868.webp 768w\" sizes=\"(max-width: 906px) 100vw, 906px\" \/><\/figure>\n<\/div>\n<\/div>\n<\/div><\/div>\n\n\n\n<div style=\"height:50px\" aria-hidden=\"true\" class=\"wp-block-spacer\"><\/div>\n\n\n\n<h2 class=\"wp-block-heading has-text-align-center\">En savoir plus sur MATE<\/h2>\n\n\n\n<div class=\"wp-block-columns is-layout-flex wp-container-core-columns-is-layout-9d6595d7 wp-block-columns-is-layout-flex\">\n<div class=\"wp-block-column is-layout-flow wp-block-column-is-layout-flow\">\n<div class=\"wp-block-getwid-image-box getwid-animation has-text-center has-mobile-layout-default has-mobile-alignment-center\" data-animation=\"zoomSmall\"><div class=\"wp-block-getwid-image-box__image-container is-position-top\"><a href=\"https:\/\/www.comau.com\/en\/our-offer\/products-and-solutions\/wearable-robotics-exoskeletons\/mate-xb-exoskeleton\/\" target=\"_blank\" rel=\"noreferrer noopener\" class=\"wp-block-getwid-image-box__image-wrapper\"><img decoding=\"async\" width=\"1458\" height=\"1040\" src=\"https:\/\/www.comau.com\/wp-content\/uploads\/2024\/02\/Img_Featured_MATE-XB_Wearable-exoskeleton.jpg\" alt=\"\" class=\"wp-block-getwid-image-box__image wp-image-60155\" srcset=\"https:\/\/www.comau.com\/wp-content\/uploads\/2024\/02\/Img_Featured_MATE-XB_Wearable-exoskeleton.jpg 1458w, https:\/\/www.comau.com\/wp-content\/uploads\/2024\/02\/Img_Featured_MATE-XB_Wearable-exoskeleton-300x214.jpg 300w, https:\/\/www.comau.com\/wp-content\/uploads\/2024\/02\/Img_Featured_MATE-XB_Wearable-exoskeleton-1024x730.jpg 1024w, https:\/\/www.comau.com\/wp-content\/uploads\/2024\/02\/Img_Featured_MATE-XB_Wearable-exoskeleton-768x548.jpg 768w\" sizes=\"(max-width: 1458px) 100vw, 1458px\" \/><\/a><\/div><div class=\"wp-block-getwid-image-box__content\">\n<p>R\u00e9duire la fatigue du bas du dos lors du levage et des t\u00e2ches r\u00e9p\u00e9titives gr\u00e2ce \u00e0 un dispositif qui assiste les muscles du dos.<\/p>\n\n\n\n<div class=\"wp-block-buttons is-content-justification-center is-layout-flex wp-container-core-buttons-is-layout-16018d1d wp-block-buttons-is-layout-flex\">\n<div class=\"wp-block-button\"><a class=\"wp-block-button__link wp-element-button\" href=\"https:\/\/www.comau.com\/en\/our-offer\/products-and-solutions\/wearable-robotics-exoskeletons\/mate-xb-exoskeleton\/\" target=\"_blank\" rel=\"noreferrer noopener\">Read more<\/a><\/div>\n<\/div>\n<\/div><\/div>\n<\/div>\n\n\n\n<div class=\"wp-block-column is-layout-flow wp-block-column-is-layout-flow\">\n<div class=\"wp-block-getwid-image-box getwid-animation has-text-center has-mobile-layout-default has-mobile-alignment-default\" data-animation=\"zoomSmall\"><div class=\"wp-block-getwid-image-box__image-container is-position-top\"><a href=\"https:\/\/www.comau.com\/en\/our-offer\/products-and-solutions\/wearable-robotics-exoskeletons\/wearable-robotics-mate-xt-exoskeleton\/\" target=\"_blank\" rel=\"noreferrer noopener\" class=\"wp-block-getwid-image-box__image-wrapper\"><img decoding=\"async\" width=\"1458\" height=\"1040\" src=\"https:\/\/www.comau.com\/wp-content\/uploads\/2024\/02\/Img_Featured_MATE-XT_Wearable-exoskeleton.jpg\" alt=\"\" class=\"wp-block-getwid-image-box__image wp-image-60149\" srcset=\"https:\/\/www.comau.com\/wp-content\/uploads\/2024\/02\/Img_Featured_MATE-XT_Wearable-exoskeleton.jpg 1458w, https:\/\/www.comau.com\/wp-content\/uploads\/2024\/02\/Img_Featured_MATE-XT_Wearable-exoskeleton-300x214.jpg 300w, https:\/\/www.comau.com\/wp-content\/uploads\/2024\/02\/Img_Featured_MATE-XT_Wearable-exoskeleton-1024x730.jpg 1024w, https:\/\/www.comau.com\/wp-content\/uploads\/2024\/02\/Img_Featured_MATE-XT_Wearable-exoskeleton-768x548.jpg 768w\" sizes=\"(max-width: 1458px) 100vw, 1458px\" \/><\/a><\/div><div class=\"wp-block-getwid-image-box__content\">\n<p>R\u00e9duire la fatigue du bas du dos lors du levage et des t\u00e2ches r\u00e9p\u00e9titives gr\u00e2ce \u00e0 un dispositif qui assiste les muscles du dos.<\/p>\n\n\n\n<div class=\"wp-block-buttons is-content-justification-center is-layout-flex wp-container-core-buttons-is-layout-16018d1d wp-block-buttons-is-layout-flex\">\n<div class=\"wp-block-button\"><a class=\"wp-block-button__link wp-element-button\" href=\"https:\/\/www.comau.com\/en\/our-offer\/products-and-solutions\/wearable-robotics-exoskeletons\/wearable-robotics-mate-xt-exoskeleton\/\" target=\"_blank\" rel=\"noreferrer noopener\">Read more<\/a><\/div>\n<\/div>\n<\/div><\/div>\n<\/div>\n\n\n\n<div class=\"wp-block-column is-layout-flow wp-block-column-is-layout-flow\">\n<div class=\"wp-block-getwid-image-box getwid-animation has-text-center has-mobile-layout-default has-mobile-alignment-default\" data-animation=\"zoomSmall\"><div class=\"wp-block-getwid-image-box__image-container is-position-top\"><a href=\"\/en?page_id=59846\" target=\"_blank\" rel=\"noreferrer noopener\" class=\"wp-block-getwid-image-box__image-wrapper\"><img decoding=\"async\" width=\"1458\" height=\"1040\" src=\"https:\/\/www.comau.com\/wp-content\/uploads\/2024\/02\/Img_Featured_MATE-XT_4-0_Wearable-exoskeleton.jpg\" alt=\"\" class=\"wp-block-getwid-image-box__image wp-image-60143\" srcset=\"https:\/\/www.comau.com\/wp-content\/uploads\/2024\/02\/Img_Featured_MATE-XT_4-0_Wearable-exoskeleton.jpg 1458w, https:\/\/www.comau.com\/wp-content\/uploads\/2024\/02\/Img_Featured_MATE-XT_4-0_Wearable-exoskeleton-300x214.jpg 300w, https:\/\/www.comau.com\/wp-content\/uploads\/2024\/02\/Img_Featured_MATE-XT_4-0_Wearable-exoskeleton-1024x730.jpg 1024w, https:\/\/www.comau.com\/wp-content\/uploads\/2024\/02\/Img_Featured_MATE-XT_4-0_Wearable-exoskeleton-768x548.jpg 768w\" sizes=\"(max-width: 1458px) 100vw, 1458px\" \/><\/a><\/div><div class=\"wp-block-getwid-image-box__content\">\n<p>Combiner un support musculaire l\u00e9ger avec des des donn\u00e9es en temps r\u00e9el<\/p>\n\n\n\n<div class=\"wp-block-buttons is-content-justification-center is-layout-flex wp-container-core-buttons-is-layout-16018d1d wp-block-buttons-is-layout-flex\">\n<div class=\"wp-block-button\"><a class=\"wp-block-button__link wp-element-button\" href=\"\/en?page_id=59846\" target=\"_blank\" rel=\"noreferrer noopener\">Read more<\/a><\/div>\n<\/div>\n<\/div><\/div>\n<\/div>\n<\/div>\n","protected":false},"excerpt":{"rendered":"<p>Combinaisons exosquelettes robotis\u00e9es \u00e0 l&rsquo;ergonomie am\u00e9lior\u00e9e La nouvelle famille de robotique portable de Comau (MATE ) vise \u00e0 am\u00e9liorer le potentiel humain en r\u00e9duisant les contraintes physiques excessives pendant le travail et en simplifiant les activit\u00e9s quotidiennes, en fournissant une solution adapt\u00e9e et efficace. Les exosquelettes MATE g\u00e9n\u00e8rent une r\u00e9duction constante de l&rsquo;activation des muscles [&hellip;]<\/p>\n","protected":false},"author":21,"featured_media":64392,"parent":65268,"menu_order":2,"comment_status":"closed","ping_status":"closed","template":"","meta":{"_acf_changed":false,"ep_exclude_from_search":false,"footnotes":""},"class_list":["post-59927","page","type-page","status-publish","has-post-thumbnail","hentry"],"acf":[],"yoast_head":"<!-- This site is optimized with the Yoast SEO plugin v26.9 - https:\/\/yoast.com\/product\/yoast-seo-wordpress\/ -->\n<title>Robotique portable | Exosquelettes | Comau<\/title>\n<meta name=\"description\" content=\"D\u00e9couvrez les exosquelettes innovants de Comau ; Am\u00e9liorez la s\u00e9curit\u00e9 et la productivit\u00e9 gr\u00e2ce \u00e0 la robotique portable.\" \/>\n<meta name=\"robots\" content=\"index, follow, max-snippet:-1, max-image-preview:large, max-video-preview:-1\" \/>\n<link rel=\"canonical\" href=\"https:\/\/www.comau.com\/fr\/competencies\/products-solutions\/wearable-robotics-exoskeletons\/\" \/>\n<meta property=\"og:locale\" content=\"fr_FR\" \/>\n<meta property=\"og:type\" content=\"article\" \/>\n<meta property=\"og:title\" content=\"Robotique portable | Exosquelettes | Comau\" \/>\n<meta property=\"og:description\" content=\"D\u00e9couvrez les exosquelettes innovants de Comau ; Am\u00e9liorez la s\u00e9curit\u00e9 et la productivit\u00e9 gr\u00e2ce \u00e0 la robotique portable.\" \/>\n<meta property=\"og:url\" content=\"https:\/\/www.comau.com\/fr\/competencies\/products-solutions\/wearable-robotics-exoskeletons\/\" \/>\n<meta property=\"og:site_name\" content=\"Comau\" \/>\n<meta property=\"article:publisher\" content=\"https:\/\/www.facebook.com\/COMAU\/\" \/>\n<meta property=\"article:modified_time\" content=\"2024-12-04T10:37:45+00:00\" \/>\n<meta property=\"og:image\" content=\"https:\/\/www.comau.com\/wp-content\/uploads\/2024\/06\/Hero-Mate@2x@2x-scaled.webp\" \/>\n\t<meta property=\"og:image:width\" content=\"2560\" \/>\n\t<meta property=\"og:image:height\" content=\"795\" \/>\n\t<meta property=\"og:image:type\" content=\"image\/webp\" \/>\n<meta name=\"twitter:card\" content=\"summary_large_image\" \/>\n<meta name=\"twitter:site\" content=\"@comaugroup\" \/>\n<meta name=\"twitter:label1\" content=\"Dur\u00e9e de lecture estim\u00e9e\" \/>\n\t<meta name=\"twitter:data1\" content=\"4 minutes\" \/>\n<script type=\"application\/ld+json\" class=\"yoast-schema-graph\">{\"@context\":\"https:\/\/schema.org\",\"@graph\":[{\"@type\":\"WebPage\",\"@id\":\"https:\/\/www.comau.com\/fr\/competencies\/products-solutions\/wearable-robotics-exoskeletons\/\",\"url\":\"https:\/\/www.comau.com\/fr\/competencies\/products-solutions\/wearable-robotics-exoskeletons\/\",\"name\":\"Robotique portable | Exosquelettes | Comau\",\"isPartOf\":{\"@id\":\"https:\/\/www.comau.com\/fr\/#website\"},\"primaryImageOfPage\":{\"@id\":\"https:\/\/www.comau.com\/fr\/competencies\/products-solutions\/wearable-robotics-exoskeletons\/#primaryimage\"},\"image\":{\"@id\":\"https:\/\/www.comau.com\/fr\/competencies\/products-solutions\/wearable-robotics-exoskeletons\/#primaryimage\"},\"thumbnailUrl\":\"https:\/\/www.comau.com\/wp-content\/uploads\/2024\/06\/Hero-Mate@2x@2x-scaled.webp\",\"datePublished\":\"2024-02-05T13:56:46+00:00\",\"dateModified\":\"2024-12-04T10:37:45+00:00\",\"description\":\"D\u00e9couvrez les exosquelettes innovants de Comau ; Am\u00e9liorez la s\u00e9curit\u00e9 et la productivit\u00e9 gr\u00e2ce \u00e0 la robotique portable.\",\"breadcrumb\":{\"@id\":\"https:\/\/www.comau.com\/fr\/competencies\/products-solutions\/wearable-robotics-exoskeletons\/#breadcrumb\"},\"inLanguage\":\"fr-FR\",\"potentialAction\":[{\"@type\":\"ReadAction\",\"target\":[\"https:\/\/www.comau.com\/fr\/competencies\/products-solutions\/wearable-robotics-exoskeletons\/\"]}]},{\"@type\":\"ImageObject\",\"inLanguage\":\"fr-FR\",\"@id\":\"https:\/\/www.comau.com\/fr\/competencies\/products-solutions\/wearable-robotics-exoskeletons\/#primaryimage\",\"url\":\"https:\/\/www.comau.com\/wp-content\/uploads\/2024\/06\/Hero-Mate@2x@2x-scaled.webp\",\"contentUrl\":\"https:\/\/www.comau.com\/wp-content\/uploads\/2024\/06\/Hero-Mate@2x@2x-scaled.webp\",\"width\":2560,\"height\":795,\"caption\":\"Worker using robotic exoskeleton for overhead assembly\"},{\"@type\":\"BreadcrumbList\",\"@id\":\"https:\/\/www.comau.com\/fr\/competencies\/products-solutions\/wearable-robotics-exoskeletons\/#breadcrumb\",\"itemListElement\":[{\"@type\":\"ListItem\",\"position\":1,\"name\":\"Home\",\"item\":\"https:\/\/www.comau.com\/fr\/\"},{\"@type\":\"ListItem\",\"position\":2,\"name\":\"Nos comp\u00e9tences\",\"item\":\"https:\/\/www.comau.com\/fr\/competencies\/\"},{\"@type\":\"ListItem\",\"position\":3,\"name\":\"Products &amp; Solutions\",\"item\":\"https:\/\/www.comau.com\/fr\/competencies\/products-solutions\/\"},{\"@type\":\"ListItem\",\"position\":4,\"name\":\"Robotique portable | Exosquelettes\"}]},{\"@type\":\"WebSite\",\"@id\":\"https:\/\/www.comau.com\/fr\/#website\",\"url\":\"https:\/\/www.comau.com\/fr\/\",\"name\":\"Comau\",\"description\":\"Industrial automation and robotics\",\"publisher\":{\"@id\":\"https:\/\/www.comau.com\/fr\/#organization\"},\"potentialAction\":[{\"@type\":\"SearchAction\",\"target\":{\"@type\":\"EntryPoint\",\"urlTemplate\":\"https:\/\/www.comau.com\/fr\/?s={search_term_string}\"},\"query-input\":{\"@type\":\"PropertyValueSpecification\",\"valueRequired\":true,\"valueName\":\"search_term_string\"}}],\"inLanguage\":\"fr-FR\"},{\"@type\":\"Organization\",\"@id\":\"https:\/\/www.comau.com\/fr\/#organization\",\"name\":\"Comau\",\"url\":\"https:\/\/www.comau.com\/fr\/\",\"logo\":{\"@type\":\"ImageObject\",\"inLanguage\":\"fr-FR\",\"@id\":\"https:\/\/www.comau.com\/fr\/#\/schema\/logo\/image\/\",\"url\":\"https:\/\/www.comau.com\/wp-content\/uploads\/2024\/07\/cropped-Logo-COMAU.png\",\"contentUrl\":\"https:\/\/www.comau.com\/wp-content\/uploads\/2024\/07\/cropped-Logo-COMAU.png\",\"width\":434,\"height\":434,\"caption\":\"Comau\"},\"image\":{\"@id\":\"https:\/\/www.comau.com\/fr\/#\/schema\/logo\/image\/\"},\"sameAs\":[\"https:\/\/www.facebook.com\/COMAU\/\",\"https:\/\/x.com\/comaugroup\",\"https:\/\/www.instagram.com\/comaugroup\/\",\"https:\/\/www.linkedin.com\/company\/comau\",\"https:\/\/www.youtube.com\/user\/comau\"]}]}<\/script>\n<!-- \/ Yoast SEO plugin. -->","yoast_head_json":{"title":"Robotique portable | Exosquelettes | Comau","description":"D\u00e9couvrez les exosquelettes innovants de Comau ; Am\u00e9liorez la s\u00e9curit\u00e9 et la productivit\u00e9 gr\u00e2ce \u00e0 la robotique portable.","robots":{"index":"index","follow":"follow","max-snippet":"max-snippet:-1","max-image-preview":"max-image-preview:large","max-video-preview":"max-video-preview:-1"},"canonical":"https:\/\/www.comau.com\/fr\/competencies\/products-solutions\/wearable-robotics-exoskeletons\/","og_locale":"fr_FR","og_type":"article","og_title":"Robotique portable | Exosquelettes | Comau","og_description":"D\u00e9couvrez les exosquelettes innovants de Comau ; Am\u00e9liorez la s\u00e9curit\u00e9 et la productivit\u00e9 gr\u00e2ce \u00e0 la robotique portable.","og_url":"https:\/\/www.comau.com\/fr\/competencies\/products-solutions\/wearable-robotics-exoskeletons\/","og_site_name":"Comau","article_publisher":"https:\/\/www.facebook.com\/COMAU\/","article_modified_time":"2024-12-04T10:37:45+00:00","og_image":[{"width":2560,"height":795,"url":"https:\/\/www.comau.com\/wp-content\/uploads\/2024\/06\/Hero-Mate@2x@2x-scaled.webp","type":"image\/webp"}],"twitter_card":"summary_large_image","twitter_site":"@comaugroup","twitter_misc":{"Dur\u00e9e de lecture estim\u00e9e":"4 minutes"},"schema":{"@context":"https:\/\/schema.org","@graph":[{"@type":"WebPage","@id":"https:\/\/www.comau.com\/fr\/competencies\/products-solutions\/wearable-robotics-exoskeletons\/","url":"https:\/\/www.comau.com\/fr\/competencies\/products-solutions\/wearable-robotics-exoskeletons\/","name":"Robotique portable | Exosquelettes | Comau","isPartOf":{"@id":"https:\/\/www.comau.com\/fr\/#website"},"primaryImageOfPage":{"@id":"https:\/\/www.comau.com\/fr\/competencies\/products-solutions\/wearable-robotics-exoskeletons\/#primaryimage"},"image":{"@id":"https:\/\/www.comau.com\/fr\/competencies\/products-solutions\/wearable-robotics-exoskeletons\/#primaryimage"},"thumbnailUrl":"https:\/\/www.comau.com\/wp-content\/uploads\/2024\/06\/Hero-Mate@2x@2x-scaled.webp","datePublished":"2024-02-05T13:56:46+00:00","dateModified":"2024-12-04T10:37:45+00:00","description":"D\u00e9couvrez les exosquelettes innovants de Comau ; Am\u00e9liorez la s\u00e9curit\u00e9 et la productivit\u00e9 gr\u00e2ce \u00e0 la robotique portable.","breadcrumb":{"@id":"https:\/\/www.comau.com\/fr\/competencies\/products-solutions\/wearable-robotics-exoskeletons\/#breadcrumb"},"inLanguage":"fr-FR","potentialAction":[{"@type":"ReadAction","target":["https:\/\/www.comau.com\/fr\/competencies\/products-solutions\/wearable-robotics-exoskeletons\/"]}]},{"@type":"ImageObject","inLanguage":"fr-FR","@id":"https:\/\/www.comau.com\/fr\/competencies\/products-solutions\/wearable-robotics-exoskeletons\/#primaryimage","url":"https:\/\/www.comau.com\/wp-content\/uploads\/2024\/06\/Hero-Mate@2x@2x-scaled.webp","contentUrl":"https:\/\/www.comau.com\/wp-content\/uploads\/2024\/06\/Hero-Mate@2x@2x-scaled.webp","width":2560,"height":795,"caption":"Worker using robotic exoskeleton for overhead assembly"},{"@type":"BreadcrumbList","@id":"https:\/\/www.comau.com\/fr\/competencies\/products-solutions\/wearable-robotics-exoskeletons\/#breadcrumb","itemListElement":[{"@type":"ListItem","position":1,"name":"Home","item":"https:\/\/www.comau.com\/fr\/"},{"@type":"ListItem","position":2,"name":"Nos comp\u00e9tences","item":"https:\/\/www.comau.com\/fr\/competencies\/"},{"@type":"ListItem","position":3,"name":"Products &amp; Solutions","item":"https:\/\/www.comau.com\/fr\/competencies\/products-solutions\/"},{"@type":"ListItem","position":4,"name":"Robotique portable | Exosquelettes"}]},{"@type":"WebSite","@id":"https:\/\/www.comau.com\/fr\/#website","url":"https:\/\/www.comau.com\/fr\/","name":"Comau","description":"Industrial automation and robotics","publisher":{"@id":"https:\/\/www.comau.com\/fr\/#organization"},"potentialAction":[{"@type":"SearchAction","target":{"@type":"EntryPoint","urlTemplate":"https:\/\/www.comau.com\/fr\/?s={search_term_string}"},"query-input":{"@type":"PropertyValueSpecification","valueRequired":true,"valueName":"search_term_string"}}],"inLanguage":"fr-FR"},{"@type":"Organization","@id":"https:\/\/www.comau.com\/fr\/#organization","name":"Comau","url":"https:\/\/www.comau.com\/fr\/","logo":{"@type":"ImageObject","inLanguage":"fr-FR","@id":"https:\/\/www.comau.com\/fr\/#\/schema\/logo\/image\/","url":"https:\/\/www.comau.com\/wp-content\/uploads\/2024\/07\/cropped-Logo-COMAU.png","contentUrl":"https:\/\/www.comau.com\/wp-content\/uploads\/2024\/07\/cropped-Logo-COMAU.png","width":434,"height":434,"caption":"Comau"},"image":{"@id":"https:\/\/www.comau.com\/fr\/#\/schema\/logo\/image\/"},"sameAs":["https:\/\/www.facebook.com\/COMAU\/","https:\/\/x.com\/comaugroup","https:\/\/www.instagram.com\/comaugroup\/","https:\/\/www.linkedin.com\/company\/comau","https:\/\/www.youtube.com\/user\/comau"]}]}},"_links":{"self":[{"href":"https:\/\/www.comau.com\/fr\/wp-json\/wp\/v2\/pages\/59927","targetHints":{"allow":["GET"]}}],"collection":[{"href":"https:\/\/www.comau.com\/fr\/wp-json\/wp\/v2\/pages"}],"about":[{"href":"https:\/\/www.comau.com\/fr\/wp-json\/wp\/v2\/types\/page"}],"author":[{"embeddable":true,"href":"https:\/\/www.comau.com\/fr\/wp-json\/wp\/v2\/users\/21"}],"replies":[{"embeddable":true,"href":"https:\/\/www.comau.com\/fr\/wp-json\/wp\/v2\/comments?post=59927"}],"version-history":[{"count":3,"href":"https:\/\/www.comau.com\/fr\/wp-json\/wp\/v2\/pages\/59927\/revisions"}],"predecessor-version":[{"id":67983,"href":"https:\/\/www.comau.com\/fr\/wp-json\/wp\/v2\/pages\/59927\/revisions\/67983"}],"up":[{"embeddable":true,"href":"https:\/\/www.comau.com\/fr\/wp-json\/wp\/v2\/pages\/65268"}],"wp:featuredmedia":[{"embeddable":true,"href":"https:\/\/www.comau.com\/fr\/wp-json\/wp\/v2\/media\/64392"}],"wp:attachment":[{"href":"https:\/\/www.comau.com\/fr\/wp-json\/wp\/v2\/media?parent=59927"}],"curies":[{"name":"wp","href":"https:\/\/api.w.org\/{rel}","templated":true}]}}