{"id":5946,"date":"2021-07-01T00:02:15","date_gmt":"2021-06-30T22:02:15","guid":{"rendered":"https:\/\/www.comau.com\/?page_id=5946"},"modified":"2022-02-07T14:07:28","modified_gmt":"2022-02-07T13:07:28","slug":"power-system-products","status":"publish","type":"page","link":"https:\/\/www.comau.com\/fr\/competencies\/products-solutions\/powertrain-machining\/power-system-products\/","title":{"rendered":"Syst\u00e8mes d&rsquo;alimentation et produits"},"content":{"rendered":"\n<h2 class=\"wp-block-heading\" id=\"des-solutions-puissantes-pour-les-applications-traditionnelles-et-l-e-mobilite\">Des solutions puissantes pour les applications traditionnelles et l\u2019E-Mobilit\u00e9<\/h2>\n\n\n\n<p>On comprend facilement pourquoi les entreprises partout dans le monde choisissent Comau comme fournisseur unique pour tout, des lignes pilotes aux syst\u00e8mes de production de masse. <\/p>\n\n\n\n<p>Vous pouvez compter sur Comau pour fournir des produits et des technologies bas\u00e9s sur des normes pour syst\u00e8mes d\u2019alimentation traditionnels et \u00e9lectriques qui associent modularit\u00e9 totale et flexibilit\u00e9 \u00e9volutive. <\/p>\n\n\n\n<ul class=\"wp-block-list\"><li>Syst\u00e8mes d\u2019assemblage et d\u2019usinage en flux tendu modulaires et \u00e9volutifs<\/li><li>Technologies de processus<\/li><li>Produits standards Comau<\/li><li>Solutions num\u00e9riques et architectures de l\u2019Industrie 4.0 <\/li><li>Solutions logistiques int\u00e9gr\u00e9es<\/li><\/ul>\n\n\n\n<div class=\"wp-block-getwid-toggle download-dropdown has-icon-left\">\n<div class=\"wp-block-getwid-toggle__row\"><div class=\"wp-block-getwid-toggle__header-wrapper\"><span class=\"wp-block-getwid-toggle__header\"><a href=\"#\"><span class=\"wp-block-getwid-toggle__header-title\">Download the brochure<\/span><span class=\"wp-block-getwid-toggle__icon is-active\"><i class=\"fas fa-plus\"><\/i><\/span><span class=\"wp-block-getwid-toggle__icon is-passive\"><i class=\"fas fa-minus\"><\/i><\/span><\/a><\/span><\/div><div class=\"wp-block-getwid-toggle__content-wrapper\"><div class=\"wp-block-getwid-toggle__content\">\n<div class=\"wp-block-getwid-button-group\"><div class=\"wp-block-getwid-button-group__wrapper\">\n<div class=\"wp-block-button\"><a class=\"wp-block-button__link\" href=\"https:\/\/www.comau.com\/wp-content\/uploads\/2021\/06\/COMAU_scheda_emobility.pdf\" target=\"_blank\" rel=\"noreferrer noopener\">COMAU scheda electrification<\/a><\/div>\n<\/div><\/div>\n<\/div><\/div><\/div>\n<\/div>\n\n\n\n<h2 class=\"wp-block-heading\" id=\"offre-entierement-integree\">Offre enti\u00e8rement int\u00e9gr\u00e9e<\/h2>\n\n\n\n<div class=\"wp-block-columns columns-bg-dark is-layout-flex wp-container-core-columns-is-layout-9d6595d7 wp-block-columns-is-layout-flex\">\n<div class=\"wp-block-column is-layout-flow wp-block-column-is-layout-flow\">\n<h3 class=\"wp-block-heading\" id=\"moteur-a-combustion-interne-et-assemblage-de-transmission\">Moteur \u00e0 combustion interne et assemblage de transmission<\/h3>\n\n\n\n<p>Des culasses aux moteurs et aux transmissions, nos lignes d\u2019assemblage hautement efficaces vous aident \u00e0 accro\u00eetre votre productivit\u00e9.<\/p>\n\n\n\n<div class=\"wp-block-buttons is-layout-flex wp-block-buttons-is-layout-flex\">\n<div class=\"wp-block-button\"><a class=\"wp-block-button__link\" href=\"https:\/\/www.comau.com\/fr\/competencies\/products-solutions\/powertrain-machining\/power-system-products\/internal-combustion-engine-assembly\/\">Lire la suite<\/a><\/div>\n<\/div>\n<\/div>\n\n\n\n<div class=\"wp-block-column is-layout-flow wp-block-column-is-layout-flow\">\n<h3 class=\"wp-block-heading\" id=\"assemblage-de-batterie\">Assemblage de batterie<\/h3>\n\n\n\n<p>Nos syst\u00e8mes d\u2019assemblage \u00e9prouv\u00e9s pour les blocs et modules de batteries sont con\u00e7us pour vous aider \u00e0 passer rapidement de la validation de processus et de prototype \u00e0 l\u2019industrialisation compl\u00e8te.<\/p>\n<\/div>\n<\/div>\n\n\n\n<div class=\"wp-block-columns columns-bg-dark is-layout-flex wp-container-core-columns-is-layout-9d6595d7 wp-block-columns-is-layout-flex\">\n<div class=\"wp-block-column is-layout-flow wp-block-column-is-layout-flow\">\n<h3 class=\"wp-block-heading\" id=\"e-drives-et-assemblage-de-transmission\">E-Drives et assemblage de transmission<\/h3>\n\n\n\n<p>Nous fournissons des syst\u00e8mes d\u2019assemblage complets pour la transmission. De l\u2019assemblage des rotors et des stators aux moteurs et transmissions \u00e9lectriques complets.<\/p>\n\n\n\n<div class=\"wp-block-buttons is-layout-flex wp-block-buttons-is-layout-flex\">\n<div class=\"wp-block-button\"><a class=\"wp-block-button__link\" href=\"https:\/\/www.comau.com\/fr\/competencies\/products-solutions\/powertrain-machining\/power-system-products\/e-drive-and-transmission-assembly\/\">Lire la suite<\/a><\/div>\n<\/div>\n<\/div>\n\n\n\n<div class=\"wp-block-column is-layout-flow wp-block-column-is-layout-flow\">\n<h3 class=\"wp-block-heading\" id=\"usinage-des-elements-du-moteur-et-de-la-transmission\">Usinage des \u00e9l\u00e9ments du moteur et de la transmission <\/h3>\n\n\n\n<p>Pour supporter vos besoins en mati\u00e8re d\u2019usinage des \u00e9l\u00e9ments du moteur et de la transmission, nos syst\u00e8mes puissants garantissent une pr\u00e9cision dynamique, une productivit\u00e9 \u00e9lev\u00e9e et une pr\u00e9cision durable.<\/p>\n\n\n\n<div class=\"wp-block-buttons is-layout-flex wp-block-buttons-is-layout-flex\">\n<div class=\"wp-block-button\"><a class=\"wp-block-button__link\" href=\"https:\/\/www.comau.com\/fr\/competencies\/products-solutions\/machining-system-products\/\">Lire la suite<\/a><\/div>\n<\/div>\n<\/div>\n<\/div>\n\n\n\n<p>Peu importe la mani\u00e8re dont vous abordez la question, Comau est votre partenaire de confiance quand il s\u2019agit de l\u2019alimentation de vos v\u00e9hicules.<\/p>\n\n\n\n<h2 class=\"wp-block-heading\" id=\"l-assemblage-automatise-simplifie\">L\u2019assemblage automatis\u00e9 simplifi\u00e9<\/h2>\n\n\n\n<p>\u200bQuand il s\u2019agit de r\u00e9pondre aux besoins d\u2019assemblage des moteurs traditionnels et E-Driveline, Comau offre une large vari\u00e9t\u00e9 d\u2019options pour maximiser votre flux de production. Nos modules d\u2019assemblage puissants pour moteurs, batteries, transmissions et composants permettent aux entreprises de toutes tailles de d\u00e9ployer des solutions de fabrication en flux tendu rentables pouvant compl\u00e9ter le processus d\u2019assemblage d\u2019ensemble en moins d\u2019une minute. Ils peuvent \u00e9galement \u00eatre facilement reconfigur\u00e9s pour assembler une pi\u00e8ce ou un type de transmission diff\u00e9rent en quelques jours seulement, ce qui vous apporte une grande flexibilit\u00e9 et vous aide \u00e0 rester comp\u00e9titif dans un march\u00e9 en \u00e9volution constante.<\/p>\n\n\n\n<h2 class=\"wp-block-heading\" id=\"centres-d-assemblage\">Centres d\u2019assemblage<\/h2>\n\n\n\n<p>\u200bQu\u2019il s\u2019agisse de syst\u00e8mes d\u2019assemblage manuels, semi-automatiques ou enti\u00e8rement automatis\u00e9s, vous pouvez compter sur Comau pour que pr\u00e9cision et exactitude soient garanties au quotidien.<\/p>\n\n\n\n<div class=\"wp-block-columns is-layout-flex wp-container-core-columns-is-layout-9d6595d7 wp-block-columns-is-layout-flex\">\n<div class=\"wp-block-column is-layout-flow wp-block-column-is-layout-flow\">\n<div class=\"wp-block-getwid-image-box has-text-left has-mobile-layout-default has-mobile-alignment-default\"><div class=\"wp-block-getwid-image-box__image-container is-position-top\"><a href=\"https:\/\/www.comau.com\/fr\/competencies\/products-solutions\/powertrain-machining\/power-system-products\/smartcellcomau\/\" class=\"wp-block-getwid-image-box__image-wrapper\"><img decoding=\"async\" width=\"1280\" height=\"485\" src=\"https:\/\/www.comau.com\/wp-content\/uploads\/2021\/06\/smartcellcomau_header.jpg\" alt=\"\" class=\"wp-block-getwid-image-box__image wp-image-709\" srcset=\"https:\/\/www.comau.com\/wp-content\/uploads\/2021\/06\/smartcellcomau_header.jpg 1280w, https:\/\/www.comau.com\/wp-content\/uploads\/2021\/06\/smartcellcomau_header-300x114.jpg 300w, https:\/\/www.comau.com\/wp-content\/uploads\/2021\/06\/smartcellcomau_header-1024x388.jpg 1024w, https:\/\/www.comau.com\/wp-content\/uploads\/2021\/06\/smartcellcomau_header-768x291.jpg 768w\" sizes=\"(max-width: 1280px) 100vw, 1280px\" \/><\/a><\/div><div class=\"wp-block-getwid-image-box__content\">\n<h3 class=\"wp-block-heading\">SmartCellComau<\/h3>\n\n\n\n<p>La station d\u2019assemblage parall\u00e8le con\u00e7ue pour l\u2019assemblage automatis\u00e9 de composants \u00e0 marge de tol\u00e9rance faible<\/p>\n<\/div><\/div>\n<\/div>\n\n\n\n<div class=\"wp-block-column is-layout-flow wp-block-column-is-layout-flow\">\n<div class=\"wp-block-getwid-image-box has-text-left has-mobile-layout-default has-mobile-alignment-default\"><div class=\"wp-block-getwid-image-box__image-container is-position-top\"><a href=\"https:\/\/www.comau.com\/fr\/competencies\/products-solutions\/powertrain-machining\/power-system-products\/smartmancomau\/\" class=\"wp-block-getwid-image-box__image-wrapper\"><img decoding=\"async\" width=\"1280\" height=\"485\" src=\"https:\/\/www.comau.com\/wp-content\/uploads\/2021\/06\/smartmancomau_header.jpg\" alt=\"\" class=\"wp-block-getwid-image-box__image wp-image-710\" srcset=\"https:\/\/www.comau.com\/wp-content\/uploads\/2021\/06\/smartmancomau_header.jpg 1280w, https:\/\/www.comau.com\/wp-content\/uploads\/2021\/06\/smartmancomau_header-300x114.jpg 300w, https:\/\/www.comau.com\/wp-content\/uploads\/2021\/06\/smartmancomau_header-1024x388.jpg 1024w, https:\/\/www.comau.com\/wp-content\/uploads\/2021\/06\/smartmancomau_header-768x291.jpg 768w\" sizes=\"(max-width: 1280px) 100vw, 1280px\" \/><\/a><\/div><div class=\"wp-block-getwid-image-box__content\">\n<h3 class=\"wp-block-heading\">SmartManComau<\/h3>\n\n\n\n<p>La fabrication manuelle innovante qui accro\u00eet la productivit\u00e9 tout en r\u00e9duisant les co\u00fbts globaux de production\u200b<\/p>\n<\/div><\/div>\n<\/div>\n\n\n\n<div class=\"wp-block-column is-layout-flow wp-block-column-is-layout-flow\">\n<div class=\"wp-block-getwid-image-box has-text-left has-mobile-layout-default has-mobile-alignment-default\"><div class=\"wp-block-getwid-image-box__image-container is-position-top\"><a href=\"https:\/\/www.comau.com\/fr\/competencies\/products-solutions\/powertrain-machining\/power-system-products\/smartrobcomau-automated\/\" class=\"wp-block-getwid-image-box__image-wrapper\"><img decoding=\"async\" width=\"1280\" height=\"485\" src=\"https:\/\/www.comau.com\/wp-content\/uploads\/2021\/06\/smartrobcomau-automated_header.jpg\" alt=\"\" class=\"wp-block-getwid-image-box__image wp-image-711\" srcset=\"https:\/\/www.comau.com\/wp-content\/uploads\/2021\/06\/smartrobcomau-automated_header.jpg 1280w, https:\/\/www.comau.com\/wp-content\/uploads\/2021\/06\/smartrobcomau-automated_header-300x114.jpg 300w, https:\/\/www.comau.com\/wp-content\/uploads\/2021\/06\/smartrobcomau-automated_header-1024x388.jpg 1024w, https:\/\/www.comau.com\/wp-content\/uploads\/2021\/06\/smartrobcomau-automated_header-768x291.jpg 768w\" sizes=\"(max-width: 1280px) 100vw, 1280px\" \/><\/a><\/div><div class=\"wp-block-getwid-image-box__content\">\n<h3 class=\"wp-block-heading\">SmartRobComau Automated<\/h3>\n\n\n\n<p>Automated Faites \u00e9voluer vos processus d\u2019assemblage vers un niveau presque autonome tout en maintenant des co\u00fbts minimums<\/p>\n<\/div><\/div>\n<\/div>\n<\/div>\n\n\n\n<h2 class=\"wp-block-heading\" id=\"valeur-ajoutee\">Valeur ajout\u00e9e<\/h2>\n\n\n\n<ul class=\"wp-block-list\"><li>Int\u00e9gration de processus en s\u00e9rie ou parall\u00e8le<\/li><li>Evolutivit\u00e9 modulaire pour aligner l\u2019investissement en capital \u00e0 la demande du march\u00e9<\/li><li>Reconfiguration et r\u00e9outillage rapides<\/li><li>Encombrement faible<\/li><li>Conception de fabrication en flux tendu avec logistique des mat\u00e9riaux optimis\u00e9e<\/li><li>Compatible IoT (e-connect\u00e9, e-documentation, entretien pr\u00e9ventif, mise en service virtuelle, usinage virtuel)<\/li><\/ul>\n\n\n\n<h2 class=\"wp-block-heading\" id=\"avantages\">Avantages<\/h2>\n\n\n\n<ul class=\"wp-block-list\"><li>Gestion des modes d\u2019\u00e9conomie d\u2019\u00e9nergie<\/li><li>Consommation de fluides r\u00e9duite<\/li><li>Composants de toute derni\u00e8re g\u00e9n\u00e9ration \u00e0 faible consommation d\u2019\u00e9nergie<\/li><li>Encombrement faible<\/li><\/ul>\n","protected":false},"excerpt":{"rendered":"<p>Des solutions puissantes pour les applications traditionnelles et l\u2019E-Mobilit\u00e9 On comprend facilement pourquoi les entreprises partout dans le monde choisissent Comau comme fournisseur unique pour tout, des lignes pilotes aux syst\u00e8mes de production de masse. Vous pouvez compter sur Comau pour fournir des produits et des technologies bas\u00e9s sur des normes pour syst\u00e8mes d\u2019alimentation traditionnels [&hellip;]<\/p>\n","protected":false},"author":11,"featured_media":5956,"parent":4805,"menu_order":2,"comment_status":"closed","ping_status":"closed","template":"","meta":{"_acf_changed":false,"ep_exclude_from_search":false,"footnotes":""},"class_list":["post-5946","page","type-page","status-publish","has-post-thumbnail","hentry"],"acf":[],"yoast_head":"<!-- This site is optimized with the Yoast SEO plugin v26.9 - https:\/\/yoast.com\/product\/yoast-seo-wordpress\/ -->\n<title>Moteurs \u00e9lectriques\u00a0: Technologies et solutions | Comau<\/title>\n<meta name=\"description\" content=\"D\u00e9couvrez les solutions Comau pour les moteurs \u00e9lectriques\u00a0: usinage et processus de fabrication dans la m\u00eame entreprise.\" \/>\n<meta name=\"robots\" content=\"index, follow, max-snippet:-1, max-image-preview:large, max-video-preview:-1\" \/>\n<link rel=\"canonical\" href=\"https:\/\/www.comau.com\/fr\/competencies\/products-solutions\/powertrain-machining\/power-system-products\/\" \/>\n<meta property=\"og:locale\" content=\"fr_FR\" \/>\n<meta property=\"og:type\" content=\"article\" \/>\n<meta property=\"og:title\" content=\"Moteurs \u00e9lectriques\u00a0: Technologies et solutions | Comau\" \/>\n<meta property=\"og:description\" content=\"D\u00e9couvrez les solutions Comau pour les moteurs \u00e9lectriques\u00a0: usinage et processus de fabrication dans la m\u00eame entreprise.\" \/>\n<meta property=\"og:url\" content=\"https:\/\/www.comau.com\/fr\/competencies\/products-solutions\/powertrain-machining\/power-system-products\/\" \/>\n<meta property=\"og:site_name\" content=\"Comau\" \/>\n<meta property=\"article:publisher\" content=\"https:\/\/www.facebook.com\/COMAU\/\" \/>\n<meta property=\"article:modified_time\" content=\"2022-02-07T13:07:28+00:00\" \/>\n<meta property=\"og:image\" content=\"https:\/\/www.comau.com\/wp-content\/uploads\/2021\/06\/emobility_header2.png\" \/>\n\t<meta property=\"og:image:width\" content=\"1280\" \/>\n\t<meta property=\"og:image:height\" content=\"485\" \/>\n\t<meta property=\"og:image:type\" content=\"image\/png\" \/>\n<meta name=\"twitter:card\" content=\"summary_large_image\" \/>\n<meta name=\"twitter:site\" content=\"@comaugroup\" \/>\n<meta name=\"twitter:label1\" content=\"Dur\u00e9e de lecture estim\u00e9e\" \/>\n\t<meta name=\"twitter:data1\" content=\"3 minutes\" \/>\n<script type=\"application\/ld+json\" class=\"yoast-schema-graph\">{\"@context\":\"https:\/\/schema.org\",\"@graph\":[{\"@type\":\"WebPage\",\"@id\":\"https:\/\/www.comau.com\/fr\/competencies\/products-solutions\/powertrain-machining\/power-system-products\/\",\"url\":\"https:\/\/www.comau.com\/fr\/competencies\/products-solutions\/powertrain-machining\/power-system-products\/\",\"name\":\"Moteurs \u00e9lectriques\u00a0: Technologies et solutions | Comau\",\"isPartOf\":{\"@id\":\"https:\/\/www.comau.com\/fr\/#website\"},\"primaryImageOfPage\":{\"@id\":\"https:\/\/www.comau.com\/fr\/competencies\/products-solutions\/powertrain-machining\/power-system-products\/#primaryimage\"},\"image\":{\"@id\":\"https:\/\/www.comau.com\/fr\/competencies\/products-solutions\/powertrain-machining\/power-system-products\/#primaryimage\"},\"thumbnailUrl\":\"https:\/\/www.comau.com\/wp-content\/uploads\/2021\/06\/emobility_header2.png\",\"datePublished\":\"2021-06-30T22:02:15+00:00\",\"dateModified\":\"2022-02-07T13:07:28+00:00\",\"description\":\"D\u00e9couvrez les solutions Comau pour les moteurs \u00e9lectriques\u00a0: usinage et processus de fabrication dans la m\u00eame entreprise.\",\"breadcrumb\":{\"@id\":\"https:\/\/www.comau.com\/fr\/competencies\/products-solutions\/powertrain-machining\/power-system-products\/#breadcrumb\"},\"inLanguage\":\"fr-FR\",\"potentialAction\":[{\"@type\":\"ReadAction\",\"target\":[\"https:\/\/www.comau.com\/fr\/competencies\/products-solutions\/powertrain-machining\/power-system-products\/\"]}]},{\"@type\":\"ImageObject\",\"inLanguage\":\"fr-FR\",\"@id\":\"https:\/\/www.comau.com\/fr\/competencies\/products-solutions\/powertrain-machining\/power-system-products\/#primaryimage\",\"url\":\"https:\/\/www.comau.com\/wp-content\/uploads\/2021\/06\/emobility_header2.png\",\"contentUrl\":\"https:\/\/www.comau.com\/wp-content\/uploads\/2021\/06\/emobility_header2.png\",\"width\":1280,\"height\":485},{\"@type\":\"BreadcrumbList\",\"@id\":\"https:\/\/www.comau.com\/fr\/competencies\/products-solutions\/powertrain-machining\/power-system-products\/#breadcrumb\",\"itemListElement\":[{\"@type\":\"ListItem\",\"position\":1,\"name\":\"Home\",\"item\":\"https:\/\/www.comau.com\/fr\/\"},{\"@type\":\"ListItem\",\"position\":2,\"name\":\"Nos comp\u00e9tences\",\"item\":\"https:\/\/www.comau.com\/fr\/competencies\/\"},{\"@type\":\"ListItem\",\"position\":3,\"name\":\"Products &amp; Solutions\",\"item\":\"https:\/\/www.comau.com\/fr\/competencies\/products-solutions\/\"},{\"@type\":\"ListItem\",\"position\":4,\"name\":\"Powertrain &amp; Machining\",\"item\":\"https:\/\/www.comau.com\/fr\/competencies\/products-solutions\/powertrain-machining\/\"},{\"@type\":\"ListItem\",\"position\":5,\"name\":\"Syst\u00e8mes d&rsquo;alimentation et produits\"}]},{\"@type\":\"WebSite\",\"@id\":\"https:\/\/www.comau.com\/fr\/#website\",\"url\":\"https:\/\/www.comau.com\/fr\/\",\"name\":\"Comau\",\"description\":\"Industrial automation and robotics\",\"publisher\":{\"@id\":\"https:\/\/www.comau.com\/fr\/#organization\"},\"potentialAction\":[{\"@type\":\"SearchAction\",\"target\":{\"@type\":\"EntryPoint\",\"urlTemplate\":\"https:\/\/www.comau.com\/fr\/?s={search_term_string}\"},\"query-input\":{\"@type\":\"PropertyValueSpecification\",\"valueRequired\":true,\"valueName\":\"search_term_string\"}}],\"inLanguage\":\"fr-FR\"},{\"@type\":\"Organization\",\"@id\":\"https:\/\/www.comau.com\/fr\/#organization\",\"name\":\"Comau\",\"url\":\"https:\/\/www.comau.com\/fr\/\",\"logo\":{\"@type\":\"ImageObject\",\"inLanguage\":\"fr-FR\",\"@id\":\"https:\/\/www.comau.com\/fr\/#\/schema\/logo\/image\/\",\"url\":\"https:\/\/www.comau.com\/wp-content\/uploads\/2024\/07\/cropped-Logo-COMAU.png\",\"contentUrl\":\"https:\/\/www.comau.com\/wp-content\/uploads\/2024\/07\/cropped-Logo-COMAU.png\",\"width\":434,\"height\":434,\"caption\":\"Comau\"},\"image\":{\"@id\":\"https:\/\/www.comau.com\/fr\/#\/schema\/logo\/image\/\"},\"sameAs\":[\"https:\/\/www.facebook.com\/COMAU\/\",\"https:\/\/x.com\/comaugroup\",\"https:\/\/www.instagram.com\/comaugroup\/\",\"https:\/\/www.linkedin.com\/company\/comau\",\"https:\/\/www.youtube.com\/user\/comau\"]}]}<\/script>\n<!-- \/ Yoast SEO plugin. -->","yoast_head_json":{"title":"Moteurs \u00e9lectriques\u00a0: Technologies et solutions | Comau","description":"D\u00e9couvrez les solutions Comau pour les moteurs \u00e9lectriques\u00a0: usinage et processus de fabrication dans la m\u00eame entreprise.","robots":{"index":"index","follow":"follow","max-snippet":"max-snippet:-1","max-image-preview":"max-image-preview:large","max-video-preview":"max-video-preview:-1"},"canonical":"https:\/\/www.comau.com\/fr\/competencies\/products-solutions\/powertrain-machining\/power-system-products\/","og_locale":"fr_FR","og_type":"article","og_title":"Moteurs \u00e9lectriques\u00a0: Technologies et solutions | Comau","og_description":"D\u00e9couvrez les solutions Comau pour les moteurs \u00e9lectriques\u00a0: usinage et processus de fabrication dans la m\u00eame entreprise.","og_url":"https:\/\/www.comau.com\/fr\/competencies\/products-solutions\/powertrain-machining\/power-system-products\/","og_site_name":"Comau","article_publisher":"https:\/\/www.facebook.com\/COMAU\/","article_modified_time":"2022-02-07T13:07:28+00:00","og_image":[{"width":1280,"height":485,"url":"https:\/\/www.comau.com\/wp-content\/uploads\/2021\/06\/emobility_header2.png","type":"image\/png"}],"twitter_card":"summary_large_image","twitter_site":"@comaugroup","twitter_misc":{"Dur\u00e9e de lecture estim\u00e9e":"3 minutes"},"schema":{"@context":"https:\/\/schema.org","@graph":[{"@type":"WebPage","@id":"https:\/\/www.comau.com\/fr\/competencies\/products-solutions\/powertrain-machining\/power-system-products\/","url":"https:\/\/www.comau.com\/fr\/competencies\/products-solutions\/powertrain-machining\/power-system-products\/","name":"Moteurs \u00e9lectriques\u00a0: Technologies et solutions | Comau","isPartOf":{"@id":"https:\/\/www.comau.com\/fr\/#website"},"primaryImageOfPage":{"@id":"https:\/\/www.comau.com\/fr\/competencies\/products-solutions\/powertrain-machining\/power-system-products\/#primaryimage"},"image":{"@id":"https:\/\/www.comau.com\/fr\/competencies\/products-solutions\/powertrain-machining\/power-system-products\/#primaryimage"},"thumbnailUrl":"https:\/\/www.comau.com\/wp-content\/uploads\/2021\/06\/emobility_header2.png","datePublished":"2021-06-30T22:02:15+00:00","dateModified":"2022-02-07T13:07:28+00:00","description":"D\u00e9couvrez les solutions Comau pour les moteurs \u00e9lectriques\u00a0: usinage et processus de fabrication dans la m\u00eame entreprise.","breadcrumb":{"@id":"https:\/\/www.comau.com\/fr\/competencies\/products-solutions\/powertrain-machining\/power-system-products\/#breadcrumb"},"inLanguage":"fr-FR","potentialAction":[{"@type":"ReadAction","target":["https:\/\/www.comau.com\/fr\/competencies\/products-solutions\/powertrain-machining\/power-system-products\/"]}]},{"@type":"ImageObject","inLanguage":"fr-FR","@id":"https:\/\/www.comau.com\/fr\/competencies\/products-solutions\/powertrain-machining\/power-system-products\/#primaryimage","url":"https:\/\/www.comau.com\/wp-content\/uploads\/2021\/06\/emobility_header2.png","contentUrl":"https:\/\/www.comau.com\/wp-content\/uploads\/2021\/06\/emobility_header2.png","width":1280,"height":485},{"@type":"BreadcrumbList","@id":"https:\/\/www.comau.com\/fr\/competencies\/products-solutions\/powertrain-machining\/power-system-products\/#breadcrumb","itemListElement":[{"@type":"ListItem","position":1,"name":"Home","item":"https:\/\/www.comau.com\/fr\/"},{"@type":"ListItem","position":2,"name":"Nos comp\u00e9tences","item":"https:\/\/www.comau.com\/fr\/competencies\/"},{"@type":"ListItem","position":3,"name":"Products &amp; Solutions","item":"https:\/\/www.comau.com\/fr\/competencies\/products-solutions\/"},{"@type":"ListItem","position":4,"name":"Powertrain &amp; Machining","item":"https:\/\/www.comau.com\/fr\/competencies\/products-solutions\/powertrain-machining\/"},{"@type":"ListItem","position":5,"name":"Syst\u00e8mes d&rsquo;alimentation et produits"}]},{"@type":"WebSite","@id":"https:\/\/www.comau.com\/fr\/#website","url":"https:\/\/www.comau.com\/fr\/","name":"Comau","description":"Industrial automation and robotics","publisher":{"@id":"https:\/\/www.comau.com\/fr\/#organization"},"potentialAction":[{"@type":"SearchAction","target":{"@type":"EntryPoint","urlTemplate":"https:\/\/www.comau.com\/fr\/?s={search_term_string}"},"query-input":{"@type":"PropertyValueSpecification","valueRequired":true,"valueName":"search_term_string"}}],"inLanguage":"fr-FR"},{"@type":"Organization","@id":"https:\/\/www.comau.com\/fr\/#organization","name":"Comau","url":"https:\/\/www.comau.com\/fr\/","logo":{"@type":"ImageObject","inLanguage":"fr-FR","@id":"https:\/\/www.comau.com\/fr\/#\/schema\/logo\/image\/","url":"https:\/\/www.comau.com\/wp-content\/uploads\/2024\/07\/cropped-Logo-COMAU.png","contentUrl":"https:\/\/www.comau.com\/wp-content\/uploads\/2024\/07\/cropped-Logo-COMAU.png","width":434,"height":434,"caption":"Comau"},"image":{"@id":"https:\/\/www.comau.com\/fr\/#\/schema\/logo\/image\/"},"sameAs":["https:\/\/www.facebook.com\/COMAU\/","https:\/\/x.com\/comaugroup","https:\/\/www.instagram.com\/comaugroup\/","https:\/\/www.linkedin.com\/company\/comau","https:\/\/www.youtube.com\/user\/comau"]}]}},"_links":{"self":[{"href":"https:\/\/www.comau.com\/fr\/wp-json\/wp\/v2\/pages\/5946","targetHints":{"allow":["GET"]}}],"collection":[{"href":"https:\/\/www.comau.com\/fr\/wp-json\/wp\/v2\/pages"}],"about":[{"href":"https:\/\/www.comau.com\/fr\/wp-json\/wp\/v2\/types\/page"}],"author":[{"embeddable":true,"href":"https:\/\/www.comau.com\/fr\/wp-json\/wp\/v2\/users\/11"}],"replies":[{"embeddable":true,"href":"https:\/\/www.comau.com\/fr\/wp-json\/wp\/v2\/comments?post=5946"}],"version-history":[{"count":46,"href":"https:\/\/www.comau.com\/fr\/wp-json\/wp\/v2\/pages\/5946\/revisions"}],"predecessor-version":[{"id":42022,"href":"https:\/\/www.comau.com\/fr\/wp-json\/wp\/v2\/pages\/5946\/revisions\/42022"}],"up":[{"embeddable":true,"href":"https:\/\/www.comau.com\/fr\/wp-json\/wp\/v2\/pages\/4805"}],"wp:featuredmedia":[{"embeddable":true,"href":"https:\/\/www.comau.com\/fr\/wp-json\/wp\/v2\/media\/5956"}],"wp:attachment":[{"href":"https:\/\/www.comau.com\/fr\/wp-json\/wp\/v2\/media?parent=5946"}],"curies":[{"name":"wp","href":"https:\/\/api.w.org\/{rel}","templated":true}]}}