{"id":5354,"date":"2021-06-01T00:09:04","date_gmt":"2021-05-31T22:09:04","guid":{"rendered":"https:\/\/www.comau.com\/?page_id=5354"},"modified":"2023-05-17T00:46:29","modified_gmt":"2023-05-16T22:46:29","slug":"funded-projects","status":"publish","type":"page","link":"https:\/\/www.comau.com\/fr\/about-us\/funded-projects\/","title":{"rendered":"Funded Projects"},"content":{"rendered":"\n<h2 class=\"wp-block-heading\" id=\"projects\">Projets<\/h2>\n\n\n\n<p>Le paysage industriel \u00e9volue constamment. C\u2019est pourquoi Comau collabore activement avec un r\u00e9seau international de recherche qui r\u00e9alise de nombreux projets visant \u00e0 nourrir l\u2019innovation et la comp\u00e9titivit\u00e9 dans des secteurs strat\u00e9giques de la soci\u00e9t\u00e9. Aux c\u00f4t\u00e9s d\u2019\u00e9tablissements publics, d\u2019universit\u00e9s et d\u2019entreprises priv\u00e9es, nous utilisons notre riche exp\u00e9rience et notre savoir-faire en robotique, automatisation, \u00e9lectrification, groupe motopropulseur et usinage pour aider de grands fabricants et des PME \u00e0 suivre le rythme du changement sur les march\u00e9s mondiaux.<\/p>\n\n\n\n<div class=\"wp-block-columns is-layout-flex wp-container-core-columns-is-layout-9d6595d7 wp-block-columns-is-layout-flex\">\n<div class=\"wp-block-column is-layout-flow wp-block-column-is-layout-flow\">\n<h3 class=\"h3 wp-block-heading\" id=\"powertrain-machining\"><strong>Groupe motopropulseur et usinage<\/strong><\/h3>\n\n\n\n<figure class=\"wp-block-image size-large\"><img decoding=\"async\" width=\"1024\" height=\"683\" src=\"https:\/\/www.comau.com\/wp-content\/uploads\/2021\/12\/d0c58795a0c559f14c2baffd7655fcd2-1024x683.jpg\" alt=\"\" class=\"wp-image-40202\" srcset=\"https:\/\/www.comau.com\/wp-content\/uploads\/2021\/12\/d0c58795a0c559f14c2baffd7655fcd2-1024x683.jpg 1024w, https:\/\/www.comau.com\/wp-content\/uploads\/2021\/12\/d0c58795a0c559f14c2baffd7655fcd2-300x200.jpg 300w, https:\/\/www.comau.com\/wp-content\/uploads\/2021\/12\/d0c58795a0c559f14c2baffd7655fcd2-768x512.jpg 768w, https:\/\/www.comau.com\/wp-content\/uploads\/2021\/12\/d0c58795a0c559f14c2baffd7655fcd2.jpg 1236w\" sizes=\"(max-width: 1024px) 100vw, 1024px\" \/><\/figure>\n\n\n\n<p>Au fil des ann\u00e9es, l\u2019exp\u00e9rience de Comau dans le domaine du groupe motopropulseur et de l\u2019usinage est devenue un atout important pour le d\u00e9veloppement de nombreux projets europ\u00e9ens.<\/p>\n\n\n\n<div class=\"wp-block-buttons is-layout-flex wp-block-buttons-is-layout-flex\">\n<div class=\"wp-block-button\"><a class=\"wp-block-button__link wp-element-button\" href=\"https:\/\/www.comau.com\/en\/our-offer\/systems\/powertrain-machining\/\">En savoir plus<\/a><\/div>\n<\/div>\n<\/div>\n\n\n\n<div class=\"wp-block-column is-layout-flow wp-block-column-is-layout-flow\">\n<h3 class=\"h3 wp-block-heading\" id=\"robotics\">Robotique<\/h3>\n\n\n\n<figure class=\"wp-block-image size-large\"><img decoding=\"async\" width=\"1024\" height=\"683\" src=\"https:\/\/www.comau.com\/wp-content\/uploads\/2021\/12\/2ad4c4d31a97ac7de034a3a4d3908fde-1024x683.jpg\" alt=\"\" class=\"wp-image-40215\" srcset=\"https:\/\/www.comau.com\/wp-content\/uploads\/2021\/12\/2ad4c4d31a97ac7de034a3a4d3908fde-1024x683.jpg 1024w, https:\/\/www.comau.com\/wp-content\/uploads\/2021\/12\/2ad4c4d31a97ac7de034a3a4d3908fde-300x200.jpg 300w, https:\/\/www.comau.com\/wp-content\/uploads\/2021\/12\/2ad4c4d31a97ac7de034a3a4d3908fde-768x512.jpg 768w, https:\/\/www.comau.com\/wp-content\/uploads\/2021\/12\/2ad4c4d31a97ac7de034a3a4d3908fde.jpg 1236w\" sizes=\"(max-width: 1024px) 100vw, 1024px\" \/><\/figure>\n\n\n\n<p>Gr\u00e2ce \u00e0 des d\u00e9cennies d\u2019exp\u00e9rience, Comau s\u2019est fait un nom dans l\u2019industrie de la robotique.<\/p>\n\n\n\n<div class=\"wp-block-buttons is-layout-flex wp-block-buttons-is-layout-flex\">\n<div class=\"wp-block-button\"><a class=\"wp-block-button__link wp-element-button\" href=\"https:\/\/www.comau.com\/en\/about-us\/funded-projects\/robotics\/\">En savoir plus<\/a><\/div>\n<\/div>\n<\/div>\n<\/div>\n\n\n\n<div class=\"wp-block-columns is-layout-flex wp-container-core-columns-is-layout-9d6595d7 wp-block-columns-is-layout-flex\">\n<div class=\"wp-block-column is-layout-flow wp-block-column-is-layout-flow\">\n<h3 class=\"h3 wp-block-heading\" id=\"electrification\">\u00c9lectrification<\/h3>\n\n\n\n<figure class=\"wp-block-image size-large\"><img decoding=\"async\" width=\"1024\" height=\"683\" src=\"https:\/\/www.comau.com\/wp-content\/uploads\/2021\/12\/bab347429023515b276770d624beb964-1024x683.jpg\" alt=\"\" class=\"wp-image-40222\" srcset=\"https:\/\/www.comau.com\/wp-content\/uploads\/2021\/12\/bab347429023515b276770d624beb964-1024x683.jpg 1024w, https:\/\/www.comau.com\/wp-content\/uploads\/2021\/12\/bab347429023515b276770d624beb964-300x200.jpg 300w, https:\/\/www.comau.com\/wp-content\/uploads\/2021\/12\/bab347429023515b276770d624beb964-768x512.jpg 768w, https:\/\/www.comau.com\/wp-content\/uploads\/2021\/12\/bab347429023515b276770d624beb964.jpg 1236w\" sizes=\"(max-width: 1024px) 100vw, 1024px\" \/><\/figure>\n\n\n\n<p>De la mobilit\u00e9 \u00e0 la fabrication industrielle, l\u2019\u00e9lectrification red\u00e9finit les contours de l\u2019industrie europ\u00e9enne.<\/p>\n\n\n\n<div class=\"wp-block-buttons is-layout-flex wp-block-buttons-is-layout-flex\">\n<div class=\"wp-block-button\"><a class=\"wp-block-button__link wp-element-button\" href=\"https:\/\/www.comau.com\/en\/about-us\/funded-projects\/electrification\/\">En savoir plus<\/a><\/div>\n<\/div>\n<\/div>\n\n\n\n<div class=\"wp-block-column is-layout-flow wp-block-column-is-layout-flow\">\n<h3 class=\"h3 wp-block-heading\" id=\"automation-system\">Syst\u00e8me d\u2019automatisation<\/h3>\n\n\n\n<figure class=\"wp-block-image size-full\"><img decoding=\"async\" width=\"1024\" height=\"683\" src=\"https:\/\/www.comau.com\/wp-content\/uploads\/2021\/12\/Automation-System-1.jpg\" alt=\"\" class=\"wp-image-40977\" srcset=\"https:\/\/www.comau.com\/wp-content\/uploads\/2021\/12\/Automation-System-1.jpg 1024w, https:\/\/www.comau.com\/wp-content\/uploads\/2021\/12\/Automation-System-1-300x200.jpg 300w, https:\/\/www.comau.com\/wp-content\/uploads\/2021\/12\/Automation-System-1-768x512.jpg 768w\" sizes=\"(max-width: 1024px) 100vw, 1024px\" \/><\/figure>\n\n\n\n<p>Avec son catalogue complet de syst\u00e8mes d\u2019automatisation, Comau est un partenaire important de nombreux projets nationaux et internationaux.<\/p>\n\n\n\n<div class=\"wp-block-buttons is-layout-flex wp-block-buttons-is-layout-flex\">\n<div class=\"wp-block-button\"><a class=\"wp-block-button__link wp-element-button\" href=\"https:\/\/www.comau.com\/en\/about-us\/funded-projects\/automation-system\/\">En savoir plus<\/a><\/div>\n<\/div>\n<\/div>\n<\/div>\n\n\n\n<div class=\"wp-block-columns is-layout-flex wp-container-core-columns-is-layout-9d6595d7 wp-block-columns-is-layout-flex\">\n<div class=\"wp-block-column is-layout-flow wp-block-column-is-layout-flow\">\n<h3 class=\"h3 wp-block-heading\" id=\"digital-innovation\">Innovation num\u00e9rique<\/h3>\n\n\n\n<figure class=\"wp-block-image size-large\"><img decoding=\"async\" width=\"1024\" height=\"683\" src=\"https:\/\/www.comau.com\/wp-content\/uploads\/2021\/12\/aca627849905f30cd9d164fe07c8fd25-1024x683.jpg\" alt=\"\" class=\"wp-image-40234\" srcset=\"https:\/\/www.comau.com\/wp-content\/uploads\/2021\/12\/aca627849905f30cd9d164fe07c8fd25-1024x683.jpg 1024w, https:\/\/www.comau.com\/wp-content\/uploads\/2021\/12\/aca627849905f30cd9d164fe07c8fd25-300x200.jpg 300w, https:\/\/www.comau.com\/wp-content\/uploads\/2021\/12\/aca627849905f30cd9d164fe07c8fd25-768x512.jpg 768w, https:\/\/www.comau.com\/wp-content\/uploads\/2021\/12\/aca627849905f30cd9d164fe07c8fd25.jpg 1236w\" sizes=\"(max-width: 1024px) 100vw, 1024px\" \/><\/figure>\n\n\n\n<p>L\u2019expertise num\u00e9rique de Comau a \u00e9t\u00e9 cruciale dans de nombreux projets europ\u00e9ens au fil du temps.<\/p>\n\n\n\n<div class=\"wp-block-buttons is-layout-flex wp-block-buttons-is-layout-flex\">\n<div class=\"wp-block-button\"><a class=\"wp-block-button__link wp-element-button\" href=\"https:\/\/www.comau.com\/en\/about-us\/funded-projects\/digital-innovation-projects\/\">En savoir plus<\/a><\/div>\n<\/div>\n<\/div>\n\n\n\n<div class=\"wp-block-column is-layout-flow wp-block-column-is-layout-flow\"><\/div>\n<\/div>\n","protected":false},"excerpt":{"rendered":"<p>Projets Le paysage industriel \u00e9volue constamment. C\u2019est pourquoi Comau collabore activement avec un r\u00e9seau international de recherche qui r\u00e9alise de nombreux projets visant \u00e0 nourrir l\u2019innovation et la comp\u00e9titivit\u00e9 dans des secteurs strat\u00e9giques de la soci\u00e9t\u00e9. Aux c\u00f4t\u00e9s d\u2019\u00e9tablissements publics, d\u2019universit\u00e9s et d\u2019entreprises priv\u00e9es, nous utilisons notre riche exp\u00e9rience et notre savoir-faire en robotique, automatisation, [&hellip;]<\/p>\n","protected":false},"author":11,"featured_media":40209,"parent":5215,"menu_order":9,"comment_status":"closed","ping_status":"closed","template":"","meta":{"_acf_changed":false,"ep_exclude_from_search":false,"footnotes":""},"class_list":["post-5354","page","type-page","status-publish","has-post-thumbnail","hentry"],"acf":[],"yoast_head":"<!-- This site is optimized with the Yoast SEO plugin v26.9 - https:\/\/yoast.com\/product\/yoast-seo-wordpress\/ -->\n<title>Projets d&#039;automatisation industrielle et des syst\u00e8mes | Comau<\/title>\n<meta name=\"description\" content=\"Consultez les projets d&#039;automatisation industrielle r\u00e9alis\u00e9s par Comau les plus adapt\u00e9s \u00e0 vos exigences.\" \/>\n<meta name=\"robots\" content=\"index, follow, max-snippet:-1, max-image-preview:large, max-video-preview:-1\" \/>\n<link rel=\"canonical\" href=\"https:\/\/www.comau.com\/fr\/about-us\/funded-projects\/\" \/>\n<meta property=\"og:locale\" content=\"fr_FR\" \/>\n<meta property=\"og:type\" content=\"article\" \/>\n<meta property=\"og:title\" content=\"Projets d&#039;automatisation industrielle et des syst\u00e8mes | Comau\" \/>\n<meta property=\"og:description\" content=\"Consultez les projets d&#039;automatisation industrielle r\u00e9alis\u00e9s par Comau les plus adapt\u00e9s \u00e0 vos exigences.\" \/>\n<meta property=\"og:url\" content=\"https:\/\/www.comau.com\/fr\/about-us\/funded-projects\/\" \/>\n<meta property=\"og:site_name\" content=\"Comau\" \/>\n<meta property=\"article:publisher\" content=\"https:\/\/www.facebook.com\/COMAU\/\" \/>\n<meta property=\"article:modified_time\" content=\"2023-05-16T22:46:29+00:00\" \/>\n<meta property=\"og:image\" content=\"https:\/\/www.comau.com\/wp-content\/uploads\/2021\/12\/shutterstock_1708245121-scaled.jpg\" \/>\n\t<meta property=\"og:image:width\" content=\"2560\" \/>\n\t<meta property=\"og:image:height\" content=\"808\" \/>\n\t<meta property=\"og:image:type\" content=\"image\/jpeg\" \/>\n<meta name=\"twitter:card\" content=\"summary_large_image\" \/>\n<meta name=\"twitter:site\" content=\"@comaugroup\" \/>\n<meta name=\"twitter:label1\" content=\"Dur\u00e9e de lecture estim\u00e9e\" \/>\n\t<meta name=\"twitter:data1\" content=\"2 minutes\" \/>\n<script type=\"application\/ld+json\" class=\"yoast-schema-graph\">{\"@context\":\"https:\/\/schema.org\",\"@graph\":[{\"@type\":\"WebPage\",\"@id\":\"https:\/\/www.comau.com\/fr\/about-us\/funded-projects\/\",\"url\":\"https:\/\/www.comau.com\/fr\/about-us\/funded-projects\/\",\"name\":\"Projets d'automatisation industrielle et des syst\u00e8mes | Comau\",\"isPartOf\":{\"@id\":\"https:\/\/www.comau.com\/fr\/#website\"},\"primaryImageOfPage\":{\"@id\":\"https:\/\/www.comau.com\/fr\/about-us\/funded-projects\/#primaryimage\"},\"image\":{\"@id\":\"https:\/\/www.comau.com\/fr\/about-us\/funded-projects\/#primaryimage\"},\"thumbnailUrl\":\"https:\/\/www.comau.com\/wp-content\/uploads\/2021\/12\/shutterstock_1708245121-scaled.jpg\",\"datePublished\":\"2021-05-31T22:09:04+00:00\",\"dateModified\":\"2023-05-16T22:46:29+00:00\",\"description\":\"Consultez les projets d'automatisation industrielle r\u00e9alis\u00e9s par Comau les plus adapt\u00e9s \u00e0 vos exigences.\",\"breadcrumb\":{\"@id\":\"https:\/\/www.comau.com\/fr\/about-us\/funded-projects\/#breadcrumb\"},\"inLanguage\":\"fr-FR\",\"potentialAction\":[{\"@type\":\"ReadAction\",\"target\":[\"https:\/\/www.comau.com\/fr\/about-us\/funded-projects\/\"]}]},{\"@type\":\"ImageObject\",\"inLanguage\":\"fr-FR\",\"@id\":\"https:\/\/www.comau.com\/fr\/about-us\/funded-projects\/#primaryimage\",\"url\":\"https:\/\/www.comau.com\/wp-content\/uploads\/2021\/12\/shutterstock_1708245121-scaled.jpg\",\"contentUrl\":\"https:\/\/www.comau.com\/wp-content\/uploads\/2021\/12\/shutterstock_1708245121-scaled.jpg\",\"width\":2560,\"height\":808},{\"@type\":\"BreadcrumbList\",\"@id\":\"https:\/\/www.comau.com\/fr\/about-us\/funded-projects\/#breadcrumb\",\"itemListElement\":[{\"@type\":\"ListItem\",\"position\":1,\"name\":\"Home\",\"item\":\"https:\/\/www.comau.com\/fr\/\"},{\"@type\":\"ListItem\",\"position\":2,\"name\":\"\u00c0 propos de Comau\",\"item\":\"https:\/\/www.comau.com\/fr\/about-us\/\"},{\"@type\":\"ListItem\",\"position\":3,\"name\":\"Funded Projects\"}]},{\"@type\":\"WebSite\",\"@id\":\"https:\/\/www.comau.com\/fr\/#website\",\"url\":\"https:\/\/www.comau.com\/fr\/\",\"name\":\"Comau\",\"description\":\"Industrial automation and robotics\",\"publisher\":{\"@id\":\"https:\/\/www.comau.com\/fr\/#organization\"},\"potentialAction\":[{\"@type\":\"SearchAction\",\"target\":{\"@type\":\"EntryPoint\",\"urlTemplate\":\"https:\/\/www.comau.com\/fr\/?s={search_term_string}\"},\"query-input\":{\"@type\":\"PropertyValueSpecification\",\"valueRequired\":true,\"valueName\":\"search_term_string\"}}],\"inLanguage\":\"fr-FR\"},{\"@type\":\"Organization\",\"@id\":\"https:\/\/www.comau.com\/fr\/#organization\",\"name\":\"Comau\",\"url\":\"https:\/\/www.comau.com\/fr\/\",\"logo\":{\"@type\":\"ImageObject\",\"inLanguage\":\"fr-FR\",\"@id\":\"https:\/\/www.comau.com\/fr\/#\/schema\/logo\/image\/\",\"url\":\"https:\/\/www.comau.com\/wp-content\/uploads\/2024\/07\/cropped-Logo-COMAU.png\",\"contentUrl\":\"https:\/\/www.comau.com\/wp-content\/uploads\/2024\/07\/cropped-Logo-COMAU.png\",\"width\":434,\"height\":434,\"caption\":\"Comau\"},\"image\":{\"@id\":\"https:\/\/www.comau.com\/fr\/#\/schema\/logo\/image\/\"},\"sameAs\":[\"https:\/\/www.facebook.com\/COMAU\/\",\"https:\/\/x.com\/comaugroup\",\"https:\/\/www.instagram.com\/comaugroup\/\",\"https:\/\/www.linkedin.com\/company\/comau\",\"https:\/\/www.youtube.com\/user\/comau\"]}]}<\/script>\n<!-- \/ Yoast SEO plugin. -->","yoast_head_json":{"title":"Projets d'automatisation industrielle et des syst\u00e8mes | Comau","description":"Consultez les projets d'automatisation industrielle r\u00e9alis\u00e9s par Comau les plus adapt\u00e9s \u00e0 vos exigences.","robots":{"index":"index","follow":"follow","max-snippet":"max-snippet:-1","max-image-preview":"max-image-preview:large","max-video-preview":"max-video-preview:-1"},"canonical":"https:\/\/www.comau.com\/fr\/about-us\/funded-projects\/","og_locale":"fr_FR","og_type":"article","og_title":"Projets d'automatisation industrielle et des syst\u00e8mes | Comau","og_description":"Consultez les projets d'automatisation industrielle r\u00e9alis\u00e9s par Comau les plus adapt\u00e9s \u00e0 vos exigences.","og_url":"https:\/\/www.comau.com\/fr\/about-us\/funded-projects\/","og_site_name":"Comau","article_publisher":"https:\/\/www.facebook.com\/COMAU\/","article_modified_time":"2023-05-16T22:46:29+00:00","og_image":[{"width":2560,"height":808,"url":"https:\/\/www.comau.com\/wp-content\/uploads\/2021\/12\/shutterstock_1708245121-scaled.jpg","type":"image\/jpeg"}],"twitter_card":"summary_large_image","twitter_site":"@comaugroup","twitter_misc":{"Dur\u00e9e de lecture estim\u00e9e":"2 minutes"},"schema":{"@context":"https:\/\/schema.org","@graph":[{"@type":"WebPage","@id":"https:\/\/www.comau.com\/fr\/about-us\/funded-projects\/","url":"https:\/\/www.comau.com\/fr\/about-us\/funded-projects\/","name":"Projets d'automatisation industrielle et des syst\u00e8mes | Comau","isPartOf":{"@id":"https:\/\/www.comau.com\/fr\/#website"},"primaryImageOfPage":{"@id":"https:\/\/www.comau.com\/fr\/about-us\/funded-projects\/#primaryimage"},"image":{"@id":"https:\/\/www.comau.com\/fr\/about-us\/funded-projects\/#primaryimage"},"thumbnailUrl":"https:\/\/www.comau.com\/wp-content\/uploads\/2021\/12\/shutterstock_1708245121-scaled.jpg","datePublished":"2021-05-31T22:09:04+00:00","dateModified":"2023-05-16T22:46:29+00:00","description":"Consultez les projets d'automatisation industrielle r\u00e9alis\u00e9s par Comau les plus adapt\u00e9s \u00e0 vos exigences.","breadcrumb":{"@id":"https:\/\/www.comau.com\/fr\/about-us\/funded-projects\/#breadcrumb"},"inLanguage":"fr-FR","potentialAction":[{"@type":"ReadAction","target":["https:\/\/www.comau.com\/fr\/about-us\/funded-projects\/"]}]},{"@type":"ImageObject","inLanguage":"fr-FR","@id":"https:\/\/www.comau.com\/fr\/about-us\/funded-projects\/#primaryimage","url":"https:\/\/www.comau.com\/wp-content\/uploads\/2021\/12\/shutterstock_1708245121-scaled.jpg","contentUrl":"https:\/\/www.comau.com\/wp-content\/uploads\/2021\/12\/shutterstock_1708245121-scaled.jpg","width":2560,"height":808},{"@type":"BreadcrumbList","@id":"https:\/\/www.comau.com\/fr\/about-us\/funded-projects\/#breadcrumb","itemListElement":[{"@type":"ListItem","position":1,"name":"Home","item":"https:\/\/www.comau.com\/fr\/"},{"@type":"ListItem","position":2,"name":"\u00c0 propos de Comau","item":"https:\/\/www.comau.com\/fr\/about-us\/"},{"@type":"ListItem","position":3,"name":"Funded Projects"}]},{"@type":"WebSite","@id":"https:\/\/www.comau.com\/fr\/#website","url":"https:\/\/www.comau.com\/fr\/","name":"Comau","description":"Industrial automation and robotics","publisher":{"@id":"https:\/\/www.comau.com\/fr\/#organization"},"potentialAction":[{"@type":"SearchAction","target":{"@type":"EntryPoint","urlTemplate":"https:\/\/www.comau.com\/fr\/?s={search_term_string}"},"query-input":{"@type":"PropertyValueSpecification","valueRequired":true,"valueName":"search_term_string"}}],"inLanguage":"fr-FR"},{"@type":"Organization","@id":"https:\/\/www.comau.com\/fr\/#organization","name":"Comau","url":"https:\/\/www.comau.com\/fr\/","logo":{"@type":"ImageObject","inLanguage":"fr-FR","@id":"https:\/\/www.comau.com\/fr\/#\/schema\/logo\/image\/","url":"https:\/\/www.comau.com\/wp-content\/uploads\/2024\/07\/cropped-Logo-COMAU.png","contentUrl":"https:\/\/www.comau.com\/wp-content\/uploads\/2024\/07\/cropped-Logo-COMAU.png","width":434,"height":434,"caption":"Comau"},"image":{"@id":"https:\/\/www.comau.com\/fr\/#\/schema\/logo\/image\/"},"sameAs":["https:\/\/www.facebook.com\/COMAU\/","https:\/\/x.com\/comaugroup","https:\/\/www.instagram.com\/comaugroup\/","https:\/\/www.linkedin.com\/company\/comau","https:\/\/www.youtube.com\/user\/comau"]}]}},"_links":{"self":[{"href":"https:\/\/www.comau.com\/fr\/wp-json\/wp\/v2\/pages\/5354","targetHints":{"allow":["GET"]}}],"collection":[{"href":"https:\/\/www.comau.com\/fr\/wp-json\/wp\/v2\/pages"}],"about":[{"href":"https:\/\/www.comau.com\/fr\/wp-json\/wp\/v2\/types\/page"}],"author":[{"embeddable":true,"href":"https:\/\/www.comau.com\/fr\/wp-json\/wp\/v2\/users\/11"}],"replies":[{"embeddable":true,"href":"https:\/\/www.comau.com\/fr\/wp-json\/wp\/v2\/comments?post=5354"}],"version-history":[{"count":71,"href":"https:\/\/www.comau.com\/fr\/wp-json\/wp\/v2\/pages\/5354\/revisions"}],"predecessor-version":[{"id":53265,"href":"https:\/\/www.comau.com\/fr\/wp-json\/wp\/v2\/pages\/5354\/revisions\/53265"}],"up":[{"embeddable":true,"href":"https:\/\/www.comau.com\/fr\/wp-json\/wp\/v2\/pages\/5215"}],"wp:featuredmedia":[{"embeddable":true,"href":"https:\/\/www.comau.com\/fr\/wp-json\/wp\/v2\/media\/40209"}],"wp:attachment":[{"href":"https:\/\/www.comau.com\/fr\/wp-json\/wp\/v2\/media?parent=5354"}],"curies":[{"name":"wp","href":"https:\/\/api.w.org\/{rel}","templated":true}]}}