{"id":5346,"date":"2021-06-01T00:08:19","date_gmt":"2021-05-31T22:08:19","guid":{"rendered":"https:\/\/www.comau.com\/?page_id=5346"},"modified":"2025-04-07T09:47:16","modified_gmt":"2025-04-07T07:47:16","slug":"suppliers","status":"publish","type":"page","link":"https:\/\/www.comau.com\/fr\/about-us\/suppliers\/","title":{"rendered":"Fornisseurs"},"content":{"rendered":"\n<p>Comau comprend le r\u00f4le important que jouent nos fournisseurs en nous aidant \u00e0 aider nos clients. <\/p>\n\n\n\n<p>Chez Comau, nous consid\u00e9rons nos fournisseurs comme des partenaires. Des partenaires importants, sur lesquels nous comptons pour prot\u00e9ger notre performance et la qualit\u00e9 constante qui fait la r\u00e9putation de Comau. C&rsquo;est pourquoi nous nous effor\u00e7ons de vous fournir les outils et services n\u00e9cessaires pour am\u00e9liorer vos connaissances, vous soutenir plus efficacement dans vos activit\u00e9s et b\u00e2tir une relation \u00e9troite et productive avec Comau. <\/p>\n\n\n\n<p>Nous nous engageons \u00e0 vous aider :<\/p>\n\n\n\n<ul class=\"wp-block-list\">\n<li>Acc\u00e8s aux informations en temps r\u00e9el<\/li>\n\n\n\n<li>Cr\u00e9ation et r\u00e9vision ais\u00e9e des bons de commande et factures<\/li>\n\n\n\n<li>R\u00e9duction des co\u00fbts op\u00e9rationnels par des processus de modernisation <\/li>\n\n\n\n<li>Facilitation des communications si des questions font surface<\/li>\n\n\n\n<li>Informations g\u00e9n\u00e9rales sur vos pratiques commerciales et vos besoins d&rsquo;informations compl\u00e9mentaires<\/li>\n<\/ul>\n\n\n\n<div class=\"wp-block-getwid-toggle download-dropdown has-icon-left\">\n<div class=\"wp-block-getwid-toggle__row\"><div class=\"wp-block-getwid-toggle__header-wrapper\"><span class=\"wp-block-getwid-toggle__header\"><a href=\"#\"><span class=\"wp-block-getwid-toggle__header-title\">Download<\/span><span class=\"wp-block-getwid-toggle__icon is-active\"><i class=\"fas fa-plus\"><\/i><\/span><span class=\"wp-block-getwid-toggle__icon is-passive\"><i class=\"fas fa-minus\"><\/i><\/span><\/a><\/span><\/div><div class=\"wp-block-getwid-toggle__content-wrapper\"><div class=\"wp-block-getwid-toggle__content\">\n<div class=\"wp-block-getwid-button-group\"><div class=\"wp-block-getwid-button-group__wrapper\">\n<div class=\"wp-block-button\"><a class=\"wp-block-button__link wp-element-button\" href=\"https:\/\/www.comau.com\/wp-content\/uploads\/2021\/06\/EN_supplierstermsconditions_usa.pdf\" target=\"_blank\" rel=\"noreferrer noopener\">Termes et conditions \u00c9tats-Unis<\/a><\/div>\n\n\n\n<div class=\"wp-block-button\"><a class=\"wp-block-button__link wp-element-button\" href=\"https:\/\/www.comau.com\/wp-content\/uploads\/2021\/06\/EN_routinginstructions_suppliers_mexico.pdf\" target=\"_blank\" rel=\"noreferrer noopener\">Guide Comau pour les fournisseurs Mexique<\/a><\/div>\n\n\n\n<div class=\"wp-block-button\"><a class=\"wp-block-button__link wp-element-button\" href=\"https:\/\/www.comau.com\/wp-content\/uploads\/2022\/09\/COMAU-AT___Termos-e-Condicoes-Gerais-para-a-Compra-de-Bens-e-Produtos__v1.10.2021.pdf\" target=\"_blank\" rel=\"noreferrer noopener\">Terms and Conditions Brazil<\/a><\/div>\n\n\n\n<div class=\"wp-block-button\"><a class=\"wp-block-button__link wp-element-button\" href=\"https:\/\/www.comau.com\/wp-content\/uploads\/2025\/04\/EN_routinginstructions_suppliers_usa-april-2025.pdf\" target=\"_blank\" rel=\"noreferrer noopener\">Guide Comau pour les fournisseurs \u00c9tats-Unis<\/a><\/div>\n\n\n\n<div class=\"wp-block-button\"><a class=\"wp-block-button__link wp-element-button\" href=\"https:\/\/www.comau.com\/wp-content\/uploads\/2021\/06\/EN_ES_supplierstermsconditions_mexico.pdf\" target=\"_blank\" rel=\"noreferrer noopener\">Termes et conditions Mexique EN et ES<\/a><\/div>\n\n\n\n<div class=\"wp-block-button\"><a class=\"wp-block-button__link wp-element-button\" href=\"https:\/\/www.comau.com\/wp-content\/uploads\/2021\/06\/Comau_California_Transparency_SupplyChains_Act.pdf\" target=\"_blank\" rel=\"noreferrer noopener\">\u201cCalifornia Transparency in Supply Chains Act\u201d Statement<\/a><\/div>\n<\/div><\/div>\n<\/div><\/div><\/div>\n<\/div>\n\n\n\n<p><\/p>\n","protected":false},"excerpt":{"rendered":"<p>Comau comprend le r\u00f4le important que jouent nos fournisseurs en nous aidant \u00e0 aider nos clients. Chez Comau, nous consid\u00e9rons nos fournisseurs comme des partenaires. Des partenaires importants, sur lesquels nous comptons pour prot\u00e9ger notre performance et la qualit\u00e9 constante qui fait la r\u00e9putation de Comau. C&rsquo;est pourquoi nous nous effor\u00e7ons de vous fournir les [&hellip;]<\/p>\n","protected":false},"author":11,"featured_media":4163,"parent":5215,"menu_order":8,"comment_status":"closed","ping_status":"closed","template":"","meta":{"_acf_changed":false,"ep_exclude_from_search":false,"footnotes":""},"class_list":["post-5346","page","type-page","status-publish","has-post-thumbnail","hentry"],"acf":[],"yoast_head":"<!-- This site is optimized with the Yoast SEO plugin v26.9 - https:\/\/yoast.com\/product\/yoast-seo-wordpress\/ -->\n<title>Fornisseurs - Comau<\/title>\n<meta name=\"robots\" content=\"index, follow, max-snippet:-1, max-image-preview:large, max-video-preview:-1\" \/>\n<link rel=\"canonical\" href=\"https:\/\/www.comau.com\/fr\/about-us\/suppliers\/\" \/>\n<meta property=\"og:locale\" content=\"fr_FR\" \/>\n<meta property=\"og:type\" content=\"article\" \/>\n<meta property=\"og:title\" content=\"Fornisseurs - Comau\" \/>\n<meta property=\"og:description\" content=\"Comau comprend le r\u00f4le important que jouent nos fournisseurs en nous aidant \u00e0 aider nos clients. Chez Comau, nous consid\u00e9rons nos fournisseurs comme des partenaires. Des partenaires importants, sur lesquels nous comptons pour prot\u00e9ger notre performance et la qualit\u00e9 constante qui fait la r\u00e9putation de Comau. C&rsquo;est pourquoi nous nous effor\u00e7ons de vous fournir les [&hellip;]\" \/>\n<meta property=\"og:url\" content=\"https:\/\/www.comau.com\/fr\/about-us\/suppliers\/\" \/>\n<meta property=\"og:site_name\" content=\"Comau\" \/>\n<meta property=\"article:publisher\" content=\"https:\/\/www.facebook.com\/COMAU\/\" \/>\n<meta property=\"article:modified_time\" content=\"2025-04-07T07:47:16+00:00\" \/>\n<meta property=\"og:image\" content=\"https:\/\/www.comau.com\/wp-content\/uploads\/2021\/06\/suppliers_header.jpg\" \/>\n\t<meta property=\"og:image:width\" content=\"1280\" \/>\n\t<meta property=\"og:image:height\" content=\"485\" \/>\n\t<meta property=\"og:image:type\" content=\"image\/jpeg\" \/>\n<meta name=\"twitter:card\" content=\"summary_large_image\" \/>\n<meta name=\"twitter:site\" content=\"@comaugroup\" \/>\n<meta name=\"twitter:label1\" content=\"Dur\u00e9e de lecture estim\u00e9e\" \/>\n\t<meta name=\"twitter:data1\" content=\"2 minutes\" \/>\n<script type=\"application\/ld+json\" class=\"yoast-schema-graph\">{\"@context\":\"https:\/\/schema.org\",\"@graph\":[{\"@type\":\"WebPage\",\"@id\":\"https:\/\/www.comau.com\/fr\/about-us\/suppliers\/\",\"url\":\"https:\/\/www.comau.com\/fr\/about-us\/suppliers\/\",\"name\":\"Fornisseurs - Comau\",\"isPartOf\":{\"@id\":\"https:\/\/www.comau.com\/fr\/#website\"},\"primaryImageOfPage\":{\"@id\":\"https:\/\/www.comau.com\/fr\/about-us\/suppliers\/#primaryimage\"},\"image\":{\"@id\":\"https:\/\/www.comau.com\/fr\/about-us\/suppliers\/#primaryimage\"},\"thumbnailUrl\":\"https:\/\/www.comau.com\/wp-content\/uploads\/2021\/06\/suppliers_header.jpg\",\"datePublished\":\"2021-05-31T22:08:19+00:00\",\"dateModified\":\"2025-04-07T07:47:16+00:00\",\"breadcrumb\":{\"@id\":\"https:\/\/www.comau.com\/fr\/about-us\/suppliers\/#breadcrumb\"},\"inLanguage\":\"fr-FR\",\"potentialAction\":[{\"@type\":\"ReadAction\",\"target\":[\"https:\/\/www.comau.com\/fr\/about-us\/suppliers\/\"]}]},{\"@type\":\"ImageObject\",\"inLanguage\":\"fr-FR\",\"@id\":\"https:\/\/www.comau.com\/fr\/about-us\/suppliers\/#primaryimage\",\"url\":\"https:\/\/www.comau.com\/wp-content\/uploads\/2021\/06\/suppliers_header.jpg\",\"contentUrl\":\"https:\/\/www.comau.com\/wp-content\/uploads\/2021\/06\/suppliers_header.jpg\",\"width\":1280,\"height\":485},{\"@type\":\"BreadcrumbList\",\"@id\":\"https:\/\/www.comau.com\/fr\/about-us\/suppliers\/#breadcrumb\",\"itemListElement\":[{\"@type\":\"ListItem\",\"position\":1,\"name\":\"Home\",\"item\":\"https:\/\/www.comau.com\/fr\/\"},{\"@type\":\"ListItem\",\"position\":2,\"name\":\"\u00c0 propos de Comau\",\"item\":\"https:\/\/www.comau.com\/fr\/about-us\/\"},{\"@type\":\"ListItem\",\"position\":3,\"name\":\"Fornisseurs\"}]},{\"@type\":\"WebSite\",\"@id\":\"https:\/\/www.comau.com\/fr\/#website\",\"url\":\"https:\/\/www.comau.com\/fr\/\",\"name\":\"Comau\",\"description\":\"Industrial automation and robotics\",\"publisher\":{\"@id\":\"https:\/\/www.comau.com\/fr\/#organization\"},\"potentialAction\":[{\"@type\":\"SearchAction\",\"target\":{\"@type\":\"EntryPoint\",\"urlTemplate\":\"https:\/\/www.comau.com\/fr\/?s={search_term_string}\"},\"query-input\":{\"@type\":\"PropertyValueSpecification\",\"valueRequired\":true,\"valueName\":\"search_term_string\"}}],\"inLanguage\":\"fr-FR\"},{\"@type\":\"Organization\",\"@id\":\"https:\/\/www.comau.com\/fr\/#organization\",\"name\":\"Comau\",\"url\":\"https:\/\/www.comau.com\/fr\/\",\"logo\":{\"@type\":\"ImageObject\",\"inLanguage\":\"fr-FR\",\"@id\":\"https:\/\/www.comau.com\/fr\/#\/schema\/logo\/image\/\",\"url\":\"https:\/\/www.comau.com\/wp-content\/uploads\/2024\/07\/cropped-Logo-COMAU.png\",\"contentUrl\":\"https:\/\/www.comau.com\/wp-content\/uploads\/2024\/07\/cropped-Logo-COMAU.png\",\"width\":434,\"height\":434,\"caption\":\"Comau\"},\"image\":{\"@id\":\"https:\/\/www.comau.com\/fr\/#\/schema\/logo\/image\/\"},\"sameAs\":[\"https:\/\/www.facebook.com\/COMAU\/\",\"https:\/\/x.com\/comaugroup\",\"https:\/\/www.instagram.com\/comaugroup\/\",\"https:\/\/www.linkedin.com\/company\/comau\",\"https:\/\/www.youtube.com\/user\/comau\"]}]}<\/script>\n<!-- \/ Yoast SEO plugin. -->","yoast_head_json":{"title":"Fornisseurs - Comau","robots":{"index":"index","follow":"follow","max-snippet":"max-snippet:-1","max-image-preview":"max-image-preview:large","max-video-preview":"max-video-preview:-1"},"canonical":"https:\/\/www.comau.com\/fr\/about-us\/suppliers\/","og_locale":"fr_FR","og_type":"article","og_title":"Fornisseurs - Comau","og_description":"Comau comprend le r\u00f4le important que jouent nos fournisseurs en nous aidant \u00e0 aider nos clients. Chez Comau, nous consid\u00e9rons nos fournisseurs comme des partenaires. Des partenaires importants, sur lesquels nous comptons pour prot\u00e9ger notre performance et la qualit\u00e9 constante qui fait la r\u00e9putation de Comau. C&rsquo;est pourquoi nous nous effor\u00e7ons de vous fournir les [&hellip;]","og_url":"https:\/\/www.comau.com\/fr\/about-us\/suppliers\/","og_site_name":"Comau","article_publisher":"https:\/\/www.facebook.com\/COMAU\/","article_modified_time":"2025-04-07T07:47:16+00:00","og_image":[{"width":1280,"height":485,"url":"https:\/\/www.comau.com\/wp-content\/uploads\/2021\/06\/suppliers_header.jpg","type":"image\/jpeg"}],"twitter_card":"summary_large_image","twitter_site":"@comaugroup","twitter_misc":{"Dur\u00e9e de lecture estim\u00e9e":"2 minutes"},"schema":{"@context":"https:\/\/schema.org","@graph":[{"@type":"WebPage","@id":"https:\/\/www.comau.com\/fr\/about-us\/suppliers\/","url":"https:\/\/www.comau.com\/fr\/about-us\/suppliers\/","name":"Fornisseurs - Comau","isPartOf":{"@id":"https:\/\/www.comau.com\/fr\/#website"},"primaryImageOfPage":{"@id":"https:\/\/www.comau.com\/fr\/about-us\/suppliers\/#primaryimage"},"image":{"@id":"https:\/\/www.comau.com\/fr\/about-us\/suppliers\/#primaryimage"},"thumbnailUrl":"https:\/\/www.comau.com\/wp-content\/uploads\/2021\/06\/suppliers_header.jpg","datePublished":"2021-05-31T22:08:19+00:00","dateModified":"2025-04-07T07:47:16+00:00","breadcrumb":{"@id":"https:\/\/www.comau.com\/fr\/about-us\/suppliers\/#breadcrumb"},"inLanguage":"fr-FR","potentialAction":[{"@type":"ReadAction","target":["https:\/\/www.comau.com\/fr\/about-us\/suppliers\/"]}]},{"@type":"ImageObject","inLanguage":"fr-FR","@id":"https:\/\/www.comau.com\/fr\/about-us\/suppliers\/#primaryimage","url":"https:\/\/www.comau.com\/wp-content\/uploads\/2021\/06\/suppliers_header.jpg","contentUrl":"https:\/\/www.comau.com\/wp-content\/uploads\/2021\/06\/suppliers_header.jpg","width":1280,"height":485},{"@type":"BreadcrumbList","@id":"https:\/\/www.comau.com\/fr\/about-us\/suppliers\/#breadcrumb","itemListElement":[{"@type":"ListItem","position":1,"name":"Home","item":"https:\/\/www.comau.com\/fr\/"},{"@type":"ListItem","position":2,"name":"\u00c0 propos de Comau","item":"https:\/\/www.comau.com\/fr\/about-us\/"},{"@type":"ListItem","position":3,"name":"Fornisseurs"}]},{"@type":"WebSite","@id":"https:\/\/www.comau.com\/fr\/#website","url":"https:\/\/www.comau.com\/fr\/","name":"Comau","description":"Industrial automation and robotics","publisher":{"@id":"https:\/\/www.comau.com\/fr\/#organization"},"potentialAction":[{"@type":"SearchAction","target":{"@type":"EntryPoint","urlTemplate":"https:\/\/www.comau.com\/fr\/?s={search_term_string}"},"query-input":{"@type":"PropertyValueSpecification","valueRequired":true,"valueName":"search_term_string"}}],"inLanguage":"fr-FR"},{"@type":"Organization","@id":"https:\/\/www.comau.com\/fr\/#organization","name":"Comau","url":"https:\/\/www.comau.com\/fr\/","logo":{"@type":"ImageObject","inLanguage":"fr-FR","@id":"https:\/\/www.comau.com\/fr\/#\/schema\/logo\/image\/","url":"https:\/\/www.comau.com\/wp-content\/uploads\/2024\/07\/cropped-Logo-COMAU.png","contentUrl":"https:\/\/www.comau.com\/wp-content\/uploads\/2024\/07\/cropped-Logo-COMAU.png","width":434,"height":434,"caption":"Comau"},"image":{"@id":"https:\/\/www.comau.com\/fr\/#\/schema\/logo\/image\/"},"sameAs":["https:\/\/www.facebook.com\/COMAU\/","https:\/\/x.com\/comaugroup","https:\/\/www.instagram.com\/comaugroup\/","https:\/\/www.linkedin.com\/company\/comau","https:\/\/www.youtube.com\/user\/comau"]}]}},"_links":{"self":[{"href":"https:\/\/www.comau.com\/fr\/wp-json\/wp\/v2\/pages\/5346","targetHints":{"allow":["GET"]}}],"collection":[{"href":"https:\/\/www.comau.com\/fr\/wp-json\/wp\/v2\/pages"}],"about":[{"href":"https:\/\/www.comau.com\/fr\/wp-json\/wp\/v2\/types\/page"}],"author":[{"embeddable":true,"href":"https:\/\/www.comau.com\/fr\/wp-json\/wp\/v2\/users\/11"}],"replies":[{"embeddable":true,"href":"https:\/\/www.comau.com\/fr\/wp-json\/wp\/v2\/comments?post=5346"}],"version-history":[{"count":27,"href":"https:\/\/www.comau.com\/fr\/wp-json\/wp\/v2\/pages\/5346\/revisions"}],"predecessor-version":[{"id":75297,"href":"https:\/\/www.comau.com\/fr\/wp-json\/wp\/v2\/pages\/5346\/revisions\/75297"}],"up":[{"embeddable":true,"href":"https:\/\/www.comau.com\/fr\/wp-json\/wp\/v2\/pages\/5215"}],"wp:featuredmedia":[{"embeddable":true,"href":"https:\/\/www.comau.com\/fr\/wp-json\/wp\/v2\/media\/4163"}],"wp:attachment":[{"href":"https:\/\/www.comau.com\/fr\/wp-json\/wp\/v2\/media?parent=5346"}],"curies":[{"name":"wp","href":"https:\/\/api.w.org\/{rel}","templated":true}]}}