{"id":5303,"date":"2021-06-01T00:05:31","date_gmt":"2021-05-31T22:05:31","guid":{"rendered":"https:\/\/www.comau.com\/?page_id=5303"},"modified":"2026-04-21T12:58:59","modified_gmt":"2026-04-21T10:58:59","slug":"quality-and-sustainability","status":"publish","type":"page","link":"https:\/\/www.comau.com\/fr\/about-us\/quality-and-sustainability\/","title":{"rendered":"Qualit\u00e9"},"content":{"rendered":"\n<h2 class=\"wp-block-heading has-text-color has-link-color wp-elements-9a6cf72cf0cf3f15999af965a362e402\" style=\"color:#0046ad\">Mission de Comau concernant la qualit\u00e9<\/h2>\n\n\n\n<p><strong>Le syst\u00e8me de gestion de la qualit\u00e9 de Comau r\u00e9pond aux normes internationales les plus r\u00e9centes<\/strong> &#8211; dont ISO 9001:2015, ISO 14001:2015, ISO 50001 et OHSAS 18001 &#8211; et concerne tous les \u00e9tablissements de l\u2019entreprise dans le monde.<\/p>\n\n\n\n<p>Ainsi, <strong>Comau montre la grande importance et l\u2019attention constante qu\u2019elle accorde aux questions de qualit\u00e9<\/strong> et de d\u00e9veloppement durable, qui concernent chaque aspect de son activit\u00e9.<\/p>\n\n\n\n<p>Le client, les partenaires, les fournisseurs et toutes les personnes qui travaillent dans les diff\u00e9rentes \u00e9quipes constituent toujours le point de d\u00e9part de ses meilleures pratiques. <strong>Chaque politique adopt\u00e9e pour la qualit\u00e9, l\u2019environnement, la s\u00e9curit\u00e9 ou l\u2019\u00e9nergie est l\u2019expression des valeurs qui caract\u00e9risent la philosophie d\u2019entreprise de Comau<\/strong>, depuis toujours tourn\u00e9e vers l\u2019excellence productive et l\u2019innovation technologique afin de garantir des produits et des services qui r\u00e9pondent pleinement aux besoins des clients, dans le plus grand respect de l\u2019environnement, de l\u2019homme et de son travail.<\/p>\n\n\n\n<div style=\"height:25px\" aria-hidden=\"true\" class=\"wp-block-spacer\"><\/div>\n\n\n\n<h2 class=\"wp-block-heading has-text-color has-link-color wp-elements-36e41886ad8b07d762311f2cd465ab30\" style=\"color:#0046ad\">Politique de Comau relative \u00e0 la qualit\u00e9<\/h2>\n\n\n\n<p>Lire nos politiques relatives \u00e0 la qualit\u00e9, \u00e0 l\u2019\u00e9nergie, \u00e0 l\u2019environnement, \u00e0 la sant\u00e9 et \u00e0 la s\u00e9curit\u00e9 :<\/p>\n\n\n\n<div class=\"wp-block-buttons is-layout-flex wp-block-buttons-is-layout-flex\">\n<div class=\"wp-block-button is-style-outline is-style-outline--1\"><a class=\"wp-block-button__link has-text-color has-link-color wp-element-button\" href=\"https:\/\/www.comau.com\/wp-content\/uploads\/2022\/06\/2022-05-Quality-Policy-signed.pdf\" style=\"border-radius:100px;color:#414141\" target=\"_blank\" rel=\"noreferrer noopener\">Quality Policy<\/a><\/div>\n\n\n\n<div class=\"wp-block-button is-style-outline is-style-outline--2\"><a class=\"wp-block-button__link has-text-color has-link-color wp-element-button\" href=\"https:\/\/www.comau.com\/wp-content\/uploads\/2025\/03\/Comau-Global-Energy-policy.pdf\" style=\"border-radius:100px;color:#414141\" target=\"_blank\" rel=\"noreferrer noopener\">Energy Policy<\/a><\/div>\n\n\n\n<div class=\"wp-block-button is-style-outline is-style-outline--3\"><a class=\"wp-block-button__link has-text-color has-link-color wp-element-button\" href=\"https:\/\/www.comau.com\/wp-content\/uploads\/2021\/06\/Environmental-Protection.pdf\" style=\"border-radius:100px;color:#414141\" target=\"_blank\" rel=\"noreferrer noopener\">Environment Policy<\/a><\/div>\n\n\n\n<div class=\"wp-block-button is-style-outline is-style-outline--4\"><a class=\"wp-block-button__link has-text-color has-link-color wp-element-button\" href=\"https:\/\/www.comau.com\/wp-content\/uploads\/2026\/02\/HS-Policy.pdf\" style=\"border-radius:100px;color:#414141\" target=\"_blank\" rel=\"noreferrer noopener\">Health &amp; Safety Policy<\/a><\/div>\n<\/div>\n\n\n\n<div style=\"height:25px\" aria-hidden=\"true\" class=\"wp-block-spacer\"><\/div>\n\n\n\n<h2 class=\"wp-block-heading has-text-color has-link-color wp-elements-fc6a541500ea1488a27cd175ba6da599\" style=\"color:#0046ad\">Certification du syst\u00e8me de gestion de la qualit\u00e9 de Comau<\/h2>\n\n\n\n<p>\u200bLire la certification attestant le respect par Comau des exigences demand\u00e9es par la norme ISO 9001:2015 au niveau mondial:<\/p>\n\n\n\n<div class=\"wp-block-buttons is-layout-flex wp-block-buttons-is-layout-flex\">\n<div class=\"wp-block-button is-style-outline is-style-outline--5\"><a class=\"wp-block-button__link has-white-background-color has-text-color has-background has-link-color wp-element-button\" href=\"https:\/\/www.comau.com\/wp-content\/uploads\/2025\/07\/COMAU_ISO_9001-ENG-C572635-5-20250707.pdf\" style=\"border-radius:100px;color:#414141\" target=\"_blank\" rel=\"\">ISO 9001:2015 Corporate Certificate<\/a><\/div>\n<\/div>\n\n\n\n<div style=\"height:25px\" aria-hidden=\"true\" class=\"wp-block-spacer\"><\/div>\n\n\n\n<h2 class=\"wp-block-heading has-text-color has-link-color wp-elements-ba8c05ac010a88533ae0909cb8c26b1e\" style=\"color:#0046ad\">Syst\u00e8me de gestion de la s\u00e9curit\u00e9 de l&rsquo;information<\/h2>\n\n\n\n<p>Comau s&rsquo;engage \u00e0 prot\u00e9ger la confidentialit\u00e9, l&rsquo;int\u00e9grit\u00e9 et la disponibilit\u00e9 de ses informations et de celles qui lui sont confi\u00e9es par ses clients, partenaires et employ\u00e9s. La pr\u00e9sente politique de s\u00e9curit\u00e9 de l&rsquo;information d\u00e9crit notre engagement et fournit le cadre de gestion des risques li\u00e9s \u00e0 la s\u00e9curit\u00e9 de l&rsquo;information, conform\u00e9ment aux normes internationalement reconnues, notamment ISO\/IEC 27001 et TISAX (Trusted Information Security Assessment Exchange).<\/p>\n\n\n\n<p>Comau examine et am\u00e9liore r\u00e9guli\u00e8rement son syst\u00e8me de gestion de la s\u00e9curit\u00e9 de l&rsquo;information (SGSI) afin de faire face \u00e0 l&rsquo;\u00e9volution des menaces et des technologies.<\/p>\n\n\n\n<p>Cette politique s&rsquo;applique \u00e0 toutes les informations, quel que soit leur format (num\u00e9rique, physique, verbal), et \u00e0 tous les actifs de traitement de l&rsquo;information d\u00e9tenus ou utilis\u00e9s par Comau. Elle couvre tous les employ\u00e9s, sous-traitants et tiers qui ont acc\u00e8s \u00e0 nos syst\u00e8mes d&rsquo;information.<\/p>\n\n\n\n<p>Notre SMSI est structur\u00e9 de mani\u00e8re \u00e0 r\u00e9pondre aux exigences de la norme ISO\/IEC 27001:2022. Nous avons mis en place une approche de la s\u00e9curit\u00e9 de l&rsquo;information bas\u00e9e sur les risques, et nos contr\u00f4les de s\u00e9curit\u00e9 sont d\u00e9riv\u00e9s des contr\u00f4les de l&rsquo;annexe A de la norme ISO 27001. En outre, en tant que participant \u00e0 la cha\u00eene d&rsquo;approvisionnement automobile, nous nous engageons \u00e0 respecter les exigences de s\u00e9curit\u00e9 de l&rsquo;information de TISAX.<\/p>\n\n\n\n<div class=\"wp-block-buttons is-layout-flex wp-block-buttons-is-layout-flex\">\n<div class=\"wp-block-button is-style-outline is-style-outline--6\"><a class=\"wp-block-button__link has-text-color has-link-color wp-element-button\" href=\"https:\/\/www.comau.com\/wp-content\/uploads\/2025\/10\/MSC-Certificate-1.pdf\" style=\"border-radius:100px;color:#414141\" target=\"_blank\" rel=\"\">ISO\/IEC 27001:2022 CERTIFICATE<\/a><\/div>\n\n\n\n<div class=\"wp-block-button is-style-outline is-style-outline--7\"><a class=\"wp-block-button__link has-text-color has-link-color has-text-align-center wp-element-button\" href=\"https:\/\/www.comau.com\/wp-content\/uploads\/2026\/04\/Scope-SL1TPX-Comau-Tisax-Certification_IT_DE_RO.pdf\" style=\"border-radius:100px;color:#414141\" target=\"_blank\" rel=\"noreferrer noopener\">TISAX Europe&nbsp;<\/a><\/div>\n\n\n\n<div class=\"wp-block-button is-style-outline is-style-outline--8\"><a class=\"wp-block-button__link has-text-color has-link-color wp-element-button\" href=\"https:\/\/www.comau.com\/wp-content\/uploads\/2026\/04\/Scope-SRN107-Comau-Tisax-Certification_BR.pdf\" style=\"border-radius:100px;color:#414141\" target=\"_blank\" rel=\"noreferrer noopener\">TISAX Brazil<\/a><\/div>\n<\/div>\n\n\n\n<div class=\"wp-block-buttons is-layout-flex wp-block-buttons-is-layout-flex\"><\/div>\n\n\n\n<p>\u00c0 cet \u00e9gard, Comau a d\u00e9cid\u00e9 de mettre en place un syst\u00e8me ISMS visant \u00e0 garantir des niveaux ad\u00e9quats de confidentialit\u00e9, d&rsquo;int\u00e9grit\u00e9 et de disponibilit\u00e9 des informations.<\/p>\n\n\n\n<div style=\"height:25px\" aria-hidden=\"true\" class=\"wp-block-spacer\"><\/div>\n\n\n\n<p class=\"has-medium-font-size\"><strong>Acc\u00e8s \u00e0 notre politique de s\u00e9curit\u00e9 de l&rsquo;information<\/strong><\/p>\n\n\n\n<p>La documentation compl\u00e8te relative \u00e0 notre politique de s\u00e9curit\u00e9 de l&rsquo;information est publique et disponible sur demande. Veuillez contacter <strong>isms@comau.com<\/strong> pour plus d&rsquo;informations.<\/p>\n\n\n\n<div class=\"wp-block-buttons is-layout-flex wp-block-buttons-is-layout-flex\">\n<div class=\"wp-block-button is-style-outline is-style-outline--9\"><a class=\"wp-block-button__link has-text-color has-link-color wp-element-button\" href=\"https:\/\/www.comau.com\/wp-content\/uploads\/2026\/04\/Information-Security-Policy-Abstract.pdf\" style=\"border-radius:100px;color:#414141\" target=\"_blank\" rel=\"noreferrer noopener\">Information Security Policy Abstract<\/a><\/div>\n<\/div>\n\n\n\n<div style=\"height:25px\" aria-hidden=\"true\" class=\"wp-block-spacer\"><\/div>\n\n\n\n<p><\/p>\n","protected":false},"excerpt":{"rendered":"<p>Mission de Comau concernant la qualit\u00e9 Le syst\u00e8me de gestion de la qualit\u00e9 de Comau r\u00e9pond aux normes internationales les plus r\u00e9centes &#8211; dont ISO 9001:2015, ISO 14001:2015, ISO 50001 et OHSAS 18001 &#8211; et concerne tous les \u00e9tablissements de l\u2019entreprise dans le monde. Ainsi, Comau montre la grande importance et l\u2019attention constante qu\u2019elle accorde [&hellip;]<\/p>\n","protected":false},"author":11,"featured_media":4331,"parent":5215,"menu_order":5,"comment_status":"closed","ping_status":"closed","template":"","meta":{"_acf_changed":false,"ep_exclude_from_search":false,"footnotes":""},"class_list":["post-5303","page","type-page","status-publish","has-post-thumbnail","hentry"],"acf":[],"yoast_head":"<!-- This site is optimized with the Yoast SEO plugin v26.9 - https:\/\/yoast.com\/product\/yoast-seo-wordpress\/ -->\n<title>Qualit\u00e9 - Comau<\/title>\n<meta name=\"robots\" content=\"index, follow, max-snippet:-1, max-image-preview:large, max-video-preview:-1\" \/>\n<link rel=\"canonical\" href=\"https:\/\/www.comau.com\/fr\/about-us\/quality-and-sustainability\/\" \/>\n<meta property=\"og:locale\" content=\"fr_FR\" \/>\n<meta property=\"og:type\" content=\"article\" \/>\n<meta property=\"og:title\" content=\"Qualit\u00e9 - Comau\" \/>\n<meta property=\"og:description\" content=\"Mission de Comau concernant la qualit\u00e9 Le syst\u00e8me de gestion de la qualit\u00e9 de Comau r\u00e9pond aux normes internationales les plus r\u00e9centes &#8211; dont ISO 9001:2015, ISO 14001:2015, ISO 50001 et OHSAS 18001 &#8211; et concerne tous les \u00e9tablissements de l\u2019entreprise dans le monde. Ainsi, Comau montre la grande importance et l\u2019attention constante qu\u2019elle accorde [&hellip;]\" \/>\n<meta property=\"og:url\" content=\"https:\/\/www.comau.com\/fr\/about-us\/quality-and-sustainability\/\" \/>\n<meta property=\"og:site_name\" content=\"Comau\" \/>\n<meta property=\"article:publisher\" content=\"https:\/\/www.facebook.com\/COMAU\/\" \/>\n<meta property=\"article:modified_time\" content=\"2026-04-21T10:58:59+00:00\" \/>\n<meta property=\"og:image\" content=\"https:\/\/www.comau.com\/wp-content\/uploads\/2021\/06\/sustainabily_header.jpg\" \/>\n\t<meta property=\"og:image:width\" content=\"1280\" \/>\n\t<meta property=\"og:image:height\" content=\"485\" \/>\n\t<meta property=\"og:image:type\" content=\"image\/jpeg\" \/>\n<meta name=\"twitter:card\" content=\"summary_large_image\" \/>\n<meta name=\"twitter:site\" content=\"@comaugroup\" \/>\n<meta name=\"twitter:label1\" content=\"Dur\u00e9e de lecture estim\u00e9e\" \/>\n\t<meta name=\"twitter:data1\" content=\"3 minutes\" \/>\n<script type=\"application\/ld+json\" class=\"yoast-schema-graph\">{\"@context\":\"https:\/\/schema.org\",\"@graph\":[{\"@type\":\"WebPage\",\"@id\":\"https:\/\/www.comau.com\/fr\/about-us\/quality-and-sustainability\/\",\"url\":\"https:\/\/www.comau.com\/fr\/about-us\/quality-and-sustainability\/\",\"name\":\"Qualit\u00e9 - Comau\",\"isPartOf\":{\"@id\":\"https:\/\/www.comau.com\/fr\/#website\"},\"primaryImageOfPage\":{\"@id\":\"https:\/\/www.comau.com\/fr\/about-us\/quality-and-sustainability\/#primaryimage\"},\"image\":{\"@id\":\"https:\/\/www.comau.com\/fr\/about-us\/quality-and-sustainability\/#primaryimage\"},\"thumbnailUrl\":\"https:\/\/www.comau.com\/wp-content\/uploads\/2021\/06\/sustainabily_header.jpg\",\"datePublished\":\"2021-05-31T22:05:31+00:00\",\"dateModified\":\"2026-04-21T10:58:59+00:00\",\"breadcrumb\":{\"@id\":\"https:\/\/www.comau.com\/fr\/about-us\/quality-and-sustainability\/#breadcrumb\"},\"inLanguage\":\"fr-FR\",\"potentialAction\":[{\"@type\":\"ReadAction\",\"target\":[\"https:\/\/www.comau.com\/fr\/about-us\/quality-and-sustainability\/\"]}]},{\"@type\":\"ImageObject\",\"inLanguage\":\"fr-FR\",\"@id\":\"https:\/\/www.comau.com\/fr\/about-us\/quality-and-sustainability\/#primaryimage\",\"url\":\"https:\/\/www.comau.com\/wp-content\/uploads\/2021\/06\/sustainabily_header.jpg\",\"contentUrl\":\"https:\/\/www.comau.com\/wp-content\/uploads\/2021\/06\/sustainabily_header.jpg\",\"width\":1280,\"height\":485},{\"@type\":\"BreadcrumbList\",\"@id\":\"https:\/\/www.comau.com\/fr\/about-us\/quality-and-sustainability\/#breadcrumb\",\"itemListElement\":[{\"@type\":\"ListItem\",\"position\":1,\"name\":\"Home\",\"item\":\"https:\/\/www.comau.com\/fr\/\"},{\"@type\":\"ListItem\",\"position\":2,\"name\":\"\u00c0 propos de Comau\",\"item\":\"https:\/\/www.comau.com\/fr\/about-us\/\"},{\"@type\":\"ListItem\",\"position\":3,\"name\":\"Qualit\u00e9\"}]},{\"@type\":\"WebSite\",\"@id\":\"https:\/\/www.comau.com\/fr\/#website\",\"url\":\"https:\/\/www.comau.com\/fr\/\",\"name\":\"Comau\",\"description\":\"Industrial automation and robotics\",\"publisher\":{\"@id\":\"https:\/\/www.comau.com\/fr\/#organization\"},\"potentialAction\":[{\"@type\":\"SearchAction\",\"target\":{\"@type\":\"EntryPoint\",\"urlTemplate\":\"https:\/\/www.comau.com\/fr\/?s={search_term_string}\"},\"query-input\":{\"@type\":\"PropertyValueSpecification\",\"valueRequired\":true,\"valueName\":\"search_term_string\"}}],\"inLanguage\":\"fr-FR\"},{\"@type\":\"Organization\",\"@id\":\"https:\/\/www.comau.com\/fr\/#organization\",\"name\":\"Comau\",\"url\":\"https:\/\/www.comau.com\/fr\/\",\"logo\":{\"@type\":\"ImageObject\",\"inLanguage\":\"fr-FR\",\"@id\":\"https:\/\/www.comau.com\/fr\/#\/schema\/logo\/image\/\",\"url\":\"https:\/\/www.comau.com\/wp-content\/uploads\/2024\/07\/cropped-Logo-COMAU.png\",\"contentUrl\":\"https:\/\/www.comau.com\/wp-content\/uploads\/2024\/07\/cropped-Logo-COMAU.png\",\"width\":434,\"height\":434,\"caption\":\"Comau\"},\"image\":{\"@id\":\"https:\/\/www.comau.com\/fr\/#\/schema\/logo\/image\/\"},\"sameAs\":[\"https:\/\/www.facebook.com\/COMAU\/\",\"https:\/\/x.com\/comaugroup\",\"https:\/\/www.instagram.com\/comaugroup\/\",\"https:\/\/www.linkedin.com\/company\/comau\",\"https:\/\/www.youtube.com\/user\/comau\"]}]}<\/script>\n<!-- \/ Yoast SEO plugin. -->","yoast_head_json":{"title":"Qualit\u00e9 - Comau","robots":{"index":"index","follow":"follow","max-snippet":"max-snippet:-1","max-image-preview":"max-image-preview:large","max-video-preview":"max-video-preview:-1"},"canonical":"https:\/\/www.comau.com\/fr\/about-us\/quality-and-sustainability\/","og_locale":"fr_FR","og_type":"article","og_title":"Qualit\u00e9 - Comau","og_description":"Mission de Comau concernant la qualit\u00e9 Le syst\u00e8me de gestion de la qualit\u00e9 de Comau r\u00e9pond aux normes internationales les plus r\u00e9centes &#8211; dont ISO 9001:2015, ISO 14001:2015, ISO 50001 et OHSAS 18001 &#8211; et concerne tous les \u00e9tablissements de l\u2019entreprise dans le monde. Ainsi, Comau montre la grande importance et l\u2019attention constante qu\u2019elle accorde [&hellip;]","og_url":"https:\/\/www.comau.com\/fr\/about-us\/quality-and-sustainability\/","og_site_name":"Comau","article_publisher":"https:\/\/www.facebook.com\/COMAU\/","article_modified_time":"2026-04-21T10:58:59+00:00","og_image":[{"width":1280,"height":485,"url":"https:\/\/www.comau.com\/wp-content\/uploads\/2021\/06\/sustainabily_header.jpg","type":"image\/jpeg"}],"twitter_card":"summary_large_image","twitter_site":"@comaugroup","twitter_misc":{"Dur\u00e9e de lecture estim\u00e9e":"3 minutes"},"schema":{"@context":"https:\/\/schema.org","@graph":[{"@type":"WebPage","@id":"https:\/\/www.comau.com\/fr\/about-us\/quality-and-sustainability\/","url":"https:\/\/www.comau.com\/fr\/about-us\/quality-and-sustainability\/","name":"Qualit\u00e9 - Comau","isPartOf":{"@id":"https:\/\/www.comau.com\/fr\/#website"},"primaryImageOfPage":{"@id":"https:\/\/www.comau.com\/fr\/about-us\/quality-and-sustainability\/#primaryimage"},"image":{"@id":"https:\/\/www.comau.com\/fr\/about-us\/quality-and-sustainability\/#primaryimage"},"thumbnailUrl":"https:\/\/www.comau.com\/wp-content\/uploads\/2021\/06\/sustainabily_header.jpg","datePublished":"2021-05-31T22:05:31+00:00","dateModified":"2026-04-21T10:58:59+00:00","breadcrumb":{"@id":"https:\/\/www.comau.com\/fr\/about-us\/quality-and-sustainability\/#breadcrumb"},"inLanguage":"fr-FR","potentialAction":[{"@type":"ReadAction","target":["https:\/\/www.comau.com\/fr\/about-us\/quality-and-sustainability\/"]}]},{"@type":"ImageObject","inLanguage":"fr-FR","@id":"https:\/\/www.comau.com\/fr\/about-us\/quality-and-sustainability\/#primaryimage","url":"https:\/\/www.comau.com\/wp-content\/uploads\/2021\/06\/sustainabily_header.jpg","contentUrl":"https:\/\/www.comau.com\/wp-content\/uploads\/2021\/06\/sustainabily_header.jpg","width":1280,"height":485},{"@type":"BreadcrumbList","@id":"https:\/\/www.comau.com\/fr\/about-us\/quality-and-sustainability\/#breadcrumb","itemListElement":[{"@type":"ListItem","position":1,"name":"Home","item":"https:\/\/www.comau.com\/fr\/"},{"@type":"ListItem","position":2,"name":"\u00c0 propos de Comau","item":"https:\/\/www.comau.com\/fr\/about-us\/"},{"@type":"ListItem","position":3,"name":"Qualit\u00e9"}]},{"@type":"WebSite","@id":"https:\/\/www.comau.com\/fr\/#website","url":"https:\/\/www.comau.com\/fr\/","name":"Comau","description":"Industrial automation and robotics","publisher":{"@id":"https:\/\/www.comau.com\/fr\/#organization"},"potentialAction":[{"@type":"SearchAction","target":{"@type":"EntryPoint","urlTemplate":"https:\/\/www.comau.com\/fr\/?s={search_term_string}"},"query-input":{"@type":"PropertyValueSpecification","valueRequired":true,"valueName":"search_term_string"}}],"inLanguage":"fr-FR"},{"@type":"Organization","@id":"https:\/\/www.comau.com\/fr\/#organization","name":"Comau","url":"https:\/\/www.comau.com\/fr\/","logo":{"@type":"ImageObject","inLanguage":"fr-FR","@id":"https:\/\/www.comau.com\/fr\/#\/schema\/logo\/image\/","url":"https:\/\/www.comau.com\/wp-content\/uploads\/2024\/07\/cropped-Logo-COMAU.png","contentUrl":"https:\/\/www.comau.com\/wp-content\/uploads\/2024\/07\/cropped-Logo-COMAU.png","width":434,"height":434,"caption":"Comau"},"image":{"@id":"https:\/\/www.comau.com\/fr\/#\/schema\/logo\/image\/"},"sameAs":["https:\/\/www.facebook.com\/COMAU\/","https:\/\/x.com\/comaugroup","https:\/\/www.instagram.com\/comaugroup\/","https:\/\/www.linkedin.com\/company\/comau","https:\/\/www.youtube.com\/user\/comau"]}]}},"_links":{"self":[{"href":"https:\/\/www.comau.com\/fr\/wp-json\/wp\/v2\/pages\/5303","targetHints":{"allow":["GET"]}}],"collection":[{"href":"https:\/\/www.comau.com\/fr\/wp-json\/wp\/v2\/pages"}],"about":[{"href":"https:\/\/www.comau.com\/fr\/wp-json\/wp\/v2\/types\/page"}],"author":[{"embeddable":true,"href":"https:\/\/www.comau.com\/fr\/wp-json\/wp\/v2\/users\/11"}],"replies":[{"embeddable":true,"href":"https:\/\/www.comau.com\/fr\/wp-json\/wp\/v2\/comments?post=5303"}],"version-history":[{"count":55,"href":"https:\/\/www.comau.com\/fr\/wp-json\/wp\/v2\/pages\/5303\/revisions"}],"predecessor-version":[{"id":87273,"href":"https:\/\/www.comau.com\/fr\/wp-json\/wp\/v2\/pages\/5303\/revisions\/87273"}],"up":[{"embeddable":true,"href":"https:\/\/www.comau.com\/fr\/wp-json\/wp\/v2\/pages\/5215"}],"wp:featuredmedia":[{"embeddable":true,"href":"https:\/\/www.comau.com\/fr\/wp-json\/wp\/v2\/media\/4331"}],"wp:attachment":[{"href":"https:\/\/www.comau.com\/fr\/wp-json\/wp\/v2\/media?parent=5303"}],"curies":[{"name":"wp","href":"https:\/\/api.w.org\/{rel}","templated":true}]}}