{"id":5291,"date":"2021-06-01T00:04:13","date_gmt":"2021-05-31T22:04:13","guid":{"rendered":"https:\/\/www.comau.com\/?page_id=5291"},"modified":"2025-04-01T07:27:46","modified_gmt":"2025-04-01T05:27:46","slug":"corporate-governance","status":"publish","type":"page","link":"https:\/\/www.comau.com\/fr\/about-us\/corporate-governance\/","title":{"rendered":"Gouvernance d&rsquo;entreprise"},"content":{"rendered":"\n<h1 class=\"wp-block-heading has-text-color has-link-color wp-elements-02ca224a3231efc0914b0a226b8a53c2\" style=\"color:#0046ad\">La plus haute int\u00e9grit\u00e9, transparence et responsabilit\u00e9 dans toutes nos activit\u00e9s<\/h1>\n\n\n\n<p>\u200b\u200bChez Comau, la gouvernance d&rsquo;entreprise est essentielle au maintien de nos <strong>standards de transparence, d&rsquo;int\u00e9grit\u00e9 et de responsabilit\u00e9 dans toutes nos op\u00e9rations<\/strong>. Une gouvernance d&rsquo;entreprise solide favorise une culture de comportement \u00e9thique, stimule une<strong> am\u00e9lioration des performances <\/strong>et assure la <strong>conformit\u00e9 aux exigences r\u00e9glementaires<\/strong>.<\/p>\n\n\n\n<p>Le Groupe Comau s&rsquo;engage fermement \u00e0 <strong>mener ses activit\u00e9s dans le monde entier en accord avec les lois, r\u00e8gles et r\u00e9glementations applicables<\/strong>, tout en respectant les plus hauts standards d&rsquo;\u00e9thique et d&rsquo;int\u00e9grit\u00e9.<\/p>\n\n\n\n<div class=\"wp-block-buttons is-layout-flex wp-block-buttons-is-layout-flex\">\n<div class=\"wp-block-button is-style-outline is-style-outline--1\"><a class=\"wp-block-button__link has-text-color has-link-color wp-element-button\" href=\"#comau-governance-framework\" style=\"border-radius:100px;color:#3f3f3f\">Approche<\/a><\/div>\n\n\n\n<div class=\"wp-block-button is-style-outline is-style-outline--2\"><a class=\"wp-block-button__link has-text-color has-link-color wp-element-button\" href=\"#executive-team\" style=\"border-radius:100px;color:#3f3f3f\">Leadership team<\/a><\/div>\n\n\n\n<div class=\"wp-block-button is-style-outline is-style-outline--3\"><a class=\"wp-block-button__link has-text-color has-link-color wp-element-button\" href=\"#comau-code-of-conduct\" style=\"border-radius:100px;color:#3f3f3f\">Code de Conduite<\/a><\/div>\n\n\n\n<div class=\"wp-block-button is-style-outline is-style-outline--4\"><a class=\"wp-block-button__link has-text-color has-link-color wp-element-button\" href=\"#comau-esg-commitment\" style=\"border-radius:100px;color:#3f3f3f\">Engagement ESG<\/a><\/div>\n<\/div>\n\n\n\n<div class=\"wp-block-getwid-advanced-spacer\" style=\"height:50px\" aria-hidden=\"true\"><\/div>\n\n\n\n<div class=\"wp-block-getwid-anchor\" id=\"comau-governance-framework\"><\/div>\n\n\n\n<h2 class=\"wp-block-heading has-text-color has-link-color has-large-font-size wp-elements-9cd2dc2d47463d85803195786f0042ad\" style=\"color:#0046ad\">Approche de gouvernance<\/h2>\n\n\n\n<div class=\"wp-block-getwid-advanced-spacer\" style=\"height:20px\" aria-hidden=\"true\"><\/div>\n\n\n\n<p>La structure de gouvernance de <strong>Comau g\u00e8re efficacement les risques et les opportunit\u00e9s pour assurer une croissance durable<\/strong>. Le Conseil d&rsquo;administration supervise le cadre de gouvernance d&rsquo;entreprise, avec un comit\u00e9 ex\u00e9cutif se concentrant sur divers domaines, y compris les clusters de pays, les op\u00e9rations, les fonctions et la direction globale.<\/p>\n\n\n\n<p>Le Executive Team de Comau comprend une<strong> \u00e9quipe de direction hautement exp\u00e9riment\u00e9e et d\u00e9vou\u00e9e qui partage une vision commune de croissance<\/strong> et offre une solide expertise provenant de divers horizons commerciaux. Le Conseil d\u2019administration est responsable de l&rsquo;\u00e9tablissement de la direction strat\u00e9gique, de la supervision de la gestion et de l&rsquo;assurance du respect des principes de gouvernance.<\/p>\n\n\n\n<p><\/p>\n\n\n\n<div class=\"wp-block-getwid-anchor\" id=\"executive-team\"><\/div>\n\n\n\n<div style=\"height:60px\" aria-hidden=\"true\" class=\"wp-block-spacer\"><\/div>\n\n\n\n<div class=\"wp-block-getwid-section getwid-section-content-full-width\"><div class=\"wp-block-getwid-section__wrapper getwid-padding-top-large getwid-padding-bottom-large getwid-padding-left-large getwid-padding-right-large getwid-padding-tablet-top-large getwid-padding-tablet-bottom-large getwid-padding-mobile-top-large getwid-padding-mobile-bottom-large getwid-padding-mobile-left-medium getwid-padding-mobile-right-medium getwid-justify-content-flex-end getwid-justify-content-tablet-flex-end getwid-justify-content-mobile-flex-end\"><div class=\"wp-block-getwid-section__inner-wrapper\"><div class=\"wp-block-getwid-section__background-holder\"><div class=\"wp-block-getwid-section__background\" style=\"background-image:url('https:\/\/www.comau.com\/wp-content\/uploads\/2025\/01\/Comau_CEO-Gorlier-and-Chairman_Nasi-scaled.jpeg')\"><div class=\"wp-block-getwid-section__background-image-wrapper\"><img decoding=\"async\" class=\"wp-block-getwid-section__background-image\" src=\"https:\/\/www.comau.com\/wp-content\/uploads\/2025\/01\/Comau_CEO-Gorlier-and-Chairman_Nasi-scaled.jpeg\" alt=\"Comau CEO and Chairman\" \/><\/div><\/div><div class=\"wp-block-getwid-section__foreground\"><\/div><\/div><div class=\"wp-block-getwid-section__content\"><div class=\"wp-block-getwid-section__inner-content\">\n<h2 class=\"wp-block-heading mb-3 has-white-color has-text-color has-link-color wp-elements-0d03e9972576025f5707cda390d7c711\" id=\"success-stories\">Rencontrez nos Leaders<\/h2>\n\n\n\n<p class=\"lead has-white-color has-text-color has-link-color wp-elements-8c7bd7324151074e9a3bdf0257f5cdf1\">Une \u00e9quipe de direction avec une vision commune de la croissance.<\/p>\n\n\n\n<div class=\"wp-block-buttons is-layout-flex wp-block-buttons-is-layout-flex\">\n<div class=\"wp-block-button\"><a class=\"wp-block-button__link has-white-color has-text-color has-background has-link-color wp-element-button\" href=\"https:\/\/www.comau.com\/en\/about-us\/corporate-governance\/executive-committee\/\" style=\"border-radius:100px;background-color:#0046ad\">Executive Team<\/a><\/div>\n\n\n\n<div class=\"wp-block-button\"><a class=\"wp-block-button__link has-white-color has-text-color has-background has-link-color wp-element-button\" href=\"https:\/\/www.comau.com\/en\/about-us\/corporate-governance\/board-of-directors\/\" style=\"border-radius:100px;background-color:#0046ad\">Conseil d\u2019administration<\/a><\/div>\n<\/div>\n<\/div><\/div><\/div><\/div><\/div>\n\n\n\n<div style=\"height:50px\" aria-hidden=\"true\" class=\"wp-block-spacer\"><\/div>\n\n\n\n<div class=\"wp-block-getwid-anchor\" id=\"comau-code-of-conduct\"><\/div>\n\n\n\n<h3 class=\"wp-block-heading has-text-color has-link-color has-large-font-size wp-elements-08e725c06dd36249e5912625b370ba06\" style=\"color:#0046ad\">Le Code de conduite: Maintenir l&rsquo;Int\u00e9grit\u00e9<\/h3>\n\n\n<div class=\"wp-block-image\">\n<figure class=\"alignleft size-full is-resized\"><a href=\"https:\/\/www.comau.com\/wp-content\/uploads\/2025\/03\/Comau-Code-de-Conduite-FR.pdf\" target=\"_blank\" rel=\" noreferrer noopener\"><img decoding=\"async\" width=\"760\" height=\"1071\" src=\"https:\/\/www.comau.com\/wp-content\/uploads\/2025\/03\/comau-code-of-conduct-cover.jpg\" alt=\"\" class=\"wp-image-74405\" style=\"width:200px\" srcset=\"https:\/\/www.comau.com\/wp-content\/uploads\/2025\/03\/comau-code-of-conduct-cover.jpg 760w, https:\/\/www.comau.com\/wp-content\/uploads\/2025\/03\/comau-code-of-conduct-cover-213x300.jpg 213w, https:\/\/www.comau.com\/wp-content\/uploads\/2025\/03\/comau-code-of-conduct-cover-727x1024.jpg 727w\" sizes=\"(max-width: 760px) 100vw, 760px\" \/><\/a><\/figure>\n<\/div>\n\n\n<p>Chez Comau, nous maintenons l&rsquo;int\u00e9grit\u00e9 et le comportement \u00e9thique comme valeurs fondamentales. Notre Code de Conduite \u00e9tablit des directives pour garantir que toutes nos actions, d\u00e9cisions et comportements s&rsquo;alignent sur les normes \u00e9thiques et professionnelles les plus \u00e9lev\u00e9es attendues de tous les employ\u00e9s, parties prenantes et partenaires.<\/p>\n\n\n\n<p>Chaque jour, nous sommes appel\u00e9s \u00e0 faire des choix qui affectent non seulement les r\u00e9sultats commerciaux, mais aussi la mani\u00e8re dont nous les atteignons, et ce code est destin\u00e9 \u00e0 \u00eatre un outil pour s&rsquo;assurer que les d\u00e9cisions que nous prenons sont en accord avec les valeurs qui nous d\u00e9finissent.<\/p>\n\n\n\n<div class=\"wp-block-buttons is-layout-flex wp-block-buttons-is-layout-flex\">\n<div class=\"wp-block-button\"><a class=\"wp-block-button__link wp-element-button\" href=\"https:\/\/www.comau.com\/wp-content\/uploads\/2025\/03\/Comau-Code-de-Conduite-FR.pdf\" style=\"border-radius:100px\" target=\"_blank\" rel=\"noreferrer noopener\">T\u00e9l\u00e9charger le Code de Conduite de Comau<\/a><\/div>\n<\/div>\n\n\n\n<div style=\"height:10px\" aria-hidden=\"true\" class=\"wp-block-spacer\"><\/div>\n\n\n\n<p>Le Code de Conduite s&rsquo;applique \u00e9galement \u00e0 tous les e<strong>mploy\u00e9s, managers, consultants, fournisseurs et \u00e0 toutes les personnes travaillant pour le compte du Groupe Comau<\/strong>, y compris les membres du conseil d&rsquo;administration et les partenaires commerciaux. Toute personne ayant une relation professionnelle avec le Groupe Comau doit faire de son mieux pour s&rsquo;assurer que son Code est consid\u00e9r\u00e9 comme une meilleure pratique de conduite des affaires et observ\u00e9 par ces tiers, en particulier en ce qui concerne la transparence dans les transactions commerciales.<\/p>\n\n\n\n<p><\/p>\n\n\n\n<div class=\"wp-block-getwid-anchor\" id=\"comau-esg-commitment\"><\/div>\n\n\n\n<h4 class=\"wp-block-heading has-text-color has-link-color has-large-font-size wp-elements-68bcd8e75c8ab612587711e3f5c9ffc0\" style=\"color:#0046ad\">Engagement ESG : Am\u00e9liorer le pr\u00e9sent pour un avenir durable<\/h4>\n\n\n\n<div class=\"wp-block-getwid-advanced-spacer\" style=\"height:20px\" aria-hidden=\"true\"><\/div>\n\n\n\n<p>Comau se consacre \u00e0 la durabilit\u00e9 et \u00e0 la responsabilit\u00e9 d&rsquo;entreprise. <strong>Nous contribuons aux industries et \u00e0 la soci\u00e9t\u00e9 \u00e0 travers une vari\u00e9t\u00e9 de projets et d&rsquo;initiatives<\/strong> dans quatre domaines sp\u00e9cifiques :<\/p>\n\n\n\n<div class=\"wp-block-columns is-layout-flex wp-container-core-columns-is-layout-9d6595d7 wp-block-columns-is-layout-flex\">\n<div class=\"wp-block-column is-layout-flow wp-block-column-is-layout-flow\">\n<div class=\"wp-block-getwid-image-box getwid-animation has-text-center has-mobile-layout-default has-mobile-alignment-default\" data-animation=\"slideBottom\"><div class=\"wp-block-getwid-image-box__image-container is-position-top\"><div class=\"wp-block-getwid-image-box__image-wrapper\"><img decoding=\"async\" src=\"https:\/\/www.comau.com\/wp-content\/uploads\/2022\/02\/Box-Product-FR.jpg\" alt=\"\" class=\"wp-block-getwid-image-box__image wp-image-43184\" \/><\/div><\/div><div class=\"wp-block-getwid-image-box__content\">\n<h3 class=\"wp-block-heading has-medium-font-size\">Produit<\/h3>\n\n\n\n<p style=\"font-size:16px;font-style:normal;font-weight:400\">Outils con\u00e7us pour am\u00e9liorer la productivit\u00e9, r\u00e9duire les \u00e9missions de gaz \u00e0 effet de serre et promouvoir l&rsquo;utilisation responsable des mat\u00e9riaux<\/p>\n<\/div><\/div>\n<\/div>\n\n\n\n<div class=\"wp-block-column is-layout-flow wp-block-column-is-layout-flow\">\n<div class=\"wp-block-getwid-image-box getwid-animation has-text-center has-mobile-layout-default has-mobile-alignment-default\" data-animation=\"slideBottom\"><div class=\"wp-block-getwid-image-box__image-container is-position-top\"><div class=\"wp-block-getwid-image-box__image-wrapper\"><img decoding=\"async\" src=\"https:\/\/www.comau.com\/wp-content\/uploads\/2022\/02\/Box-Environmental-FR.jpg\" alt=\"\" class=\"wp-block-getwid-image-box__image wp-image-43172\" \/><\/div><\/div><div class=\"wp-block-getwid-image-box__content\">\n<h3 class=\"wp-block-heading has-medium-font-size\">Environment<\/h3>\n\n\n\n<p style=\"font-size:16px\">D\u00e9veloppement de technologies et de processus de production respectueux de l&rsquo;environnement<\/p>\n<\/div><\/div>\n<\/div>\n\n\n\n<div class=\"wp-block-column is-layout-flow wp-block-column-is-layout-flow\">\n<div class=\"wp-block-getwid-image-box getwid-animation has-text-center has-mobile-layout-default has-mobile-alignment-default\" data-animation=\"slideBottom\"><div class=\"wp-block-getwid-image-box__image-container is-position-top\"><div class=\"wp-block-getwid-image-box__image-wrapper\"><img decoding=\"async\" src=\"https:\/\/www.comau.com\/wp-content\/uploads\/2022\/02\/Box-Social-FR.jpg\" alt=\"\" class=\"wp-block-getwid-image-box__image wp-image-43178\" \/><\/div><\/div><div class=\"wp-block-getwid-image-box__content\">\n<h3 class=\"wp-block-heading has-medium-font-size\">Social<\/h3>\n\n\n\n<p style=\"font-size:16px\">Recrutement de talents, cr\u00e9ation d&rsquo;un environnement de travail \u00e9quitable, inclusif et s\u00fbr, et contribution au progr\u00e8s soci\u00e9tal<\/p>\n<\/div><\/div>\n<\/div>\n\n\n\n<div class=\"wp-block-column is-layout-flow wp-block-column-is-layout-flow\">\n<div class=\"wp-block-getwid-image-box getwid-animation has-text-center has-mobile-layout-default has-mobile-alignment-default\" data-animation=\"slideBottom\"><div class=\"wp-block-getwid-image-box__image-container is-position-top\"><div class=\"wp-block-getwid-image-box__image-wrapper\"><img decoding=\"async\" src=\"https:\/\/www.comau.com\/wp-content\/uploads\/2022\/02\/Box-Governance-FR.jpg\" alt=\"\" class=\"wp-block-getwid-image-box__image wp-image-43190\" \/><\/div><\/div><div class=\"wp-block-getwid-image-box__content\">\n<h3 class=\"wp-block-heading\">Gouvernance<\/h3>\n\n\n\n<p style=\"font-size:16px\">Pratiques d&rsquo;approvisionnement responsables avec un engagement ouvert avec nos parties prenantes<\/p>\n<\/div><\/div>\n<\/div>\n<\/div>\n\n\n\n<hr class=\"wp-block-separator has-text-color has-cyan-bluish-gray-color has-alpha-channel-opacity has-cyan-bluish-gray-background-color has-background is-style-wide\" \/>\n\n\n\n<p>Nous int\u00e9grons les crit\u00e8res ESG dans nos d\u00e9cisions commerciales pou<strong>r cr\u00e9er une valeur \u00e0 long terme pour nos parties prenantes<\/strong>. Les efforts de durabilit\u00e9 de Comau ont conduit \u00e0 des r\u00e9alisations <strong>significatives en mati\u00e8re d&rsquo;efficacit\u00e9 \u00e9nerg\u00e9tique, de r\u00e9duction des \u00e9missions, de d\u00e9veloppement de produits et d&rsquo;engagement communautaire<\/strong>. Nous nous effor\u00e7ons continuellement d&rsquo;innover et de mettre en \u0153uvre des pratiques durables qui profitent \u00e0 la fois \u00e0 notre entreprise et \u00e0 l&rsquo;environnement.<\/p>\n\n\n\n<div class=\"wp-block-buttons is-layout-flex wp-block-buttons-is-layout-flex\">\n<div class=\"wp-block-button\"><a class=\"wp-block-button__link wp-element-button\" href=\"https:\/\/www.comau.com\/fr\/about-us\/sustainability\/\" style=\"border-radius:100px\">En savoir plus sur la Durabilit\u00e9 chez Comau<\/a><\/div>\n<\/div>\n\n\n\n<p><\/p>\n","protected":false},"excerpt":{"rendered":"<p>La plus haute int\u00e9grit\u00e9, transparence et responsabilit\u00e9 dans toutes nos activit\u00e9s \u200b\u200bChez Comau, la gouvernance d&rsquo;entreprise est essentielle au maintien de nos standards de transparence, d&rsquo;int\u00e9grit\u00e9 et de responsabilit\u00e9 dans toutes nos op\u00e9rations. Une gouvernance d&rsquo;entreprise solide favorise une culture de comportement \u00e9thique, stimule une am\u00e9lioration des performances et assure la conformit\u00e9 aux exigences r\u00e9glementaires. [&hellip;]<\/p>\n","protected":false},"author":11,"featured_media":71551,"parent":5215,"menu_order":4,"comment_status":"closed","ping_status":"closed","template":"","meta":{"_acf_changed":false,"ep_exclude_from_search":false,"footnotes":""},"class_list":["post-5291","page","type-page","status-publish","has-post-thumbnail","hentry"],"acf":[],"yoast_head":"<!-- This site is optimized with the Yoast SEO plugin v26.9 - https:\/\/yoast.com\/product\/yoast-seo-wordpress\/ -->\n<title>Gouvernance d&#039;entreprise - Comau<\/title>\n<meta name=\"robots\" content=\"index, follow, max-snippet:-1, max-image-preview:large, max-video-preview:-1\" \/>\n<link rel=\"canonical\" href=\"https:\/\/www.comau.com\/fr\/about-us\/corporate-governance\/\" \/>\n<meta property=\"og:locale\" content=\"fr_FR\" \/>\n<meta property=\"og:type\" content=\"article\" \/>\n<meta property=\"og:title\" content=\"Gouvernance d&#039;entreprise - Comau\" \/>\n<meta property=\"og:description\" content=\"La plus haute int\u00e9grit\u00e9, transparence et responsabilit\u00e9 dans toutes nos activit\u00e9s \u200b\u200bChez Comau, la gouvernance d&rsquo;entreprise est essentielle au maintien de nos standards de transparence, d&rsquo;int\u00e9grit\u00e9 et de responsabilit\u00e9 dans toutes nos op\u00e9rations. Une gouvernance d&rsquo;entreprise solide favorise une culture de comportement \u00e9thique, stimule une am\u00e9lioration des performances et assure la conformit\u00e9 aux exigences r\u00e9glementaires. [&hellip;]\" \/>\n<meta property=\"og:url\" content=\"https:\/\/www.comau.com\/fr\/about-us\/corporate-governance\/\" \/>\n<meta property=\"og:site_name\" content=\"Comau\" \/>\n<meta property=\"article:publisher\" content=\"https:\/\/www.facebook.com\/COMAU\/\" \/>\n<meta property=\"article:modified_time\" content=\"2025-04-01T05:27:46+00:00\" \/>\n<meta property=\"og:image\" content=\"https:\/\/www.comau.com\/wp-content\/uploads\/2024\/12\/corporate-governance-header.jpg\" \/>\n\t<meta property=\"og:image:width\" content=\"1920\" \/>\n\t<meta property=\"og:image:height\" content=\"960\" \/>\n\t<meta property=\"og:image:type\" content=\"image\/jpeg\" \/>\n<meta name=\"twitter:card\" content=\"summary_large_image\" \/>\n<meta name=\"twitter:site\" content=\"@comaugroup\" \/>\n<meta name=\"twitter:label1\" content=\"Dur\u00e9e de lecture estim\u00e9e\" \/>\n\t<meta name=\"twitter:data1\" content=\"5 minutes\" \/>\n<script type=\"application\/ld+json\" class=\"yoast-schema-graph\">{\"@context\":\"https:\/\/schema.org\",\"@graph\":[{\"@type\":\"WebPage\",\"@id\":\"https:\/\/www.comau.com\/fr\/about-us\/corporate-governance\/\",\"url\":\"https:\/\/www.comau.com\/fr\/about-us\/corporate-governance\/\",\"name\":\"Gouvernance d'entreprise - Comau\",\"isPartOf\":{\"@id\":\"https:\/\/www.comau.com\/fr\/#website\"},\"primaryImageOfPage\":{\"@id\":\"https:\/\/www.comau.com\/fr\/about-us\/corporate-governance\/#primaryimage\"},\"image\":{\"@id\":\"https:\/\/www.comau.com\/fr\/about-us\/corporate-governance\/#primaryimage\"},\"thumbnailUrl\":\"https:\/\/www.comau.com\/wp-content\/uploads\/2024\/12\/corporate-governance-header.jpg\",\"datePublished\":\"2021-05-31T22:04:13+00:00\",\"dateModified\":\"2025-04-01T05:27:46+00:00\",\"breadcrumb\":{\"@id\":\"https:\/\/www.comau.com\/fr\/about-us\/corporate-governance\/#breadcrumb\"},\"inLanguage\":\"fr-FR\",\"potentialAction\":[{\"@type\":\"ReadAction\",\"target\":[\"https:\/\/www.comau.com\/fr\/about-us\/corporate-governance\/\"]}]},{\"@type\":\"ImageObject\",\"inLanguage\":\"fr-FR\",\"@id\":\"https:\/\/www.comau.com\/fr\/about-us\/corporate-governance\/#primaryimage\",\"url\":\"https:\/\/www.comau.com\/wp-content\/uploads\/2024\/12\/corporate-governance-header.jpg\",\"contentUrl\":\"https:\/\/www.comau.com\/wp-content\/uploads\/2024\/12\/corporate-governance-header.jpg\",\"width\":1920,\"height\":960},{\"@type\":\"BreadcrumbList\",\"@id\":\"https:\/\/www.comau.com\/fr\/about-us\/corporate-governance\/#breadcrumb\",\"itemListElement\":[{\"@type\":\"ListItem\",\"position\":1,\"name\":\"Home\",\"item\":\"https:\/\/www.comau.com\/fr\/\"},{\"@type\":\"ListItem\",\"position\":2,\"name\":\"\u00c0 propos de Comau\",\"item\":\"https:\/\/www.comau.com\/fr\/about-us\/\"},{\"@type\":\"ListItem\",\"position\":3,\"name\":\"Gouvernance d&#8217;entreprise\"}]},{\"@type\":\"WebSite\",\"@id\":\"https:\/\/www.comau.com\/fr\/#website\",\"url\":\"https:\/\/www.comau.com\/fr\/\",\"name\":\"Comau\",\"description\":\"Industrial automation and robotics\",\"publisher\":{\"@id\":\"https:\/\/www.comau.com\/fr\/#organization\"},\"potentialAction\":[{\"@type\":\"SearchAction\",\"target\":{\"@type\":\"EntryPoint\",\"urlTemplate\":\"https:\/\/www.comau.com\/fr\/?s={search_term_string}\"},\"query-input\":{\"@type\":\"PropertyValueSpecification\",\"valueRequired\":true,\"valueName\":\"search_term_string\"}}],\"inLanguage\":\"fr-FR\"},{\"@type\":\"Organization\",\"@id\":\"https:\/\/www.comau.com\/fr\/#organization\",\"name\":\"Comau\",\"url\":\"https:\/\/www.comau.com\/fr\/\",\"logo\":{\"@type\":\"ImageObject\",\"inLanguage\":\"fr-FR\",\"@id\":\"https:\/\/www.comau.com\/fr\/#\/schema\/logo\/image\/\",\"url\":\"https:\/\/www.comau.com\/wp-content\/uploads\/2024\/07\/cropped-Logo-COMAU.png\",\"contentUrl\":\"https:\/\/www.comau.com\/wp-content\/uploads\/2024\/07\/cropped-Logo-COMAU.png\",\"width\":434,\"height\":434,\"caption\":\"Comau\"},\"image\":{\"@id\":\"https:\/\/www.comau.com\/fr\/#\/schema\/logo\/image\/\"},\"sameAs\":[\"https:\/\/www.facebook.com\/COMAU\/\",\"https:\/\/x.com\/comaugroup\",\"https:\/\/www.instagram.com\/comaugroup\/\",\"https:\/\/www.linkedin.com\/company\/comau\",\"https:\/\/www.youtube.com\/user\/comau\"]}]}<\/script>\n<!-- \/ Yoast SEO plugin. -->","yoast_head_json":{"title":"Gouvernance d'entreprise - Comau","robots":{"index":"index","follow":"follow","max-snippet":"max-snippet:-1","max-image-preview":"max-image-preview:large","max-video-preview":"max-video-preview:-1"},"canonical":"https:\/\/www.comau.com\/fr\/about-us\/corporate-governance\/","og_locale":"fr_FR","og_type":"article","og_title":"Gouvernance d'entreprise - Comau","og_description":"La plus haute int\u00e9grit\u00e9, transparence et responsabilit\u00e9 dans toutes nos activit\u00e9s \u200b\u200bChez Comau, la gouvernance d&rsquo;entreprise est essentielle au maintien de nos standards de transparence, d&rsquo;int\u00e9grit\u00e9 et de responsabilit\u00e9 dans toutes nos op\u00e9rations. Une gouvernance d&rsquo;entreprise solide favorise une culture de comportement \u00e9thique, stimule une am\u00e9lioration des performances et assure la conformit\u00e9 aux exigences r\u00e9glementaires. [&hellip;]","og_url":"https:\/\/www.comau.com\/fr\/about-us\/corporate-governance\/","og_site_name":"Comau","article_publisher":"https:\/\/www.facebook.com\/COMAU\/","article_modified_time":"2025-04-01T05:27:46+00:00","og_image":[{"width":1920,"height":960,"url":"https:\/\/www.comau.com\/wp-content\/uploads\/2024\/12\/corporate-governance-header.jpg","type":"image\/jpeg"}],"twitter_card":"summary_large_image","twitter_site":"@comaugroup","twitter_misc":{"Dur\u00e9e de lecture estim\u00e9e":"5 minutes"},"schema":{"@context":"https:\/\/schema.org","@graph":[{"@type":"WebPage","@id":"https:\/\/www.comau.com\/fr\/about-us\/corporate-governance\/","url":"https:\/\/www.comau.com\/fr\/about-us\/corporate-governance\/","name":"Gouvernance d'entreprise - Comau","isPartOf":{"@id":"https:\/\/www.comau.com\/fr\/#website"},"primaryImageOfPage":{"@id":"https:\/\/www.comau.com\/fr\/about-us\/corporate-governance\/#primaryimage"},"image":{"@id":"https:\/\/www.comau.com\/fr\/about-us\/corporate-governance\/#primaryimage"},"thumbnailUrl":"https:\/\/www.comau.com\/wp-content\/uploads\/2024\/12\/corporate-governance-header.jpg","datePublished":"2021-05-31T22:04:13+00:00","dateModified":"2025-04-01T05:27:46+00:00","breadcrumb":{"@id":"https:\/\/www.comau.com\/fr\/about-us\/corporate-governance\/#breadcrumb"},"inLanguage":"fr-FR","potentialAction":[{"@type":"ReadAction","target":["https:\/\/www.comau.com\/fr\/about-us\/corporate-governance\/"]}]},{"@type":"ImageObject","inLanguage":"fr-FR","@id":"https:\/\/www.comau.com\/fr\/about-us\/corporate-governance\/#primaryimage","url":"https:\/\/www.comau.com\/wp-content\/uploads\/2024\/12\/corporate-governance-header.jpg","contentUrl":"https:\/\/www.comau.com\/wp-content\/uploads\/2024\/12\/corporate-governance-header.jpg","width":1920,"height":960},{"@type":"BreadcrumbList","@id":"https:\/\/www.comau.com\/fr\/about-us\/corporate-governance\/#breadcrumb","itemListElement":[{"@type":"ListItem","position":1,"name":"Home","item":"https:\/\/www.comau.com\/fr\/"},{"@type":"ListItem","position":2,"name":"\u00c0 propos de Comau","item":"https:\/\/www.comau.com\/fr\/about-us\/"},{"@type":"ListItem","position":3,"name":"Gouvernance d&#8217;entreprise"}]},{"@type":"WebSite","@id":"https:\/\/www.comau.com\/fr\/#website","url":"https:\/\/www.comau.com\/fr\/","name":"Comau","description":"Industrial automation and robotics","publisher":{"@id":"https:\/\/www.comau.com\/fr\/#organization"},"potentialAction":[{"@type":"SearchAction","target":{"@type":"EntryPoint","urlTemplate":"https:\/\/www.comau.com\/fr\/?s={search_term_string}"},"query-input":{"@type":"PropertyValueSpecification","valueRequired":true,"valueName":"search_term_string"}}],"inLanguage":"fr-FR"},{"@type":"Organization","@id":"https:\/\/www.comau.com\/fr\/#organization","name":"Comau","url":"https:\/\/www.comau.com\/fr\/","logo":{"@type":"ImageObject","inLanguage":"fr-FR","@id":"https:\/\/www.comau.com\/fr\/#\/schema\/logo\/image\/","url":"https:\/\/www.comau.com\/wp-content\/uploads\/2024\/07\/cropped-Logo-COMAU.png","contentUrl":"https:\/\/www.comau.com\/wp-content\/uploads\/2024\/07\/cropped-Logo-COMAU.png","width":434,"height":434,"caption":"Comau"},"image":{"@id":"https:\/\/www.comau.com\/fr\/#\/schema\/logo\/image\/"},"sameAs":["https:\/\/www.facebook.com\/COMAU\/","https:\/\/x.com\/comaugroup","https:\/\/www.instagram.com\/comaugroup\/","https:\/\/www.linkedin.com\/company\/comau","https:\/\/www.youtube.com\/user\/comau"]}]}},"_links":{"self":[{"href":"https:\/\/www.comau.com\/fr\/wp-json\/wp\/v2\/pages\/5291","targetHints":{"allow":["GET"]}}],"collection":[{"href":"https:\/\/www.comau.com\/fr\/wp-json\/wp\/v2\/pages"}],"about":[{"href":"https:\/\/www.comau.com\/fr\/wp-json\/wp\/v2\/types\/page"}],"author":[{"embeddable":true,"href":"https:\/\/www.comau.com\/fr\/wp-json\/wp\/v2\/users\/11"}],"replies":[{"embeddable":true,"href":"https:\/\/www.comau.com\/fr\/wp-json\/wp\/v2\/comments?post=5291"}],"version-history":[{"count":30,"href":"https:\/\/www.comau.com\/fr\/wp-json\/wp\/v2\/pages\/5291\/revisions"}],"predecessor-version":[{"id":74941,"href":"https:\/\/www.comau.com\/fr\/wp-json\/wp\/v2\/pages\/5291\/revisions\/74941"}],"up":[{"embeddable":true,"href":"https:\/\/www.comau.com\/fr\/wp-json\/wp\/v2\/pages\/5215"}],"wp:featuredmedia":[{"embeddable":true,"href":"https:\/\/www.comau.com\/fr\/wp-json\/wp\/v2\/media\/71551"}],"wp:attachment":[{"href":"https:\/\/www.comau.com\/fr\/wp-json\/wp\/v2\/media?parent=5291"}],"curies":[{"name":"wp","href":"https:\/\/api.w.org\/{rel}","templated":true}]}}