{"id":5215,"date":"2021-05-31T00:01:48","date_gmt":"2021-05-30T22:01:48","guid":{"rendered":"https:\/\/www.comau.com\/?page_id=5215"},"modified":"2024-07-10T18:58:30","modified_gmt":"2024-07-10T16:58:30","slug":"about-us","status":"publish","type":"page","link":"https:\/\/www.comau.com\/fr\/about-us\/","title":{"rendered":"\u00c0 propos de Comau"},"content":{"rendered":"\n<h2 class=\"wp-block-heading\">Qui sommes-nous?<\/h2>\n\n\n\n<p class=\"lead\"><strong>\u200bComau est un leader mondial dans le domaine de l\u2019automatisation industrielle<\/strong>.<\/p>\n\n\n\n<p>Alliant des <strong>solutions d&rsquo;ing\u00e9nierie innovantes<\/strong> avec des technologies g\u00e9n\u00e9riques et une <strong>automatisation \u00ab ouverte \u00bb, facile \u00e0 utiliser<\/strong>, Comau aide les entreprises de toute taille et de tout segment industriel \u00e0 exploiter le potentiel de la fabrication num\u00e9rique. Les comp\u00e9tences de Comau reposent <strong>depuis 50 ann\u00e9es d\u2019exp\u00e9rience \u00e9prouv\u00e9es sur le terrain et sur une forte pr\u00e9sence dans tous les principaux pays industrialis\u00e9s<\/strong>.<\/p>\n\n\n\n<h2 class=\"wp-block-heading\">Notre activit\u00e9<\/h2>\n\n\n\n<p class=\"lead\"><strong>Comau d\u00e9veloppe des syst\u00e8mes, des produits et des services compatibles avec l\u2019Industrie 4.0.<\/strong>.<\/p>\n\n\n\n<p>Son portefeuille complet inclut : des solutions d\u2019assemblage de tous types et de proc\u00e9d\u00e9s d\u2019usinage \u00e9tudi\u00e9es pour les v\u00e9hicules traditionnels et \u00e9lectriques, des syst\u00e8mes de production robotis\u00e9s, une famille compl\u00e8te de robots (comprenant des solutions de robotique collaborative et portable) avec une large gamme de mod\u00e8les et de nombreuses configurations de charge utile, des outils de logistique \u00e0 conduite automatique et des services d\u2019optimisation des ressources, avec des fonctionnalit\u00e9s de surveillance et de contr\u00f4le en temps r\u00e9el. L&rsquo;offre s&rsquo;\u00e9tend \u00e9galement \u00e0 la gestion de projet et au conseil, aux services IoT, ainsi qu\u2019\u00e0 l\u2019entretien et \u00e0 la formation, pour de tr\u00e8s nombreux segments industriels. Les solutions offertes r\u00e9pondent aux exigences de la production automobile, de l\u2019industrie lourde, ferroviaire, des \u00e9nergies renouvelables et \u00e0 une large gamme de secteurs de l\u2019industrie g\u00e9n\u00e9rale.<\/p>\n\n\n\n<div class=\"wp-block-buttons is-layout-flex wp-block-buttons-is-layout-flex\">\n<div class=\"wp-block-button is-style-fill\"><a class=\"wp-block-button__link wp-element-button\" href=\"https:\/\/www.comau.com\/wp-content\/uploads\/2022\/07\/COMAU_company_profile_ENG_2022.pdf\" target=\"_blank\" rel=\"noreferrer noopener\">D\u00e9couvrir plus<\/a><\/div>\n<\/div>\n\n\n\n<h2 class=\"wp-block-heading\">\u00catre proche des clients<\/h2>\n\n\n\n<p class=\"lead\">Nous r\u00e9pondons rapidement \u00e0 la demande du march\u00e9 et des clients, avec une pr\u00e9sence mondiale croissante et une approche interculturelle. <\/p>\n\n\n\n<div class=\"wp-block-getwid-image-box has-text-center has-mobile-layout-default has-mobile-alignment-default\"><div class=\"wp-block-getwid-image-box__image-container is-position-top\"><div class=\"wp-block-getwid-image-box__image-wrapper\"><img decoding=\"async\" width=\"144\" height=\"89\" src=\"https:\/\/www.comau.com\/wp-content\/uploads\/2021\/06\/plants.png\" alt=\"\" class=\"wp-block-getwid-image-box__image wp-image-229\" \/><\/div><\/div><div class=\"wp-block-getwid-image-box__content\">\n<h3 class=\"wp-block-heading\"><\/h3>\n\n\n\n<p><strong>12<\/strong> Usines de fabrication<\/p>\n<\/div><\/div>\n\n\n\n<div class=\"wp-block-buttons is-layout-flex wp-block-buttons-is-layout-flex\">\n<div class=\"wp-block-button\"><a class=\"wp-block-button__link wp-element-button\" href=\"https:\/\/www.comau.com\/en\/about-us\/global-presence\/\">Pr\u00e9sence mondiale<\/a><\/div>\n<\/div>\n\n\n\n<h2 class=\"wp-block-heading\">\u00c9laborer des solutions \u00e0 cr\u00e9ation de valeur<\/h2>\n\n\n\n<p class=\"lead\">Nous faisons le v\u0153u de toujours rechercher la cr\u00e9ation de valeur pour nos clients, d&rsquo;\u00eatre \u00e0 leur \u00e9coute et de leur r\u00e9pondre avec comp\u00e9tence et pr\u00e9cision.<\/p>\n\n\n\n<div class=\"wp-block-columns is-layout-flex wp-container-core-columns-is-layout-9d6595d7 wp-block-columns-is-layout-flex\"><\/div>\n\n\n\n<h2 class=\"wp-block-heading\">Rechercher l&rsquo;innovation<\/h2>\n\n\n\n<p class=\"lead\">Briser les codes, s&rsquo;aventurer dans de nouveaux secteurs de d\u00e9veloppement et travailler avec courage et imagination, voici les cl\u00e9s de l&rsquo;innovation.<\/p>\n\n\n\n<div class=\"wp-block-columns is-layout-flex wp-container-core-columns-is-layout-9d6595d7 wp-block-columns-is-layout-flex\">\n<div class=\"wp-block-column is-layout-flow wp-block-column-is-layout-flow\">\n<div class=\"wp-block-getwid-image-box has-text-center has-mobile-layout-default has-mobile-alignment-default\"><div class=\"wp-block-getwid-image-box__image-container is-position-top\"><div class=\"wp-block-getwid-image-box__image-wrapper\"><img decoding=\"async\" width=\"184\" height=\"130\" src=\"https:\/\/www.comau.com\/wp-content\/uploads\/2021\/06\/innovationCenters.png\" alt=\"\" class=\"wp-block-getwid-image-box__image wp-image-241\" \/><\/div><\/div><div class=\"wp-block-getwid-image-box__content\">\n<h3 class=\"wp-block-heading\"><\/h3>\n\n\n\n<p><strong>7<\/strong> Centres d&rsquo;innovation<\/p>\n<\/div><\/div>\n<\/div>\n\n\n\n<div class=\"wp-block-column is-layout-flow wp-block-column-is-layout-flow\">\n<div class=\"wp-block-getwid-image-box has-text-center has-mobile-layout-default has-mobile-alignment-default\"><div class=\"wp-block-getwid-image-box__image-container is-position-top\"><div class=\"wp-block-getwid-image-box__image-wrapper\"><img decoding=\"async\" width=\"184\" height=\"130\" src=\"https:\/\/www.comau.com\/wp-content\/uploads\/2021\/06\/patents.jpg\" alt=\"\" class=\"wp-block-getwid-image-box__image wp-image-240\" \/><\/div><\/div><div class=\"wp-block-getwid-image-box__content\">\n<h3 class=\"wp-block-heading\"><\/h3>\n\n\n\n<p><strong>1,200+<\/strong> Brevets<\/p>\n<\/div><\/div>\n<\/div>\n<\/div>\n\n\n\n<div class=\"wp-block-buttons is-layout-flex wp-block-buttons-is-layout-flex\">\n<div class=\"wp-block-button\"><a class=\"wp-block-button__link wp-element-button\" href=\"https:\/\/www.comau.com\/en\/about-us\/our-vision-humanufacturing\/\">Notre conception de l\u2019innovation<\/a><\/div>\n<\/div>\n\n\n\n<h2 class=\"wp-block-heading\">Relever des d\u00e9fis et apprendre <\/h2>\n\n\n\n<p class=\"lead\">Notre engagement : accepter de relever des d\u00e9fis et apprendre \u00e0 les surmonter.<\/p>\n\n\n\n<div class=\"wp-block-getwid-image-box has-text-center has-mobile-layout-default has-mobile-alignment-default\"><div class=\"wp-block-getwid-image-box__image-container is-position-top\"><div class=\"wp-block-getwid-image-box__image-wrapper\"><img decoding=\"async\" width=\"184\" height=\"130\" src=\"https:\/\/www.comau.com\/wp-content\/uploads\/2021\/06\/years_of_history.jpg\" alt=\"\" class=\"wp-block-getwid-image-box__image wp-image-239\" \/><\/div><\/div><div class=\"wp-block-getwid-image-box__content\">\n<h3 class=\"wp-block-heading\"><\/h3>\n\n\n\n<p><strong>50<\/strong>+ ans d&rsquo;histoire<\/p>\n<\/div><\/div>\n\n\n\n<div class=\"wp-block-buttons is-layout-flex wp-block-buttons-is-layout-flex\">\n<div class=\"wp-block-button\"><a class=\"wp-block-button__link wp-element-button\" href=\"https:\/\/www.comau.com\/en\/about-us\/history\/\">Une longue histoire de r\u00e9sultats<\/a><\/div>\n<\/div>\n\n\n\n<h2 class=\"wp-block-heading\">Agir comme un r\u00e9seau<\/h2>\n\n\n\n<p class=\"lead\">Nous pensons au niveau mondial, nous agissons au niveau local et partageons nos exp\u00e9riences.<\/p>\n\n\n\n<div class=\"wp-block-getwid-image-box has-text-center has-mobile-layout-default has-mobile-alignment-default\"><div class=\"wp-block-getwid-image-box__image-container is-position-top\"><div class=\"wp-block-getwid-image-box__image-wrapper\"><img decoding=\"async\" width=\"142\" height=\"68\" src=\"https:\/\/www.comau.com\/wp-content\/uploads\/2021\/06\/employees-idea.png\" alt=\"\" class=\"wp-block-getwid-image-box__image wp-image-238\" \/><\/div><\/div><div class=\"wp-block-getwid-image-box__content\">\n<h3 class=\"wp-block-heading\"><\/h3>\n\n\n\n<p>Plus de <strong>3,700<\/strong> employ\u00e9s<\/p>\n<\/div><\/div>\n\n\n\n<h2 class=\"wp-block-heading\">Se prendre en main<\/h2>\n\n\n\n<p class=\"lead\">Nous travaillons de fa\u00e7on responsable et prenons \u00e0 c\u0153ur notre devoir de garantir des solutions et d&rsquo;am\u00e9liorer nos valeurs. Nous joignons le geste \u00e0 la parole.<\/p>\n\n\n\n<div class=\"wp-block-getwid-image-box has-text-center has-mobile-layout-default has-mobile-alignment-default\"><div class=\"wp-block-getwid-image-box__image-container is-position-top\"><div class=\"wp-block-getwid-image-box__image-wrapper\"><img decoding=\"async\" width=\"184\" height=\"130\" src=\"https:\/\/www.comau.com\/wp-content\/uploads\/2021\/06\/Project_Managers.jpg\" alt=\"\" class=\"wp-block-getwid-image-box__image wp-image-237\" \/><\/div><\/div><div class=\"wp-block-getwid-image-box__content\">\n<h3 class=\"wp-block-heading\"><\/h3>\n\n\n\n<p><strong>200+ PMI \u00ae<\/strong>  Chefs de projets certifi\u00e9s<\/p>\n<\/div><\/div>\n\n\n\n<div class=\"wp-block-buttons is-layout-flex wp-block-buttons-is-layout-flex\">\n<div class=\"wp-block-button\"><a class=\"wp-block-button__link wp-element-button\" href=\"https:\/\/www.comau.com\/en\/about-us\/corporate-governance\/\">Notre code de conduite<\/a><\/div>\n<\/div>\n\n\n\n<h2 class=\"wp-block-heading\">\u00catre simple, pr\u00e9cis et transparent<\/h2>\n\n\n\n<p class=\"lead\">Pr\u00eat \u00e0 l&#8217;emploi : l&rsquo;automatisation est efficace lorsqu&rsquo;elle simplifie et optimise, en s&rsquo;int\u00e9grant dans les processus de production d&rsquo;une mani\u00e8re ouverte, habile et intelligente. <\/p>\n\n\n\n<div class=\"wp-block-columns is-layout-flex wp-container-core-columns-is-layout-9d6595d7 wp-block-columns-is-layout-flex\">\n<div class=\"wp-block-column is-layout-flow wp-block-column-is-layout-flow\">\n<div class=\"wp-block-getwid-image-box has-text-center has-mobile-layout-default has-mobile-alignment-default\"><div class=\"wp-block-getwid-image-box__image-container is-position-top\"><div class=\"wp-block-getwid-image-box__image-wrapper\"><img decoding=\"async\" width=\"184\" height=\"130\" src=\"https:\/\/www.comau.com\/wp-content\/uploads\/2021\/06\/World_Class_Manufacturing.jpg\" alt=\"\" class=\"wp-block-getwid-image-box__image wp-image-236\" \/><\/div><\/div><div class=\"wp-block-getwid-image-box__content\">\n<h3 class=\"wp-block-heading\"><\/h3>\n\n\n\n<p><strong>1<\/strong> Fabrication de classe mondiale<\/p>\n<\/div><\/div>\n<\/div>\n\n\n\n<div class=\"wp-block-column is-layout-flow wp-block-column-is-layout-flow\">\n<div class=\"wp-block-getwid-image-box has-text-center has-mobile-layout-default has-mobile-alignment-default\"><div class=\"wp-block-getwid-image-box__image-container is-position-top\"><div class=\"wp-block-getwid-image-box__image-wrapper\"><img decoding=\"async\" width=\"184\" height=\"130\" src=\"https:\/\/www.comau.com\/wp-content\/uploads\/2021\/06\/Pioneering_vision.jpg\" alt=\"\" class=\"wp-block-getwid-image-box__image wp-image-235\" \/><\/div><\/div><div class=\"wp-block-getwid-image-box__content\">\n<h3 class=\"wp-block-heading\"><\/h3>\n\n\n\n<p><strong>1<\/strong>  Vision d&rsquo;avant-garde<\/p>\n<\/div><\/div>\n<\/div>\n<\/div>\n\n\n\n<h2 class=\"wp-block-heading\">Communiquer ouvertement<\/h2>\n\n\n\n<p class=\"lead\">Nous tirons profit de notre exp\u00e9rience. Partager opinions et id\u00e9es, afin d&rsquo;atteindre nos objectifs mutuels est notre moyen de garantir la transparence.<\/p>\n\n\n\n<div class=\"wp-block-columns is-layout-flex wp-container-core-columns-is-layout-9d6595d7 wp-block-columns-is-layout-flex\">\n<div class=\"wp-block-column is-layout-flow wp-block-column-is-layout-flow\">\n<div class=\"wp-block-getwid-image-box has-text-center has-mobile-layout-default has-mobile-alignment-default\"><div class=\"wp-block-getwid-image-box__image-container is-position-top\"><div class=\"wp-block-getwid-image-box__image-wrapper\"><img decoding=\"async\" width=\"184\" height=\"130\" src=\"https:\/\/www.comau.com\/wp-content\/uploads\/2021\/06\/common_vision.jpg\" alt=\"\" class=\"wp-block-getwid-image-box__image wp-image-234\" \/><\/div><\/div><div class=\"wp-block-getwid-image-box__content\">\n<h3 class=\"wp-block-heading\"><\/h3>\n\n\n\n<p><strong>1<\/strong> Vision commune<\/p>\n<\/div><\/div>\n<\/div>\n\n\n\n<div class=\"wp-block-column is-layout-flow wp-block-column-is-layout-flow\">\n<div class=\"wp-block-getwid-image-box has-text-center has-mobile-layout-default has-mobile-alignment-default\"><div class=\"wp-block-getwid-image-box__image-container is-position-top\"><div class=\"wp-block-getwid-image-box__image-wrapper\"><img decoding=\"async\" width=\"184\" height=\"130\" src=\"https:\/\/www.comau.com\/wp-content\/uploads\/2021\/06\/shared_knowledge.jpg\" alt=\"\" class=\"wp-block-getwid-image-box__image wp-image-233\" \/><\/div><\/div><div class=\"wp-block-getwid-image-box__content\">\n<h3 class=\"wp-block-heading\"><\/h3>\n\n\n\n<p><strong>1<\/strong> Connaissance partag\u00e9e<\/p>\n<\/div><\/div>\n<\/div>\n\n\n\n<div class=\"wp-block-column is-layout-flow wp-block-column-is-layout-flow\">\n<div class=\"wp-block-getwid-image-box has-text-center has-mobile-layout-default has-mobile-alignment-default\"><div class=\"wp-block-getwid-image-box__image-container is-position-top\"><div class=\"wp-block-getwid-image-box__image-wrapper\"><img decoding=\"async\" width=\"184\" height=\"130\" src=\"https:\/\/www.comau.com\/wp-content\/uploads\/2021\/06\/objective_create_solutions.jpg\" alt=\"\" class=\"wp-block-getwid-image-box__image wp-image-232\" \/><\/div><\/div><div class=\"wp-block-getwid-image-box__content\">\n<h3 class=\"wp-block-heading\"><\/h3>\n\n\n\n<p><strong>1<\/strong> Objectif : cr\u00e9er des solutions<\/p>\n<\/div><\/div>\n<\/div>\n<\/div>\n\n\n\n<div class=\"wp-block-buttons is-layout-flex wp-block-buttons-is-layout-flex\">\n<div class=\"wp-block-button\"><a class=\"wp-block-button__link wp-element-button\" href=\"https:\/\/www.comau.com\/en\/contact-us\/media-area\/\">Mur multim\u00e9dia<\/a><\/div>\n<\/div>\n\n\n\n<h2 class=\"wp-block-heading\">Moteur derri\u00e8re votre imagination<\/h2>\n\n\n\n<figure class=\"wp-block-embed is-type-video is-provider-youtube wp-block-embed-youtube wp-embed-aspect-16-9 wp-has-aspect-ratio\"><div class=\"wp-block-embed__wrapper\">\n<iframe title=\"Comau Corporate Video 2016\" width=\"640\" height=\"360\" src=\"https:\/\/www.youtube.com\/embed\/AijNUAOerXY?feature=oembed\" frameborder=\"0\" allow=\"accelerometer; autoplay; clipboard-write; encrypted-media; gyroscope; picture-in-picture; web-share\" referrerpolicy=\"strict-origin-when-cross-origin\" allowfullscreen><\/iframe>\n<\/div><\/figure>\n","protected":false},"excerpt":{"rendered":"<p>Qui sommes-nous? \u200bComau est un leader mondial dans le domaine de l\u2019automatisation industrielle. Alliant des solutions d&rsquo;ing\u00e9nierie innovantes avec des technologies g\u00e9n\u00e9riques et une automatisation \u00ab ouverte \u00bb, facile \u00e0 utiliser, Comau aide les entreprises de toute taille et de tout segment industriel \u00e0 exploiter le potentiel de la fabrication num\u00e9rique. Les comp\u00e9tences de Comau [&hellip;]<\/p>\n","protected":false},"author":11,"featured_media":3821,"parent":0,"menu_order":1,"comment_status":"closed","ping_status":"closed","template":"","meta":{"_acf_changed":false,"ep_exclude_from_search":false,"footnotes":""},"class_list":["post-5215","page","type-page","status-publish","has-post-thumbnail","hentry"],"acf":[],"yoast_head":"<!-- This site is optimized with the Yoast SEO plugin v26.9 - https:\/\/yoast.com\/product\/yoast-seo-wordpress\/ -->\n<title>\u00c0 propos de Comau - Comau<\/title>\n<meta name=\"description\" content=\"Comau aide les entreprises de toute taille et de tout segment industriel \u00e0 exploiter le potentiel de la fabrication num\u00e9rique\" \/>\n<meta name=\"robots\" content=\"index, follow, max-snippet:-1, max-image-preview:large, max-video-preview:-1\" \/>\n<link rel=\"canonical\" href=\"https:\/\/www.comau.com\/fr\/about-us\/\" \/>\n<meta property=\"og:locale\" content=\"fr_FR\" \/>\n<meta property=\"og:type\" content=\"article\" \/>\n<meta property=\"og:title\" content=\"\u00c0 propos de Comau - Comau\" \/>\n<meta property=\"og:description\" content=\"Comau aide les entreprises de toute taille et de tout segment industriel \u00e0 exploiter le potentiel de la fabrication num\u00e9rique\" \/>\n<meta property=\"og:url\" content=\"https:\/\/www.comau.com\/fr\/about-us\/\" \/>\n<meta property=\"og:site_name\" content=\"Comau\" \/>\n<meta property=\"article:publisher\" content=\"https:\/\/www.facebook.com\/COMAU\/\" \/>\n<meta property=\"article:modified_time\" content=\"2024-07-10T16:58:30+00:00\" \/>\n<meta property=\"og:image\" content=\"https:\/\/www.comau.com\/wp-content\/uploads\/2021\/06\/manifesto_header.jpg\" \/>\n\t<meta property=\"og:image:width\" content=\"1280\" \/>\n\t<meta property=\"og:image:height\" content=\"485\" \/>\n\t<meta property=\"og:image:type\" content=\"image\/jpeg\" \/>\n<meta name=\"twitter:card\" content=\"summary_large_image\" \/>\n<meta name=\"twitter:site\" content=\"@comaugroup\" \/>\n<meta name=\"twitter:label1\" content=\"Dur\u00e9e de lecture estim\u00e9e\" \/>\n\t<meta name=\"twitter:data1\" content=\"5 minutes\" \/>\n<script type=\"application\/ld+json\" class=\"yoast-schema-graph\">{\"@context\":\"https:\/\/schema.org\",\"@graph\":[{\"@type\":\"WebPage\",\"@id\":\"https:\/\/www.comau.com\/fr\/about-us\/\",\"url\":\"https:\/\/www.comau.com\/fr\/about-us\/\",\"name\":\"\u00c0 propos de Comau - Comau\",\"isPartOf\":{\"@id\":\"https:\/\/www.comau.com\/fr\/#website\"},\"primaryImageOfPage\":{\"@id\":\"https:\/\/www.comau.com\/fr\/about-us\/#primaryimage\"},\"image\":{\"@id\":\"https:\/\/www.comau.com\/fr\/about-us\/#primaryimage\"},\"thumbnailUrl\":\"https:\/\/www.comau.com\/wp-content\/uploads\/2021\/06\/manifesto_header.jpg\",\"datePublished\":\"2021-05-30T22:01:48+00:00\",\"dateModified\":\"2024-07-10T16:58:30+00:00\",\"description\":\"Comau aide les entreprises de toute taille et de tout segment industriel \u00e0 exploiter le potentiel de la fabrication num\u00e9rique\",\"breadcrumb\":{\"@id\":\"https:\/\/www.comau.com\/fr\/about-us\/#breadcrumb\"},\"inLanguage\":\"fr-FR\",\"potentialAction\":[{\"@type\":\"ReadAction\",\"target\":[\"https:\/\/www.comau.com\/fr\/about-us\/\"]}]},{\"@type\":\"ImageObject\",\"inLanguage\":\"fr-FR\",\"@id\":\"https:\/\/www.comau.com\/fr\/about-us\/#primaryimage\",\"url\":\"https:\/\/www.comau.com\/wp-content\/uploads\/2021\/06\/manifesto_header.jpg\",\"contentUrl\":\"https:\/\/www.comau.com\/wp-content\/uploads\/2021\/06\/manifesto_header.jpg\",\"width\":1280,\"height\":485},{\"@type\":\"BreadcrumbList\",\"@id\":\"https:\/\/www.comau.com\/fr\/about-us\/#breadcrumb\",\"itemListElement\":[{\"@type\":\"ListItem\",\"position\":1,\"name\":\"Home\",\"item\":\"https:\/\/www.comau.com\/fr\/\"},{\"@type\":\"ListItem\",\"position\":2,\"name\":\"\u00c0 propos de Comau\"}]},{\"@type\":\"WebSite\",\"@id\":\"https:\/\/www.comau.com\/fr\/#website\",\"url\":\"https:\/\/www.comau.com\/fr\/\",\"name\":\"Comau\",\"description\":\"Industrial automation and robotics\",\"publisher\":{\"@id\":\"https:\/\/www.comau.com\/fr\/#organization\"},\"potentialAction\":[{\"@type\":\"SearchAction\",\"target\":{\"@type\":\"EntryPoint\",\"urlTemplate\":\"https:\/\/www.comau.com\/fr\/?s={search_term_string}\"},\"query-input\":{\"@type\":\"PropertyValueSpecification\",\"valueRequired\":true,\"valueName\":\"search_term_string\"}}],\"inLanguage\":\"fr-FR\"},{\"@type\":\"Organization\",\"@id\":\"https:\/\/www.comau.com\/fr\/#organization\",\"name\":\"Comau\",\"url\":\"https:\/\/www.comau.com\/fr\/\",\"logo\":{\"@type\":\"ImageObject\",\"inLanguage\":\"fr-FR\",\"@id\":\"https:\/\/www.comau.com\/fr\/#\/schema\/logo\/image\/\",\"url\":\"https:\/\/www.comau.com\/wp-content\/uploads\/2024\/07\/cropped-Logo-COMAU.png\",\"contentUrl\":\"https:\/\/www.comau.com\/wp-content\/uploads\/2024\/07\/cropped-Logo-COMAU.png\",\"width\":434,\"height\":434,\"caption\":\"Comau\"},\"image\":{\"@id\":\"https:\/\/www.comau.com\/fr\/#\/schema\/logo\/image\/\"},\"sameAs\":[\"https:\/\/www.facebook.com\/COMAU\/\",\"https:\/\/x.com\/comaugroup\",\"https:\/\/www.instagram.com\/comaugroup\/\",\"https:\/\/www.linkedin.com\/company\/comau\",\"https:\/\/www.youtube.com\/user\/comau\"]}]}<\/script>\n<!-- \/ Yoast SEO plugin. -->","yoast_head_json":{"title":"\u00c0 propos de Comau - Comau","description":"Comau aide les entreprises de toute taille et de tout segment industriel \u00e0 exploiter le potentiel de la fabrication num\u00e9rique","robots":{"index":"index","follow":"follow","max-snippet":"max-snippet:-1","max-image-preview":"max-image-preview:large","max-video-preview":"max-video-preview:-1"},"canonical":"https:\/\/www.comau.com\/fr\/about-us\/","og_locale":"fr_FR","og_type":"article","og_title":"\u00c0 propos de Comau - Comau","og_description":"Comau aide les entreprises de toute taille et de tout segment industriel \u00e0 exploiter le potentiel de la fabrication num\u00e9rique","og_url":"https:\/\/www.comau.com\/fr\/about-us\/","og_site_name":"Comau","article_publisher":"https:\/\/www.facebook.com\/COMAU\/","article_modified_time":"2024-07-10T16:58:30+00:00","og_image":[{"width":1280,"height":485,"url":"https:\/\/www.comau.com\/wp-content\/uploads\/2021\/06\/manifesto_header.jpg","type":"image\/jpeg"}],"twitter_card":"summary_large_image","twitter_site":"@comaugroup","twitter_misc":{"Dur\u00e9e de lecture estim\u00e9e":"5 minutes"},"schema":{"@context":"https:\/\/schema.org","@graph":[{"@type":"WebPage","@id":"https:\/\/www.comau.com\/fr\/about-us\/","url":"https:\/\/www.comau.com\/fr\/about-us\/","name":"\u00c0 propos de Comau - Comau","isPartOf":{"@id":"https:\/\/www.comau.com\/fr\/#website"},"primaryImageOfPage":{"@id":"https:\/\/www.comau.com\/fr\/about-us\/#primaryimage"},"image":{"@id":"https:\/\/www.comau.com\/fr\/about-us\/#primaryimage"},"thumbnailUrl":"https:\/\/www.comau.com\/wp-content\/uploads\/2021\/06\/manifesto_header.jpg","datePublished":"2021-05-30T22:01:48+00:00","dateModified":"2024-07-10T16:58:30+00:00","description":"Comau aide les entreprises de toute taille et de tout segment industriel \u00e0 exploiter le potentiel de la fabrication num\u00e9rique","breadcrumb":{"@id":"https:\/\/www.comau.com\/fr\/about-us\/#breadcrumb"},"inLanguage":"fr-FR","potentialAction":[{"@type":"ReadAction","target":["https:\/\/www.comau.com\/fr\/about-us\/"]}]},{"@type":"ImageObject","inLanguage":"fr-FR","@id":"https:\/\/www.comau.com\/fr\/about-us\/#primaryimage","url":"https:\/\/www.comau.com\/wp-content\/uploads\/2021\/06\/manifesto_header.jpg","contentUrl":"https:\/\/www.comau.com\/wp-content\/uploads\/2021\/06\/manifesto_header.jpg","width":1280,"height":485},{"@type":"BreadcrumbList","@id":"https:\/\/www.comau.com\/fr\/about-us\/#breadcrumb","itemListElement":[{"@type":"ListItem","position":1,"name":"Home","item":"https:\/\/www.comau.com\/fr\/"},{"@type":"ListItem","position":2,"name":"\u00c0 propos de Comau"}]},{"@type":"WebSite","@id":"https:\/\/www.comau.com\/fr\/#website","url":"https:\/\/www.comau.com\/fr\/","name":"Comau","description":"Industrial automation and robotics","publisher":{"@id":"https:\/\/www.comau.com\/fr\/#organization"},"potentialAction":[{"@type":"SearchAction","target":{"@type":"EntryPoint","urlTemplate":"https:\/\/www.comau.com\/fr\/?s={search_term_string}"},"query-input":{"@type":"PropertyValueSpecification","valueRequired":true,"valueName":"search_term_string"}}],"inLanguage":"fr-FR"},{"@type":"Organization","@id":"https:\/\/www.comau.com\/fr\/#organization","name":"Comau","url":"https:\/\/www.comau.com\/fr\/","logo":{"@type":"ImageObject","inLanguage":"fr-FR","@id":"https:\/\/www.comau.com\/fr\/#\/schema\/logo\/image\/","url":"https:\/\/www.comau.com\/wp-content\/uploads\/2024\/07\/cropped-Logo-COMAU.png","contentUrl":"https:\/\/www.comau.com\/wp-content\/uploads\/2024\/07\/cropped-Logo-COMAU.png","width":434,"height":434,"caption":"Comau"},"image":{"@id":"https:\/\/www.comau.com\/fr\/#\/schema\/logo\/image\/"},"sameAs":["https:\/\/www.facebook.com\/COMAU\/","https:\/\/x.com\/comaugroup","https:\/\/www.instagram.com\/comaugroup\/","https:\/\/www.linkedin.com\/company\/comau","https:\/\/www.youtube.com\/user\/comau"]}]}},"_links":{"self":[{"href":"https:\/\/www.comau.com\/fr\/wp-json\/wp\/v2\/pages\/5215","targetHints":{"allow":["GET"]}}],"collection":[{"href":"https:\/\/www.comau.com\/fr\/wp-json\/wp\/v2\/pages"}],"about":[{"href":"https:\/\/www.comau.com\/fr\/wp-json\/wp\/v2\/types\/page"}],"author":[{"embeddable":true,"href":"https:\/\/www.comau.com\/fr\/wp-json\/wp\/v2\/users\/11"}],"replies":[{"embeddable":true,"href":"https:\/\/www.comau.com\/fr\/wp-json\/wp\/v2\/comments?post=5215"}],"version-history":[{"count":73,"href":"https:\/\/www.comau.com\/fr\/wp-json\/wp\/v2\/pages\/5215\/revisions"}],"predecessor-version":[{"id":65044,"href":"https:\/\/www.comau.com\/fr\/wp-json\/wp\/v2\/pages\/5215\/revisions\/65044"}],"wp:featuredmedia":[{"embeddable":true,"href":"https:\/\/www.comau.com\/fr\/wp-json\/wp\/v2\/media\/3821"}],"wp:attachment":[{"href":"https:\/\/www.comau.com\/fr\/wp-json\/wp\/v2\/media?parent=5215"}],"curies":[{"name":"wp","href":"https:\/\/api.w.org\/{rel}","templated":true}]}}