{"id":51814,"date":"2023-04-19T15:59:55","date_gmt":"2023-04-19T13:59:55","guid":{"rendered":"https:\/\/www.comau.com\/?page_id=51814"},"modified":"2023-05-27T23:10:21","modified_gmt":"2023-05-27T21:10:21","slug":"john-deere-deploie-les-robots-portables-de-comau","status":"publish","type":"page","link":"https:\/\/www.comau.com\/fr\/about-us\/success-stories\/john-deere-deploie-les-robots-portables-de-comau\/","title":{"rendered":"John Deere d\u00e9ploie les robots portables de Comau au Br\u00e9sil pour assurer le bien-\u00eatre ergonomique de ses employ\u00e9s pendant les op\u00e9rations manuelles"},"content":{"rendered":"\n<p>Fond\u00e9e en 1837, John Deere est une entreprise technologique internationale qui fournit principalement des logiciels et de l\u2019\u00e9quipement aux industries agricoles, foresti\u00e8res et de la construction. Avec une liste impressionnante de clients, r\u00e9partis dans le monde entier, l\u2019entreprise a b\u00e2ti sa r\u00e9putation sur des produits innovants et de qualit\u00e9 sup\u00e9rieure, refl\u00e9tant l\u2019int\u00e9grit\u00e9 qui l\u2019anime depuis 186 ans. Dans ce m\u00eame esprit pionnier, les responsables du centre de distribution des pi\u00e8ces d\u00e9tach\u00e9es de John Deere ont \u00e9tudi\u00e9 comment am\u00e9liorer la s\u00e9curit\u00e9, la sant\u00e9 et la p\u00e9rennit\u00e9 de la main-d\u2019\u0153uvre.<\/p>\n\n\n<div class=\"wp-block-image\">\n<figure class=\"alignright size-large is-resized\"><img decoding=\"async\" src=\"https:\/\/www.comau.com\/wp-content\/uploads\/2023\/04\/IMG_9599-1024x683.jpg\" alt=\"\" class=\"wp-image-52496\" width=\"512\" height=\"342\" srcset=\"https:\/\/www.comau.com\/wp-content\/uploads\/2023\/04\/IMG_9599-1024x683.jpg 1024w, https:\/\/www.comau.com\/wp-content\/uploads\/2023\/04\/IMG_9599-300x200.jpg 300w, https:\/\/www.comau.com\/wp-content\/uploads\/2023\/04\/IMG_9599-768x512.jpg 768w, https:\/\/www.comau.com\/wp-content\/uploads\/2023\/04\/IMG_9599-1536x1024.jpg 1536w, https:\/\/www.comau.com\/wp-content\/uploads\/2023\/04\/IMG_9599-2048x1365.jpg 2048w\" sizes=\"(max-width: 512px) 100vw, 512px\" \/><\/figure>\n<\/div>\n\n\n<p>Le service Logistique des pi\u00e8ces d\u00e9tach\u00e9es de l\u2019entreprise joue un r\u00f4le essentiel, parce qu\u2019il permet \u00e0 l\u2019\u00e9quipementier agricole de r\u00e9pondre rapidement aux besoins des concessionnaires et des utilisateurs finaux. L\u2019entreprise a ainsi construit un site de distribution de 75000m2 \u00e0 Campinas, dans l\u2019\u00c9tat de S\u00e3o Paulo, afin de g\u00e9rer les plus de 150000 r\u00e9f\u00e9rences n\u00e9cessaires au march\u00e9 local. Cependant, la taille n\u2019est pas le seul aspect \u00e0 prendre en consid\u00e9ration. Pour satisfaire pleinement les clients, rapidit\u00e9 et efficacit\u00e9 sont indispensables, car les pi\u00e8ces doivent souvent \u00eatre livr\u00e9es le lendemain de la commande. Ainsi, les employ\u00e9s de John Deere s\u00e9lectionnent, trient et emballent manuellement des centaines de pi\u00e8ces par jour, t\u00e2ches qui impliquent des mouvements r\u00e9p\u00e9titifs des bras, des \u00e9paules et du dos.<\/p>\n\n\n\n<p>D\u00e9but 2022, l\u2019\u00e9quipe s\u2019est adress\u00e9e \u00e0 Helmar De Aquino, ing\u00e9nieur et ergonome certifi\u00e9 chez Comau, pour \u00e9tudier dans quelle mesure l\u2019exosquelette portable de l\u2019entreprise pouvait am\u00e9liorer le bien-\u00eatre et la motivation des employ\u00e9s charg\u00e9s de soulever, d\u00e9placer et r\u00e9cup\u00e9rer des pi\u00e8ces de toutes formes, tailles et poids.<\/p>\n\n\n\n<div class=\"wp-block-group wide-section-light-1 py-5 my-5\"><div class=\"wp-block-group__inner-container is-layout-flow wp-block-group-is-layout-flow\">\n<blockquote class=\"wp-block-quote has-text-align-left success-story-quote is-layout-flow wp-block-quote-is-layout-flow\" style=\"font-size:16px\">\n<p style=\"font-size:16px\">\u00ab Nous nous effor\u00e7ons de proposer des technologies d\u2019automatisation innovantes, notamment de trouver de nouvelles fa\u00e7ons de garantir la s\u00e9curit\u00e9 des travailleurs pendant leurs activit\u00e9s quotidiennes, dans diff\u00e9rentes applications et sur diff\u00e9rents march\u00e9s \u00bb, d\u00e9clare Laerte Scarpitta, Responsable Comau pour les Am\u00e9riques. \u00ab Le MATE-XT est un exosquelette portatif facile \u00e0 utiliser, qui augmente la valeur ajout\u00e9e de John Deere et offre des avantages mesurables en termes de r\u00e9duction de la fatigue musculaire per\u00e7ue et, par cons\u00e9quent, de la contrainte m\u00e9canique sur le dos, la r\u00e9gion lombaire, les bras et les \u00e9paules des travailleurs. Voil\u00e0 un autre exemple de la valeur que la robotique peut cr\u00e9er. \u00bb<\/p>\n<cite><strong><strong><strong><strong>Laerte Scarpitta, Responsable Comau pour les Am\u00e9riques<\/strong><\/strong><\/strong><\/strong><\/cite><\/blockquote>\n<\/div><\/div>\n\n\n\n<div class=\"wp-block-columns is-layout-flex wp-container-core-columns-is-layout-9d6595d7 wp-block-columns-is-layout-flex\">\n<div class=\"wp-block-column is-layout-flow wp-block-column-is-layout-flow\">\n<h2 class=\"h3 wp-block-heading\" id=\"the-challenge\">D\u00e9fi<\/h2>\n\n\n\n<p>Soucieux d\u2019am\u00e9liorer le bien-\u00eatre des travailleurs et de favoriser une ergonomie durable, John Deere recherchait activement une solution viable pour all\u00e9ger les contraintes physiques pesant sur sa main-d\u2019\u0153uvre. L\u2019am\u00e9lioration de la posture et de la qualit\u00e9 du travail \u00e9tait un objectif secondaire, car l\u2019entreprise voulait r\u00e9duire le risque ergonomique inh\u00e9rent aux op\u00e9rations de logistique des pi\u00e8ces.<\/p>\n\n\n\n<p>Comau a \u00e9t\u00e9 invit\u00e9e \u00e0 d\u00e9montrer les performances ergonomiques de son exosquelette passif robotis\u00e9 MATE-XT, autrement dit son aptitude \u00e0 r\u00e9duire le risque de surcharge biom\u00e9canique des membres sup\u00e9rieurs. Le confort g\u00e9n\u00e9ral et l\u2019adaptabilit\u00e9 \u00e9taient deux autres exigences, parce que les employ\u00e9s porteraient cet exosquelette innovant jusqu\u2019\u00e0 8 heures par jour.<\/p>\n<\/div>\n\n\n\n<div class=\"wp-block-column is-layout-flow wp-block-column-is-layout-flow\">\n<h2 class=\"h3 wp-block-heading\" id=\"the-solution\">Solution<\/h2>\n\n\n\n<p>Le MATE-XT s\u2019est av\u00e9r\u00e9 la solution parfaite, gr\u00e2ce \u00e0 son efficacit\u00e9 et son format innovant. En plus d\u2019\u00eatre l\u00e9ger et facile \u00e0 porter, <a href=\"https:\/\/mate.comau.com\" target=\"_blank\" rel=\"noreferrer noopener\">l\u2019exosquelette MATE-XT<\/a> reproduit avec pr\u00e9cision tous les mouvements de l\u2019\u00e9paule, ce qui aide les employ\u00e9s \u00e0 effectuer leur travail confortablement en r\u00e9duisant la fatigue musculaire, sans r\u00e9duire la mobilit\u00e9 ni ajouter du volume. De surcro\u00eet, sa conception ergonomique permet de l\u2019ajuster facilement aux diff\u00e9rentes corpulences en quelques manipulations initiales, notamment pour la largeur des \u00e9paules et le niveau d\u2019assistance requis, en fonction du travailleur et de la t\u00e2che \u00e0 accomplir.<\/p>\n\n\n\n<p>En plus d\u2019offrir un soutien postural extr\u00eamement efficace et respirant, le MATE-XT est certifi\u00e9 EAWS (Ergonomic Assessment Work-Sheet). L\u2019\u00e9quipe de Comau a donc pu fournir \u00e0 John Deere une mesure objective de l\u2019am\u00e9lioration ergonomique et calculer facilement les avantages pr\u00e9vus en termes de r\u00e9duction de la fatigue musculaire, de vitesse d\u2019ex\u00e9cution et de retour sur investissement projet\u00e9.<\/p>\n\n\n\n<p>Comau a \u00e9galement aid\u00e9 John Deere \u00e0 d\u00e9mystifier l\u2019utilisation de l\u2019exosquelette dans ses op\u00e9rations quotidiennes, en proposant une formation pratique au centre de distribution de Campinas. Enfin, les experts en ergonomie de Comau ont travaill\u00e9 avec le client pour rep\u00e9rer les d\u00e9s\u00e9quilibres musculaires et les d\u00e9penses \u00e9nerg\u00e9tiques des travailleurs pendant leurs activit\u00e9s de routine.<\/p>\n\n\n\n<p>John Deere a re\u00e7u le premier exosquelette MATE-XT mi-2022, puis en a achet\u00e9 trois autres six mois plus tard. Actuellement, les quatre exosquelettes sont utilis\u00e9s pendant les op\u00e9rations d\u2019emballage et d\u2019autres sont \u00e0 l\u2019essai dans d\u2019autres domaines d\u2019activit\u00e9.<\/p>\n<\/div>\n<\/div>\n\n\n\n<div class=\"wp-block-group wide-section-light-1 py-5 my-5\"><div class=\"wp-block-group__inner-container is-layout-flow wp-block-group-is-layout-flow\">\n<div class=\"wp-block-group wide-section-light-1 py-5 my-5\"><div class=\"wp-block-group__inner-container is-layout-flow wp-block-group-is-layout-flow\">\n<h2 class=\"h2 wp-block-heading\" id=\"the-results\">R\u00e9sultats<\/h2>\n\n\n\n<p>Les employ\u00e9s de John Deere ont facilement accept\u00e9 la mise en \u0153uvre de l\u2019exosquelette dans le cadre des op\u00e9rations quotidiennes et appr\u00e9cient de le porter. Avec sa structure fine et l\u00e9g\u00e8re en fibre de carbone qui se porte comme un sac \u00e0 dos, l\u2019exosquelette MATE-XT propose 8 niveaux de soutien, faciles et rapides \u00e0 r\u00e9gler selon les besoins sans interrompre la t\u00e2che en cours.<\/p>\n\n\n\n<p>M\u00eame en cas de manipulation d\u2018objets l\u00e9gers et de petite taille, l\u2019effort apparemment minime li\u00e9 aux mouvements manuels r\u00e9p\u00e9t\u00e9s peut avoir des cons\u00e9quences n\u00e9fastes sur le corps. Pour aider John Deere \u00e0 quantifier les avantages de l\u2019utilisation du MATE-XT, Comau a r\u00e9alis\u00e9 une analyse \u00e9lectromyographique du facteur de risque ergonomique. Le MATE-XT a maintenu les muscles au repos pendant 98,5 % du temps d\u2019activit\u00e9, contre seulement 2,4 % du temps sans le MATE-XT.<\/p>\n\n\n\n<p>En mati\u00e8re de posture, le MATE-XT de Comau assure un bon \u00e9quilibre musculaire, tout en optimisant les d\u00e9penses \u00e9nerg\u00e9tiques n\u00e9cessaires pour stabiliser et maintenir le poids des bras. Le port de l\u2019exosquelette permet de maintenir la stabilit\u00e9 du bras en n\u2019utilisant que 10 % de la force maximale de l\u2019op\u00e9rateur. Cela se traduit par un sentiment de bien-\u00eatre accru, en plus de r\u00e9sultats tangibles bas\u00e9s sur les performances, tels que l\u2019optimisation des processus et les gains de productivit\u00e9. Dans l\u2019ensemble, le MATE-XT aide John Deere \u00e0 att\u00e9nuer les risques ergonomiques et \u00e0 r\u00e9duire la surcharge musculaire de 68 %.<\/p>\n\n\n\n<div class=\"wp-block-columns is-layout-flex wp-container-core-columns-is-layout-9d6595d7 wp-block-columns-is-layout-flex\">\n<div class=\"wp-block-column is-layout-flow wp-block-column-is-layout-flow\">\n<div class=\"wp-block-getwid-counter\"><div class=\"wp-block-getwid-counter__wrapper\" data-start=\"0\" data-end=\"68\" data-decimal-places=\"0\" data-duration=\"3\" data-use-easing=\"true\" data-use-grouping=\"true\" data-separator=\",\" data-decimal=\".\" data-easing-fn=\"outExpo\" data-numerals=\"default\"><span class=\"wp-block-getwid-counter__number\">0<\/span><p class=\"wp-block-getwid-counter__suffix\">%<\/p><\/div><\/div>\n\n\n\n<p>de r\u00e9duction de la surcharge musculaire<\/p>\n<\/div>\n\n\n\n<div class=\"wp-block-column is-layout-flow wp-block-column-is-layout-flow\">\n<div class=\"wp-block-getwid-counter\"><div class=\"wp-block-getwid-counter__wrapper\" data-start=\"0\" data-end=\"98\" data-decimal-places=\"0\" data-duration=\"3\" data-use-easing=\"true\" data-use-grouping=\"true\" data-separator=\",\" data-decimal=\".\" data-easing-fn=\"outExpo\" data-numerals=\"default\"><span class=\"wp-block-getwid-counter__number\">0<\/span><p class=\"wp-block-getwid-counter__suffix\">%<\/p><\/div><\/div>\n\n\n\n<p>Muscles maintenus au repos pendant 98,5 % du temps d\u2019activit\u00e9<\/p>\n<\/div>\n\n\n\n<div class=\"wp-block-column is-vertically-aligned-center is-layout-flow wp-block-column-is-layout-flow\">\n<div class=\"wp-block-group\"><div class=\"wp-block-group__inner-container is-layout-constrained wp-block-group-is-layout-constrained\">\n<h2 class=\"has-text-color wp-block-heading\" style=\"color:#095ffb\">Att\u00e9nuation des risques ergonomiques<\/h2>\n<\/div><\/div>\n<\/div>\n<\/div>\n<\/div><\/div>\n<\/div><\/div>\n","protected":false},"excerpt":{"rendered":"<p>Fond\u00e9e en 1837, John Deere est une entreprise technologique internationale qui fournit principalement des logiciels et de l\u2019\u00e9quipement aux industries agricoles, foresti\u00e8res et de la construction. Avec une liste impressionnante de clients, r\u00e9partis dans le monde entier, l\u2019entreprise a b\u00e2ti sa r\u00e9putation sur des produits innovants et de qualit\u00e9 sup\u00e9rieure, refl\u00e9tant l\u2019int\u00e9grit\u00e9 qui l\u2019anime depuis [&hellip;]<\/p>\n","protected":false},"author":21,"featured_media":54107,"parent":41298,"menu_order":5,"comment_status":"closed","ping_status":"closed","template":"","meta":{"_acf_changed":false,"ep_exclude_from_search":false,"footnotes":""},"class_list":["post-51814","page","type-page","status-publish","has-post-thumbnail","hentry"],"acf":[],"yoast_head":"<!-- This site is optimized with the Yoast SEO plugin v26.9 - https:\/\/yoast.com\/product\/yoast-seo-wordpress\/ -->\n<title>John Deere d\u00e9ploie la technologie portable de Comau<\/title>\n<meta name=\"description\" content=\"La technologie portable de Comau - l&#039;exosquelette MATE-XT - contribue au bien-\u00eatre ergonomique dans le centre de distribution de pi\u00e8ces d\u00e9tach\u00e9es de John Deere au Br\u00e9sil.\" \/>\n<meta name=\"robots\" content=\"index, follow, max-snippet:-1, max-image-preview:large, max-video-preview:-1\" \/>\n<link rel=\"canonical\" href=\"https:\/\/www.comau.com\/fr\/about-us\/success-stories\/john-deere-deploie-les-robots-portables-de-comau\/\" \/>\n<meta property=\"og:locale\" content=\"fr_FR\" \/>\n<meta property=\"og:type\" content=\"article\" \/>\n<meta property=\"og:title\" content=\"John Deere d\u00e9ploie la technologie portable de Comau\" \/>\n<meta property=\"og:description\" content=\"La technologie portable de Comau - l&#039;exosquelette MATE-XT - contribue au bien-\u00eatre ergonomique dans le centre de distribution de pi\u00e8ces d\u00e9tach\u00e9es de John Deere au Br\u00e9sil.\" \/>\n<meta property=\"og:url\" content=\"https:\/\/www.comau.com\/fr\/about-us\/success-stories\/john-deere-deploie-les-robots-portables-de-comau\/\" \/>\n<meta property=\"og:site_name\" content=\"Comau\" \/>\n<meta property=\"article:publisher\" content=\"https:\/\/www.facebook.com\/COMAU\/\" \/>\n<meta property=\"article:modified_time\" content=\"2023-05-27T21:10:21+00:00\" \/>\n<meta property=\"og:image\" content=\"https:\/\/www.comau.com\/wp-content\/uploads\/2023\/04\/Comau-1-WebPage-Banner_JohnDeere-Success-Story.png\" \/>\n\t<meta property=\"og:image:width\" content=\"1450\" \/>\n\t<meta property=\"og:image:height\" content=\"450\" \/>\n\t<meta property=\"og:image:type\" content=\"image\/png\" \/>\n<meta name=\"twitter:card\" content=\"summary_large_image\" \/>\n<meta name=\"twitter:site\" content=\"@comaugroup\" \/>\n<meta name=\"twitter:label1\" content=\"Dur\u00e9e de lecture estim\u00e9e\" \/>\n\t<meta name=\"twitter:data1\" content=\"5 minutes\" \/>\n<script type=\"application\/ld+json\" class=\"yoast-schema-graph\">{\"@context\":\"https:\/\/schema.org\",\"@graph\":[{\"@type\":\"WebPage\",\"@id\":\"https:\/\/www.comau.com\/fr\/about-us\/success-stories\/john-deere-deploie-les-robots-portables-de-comau\/\",\"url\":\"https:\/\/www.comau.com\/fr\/about-us\/success-stories\/john-deere-deploie-les-robots-portables-de-comau\/\",\"name\":\"John Deere d\u00e9ploie la technologie portable de Comau\",\"isPartOf\":{\"@id\":\"https:\/\/www.comau.com\/fr\/#website\"},\"primaryImageOfPage\":{\"@id\":\"https:\/\/www.comau.com\/fr\/about-us\/success-stories\/john-deere-deploie-les-robots-portables-de-comau\/#primaryimage\"},\"image\":{\"@id\":\"https:\/\/www.comau.com\/fr\/about-us\/success-stories\/john-deere-deploie-les-robots-portables-de-comau\/#primaryimage\"},\"thumbnailUrl\":\"https:\/\/www.comau.com\/wp-content\/uploads\/2023\/05\/Comau_Exoskeleton_Ergonomics_JohnDeere_header.jpg\",\"datePublished\":\"2023-04-19T13:59:55+00:00\",\"dateModified\":\"2023-05-27T21:10:21+00:00\",\"description\":\"La technologie portable de Comau - l'exosquelette MATE-XT - contribue au bien-\u00eatre ergonomique dans le centre de distribution de pi\u00e8ces d\u00e9tach\u00e9es de John Deere au Br\u00e9sil.\",\"breadcrumb\":{\"@id\":\"https:\/\/www.comau.com\/fr\/about-us\/success-stories\/john-deere-deploie-les-robots-portables-de-comau\/#breadcrumb\"},\"inLanguage\":\"fr-FR\",\"potentialAction\":[{\"@type\":\"ReadAction\",\"target\":[\"https:\/\/www.comau.com\/fr\/about-us\/success-stories\/john-deere-deploie-les-robots-portables-de-comau\/\"]}]},{\"@type\":\"ImageObject\",\"inLanguage\":\"fr-FR\",\"@id\":\"https:\/\/www.comau.com\/fr\/about-us\/success-stories\/john-deere-deploie-les-robots-portables-de-comau\/#primaryimage\",\"url\":\"https:\/\/www.comau.com\/wp-content\/uploads\/2023\/05\/Comau_Exoskeleton_Ergonomics_JohnDeere_header.jpg\",\"contentUrl\":\"https:\/\/www.comau.com\/wp-content\/uploads\/2023\/05\/Comau_Exoskeleton_Ergonomics_JohnDeere_header.jpg\",\"width\":1425,\"height\":450,\"caption\":\"Upper-limb fiber carbon exoskeleton\"},{\"@type\":\"BreadcrumbList\",\"@id\":\"https:\/\/www.comau.com\/fr\/about-us\/success-stories\/john-deere-deploie-les-robots-portables-de-comau\/#breadcrumb\",\"itemListElement\":[{\"@type\":\"ListItem\",\"position\":1,\"name\":\"Home\",\"item\":\"https:\/\/www.comau.com\/fr\/\"},{\"@type\":\"ListItem\",\"position\":2,\"name\":\"John Deere d\u00e9ploie les robots portables de Comau au Br\u00e9sil pour assurer le bien-\u00eatre ergonomique de ses employ\u00e9s pendant les op\u00e9rations manuelles\"}]},{\"@type\":\"WebSite\",\"@id\":\"https:\/\/www.comau.com\/fr\/#website\",\"url\":\"https:\/\/www.comau.com\/fr\/\",\"name\":\"Comau\",\"description\":\"Industrial automation and robotics\",\"publisher\":{\"@id\":\"https:\/\/www.comau.com\/fr\/#organization\"},\"potentialAction\":[{\"@type\":\"SearchAction\",\"target\":{\"@type\":\"EntryPoint\",\"urlTemplate\":\"https:\/\/www.comau.com\/fr\/?s={search_term_string}\"},\"query-input\":{\"@type\":\"PropertyValueSpecification\",\"valueRequired\":true,\"valueName\":\"search_term_string\"}}],\"inLanguage\":\"fr-FR\"},{\"@type\":\"Organization\",\"@id\":\"https:\/\/www.comau.com\/fr\/#organization\",\"name\":\"Comau\",\"url\":\"https:\/\/www.comau.com\/fr\/\",\"logo\":{\"@type\":\"ImageObject\",\"inLanguage\":\"fr-FR\",\"@id\":\"https:\/\/www.comau.com\/fr\/#\/schema\/logo\/image\/\",\"url\":\"https:\/\/www.comau.com\/wp-content\/uploads\/2024\/07\/cropped-Logo-COMAU.png\",\"contentUrl\":\"https:\/\/www.comau.com\/wp-content\/uploads\/2024\/07\/cropped-Logo-COMAU.png\",\"width\":434,\"height\":434,\"caption\":\"Comau\"},\"image\":{\"@id\":\"https:\/\/www.comau.com\/fr\/#\/schema\/logo\/image\/\"},\"sameAs\":[\"https:\/\/www.facebook.com\/COMAU\/\",\"https:\/\/x.com\/comaugroup\",\"https:\/\/www.instagram.com\/comaugroup\/\",\"https:\/\/www.linkedin.com\/company\/comau\",\"https:\/\/www.youtube.com\/user\/comau\"]}]}<\/script>\n<!-- \/ Yoast SEO plugin. -->","yoast_head_json":{"title":"John Deere d\u00e9ploie la technologie portable de Comau","description":"La technologie portable de Comau - l'exosquelette MATE-XT - contribue au bien-\u00eatre ergonomique dans le centre de distribution de pi\u00e8ces d\u00e9tach\u00e9es de John Deere au Br\u00e9sil.","robots":{"index":"index","follow":"follow","max-snippet":"max-snippet:-1","max-image-preview":"max-image-preview:large","max-video-preview":"max-video-preview:-1"},"canonical":"https:\/\/www.comau.com\/fr\/about-us\/success-stories\/john-deere-deploie-les-robots-portables-de-comau\/","og_locale":"fr_FR","og_type":"article","og_title":"John Deere d\u00e9ploie la technologie portable de Comau","og_description":"La technologie portable de Comau - l'exosquelette MATE-XT - contribue au bien-\u00eatre ergonomique dans le centre de distribution de pi\u00e8ces d\u00e9tach\u00e9es de John Deere au Br\u00e9sil.","og_url":"https:\/\/www.comau.com\/fr\/about-us\/success-stories\/john-deere-deploie-les-robots-portables-de-comau\/","og_site_name":"Comau","article_publisher":"https:\/\/www.facebook.com\/COMAU\/","article_modified_time":"2023-05-27T21:10:21+00:00","og_image":[{"width":1450,"height":450,"url":"https:\/\/www.comau.com\/wp-content\/uploads\/2023\/04\/Comau-1-WebPage-Banner_JohnDeere-Success-Story.png","type":"image\/png"}],"twitter_card":"summary_large_image","twitter_site":"@comaugroup","twitter_misc":{"Dur\u00e9e de lecture estim\u00e9e":"5 minutes"},"schema":{"@context":"https:\/\/schema.org","@graph":[{"@type":"WebPage","@id":"https:\/\/www.comau.com\/fr\/about-us\/success-stories\/john-deere-deploie-les-robots-portables-de-comau\/","url":"https:\/\/www.comau.com\/fr\/about-us\/success-stories\/john-deere-deploie-les-robots-portables-de-comau\/","name":"John Deere d\u00e9ploie la technologie portable de Comau","isPartOf":{"@id":"https:\/\/www.comau.com\/fr\/#website"},"primaryImageOfPage":{"@id":"https:\/\/www.comau.com\/fr\/about-us\/success-stories\/john-deere-deploie-les-robots-portables-de-comau\/#primaryimage"},"image":{"@id":"https:\/\/www.comau.com\/fr\/about-us\/success-stories\/john-deere-deploie-les-robots-portables-de-comau\/#primaryimage"},"thumbnailUrl":"https:\/\/www.comau.com\/wp-content\/uploads\/2023\/05\/Comau_Exoskeleton_Ergonomics_JohnDeere_header.jpg","datePublished":"2023-04-19T13:59:55+00:00","dateModified":"2023-05-27T21:10:21+00:00","description":"La technologie portable de Comau - l'exosquelette MATE-XT - contribue au bien-\u00eatre ergonomique dans le centre de distribution de pi\u00e8ces d\u00e9tach\u00e9es de John Deere au Br\u00e9sil.","breadcrumb":{"@id":"https:\/\/www.comau.com\/fr\/about-us\/success-stories\/john-deere-deploie-les-robots-portables-de-comau\/#breadcrumb"},"inLanguage":"fr-FR","potentialAction":[{"@type":"ReadAction","target":["https:\/\/www.comau.com\/fr\/about-us\/success-stories\/john-deere-deploie-les-robots-portables-de-comau\/"]}]},{"@type":"ImageObject","inLanguage":"fr-FR","@id":"https:\/\/www.comau.com\/fr\/about-us\/success-stories\/john-deere-deploie-les-robots-portables-de-comau\/#primaryimage","url":"https:\/\/www.comau.com\/wp-content\/uploads\/2023\/05\/Comau_Exoskeleton_Ergonomics_JohnDeere_header.jpg","contentUrl":"https:\/\/www.comau.com\/wp-content\/uploads\/2023\/05\/Comau_Exoskeleton_Ergonomics_JohnDeere_header.jpg","width":1425,"height":450,"caption":"Upper-limb fiber carbon exoskeleton"},{"@type":"BreadcrumbList","@id":"https:\/\/www.comau.com\/fr\/about-us\/success-stories\/john-deere-deploie-les-robots-portables-de-comau\/#breadcrumb","itemListElement":[{"@type":"ListItem","position":1,"name":"Home","item":"https:\/\/www.comau.com\/fr\/"},{"@type":"ListItem","position":2,"name":"John Deere d\u00e9ploie les robots portables de Comau au Br\u00e9sil pour assurer le bien-\u00eatre ergonomique de ses employ\u00e9s pendant les op\u00e9rations manuelles"}]},{"@type":"WebSite","@id":"https:\/\/www.comau.com\/fr\/#website","url":"https:\/\/www.comau.com\/fr\/","name":"Comau","description":"Industrial automation and robotics","publisher":{"@id":"https:\/\/www.comau.com\/fr\/#organization"},"potentialAction":[{"@type":"SearchAction","target":{"@type":"EntryPoint","urlTemplate":"https:\/\/www.comau.com\/fr\/?s={search_term_string}"},"query-input":{"@type":"PropertyValueSpecification","valueRequired":true,"valueName":"search_term_string"}}],"inLanguage":"fr-FR"},{"@type":"Organization","@id":"https:\/\/www.comau.com\/fr\/#organization","name":"Comau","url":"https:\/\/www.comau.com\/fr\/","logo":{"@type":"ImageObject","inLanguage":"fr-FR","@id":"https:\/\/www.comau.com\/fr\/#\/schema\/logo\/image\/","url":"https:\/\/www.comau.com\/wp-content\/uploads\/2024\/07\/cropped-Logo-COMAU.png","contentUrl":"https:\/\/www.comau.com\/wp-content\/uploads\/2024\/07\/cropped-Logo-COMAU.png","width":434,"height":434,"caption":"Comau"},"image":{"@id":"https:\/\/www.comau.com\/fr\/#\/schema\/logo\/image\/"},"sameAs":["https:\/\/www.facebook.com\/COMAU\/","https:\/\/x.com\/comaugroup","https:\/\/www.instagram.com\/comaugroup\/","https:\/\/www.linkedin.com\/company\/comau","https:\/\/www.youtube.com\/user\/comau"]}]}},"_links":{"self":[{"href":"https:\/\/www.comau.com\/fr\/wp-json\/wp\/v2\/pages\/51814","targetHints":{"allow":["GET"]}}],"collection":[{"href":"https:\/\/www.comau.com\/fr\/wp-json\/wp\/v2\/pages"}],"about":[{"href":"https:\/\/www.comau.com\/fr\/wp-json\/wp\/v2\/types\/page"}],"author":[{"embeddable":true,"href":"https:\/\/www.comau.com\/fr\/wp-json\/wp\/v2\/users\/21"}],"replies":[{"embeddable":true,"href":"https:\/\/www.comau.com\/fr\/wp-json\/wp\/v2\/comments?post=51814"}],"version-history":[{"count":6,"href":"https:\/\/www.comau.com\/fr\/wp-json\/wp\/v2\/pages\/51814\/revisions"}],"predecessor-version":[{"id":53777,"href":"https:\/\/www.comau.com\/fr\/wp-json\/wp\/v2\/pages\/51814\/revisions\/53777"}],"up":[{"embeddable":true,"href":"https:\/\/www.comau.com\/fr\/wp-json\/wp\/v2\/pages\/41298"}],"wp:featuredmedia":[{"embeddable":true,"href":"https:\/\/www.comau.com\/fr\/wp-json\/wp\/v2\/media\/54107"}],"wp:attachment":[{"href":"https:\/\/www.comau.com\/fr\/wp-json\/wp\/v2\/media?parent=51814"}],"curies":[{"name":"wp","href":"https:\/\/api.w.org\/{rel}","templated":true}]}}