{"id":5153,"date":"2021-06-07T18:22:19","date_gmt":"2021-06-07T16:22:19","guid":{"rendered":"https:\/\/www.comau.com\/?page_id=5153"},"modified":"2023-05-17T00:47:57","modified_gmt":"2023-05-16T22:47:57","slug":"laser-technology","status":"publish","type":"page","link":"https:\/\/www.comau.com\/fr\/competencies\/body-assembly\/technologies\/laser-technology\/","title":{"rendered":"Technologie laser"},"content":{"rendered":"\n<h2 class=\"wp-block-heading\" id=\"expertise\">Expertise<\/h2>\n\n\n\n<p>Avec plus de quatre d\u00e9cennies d&rsquo;exp\u00e9rience dans le domaine de l&rsquo;automatisation industrielle de pointe, l&rsquo;int\u00e9r\u00eat de Comau pour l&rsquo;innovation dans l&rsquo;assemblage inclut la standardisation de syst\u00e8mes laser flexibles qui augmentent la qualit\u00e9 du processus et les niveaux de productivit\u00e9.<\/p>\n\n\n\n<p>Cette comp\u00e9tence dans la d\u00e9finition de processus laser et la conception d&rsquo;outillages sp\u00e9cifiques s&rsquo;\u00e9tend \u00e0 notre portefeuille de solutions globales capables de satisfaire les exigences sp\u00e9cifiques des mat\u00e9riaux innovants, notamment le soudage au laser de gros volumes pour les pi\u00e8ces en aluminium.<\/p>\n\n\n\n<p>Notre technologie laser propri\u00e9taire et ergonomique pour la d\u00e9coupe, le soudage et le brasage est une r\u00e9ponse directe aux exigences croissantes d\u2019efficacit\u00e9, de productivit\u00e9 et de qualit\u00e9 dans les processus \u00e0 volumes \u00e9lev\u00e9s actuels.<\/p>\n\n\n\n<h2 class=\"wp-block-heading\" id=\"references\">R\u00e9f\u00e9rences<\/h2>\n\n\n\n<p>Comau travaille dans le domaine des applications laser depuis 1985. Actuellement, il existe plus de 120 syst\u00e8mes laser install\u00e9s dans 13 pays diff\u00e9rents, qui contribuent \u00e0 produire des dizaines de milliers de pi\u00e8ces par jour.<\/p>\n\n\n\n<p>Notre \u00e9quipe mondiale comprend des ing\u00e9nieurs exp\u00e9riment\u00e9s bas\u00e9s aux \u00c9tats-Unis, en Europe et en Chine ainsi que trois laboratoires laser fonctionnels en Italie, en Chine et aux \u00c9tats-Unis pour les essais et les prototypes.<\/p>\n\n\n\n<h2 class=\"wp-block-heading\" id=\"solutions\">Solutions<\/h2>\n\n\n\n<p>Comau propose des solutions cl\u00e9 en main pour le brasage, la coupe et le soudage au laser en int\u00e9grant des produits standards high-tech et l&rsquo;\u00e9quipement laser.<\/p>\n\n\n\n<div class=\"wp-block-getwid-images-slider has-arrows-inside has-dots-outside has-images-center has-cropped-images\"><div class=\"wp-block-getwid-images-slider__wrapper\" data-effect=\"slide\" data-slides-show=\"1\" data-slides-show-laptop=\"1\" data-slides-show-tablet=\"1\" data-slides-show-mobile=\"1\" data-slides-scroll=\"1\" data-autoplay=\"true\" data-autoplay-speed=\"6000\" data-infinite=\"true\" data-animation-speed=\"800\" data-center-mode=\"false\" data-variable-width=\"false\" data-arrows=\"inside\" data-dots=\"outside\" data-spacing=\"none\"><div class=\"wp-block-getwid-images-slider__item\"><figure><img decoding=\"async\" width=\"1180\" height=\"606\" src=\"https:\/\/www.comau.com\/wp-content\/uploads\/2021\/06\/laser-technology-1.jpg\" data-id=\"505\" data-link=\"https:\/\/www.comau.com\/competencies\/body-assembly\/technologies\/laser-technology\/laser-technology-1\/\" data-original-link=\"https:\/\/www.comau.com\/wp-content\/uploads\/2021\/06\/laser-technology-1.jpg\" class=\"wp-block-getwid-images-slider__image wp-image-5174\" srcset=\"https:\/\/www.comau.com\/wp-content\/uploads\/2021\/06\/laser-technology-1.jpg 1180w, https:\/\/www.comau.com\/wp-content\/uploads\/2021\/06\/laser-technology-1-300x154.jpg 300w, https:\/\/www.comau.com\/wp-content\/uploads\/2021\/06\/laser-technology-1-1024x526.jpg 1024w, https:\/\/www.comau.com\/wp-content\/uploads\/2021\/06\/laser-technology-1-768x394.jpg 768w\" sizes=\"(max-width: 1180px) 100vw, 1180px\" \/><\/figure><\/div><div class=\"wp-block-getwid-images-slider__item\"><figure><img decoding=\"async\" width=\"1180\" height=\"606\" src=\"https:\/\/www.comau.com\/wp-content\/uploads\/2021\/06\/laser-technology-2.jpg\" data-id=\"506\" data-link=\"https:\/\/www.comau.com\/competencies\/body-assembly\/technologies\/laser-technology\/laser-technology-2\/\" data-original-link=\"https:\/\/www.comau.com\/wp-content\/uploads\/2021\/06\/laser-technology-2.jpg\" class=\"wp-block-getwid-images-slider__image wp-image-5175\" srcset=\"https:\/\/www.comau.com\/wp-content\/uploads\/2021\/06\/laser-technology-2.jpg 1180w, https:\/\/www.comau.com\/wp-content\/uploads\/2021\/06\/laser-technology-2-300x154.jpg 300w, https:\/\/www.comau.com\/wp-content\/uploads\/2021\/06\/laser-technology-2-1024x526.jpg 1024w, https:\/\/www.comau.com\/wp-content\/uploads\/2021\/06\/laser-technology-2-768x394.jpg 768w\" sizes=\"(max-width: 1180px) 100vw, 1180px\" \/><\/figure><\/div><div class=\"wp-block-getwid-images-slider__item\"><figure><img decoding=\"async\" width=\"1180\" height=\"606\" src=\"https:\/\/www.comau.com\/wp-content\/uploads\/2021\/06\/laser-technology-3.jpg\" data-id=\"507\" data-link=\"https:\/\/www.comau.com\/competencies\/body-assembly\/technologies\/laser-technology\/laser-technology-3\/\" data-original-link=\"https:\/\/www.comau.com\/wp-content\/uploads\/2021\/06\/laser-technology-3.jpg\" class=\"wp-block-getwid-images-slider__image wp-image-5176\" srcset=\"https:\/\/www.comau.com\/wp-content\/uploads\/2021\/06\/laser-technology-3.jpg 1180w, https:\/\/www.comau.com\/wp-content\/uploads\/2021\/06\/laser-technology-3-300x154.jpg 300w, https:\/\/www.comau.com\/wp-content\/uploads\/2021\/06\/laser-technology-3-1024x526.jpg 1024w, https:\/\/www.comau.com\/wp-content\/uploads\/2021\/06\/laser-technology-3-768x394.jpg 768w\" sizes=\"(max-width: 1180px) 100vw, 1180px\" \/><\/figure><\/div><\/div><\/div>\n\n\n\n<figure class=\"wp-block-embed is-type-video is-provider-youtube wp-block-embed-youtube wp-embed-aspect-16-9 wp-has-aspect-ratio\"><div class=\"wp-block-embed__wrapper\">\n<iframe title=\"Comau 2014 Front End Line FCA SATA Plant Melfi\" width=\"640\" height=\"360\" src=\"https:\/\/www.youtube.com\/embed\/hTVCNBMAzHc?feature=oembed\" frameborder=\"0\" allow=\"accelerometer; autoplay; clipboard-write; encrypted-media; gyroscope; picture-in-picture; web-share\" referrerpolicy=\"strict-origin-when-cross-origin\" allowfullscreen><\/iframe>\n<\/div><\/figure>\n\n\n\n<figure class=\"wp-block-embed is-type-video is-provider-youtube wp-block-embed-youtube wp-embed-aspect-16-9 wp-has-aspect-ratio\"><div class=\"wp-block-embed__wrapper\">\n<iframe title=\"Comau 2014 Tail Gate FCA SATA Plant Melfi\" width=\"640\" height=\"360\" src=\"https:\/\/www.youtube.com\/embed\/SbhMUhM2eUo?feature=oembed\" frameborder=\"0\" allow=\"accelerometer; autoplay; clipboard-write; encrypted-media; gyroscope; picture-in-picture; web-share\" referrerpolicy=\"strict-origin-when-cross-origin\" allowfullscreen><\/iframe>\n<\/div><\/figure>\n\n\n\n<figure class=\"wp-block-embed is-type-video is-provider-youtube wp-block-embed-youtube wp-embed-aspect-16-9 wp-has-aspect-ratio\"><div class=\"wp-block-embed__wrapper\">\n<iframe title=\"Comau 2014 SmartLaser FCA SATA Plant Melfi\" width=\"640\" height=\"360\" src=\"https:\/\/www.youtube.com\/embed\/j8FJbOx12h0?feature=oembed\" frameborder=\"0\" allow=\"accelerometer; autoplay; clipboard-write; encrypted-media; gyroscope; picture-in-picture; web-share\" referrerpolicy=\"strict-origin-when-cross-origin\" allowfullscreen><\/iframe>\n<\/div><\/figure>\n","protected":false},"excerpt":{"rendered":"<p>Expertise Avec plus de quatre d\u00e9cennies d&rsquo;exp\u00e9rience dans le domaine de l&rsquo;automatisation industrielle de pointe, l&rsquo;int\u00e9r\u00eat de Comau pour l&rsquo;innovation dans l&rsquo;assemblage inclut la standardisation de syst\u00e8mes laser flexibles qui augmentent la qualit\u00e9 du processus et les niveaux de productivit\u00e9. Cette comp\u00e9tence dans la d\u00e9finition de processus laser et la conception d&rsquo;outillages sp\u00e9cifiques s&rsquo;\u00e9tend \u00e0 [&hellip;]<\/p>\n","protected":false},"author":11,"featured_media":5173,"parent":5148,"menu_order":0,"comment_status":"closed","ping_status":"closed","template":"","meta":{"_acf_changed":false,"ep_exclude_from_search":false,"footnotes":""},"class_list":["post-5153","page","type-page","status-publish","has-post-thumbnail","hentry"],"acf":[],"yoast_head":"<!-- This site is optimized with the Yoast SEO plugin v26.9 - https:\/\/yoast.com\/product\/yoast-seo-wordpress\/ -->\n<title>Applications laser\u00a0: Technologies et syst\u00e8mes laser | Comau<\/title>\n<meta name=\"description\" content=\"D\u00e9couvrez les applications laser Comau\u00a0: des technologies polyvalentes qui r\u00e9duisent les d\u00e9lais et augmentent la qualit\u00e9 du soudage.\" \/>\n<meta name=\"robots\" content=\"index, follow, max-snippet:-1, max-image-preview:large, max-video-preview:-1\" \/>\n<link rel=\"canonical\" href=\"https:\/\/www.comau.com\/fr\/competencies\/body-assembly\/technologies\/laser-technology\/\" \/>\n<meta property=\"og:locale\" content=\"fr_FR\" \/>\n<meta property=\"og:type\" content=\"article\" \/>\n<meta property=\"og:title\" content=\"Applications laser\u00a0: Technologies et syst\u00e8mes laser | Comau\" \/>\n<meta property=\"og:description\" content=\"D\u00e9couvrez les applications laser Comau\u00a0: des technologies polyvalentes qui r\u00e9duisent les d\u00e9lais et augmentent la qualit\u00e9 du soudage.\" \/>\n<meta property=\"og:url\" content=\"https:\/\/www.comau.com\/fr\/competencies\/body-assembly\/technologies\/laser-technology\/\" \/>\n<meta property=\"og:site_name\" content=\"Comau\" \/>\n<meta property=\"article:publisher\" content=\"https:\/\/www.facebook.com\/COMAU\/\" \/>\n<meta property=\"article:modified_time\" content=\"2023-05-16T22:47:57+00:00\" \/>\n<meta property=\"og:image\" content=\"https:\/\/www.comau.com\/wp-content\/uploads\/2021\/06\/laser-tech_header.jpg\" \/>\n\t<meta property=\"og:image:width\" content=\"1280\" \/>\n\t<meta property=\"og:image:height\" content=\"485\" \/>\n\t<meta property=\"og:image:type\" content=\"image\/jpeg\" \/>\n<meta name=\"twitter:card\" content=\"summary_large_image\" \/>\n<meta name=\"twitter:site\" content=\"@comaugroup\" \/>\n<meta name=\"twitter:label1\" content=\"Dur\u00e9e de lecture estim\u00e9e\" \/>\n\t<meta name=\"twitter:data1\" content=\"2 minutes\" \/>\n<script type=\"application\/ld+json\" class=\"yoast-schema-graph\">{\"@context\":\"https:\/\/schema.org\",\"@graph\":[{\"@type\":\"WebPage\",\"@id\":\"https:\/\/www.comau.com\/fr\/competencies\/body-assembly\/technologies\/laser-technology\/\",\"url\":\"https:\/\/www.comau.com\/fr\/competencies\/body-assembly\/technologies\/laser-technology\/\",\"name\":\"Applications laser\u00a0: Technologies et syst\u00e8mes laser | Comau\",\"isPartOf\":{\"@id\":\"https:\/\/www.comau.com\/fr\/#website\"},\"primaryImageOfPage\":{\"@id\":\"https:\/\/www.comau.com\/fr\/competencies\/body-assembly\/technologies\/laser-technology\/#primaryimage\"},\"image\":{\"@id\":\"https:\/\/www.comau.com\/fr\/competencies\/body-assembly\/technologies\/laser-technology\/#primaryimage\"},\"thumbnailUrl\":\"https:\/\/www.comau.com\/wp-content\/uploads\/2021\/06\/laser-tech_header.jpg\",\"datePublished\":\"2021-06-07T16:22:19+00:00\",\"dateModified\":\"2023-05-16T22:47:57+00:00\",\"description\":\"D\u00e9couvrez les applications laser Comau\u00a0: des technologies polyvalentes qui r\u00e9duisent les d\u00e9lais et augmentent la qualit\u00e9 du soudage.\",\"breadcrumb\":{\"@id\":\"https:\/\/www.comau.com\/fr\/competencies\/body-assembly\/technologies\/laser-technology\/#breadcrumb\"},\"inLanguage\":\"fr-FR\",\"potentialAction\":[{\"@type\":\"ReadAction\",\"target\":[\"https:\/\/www.comau.com\/fr\/competencies\/body-assembly\/technologies\/laser-technology\/\"]}]},{\"@type\":\"ImageObject\",\"inLanguage\":\"fr-FR\",\"@id\":\"https:\/\/www.comau.com\/fr\/competencies\/body-assembly\/technologies\/laser-technology\/#primaryimage\",\"url\":\"https:\/\/www.comau.com\/wp-content\/uploads\/2021\/06\/laser-tech_header.jpg\",\"contentUrl\":\"https:\/\/www.comau.com\/wp-content\/uploads\/2021\/06\/laser-tech_header.jpg\",\"width\":1280,\"height\":485},{\"@type\":\"BreadcrumbList\",\"@id\":\"https:\/\/www.comau.com\/fr\/competencies\/body-assembly\/technologies\/laser-technology\/#breadcrumb\",\"itemListElement\":[{\"@type\":\"ListItem\",\"position\":1,\"name\":\"Home\",\"item\":\"https:\/\/www.comau.com\/fr\/\"},{\"@type\":\"ListItem\",\"position\":2,\"name\":\"Nos comp\u00e9tences\",\"item\":\"https:\/\/www.comau.com\/fr\/competencies\/\"},{\"@type\":\"ListItem\",\"position\":3,\"name\":\"Body Assembly\",\"item\":\"https:\/\/www.comau.com\/fr\/competencies\/body-assembly\/\"},{\"@type\":\"ListItem\",\"position\":4,\"name\":\"Technologies\",\"item\":\"https:\/\/www.comau.com\/fr\/competencies\/body-assembly\/technologies\/\"},{\"@type\":\"ListItem\",\"position\":5,\"name\":\"Technologie laser\"}]},{\"@type\":\"WebSite\",\"@id\":\"https:\/\/www.comau.com\/fr\/#website\",\"url\":\"https:\/\/www.comau.com\/fr\/\",\"name\":\"Comau\",\"description\":\"Industrial automation and robotics\",\"publisher\":{\"@id\":\"https:\/\/www.comau.com\/fr\/#organization\"},\"potentialAction\":[{\"@type\":\"SearchAction\",\"target\":{\"@type\":\"EntryPoint\",\"urlTemplate\":\"https:\/\/www.comau.com\/fr\/?s={search_term_string}\"},\"query-input\":{\"@type\":\"PropertyValueSpecification\",\"valueRequired\":true,\"valueName\":\"search_term_string\"}}],\"inLanguage\":\"fr-FR\"},{\"@type\":\"Organization\",\"@id\":\"https:\/\/www.comau.com\/fr\/#organization\",\"name\":\"Comau\",\"url\":\"https:\/\/www.comau.com\/fr\/\",\"logo\":{\"@type\":\"ImageObject\",\"inLanguage\":\"fr-FR\",\"@id\":\"https:\/\/www.comau.com\/fr\/#\/schema\/logo\/image\/\",\"url\":\"https:\/\/www.comau.com\/wp-content\/uploads\/2024\/07\/cropped-Logo-COMAU.png\",\"contentUrl\":\"https:\/\/www.comau.com\/wp-content\/uploads\/2024\/07\/cropped-Logo-COMAU.png\",\"width\":434,\"height\":434,\"caption\":\"Comau\"},\"image\":{\"@id\":\"https:\/\/www.comau.com\/fr\/#\/schema\/logo\/image\/\"},\"sameAs\":[\"https:\/\/www.facebook.com\/COMAU\/\",\"https:\/\/x.com\/comaugroup\",\"https:\/\/www.instagram.com\/comaugroup\/\",\"https:\/\/www.linkedin.com\/company\/comau\",\"https:\/\/www.youtube.com\/user\/comau\"]}]}<\/script>\n<!-- \/ Yoast SEO plugin. -->","yoast_head_json":{"title":"Applications laser\u00a0: Technologies et syst\u00e8mes laser | Comau","description":"D\u00e9couvrez les applications laser Comau\u00a0: des technologies polyvalentes qui r\u00e9duisent les d\u00e9lais et augmentent la qualit\u00e9 du soudage.","robots":{"index":"index","follow":"follow","max-snippet":"max-snippet:-1","max-image-preview":"max-image-preview:large","max-video-preview":"max-video-preview:-1"},"canonical":"https:\/\/www.comau.com\/fr\/competencies\/body-assembly\/technologies\/laser-technology\/","og_locale":"fr_FR","og_type":"article","og_title":"Applications laser\u00a0: Technologies et syst\u00e8mes laser | Comau","og_description":"D\u00e9couvrez les applications laser Comau\u00a0: des technologies polyvalentes qui r\u00e9duisent les d\u00e9lais et augmentent la qualit\u00e9 du soudage.","og_url":"https:\/\/www.comau.com\/fr\/competencies\/body-assembly\/technologies\/laser-technology\/","og_site_name":"Comau","article_publisher":"https:\/\/www.facebook.com\/COMAU\/","article_modified_time":"2023-05-16T22:47:57+00:00","og_image":[{"width":1280,"height":485,"url":"https:\/\/www.comau.com\/wp-content\/uploads\/2021\/06\/laser-tech_header.jpg","type":"image\/jpeg"}],"twitter_card":"summary_large_image","twitter_site":"@comaugroup","twitter_misc":{"Dur\u00e9e de lecture estim\u00e9e":"2 minutes"},"schema":{"@context":"https:\/\/schema.org","@graph":[{"@type":"WebPage","@id":"https:\/\/www.comau.com\/fr\/competencies\/body-assembly\/technologies\/laser-technology\/","url":"https:\/\/www.comau.com\/fr\/competencies\/body-assembly\/technologies\/laser-technology\/","name":"Applications laser\u00a0: Technologies et syst\u00e8mes laser | Comau","isPartOf":{"@id":"https:\/\/www.comau.com\/fr\/#website"},"primaryImageOfPage":{"@id":"https:\/\/www.comau.com\/fr\/competencies\/body-assembly\/technologies\/laser-technology\/#primaryimage"},"image":{"@id":"https:\/\/www.comau.com\/fr\/competencies\/body-assembly\/technologies\/laser-technology\/#primaryimage"},"thumbnailUrl":"https:\/\/www.comau.com\/wp-content\/uploads\/2021\/06\/laser-tech_header.jpg","datePublished":"2021-06-07T16:22:19+00:00","dateModified":"2023-05-16T22:47:57+00:00","description":"D\u00e9couvrez les applications laser Comau\u00a0: des technologies polyvalentes qui r\u00e9duisent les d\u00e9lais et augmentent la qualit\u00e9 du soudage.","breadcrumb":{"@id":"https:\/\/www.comau.com\/fr\/competencies\/body-assembly\/technologies\/laser-technology\/#breadcrumb"},"inLanguage":"fr-FR","potentialAction":[{"@type":"ReadAction","target":["https:\/\/www.comau.com\/fr\/competencies\/body-assembly\/technologies\/laser-technology\/"]}]},{"@type":"ImageObject","inLanguage":"fr-FR","@id":"https:\/\/www.comau.com\/fr\/competencies\/body-assembly\/technologies\/laser-technology\/#primaryimage","url":"https:\/\/www.comau.com\/wp-content\/uploads\/2021\/06\/laser-tech_header.jpg","contentUrl":"https:\/\/www.comau.com\/wp-content\/uploads\/2021\/06\/laser-tech_header.jpg","width":1280,"height":485},{"@type":"BreadcrumbList","@id":"https:\/\/www.comau.com\/fr\/competencies\/body-assembly\/technologies\/laser-technology\/#breadcrumb","itemListElement":[{"@type":"ListItem","position":1,"name":"Home","item":"https:\/\/www.comau.com\/fr\/"},{"@type":"ListItem","position":2,"name":"Nos comp\u00e9tences","item":"https:\/\/www.comau.com\/fr\/competencies\/"},{"@type":"ListItem","position":3,"name":"Body Assembly","item":"https:\/\/www.comau.com\/fr\/competencies\/body-assembly\/"},{"@type":"ListItem","position":4,"name":"Technologies","item":"https:\/\/www.comau.com\/fr\/competencies\/body-assembly\/technologies\/"},{"@type":"ListItem","position":5,"name":"Technologie laser"}]},{"@type":"WebSite","@id":"https:\/\/www.comau.com\/fr\/#website","url":"https:\/\/www.comau.com\/fr\/","name":"Comau","description":"Industrial automation and robotics","publisher":{"@id":"https:\/\/www.comau.com\/fr\/#organization"},"potentialAction":[{"@type":"SearchAction","target":{"@type":"EntryPoint","urlTemplate":"https:\/\/www.comau.com\/fr\/?s={search_term_string}"},"query-input":{"@type":"PropertyValueSpecification","valueRequired":true,"valueName":"search_term_string"}}],"inLanguage":"fr-FR"},{"@type":"Organization","@id":"https:\/\/www.comau.com\/fr\/#organization","name":"Comau","url":"https:\/\/www.comau.com\/fr\/","logo":{"@type":"ImageObject","inLanguage":"fr-FR","@id":"https:\/\/www.comau.com\/fr\/#\/schema\/logo\/image\/","url":"https:\/\/www.comau.com\/wp-content\/uploads\/2024\/07\/cropped-Logo-COMAU.png","contentUrl":"https:\/\/www.comau.com\/wp-content\/uploads\/2024\/07\/cropped-Logo-COMAU.png","width":434,"height":434,"caption":"Comau"},"image":{"@id":"https:\/\/www.comau.com\/fr\/#\/schema\/logo\/image\/"},"sameAs":["https:\/\/www.facebook.com\/COMAU\/","https:\/\/x.com\/comaugroup","https:\/\/www.instagram.com\/comaugroup\/","https:\/\/www.linkedin.com\/company\/comau","https:\/\/www.youtube.com\/user\/comau"]}]}},"_links":{"self":[{"href":"https:\/\/www.comau.com\/fr\/wp-json\/wp\/v2\/pages\/5153","targetHints":{"allow":["GET"]}}],"collection":[{"href":"https:\/\/www.comau.com\/fr\/wp-json\/wp\/v2\/pages"}],"about":[{"href":"https:\/\/www.comau.com\/fr\/wp-json\/wp\/v2\/types\/page"}],"author":[{"embeddable":true,"href":"https:\/\/www.comau.com\/fr\/wp-json\/wp\/v2\/users\/11"}],"replies":[{"embeddable":true,"href":"https:\/\/www.comau.com\/fr\/wp-json\/wp\/v2\/comments?post=5153"}],"version-history":[{"count":14,"href":"https:\/\/www.comau.com\/fr\/wp-json\/wp\/v2\/pages\/5153\/revisions"}],"predecessor-version":[{"id":53266,"href":"https:\/\/www.comau.com\/fr\/wp-json\/wp\/v2\/pages\/5153\/revisions\/53266"}],"up":[{"embeddable":true,"href":"https:\/\/www.comau.com\/fr\/wp-json\/wp\/v2\/pages\/5148"}],"wp:featuredmedia":[{"embeddable":true,"href":"https:\/\/www.comau.com\/fr\/wp-json\/wp\/v2\/media\/5173"}],"wp:attachment":[{"href":"https:\/\/www.comau.com\/fr\/wp-json\/wp\/v2\/media?parent=5153"}],"curies":[{"name":"wp","href":"https:\/\/api.w.org\/{rel}","templated":true}]}}