{"id":5148,"date":"2021-07-01T01:02:40","date_gmt":"2021-06-30T23:02:40","guid":{"rendered":"https:\/\/www.comau.com\/?page_id=5148"},"modified":"2022-02-07T12:33:25","modified_gmt":"2022-02-07T11:33:25","slug":"technologies","status":"publish","type":"page","link":"https:\/\/www.comau.com\/fr\/competencies\/body-assembly\/technologies\/","title":{"rendered":"Technologies"},"content":{"rendered":"\n<h2 class=\"wp-block-heading\" id=\"assemblage-hautes-performances\">Assemblage hautes performances<\/h2>\n\n\n\n<p>R\u00e9gler les r\u00e9f\u00e9rences globales dans les syst\u00e8mes d&rsquo;automatisation avanc\u00e9e pour des soci\u00e9t\u00e9s de toutes tailles, c&rsquo;est ce que Comau fait de mieux. Des syst\u00e8mes laser 3D polyvalents aux processus de coupe robotis\u00e9s, en passant par les solutions d&rsquo;assemblage innovantes, le rabattage au rouleau et les syst\u00e8mes de palettisation et de transfert, les technologies innovantes de Comau vous apportent efficacit\u00e9, flexibilit\u00e9, durabilit\u00e9 et retour rapide sur investissement. <\/p>\n\n\n\n<h3 class=\"wp-block-heading\" id=\"notre-expertise\">Notre expertise :<\/h3>\n\n\n\n<ul class=\"wp-block-list\"><li><strong>Technologie Laser<\/strong><br>Les technologies de soudage, de brasage et de coupe au laser associent la vitesse, la pr\u00e9cision et la flexibilit\u00e9 \u00e0 la facilit\u00e9 d&rsquo;utilisation et \u00e0 la capacit\u00e9 majeure, vous permettant ainsi d&rsquo;atteindre des objectifs de production de plus en plus contraignants et des normes de qualit\u00e9 de plus en plus strictes. Notre technologie au laser garantit \u00e9galement une productivit\u00e9 optimale dans le traitement d&rsquo;objets complexes ou en trois dimensions.<\/li><li><strong>Soudage par point<\/strong><br>Le soudage haute densit\u00e9 permet \u00e0 18 robots d&rsquo;effectuer des op\u00e9rations de soudage simultan\u00e9ment sur une seule station tout en fournissant la quantit\u00e9 de points la plus \u00e9lev\u00e9e sur la surface op\u00e9rationnelle la plus r\u00e9duite.<\/li><li><strong>Technologie de soudage \u00e0 l&rsquo;arc<\/strong><br>Quatre d\u00e9cennies d&rsquo;exp\u00e9rience dans le domaine automobile font de Comau le partenaire id\u00e9al pour fournir des solutions robotiques automatiques cl\u00e9s en main pour le brasage MIG, le soudage MAG et les applications de d\u00e9coupe au plasma. Nos ing\u00e9nieurs s\u00e9nior (IWE, IWT) aident nos clients \u00e0 d\u00e9velopper des syst\u00e8mes flexibles et innovants avec une productivit\u00e9 et une qualit\u00e9 de processus \u00e9lev\u00e9es.<\/li><li><strong>Rivetage et Fixation<br>Des solutions automatiques, semi-automatiques et manuelles qui vous permettent d&rsquo;ajouter rapidement de nouveaux mat\u00e9riaux l\u00e9gers et des technologies d&rsquo;assemblage innovantes pour vos processus de fabrication.<\/strong><\/li><li><strong>Vision et Commande<\/strong><br>D&rsquo;un guidage par robot 2D\/3D avec une v\u00e9ritable reconnaissance visuelle aux syst\u00e8mes de mesure et de contr\u00f4le des dimensions avanc\u00e9s en ligne. Notre technologie de syst\u00e8me de vision inclut des algorithmes et des processeurs bas\u00e9s objet puissants afin d&rsquo;am\u00e9liorer la manipulation, le contr\u00f4le de la qualit\u00e9, l&rsquo;analyse des jeux et affleurements, l&rsquo;inspection de la g\u00e9om\u00e9trie et davantage encore.<\/li><\/ul>\n\n\n\n<h2 class=\"wp-block-heading\" id=\"palettisation-et-transfert\">Palettisation et transfert<\/h2>\n\n\n\n<p>Davantage de vitesse, davantage de performances, moins de consommation de combustible. Des convoyeurs de palettes et syst\u00e8mes de transfert autonomes aux solutions de transfert en ligne automatis\u00e9es, innovation et excellence avancent main dans la main.<\/p>\n\n\n\n<h3 class=\"wp-block-heading\" id=\"notre-expertise\">Notre expertise :<\/h3>\n\n\n\n<ul class=\"wp-block-list\"><li><strong>Convoyeurs standard<\/strong><\/li><li><strong>Convoyeurs de palettes totalisateurs<\/strong><\/li><li><strong>Alimentation de ligne automatis\u00e9e<\/strong><\/li><li><strong>Syst\u00e8mes de transfert en ligne<\/strong><\/li><\/ul>\n\n\n\n<h2 class=\"wp-block-heading\" id=\"fabrication-de-materiaux-legers\">Fabrication de mat\u00e9riaux l\u00e9gers<\/h2>\n\n\n\n<p>Nos comp\u00e9tences de renomm\u00e9e mondiale et notre innovation technologique dans la fabrication de mat\u00e9riaux l\u00e9gers conduisent les constructeurs automobiles les plus importants \u00e0 choisir Comau comme partenaire de confiance pour leur production.<\/p>\n\n\n\n<h3 class=\"wp-block-heading\" id=\"notre-expertise\">Notre expertise :<\/h3>\n\n\n\n<ul class=\"wp-block-list\"><li><strong>Flexibilit\u00e9 du mod\u00e8le avec un s\u00e9quen\u00e7age de construction al\u00e9atoire<\/strong><\/li><li><strong>Flexibilit\u00e9 du volume<\/strong><\/li><li><strong>Mat\u00e9riaux et m\u00e9thodes d&rsquo;assemblage divers<\/strong><\/li><li><strong>Logistique am\u00e9lior\u00e9e et courant de circulation r\u00e9duit<\/strong><\/li><li><strong>Consolidation des recrutements directs<\/strong><\/li><li><strong>Temps de programmation r\u00e9duits<\/strong><\/li><li><strong>Surface d&rsquo;installation r\u00e9duite<\/strong><\/li><\/ul>\n\n\n\n<div class=\"wp-block-columns columns-bg-dark is-layout-flex wp-container-core-columns-is-layout-9d6595d7 wp-block-columns-is-layout-flex\">\n<div class=\"wp-block-column is-layout-flow wp-block-column-is-layout-flow\">\n<h2 class=\"wp-block-heading\" id=\"zoom-sur-rabattage-au-rouleau\">Zoom sur : Rabattage au rouleau<\/h2>\n\n\n\n<p>En offrant une flexibilit\u00e9 et une puissance de rabattage push-pull avanc\u00e9es, la solution de rabattage au rouleau RHEvo compl\u00e8te de mani\u00e8re pertinente et fiable le cycle de rabattage dans son ensemble en deux \u00e9tapes seulement sans r\u00e9duire la vitesse ni la pr\u00e9cision.<\/p>\n\n\n\n<div class=\"wp-block-buttons is-layout-flex wp-block-buttons-is-layout-flex\">\n<div class=\"wp-block-button\"><a class=\"wp-block-button__link\" href=\"https:\/\/www.comau.com\/fr\/competencies\/body-assembly\/products\/rhevo\/\">Plus d&rsquo;infos<\/a><\/div>\n<\/div>\n<\/div>\n\n\n\n<div class=\"wp-block-column is-layout-flow wp-block-column-is-layout-flow\">\n<h2 class=\"wp-block-heading\" id=\"zoom-sur-technologie-laser\">Zoom sur : Technologie Laser<\/h2>\n\n\n\n<p>Notre technologie laser brevet\u00e9e associe la pr\u00e9cision et la polyvalence de la robotique avec la vitesse \u00e9lev\u00e9e et la pr\u00e9cision extr\u00eame du laser pour des performances, une flexibilit\u00e9 et une qualit\u00e9 accrues.<\/p>\n\n\n\n<div class=\"wp-block-buttons is-layout-flex wp-block-buttons-is-layout-flex\">\n<div class=\"wp-block-button\"><a class=\"wp-block-button__link\" href=\"https:\/\/www.comau.com\/fr\/competencies\/body-assembly\/technologies\/laser-technology\/\">Plus d&rsquo;infos<\/a><\/div>\n<\/div>\n<\/div>\n\n\n\n<div class=\"wp-block-column is-layout-flow wp-block-column-is-layout-flow\">\n<h2 class=\"wp-block-heading\" id=\"zoom-sur-technologie-de-soudage-par-points\">Zoom sur : Technologie de soudage par points<\/h2>\n\n\n\n<p>Productivit\u00e9, fiabilit\u00e9 et \u00e9l\u00e9ments int\u00e9gr\u00e9s sont les \u00e9l\u00e9ments cl\u00e9s de notre technologie de soudage par points, qui inclut un syst\u00e8me l\u00e9ger et compact capable de supporter une charge utile \u00e9lev\u00e9e \u00e0 des vitesses \u00e9lev\u00e9es.<\/p>\n\n\n\n<div class=\"wp-block-buttons is-layout-flex wp-block-buttons-is-layout-flex\">\n<div class=\"wp-block-button\"><a class=\"wp-block-button__link\" href=\"https:\/\/www.comau.com\/fr\/competencies\/body-assembly\/products\/spot-welding-machine\/\">Plus d&rsquo;infos<\/a><\/div>\n<\/div>\n<\/div>\n<\/div>\n","protected":false},"excerpt":{"rendered":"<p>Assemblage hautes performances R\u00e9gler les r\u00e9f\u00e9rences globales dans les syst\u00e8mes d&rsquo;automatisation avanc\u00e9e pour des soci\u00e9t\u00e9s de toutes tailles, c&rsquo;est ce que Comau fait de mieux. Des syst\u00e8mes laser 3D polyvalents aux processus de coupe robotis\u00e9s, en passant par les solutions d&rsquo;assemblage innovantes, le rabattage au rouleau et les syst\u00e8mes de palettisation et de transfert, les [&hellip;]<\/p>\n","protected":false},"author":11,"featured_media":5160,"parent":4810,"menu_order":2,"comment_status":"closed","ping_status":"closed","template":"","meta":{"_acf_changed":false,"ep_exclude_from_search":false,"footnotes":""},"class_list":["post-5148","page","type-page","status-publish","has-post-thumbnail","hentry"],"acf":[],"yoast_head":"<!-- This site is optimized with the Yoast SEO plugin v26.9 - https:\/\/yoast.com\/product\/yoast-seo-wordpress\/ -->\n<title>Technologies de soudage et de montage | Comau<\/title>\n<meta name=\"description\" content=\"D\u00e9couvrez la section consacr\u00e9e aux technologies de soudage et de montage, et trouvez celle adapt\u00e9e \u00e0 vos exigences d&#039;entreprise.\" \/>\n<meta name=\"robots\" content=\"index, follow, max-snippet:-1, max-image-preview:large, max-video-preview:-1\" \/>\n<link rel=\"canonical\" href=\"https:\/\/www.comau.com\/fr\/competencies\/body-assembly\/technologies\/\" \/>\n<meta property=\"og:locale\" content=\"fr_FR\" \/>\n<meta property=\"og:type\" content=\"article\" \/>\n<meta property=\"og:title\" content=\"Technologies de soudage et de montage | Comau\" \/>\n<meta property=\"og:description\" content=\"D\u00e9couvrez la section consacr\u00e9e aux technologies de soudage et de montage, et trouvez celle adapt\u00e9e \u00e0 vos exigences d&#039;entreprise.\" \/>\n<meta property=\"og:url\" content=\"https:\/\/www.comau.com\/fr\/competencies\/body-assembly\/technologies\/\" \/>\n<meta property=\"og:site_name\" content=\"Comau\" \/>\n<meta property=\"article:publisher\" content=\"https:\/\/www.facebook.com\/COMAU\/\" \/>\n<meta property=\"article:modified_time\" content=\"2022-02-07T11:33:25+00:00\" \/>\n<meta property=\"og:image\" content=\"https:\/\/www.comau.com\/wp-content\/uploads\/2021\/06\/BA_header-1.jpg\" \/>\n\t<meta property=\"og:image:width\" content=\"1280\" \/>\n\t<meta property=\"og:image:height\" content=\"485\" \/>\n\t<meta property=\"og:image:type\" content=\"image\/jpeg\" \/>\n<meta name=\"twitter:card\" content=\"summary_large_image\" \/>\n<meta name=\"twitter:site\" content=\"@comaugroup\" \/>\n<meta name=\"twitter:label1\" content=\"Dur\u00e9e de lecture estim\u00e9e\" \/>\n\t<meta name=\"twitter:data1\" content=\"3 minutes\" \/>\n<script type=\"application\/ld+json\" class=\"yoast-schema-graph\">{\"@context\":\"https:\/\/schema.org\",\"@graph\":[{\"@type\":\"WebPage\",\"@id\":\"https:\/\/www.comau.com\/fr\/competencies\/body-assembly\/technologies\/\",\"url\":\"https:\/\/www.comau.com\/fr\/competencies\/body-assembly\/technologies\/\",\"name\":\"Technologies de soudage et de montage | Comau\",\"isPartOf\":{\"@id\":\"https:\/\/www.comau.com\/fr\/#website\"},\"primaryImageOfPage\":{\"@id\":\"https:\/\/www.comau.com\/fr\/competencies\/body-assembly\/technologies\/#primaryimage\"},\"image\":{\"@id\":\"https:\/\/www.comau.com\/fr\/competencies\/body-assembly\/technologies\/#primaryimage\"},\"thumbnailUrl\":\"https:\/\/www.comau.com\/wp-content\/uploads\/2021\/06\/BA_header-1.jpg\",\"datePublished\":\"2021-06-30T23:02:40+00:00\",\"dateModified\":\"2022-02-07T11:33:25+00:00\",\"description\":\"D\u00e9couvrez la section consacr\u00e9e aux technologies de soudage et de montage, et trouvez celle adapt\u00e9e \u00e0 vos exigences d'entreprise.\",\"breadcrumb\":{\"@id\":\"https:\/\/www.comau.com\/fr\/competencies\/body-assembly\/technologies\/#breadcrumb\"},\"inLanguage\":\"fr-FR\",\"potentialAction\":[{\"@type\":\"ReadAction\",\"target\":[\"https:\/\/www.comau.com\/fr\/competencies\/body-assembly\/technologies\/\"]}]},{\"@type\":\"ImageObject\",\"inLanguage\":\"fr-FR\",\"@id\":\"https:\/\/www.comau.com\/fr\/competencies\/body-assembly\/technologies\/#primaryimage\",\"url\":\"https:\/\/www.comau.com\/wp-content\/uploads\/2021\/06\/BA_header-1.jpg\",\"contentUrl\":\"https:\/\/www.comau.com\/wp-content\/uploads\/2021\/06\/BA_header-1.jpg\",\"width\":1280,\"height\":485},{\"@type\":\"BreadcrumbList\",\"@id\":\"https:\/\/www.comau.com\/fr\/competencies\/body-assembly\/technologies\/#breadcrumb\",\"itemListElement\":[{\"@type\":\"ListItem\",\"position\":1,\"name\":\"Home\",\"item\":\"https:\/\/www.comau.com\/fr\/\"},{\"@type\":\"ListItem\",\"position\":2,\"name\":\"Nos comp\u00e9tences\",\"item\":\"https:\/\/www.comau.com\/fr\/competencies\/\"},{\"@type\":\"ListItem\",\"position\":3,\"name\":\"Body Assembly\",\"item\":\"https:\/\/www.comau.com\/fr\/competencies\/body-assembly\/\"},{\"@type\":\"ListItem\",\"position\":4,\"name\":\"Technologies\"}]},{\"@type\":\"WebSite\",\"@id\":\"https:\/\/www.comau.com\/fr\/#website\",\"url\":\"https:\/\/www.comau.com\/fr\/\",\"name\":\"Comau\",\"description\":\"Industrial automation and robotics\",\"publisher\":{\"@id\":\"https:\/\/www.comau.com\/fr\/#organization\"},\"potentialAction\":[{\"@type\":\"SearchAction\",\"target\":{\"@type\":\"EntryPoint\",\"urlTemplate\":\"https:\/\/www.comau.com\/fr\/?s={search_term_string}\"},\"query-input\":{\"@type\":\"PropertyValueSpecification\",\"valueRequired\":true,\"valueName\":\"search_term_string\"}}],\"inLanguage\":\"fr-FR\"},{\"@type\":\"Organization\",\"@id\":\"https:\/\/www.comau.com\/fr\/#organization\",\"name\":\"Comau\",\"url\":\"https:\/\/www.comau.com\/fr\/\",\"logo\":{\"@type\":\"ImageObject\",\"inLanguage\":\"fr-FR\",\"@id\":\"https:\/\/www.comau.com\/fr\/#\/schema\/logo\/image\/\",\"url\":\"https:\/\/www.comau.com\/wp-content\/uploads\/2024\/07\/cropped-Logo-COMAU.png\",\"contentUrl\":\"https:\/\/www.comau.com\/wp-content\/uploads\/2024\/07\/cropped-Logo-COMAU.png\",\"width\":434,\"height\":434,\"caption\":\"Comau\"},\"image\":{\"@id\":\"https:\/\/www.comau.com\/fr\/#\/schema\/logo\/image\/\"},\"sameAs\":[\"https:\/\/www.facebook.com\/COMAU\/\",\"https:\/\/x.com\/comaugroup\",\"https:\/\/www.instagram.com\/comaugroup\/\",\"https:\/\/www.linkedin.com\/company\/comau\",\"https:\/\/www.youtube.com\/user\/comau\"]}]}<\/script>\n<!-- \/ Yoast SEO plugin. -->","yoast_head_json":{"title":"Technologies de soudage et de montage | Comau","description":"D\u00e9couvrez la section consacr\u00e9e aux technologies de soudage et de montage, et trouvez celle adapt\u00e9e \u00e0 vos exigences d'entreprise.","robots":{"index":"index","follow":"follow","max-snippet":"max-snippet:-1","max-image-preview":"max-image-preview:large","max-video-preview":"max-video-preview:-1"},"canonical":"https:\/\/www.comau.com\/fr\/competencies\/body-assembly\/technologies\/","og_locale":"fr_FR","og_type":"article","og_title":"Technologies de soudage et de montage | Comau","og_description":"D\u00e9couvrez la section consacr\u00e9e aux technologies de soudage et de montage, et trouvez celle adapt\u00e9e \u00e0 vos exigences d'entreprise.","og_url":"https:\/\/www.comau.com\/fr\/competencies\/body-assembly\/technologies\/","og_site_name":"Comau","article_publisher":"https:\/\/www.facebook.com\/COMAU\/","article_modified_time":"2022-02-07T11:33:25+00:00","og_image":[{"width":1280,"height":485,"url":"https:\/\/www.comau.com\/wp-content\/uploads\/2021\/06\/BA_header-1.jpg","type":"image\/jpeg"}],"twitter_card":"summary_large_image","twitter_site":"@comaugroup","twitter_misc":{"Dur\u00e9e de lecture estim\u00e9e":"3 minutes"},"schema":{"@context":"https:\/\/schema.org","@graph":[{"@type":"WebPage","@id":"https:\/\/www.comau.com\/fr\/competencies\/body-assembly\/technologies\/","url":"https:\/\/www.comau.com\/fr\/competencies\/body-assembly\/technologies\/","name":"Technologies de soudage et de montage | Comau","isPartOf":{"@id":"https:\/\/www.comau.com\/fr\/#website"},"primaryImageOfPage":{"@id":"https:\/\/www.comau.com\/fr\/competencies\/body-assembly\/technologies\/#primaryimage"},"image":{"@id":"https:\/\/www.comau.com\/fr\/competencies\/body-assembly\/technologies\/#primaryimage"},"thumbnailUrl":"https:\/\/www.comau.com\/wp-content\/uploads\/2021\/06\/BA_header-1.jpg","datePublished":"2021-06-30T23:02:40+00:00","dateModified":"2022-02-07T11:33:25+00:00","description":"D\u00e9couvrez la section consacr\u00e9e aux technologies de soudage et de montage, et trouvez celle adapt\u00e9e \u00e0 vos exigences d'entreprise.","breadcrumb":{"@id":"https:\/\/www.comau.com\/fr\/competencies\/body-assembly\/technologies\/#breadcrumb"},"inLanguage":"fr-FR","potentialAction":[{"@type":"ReadAction","target":["https:\/\/www.comau.com\/fr\/competencies\/body-assembly\/technologies\/"]}]},{"@type":"ImageObject","inLanguage":"fr-FR","@id":"https:\/\/www.comau.com\/fr\/competencies\/body-assembly\/technologies\/#primaryimage","url":"https:\/\/www.comau.com\/wp-content\/uploads\/2021\/06\/BA_header-1.jpg","contentUrl":"https:\/\/www.comau.com\/wp-content\/uploads\/2021\/06\/BA_header-1.jpg","width":1280,"height":485},{"@type":"BreadcrumbList","@id":"https:\/\/www.comau.com\/fr\/competencies\/body-assembly\/technologies\/#breadcrumb","itemListElement":[{"@type":"ListItem","position":1,"name":"Home","item":"https:\/\/www.comau.com\/fr\/"},{"@type":"ListItem","position":2,"name":"Nos comp\u00e9tences","item":"https:\/\/www.comau.com\/fr\/competencies\/"},{"@type":"ListItem","position":3,"name":"Body Assembly","item":"https:\/\/www.comau.com\/fr\/competencies\/body-assembly\/"},{"@type":"ListItem","position":4,"name":"Technologies"}]},{"@type":"WebSite","@id":"https:\/\/www.comau.com\/fr\/#website","url":"https:\/\/www.comau.com\/fr\/","name":"Comau","description":"Industrial automation and robotics","publisher":{"@id":"https:\/\/www.comau.com\/fr\/#organization"},"potentialAction":[{"@type":"SearchAction","target":{"@type":"EntryPoint","urlTemplate":"https:\/\/www.comau.com\/fr\/?s={search_term_string}"},"query-input":{"@type":"PropertyValueSpecification","valueRequired":true,"valueName":"search_term_string"}}],"inLanguage":"fr-FR"},{"@type":"Organization","@id":"https:\/\/www.comau.com\/fr\/#organization","name":"Comau","url":"https:\/\/www.comau.com\/fr\/","logo":{"@type":"ImageObject","inLanguage":"fr-FR","@id":"https:\/\/www.comau.com\/fr\/#\/schema\/logo\/image\/","url":"https:\/\/www.comau.com\/wp-content\/uploads\/2024\/07\/cropped-Logo-COMAU.png","contentUrl":"https:\/\/www.comau.com\/wp-content\/uploads\/2024\/07\/cropped-Logo-COMAU.png","width":434,"height":434,"caption":"Comau"},"image":{"@id":"https:\/\/www.comau.com\/fr\/#\/schema\/logo\/image\/"},"sameAs":["https:\/\/www.facebook.com\/COMAU\/","https:\/\/x.com\/comaugroup","https:\/\/www.instagram.com\/comaugroup\/","https:\/\/www.linkedin.com\/company\/comau","https:\/\/www.youtube.com\/user\/comau"]}]}},"_links":{"self":[{"href":"https:\/\/www.comau.com\/fr\/wp-json\/wp\/v2\/pages\/5148","targetHints":{"allow":["GET"]}}],"collection":[{"href":"https:\/\/www.comau.com\/fr\/wp-json\/wp\/v2\/pages"}],"about":[{"href":"https:\/\/www.comau.com\/fr\/wp-json\/wp\/v2\/types\/page"}],"author":[{"embeddable":true,"href":"https:\/\/www.comau.com\/fr\/wp-json\/wp\/v2\/users\/11"}],"replies":[{"embeddable":true,"href":"https:\/\/www.comau.com\/fr\/wp-json\/wp\/v2\/comments?post=5148"}],"version-history":[{"count":40,"href":"https:\/\/www.comau.com\/fr\/wp-json\/wp\/v2\/pages\/5148\/revisions"}],"predecessor-version":[{"id":41990,"href":"https:\/\/www.comau.com\/fr\/wp-json\/wp\/v2\/pages\/5148\/revisions\/41990"}],"up":[{"embeddable":true,"href":"https:\/\/www.comau.com\/fr\/wp-json\/wp\/v2\/pages\/4810"}],"wp:featuredmedia":[{"embeddable":true,"href":"https:\/\/www.comau.com\/fr\/wp-json\/wp\/v2\/media\/5160"}],"wp:attachment":[{"href":"https:\/\/www.comau.com\/fr\/wp-json\/wp\/v2\/media?parent=5148"}],"curies":[{"name":"wp","href":"https:\/\/api.w.org\/{rel}","templated":true}]}}