{"id":50562,"date":"2023-03-31T05:52:15","date_gmt":"2023-03-31T03:52:15","guid":{"rendered":"https:\/\/www.comau.com\/?page_id=50562"},"modified":"2023-04-04T07:32:00","modified_gmt":"2023-04-04T05:32:00","slug":"ebook-accelerer-le-processus-delectrification","status":"publish","type":"page","link":"https:\/\/www.comau.com\/fr\/competencies\/electromobility\/ebook-accelerer-le-processus-delectrification\/","title":{"rendered":"eBook"},"content":{"rendered":"\n<h2 class=\"wp-block-heading\">Une approche pionni\u00e8re de l\u2019\u00e9lectrification<\/h2>\n\n\n\n<p>Alors que les fabricants du monde entier naviguent au sein de <strong>l&rsquo;industrie de l&rsquo;\u00e9lectrification<\/strong> aux multiples facettes, ils doivent souvent concilier les exigences de production cl\u00e9s avec les incertitudes inh\u00e9rentes \u00e0 un march\u00e9 \u00e9mergent o\u00f9, par cons\u00e9quent, les normes de bonnes pratiques continuent d\u2019\u00e9voluer.<\/p>\n\n\n\n<p>Depuis plusieurs ann\u00e9es, Comau mobilise son savoir faire <strong><a href=\"https:\/\/www.comau.com\/fr\/competencies\/electromobility\/\" target=\"_blank\" rel=\"noreferrer noopener\">novateur en mati\u00e8re d&rsquo;\u00e9lectrificatio<\/a><\/strong>n et de conception automobile pour contribuer \u00e0 faire avancer les progr\u00e8s technologiques en mati\u00e8re de production, de commercialisation, d&rsquo;utilisation et d&rsquo;\u00e9limination des batteries de nouvelle g\u00e9n\u00e9ration.<\/p>\n\n\n\n<h2 class=\"wp-block-heading\">Quand les technologies de pointe s&rsquo;allient aux technologies de derni\u00e8re g\u00e9n\u00e9ration<\/h2>\n\n\n\n<p>Les batteries lithium-ion \u00e0 haute densit\u00e9 \u00e9nerg\u00e9tique, consid\u00e9r\u00e9es par beaucoup comme \u00e9tant \u00e0 la pointe de la technologie, sont de plus en plus utilis\u00e9es pour un large \u00e9ventail d\u2019applications mobiles et stationnaires. Cependant, le potentiel d\u2019optimisation de cette technologie est quelque peu limit\u00e9.<\/p>\n\n\n\n<p>De m\u00eame, une <strong>nouvelle g\u00e9n\u00e9ration de batteries<\/strong> est actuellement en cours de d\u00e9veloppement, Comau contribuant \u00e0 soutenir leur industrialisation. Par cons\u00e9quent, ces nouvelles batteries \u00e0 semi-conducteurs (SSB), qui promettent l&rsquo;am\u00e9lioration des r\u00e9sultats sur plusieurs indicateurs de performance cl\u00e9s, devraient rejoindre le march\u00e9 dans des volumes plus importants d\u00e8s 2025.<\/p>\n\n\n\n<h2 class=\"wp-block-heading\">Du prototype \u00e0 l\u2019industrialisation<\/h2>\n\n\n\n<p>Plus les niveaux d\u2019automatisation actuels progressent, plus les investissements dans les \u00e9quipements de fabrication de batteries augmentent, de la part des acteurs \u00e9tablis mais aussi de nouveaux acteurs qui essayent de r\u00e9pondre \u00e0 une demande plus \u00e9lev\u00e9e.<\/p>\n\n\n\n<p>Lors de la conception de <strong><a href=\"https:\/\/www.comau.com\/fr\/competencies\/electromobility\/battery-manufacturing\/\" target=\"_blank\" rel=\"noreferrer noopener\">syst\u00e8mes de production automatis\u00e9s<\/a><\/strong> de cellules de batterie, de modules et de packs complets, <strong>l\u2019innovation technique<\/strong> et la <a href=\"https:\/\/www.comau.com\/fr\/about-us\/sustainability\/\" target=\"_blank\" rel=\"noreferrer noopener\"><strong>durabilit\u00e9<\/strong><\/a> sont des facteurs cl\u00e9s d\u2019une mobilit\u00e9 tourn\u00e9e vers l\u2019avenir. Comau travaille avec des entreprises du monde entier pour <strong>augmenter la rentabilit\u00e9 de la production<\/strong> de <strong>batteries haute performance<\/strong>.<\/p>\n\n\n\n<p>De plus, Comau s\u2019engage activement \u00e0 combler le foss\u00e9 entre la fabrication de prototypes et la production commerciale de technologies de batteries de nouvelle g\u00e9n\u00e9ration dans son centre de comp\u00e9tence pour batteries et ses laboratoires laser exclusifs.<\/p>\n\n\n\n<div class=\"wp-block-buttons is-layout-flex wp-block-buttons-is-layout-flex\">\n<div class=\"wp-block-button\"><a class=\"wp-block-button__link wp-element-button\" href=\"https:\/\/group.comau.com\/fra\/content\/ebook\/batteries?utm_source=COMAU Website\" target=\"_blank\" rel=\"noreferrer noopener\">Obtenir l\u2019eBook<\/a><\/div>\n<\/div>\n\n\n\n<div class=\"wp-block-columns columns-bg-dark is-layout-flex wp-container-core-columns-is-layout-9d6595d7 wp-block-columns-is-layout-flex\">\n<div class=\"wp-block-column is-layout-flow wp-block-column-is-layout-flow\">\n<h3 class=\"wp-block-heading\" id=\"innovations-in-body-assembly\" style=\"font-size:32px;font-style:normal;font-weight:200\">Automatisation de pointe<\/h3>\n\n\n\n<p>Gr\u00e2ce \u00e0 son expertise \u00e9prouv\u00e9e en mati\u00e8re d\u2019automatisation, de num\u00e9risation et d\u2019\u00e9lectrification, Comau est en mesure de fournir les meilleurs syst\u00e8mes de leur cat\u00e9gorie pour r\u00e9pondre aux besoins actuels et futurs du secteur de l\u2019\u00e9lectromobilit\u00e9.<\/p>\n<\/div>\n\n\n\n<div class=\"wp-block-column is-layout-flow wp-block-column-is-layout-flow\">\n<h3 class=\"wp-block-heading\" id=\"our-solutions-meet-customer-needs\" style=\"font-size:32px;font-style:normal;font-weight:200\">Ing\u00e9nierie simultan\u00e9e<\/h3>\n\n\n\n<p>Travaillant en \u00e9troite synergie avec nos clients pour d\u00e9finir la port\u00e9e et les sp\u00e9cificit\u00e9s de conception de la batterie et de ses lignes de production automatis\u00e9es, Comau est en mesure d\u2019offrir aux entreprises des solutions de plus en plus comp\u00e9titives dans le domaine de l\u2019\u00e9lectrification.<\/p>\n<\/div>\n\n\n\n<div class=\"wp-block-column is-layout-flow wp-block-column-is-layout-flow\">\n<h3 class=\"wp-block-heading\" id=\"powerful-assembly-and-transport-systems\" style=\"font-size:32px;font-style:normal;font-weight:200\">Analyse et contr\u00f4le en temps r\u00e9el<\/h3>\n\n\n\n<p>Depuis l\u2019analyse de l\u2019\u00e9tat et des performances en temps r\u00e9el jusqu\u2019\u00e0 la tra\u00e7abilit\u00e9 automatis\u00e9e des pi\u00e8ces et de la qualit\u00e9 de la production, la num\u00e9risation compl\u00e8te de la cellule vous permet de contr\u00f4ler les param\u00e8tres et de corriger imm\u00e9diatement les variations de processus ou de mat\u00e9riaux.<\/p>\n<\/div>\n<\/div>\n\n\n\n<h2 class=\"wp-block-heading\" id=\"our-solutions\">Les avantages de l\u2019automatisation sont les suivants:<\/h2>\n\n\n\n<div class=\"wp-block-getwid-image-box getwid-animation has-image-left has-text-center has-mobile-layout-default has-mobile-alignment-default\" data-animation=\"slideLeft\"><div class=\"wp-block-getwid-image-box__image-container is-position-top\"><div class=\"wp-block-getwid-image-box__image-wrapper\"><img decoding=\"async\" width=\"150\" height=\"150\" src=\"https:\/\/www.comau.com\/wp-content\/uploads\/2023\/02\/icon_reducingcosts-150x150.png\" class=\"wp-block-getwid-image-box__image wp-image-50584\" srcset=\"https:\/\/www.comau.com\/wp-content\/uploads\/2023\/02\/icon_reducingcosts-150x150.png 150w, https:\/\/www.comau.com\/wp-content\/uploads\/2023\/02\/icon_reducingcosts.png 275w\" sizes=\"(max-width: 150px) 100vw, 150px\" \/><\/div><\/div><div class=\"wp-block-getwid-image-box__content\">\n<h3 class=\"has-text-align-left wp-block-heading\">R\u00e9duire les co\u00fbts de fabrication tout en augmentant la capacit\u00e9<\/h3>\n<\/div><\/div>\n\n\n\n<div class=\"wp-block-getwid-image-box getwid-animation has-image-left has-text-center has-mobile-layout-default has-mobile-alignment-default\" data-animation=\"slideLeft\"><div class=\"wp-block-getwid-image-box__image-container is-position-top\"><div class=\"wp-block-getwid-image-box__image-wrapper\"><img decoding=\"async\" width=\"150\" height=\"150\" src=\"https:\/\/www.comau.com\/wp-content\/uploads\/2023\/02\/icon_enablingsolutions-150x150.png\" class=\"wp-block-getwid-image-box__image wp-image-50592\" srcset=\"https:\/\/www.comau.com\/wp-content\/uploads\/2023\/02\/icon_enablingsolutions-150x150.png 150w, https:\/\/www.comau.com\/wp-content\/uploads\/2023\/02\/icon_enablingsolutions.png 275w\" sizes=\"(max-width: 150px) 100vw, 150px\" \/><\/div><\/div><div class=\"wp-block-getwid-image-box__content\">\n<h3 class=\"has-text-align-left wp-block-heading\">Trouver des solutions innovantes pour soutenir les technologies de pointe et de nouvelle g\u00e9n\u00e9ration telles que les cellules de batterie \u00e0 semi-conducteurs, les piles \u00e0 combustible \u00e0 hydrog\u00e8ne et les \u00e9lectrolyseurs<\/h3>\n<\/div><\/div>\n\n\n\n<div class=\"wp-block-getwid-image-box getwid-animation has-image-left has-text-center has-mobile-layout-default has-mobile-alignment-default\" data-animation=\"slideLeft\"><div class=\"wp-block-getwid-image-box__image-container is-position-top\"><div class=\"wp-block-getwid-image-box__image-wrapper\"><img decoding=\"async\" width=\"150\" height=\"150\" src=\"https:\/\/www.comau.com\/wp-content\/uploads\/2023\/02\/icon_standardizingprocesses-150x150.png\" class=\"wp-block-getwid-image-box__image wp-image-50602\" srcset=\"https:\/\/www.comau.com\/wp-content\/uploads\/2023\/02\/icon_standardizingprocesses-150x150.png 150w, https:\/\/www.comau.com\/wp-content\/uploads\/2023\/02\/icon_standardizingprocesses.png 275w\" sizes=\"(max-width: 150px) 100vw, 150px\" \/><\/div><\/div><div class=\"wp-block-getwid-image-box__content\">\n<h3 class=\"has-text-align-left wp-block-heading\">Standardiser les processus pour r\u00e9pondre aux diff\u00e9rents besoins de production et r\u00e9duire les d\u00e9lais de mise sur le march\u00e9<\/h3>\n<\/div><\/div>\n\n\n\n<div class=\"wp-block-getwid-image-box getwid-animation has-image-left has-text-center has-mobile-layout-default has-mobile-alignment-default\" data-animation=\"slideLeft\"><div class=\"wp-block-getwid-image-box__image-container is-position-top\"><div class=\"wp-block-getwid-image-box__image-wrapper\"><img decoding=\"async\" width=\"150\" height=\"150\" src=\"https:\/\/www.comau.com\/wp-content\/uploads\/2023\/02\/icon_thermal-imaging-150x150.png\" class=\"wp-block-getwid-image-box__image wp-image-50608\" srcset=\"https:\/\/www.comau.com\/wp-content\/uploads\/2023\/02\/icon_thermal-imaging-150x150.png 150w, https:\/\/www.comau.com\/wp-content\/uploads\/2023\/02\/icon_thermal-imaging.png 275w\" sizes=\"(max-width: 150px) 100vw, 150px\" \/><\/div><\/div><div class=\"wp-block-getwid-image-box__content\">\n<h3 class=\"has-text-align-left wp-block-heading\">Exploiter l\u2019imagerie thermique et l\u2019intelligence artificielle pour garantir l\u2019int\u00e9grit\u00e9 et les performances de la batterie<\/h3>\n<\/div><\/div>\n\n\n\n<div class=\"wp-block-getwid-image-box getwid-animation has-image-left has-text-center has-mobile-layout-default has-mobile-alignment-default\" data-animation=\"slideLeft\"><div class=\"wp-block-getwid-image-box__image-container is-position-top\"><div class=\"wp-block-getwid-image-box__image-wrapper\"><img decoding=\"async\" width=\"150\" height=\"150\" src=\"https:\/\/www.comau.com\/wp-content\/uploads\/2023\/02\/icon_recycling-150x150.png\" class=\"wp-block-getwid-image-box__image wp-image-50614\" srcset=\"https:\/\/www.comau.com\/wp-content\/uploads\/2023\/02\/icon_recycling-150x150.png 150w, https:\/\/www.comau.com\/wp-content\/uploads\/2023\/02\/icon_recycling.png 275w\" sizes=\"(max-width: 150px) 100vw, 150px\" \/><\/div><\/div><div class=\"wp-block-getwid-image-box__content\">\n<h3 class=\"has-text-align-left wp-block-heading\">Des solutions s\u00fbres et efficaces pour g\u00e9rer les lignes de batteries de deuxi\u00e8me vie (r\u00e9novation) et celles de fin de vie (d\u00e9charge et d\u00e9montage)<\/h3>\n<\/div><\/div>\n\n\n\n<hr class=\"wp-block-separator has-alpha-channel-opacity\" \/>\n\n\n\n<p><\/p>\n\n\n\n<div class=\"wp-block-columns is-layout-flex wp-container-core-columns-is-layout-9d6595d7 wp-block-columns-is-layout-flex\">\n<div class=\"wp-block-column is-layout-flow wp-block-column-is-layout-flow\">\n<h2 class=\"wp-block-heading\">eBook<\/h2>\n\n\n\n<h4 class=\"has-large-font-size wp-block-heading\" style=\"font-style:normal;font-weight:200\">Alimenter l\u2019avenir de l\u2019\u00e9lectrification<\/h4>\n\n\n\n<p>Comment l\u2019innovation automatis\u00e9e et durable stimule la transformation \u00e9nerg\u00e9tique.<\/p>\n\n\n\n<h3 class=\"wp-block-heading\" id=\"block-d5fef270-5747-4bcf-9e83-be00d92d5b42\"><br><\/h3>\n\n\n\n<div class=\"wp-block-buttons is-layout-flex wp-block-buttons-is-layout-flex\">\n<div class=\"wp-block-button\"><a class=\"wp-block-button__link wp-element-button\" href=\"https:\/\/group.comau.com\/fra\/content\/ebook\/batteries?utm_source=COMAU Website\" target=\"_blank\" rel=\"noreferrer noopener\">Obtenir l\u2019eBook<\/a><\/div>\n<\/div>\n\n\n\n<p><\/p>\n\n\n\n<p><\/p>\n\n\n\n<p><\/p>\n\n\n\n<p><em><br><br><\/em><\/p>\n<\/div>\n\n\n\n<div class=\"wp-block-column is-layout-flow wp-block-column-is-layout-flow\">\n<figure class=\"wp-block-image size-large is-resized\"><img decoding=\"async\" src=\"https:\/\/www.comau.com\/wp-content\/uploads\/2023\/02\/Comau_eBook_Batteries_page-1024x576.png\" alt=\"\" class=\"wp-image-50636\" width=\"768\" height=\"432\" srcset=\"https:\/\/www.comau.com\/wp-content\/uploads\/2023\/02\/Comau_eBook_Batteries_page-1024x576.png 1024w, https:\/\/www.comau.com\/wp-content\/uploads\/2023\/02\/Comau_eBook_Batteries_page-300x169.png 300w, https:\/\/www.comau.com\/wp-content\/uploads\/2023\/02\/Comau_eBook_Batteries_page-768x432.png 768w, https:\/\/www.comau.com\/wp-content\/uploads\/2023\/02\/Comau_eBook_Batteries_page-1536x864.png 1536w, https:\/\/www.comau.com\/wp-content\/uploads\/2023\/02\/Comau_eBook_Batteries_page.png 1920w\" sizes=\"(max-width: 768px) 100vw, 768px\" \/><\/figure>\n<\/div>\n<\/div>\n","protected":false},"excerpt":{"rendered":"<p>Une approche pionni\u00e8re de l\u2019\u00e9lectrification Alors que les fabricants du monde entier naviguent au sein de l&rsquo;industrie de l&rsquo;\u00e9lectrification aux multiples facettes, ils doivent souvent concilier les exigences de production cl\u00e9s avec les incertitudes inh\u00e9rentes \u00e0 un march\u00e9 \u00e9mergent o\u00f9, par cons\u00e9quent, les normes de bonnes pratiques continuent d\u2019\u00e9voluer. Depuis plusieurs ann\u00e9es, Comau mobilise son [&hellip;]<\/p>\n","protected":false},"author":21,"featured_media":51399,"parent":6166,"menu_order":1,"comment_status":"closed","ping_status":"closed","template":"","meta":{"_acf_changed":false,"ep_exclude_from_search":false,"footnotes":""},"class_list":["post-50562","page","type-page","status-publish","has-post-thumbnail","hentry"],"acf":[],"yoast_head":"<!-- This site is optimized with the Yoast SEO plugin v26.9 - https:\/\/yoast.com\/product\/yoast-seo-wordpress\/ -->\n<title>Acc\u00e9l\u00e9rer le processus d\u2019\u00e9lectrification | Comau<\/title>\n<meta name=\"description\" content=\"T\u00e9l\u00e9chargez ce livre \u00e9lectronique exclusif et d\u00e9couvrez comment Comau favorise l&#039;\u00e9lectrification et la transformation des \u00e9nergies nouvelles.\" \/>\n<meta name=\"robots\" content=\"index, follow, max-snippet:-1, max-image-preview:large, max-video-preview:-1\" \/>\n<link rel=\"canonical\" href=\"https:\/\/www.comau.com\/fr\/competencies\/electromobility\/ebook-accelerer-le-processus-delectrification\/\" \/>\n<meta property=\"og:locale\" content=\"fr_FR\" \/>\n<meta property=\"og:type\" content=\"article\" \/>\n<meta property=\"og:title\" content=\"Acc\u00e9l\u00e9rer le processus d\u2019\u00e9lectrification | Comau\" \/>\n<meta property=\"og:description\" content=\"T\u00e9l\u00e9chargez ce livre \u00e9lectronique exclusif et d\u00e9couvrez comment Comau favorise l&#039;\u00e9lectrification et la transformation des \u00e9nergies nouvelles.\" \/>\n<meta property=\"og:url\" content=\"https:\/\/www.comau.com\/fr\/competencies\/electromobility\/ebook-accelerer-le-processus-delectrification\/\" \/>\n<meta property=\"og:site_name\" content=\"Comau\" \/>\n<meta property=\"article:publisher\" content=\"https:\/\/www.facebook.com\/COMAU\/\" \/>\n<meta property=\"article:modified_time\" content=\"2023-04-04T05:32:00+00:00\" \/>\n<meta property=\"og:image\" content=\"https:\/\/www.comau.com\/wp-content\/uploads\/2023\/03\/Banner_LP_Header_eBook_Batteries.jpg\" \/>\n\t<meta property=\"og:image:width\" content=\"1920\" \/>\n\t<meta property=\"og:image:height\" content=\"517\" \/>\n\t<meta property=\"og:image:type\" content=\"image\/jpeg\" \/>\n<meta name=\"twitter:card\" content=\"summary_large_image\" \/>\n<meta name=\"twitter:site\" content=\"@comaugroup\" \/>\n<meta name=\"twitter:label1\" content=\"Dur\u00e9e de lecture estim\u00e9e\" \/>\n\t<meta name=\"twitter:data1\" content=\"4 minutes\" \/>\n<script type=\"application\/ld+json\" class=\"yoast-schema-graph\">{\"@context\":\"https:\/\/schema.org\",\"@graph\":[{\"@type\":\"WebPage\",\"@id\":\"https:\/\/www.comau.com\/fr\/competencies\/electromobility\/ebook-accelerer-le-processus-delectrification\/\",\"url\":\"https:\/\/www.comau.com\/fr\/competencies\/electromobility\/ebook-accelerer-le-processus-delectrification\/\",\"name\":\"Acc\u00e9l\u00e9rer le processus d\u2019\u00e9lectrification | Comau\",\"isPartOf\":{\"@id\":\"https:\/\/www.comau.com\/fr\/#website\"},\"primaryImageOfPage\":{\"@id\":\"https:\/\/www.comau.com\/fr\/competencies\/electromobility\/ebook-accelerer-le-processus-delectrification\/#primaryimage\"},\"image\":{\"@id\":\"https:\/\/www.comau.com\/fr\/competencies\/electromobility\/ebook-accelerer-le-processus-delectrification\/#primaryimage\"},\"thumbnailUrl\":\"https:\/\/www.comau.com\/wp-content\/uploads\/2023\/03\/Banner_LP_Header_eBook_Batteries.jpg\",\"datePublished\":\"2023-03-31T03:52:15+00:00\",\"dateModified\":\"2023-04-04T05:32:00+00:00\",\"description\":\"T\u00e9l\u00e9chargez ce livre \u00e9lectronique exclusif et d\u00e9couvrez comment Comau favorise l'\u00e9lectrification et la transformation des \u00e9nergies nouvelles.\",\"breadcrumb\":{\"@id\":\"https:\/\/www.comau.com\/fr\/competencies\/electromobility\/ebook-accelerer-le-processus-delectrification\/#breadcrumb\"},\"inLanguage\":\"fr-FR\",\"potentialAction\":[{\"@type\":\"ReadAction\",\"target\":[\"https:\/\/www.comau.com\/fr\/competencies\/electromobility\/ebook-accelerer-le-processus-delectrification\/\"]}]},{\"@type\":\"ImageObject\",\"inLanguage\":\"fr-FR\",\"@id\":\"https:\/\/www.comau.com\/fr\/competencies\/electromobility\/ebook-accelerer-le-processus-delectrification\/#primaryimage\",\"url\":\"https:\/\/www.comau.com\/wp-content\/uploads\/2023\/03\/Banner_LP_Header_eBook_Batteries.jpg\",\"contentUrl\":\"https:\/\/www.comau.com\/wp-content\/uploads\/2023\/03\/Banner_LP_Header_eBook_Batteries.jpg\",\"width\":1920,\"height\":517,\"caption\":\"Comau eBook Batteries\"},{\"@type\":\"BreadcrumbList\",\"@id\":\"https:\/\/www.comau.com\/fr\/competencies\/electromobility\/ebook-accelerer-le-processus-delectrification\/#breadcrumb\",\"itemListElement\":[{\"@type\":\"ListItem\",\"position\":1,\"name\":\"Home\",\"item\":\"https:\/\/www.comau.com\/fr\/\"},{\"@type\":\"ListItem\",\"position\":2,\"name\":\"Nos comp\u00e9tences\",\"item\":\"https:\/\/www.comau.com\/fr\/competencies\/\"},{\"@type\":\"ListItem\",\"position\":3,\"name\":\"E-mobilit\u00e9\",\"item\":\"https:\/\/www.comau.com\/fr\/competencies\/electromobility\/\"},{\"@type\":\"ListItem\",\"position\":4,\"name\":\"eBook\"}]},{\"@type\":\"WebSite\",\"@id\":\"https:\/\/www.comau.com\/fr\/#website\",\"url\":\"https:\/\/www.comau.com\/fr\/\",\"name\":\"Comau\",\"description\":\"Industrial automation and robotics\",\"publisher\":{\"@id\":\"https:\/\/www.comau.com\/fr\/#organization\"},\"potentialAction\":[{\"@type\":\"SearchAction\",\"target\":{\"@type\":\"EntryPoint\",\"urlTemplate\":\"https:\/\/www.comau.com\/fr\/?s={search_term_string}\"},\"query-input\":{\"@type\":\"PropertyValueSpecification\",\"valueRequired\":true,\"valueName\":\"search_term_string\"}}],\"inLanguage\":\"fr-FR\"},{\"@type\":\"Organization\",\"@id\":\"https:\/\/www.comau.com\/fr\/#organization\",\"name\":\"Comau\",\"url\":\"https:\/\/www.comau.com\/fr\/\",\"logo\":{\"@type\":\"ImageObject\",\"inLanguage\":\"fr-FR\",\"@id\":\"https:\/\/www.comau.com\/fr\/#\/schema\/logo\/image\/\",\"url\":\"https:\/\/www.comau.com\/wp-content\/uploads\/2024\/07\/cropped-Logo-COMAU.png\",\"contentUrl\":\"https:\/\/www.comau.com\/wp-content\/uploads\/2024\/07\/cropped-Logo-COMAU.png\",\"width\":434,\"height\":434,\"caption\":\"Comau\"},\"image\":{\"@id\":\"https:\/\/www.comau.com\/fr\/#\/schema\/logo\/image\/\"},\"sameAs\":[\"https:\/\/www.facebook.com\/COMAU\/\",\"https:\/\/x.com\/comaugroup\",\"https:\/\/www.instagram.com\/comaugroup\/\",\"https:\/\/www.linkedin.com\/company\/comau\",\"https:\/\/www.youtube.com\/user\/comau\"]}]}<\/script>\n<!-- \/ Yoast SEO plugin. -->","yoast_head_json":{"title":"Acc\u00e9l\u00e9rer le processus d\u2019\u00e9lectrification | Comau","description":"T\u00e9l\u00e9chargez ce livre \u00e9lectronique exclusif et d\u00e9couvrez comment Comau favorise l'\u00e9lectrification et la transformation des \u00e9nergies nouvelles.","robots":{"index":"index","follow":"follow","max-snippet":"max-snippet:-1","max-image-preview":"max-image-preview:large","max-video-preview":"max-video-preview:-1"},"canonical":"https:\/\/www.comau.com\/fr\/competencies\/electromobility\/ebook-accelerer-le-processus-delectrification\/","og_locale":"fr_FR","og_type":"article","og_title":"Acc\u00e9l\u00e9rer le processus d\u2019\u00e9lectrification | Comau","og_description":"T\u00e9l\u00e9chargez ce livre \u00e9lectronique exclusif et d\u00e9couvrez comment Comau favorise l'\u00e9lectrification et la transformation des \u00e9nergies nouvelles.","og_url":"https:\/\/www.comau.com\/fr\/competencies\/electromobility\/ebook-accelerer-le-processus-delectrification\/","og_site_name":"Comau","article_publisher":"https:\/\/www.facebook.com\/COMAU\/","article_modified_time":"2023-04-04T05:32:00+00:00","og_image":[{"width":1920,"height":517,"url":"https:\/\/www.comau.com\/wp-content\/uploads\/2023\/03\/Banner_LP_Header_eBook_Batteries.jpg","type":"image\/jpeg"}],"twitter_card":"summary_large_image","twitter_site":"@comaugroup","twitter_misc":{"Dur\u00e9e de lecture estim\u00e9e":"4 minutes"},"schema":{"@context":"https:\/\/schema.org","@graph":[{"@type":"WebPage","@id":"https:\/\/www.comau.com\/fr\/competencies\/electromobility\/ebook-accelerer-le-processus-delectrification\/","url":"https:\/\/www.comau.com\/fr\/competencies\/electromobility\/ebook-accelerer-le-processus-delectrification\/","name":"Acc\u00e9l\u00e9rer le processus d\u2019\u00e9lectrification | Comau","isPartOf":{"@id":"https:\/\/www.comau.com\/fr\/#website"},"primaryImageOfPage":{"@id":"https:\/\/www.comau.com\/fr\/competencies\/electromobility\/ebook-accelerer-le-processus-delectrification\/#primaryimage"},"image":{"@id":"https:\/\/www.comau.com\/fr\/competencies\/electromobility\/ebook-accelerer-le-processus-delectrification\/#primaryimage"},"thumbnailUrl":"https:\/\/www.comau.com\/wp-content\/uploads\/2023\/03\/Banner_LP_Header_eBook_Batteries.jpg","datePublished":"2023-03-31T03:52:15+00:00","dateModified":"2023-04-04T05:32:00+00:00","description":"T\u00e9l\u00e9chargez ce livre \u00e9lectronique exclusif et d\u00e9couvrez comment Comau favorise l'\u00e9lectrification et la transformation des \u00e9nergies nouvelles.","breadcrumb":{"@id":"https:\/\/www.comau.com\/fr\/competencies\/electromobility\/ebook-accelerer-le-processus-delectrification\/#breadcrumb"},"inLanguage":"fr-FR","potentialAction":[{"@type":"ReadAction","target":["https:\/\/www.comau.com\/fr\/competencies\/electromobility\/ebook-accelerer-le-processus-delectrification\/"]}]},{"@type":"ImageObject","inLanguage":"fr-FR","@id":"https:\/\/www.comau.com\/fr\/competencies\/electromobility\/ebook-accelerer-le-processus-delectrification\/#primaryimage","url":"https:\/\/www.comau.com\/wp-content\/uploads\/2023\/03\/Banner_LP_Header_eBook_Batteries.jpg","contentUrl":"https:\/\/www.comau.com\/wp-content\/uploads\/2023\/03\/Banner_LP_Header_eBook_Batteries.jpg","width":1920,"height":517,"caption":"Comau eBook Batteries"},{"@type":"BreadcrumbList","@id":"https:\/\/www.comau.com\/fr\/competencies\/electromobility\/ebook-accelerer-le-processus-delectrification\/#breadcrumb","itemListElement":[{"@type":"ListItem","position":1,"name":"Home","item":"https:\/\/www.comau.com\/fr\/"},{"@type":"ListItem","position":2,"name":"Nos comp\u00e9tences","item":"https:\/\/www.comau.com\/fr\/competencies\/"},{"@type":"ListItem","position":3,"name":"E-mobilit\u00e9","item":"https:\/\/www.comau.com\/fr\/competencies\/electromobility\/"},{"@type":"ListItem","position":4,"name":"eBook"}]},{"@type":"WebSite","@id":"https:\/\/www.comau.com\/fr\/#website","url":"https:\/\/www.comau.com\/fr\/","name":"Comau","description":"Industrial automation and robotics","publisher":{"@id":"https:\/\/www.comau.com\/fr\/#organization"},"potentialAction":[{"@type":"SearchAction","target":{"@type":"EntryPoint","urlTemplate":"https:\/\/www.comau.com\/fr\/?s={search_term_string}"},"query-input":{"@type":"PropertyValueSpecification","valueRequired":true,"valueName":"search_term_string"}}],"inLanguage":"fr-FR"},{"@type":"Organization","@id":"https:\/\/www.comau.com\/fr\/#organization","name":"Comau","url":"https:\/\/www.comau.com\/fr\/","logo":{"@type":"ImageObject","inLanguage":"fr-FR","@id":"https:\/\/www.comau.com\/fr\/#\/schema\/logo\/image\/","url":"https:\/\/www.comau.com\/wp-content\/uploads\/2024\/07\/cropped-Logo-COMAU.png","contentUrl":"https:\/\/www.comau.com\/wp-content\/uploads\/2024\/07\/cropped-Logo-COMAU.png","width":434,"height":434,"caption":"Comau"},"image":{"@id":"https:\/\/www.comau.com\/fr\/#\/schema\/logo\/image\/"},"sameAs":["https:\/\/www.facebook.com\/COMAU\/","https:\/\/x.com\/comaugroup","https:\/\/www.instagram.com\/comaugroup\/","https:\/\/www.linkedin.com\/company\/comau","https:\/\/www.youtube.com\/user\/comau"]}]}},"_links":{"self":[{"href":"https:\/\/www.comau.com\/fr\/wp-json\/wp\/v2\/pages\/50562","targetHints":{"allow":["GET"]}}],"collection":[{"href":"https:\/\/www.comau.com\/fr\/wp-json\/wp\/v2\/pages"}],"about":[{"href":"https:\/\/www.comau.com\/fr\/wp-json\/wp\/v2\/types\/page"}],"author":[{"embeddable":true,"href":"https:\/\/www.comau.com\/fr\/wp-json\/wp\/v2\/users\/21"}],"replies":[{"embeddable":true,"href":"https:\/\/www.comau.com\/fr\/wp-json\/wp\/v2\/comments?post=50562"}],"version-history":[{"count":12,"href":"https:\/\/www.comau.com\/fr\/wp-json\/wp\/v2\/pages\/50562\/revisions"}],"predecessor-version":[{"id":52204,"href":"https:\/\/www.comau.com\/fr\/wp-json\/wp\/v2\/pages\/50562\/revisions\/52204"}],"up":[{"embeddable":true,"href":"https:\/\/www.comau.com\/fr\/wp-json\/wp\/v2\/pages\/6166"}],"wp:featuredmedia":[{"embeddable":true,"href":"https:\/\/www.comau.com\/fr\/wp-json\/wp\/v2\/media\/51399"}],"wp:attachment":[{"href":"https:\/\/www.comau.com\/fr\/wp-json\/wp\/v2\/media?parent=50562"}],"curies":[{"name":"wp","href":"https:\/\/api.w.org\/{rel}","templated":true}]}}