{"id":5053,"date":"2021-06-07T16:00:00","date_gmt":"2021-06-07T14:00:00","guid":{"rendered":"https:\/\/www.comau.com\/?page_id=5053"},"modified":"2022-02-07T12:32:44","modified_gmt":"2022-02-07T11:32:44","slug":"versaroll","status":"publish","type":"page","link":"https:\/\/www.comau.com\/fr\/competencies\/systems\/solutions\/versaroll\/","title":{"rendered":"VersaRoll"},"content":{"rendered":"\n<p>VersaRoll est une machine de fabrication autonome pour les assemblages de grande taille. Une commande d&rsquo;encodeur asservie permet un transfert de pi\u00e8ces ultra rapide et une pr\u00e9cision de positionnement de haut niveau. Principalement utilis\u00e9e pour les lignes d&rsquo;assemblage de c\u00f4t\u00e9s de caisse et de dessous de caisse, elle est constitu\u00e9e de toute une s\u00e9rie de composants standards compatibles pouvant \u00eatre assembl\u00e9s en stations configurables (chargement, joints, soudure, g\u00e9o, etc.)<\/p>\n\n\n\n<p>Depuis 2003, de nombreuses applications ont \u00e9t\u00e9 vendues aux plus grands constructeurs automobiles et install\u00e9es aux \u00c9tats-Unis, en Chine, au Mexique et en Europe pour les dessous de caisse et les flancs de carrosserie.<\/p>\n\n\n\n<div class=\"wp-block-image\"><figure class=\"aligncenter size-large\"><img decoding=\"async\" width=\"1024\" height=\"348\" src=\"https:\/\/www.comau.com\/wp-content\/uploads\/2021\/06\/versaroll_3-1024x348.jpg\" alt=\"\" class=\"wp-image-5132\" srcset=\"https:\/\/www.comau.com\/wp-content\/uploads\/2021\/06\/versaroll_3-1024x348.jpg 1024w, https:\/\/www.comau.com\/wp-content\/uploads\/2021\/06\/versaroll_3-300x102.jpg 300w, https:\/\/www.comau.com\/wp-content\/uploads\/2021\/06\/versaroll_3-768x261.jpg 768w, https:\/\/www.comau.com\/wp-content\/uploads\/2021\/06\/versaroll_3.jpg 1179w\" sizes=\"(max-width: 1024px) 100vw, 1024px\" \/><\/figure><\/div>\n\n\n\n<h2 class=\"wp-block-heading\" id=\"product-features\">Caract\u00e9ristiques du produit<\/h2>\n\n\n\n<ul class=\"wp-block-list\"><li>Flexibilit\u00e9 jusqu&rsquo;\u00e0 4 mod\u00e8les <ul><li>Translation en \u00ab Y \u00bb de g\u00e9otods en 6 secondes<\/li><li>2250 kg pour chaque outil GEO <\/li><\/ul><\/li><li>Solution de commande asservie \u2013 VersaDrive et VersaCoder<ul><li>Transfert rapide \u2013 r\u00e9duit le nombre de stations n\u00e9cessaires<\/li><li>Aucun commutateur pour le transfert \u2013 fiabilit\u00e9 \u00e9lev\u00e9e<\/li><li>Aucun ajustement n\u00e9cessaire \u2013 simple \u00e0 entretenir<\/li><li>Haute pr\u00e9cision de positionnement (+\/-0,5 mm)<\/li><\/ul><\/li><li>Vitesse de transfert \u00e9lev\u00e9e : 6 secondes avec 1 125 kg (axe \u00ab X \u00bb)<\/li><li>914 mm mont\u00e9e\/descente (jeu de robot comp\u00e9titif)<\/li><li>Jusqu&rsquo;\u00e0 6 robots par station pour maximiser la capacit\u00e9 de soudage<\/li><\/ul>\n\n\n\n<p>Des experts produit mondiaux garantissent le support ing\u00e9nierie\/processus. Distribution partout dans le monde avec un support appropri\u00e9.Des experts produit mondiaux garantissent le support ing\u00e9nierie\/processus. Distribution partout dans le monde avec un support appropri\u00e9.<\/p>\n","protected":false},"excerpt":{"rendered":"<p>VersaRoll est une machine de fabrication autonome pour les assemblages de grande taille. Une commande d&rsquo;encodeur asservie permet un transfert de pi\u00e8ces ultra rapide et une pr\u00e9cision de positionnement de haut niveau. Principalement utilis\u00e9e pour les lignes d&rsquo;assemblage de c\u00f4t\u00e9s de caisse et de dessous de caisse, elle est constitu\u00e9e de toute une s\u00e9rie de [&hellip;]<\/p>\n","protected":false},"author":11,"featured_media":5066,"parent":64924,"menu_order":0,"comment_status":"closed","ping_status":"closed","template":"","meta":{"_acf_changed":false,"ep_exclude_from_search":false,"footnotes":""},"class_list":["post-5053","page","type-page","status-publish","has-post-thumbnail","hentry"],"acf":[],"yoast_head":"<!-- This site is optimized with the Yoast SEO plugin v26.9 - https:\/\/yoast.com\/product\/yoast-seo-wordpress\/ -->\n<title>Versaroll : machine d&#039;assemblage automatique | Comau<\/title>\n<meta name=\"description\" content=\"D\u00e9couvrez Versaroll\u00a0: une machine autonome, flexible et rapide pour les grands processus de montage automatique.\" \/>\n<meta name=\"robots\" content=\"index, follow, max-snippet:-1, max-image-preview:large, max-video-preview:-1\" \/>\n<link rel=\"canonical\" href=\"https:\/\/www.comau.com\/fr\/competencies\/systems\/solutions\/versaroll\/\" \/>\n<meta property=\"og:locale\" content=\"fr_FR\" \/>\n<meta property=\"og:type\" content=\"article\" \/>\n<meta property=\"og:title\" content=\"Versaroll : machine d&#039;assemblage automatique | Comau\" \/>\n<meta property=\"og:description\" content=\"D\u00e9couvrez Versaroll\u00a0: une machine autonome, flexible et rapide pour les grands processus de montage automatique.\" \/>\n<meta property=\"og:url\" content=\"https:\/\/www.comau.com\/fr\/competencies\/systems\/solutions\/versaroll\/\" \/>\n<meta property=\"og:site_name\" content=\"Comau\" \/>\n<meta property=\"article:publisher\" content=\"https:\/\/www.facebook.com\/COMAU\/\" \/>\n<meta property=\"article:modified_time\" content=\"2022-02-07T11:32:44+00:00\" \/>\n<meta property=\"og:image\" content=\"https:\/\/www.comau.com\/wp-content\/uploads\/2021\/06\/versaroll_header.jpg\" \/>\n\t<meta property=\"og:image:width\" content=\"1280\" \/>\n\t<meta property=\"og:image:height\" content=\"485\" \/>\n\t<meta property=\"og:image:type\" content=\"image\/jpeg\" \/>\n<meta name=\"twitter:card\" content=\"summary_large_image\" \/>\n<meta name=\"twitter:site\" content=\"@comaugroup\" \/>\n<meta name=\"twitter:label1\" content=\"Dur\u00e9e de lecture estim\u00e9e\" \/>\n\t<meta name=\"twitter:data1\" content=\"2 minutes\" \/>\n<script type=\"application\/ld+json\" class=\"yoast-schema-graph\">{\"@context\":\"https:\/\/schema.org\",\"@graph\":[{\"@type\":\"WebPage\",\"@id\":\"https:\/\/www.comau.com\/fr\/competencies\/systems\/solutions\/versaroll\/\",\"url\":\"https:\/\/www.comau.com\/fr\/competencies\/systems\/solutions\/versaroll\/\",\"name\":\"Versaroll : machine d'assemblage automatique | Comau\",\"isPartOf\":{\"@id\":\"https:\/\/www.comau.com\/fr\/#website\"},\"primaryImageOfPage\":{\"@id\":\"https:\/\/www.comau.com\/fr\/competencies\/systems\/solutions\/versaroll\/#primaryimage\"},\"image\":{\"@id\":\"https:\/\/www.comau.com\/fr\/competencies\/systems\/solutions\/versaroll\/#primaryimage\"},\"thumbnailUrl\":\"https:\/\/www.comau.com\/wp-content\/uploads\/2021\/06\/versaroll_header.jpg\",\"datePublished\":\"2021-06-07T14:00:00+00:00\",\"dateModified\":\"2022-02-07T11:32:44+00:00\",\"description\":\"D\u00e9couvrez Versaroll\u00a0: une machine autonome, flexible et rapide pour les grands processus de montage automatique.\",\"breadcrumb\":{\"@id\":\"https:\/\/www.comau.com\/fr\/competencies\/systems\/solutions\/versaroll\/#breadcrumb\"},\"inLanguage\":\"fr-FR\",\"potentialAction\":[{\"@type\":\"ReadAction\",\"target\":[\"https:\/\/www.comau.com\/fr\/competencies\/systems\/solutions\/versaroll\/\"]}]},{\"@type\":\"ImageObject\",\"inLanguage\":\"fr-FR\",\"@id\":\"https:\/\/www.comau.com\/fr\/competencies\/systems\/solutions\/versaroll\/#primaryimage\",\"url\":\"https:\/\/www.comau.com\/wp-content\/uploads\/2021\/06\/versaroll_header.jpg\",\"contentUrl\":\"https:\/\/www.comau.com\/wp-content\/uploads\/2021\/06\/versaroll_header.jpg\",\"width\":1280,\"height\":485},{\"@type\":\"BreadcrumbList\",\"@id\":\"https:\/\/www.comau.com\/fr\/competencies\/systems\/solutions\/versaroll\/#breadcrumb\",\"itemListElement\":[{\"@type\":\"ListItem\",\"position\":1,\"name\":\"Home\",\"item\":\"https:\/\/www.comau.com\/fr\/\"},{\"@type\":\"ListItem\",\"position\":2,\"name\":\"Nos comp\u00e9tences\",\"item\":\"https:\/\/www.comau.com\/fr\/competencies\/\"},{\"@type\":\"ListItem\",\"position\":3,\"name\":\"Body Assembly\",\"item\":\"https:\/\/www.comau.com\/fr\/competencies\/body-assembly\/\"},{\"@type\":\"ListItem\",\"position\":4,\"name\":\"Solutions\",\"item\":\"https:\/\/www.comau.com\/fr\/competencies\/body-assembly\/solutions\/\"},{\"@type\":\"ListItem\",\"position\":5,\"name\":\"VersaRoll\"}]},{\"@type\":\"WebSite\",\"@id\":\"https:\/\/www.comau.com\/fr\/#website\",\"url\":\"https:\/\/www.comau.com\/fr\/\",\"name\":\"Comau\",\"description\":\"Industrial automation and robotics\",\"publisher\":{\"@id\":\"https:\/\/www.comau.com\/fr\/#organization\"},\"potentialAction\":[{\"@type\":\"SearchAction\",\"target\":{\"@type\":\"EntryPoint\",\"urlTemplate\":\"https:\/\/www.comau.com\/fr\/?s={search_term_string}\"},\"query-input\":{\"@type\":\"PropertyValueSpecification\",\"valueRequired\":true,\"valueName\":\"search_term_string\"}}],\"inLanguage\":\"fr-FR\"},{\"@type\":\"Organization\",\"@id\":\"https:\/\/www.comau.com\/fr\/#organization\",\"name\":\"Comau\",\"url\":\"https:\/\/www.comau.com\/fr\/\",\"logo\":{\"@type\":\"ImageObject\",\"inLanguage\":\"fr-FR\",\"@id\":\"https:\/\/www.comau.com\/fr\/#\/schema\/logo\/image\/\",\"url\":\"https:\/\/www.comau.com\/wp-content\/uploads\/2024\/07\/cropped-Logo-COMAU.png\",\"contentUrl\":\"https:\/\/www.comau.com\/wp-content\/uploads\/2024\/07\/cropped-Logo-COMAU.png\",\"width\":434,\"height\":434,\"caption\":\"Comau\"},\"image\":{\"@id\":\"https:\/\/www.comau.com\/fr\/#\/schema\/logo\/image\/\"},\"sameAs\":[\"https:\/\/www.facebook.com\/COMAU\/\",\"https:\/\/x.com\/comaugroup\",\"https:\/\/www.instagram.com\/comaugroup\/\",\"https:\/\/www.linkedin.com\/company\/comau\",\"https:\/\/www.youtube.com\/user\/comau\"]}]}<\/script>\n<!-- \/ Yoast SEO plugin. -->","yoast_head_json":{"title":"Versaroll : machine d'assemblage automatique | Comau","description":"D\u00e9couvrez Versaroll\u00a0: une machine autonome, flexible et rapide pour les grands processus de montage automatique.","robots":{"index":"index","follow":"follow","max-snippet":"max-snippet:-1","max-image-preview":"max-image-preview:large","max-video-preview":"max-video-preview:-1"},"canonical":"https:\/\/www.comau.com\/fr\/competencies\/systems\/solutions\/versaroll\/","og_locale":"fr_FR","og_type":"article","og_title":"Versaroll : machine d'assemblage automatique | Comau","og_description":"D\u00e9couvrez Versaroll\u00a0: une machine autonome, flexible et rapide pour les grands processus de montage automatique.","og_url":"https:\/\/www.comau.com\/fr\/competencies\/systems\/solutions\/versaroll\/","og_site_name":"Comau","article_publisher":"https:\/\/www.facebook.com\/COMAU\/","article_modified_time":"2022-02-07T11:32:44+00:00","og_image":[{"width":1280,"height":485,"url":"https:\/\/www.comau.com\/wp-content\/uploads\/2021\/06\/versaroll_header.jpg","type":"image\/jpeg"}],"twitter_card":"summary_large_image","twitter_site":"@comaugroup","twitter_misc":{"Dur\u00e9e de lecture estim\u00e9e":"2 minutes"},"schema":{"@context":"https:\/\/schema.org","@graph":[{"@type":"WebPage","@id":"https:\/\/www.comau.com\/fr\/competencies\/systems\/solutions\/versaroll\/","url":"https:\/\/www.comau.com\/fr\/competencies\/systems\/solutions\/versaroll\/","name":"Versaroll : machine d'assemblage automatique | Comau","isPartOf":{"@id":"https:\/\/www.comau.com\/fr\/#website"},"primaryImageOfPage":{"@id":"https:\/\/www.comau.com\/fr\/competencies\/systems\/solutions\/versaroll\/#primaryimage"},"image":{"@id":"https:\/\/www.comau.com\/fr\/competencies\/systems\/solutions\/versaroll\/#primaryimage"},"thumbnailUrl":"https:\/\/www.comau.com\/wp-content\/uploads\/2021\/06\/versaroll_header.jpg","datePublished":"2021-06-07T14:00:00+00:00","dateModified":"2022-02-07T11:32:44+00:00","description":"D\u00e9couvrez Versaroll\u00a0: une machine autonome, flexible et rapide pour les grands processus de montage automatique.","breadcrumb":{"@id":"https:\/\/www.comau.com\/fr\/competencies\/systems\/solutions\/versaroll\/#breadcrumb"},"inLanguage":"fr-FR","potentialAction":[{"@type":"ReadAction","target":["https:\/\/www.comau.com\/fr\/competencies\/systems\/solutions\/versaroll\/"]}]},{"@type":"ImageObject","inLanguage":"fr-FR","@id":"https:\/\/www.comau.com\/fr\/competencies\/systems\/solutions\/versaroll\/#primaryimage","url":"https:\/\/www.comau.com\/wp-content\/uploads\/2021\/06\/versaroll_header.jpg","contentUrl":"https:\/\/www.comau.com\/wp-content\/uploads\/2021\/06\/versaroll_header.jpg","width":1280,"height":485},{"@type":"BreadcrumbList","@id":"https:\/\/www.comau.com\/fr\/competencies\/systems\/solutions\/versaroll\/#breadcrumb","itemListElement":[{"@type":"ListItem","position":1,"name":"Home","item":"https:\/\/www.comau.com\/fr\/"},{"@type":"ListItem","position":2,"name":"Nos comp\u00e9tences","item":"https:\/\/www.comau.com\/fr\/competencies\/"},{"@type":"ListItem","position":3,"name":"Body Assembly","item":"https:\/\/www.comau.com\/fr\/competencies\/body-assembly\/"},{"@type":"ListItem","position":4,"name":"Solutions","item":"https:\/\/www.comau.com\/fr\/competencies\/body-assembly\/solutions\/"},{"@type":"ListItem","position":5,"name":"VersaRoll"}]},{"@type":"WebSite","@id":"https:\/\/www.comau.com\/fr\/#website","url":"https:\/\/www.comau.com\/fr\/","name":"Comau","description":"Industrial automation and robotics","publisher":{"@id":"https:\/\/www.comau.com\/fr\/#organization"},"potentialAction":[{"@type":"SearchAction","target":{"@type":"EntryPoint","urlTemplate":"https:\/\/www.comau.com\/fr\/?s={search_term_string}"},"query-input":{"@type":"PropertyValueSpecification","valueRequired":true,"valueName":"search_term_string"}}],"inLanguage":"fr-FR"},{"@type":"Organization","@id":"https:\/\/www.comau.com\/fr\/#organization","name":"Comau","url":"https:\/\/www.comau.com\/fr\/","logo":{"@type":"ImageObject","inLanguage":"fr-FR","@id":"https:\/\/www.comau.com\/fr\/#\/schema\/logo\/image\/","url":"https:\/\/www.comau.com\/wp-content\/uploads\/2024\/07\/cropped-Logo-COMAU.png","contentUrl":"https:\/\/www.comau.com\/wp-content\/uploads\/2024\/07\/cropped-Logo-COMAU.png","width":434,"height":434,"caption":"Comau"},"image":{"@id":"https:\/\/www.comau.com\/fr\/#\/schema\/logo\/image\/"},"sameAs":["https:\/\/www.facebook.com\/COMAU\/","https:\/\/x.com\/comaugroup","https:\/\/www.instagram.com\/comaugroup\/","https:\/\/www.linkedin.com\/company\/comau","https:\/\/www.youtube.com\/user\/comau"]}]}},"_links":{"self":[{"href":"https:\/\/www.comau.com\/fr\/wp-json\/wp\/v2\/pages\/5053","targetHints":{"allow":["GET"]}}],"collection":[{"href":"https:\/\/www.comau.com\/fr\/wp-json\/wp\/v2\/pages"}],"about":[{"href":"https:\/\/www.comau.com\/fr\/wp-json\/wp\/v2\/types\/page"}],"author":[{"embeddable":true,"href":"https:\/\/www.comau.com\/fr\/wp-json\/wp\/v2\/users\/11"}],"replies":[{"embeddable":true,"href":"https:\/\/www.comau.com\/fr\/wp-json\/wp\/v2\/comments?post=5053"}],"version-history":[{"count":21,"href":"https:\/\/www.comau.com\/fr\/wp-json\/wp\/v2\/pages\/5053\/revisions"}],"predecessor-version":[{"id":41988,"href":"https:\/\/www.comau.com\/fr\/wp-json\/wp\/v2\/pages\/5053\/revisions\/41988"}],"up":[{"embeddable":true,"href":"https:\/\/www.comau.com\/fr\/wp-json\/wp\/v2\/pages\/64924"}],"wp:featuredmedia":[{"embeddable":true,"href":"https:\/\/www.comau.com\/fr\/wp-json\/wp\/v2\/media\/5066"}],"wp:attachment":[{"href":"https:\/\/www.comau.com\/fr\/wp-json\/wp\/v2\/media?parent=5053"}],"curies":[{"name":"wp","href":"https:\/\/api.w.org\/{rel}","templated":true}]}}