{"id":5044,"date":"2021-06-07T15:59:13","date_gmt":"2021-06-07T13:59:13","guid":{"rendered":"https:\/\/www.comau.com\/?page_id=5044"},"modified":"2022-02-07T12:32:19","modified_gmt":"2022-02-07T11:32:19","slug":"open-robogate","status":"publish","type":"page","link":"https:\/\/www.comau.com\/fr\/competencies\/systems\/solutions\/open-robogate\/","title":{"rendered":"Open RoboGate"},"content":{"rendered":"\n<p>OpenRobogate\u00ae est une structure r\u00e9sistante pr\u00e9sentant une haute r\u00e9p\u00e9tabilit\u00e9 et modularit\u00e9. La rigidit\u00e9 de la structure et une force de fermeture \u00e9lev\u00e9e (dans le sens de l&rsquo;axe \u00ab Y \u00bb) garantissent une haute r\u00e9p\u00e9tabilit\u00e9. La modularit\u00e9 pour l&rsquo;introduction de nouveaux mod\u00e8les garantit l&rsquo;adaptabilit\u00e9 de l&rsquo;investissement (encombrement compris).<\/p>\n\n\n\n<div class=\"wp-block-image\"><figure class=\"aligncenter size-large\"><img decoding=\"async\" width=\"1024\" height=\"522\" src=\"https:\/\/www.comau.com\/wp-content\/uploads\/2021\/06\/robogate_1-1024x522.jpg\" alt=\"\" class=\"wp-image-472\" srcset=\"https:\/\/www.comau.com\/wp-content\/uploads\/2021\/06\/robogate_1-1024x522.jpg 1024w, https:\/\/www.comau.com\/wp-content\/uploads\/2021\/06\/robogate_1-300x153.jpg 300w, https:\/\/www.comau.com\/wp-content\/uploads\/2021\/06\/robogate_1-768x391.jpg 768w, https:\/\/www.comau.com\/wp-content\/uploads\/2021\/06\/robogate_1.jpg 1176w\" sizes=\"(max-width: 1024px) 100vw, 1024px\" \/><\/figure><\/div>\n\n\n\n<h2 class=\"wp-block-heading\" id=\"caracteristiques-du-produit\">Caract\u00e9ristiques du produit<\/h2>\n\n\n\n<ul class=\"wp-block-list\"><li>Flexibilit\u00e9 jusqu&rsquo;\u00e0 six mod\u00e8les<\/li><li>Force de fermeture de plus de 50 kN dans le sens de l&rsquo;axe \u00ab Y \u00bb<\/li><li>Haute r\u00e9p\u00e9tabilit\u00e9<\/li><li>Jusqu&rsquo;\u00e0 18 robots de soudage<\/li><li>Jusqu&rsquo;\u00e0 100 soudures par point (60 op\u00e9rations\/heure)<\/li><\/ul>\n\n\n\n<p>Des experts du produit garantissent une assistance en ing\u00e9nierie\/processus pour adapter le produit aux besoins de traitement du client.<\/p>\n\n\n\n<p>Plus de 180 applications partout dans le monde, vendues aux principaux constructeurs automobiles.<\/p>\n\n\n\n<h2 class=\"wp-block-heading\" id=\"open-robogate-s-wl14\">Open RoboGate \u00ab\u00a0S\u00a0\u00bb &#8211; WL14<\/h2>\n\n\n\n<div class=\"wp-block-buttons is-layout-flex wp-block-buttons-is-layout-flex\">\n<div class=\"wp-block-button\"><a class=\"wp-block-button__link\" href=\"https:\/\/www.comau.com\/wp-content\/uploads\/2021\/06\/openRobogate.pdf\" target=\"_blank\" rel=\"noreferrer noopener\">T\u00e9l\u00e9chargements<\/a><\/div>\n<\/div>\n\n\n\n<p><\/p>\n","protected":false},"excerpt":{"rendered":"<p>OpenRobogate\u00ae est une structure r\u00e9sistante pr\u00e9sentant une haute r\u00e9p\u00e9tabilit\u00e9 et modularit\u00e9. La rigidit\u00e9 de la structure et une force de fermeture \u00e9lev\u00e9e (dans le sens de l&rsquo;axe \u00ab Y \u00bb) garantissent une haute r\u00e9p\u00e9tabilit\u00e9. La modularit\u00e9 pour l&rsquo;introduction de nouveaux mod\u00e8les garantit l&rsquo;adaptabilit\u00e9 de l&rsquo;investissement (encombrement compris). Caract\u00e9ristiques du produit Flexibilit\u00e9 jusqu&rsquo;\u00e0 six mod\u00e8les Force [&hellip;]<\/p>\n","protected":false},"author":11,"featured_media":5068,"parent":64924,"menu_order":0,"comment_status":"closed","ping_status":"closed","template":"","meta":{"_acf_changed":false,"ep_exclude_from_search":false,"footnotes":""},"class_list":["post-5044","page","type-page","status-publish","has-post-thumbnail","hentry"],"acf":[],"yoast_head":"<!-- This site is optimized with the Yoast SEO plugin v26.9 - https:\/\/yoast.com\/product\/yoast-seo-wordpress\/ -->\n<title>Open Robogate : automatisation flexible | Comau<\/title>\n<meta name=\"description\" content=\"D\u00e9couvrez Open Robogate\u00a0: une structure solide \u00e0 haute r\u00e9p\u00e9tabilit\u00e9 et modularit\u00e9 qui g\u00e8re jusqu&#039;\u00e0 18 robots de soudage.\" \/>\n<meta name=\"robots\" content=\"index, follow, max-snippet:-1, max-image-preview:large, max-video-preview:-1\" \/>\n<link rel=\"canonical\" href=\"https:\/\/www.comau.com\/fr\/competencies\/systems\/solutions\/open-robogate\/\" \/>\n<meta property=\"og:locale\" content=\"fr_FR\" \/>\n<meta property=\"og:type\" content=\"article\" \/>\n<meta property=\"og:title\" content=\"Open Robogate : automatisation flexible | Comau\" \/>\n<meta property=\"og:description\" content=\"D\u00e9couvrez Open Robogate\u00a0: une structure solide \u00e0 haute r\u00e9p\u00e9tabilit\u00e9 et modularit\u00e9 qui g\u00e8re jusqu&#039;\u00e0 18 robots de soudage.\" \/>\n<meta property=\"og:url\" content=\"https:\/\/www.comau.com\/fr\/competencies\/systems\/solutions\/open-robogate\/\" \/>\n<meta property=\"og:site_name\" content=\"Comau\" \/>\n<meta property=\"article:publisher\" content=\"https:\/\/www.facebook.com\/COMAU\/\" \/>\n<meta property=\"article:modified_time\" content=\"2022-02-07T11:32:19+00:00\" \/>\n<meta property=\"og:image\" content=\"https:\/\/www.comau.com\/wp-content\/uploads\/2021\/06\/ComauFlex_header.jpg\" \/>\n\t<meta property=\"og:image:width\" content=\"1280\" \/>\n\t<meta property=\"og:image:height\" content=\"485\" \/>\n\t<meta property=\"og:image:type\" content=\"image\/jpeg\" \/>\n<meta name=\"twitter:card\" content=\"summary_large_image\" \/>\n<meta name=\"twitter:site\" content=\"@comaugroup\" \/>\n<meta name=\"twitter:label1\" content=\"Dur\u00e9e de lecture estim\u00e9e\" \/>\n\t<meta name=\"twitter:data1\" content=\"1 minute\" \/>\n<script type=\"application\/ld+json\" class=\"yoast-schema-graph\">{\"@context\":\"https:\/\/schema.org\",\"@graph\":[{\"@type\":\"WebPage\",\"@id\":\"https:\/\/www.comau.com\/fr\/competencies\/systems\/solutions\/open-robogate\/\",\"url\":\"https:\/\/www.comau.com\/fr\/competencies\/systems\/solutions\/open-robogate\/\",\"name\":\"Open Robogate : automatisation flexible | Comau\",\"isPartOf\":{\"@id\":\"https:\/\/www.comau.com\/fr\/#website\"},\"primaryImageOfPage\":{\"@id\":\"https:\/\/www.comau.com\/fr\/competencies\/systems\/solutions\/open-robogate\/#primaryimage\"},\"image\":{\"@id\":\"https:\/\/www.comau.com\/fr\/competencies\/systems\/solutions\/open-robogate\/#primaryimage\"},\"thumbnailUrl\":\"https:\/\/www.comau.com\/wp-content\/uploads\/2021\/06\/ComauFlex_header.jpg\",\"datePublished\":\"2021-06-07T13:59:13+00:00\",\"dateModified\":\"2022-02-07T11:32:19+00:00\",\"description\":\"D\u00e9couvrez Open Robogate\u00a0: une structure solide \u00e0 haute r\u00e9p\u00e9tabilit\u00e9 et modularit\u00e9 qui g\u00e8re jusqu'\u00e0 18 robots de soudage.\",\"breadcrumb\":{\"@id\":\"https:\/\/www.comau.com\/fr\/competencies\/systems\/solutions\/open-robogate\/#breadcrumb\"},\"inLanguage\":\"fr-FR\",\"potentialAction\":[{\"@type\":\"ReadAction\",\"target\":[\"https:\/\/www.comau.com\/fr\/competencies\/systems\/solutions\/open-robogate\/\"]}]},{\"@type\":\"ImageObject\",\"inLanguage\":\"fr-FR\",\"@id\":\"https:\/\/www.comau.com\/fr\/competencies\/systems\/solutions\/open-robogate\/#primaryimage\",\"url\":\"https:\/\/www.comau.com\/wp-content\/uploads\/2021\/06\/ComauFlex_header.jpg\",\"contentUrl\":\"https:\/\/www.comau.com\/wp-content\/uploads\/2021\/06\/ComauFlex_header.jpg\",\"width\":1280,\"height\":485},{\"@type\":\"BreadcrumbList\",\"@id\":\"https:\/\/www.comau.com\/fr\/competencies\/systems\/solutions\/open-robogate\/#breadcrumb\",\"itemListElement\":[{\"@type\":\"ListItem\",\"position\":1,\"name\":\"Home\",\"item\":\"https:\/\/www.comau.com\/fr\/\"},{\"@type\":\"ListItem\",\"position\":2,\"name\":\"Nos comp\u00e9tences\",\"item\":\"https:\/\/www.comau.com\/fr\/competencies\/\"},{\"@type\":\"ListItem\",\"position\":3,\"name\":\"Body Assembly\",\"item\":\"https:\/\/www.comau.com\/fr\/competencies\/body-assembly\/\"},{\"@type\":\"ListItem\",\"position\":4,\"name\":\"Solutions\",\"item\":\"https:\/\/www.comau.com\/fr\/competencies\/body-assembly\/solutions\/\"},{\"@type\":\"ListItem\",\"position\":5,\"name\":\"Open RoboGate\"}]},{\"@type\":\"WebSite\",\"@id\":\"https:\/\/www.comau.com\/fr\/#website\",\"url\":\"https:\/\/www.comau.com\/fr\/\",\"name\":\"Comau\",\"description\":\"Industrial automation and robotics\",\"publisher\":{\"@id\":\"https:\/\/www.comau.com\/fr\/#organization\"},\"potentialAction\":[{\"@type\":\"SearchAction\",\"target\":{\"@type\":\"EntryPoint\",\"urlTemplate\":\"https:\/\/www.comau.com\/fr\/?s={search_term_string}\"},\"query-input\":{\"@type\":\"PropertyValueSpecification\",\"valueRequired\":true,\"valueName\":\"search_term_string\"}}],\"inLanguage\":\"fr-FR\"},{\"@type\":\"Organization\",\"@id\":\"https:\/\/www.comau.com\/fr\/#organization\",\"name\":\"Comau\",\"url\":\"https:\/\/www.comau.com\/fr\/\",\"logo\":{\"@type\":\"ImageObject\",\"inLanguage\":\"fr-FR\",\"@id\":\"https:\/\/www.comau.com\/fr\/#\/schema\/logo\/image\/\",\"url\":\"https:\/\/www.comau.com\/wp-content\/uploads\/2024\/07\/cropped-Logo-COMAU.png\",\"contentUrl\":\"https:\/\/www.comau.com\/wp-content\/uploads\/2024\/07\/cropped-Logo-COMAU.png\",\"width\":434,\"height\":434,\"caption\":\"Comau\"},\"image\":{\"@id\":\"https:\/\/www.comau.com\/fr\/#\/schema\/logo\/image\/\"},\"sameAs\":[\"https:\/\/www.facebook.com\/COMAU\/\",\"https:\/\/x.com\/comaugroup\",\"https:\/\/www.instagram.com\/comaugroup\/\",\"https:\/\/www.linkedin.com\/company\/comau\",\"https:\/\/www.youtube.com\/user\/comau\"]}]}<\/script>\n<!-- \/ Yoast SEO plugin. -->","yoast_head_json":{"title":"Open Robogate : automatisation flexible | Comau","description":"D\u00e9couvrez Open Robogate\u00a0: une structure solide \u00e0 haute r\u00e9p\u00e9tabilit\u00e9 et modularit\u00e9 qui g\u00e8re jusqu'\u00e0 18 robots de soudage.","robots":{"index":"index","follow":"follow","max-snippet":"max-snippet:-1","max-image-preview":"max-image-preview:large","max-video-preview":"max-video-preview:-1"},"canonical":"https:\/\/www.comau.com\/fr\/competencies\/systems\/solutions\/open-robogate\/","og_locale":"fr_FR","og_type":"article","og_title":"Open Robogate : automatisation flexible | Comau","og_description":"D\u00e9couvrez Open Robogate\u00a0: une structure solide \u00e0 haute r\u00e9p\u00e9tabilit\u00e9 et modularit\u00e9 qui g\u00e8re jusqu'\u00e0 18 robots de soudage.","og_url":"https:\/\/www.comau.com\/fr\/competencies\/systems\/solutions\/open-robogate\/","og_site_name":"Comau","article_publisher":"https:\/\/www.facebook.com\/COMAU\/","article_modified_time":"2022-02-07T11:32:19+00:00","og_image":[{"width":1280,"height":485,"url":"https:\/\/www.comau.com\/wp-content\/uploads\/2021\/06\/ComauFlex_header.jpg","type":"image\/jpeg"}],"twitter_card":"summary_large_image","twitter_site":"@comaugroup","twitter_misc":{"Dur\u00e9e de lecture estim\u00e9e":"1 minute"},"schema":{"@context":"https:\/\/schema.org","@graph":[{"@type":"WebPage","@id":"https:\/\/www.comau.com\/fr\/competencies\/systems\/solutions\/open-robogate\/","url":"https:\/\/www.comau.com\/fr\/competencies\/systems\/solutions\/open-robogate\/","name":"Open Robogate : automatisation flexible | Comau","isPartOf":{"@id":"https:\/\/www.comau.com\/fr\/#website"},"primaryImageOfPage":{"@id":"https:\/\/www.comau.com\/fr\/competencies\/systems\/solutions\/open-robogate\/#primaryimage"},"image":{"@id":"https:\/\/www.comau.com\/fr\/competencies\/systems\/solutions\/open-robogate\/#primaryimage"},"thumbnailUrl":"https:\/\/www.comau.com\/wp-content\/uploads\/2021\/06\/ComauFlex_header.jpg","datePublished":"2021-06-07T13:59:13+00:00","dateModified":"2022-02-07T11:32:19+00:00","description":"D\u00e9couvrez Open Robogate\u00a0: une structure solide \u00e0 haute r\u00e9p\u00e9tabilit\u00e9 et modularit\u00e9 qui g\u00e8re jusqu'\u00e0 18 robots de soudage.","breadcrumb":{"@id":"https:\/\/www.comau.com\/fr\/competencies\/systems\/solutions\/open-robogate\/#breadcrumb"},"inLanguage":"fr-FR","potentialAction":[{"@type":"ReadAction","target":["https:\/\/www.comau.com\/fr\/competencies\/systems\/solutions\/open-robogate\/"]}]},{"@type":"ImageObject","inLanguage":"fr-FR","@id":"https:\/\/www.comau.com\/fr\/competencies\/systems\/solutions\/open-robogate\/#primaryimage","url":"https:\/\/www.comau.com\/wp-content\/uploads\/2021\/06\/ComauFlex_header.jpg","contentUrl":"https:\/\/www.comau.com\/wp-content\/uploads\/2021\/06\/ComauFlex_header.jpg","width":1280,"height":485},{"@type":"BreadcrumbList","@id":"https:\/\/www.comau.com\/fr\/competencies\/systems\/solutions\/open-robogate\/#breadcrumb","itemListElement":[{"@type":"ListItem","position":1,"name":"Home","item":"https:\/\/www.comau.com\/fr\/"},{"@type":"ListItem","position":2,"name":"Nos comp\u00e9tences","item":"https:\/\/www.comau.com\/fr\/competencies\/"},{"@type":"ListItem","position":3,"name":"Body Assembly","item":"https:\/\/www.comau.com\/fr\/competencies\/body-assembly\/"},{"@type":"ListItem","position":4,"name":"Solutions","item":"https:\/\/www.comau.com\/fr\/competencies\/body-assembly\/solutions\/"},{"@type":"ListItem","position":5,"name":"Open RoboGate"}]},{"@type":"WebSite","@id":"https:\/\/www.comau.com\/fr\/#website","url":"https:\/\/www.comau.com\/fr\/","name":"Comau","description":"Industrial automation and robotics","publisher":{"@id":"https:\/\/www.comau.com\/fr\/#organization"},"potentialAction":[{"@type":"SearchAction","target":{"@type":"EntryPoint","urlTemplate":"https:\/\/www.comau.com\/fr\/?s={search_term_string}"},"query-input":{"@type":"PropertyValueSpecification","valueRequired":true,"valueName":"search_term_string"}}],"inLanguage":"fr-FR"},{"@type":"Organization","@id":"https:\/\/www.comau.com\/fr\/#organization","name":"Comau","url":"https:\/\/www.comau.com\/fr\/","logo":{"@type":"ImageObject","inLanguage":"fr-FR","@id":"https:\/\/www.comau.com\/fr\/#\/schema\/logo\/image\/","url":"https:\/\/www.comau.com\/wp-content\/uploads\/2024\/07\/cropped-Logo-COMAU.png","contentUrl":"https:\/\/www.comau.com\/wp-content\/uploads\/2024\/07\/cropped-Logo-COMAU.png","width":434,"height":434,"caption":"Comau"},"image":{"@id":"https:\/\/www.comau.com\/fr\/#\/schema\/logo\/image\/"},"sameAs":["https:\/\/www.facebook.com\/COMAU\/","https:\/\/x.com\/comaugroup","https:\/\/www.instagram.com\/comaugroup\/","https:\/\/www.linkedin.com\/company\/comau","https:\/\/www.youtube.com\/user\/comau"]}]}},"_links":{"self":[{"href":"https:\/\/www.comau.com\/fr\/wp-json\/wp\/v2\/pages\/5044","targetHints":{"allow":["GET"]}}],"collection":[{"href":"https:\/\/www.comau.com\/fr\/wp-json\/wp\/v2\/pages"}],"about":[{"href":"https:\/\/www.comau.com\/fr\/wp-json\/wp\/v2\/types\/page"}],"author":[{"embeddable":true,"href":"https:\/\/www.comau.com\/fr\/wp-json\/wp\/v2\/users\/11"}],"replies":[{"embeddable":true,"href":"https:\/\/www.comau.com\/fr\/wp-json\/wp\/v2\/comments?post=5044"}],"version-history":[{"count":16,"href":"https:\/\/www.comau.com\/fr\/wp-json\/wp\/v2\/pages\/5044\/revisions"}],"predecessor-version":[{"id":41986,"href":"https:\/\/www.comau.com\/fr\/wp-json\/wp\/v2\/pages\/5044\/revisions\/41986"}],"up":[{"embeddable":true,"href":"https:\/\/www.comau.com\/fr\/wp-json\/wp\/v2\/pages\/64924"}],"wp:featuredmedia":[{"embeddable":true,"href":"https:\/\/www.comau.com\/fr\/wp-json\/wp\/v2\/media\/5068"}],"wp:attachment":[{"href":"https:\/\/www.comau.com\/fr\/wp-json\/wp\/v2\/media?parent=5044"}],"curies":[{"name":"wp","href":"https:\/\/api.w.org\/{rel}","templated":true}]}}