{"id":5038,"date":"2021-06-07T15:44:57","date_gmt":"2021-06-07T13:44:57","guid":{"rendered":"https:\/\/www.comau.com\/?page_id=5038"},"modified":"2022-02-07T12:31:28","modified_gmt":"2022-02-07T11:31:28","slug":"comauflex","status":"publish","type":"page","link":"https:\/\/www.comau.com\/fr\/competencies\/systems\/solutions\/comauflex\/","title":{"rendered":"ComauFlex"},"content":{"rendered":"\n<p>Une fabrication rapide et optimis\u00e9e de tous les v\u00e9hicules, notamment ceux \u00e0 mat\u00e9riaux multiples. <\/p>\n\n\n\n<p>Gr\u00e2ce aux normes de fabrication int\u00e9gr\u00e9es de renomm\u00e9e mondiale, ComauFlex accorde une attention particuli\u00e8re \u00e0 chacun des aspects de la fabrication et de la maintenabilit\u00e9 afin de fournir une strat\u00e9gie technologique innovante et flexible dans l&rsquo;assemblage des caisses en blanc.<\/p>\n\n\n\n<p>La strat\u00e9gie de fabrication globale, flexible et valid\u00e9e en production garantit :<\/p>\n\n\n\n<ul class=\"wp-block-list\"><li>Flexibilit\u00e9 du mod\u00e8le avec un s\u00e9quen\u00e7age de construction al\u00e9atoire<\/li><li>Mat\u00e9riaux et m\u00e9thodes d&rsquo;assemblage divers, associ\u00e9s \u00e0 la flexibilit\u00e9 des volumes<\/li><li>Logistique am\u00e9lior\u00e9e et courant de circulation r\u00e9duit<\/li><li>Consolidation des recrutements directs<\/li><li>Temps de programmation r\u00e9duits<\/li><li>Surface d&rsquo;installation r\u00e9duite<\/li><\/ul>\n\n\n\n<h2 class=\"wp-block-heading\" id=\"fabrication-flexible-pour-un-futur-avec-des-materiaux-mixtes\">Fabrication flexible pour un futur avec des mat\u00e9riaux mixtes<\/h2>\n\n\n\n<div class=\"wp-block-buttons is-layout-flex wp-block-buttons-is-layout-flex\">\n<div class=\"wp-block-button\"><a class=\"wp-block-button__link\" href=\"https:\/\/www.comau.com\/wp-content\/uploads\/2021\/06\/EN_flexiblemanufacturing_comauflex.pdf\" target=\"_blank\" rel=\"noreferrer noopener\">T\u00e9l\u00e9chargements<\/a><\/div>\n<\/div>\n\n\n\n<figure class=\"wp-block-embed is-type-video is-provider-youtube wp-block-embed-youtube wp-embed-aspect-16-9 wp-has-aspect-ratio\"><div class=\"wp-block-embed__wrapper\">\n<iframe title=\"Comau - The ComauFlex Solution 2015\" width=\"640\" height=\"360\" src=\"https:\/\/www.youtube.com\/embed\/CgFDKSgBgs0?feature=oembed\" frameborder=\"0\" allow=\"accelerometer; autoplay; clipboard-write; encrypted-media; gyroscope; picture-in-picture; web-share\" referrerpolicy=\"strict-origin-when-cross-origin\" allowfullscreen><\/iframe>\n<\/div><\/figure>\n","protected":false},"excerpt":{"rendered":"<p>Une fabrication rapide et optimis\u00e9e de tous les v\u00e9hicules, notamment ceux \u00e0 mat\u00e9riaux multiples. Gr\u00e2ce aux normes de fabrication int\u00e9gr\u00e9es de renomm\u00e9e mondiale, ComauFlex accorde une attention particuli\u00e8re \u00e0 chacun des aspects de la fabrication et de la maintenabilit\u00e9 afin de fournir une strat\u00e9gie technologique innovante et flexible dans l&rsquo;assemblage des caisses en blanc. La [&hellip;]<\/p>\n","protected":false},"author":11,"featured_media":5065,"parent":64924,"menu_order":0,"comment_status":"closed","ping_status":"closed","template":"","meta":{"_acf_changed":false,"ep_exclude_from_search":false,"footnotes":""},"class_list":["post-5038","page","type-page","status-publish","has-post-thumbnail","hentry"],"acf":[],"yoast_head":"<!-- This site is optimized with the Yoast SEO plugin v26.9 - https:\/\/yoast.com\/product\/yoast-seo-wordpress\/ -->\n<title>Comauflex : production flexible pour l&#039;industrie | Comau<\/title>\n<meta name=\"description\" content=\"D\u00e9couvrez Comauflex\u00a0: une solution haute vitesse offrant une technologie de montage \u00e9volu\u00e9e pour tous les types de v\u00e9hicules.\" \/>\n<meta name=\"robots\" content=\"index, follow, max-snippet:-1, max-image-preview:large, max-video-preview:-1\" \/>\n<link rel=\"canonical\" href=\"https:\/\/www.comau.com\/fr\/competencies\/systems\/solutions\/comauflex\/\" \/>\n<meta property=\"og:locale\" content=\"fr_FR\" \/>\n<meta property=\"og:type\" content=\"article\" \/>\n<meta property=\"og:title\" content=\"Comauflex : production flexible pour l&#039;industrie | Comau\" \/>\n<meta property=\"og:description\" content=\"D\u00e9couvrez Comauflex\u00a0: une solution haute vitesse offrant une technologie de montage \u00e9volu\u00e9e pour tous les types de v\u00e9hicules.\" \/>\n<meta property=\"og:url\" content=\"https:\/\/www.comau.com\/fr\/competencies\/systems\/solutions\/comauflex\/\" \/>\n<meta property=\"og:site_name\" content=\"Comau\" \/>\n<meta property=\"article:publisher\" content=\"https:\/\/www.facebook.com\/COMAU\/\" \/>\n<meta property=\"article:modified_time\" content=\"2022-02-07T11:31:28+00:00\" \/>\n<meta property=\"og:image\" content=\"https:\/\/www.comau.com\/wp-content\/uploads\/2021\/06\/robogate_header.jpg\" \/>\n\t<meta property=\"og:image:width\" content=\"1280\" \/>\n\t<meta property=\"og:image:height\" content=\"485\" \/>\n\t<meta property=\"og:image:type\" content=\"image\/jpeg\" \/>\n<meta name=\"twitter:card\" content=\"summary_large_image\" \/>\n<meta name=\"twitter:site\" content=\"@comaugroup\" \/>\n<meta name=\"twitter:label1\" content=\"Dur\u00e9e de lecture estim\u00e9e\" \/>\n\t<meta name=\"twitter:data1\" content=\"1 minute\" \/>\n<script type=\"application\/ld+json\" class=\"yoast-schema-graph\">{\"@context\":\"https:\/\/schema.org\",\"@graph\":[{\"@type\":\"WebPage\",\"@id\":\"https:\/\/www.comau.com\/fr\/competencies\/systems\/solutions\/comauflex\/\",\"url\":\"https:\/\/www.comau.com\/fr\/competencies\/systems\/solutions\/comauflex\/\",\"name\":\"Comauflex : production flexible pour l'industrie | Comau\",\"isPartOf\":{\"@id\":\"https:\/\/www.comau.com\/fr\/#website\"},\"primaryImageOfPage\":{\"@id\":\"https:\/\/www.comau.com\/fr\/competencies\/systems\/solutions\/comauflex\/#primaryimage\"},\"image\":{\"@id\":\"https:\/\/www.comau.com\/fr\/competencies\/systems\/solutions\/comauflex\/#primaryimage\"},\"thumbnailUrl\":\"https:\/\/www.comau.com\/wp-content\/uploads\/2021\/06\/robogate_header.jpg\",\"datePublished\":\"2021-06-07T13:44:57+00:00\",\"dateModified\":\"2022-02-07T11:31:28+00:00\",\"description\":\"D\u00e9couvrez Comauflex\u00a0: une solution haute vitesse offrant une technologie de montage \u00e9volu\u00e9e pour tous les types de v\u00e9hicules.\",\"breadcrumb\":{\"@id\":\"https:\/\/www.comau.com\/fr\/competencies\/systems\/solutions\/comauflex\/#breadcrumb\"},\"inLanguage\":\"fr-FR\",\"potentialAction\":[{\"@type\":\"ReadAction\",\"target\":[\"https:\/\/www.comau.com\/fr\/competencies\/systems\/solutions\/comauflex\/\"]}]},{\"@type\":\"ImageObject\",\"inLanguage\":\"fr-FR\",\"@id\":\"https:\/\/www.comau.com\/fr\/competencies\/systems\/solutions\/comauflex\/#primaryimage\",\"url\":\"https:\/\/www.comau.com\/wp-content\/uploads\/2021\/06\/robogate_header.jpg\",\"contentUrl\":\"https:\/\/www.comau.com\/wp-content\/uploads\/2021\/06\/robogate_header.jpg\",\"width\":1280,\"height\":485},{\"@type\":\"BreadcrumbList\",\"@id\":\"https:\/\/www.comau.com\/fr\/competencies\/systems\/solutions\/comauflex\/#breadcrumb\",\"itemListElement\":[{\"@type\":\"ListItem\",\"position\":1,\"name\":\"Home\",\"item\":\"https:\/\/www.comau.com\/fr\/\"},{\"@type\":\"ListItem\",\"position\":2,\"name\":\"Nos comp\u00e9tences\",\"item\":\"https:\/\/www.comau.com\/fr\/competencies\/\"},{\"@type\":\"ListItem\",\"position\":3,\"name\":\"Body Assembly\",\"item\":\"https:\/\/www.comau.com\/fr\/competencies\/body-assembly\/\"},{\"@type\":\"ListItem\",\"position\":4,\"name\":\"Solutions\",\"item\":\"https:\/\/www.comau.com\/fr\/competencies\/body-assembly\/solutions\/\"},{\"@type\":\"ListItem\",\"position\":5,\"name\":\"ComauFlex\"}]},{\"@type\":\"WebSite\",\"@id\":\"https:\/\/www.comau.com\/fr\/#website\",\"url\":\"https:\/\/www.comau.com\/fr\/\",\"name\":\"Comau\",\"description\":\"Industrial automation and robotics\",\"publisher\":{\"@id\":\"https:\/\/www.comau.com\/fr\/#organization\"},\"potentialAction\":[{\"@type\":\"SearchAction\",\"target\":{\"@type\":\"EntryPoint\",\"urlTemplate\":\"https:\/\/www.comau.com\/fr\/?s={search_term_string}\"},\"query-input\":{\"@type\":\"PropertyValueSpecification\",\"valueRequired\":true,\"valueName\":\"search_term_string\"}}],\"inLanguage\":\"fr-FR\"},{\"@type\":\"Organization\",\"@id\":\"https:\/\/www.comau.com\/fr\/#organization\",\"name\":\"Comau\",\"url\":\"https:\/\/www.comau.com\/fr\/\",\"logo\":{\"@type\":\"ImageObject\",\"inLanguage\":\"fr-FR\",\"@id\":\"https:\/\/www.comau.com\/fr\/#\/schema\/logo\/image\/\",\"url\":\"https:\/\/www.comau.com\/wp-content\/uploads\/2024\/07\/cropped-Logo-COMAU.png\",\"contentUrl\":\"https:\/\/www.comau.com\/wp-content\/uploads\/2024\/07\/cropped-Logo-COMAU.png\",\"width\":434,\"height\":434,\"caption\":\"Comau\"},\"image\":{\"@id\":\"https:\/\/www.comau.com\/fr\/#\/schema\/logo\/image\/\"},\"sameAs\":[\"https:\/\/www.facebook.com\/COMAU\/\",\"https:\/\/x.com\/comaugroup\",\"https:\/\/www.instagram.com\/comaugroup\/\",\"https:\/\/www.linkedin.com\/company\/comau\",\"https:\/\/www.youtube.com\/user\/comau\"]}]}<\/script>\n<!-- \/ Yoast SEO plugin. -->","yoast_head_json":{"title":"Comauflex : production flexible pour l'industrie | Comau","description":"D\u00e9couvrez Comauflex\u00a0: une solution haute vitesse offrant une technologie de montage \u00e9volu\u00e9e pour tous les types de v\u00e9hicules.","robots":{"index":"index","follow":"follow","max-snippet":"max-snippet:-1","max-image-preview":"max-image-preview:large","max-video-preview":"max-video-preview:-1"},"canonical":"https:\/\/www.comau.com\/fr\/competencies\/systems\/solutions\/comauflex\/","og_locale":"fr_FR","og_type":"article","og_title":"Comauflex : production flexible pour l'industrie | Comau","og_description":"D\u00e9couvrez Comauflex\u00a0: une solution haute vitesse offrant une technologie de montage \u00e9volu\u00e9e pour tous les types de v\u00e9hicules.","og_url":"https:\/\/www.comau.com\/fr\/competencies\/systems\/solutions\/comauflex\/","og_site_name":"Comau","article_publisher":"https:\/\/www.facebook.com\/COMAU\/","article_modified_time":"2022-02-07T11:31:28+00:00","og_image":[{"width":1280,"height":485,"url":"https:\/\/www.comau.com\/wp-content\/uploads\/2021\/06\/robogate_header.jpg","type":"image\/jpeg"}],"twitter_card":"summary_large_image","twitter_site":"@comaugroup","twitter_misc":{"Dur\u00e9e de lecture estim\u00e9e":"1 minute"},"schema":{"@context":"https:\/\/schema.org","@graph":[{"@type":"WebPage","@id":"https:\/\/www.comau.com\/fr\/competencies\/systems\/solutions\/comauflex\/","url":"https:\/\/www.comau.com\/fr\/competencies\/systems\/solutions\/comauflex\/","name":"Comauflex : production flexible pour l'industrie | Comau","isPartOf":{"@id":"https:\/\/www.comau.com\/fr\/#website"},"primaryImageOfPage":{"@id":"https:\/\/www.comau.com\/fr\/competencies\/systems\/solutions\/comauflex\/#primaryimage"},"image":{"@id":"https:\/\/www.comau.com\/fr\/competencies\/systems\/solutions\/comauflex\/#primaryimage"},"thumbnailUrl":"https:\/\/www.comau.com\/wp-content\/uploads\/2021\/06\/robogate_header.jpg","datePublished":"2021-06-07T13:44:57+00:00","dateModified":"2022-02-07T11:31:28+00:00","description":"D\u00e9couvrez Comauflex\u00a0: une solution haute vitesse offrant une technologie de montage \u00e9volu\u00e9e pour tous les types de v\u00e9hicules.","breadcrumb":{"@id":"https:\/\/www.comau.com\/fr\/competencies\/systems\/solutions\/comauflex\/#breadcrumb"},"inLanguage":"fr-FR","potentialAction":[{"@type":"ReadAction","target":["https:\/\/www.comau.com\/fr\/competencies\/systems\/solutions\/comauflex\/"]}]},{"@type":"ImageObject","inLanguage":"fr-FR","@id":"https:\/\/www.comau.com\/fr\/competencies\/systems\/solutions\/comauflex\/#primaryimage","url":"https:\/\/www.comau.com\/wp-content\/uploads\/2021\/06\/robogate_header.jpg","contentUrl":"https:\/\/www.comau.com\/wp-content\/uploads\/2021\/06\/robogate_header.jpg","width":1280,"height":485},{"@type":"BreadcrumbList","@id":"https:\/\/www.comau.com\/fr\/competencies\/systems\/solutions\/comauflex\/#breadcrumb","itemListElement":[{"@type":"ListItem","position":1,"name":"Home","item":"https:\/\/www.comau.com\/fr\/"},{"@type":"ListItem","position":2,"name":"Nos comp\u00e9tences","item":"https:\/\/www.comau.com\/fr\/competencies\/"},{"@type":"ListItem","position":3,"name":"Body Assembly","item":"https:\/\/www.comau.com\/fr\/competencies\/body-assembly\/"},{"@type":"ListItem","position":4,"name":"Solutions","item":"https:\/\/www.comau.com\/fr\/competencies\/body-assembly\/solutions\/"},{"@type":"ListItem","position":5,"name":"ComauFlex"}]},{"@type":"WebSite","@id":"https:\/\/www.comau.com\/fr\/#website","url":"https:\/\/www.comau.com\/fr\/","name":"Comau","description":"Industrial automation and robotics","publisher":{"@id":"https:\/\/www.comau.com\/fr\/#organization"},"potentialAction":[{"@type":"SearchAction","target":{"@type":"EntryPoint","urlTemplate":"https:\/\/www.comau.com\/fr\/?s={search_term_string}"},"query-input":{"@type":"PropertyValueSpecification","valueRequired":true,"valueName":"search_term_string"}}],"inLanguage":"fr-FR"},{"@type":"Organization","@id":"https:\/\/www.comau.com\/fr\/#organization","name":"Comau","url":"https:\/\/www.comau.com\/fr\/","logo":{"@type":"ImageObject","inLanguage":"fr-FR","@id":"https:\/\/www.comau.com\/fr\/#\/schema\/logo\/image\/","url":"https:\/\/www.comau.com\/wp-content\/uploads\/2024\/07\/cropped-Logo-COMAU.png","contentUrl":"https:\/\/www.comau.com\/wp-content\/uploads\/2024\/07\/cropped-Logo-COMAU.png","width":434,"height":434,"caption":"Comau"},"image":{"@id":"https:\/\/www.comau.com\/fr\/#\/schema\/logo\/image\/"},"sameAs":["https:\/\/www.facebook.com\/COMAU\/","https:\/\/x.com\/comaugroup","https:\/\/www.instagram.com\/comaugroup\/","https:\/\/www.linkedin.com\/company\/comau","https:\/\/www.youtube.com\/user\/comau"]}]}},"_links":{"self":[{"href":"https:\/\/www.comau.com\/fr\/wp-json\/wp\/v2\/pages\/5038","targetHints":{"allow":["GET"]}}],"collection":[{"href":"https:\/\/www.comau.com\/fr\/wp-json\/wp\/v2\/pages"}],"about":[{"href":"https:\/\/www.comau.com\/fr\/wp-json\/wp\/v2\/types\/page"}],"author":[{"embeddable":true,"href":"https:\/\/www.comau.com\/fr\/wp-json\/wp\/v2\/users\/11"}],"replies":[{"embeddable":true,"href":"https:\/\/www.comau.com\/fr\/wp-json\/wp\/v2\/comments?post=5038"}],"version-history":[{"count":16,"href":"https:\/\/www.comau.com\/fr\/wp-json\/wp\/v2\/pages\/5038\/revisions"}],"predecessor-version":[{"id":41984,"href":"https:\/\/www.comau.com\/fr\/wp-json\/wp\/v2\/pages\/5038\/revisions\/41984"}],"up":[{"embeddable":true,"href":"https:\/\/www.comau.com\/fr\/wp-json\/wp\/v2\/pages\/64924"}],"wp:featuredmedia":[{"embeddable":true,"href":"https:\/\/www.comau.com\/fr\/wp-json\/wp\/v2\/media\/5065"}],"wp:attachment":[{"href":"https:\/\/www.comau.com\/fr\/wp-json\/wp\/v2\/media?parent=5038"}],"curies":[{"name":"wp","href":"https:\/\/api.w.org\/{rel}","templated":true}]}}