{"id":5033,"date":"2021-07-01T01:01:13","date_gmt":"2021-06-30T23:01:13","guid":{"rendered":"https:\/\/www.comau.com\/?page_id=5033"},"modified":"2022-02-07T12:31:08","modified_gmt":"2022-02-07T11:31:08","slug":"solutions","status":"publish","type":"page","link":"https:\/\/www.comau.com\/fr\/competencies\/body-assembly\/solutions\/","title":{"rendered":"Solutions"},"content":{"rendered":"\n<p>En cr\u00e9ant des syst\u00e8mes qui fournissent des r\u00e9sultats fondamentaux en termes de productivit\u00e9, de qualit\u00e9, de logistique et d\u2019int\u00e9gration globale, nous poursuivons l\u2019innovation.<\/p>\n\n\n\n<p>Nous partageons les m\u00eames objectifs que les constructeurs automobiles et d\u2019autres industries :<\/p>\n\n\n\n<ul class=\"wp-block-list\"><li>Accro\u00eetre la comp\u00e9titivit\u00e9<\/li><li>Am\u00e9liorer les processus de production, les rendre plus efficaces<\/li><li>Accro\u00eetre la productivit\u00e9 et la flexibilit\u00e9 tout en respectant les normes de s\u00e9curit\u00e9 et de qualit\u00e9<\/li><\/ul>\n\n\n\n<p>Notre culture d\u2019application de l\u2019automatisation pour optimiser et transformer les processus d\u2019ing\u00e9nierie et de production, c\u2019est ce qui nous diff\u00e9rentie. Qu\u2019il s\u2019agisse d\u2019am\u00e9liorer vos installations existantes ou d\u2019en cr\u00e9er de nouvelles, nous orientons votre activit\u00e9 vers l\u2019avenir. <\/p>\n\n\n\n<div class=\"wp-block-columns columns-bg-dark is-layout-flex wp-container-core-columns-is-layout-9d6595d7 wp-block-columns-is-layout-flex\">\n<div class=\"wp-block-column is-layout-flow wp-block-column-is-layout-flow\">\n<h3 class=\"wp-block-heading\" id=\"innovations-dans-l-assemblage-de-carrosserie\">Innovations dans l&rsquo;assemblage de carrosserie<\/h3>\n\n\n\n<p>Gr\u00e2ce \u00e0 une expertise de march\u00e9 sans pareil et un r\u00e9seau technologique v\u00e9ritablement mondial, Comau d\u00e9veloppe, teste et d\u00e9ploie en permanence des solutions de fabrication et d&rsquo;assemblage de pointe qui traitent les changements dynamiques survenant sur le march\u00e9. De la construction flexible et rapide d&rsquo;un v\u00e9hicule, notamment ceux incluant des mat\u00e9riaux multiples, \u00e0 l&rsquo;utilisation de techniques de simulation qui r\u00e9duisent les temps de programmation, vous pouvez compter sur l&rsquo;innovation de Comau pour accro\u00eetre \u00e0 la fois votre productivit\u00e9 et la qualit\u00e9.<\/p>\n<\/div>\n\n\n\n<div class=\"wp-block-column is-layout-flow wp-block-column-is-layout-flow\">\n<h3 class=\"wp-block-heading\" id=\"nos-solutions-repondent-aux-besoins-des-clients\">Nos solutions r\u00e9pondent aux besoins des clients<\/h3>\n\n\n\n<p>Des solutions personnalis\u00e9es innovantes sont les outils qui contribuent au succ\u00e8s de nos clients et constituent un facteur crucial dans la conception, la fabrication et le lancement de nouvelles lignes de v\u00e9hicules. C&rsquo;est pourquoi nous collaborons \u00e9troitement avec chacun de nos clients pour d\u00e9velopper des solutions innovantes qui r\u00e9pondent \u00e0 des besoins de production sp\u00e9cifiques et sont support\u00e9es par un r\u00e9seau technologique v\u00e9ritablement mondial. De la planification du projet \u00e0 la formation des op\u00e9rateurs et au lancement&#8230; ce niveau d&rsquo;int\u00e9gration nous permet de simplifier les processus de production tout en accroissant la productivit\u00e9 et la qualit\u00e9.<\/p>\n<\/div>\n\n\n\n<div class=\"wp-block-column is-layout-flow wp-block-column-is-layout-flow\">\n<h3 class=\"wp-block-heading\" id=\"des-systemes-d-assemblage-et-de-transport-efficaces\">Des syst\u00e8mes d&rsquo;assemblage et de transport efficaces<\/h3>\n\n\n\n<p>Concernant l&rsquo;automatisation intelligente, les performances de vos lignes sont largement affect\u00e9es par l&rsquo;efficacit\u00e9 de l&rsquo;architecture de transfert sous-jacente. Pour garantir la s\u00e9curit\u00e9 et la flexibilit\u00e9 lorsque les caisses se d\u00e9placent entre les stations, le convoyeur de palettes de Comau, un transfert rapide en ligne, et les syst\u00e8mes d&rsquo;assemblage asservis sont con\u00e7us pour associer une haute pr\u00e9cision avec les performances et la configurabilit\u00e9. De plus, le transfert rapide et sans \u00e0-coups aide \u00e0 r\u00e9duire le temps sans valeur ajout\u00e9e dans vos processus principaux et de sous-assemblage.<\/p>\n<\/div>\n<\/div>\n\n\n\n<h2 class=\"wp-block-heading\" id=\"nos-solutions\">Nos solutions <\/h2>\n\n\n\n<div class=\"wp-block-columns is-layout-flex wp-container-core-columns-is-layout-9d6595d7 wp-block-columns-is-layout-flex\">\n<div class=\"wp-block-column is-layout-flow wp-block-column-is-layout-flow\">\n<div class=\"wp-block-getwid-image-box has-text-left has-mobile-layout-default has-mobile-alignment-default\"><div class=\"wp-block-getwid-image-box__image-container is-position-top\"><a href=\"https:\/\/www.comau.com\/en\/our-offer\/systems\/body-in-white-manufacturing\/comauflex\/\" class=\"wp-block-getwid-image-box__image-wrapper\"><img decoding=\"async\" width=\"1280\" height=\"485\" src=\"https:\/\/www.comau.com\/wp-content\/uploads\/2021\/06\/robogate_header.jpg\" alt=\"\" class=\"wp-block-getwid-image-box__image wp-image-433\" srcset=\"https:\/\/www.comau.com\/wp-content\/uploads\/2021\/06\/robogate_header.jpg 1280w, https:\/\/www.comau.com\/wp-content\/uploads\/2021\/06\/robogate_header-300x114.jpg 300w, https:\/\/www.comau.com\/wp-content\/uploads\/2021\/06\/robogate_header-1024x388.jpg 1024w, https:\/\/www.comau.com\/wp-content\/uploads\/2021\/06\/robogate_header-768x291.jpg 768w\" sizes=\"(max-width: 1280px) 100vw, 1280px\" \/><\/a><\/div><div class=\"wp-block-getwid-image-box__content\">\n<h3 class=\"wp-block-heading\">ComauFlex<\/h3>\n\n\n\n<p>D\u00e9velopp\u00e9e pour optimiser la construction rapide de v\u00e9hicules, notamment des v\u00e9hicules \u00e0 mat\u00e9riaux multiples, cette strat\u00e9gie flexible et valid\u00e9e en production r\u00e9pond parfaitement aux exigences du march\u00e9 primaire demand\u00e9es par les constructeurs automobiles actuels : flexibilit\u00e9 op\u00e9rationnelle, exigences en installations minimales, volumes \u00e9lev\u00e9s et mod\u00e8les multiples, ainsi que la possibilit\u00e9 d&rsquo;utiliser des technologies d&rsquo;assemblage des mat\u00e9riaux innovantes.<\/p>\n<\/div><\/div>\n<\/div>\n\n\n\n<div class=\"wp-block-column is-layout-flow wp-block-column-is-layout-flow\">\n<div class=\"wp-block-getwid-image-box has-text-left has-mobile-layout-default has-mobile-alignment-default\"><div class=\"wp-block-getwid-image-box__image-container is-position-top\"><a href=\"https:\/\/www.comau.com\/en\/our-offer\/systems\/body-in-white-manufacturing\/open-robogate\/\" class=\"wp-block-getwid-image-box__image-wrapper\"><img decoding=\"async\" width=\"1280\" height=\"485\" src=\"https:\/\/www.comau.com\/wp-content\/uploads\/2021\/06\/ComauFlex_header.jpg\" alt=\"\" class=\"wp-block-getwid-image-box__image wp-image-452\" srcset=\"https:\/\/www.comau.com\/wp-content\/uploads\/2021\/06\/ComauFlex_header.jpg 1280w, https:\/\/www.comau.com\/wp-content\/uploads\/2021\/06\/ComauFlex_header-300x114.jpg 300w, https:\/\/www.comau.com\/wp-content\/uploads\/2021\/06\/ComauFlex_header-1024x388.jpg 1024w, https:\/\/www.comau.com\/wp-content\/uploads\/2021\/06\/ComauFlex_header-768x291.jpg 768w\" sizes=\"(max-width: 1280px) 100vw, 1280px\" \/><\/a><\/div><div class=\"wp-block-getwid-image-box__content\">\n<h3 class=\"wp-block-heading\">Open RoboGate<\/h3>\n\n\n\n<p>Modulaire, flexible et extensible, Open RoboGate peut g\u00e9rer jusqu&rsquo;\u00e0 18 robots et 6 portes de cadre pour des op\u00e9rations \u00e0 vitesse et densit\u00e9 \u00e9lev\u00e9es. Et gr\u00e2ce \u00e0 l&rsquo;utilisation de robots invers\u00e9s mont\u00e9s en hauteur, il peut r\u00e9duire la surface globale du syst\u00e8me de production tout en permettant un volume d&rsquo;assemblage sup\u00e9rieur dans chaque station.<\/p>\n<\/div><\/div>\n<\/div>\n<\/div>\n\n\n\n<div class=\"wp-block-columns is-layout-flex wp-container-core-columns-is-layout-9d6595d7 wp-block-columns-is-layout-flex\">\n<div class=\"wp-block-column is-layout-flow wp-block-column-is-layout-flow\">\n<div class=\"wp-block-getwid-image-box has-text-left has-mobile-layout-default has-mobile-alignment-default\"><div class=\"wp-block-getwid-image-box__image-container is-position-top\"><a href=\"https:\/\/www.comau.com\/en\/our-offer\/systems\/body-in-white-manufacturing\/versapallet\/\" class=\"wp-block-getwid-image-box__image-wrapper\"><img decoding=\"async\" width=\"1280\" height=\"485\" src=\"https:\/\/www.comau.com\/wp-content\/uploads\/2021\/06\/versapallet_header.jpg\" alt=\"\" class=\"wp-block-getwid-image-box__image wp-image-451\" srcset=\"https:\/\/www.comau.com\/wp-content\/uploads\/2021\/06\/versapallet_header.jpg 1280w, https:\/\/www.comau.com\/wp-content\/uploads\/2021\/06\/versapallet_header-300x114.jpg 300w, https:\/\/www.comau.com\/wp-content\/uploads\/2021\/06\/versapallet_header-1024x388.jpg 1024w, https:\/\/www.comau.com\/wp-content\/uploads\/2021\/06\/versapallet_header-768x291.jpg 768w\" sizes=\"(max-width: 1280px) 100vw, 1280px\" \/><\/a><\/div><div class=\"wp-block-getwid-image-box__content\">\n<h3 class=\"wp-block-heading\">VersaPallet<\/h3>\n\n\n\n<p>Ce syst\u00e8me de transfert en ligne hautement performant pourrait tout simplement \u00eatre le syst\u00e8me le plus rapide de toute l&rsquo;industrie automobile pour le transfert de dessous de caisse, le cadre et le montage des c\u00f4t\u00e9s de caisse. Bas\u00e9 sur une palette g\u00e9om\u00e9trique qui d\u00e9place la caisse \u00e0 travers les lignes, il peut acc\u00e9l\u00e9rer les caisses, en toute s\u00e9curit\u00e9, via le processus de production en quelques secondes.<\/p>\n<\/div><\/div>\n<\/div>\n\n\n\n<div class=\"wp-block-column is-layout-flow wp-block-column-is-layout-flow\">\n<div class=\"wp-block-getwid-image-box has-text-left has-mobile-layout-default has-mobile-alignment-default\"><div class=\"wp-block-getwid-image-box__image-container is-position-top\"><a href=\"https:\/\/www.comau.com\/en\/our-offer\/systems\/body-in-white-manufacturing\/versaroll\/\" class=\"wp-block-getwid-image-box__image-wrapper\"><img decoding=\"async\" width=\"1280\" height=\"485\" src=\"https:\/\/www.comau.com\/wp-content\/uploads\/2021\/06\/versaroll_header.jpg\" alt=\"\" class=\"wp-block-getwid-image-box__image wp-image-450\" srcset=\"https:\/\/www.comau.com\/wp-content\/uploads\/2021\/06\/versaroll_header.jpg 1280w, https:\/\/www.comau.com\/wp-content\/uploads\/2021\/06\/versaroll_header-300x114.jpg 300w, https:\/\/www.comau.com\/wp-content\/uploads\/2021\/06\/versaroll_header-1024x388.jpg 1024w, https:\/\/www.comau.com\/wp-content\/uploads\/2021\/06\/versaroll_header-768x291.jpg 768w\" sizes=\"(max-width: 1280px) 100vw, 1280px\" \/><\/a><\/div><div class=\"wp-block-getwid-image-box__content\">\n<h3 class=\"wp-block-heading\">VersaRoll<\/h3>\n\n\n\n<p>Vitesse, pr\u00e9cision et flexibilit\u00e9 accrues dans l&rsquo;assemblage et le montage du ch\u00e2ssis et des c\u00f4t\u00e9s pour au plus 4 mod\u00e8les diff\u00e9rents. VersaRoll est un syst\u00e8me d&rsquo;assemblage et de montage asservi con\u00e7u principalement pour les ch\u00e2ssis et les c\u00f4t\u00e9s de caisse, bas\u00e9 sur une commande d&rsquo;encodeur asservie.<\/p>\n<\/div><\/div>\n<\/div>\n<\/div>\n","protected":false},"excerpt":{"rendered":"<p>En cr\u00e9ant des syst\u00e8mes qui fournissent des r\u00e9sultats fondamentaux en termes de productivit\u00e9, de qualit\u00e9, de logistique et d\u2019int\u00e9gration globale, nous poursuivons l\u2019innovation. Nous partageons les m\u00eames objectifs que les constructeurs automobiles et d\u2019autres industries : Accro\u00eetre la comp\u00e9titivit\u00e9 Am\u00e9liorer les processus de production, les rendre plus efficaces Accro\u00eetre la productivit\u00e9 et la flexibilit\u00e9 tout [&hellip;]<\/p>\n","protected":false},"author":11,"featured_media":5064,"parent":4810,"menu_order":1,"comment_status":"closed","ping_status":"closed","template":"","meta":{"_acf_changed":false,"ep_exclude_from_search":false,"footnotes":""},"class_list":["post-5033","page","type-page","status-publish","has-post-thumbnail","hentry"],"acf":[],"yoast_head":"<!-- This site is optimized with the Yoast SEO plugin v26.9 - https:\/\/yoast.com\/product\/yoast-seo-wordpress\/ -->\n<title>Conception de lignes de production industrielle | Comau<\/title>\n<meta name=\"description\" content=\"D\u00e9couvrez la section consacr\u00e9e \u00e0 la conception de solutions permettant d&#039;am\u00e9liorer les installations de production gr\u00e2ce \u00e0 l&#039;automatisation.\" \/>\n<meta name=\"robots\" content=\"index, follow, max-snippet:-1, max-image-preview:large, max-video-preview:-1\" \/>\n<link rel=\"canonical\" href=\"https:\/\/www.comau.com\/fr\/competencies\/body-assembly\/solutions\/\" \/>\n<meta property=\"og:locale\" content=\"fr_FR\" \/>\n<meta property=\"og:type\" content=\"article\" \/>\n<meta property=\"og:title\" content=\"Conception de lignes de production industrielle | Comau\" \/>\n<meta property=\"og:description\" content=\"D\u00e9couvrez la section consacr\u00e9e \u00e0 la conception de solutions permettant d&#039;am\u00e9liorer les installations de production gr\u00e2ce \u00e0 l&#039;automatisation.\" \/>\n<meta property=\"og:url\" content=\"https:\/\/www.comau.com\/fr\/competencies\/body-assembly\/solutions\/\" \/>\n<meta property=\"og:site_name\" content=\"Comau\" \/>\n<meta property=\"article:publisher\" content=\"https:\/\/www.facebook.com\/COMAU\/\" \/>\n<meta property=\"article:modified_time\" content=\"2022-02-07T11:31:08+00:00\" \/>\n<meta property=\"og:image\" content=\"https:\/\/www.comau.com\/wp-content\/uploads\/2021\/06\/ba-solutions_header.jpg\" \/>\n\t<meta property=\"og:image:width\" content=\"1280\" \/>\n\t<meta property=\"og:image:height\" content=\"485\" \/>\n\t<meta property=\"og:image:type\" content=\"image\/jpeg\" \/>\n<meta name=\"twitter:card\" content=\"summary_large_image\" \/>\n<meta name=\"twitter:site\" content=\"@comaugroup\" \/>\n<meta name=\"twitter:label1\" content=\"Dur\u00e9e de lecture estim\u00e9e\" \/>\n\t<meta name=\"twitter:data1\" content=\"4 minutes\" \/>\n<script type=\"application\/ld+json\" class=\"yoast-schema-graph\">{\"@context\":\"https:\/\/schema.org\",\"@graph\":[{\"@type\":\"WebPage\",\"@id\":\"https:\/\/www.comau.com\/fr\/competencies\/body-assembly\/solutions\/\",\"url\":\"https:\/\/www.comau.com\/fr\/competencies\/body-assembly\/solutions\/\",\"name\":\"Conception de lignes de production industrielle | Comau\",\"isPartOf\":{\"@id\":\"https:\/\/www.comau.com\/fr\/#website\"},\"primaryImageOfPage\":{\"@id\":\"https:\/\/www.comau.com\/fr\/competencies\/body-assembly\/solutions\/#primaryimage\"},\"image\":{\"@id\":\"https:\/\/www.comau.com\/fr\/competencies\/body-assembly\/solutions\/#primaryimage\"},\"thumbnailUrl\":\"https:\/\/www.comau.com\/wp-content\/uploads\/2021\/06\/ba-solutions_header.jpg\",\"datePublished\":\"2021-06-30T23:01:13+00:00\",\"dateModified\":\"2022-02-07T11:31:08+00:00\",\"description\":\"D\u00e9couvrez la section consacr\u00e9e \u00e0 la conception de solutions permettant d'am\u00e9liorer les installations de production gr\u00e2ce \u00e0 l'automatisation.\",\"breadcrumb\":{\"@id\":\"https:\/\/www.comau.com\/fr\/competencies\/body-assembly\/solutions\/#breadcrumb\"},\"inLanguage\":\"fr-FR\",\"potentialAction\":[{\"@type\":\"ReadAction\",\"target\":[\"https:\/\/www.comau.com\/fr\/competencies\/body-assembly\/solutions\/\"]}]},{\"@type\":\"ImageObject\",\"inLanguage\":\"fr-FR\",\"@id\":\"https:\/\/www.comau.com\/fr\/competencies\/body-assembly\/solutions\/#primaryimage\",\"url\":\"https:\/\/www.comau.com\/wp-content\/uploads\/2021\/06\/ba-solutions_header.jpg\",\"contentUrl\":\"https:\/\/www.comau.com\/wp-content\/uploads\/2021\/06\/ba-solutions_header.jpg\",\"width\":1280,\"height\":485},{\"@type\":\"BreadcrumbList\",\"@id\":\"https:\/\/www.comau.com\/fr\/competencies\/body-assembly\/solutions\/#breadcrumb\",\"itemListElement\":[{\"@type\":\"ListItem\",\"position\":1,\"name\":\"Home\",\"item\":\"https:\/\/www.comau.com\/fr\/\"},{\"@type\":\"ListItem\",\"position\":2,\"name\":\"Nos comp\u00e9tences\",\"item\":\"https:\/\/www.comau.com\/fr\/competencies\/\"},{\"@type\":\"ListItem\",\"position\":3,\"name\":\"Body Assembly\",\"item\":\"https:\/\/www.comau.com\/fr\/competencies\/body-assembly\/\"},{\"@type\":\"ListItem\",\"position\":4,\"name\":\"Solutions\"}]},{\"@type\":\"WebSite\",\"@id\":\"https:\/\/www.comau.com\/fr\/#website\",\"url\":\"https:\/\/www.comau.com\/fr\/\",\"name\":\"Comau\",\"description\":\"Industrial automation and robotics\",\"publisher\":{\"@id\":\"https:\/\/www.comau.com\/fr\/#organization\"},\"potentialAction\":[{\"@type\":\"SearchAction\",\"target\":{\"@type\":\"EntryPoint\",\"urlTemplate\":\"https:\/\/www.comau.com\/fr\/?s={search_term_string}\"},\"query-input\":{\"@type\":\"PropertyValueSpecification\",\"valueRequired\":true,\"valueName\":\"search_term_string\"}}],\"inLanguage\":\"fr-FR\"},{\"@type\":\"Organization\",\"@id\":\"https:\/\/www.comau.com\/fr\/#organization\",\"name\":\"Comau\",\"url\":\"https:\/\/www.comau.com\/fr\/\",\"logo\":{\"@type\":\"ImageObject\",\"inLanguage\":\"fr-FR\",\"@id\":\"https:\/\/www.comau.com\/fr\/#\/schema\/logo\/image\/\",\"url\":\"https:\/\/www.comau.com\/wp-content\/uploads\/2024\/07\/cropped-Logo-COMAU.png\",\"contentUrl\":\"https:\/\/www.comau.com\/wp-content\/uploads\/2024\/07\/cropped-Logo-COMAU.png\",\"width\":434,\"height\":434,\"caption\":\"Comau\"},\"image\":{\"@id\":\"https:\/\/www.comau.com\/fr\/#\/schema\/logo\/image\/\"},\"sameAs\":[\"https:\/\/www.facebook.com\/COMAU\/\",\"https:\/\/x.com\/comaugroup\",\"https:\/\/www.instagram.com\/comaugroup\/\",\"https:\/\/www.linkedin.com\/company\/comau\",\"https:\/\/www.youtube.com\/user\/comau\"]}]}<\/script>\n<!-- \/ Yoast SEO plugin. -->","yoast_head_json":{"title":"Conception de lignes de production industrielle | Comau","description":"D\u00e9couvrez la section consacr\u00e9e \u00e0 la conception de solutions permettant d'am\u00e9liorer les installations de production gr\u00e2ce \u00e0 l'automatisation.","robots":{"index":"index","follow":"follow","max-snippet":"max-snippet:-1","max-image-preview":"max-image-preview:large","max-video-preview":"max-video-preview:-1"},"canonical":"https:\/\/www.comau.com\/fr\/competencies\/body-assembly\/solutions\/","og_locale":"fr_FR","og_type":"article","og_title":"Conception de lignes de production industrielle | Comau","og_description":"D\u00e9couvrez la section consacr\u00e9e \u00e0 la conception de solutions permettant d'am\u00e9liorer les installations de production gr\u00e2ce \u00e0 l'automatisation.","og_url":"https:\/\/www.comau.com\/fr\/competencies\/body-assembly\/solutions\/","og_site_name":"Comau","article_publisher":"https:\/\/www.facebook.com\/COMAU\/","article_modified_time":"2022-02-07T11:31:08+00:00","og_image":[{"width":1280,"height":485,"url":"https:\/\/www.comau.com\/wp-content\/uploads\/2021\/06\/ba-solutions_header.jpg","type":"image\/jpeg"}],"twitter_card":"summary_large_image","twitter_site":"@comaugroup","twitter_misc":{"Dur\u00e9e de lecture estim\u00e9e":"4 minutes"},"schema":{"@context":"https:\/\/schema.org","@graph":[{"@type":"WebPage","@id":"https:\/\/www.comau.com\/fr\/competencies\/body-assembly\/solutions\/","url":"https:\/\/www.comau.com\/fr\/competencies\/body-assembly\/solutions\/","name":"Conception de lignes de production industrielle | Comau","isPartOf":{"@id":"https:\/\/www.comau.com\/fr\/#website"},"primaryImageOfPage":{"@id":"https:\/\/www.comau.com\/fr\/competencies\/body-assembly\/solutions\/#primaryimage"},"image":{"@id":"https:\/\/www.comau.com\/fr\/competencies\/body-assembly\/solutions\/#primaryimage"},"thumbnailUrl":"https:\/\/www.comau.com\/wp-content\/uploads\/2021\/06\/ba-solutions_header.jpg","datePublished":"2021-06-30T23:01:13+00:00","dateModified":"2022-02-07T11:31:08+00:00","description":"D\u00e9couvrez la section consacr\u00e9e \u00e0 la conception de solutions permettant d'am\u00e9liorer les installations de production gr\u00e2ce \u00e0 l'automatisation.","breadcrumb":{"@id":"https:\/\/www.comau.com\/fr\/competencies\/body-assembly\/solutions\/#breadcrumb"},"inLanguage":"fr-FR","potentialAction":[{"@type":"ReadAction","target":["https:\/\/www.comau.com\/fr\/competencies\/body-assembly\/solutions\/"]}]},{"@type":"ImageObject","inLanguage":"fr-FR","@id":"https:\/\/www.comau.com\/fr\/competencies\/body-assembly\/solutions\/#primaryimage","url":"https:\/\/www.comau.com\/wp-content\/uploads\/2021\/06\/ba-solutions_header.jpg","contentUrl":"https:\/\/www.comau.com\/wp-content\/uploads\/2021\/06\/ba-solutions_header.jpg","width":1280,"height":485},{"@type":"BreadcrumbList","@id":"https:\/\/www.comau.com\/fr\/competencies\/body-assembly\/solutions\/#breadcrumb","itemListElement":[{"@type":"ListItem","position":1,"name":"Home","item":"https:\/\/www.comau.com\/fr\/"},{"@type":"ListItem","position":2,"name":"Nos comp\u00e9tences","item":"https:\/\/www.comau.com\/fr\/competencies\/"},{"@type":"ListItem","position":3,"name":"Body Assembly","item":"https:\/\/www.comau.com\/fr\/competencies\/body-assembly\/"},{"@type":"ListItem","position":4,"name":"Solutions"}]},{"@type":"WebSite","@id":"https:\/\/www.comau.com\/fr\/#website","url":"https:\/\/www.comau.com\/fr\/","name":"Comau","description":"Industrial automation and robotics","publisher":{"@id":"https:\/\/www.comau.com\/fr\/#organization"},"potentialAction":[{"@type":"SearchAction","target":{"@type":"EntryPoint","urlTemplate":"https:\/\/www.comau.com\/fr\/?s={search_term_string}"},"query-input":{"@type":"PropertyValueSpecification","valueRequired":true,"valueName":"search_term_string"}}],"inLanguage":"fr-FR"},{"@type":"Organization","@id":"https:\/\/www.comau.com\/fr\/#organization","name":"Comau","url":"https:\/\/www.comau.com\/fr\/","logo":{"@type":"ImageObject","inLanguage":"fr-FR","@id":"https:\/\/www.comau.com\/fr\/#\/schema\/logo\/image\/","url":"https:\/\/www.comau.com\/wp-content\/uploads\/2024\/07\/cropped-Logo-COMAU.png","contentUrl":"https:\/\/www.comau.com\/wp-content\/uploads\/2024\/07\/cropped-Logo-COMAU.png","width":434,"height":434,"caption":"Comau"},"image":{"@id":"https:\/\/www.comau.com\/fr\/#\/schema\/logo\/image\/"},"sameAs":["https:\/\/www.facebook.com\/COMAU\/","https:\/\/x.com\/comaugroup","https:\/\/www.instagram.com\/comaugroup\/","https:\/\/www.linkedin.com\/company\/comau","https:\/\/www.youtube.com\/user\/comau"]}]}},"_links":{"self":[{"href":"https:\/\/www.comau.com\/fr\/wp-json\/wp\/v2\/pages\/5033","targetHints":{"allow":["GET"]}}],"collection":[{"href":"https:\/\/www.comau.com\/fr\/wp-json\/wp\/v2\/pages"}],"about":[{"href":"https:\/\/www.comau.com\/fr\/wp-json\/wp\/v2\/types\/page"}],"author":[{"embeddable":true,"href":"https:\/\/www.comau.com\/fr\/wp-json\/wp\/v2\/users\/11"}],"replies":[{"embeddable":true,"href":"https:\/\/www.comau.com\/fr\/wp-json\/wp\/v2\/comments?post=5033"}],"version-history":[{"count":24,"href":"https:\/\/www.comau.com\/fr\/wp-json\/wp\/v2\/pages\/5033\/revisions"}],"predecessor-version":[{"id":41982,"href":"https:\/\/www.comau.com\/fr\/wp-json\/wp\/v2\/pages\/5033\/revisions\/41982"}],"up":[{"embeddable":true,"href":"https:\/\/www.comau.com\/fr\/wp-json\/wp\/v2\/pages\/4810"}],"wp:featuredmedia":[{"embeddable":true,"href":"https:\/\/www.comau.com\/fr\/wp-json\/wp\/v2\/media\/5064"}],"wp:attachment":[{"href":"https:\/\/www.comau.com\/fr\/wp-json\/wp\/v2\/media?parent=5033"}],"curies":[{"name":"wp","href":"https:\/\/api.w.org\/{rel}","templated":true}]}}