{"id":5018,"date":"2021-06-08T09:33:09","date_gmt":"2021-06-08T07:33:09","guid":{"rendered":"https:\/\/www.comau.com\/?page_id=5018"},"modified":"2025-03-19T13:59:40","modified_gmt":"2025-03-19T12:59:40","slug":"welding-guns","status":"publish","type":"page","link":"https:\/\/www.comau.com\/fr\/competencies\/systems\/solutions\/products\/welding-guns\/","title":{"rendered":"Pince de soudage"},"content":{"rendered":"\n<h2 class=\"wp-block-heading\" id=\"caracteristiques\">Caract\u00e9ristiques<\/h2>\n\n\n\n<ul class=\"wp-block-list\"><li>L\u00e9ger et compact<\/li><li>Groupe de bras commun dont un robotique<\/li><li>Aucun \u00e9l\u00e9ment de coulage<\/li><li>R\u00e9duit le nombre de pi\u00e8ces d\u00e9tach\u00e9es<\/li><li>1 berceau<\/li><li>Pivot avec roulements \u00e0 rouleaux<\/li><li>Gyroscope avec roulement \u00e0 base annulaire<\/li><\/ul>\n","protected":false},"excerpt":{"rendered":"<p>Caract\u00e9ristiques L\u00e9ger et compact Groupe de bras commun dont un robotique Aucun \u00e9l\u00e9ment de coulage R\u00e9duit le nombre de pi\u00e8ces d\u00e9tach\u00e9es 1 berceau Pivot avec roulements \u00e0 rouleaux Gyroscope avec roulement \u00e0 base annulaire<\/p>\n","protected":false},"author":11,"featured_media":5025,"parent":4830,"menu_order":0,"comment_status":"closed","ping_status":"closed","template":"","meta":{"_acf_changed":false,"ep_exclude_from_search":false,"footnotes":""},"class_list":["post-5018","page","type-page","status-publish","has-post-thumbnail","hentry"],"acf":[],"yoast_head":"<!-- This site is optimized with the Yoast SEO plugin v26.9 - https:\/\/yoast.com\/product\/yoast-seo-wordpress\/ -->\n<title>Pinces de soudage pour l&#039;automatisation industrielle | Comau<\/title>\n<meta name=\"description\" content=\"D\u00e9couvrez le Welding Gun de Comau\u00a0: une dimension unique et flexible adapt\u00e9e \u00e0 toutes les applications, l\u00e9g\u00e8re et compacte\u00a0!\" \/>\n<meta name=\"robots\" content=\"index, follow, max-snippet:-1, max-image-preview:large, max-video-preview:-1\" \/>\n<link rel=\"canonical\" href=\"https:\/\/www.comau.com\/fr\/competencies\/systems\/solutions\/products\/welding-guns\/\" \/>\n<meta property=\"og:locale\" content=\"fr_FR\" \/>\n<meta property=\"og:type\" content=\"article\" \/>\n<meta property=\"og:title\" content=\"Pinces de soudage pour l&#039;automatisation industrielle | Comau\" \/>\n<meta property=\"og:description\" content=\"D\u00e9couvrez le Welding Gun de Comau\u00a0: une dimension unique et flexible adapt\u00e9e \u00e0 toutes les applications, l\u00e9g\u00e8re et compacte\u00a0!\" \/>\n<meta property=\"og:url\" content=\"https:\/\/www.comau.com\/fr\/competencies\/systems\/solutions\/products\/welding-guns\/\" \/>\n<meta property=\"og:site_name\" content=\"Comau\" \/>\n<meta property=\"article:publisher\" content=\"https:\/\/www.facebook.com\/COMAU\/\" \/>\n<meta property=\"article:modified_time\" content=\"2025-03-19T12:59:40+00:00\" \/>\n<meta property=\"og:image\" content=\"https:\/\/www.comau.com\/wp-content\/uploads\/2021\/06\/welding-gun_header.jpg\" \/>\n\t<meta property=\"og:image:width\" content=\"1280\" \/>\n\t<meta property=\"og:image:height\" content=\"485\" \/>\n\t<meta property=\"og:image:type\" content=\"image\/jpeg\" \/>\n<meta name=\"twitter:card\" content=\"summary_large_image\" \/>\n<meta name=\"twitter:site\" content=\"@comaugroup\" \/>\n<meta name=\"twitter:label1\" content=\"Dur\u00e9e de lecture estim\u00e9e\" \/>\n\t<meta name=\"twitter:data1\" content=\"1 minute\" \/>\n<script type=\"application\/ld+json\" class=\"yoast-schema-graph\">{\"@context\":\"https:\/\/schema.org\",\"@graph\":[{\"@type\":\"WebPage\",\"@id\":\"https:\/\/www.comau.com\/fr\/competencies\/systems\/solutions\/products\/welding-guns\/\",\"url\":\"https:\/\/www.comau.com\/fr\/competencies\/systems\/solutions\/products\/welding-guns\/\",\"name\":\"Pinces de soudage pour l'automatisation industrielle | Comau\",\"isPartOf\":{\"@id\":\"https:\/\/www.comau.com\/fr\/#website\"},\"primaryImageOfPage\":{\"@id\":\"https:\/\/www.comau.com\/fr\/competencies\/systems\/solutions\/products\/welding-guns\/#primaryimage\"},\"image\":{\"@id\":\"https:\/\/www.comau.com\/fr\/competencies\/systems\/solutions\/products\/welding-guns\/#primaryimage\"},\"thumbnailUrl\":\"https:\/\/www.comau.com\/wp-content\/uploads\/2021\/06\/welding-gun_header.jpg\",\"datePublished\":\"2021-06-08T07:33:09+00:00\",\"dateModified\":\"2025-03-19T12:59:40+00:00\",\"description\":\"D\u00e9couvrez le Welding Gun de Comau\u00a0: une dimension unique et flexible adapt\u00e9e \u00e0 toutes les applications, l\u00e9g\u00e8re et compacte\u00a0!\",\"breadcrumb\":{\"@id\":\"https:\/\/www.comau.com\/fr\/competencies\/systems\/solutions\/products\/welding-guns\/#breadcrumb\"},\"inLanguage\":\"fr-FR\",\"potentialAction\":[{\"@type\":\"ReadAction\",\"target\":[\"https:\/\/www.comau.com\/fr\/competencies\/systems\/solutions\/products\/welding-guns\/\"]}]},{\"@type\":\"ImageObject\",\"inLanguage\":\"fr-FR\",\"@id\":\"https:\/\/www.comau.com\/fr\/competencies\/systems\/solutions\/products\/welding-guns\/#primaryimage\",\"url\":\"https:\/\/www.comau.com\/wp-content\/uploads\/2021\/06\/welding-gun_header.jpg\",\"contentUrl\":\"https:\/\/www.comau.com\/wp-content\/uploads\/2021\/06\/welding-gun_header.jpg\",\"width\":1280,\"height\":485},{\"@type\":\"BreadcrumbList\",\"@id\":\"https:\/\/www.comau.com\/fr\/competencies\/systems\/solutions\/products\/welding-guns\/#breadcrumb\",\"itemListElement\":[{\"@type\":\"ListItem\",\"position\":1,\"name\":\"Home\",\"item\":\"https:\/\/www.comau.com\/fr\/\"},{\"@type\":\"ListItem\",\"position\":2,\"name\":\"Nos comp\u00e9tences\",\"item\":\"https:\/\/www.comau.com\/fr\/competencies\/\"},{\"@type\":\"ListItem\",\"position\":3,\"name\":\"Body Assembly\",\"item\":\"https:\/\/www.comau.com\/fr\/competencies\/body-assembly\/\"},{\"@type\":\"ListItem\",\"position\":4,\"name\":\"Produits\",\"item\":\"https:\/\/www.comau.com\/fr\/competencies\/body-assembly\/products\/\"},{\"@type\":\"ListItem\",\"position\":5,\"name\":\"Pince de soudage\"}]},{\"@type\":\"WebSite\",\"@id\":\"https:\/\/www.comau.com\/fr\/#website\",\"url\":\"https:\/\/www.comau.com\/fr\/\",\"name\":\"Comau\",\"description\":\"Industrial automation and robotics\",\"publisher\":{\"@id\":\"https:\/\/www.comau.com\/fr\/#organization\"},\"potentialAction\":[{\"@type\":\"SearchAction\",\"target\":{\"@type\":\"EntryPoint\",\"urlTemplate\":\"https:\/\/www.comau.com\/fr\/?s={search_term_string}\"},\"query-input\":{\"@type\":\"PropertyValueSpecification\",\"valueRequired\":true,\"valueName\":\"search_term_string\"}}],\"inLanguage\":\"fr-FR\"},{\"@type\":\"Organization\",\"@id\":\"https:\/\/www.comau.com\/fr\/#organization\",\"name\":\"Comau\",\"url\":\"https:\/\/www.comau.com\/fr\/\",\"logo\":{\"@type\":\"ImageObject\",\"inLanguage\":\"fr-FR\",\"@id\":\"https:\/\/www.comau.com\/fr\/#\/schema\/logo\/image\/\",\"url\":\"https:\/\/www.comau.com\/wp-content\/uploads\/2024\/07\/cropped-Logo-COMAU.png\",\"contentUrl\":\"https:\/\/www.comau.com\/wp-content\/uploads\/2024\/07\/cropped-Logo-COMAU.png\",\"width\":434,\"height\":434,\"caption\":\"Comau\"},\"image\":{\"@id\":\"https:\/\/www.comau.com\/fr\/#\/schema\/logo\/image\/\"},\"sameAs\":[\"https:\/\/www.facebook.com\/COMAU\/\",\"https:\/\/x.com\/comaugroup\",\"https:\/\/www.instagram.com\/comaugroup\/\",\"https:\/\/www.linkedin.com\/company\/comau\",\"https:\/\/www.youtube.com\/user\/comau\"]}]}<\/script>\n<!-- \/ Yoast SEO plugin. -->","yoast_head_json":{"title":"Pinces de soudage pour l'automatisation industrielle | Comau","description":"D\u00e9couvrez le Welding Gun de Comau\u00a0: une dimension unique et flexible adapt\u00e9e \u00e0 toutes les applications, l\u00e9g\u00e8re et compacte\u00a0!","robots":{"index":"index","follow":"follow","max-snippet":"max-snippet:-1","max-image-preview":"max-image-preview:large","max-video-preview":"max-video-preview:-1"},"canonical":"https:\/\/www.comau.com\/fr\/competencies\/systems\/solutions\/products\/welding-guns\/","og_locale":"fr_FR","og_type":"article","og_title":"Pinces de soudage pour l'automatisation industrielle | Comau","og_description":"D\u00e9couvrez le Welding Gun de Comau\u00a0: une dimension unique et flexible adapt\u00e9e \u00e0 toutes les applications, l\u00e9g\u00e8re et compacte\u00a0!","og_url":"https:\/\/www.comau.com\/fr\/competencies\/systems\/solutions\/products\/welding-guns\/","og_site_name":"Comau","article_publisher":"https:\/\/www.facebook.com\/COMAU\/","article_modified_time":"2025-03-19T12:59:40+00:00","og_image":[{"width":1280,"height":485,"url":"https:\/\/www.comau.com\/wp-content\/uploads\/2021\/06\/welding-gun_header.jpg","type":"image\/jpeg"}],"twitter_card":"summary_large_image","twitter_site":"@comaugroup","twitter_misc":{"Dur\u00e9e de lecture estim\u00e9e":"1 minute"},"schema":{"@context":"https:\/\/schema.org","@graph":[{"@type":"WebPage","@id":"https:\/\/www.comau.com\/fr\/competencies\/systems\/solutions\/products\/welding-guns\/","url":"https:\/\/www.comau.com\/fr\/competencies\/systems\/solutions\/products\/welding-guns\/","name":"Pinces de soudage pour l'automatisation industrielle | Comau","isPartOf":{"@id":"https:\/\/www.comau.com\/fr\/#website"},"primaryImageOfPage":{"@id":"https:\/\/www.comau.com\/fr\/competencies\/systems\/solutions\/products\/welding-guns\/#primaryimage"},"image":{"@id":"https:\/\/www.comau.com\/fr\/competencies\/systems\/solutions\/products\/welding-guns\/#primaryimage"},"thumbnailUrl":"https:\/\/www.comau.com\/wp-content\/uploads\/2021\/06\/welding-gun_header.jpg","datePublished":"2021-06-08T07:33:09+00:00","dateModified":"2025-03-19T12:59:40+00:00","description":"D\u00e9couvrez le Welding Gun de Comau\u00a0: une dimension unique et flexible adapt\u00e9e \u00e0 toutes les applications, l\u00e9g\u00e8re et compacte\u00a0!","breadcrumb":{"@id":"https:\/\/www.comau.com\/fr\/competencies\/systems\/solutions\/products\/welding-guns\/#breadcrumb"},"inLanguage":"fr-FR","potentialAction":[{"@type":"ReadAction","target":["https:\/\/www.comau.com\/fr\/competencies\/systems\/solutions\/products\/welding-guns\/"]}]},{"@type":"ImageObject","inLanguage":"fr-FR","@id":"https:\/\/www.comau.com\/fr\/competencies\/systems\/solutions\/products\/welding-guns\/#primaryimage","url":"https:\/\/www.comau.com\/wp-content\/uploads\/2021\/06\/welding-gun_header.jpg","contentUrl":"https:\/\/www.comau.com\/wp-content\/uploads\/2021\/06\/welding-gun_header.jpg","width":1280,"height":485},{"@type":"BreadcrumbList","@id":"https:\/\/www.comau.com\/fr\/competencies\/systems\/solutions\/products\/welding-guns\/#breadcrumb","itemListElement":[{"@type":"ListItem","position":1,"name":"Home","item":"https:\/\/www.comau.com\/fr\/"},{"@type":"ListItem","position":2,"name":"Nos comp\u00e9tences","item":"https:\/\/www.comau.com\/fr\/competencies\/"},{"@type":"ListItem","position":3,"name":"Body Assembly","item":"https:\/\/www.comau.com\/fr\/competencies\/body-assembly\/"},{"@type":"ListItem","position":4,"name":"Produits","item":"https:\/\/www.comau.com\/fr\/competencies\/body-assembly\/products\/"},{"@type":"ListItem","position":5,"name":"Pince de soudage"}]},{"@type":"WebSite","@id":"https:\/\/www.comau.com\/fr\/#website","url":"https:\/\/www.comau.com\/fr\/","name":"Comau","description":"Industrial automation and robotics","publisher":{"@id":"https:\/\/www.comau.com\/fr\/#organization"},"potentialAction":[{"@type":"SearchAction","target":{"@type":"EntryPoint","urlTemplate":"https:\/\/www.comau.com\/fr\/?s={search_term_string}"},"query-input":{"@type":"PropertyValueSpecification","valueRequired":true,"valueName":"search_term_string"}}],"inLanguage":"fr-FR"},{"@type":"Organization","@id":"https:\/\/www.comau.com\/fr\/#organization","name":"Comau","url":"https:\/\/www.comau.com\/fr\/","logo":{"@type":"ImageObject","inLanguage":"fr-FR","@id":"https:\/\/www.comau.com\/fr\/#\/schema\/logo\/image\/","url":"https:\/\/www.comau.com\/wp-content\/uploads\/2024\/07\/cropped-Logo-COMAU.png","contentUrl":"https:\/\/www.comau.com\/wp-content\/uploads\/2024\/07\/cropped-Logo-COMAU.png","width":434,"height":434,"caption":"Comau"},"image":{"@id":"https:\/\/www.comau.com\/fr\/#\/schema\/logo\/image\/"},"sameAs":["https:\/\/www.facebook.com\/COMAU\/","https:\/\/x.com\/comaugroup","https:\/\/www.instagram.com\/comaugroup\/","https:\/\/www.linkedin.com\/company\/comau","https:\/\/www.youtube.com\/user\/comau"]}]}},"_links":{"self":[{"href":"https:\/\/www.comau.com\/fr\/wp-json\/wp\/v2\/pages\/5018","targetHints":{"allow":["GET"]}}],"collection":[{"href":"https:\/\/www.comau.com\/fr\/wp-json\/wp\/v2\/pages"}],"about":[{"href":"https:\/\/www.comau.com\/fr\/wp-json\/wp\/v2\/types\/page"}],"author":[{"embeddable":true,"href":"https:\/\/www.comau.com\/fr\/wp-json\/wp\/v2\/users\/11"}],"replies":[{"embeddable":true,"href":"https:\/\/www.comau.com\/fr\/wp-json\/wp\/v2\/comments?post=5018"}],"version-history":[{"count":13,"href":"https:\/\/www.comau.com\/fr\/wp-json\/wp\/v2\/pages\/5018\/revisions"}],"predecessor-version":[{"id":74161,"href":"https:\/\/www.comau.com\/fr\/wp-json\/wp\/v2\/pages\/5018\/revisions\/74161"}],"up":[{"embeddable":true,"href":"https:\/\/www.comau.com\/fr\/wp-json\/wp\/v2\/pages\/4830"}],"wp:featuredmedia":[{"embeddable":true,"href":"https:\/\/www.comau.com\/fr\/wp-json\/wp\/v2\/media\/5025"}],"wp:attachment":[{"href":"https:\/\/www.comau.com\/fr\/wp-json\/wp\/v2\/media?parent=5018"}],"curies":[{"name":"wp","href":"https:\/\/api.w.org\/{rel}","templated":true}]}}