{"id":4964,"date":"2021-06-07T18:32:55","date_gmt":"2021-06-07T16:32:55","guid":{"rendered":"https:\/\/www.comau.com\/?page_id=4964"},"modified":"2025-03-19T13:59:30","modified_gmt":"2025-03-19T12:59:30","slug":"spot-welding-machine","status":"publish","type":"page","link":"https:\/\/www.comau.com\/fr\/competencies\/systems\/solutions\/products\/spot-welding-machine\/","title":{"rendered":"Machine de soudage par points"},"content":{"rendered":"\n<p>Le robot et le pince de soudage ne font plus qu&rsquo;un. Cette combinaison unique apporte une nouvelle dimension au soudage par points.<\/p>\n\n\n\n<p>La machine de soudage par points est une solution l\u00e9g\u00e8re et compacte pour les cellules et stations de soudage.<\/p>\n\n\n\n<p>Elle est productive, fiable et efficace. Elle r\u00e9pond parfaitement aux d\u00e9fis du march\u00e9 global actuel, qui co\u00efncident avec la vision de Comau : introduire une solution centr\u00e9e sur l&rsquo;\u00e9volution dans le monde de la technologie industrielle.<\/p>\n\n\n\n<p>La machine de soudage par points ouvre la porte \u00e0 un nouveau mod\u00e8le de soudage. Aujourd\u2019hui, il est possible de cr\u00e9er de nouvelles cellules et stations de soudage tr\u00e8s denses afin d\u2019accro\u00eetre le nombre de robots en action simultan\u00e9ment.<\/p>\n\n\n\n<h2 class=\"wp-block-heading\" id=\"resultats\">R\u00e9sultats<\/h2>\n\n\n\n<ul class=\"wp-block-list\">\n<li>Plus grande efficacit\u00e9<\/li>\n\n\n\n<li>Co\u00fbts de fonctionnement r\u00e9duits<\/li>\n\n\n\n<li>Temps de cycle r\u00e9duits<\/li>\n<\/ul>\n\n\n\n<p>La machine de soudage par points peut \u00eatre mont\u00e9e au sol ou install\u00e9e au plafond. La cellule peut \u00eatre transport\u00e9e et install\u00e9e en tant qu&rsquo;unit\u00e9 compl\u00e8te partout dans le monde, permettant ainsi une modularit\u00e9 et une standardisation optimales des processus op\u00e9rationnels au niveau mondial.<\/p>\n\n\n\n<p>C&rsquo;est un syst\u00e8me int\u00e9gr\u00e9 compos\u00e9 d&rsquo;un pince de soudage dont la bride est connect\u00e9e directement au robot sans n\u00e9cessit\u00e9 d&rsquo;un kit d&rsquo;adaptation.<\/p>\n\n\n\n<p>Le pince de soudage est \u00e9quip\u00e9 d\u2019un transformateur plus l\u00e9ger, tourn\u00e9 \u00e0 90\u00b0 par rapport aux mod\u00e8les pr\u00e9c\u00e9dents. Il en r\u00e9sulte une r\u00e9duction de la taille du corps et un rapprochement du centre de gravit\u00e9 vers le coude du robot.<\/p>\n\n\n\n<h2 class=\"wp-block-heading\" id=\"caracteristiques\">Caract\u00e9ristiques<\/h2>\n\n\n\n<h3 class=\"wp-block-heading\" id=\"pistolet-de-soudage\">Pince de soudage<\/h3>\n\n\n\n<ul class=\"wp-block-list\">\n<li>Transformateur : 106 kVA<\/li>\n\n\n\n<li>Servomoteur:<br>&#8211; 450 daNm max pour le pince X<br>&#8211; 700 daNm max pour le pince C<\/li>\n\n\n\n<li>Berceau : Fortal HR 70705 &#8211; T651<\/li>\n\n\n\n<li>Un nouveau standard qui peut \u00eatre install\u00e9 et utilis\u00e9 avec tous les robots, m\u00eame en r\u00e9novation.<\/li>\n<\/ul>\n\n\n\n<p>Les am\u00e9liorations apport\u00e9es \u00e0 la machine de soudage par points de Comau ont amen\u00e9 au d\u00e9veloppement d\u2019un robot extr\u00eamement l\u00e9ger et compact qui a conserv\u00e9 les m\u00eames bras fonctionnels que le robot \u00e0 coude creux (Hollow Wrist Robot) standard.<\/p>\n\n\n\n<h3 class=\"wp-block-heading\" id=\"robot\">Robot<\/h3>\n\n\n\n<ul class=\"wp-block-list\">\n<li>Charge utile : 90 kg<\/li>\n\n\n\n<li>Port\u00e9e max. : 2,2 m<\/li>\n\n\n\n<li>Poids : 600-650 kg<\/li>\n\n\n\n<li>Poignet creux Comau &#8211; Pince de soudage int\u00e9gr\u00e9<\/li>\n<\/ul>\n\n\n\n<h2 class=\"wp-block-heading\" id=\"technical-and-operative-features\">Fonctionnalit\u00e9s techniques et op\u00e9rationnelles<\/h2>\n\n\n\n<figure class=\"wp-block-table is-style-stripes\"><table><thead><tr><th><\/th><th>COMAU NJ4 90 2.2<\/th><th>COMAU NJ4 175 2.2<\/th><\/tr><\/thead><tbody><tr><td>Vitesse Ax1 [deg\/s]<\/td><td>170<\/td><td>110<\/td><\/tr><tr><td>Vitesse Ax2 [deg\/s]<\/td><td>125<\/td><td>110<\/td><\/tr><tr><td>Vitesse Ax3 [deg\/s]<\/td><td>160<\/td><td>110<\/td><\/tr><tr><td>Vitesse Ax4 [deg\/s]<\/td><td>200<\/td><td>180<\/td><\/tr><tr><td>Vitesse Ax5 [deg\/s]<\/td><td>260<\/td><td>140<\/td><\/tr><tr><td>Vitesse Ax6 [deg\/s]<\/td><td>255<\/td><td>190<\/td><\/tr><tr><td>Port\u00e9e [mm]<\/td><td>2220<\/td><td>2206<\/td><\/tr><tr><td>Poids du robot [kg]<\/td><td>630<\/td><td>1080<\/td><\/tr><\/tbody><\/table><\/figure>\n\n\n\n<figure class=\"wp-block-embed is-type-video is-provider-youtube wp-block-embed-youtube wp-embed-aspect-16-9 wp-has-aspect-ratio\"><div class=\"wp-block-embed__wrapper\">\n<iframe title=\"Comau Spot Welding Machine\" width=\"640\" height=\"360\" src=\"https:\/\/www.youtube.com\/embed\/GFYDuBdj93Y?feature=oembed\" frameborder=\"0\" allow=\"accelerometer; autoplay; clipboard-write; encrypted-media; gyroscope; picture-in-picture; web-share\" referrerpolicy=\"strict-origin-when-cross-origin\" allowfullscreen><\/iframe>\n<\/div><\/figure>\n","protected":false},"excerpt":{"rendered":"<p>Le robot et le pince de soudage ne font plus qu&rsquo;un. Cette combinaison unique apporte une nouvelle dimension au soudage par points. La machine de soudage par points est une solution l\u00e9g\u00e8re et compacte pour les cellules et stations de soudage. Elle est productive, fiable et efficace. Elle r\u00e9pond parfaitement aux d\u00e9fis du march\u00e9 global [&hellip;]<\/p>\n","protected":false},"author":11,"featured_media":78007,"parent":4830,"menu_order":0,"comment_status":"closed","ping_status":"closed","template":"","meta":{"_acf_changed":false,"ep_exclude_from_search":false,"footnotes":""},"class_list":["post-4964","page","type-page","status-publish","has-post-thumbnail","hentry"],"acf":[],"yoast_head":"<!-- This site is optimized with the Yoast SEO plugin v26.9 - https:\/\/yoast.com\/product\/yoast-seo-wordpress\/ -->\n<title>Machines de soudage industrielles | Comau<\/title>\n<meta name=\"description\" content=\"Consultez la section Comau consacr\u00e9e aux machines de soudage industrielles flexibles.\" \/>\n<meta name=\"robots\" content=\"index, follow, max-snippet:-1, max-image-preview:large, max-video-preview:-1\" \/>\n<link rel=\"canonical\" href=\"https:\/\/www.comau.com\/fr\/competencies\/systems\/solutions\/products\/spot-welding-machine\/\" \/>\n<meta property=\"og:locale\" content=\"fr_FR\" \/>\n<meta property=\"og:type\" content=\"article\" \/>\n<meta property=\"og:title\" content=\"Machines de soudage industrielles | Comau\" \/>\n<meta property=\"og:description\" content=\"Consultez la section Comau consacr\u00e9e aux machines de soudage industrielles flexibles.\" \/>\n<meta property=\"og:url\" content=\"https:\/\/www.comau.com\/fr\/competencies\/systems\/solutions\/products\/spot-welding-machine\/\" \/>\n<meta property=\"og:site_name\" content=\"Comau\" \/>\n<meta property=\"article:publisher\" content=\"https:\/\/www.facebook.com\/COMAU\/\" \/>\n<meta property=\"article:modified_time\" content=\"2025-03-19T12:59:30+00:00\" \/>\n<meta property=\"og:image\" content=\"https:\/\/www.comau.com\/wp-content\/uploads\/2021\/06\/spot-welding_header.jpg\" \/>\n\t<meta property=\"og:image:width\" content=\"1280\" \/>\n\t<meta property=\"og:image:height\" content=\"485\" \/>\n\t<meta property=\"og:image:type\" content=\"image\/jpeg\" \/>\n<meta name=\"twitter:card\" content=\"summary_large_image\" \/>\n<meta name=\"twitter:site\" content=\"@comaugroup\" \/>\n<meta name=\"twitter:label1\" content=\"Dur\u00e9e de lecture estim\u00e9e\" \/>\n\t<meta name=\"twitter:data1\" content=\"2 minutes\" \/>\n<script type=\"application\/ld+json\" class=\"yoast-schema-graph\">{\"@context\":\"https:\/\/schema.org\",\"@graph\":[{\"@type\":\"WebPage\",\"@id\":\"https:\/\/www.comau.com\/fr\/competencies\/systems\/solutions\/products\/spot-welding-machine\/\",\"url\":\"https:\/\/www.comau.com\/fr\/competencies\/systems\/solutions\/products\/spot-welding-machine\/\",\"name\":\"Machines de soudage industrielles | Comau\",\"isPartOf\":{\"@id\":\"https:\/\/www.comau.com\/fr\/#website\"},\"primaryImageOfPage\":{\"@id\":\"https:\/\/www.comau.com\/fr\/competencies\/systems\/solutions\/products\/spot-welding-machine\/#primaryimage\"},\"image\":{\"@id\":\"https:\/\/www.comau.com\/fr\/competencies\/systems\/solutions\/products\/spot-welding-machine\/#primaryimage\"},\"thumbnailUrl\":\"https:\/\/www.comau.com\/wp-content\/uploads\/2025\/06\/Featured-Header-Image-1920x606-Spot-Welding-Machine.jpg\",\"datePublished\":\"2021-06-07T16:32:55+00:00\",\"dateModified\":\"2025-03-19T12:59:30+00:00\",\"description\":\"Consultez la section Comau consacr\u00e9e aux machines de soudage industrielles flexibles.\",\"breadcrumb\":{\"@id\":\"https:\/\/www.comau.com\/fr\/competencies\/systems\/solutions\/products\/spot-welding-machine\/#breadcrumb\"},\"inLanguage\":\"fr-FR\",\"potentialAction\":[{\"@type\":\"ReadAction\",\"target\":[\"https:\/\/www.comau.com\/fr\/competencies\/systems\/solutions\/products\/spot-welding-machine\/\"]}]},{\"@type\":\"ImageObject\",\"inLanguage\":\"fr-FR\",\"@id\":\"https:\/\/www.comau.com\/fr\/competencies\/systems\/solutions\/products\/spot-welding-machine\/#primaryimage\",\"url\":\"https:\/\/www.comau.com\/wp-content\/uploads\/2025\/06\/Featured-Header-Image-1920x606-Spot-Welding-Machine.jpg\",\"contentUrl\":\"https:\/\/www.comau.com\/wp-content\/uploads\/2025\/06\/Featured-Header-Image-1920x606-Spot-Welding-Machine.jpg\",\"width\":1920,\"height\":606},{\"@type\":\"BreadcrumbList\",\"@id\":\"https:\/\/www.comau.com\/fr\/competencies\/systems\/solutions\/products\/spot-welding-machine\/#breadcrumb\",\"itemListElement\":[{\"@type\":\"ListItem\",\"position\":1,\"name\":\"Home\",\"item\":\"https:\/\/www.comau.com\/fr\/\"},{\"@type\":\"ListItem\",\"position\":2,\"name\":\"Nos comp\u00e9tences\",\"item\":\"https:\/\/www.comau.com\/fr\/competencies\/\"},{\"@type\":\"ListItem\",\"position\":3,\"name\":\"Body Assembly\",\"item\":\"https:\/\/www.comau.com\/fr\/competencies\/body-assembly\/\"},{\"@type\":\"ListItem\",\"position\":4,\"name\":\"Produits\",\"item\":\"https:\/\/www.comau.com\/fr\/competencies\/body-assembly\/products\/\"},{\"@type\":\"ListItem\",\"position\":5,\"name\":\"Machine de soudage par points\"}]},{\"@type\":\"WebSite\",\"@id\":\"https:\/\/www.comau.com\/fr\/#website\",\"url\":\"https:\/\/www.comau.com\/fr\/\",\"name\":\"Comau\",\"description\":\"Industrial automation and robotics\",\"publisher\":{\"@id\":\"https:\/\/www.comau.com\/fr\/#organization\"},\"potentialAction\":[{\"@type\":\"SearchAction\",\"target\":{\"@type\":\"EntryPoint\",\"urlTemplate\":\"https:\/\/www.comau.com\/fr\/?s={search_term_string}\"},\"query-input\":{\"@type\":\"PropertyValueSpecification\",\"valueRequired\":true,\"valueName\":\"search_term_string\"}}],\"inLanguage\":\"fr-FR\"},{\"@type\":\"Organization\",\"@id\":\"https:\/\/www.comau.com\/fr\/#organization\",\"name\":\"Comau\",\"url\":\"https:\/\/www.comau.com\/fr\/\",\"logo\":{\"@type\":\"ImageObject\",\"inLanguage\":\"fr-FR\",\"@id\":\"https:\/\/www.comau.com\/fr\/#\/schema\/logo\/image\/\",\"url\":\"https:\/\/www.comau.com\/wp-content\/uploads\/2024\/07\/cropped-Logo-COMAU.png\",\"contentUrl\":\"https:\/\/www.comau.com\/wp-content\/uploads\/2024\/07\/cropped-Logo-COMAU.png\",\"width\":434,\"height\":434,\"caption\":\"Comau\"},\"image\":{\"@id\":\"https:\/\/www.comau.com\/fr\/#\/schema\/logo\/image\/\"},\"sameAs\":[\"https:\/\/www.facebook.com\/COMAU\/\",\"https:\/\/x.com\/comaugroup\",\"https:\/\/www.instagram.com\/comaugroup\/\",\"https:\/\/www.linkedin.com\/company\/comau\",\"https:\/\/www.youtube.com\/user\/comau\"]}]}<\/script>\n<!-- \/ Yoast SEO plugin. -->","yoast_head_json":{"title":"Machines de soudage industrielles | Comau","description":"Consultez la section Comau consacr\u00e9e aux machines de soudage industrielles flexibles.","robots":{"index":"index","follow":"follow","max-snippet":"max-snippet:-1","max-image-preview":"max-image-preview:large","max-video-preview":"max-video-preview:-1"},"canonical":"https:\/\/www.comau.com\/fr\/competencies\/systems\/solutions\/products\/spot-welding-machine\/","og_locale":"fr_FR","og_type":"article","og_title":"Machines de soudage industrielles | Comau","og_description":"Consultez la section Comau consacr\u00e9e aux machines de soudage industrielles flexibles.","og_url":"https:\/\/www.comau.com\/fr\/competencies\/systems\/solutions\/products\/spot-welding-machine\/","og_site_name":"Comau","article_publisher":"https:\/\/www.facebook.com\/COMAU\/","article_modified_time":"2025-03-19T12:59:30+00:00","og_image":[{"width":1280,"height":485,"url":"https:\/\/www.comau.com\/wp-content\/uploads\/2021\/06\/spot-welding_header.jpg","type":"image\/jpeg"}],"twitter_card":"summary_large_image","twitter_site":"@comaugroup","twitter_misc":{"Dur\u00e9e de lecture estim\u00e9e":"2 minutes"},"schema":{"@context":"https:\/\/schema.org","@graph":[{"@type":"WebPage","@id":"https:\/\/www.comau.com\/fr\/competencies\/systems\/solutions\/products\/spot-welding-machine\/","url":"https:\/\/www.comau.com\/fr\/competencies\/systems\/solutions\/products\/spot-welding-machine\/","name":"Machines de soudage industrielles | Comau","isPartOf":{"@id":"https:\/\/www.comau.com\/fr\/#website"},"primaryImageOfPage":{"@id":"https:\/\/www.comau.com\/fr\/competencies\/systems\/solutions\/products\/spot-welding-machine\/#primaryimage"},"image":{"@id":"https:\/\/www.comau.com\/fr\/competencies\/systems\/solutions\/products\/spot-welding-machine\/#primaryimage"},"thumbnailUrl":"https:\/\/www.comau.com\/wp-content\/uploads\/2025\/06\/Featured-Header-Image-1920x606-Spot-Welding-Machine.jpg","datePublished":"2021-06-07T16:32:55+00:00","dateModified":"2025-03-19T12:59:30+00:00","description":"Consultez la section Comau consacr\u00e9e aux machines de soudage industrielles flexibles.","breadcrumb":{"@id":"https:\/\/www.comau.com\/fr\/competencies\/systems\/solutions\/products\/spot-welding-machine\/#breadcrumb"},"inLanguage":"fr-FR","potentialAction":[{"@type":"ReadAction","target":["https:\/\/www.comau.com\/fr\/competencies\/systems\/solutions\/products\/spot-welding-machine\/"]}]},{"@type":"ImageObject","inLanguage":"fr-FR","@id":"https:\/\/www.comau.com\/fr\/competencies\/systems\/solutions\/products\/spot-welding-machine\/#primaryimage","url":"https:\/\/www.comau.com\/wp-content\/uploads\/2025\/06\/Featured-Header-Image-1920x606-Spot-Welding-Machine.jpg","contentUrl":"https:\/\/www.comau.com\/wp-content\/uploads\/2025\/06\/Featured-Header-Image-1920x606-Spot-Welding-Machine.jpg","width":1920,"height":606},{"@type":"BreadcrumbList","@id":"https:\/\/www.comau.com\/fr\/competencies\/systems\/solutions\/products\/spot-welding-machine\/#breadcrumb","itemListElement":[{"@type":"ListItem","position":1,"name":"Home","item":"https:\/\/www.comau.com\/fr\/"},{"@type":"ListItem","position":2,"name":"Nos comp\u00e9tences","item":"https:\/\/www.comau.com\/fr\/competencies\/"},{"@type":"ListItem","position":3,"name":"Body Assembly","item":"https:\/\/www.comau.com\/fr\/competencies\/body-assembly\/"},{"@type":"ListItem","position":4,"name":"Produits","item":"https:\/\/www.comau.com\/fr\/competencies\/body-assembly\/products\/"},{"@type":"ListItem","position":5,"name":"Machine de soudage par points"}]},{"@type":"WebSite","@id":"https:\/\/www.comau.com\/fr\/#website","url":"https:\/\/www.comau.com\/fr\/","name":"Comau","description":"Industrial automation and robotics","publisher":{"@id":"https:\/\/www.comau.com\/fr\/#organization"},"potentialAction":[{"@type":"SearchAction","target":{"@type":"EntryPoint","urlTemplate":"https:\/\/www.comau.com\/fr\/?s={search_term_string}"},"query-input":{"@type":"PropertyValueSpecification","valueRequired":true,"valueName":"search_term_string"}}],"inLanguage":"fr-FR"},{"@type":"Organization","@id":"https:\/\/www.comau.com\/fr\/#organization","name":"Comau","url":"https:\/\/www.comau.com\/fr\/","logo":{"@type":"ImageObject","inLanguage":"fr-FR","@id":"https:\/\/www.comau.com\/fr\/#\/schema\/logo\/image\/","url":"https:\/\/www.comau.com\/wp-content\/uploads\/2024\/07\/cropped-Logo-COMAU.png","contentUrl":"https:\/\/www.comau.com\/wp-content\/uploads\/2024\/07\/cropped-Logo-COMAU.png","width":434,"height":434,"caption":"Comau"},"image":{"@id":"https:\/\/www.comau.com\/fr\/#\/schema\/logo\/image\/"},"sameAs":["https:\/\/www.facebook.com\/COMAU\/","https:\/\/x.com\/comaugroup","https:\/\/www.instagram.com\/comaugroup\/","https:\/\/www.linkedin.com\/company\/comau","https:\/\/www.youtube.com\/user\/comau"]}]}},"_links":{"self":[{"href":"https:\/\/www.comau.com\/fr\/wp-json\/wp\/v2\/pages\/4964","targetHints":{"allow":["GET"]}}],"collection":[{"href":"https:\/\/www.comau.com\/fr\/wp-json\/wp\/v2\/pages"}],"about":[{"href":"https:\/\/www.comau.com\/fr\/wp-json\/wp\/v2\/types\/page"}],"author":[{"embeddable":true,"href":"https:\/\/www.comau.com\/fr\/wp-json\/wp\/v2\/users\/11"}],"replies":[{"embeddable":true,"href":"https:\/\/www.comau.com\/fr\/wp-json\/wp\/v2\/comments?post=4964"}],"version-history":[{"count":42,"href":"https:\/\/www.comau.com\/fr\/wp-json\/wp\/v2\/pages\/4964\/revisions"}],"predecessor-version":[{"id":74160,"href":"https:\/\/www.comau.com\/fr\/wp-json\/wp\/v2\/pages\/4964\/revisions\/74160"}],"up":[{"embeddable":true,"href":"https:\/\/www.comau.com\/fr\/wp-json\/wp\/v2\/pages\/4830"}],"wp:featuredmedia":[{"embeddable":true,"href":"https:\/\/www.comau.com\/fr\/wp-json\/wp\/v2\/media\/78007"}],"wp:attachment":[{"href":"https:\/\/www.comau.com\/fr\/wp-json\/wp\/v2\/media?parent=4964"}],"curies":[{"name":"wp","href":"https:\/\/api.w.org\/{rel}","templated":true}]}}