{"id":4931,"date":"2021-06-07T18:21:47","date_gmt":"2021-06-07T16:21:47","guid":{"rendered":"https:\/\/www.comau.com\/?page_id=4931"},"modified":"2022-02-07T12:25:48","modified_gmt":"2022-02-07T11:25:48","slug":"rhevo","status":"publish","type":"page","link":"https:\/\/www.comau.com\/fr\/competencies\/systems\/solutions\/products\/rhevo\/","title":{"rendered":"RHEvo"},"content":{"rendered":"\n<p>Imaginez une solution modulaire, compacte et intrins\u00e8quement flexible pouvant rabattre des \u00e9l\u00e9ments tr\u00e8s complexes sur plusieurs lignes de production et op\u00e9rer \u00e0 la fois en traction et en pouss\u00e9e&#8230;<\/p>\n\n\n\n<p>Imaginez davantage de flexibilit\u00e9 avec une fiabilit\u00e9 et une qualit\u00e9 de soudure sup\u00e9rieures&#8230; Imaginez avoir le contr\u00f4le de l&rsquo;ensemble du processus&#8230;\n\nI<\/p>\n\n\n\n<p>Imaginez \u00eatre en mesure de supporter la production de v\u00e9hicules de luxe en petite s\u00e9rie aussi facilement que les lignes de production dynamique de grande s\u00e9rie&#8230;<\/p>\n\n\n\n<p>Imagine RHEvo.<\/p>\n\n\n\n<div class=\"wp-block-getwid-toggle download-dropdown has-icon-left\">\n<div class=\"wp-block-getwid-toggle__row\"><div class=\"wp-block-getwid-toggle__header-wrapper\"><span class=\"wp-block-getwid-toggle__header\"><a href=\"#\"><span class=\"wp-block-getwid-toggle__header-title\">Download the brochure<\/span><span class=\"wp-block-getwid-toggle__icon is-active\"><i class=\"fas fa-plus\"><\/i><\/span><span class=\"wp-block-getwid-toggle__icon is-passive\"><i class=\"fas fa-minus\"><\/i><\/span><\/a><\/span><\/div><div class=\"wp-block-getwid-toggle__content-wrapper\"><div class=\"wp-block-getwid-toggle__content\">\n<div class=\"wp-block-getwid-button-group\"><div class=\"wp-block-getwid-button-group__wrapper\">\n<div class=\"wp-block-button\"><a class=\"wp-block-button__link\" href=\"https:\/\/www.comau.com\/wp-content\/uploads\/2021\/06\/RHevo.pdf\" target=\"_blank\" rel=\"noreferrer noopener\">RHEvo<\/a><\/div>\n<\/div><\/div>\n<\/div><\/div><\/div>\n<\/div>\n\n\n\n<h2 class=\"wp-block-heading\" id=\"solutions\">Solutions<\/h2>\n\n\n\n<p>RHEvo est une solution de rabattage au rouleau innovante qui garantit une qualit\u00e9 de rabattage constante dans le temps avec une fiabilit\u00e9 \u00e9lev\u00e9e, un contr\u00f4le total du processus et une interchangeabilit\u00e9 optimis\u00e9e des ensembles de rouleaux. C&rsquo;est \u00e9galement un outil unique qui peut \u00eatre adapt\u00e9 pour correspondre \u00e0 toutes les marques de robots et permet aux constructeurs de traiter d&rsquo;ensemble des applications de rabattage sans changer les faisceaux du robot. Et ce n&rsquo;est pas tout. Le syst\u00e8me modulaire permet une meilleure gestion et un \u00e9change plus rapide des pi\u00e8ces, ce qui se traduit par des temps d&rsquo;arr\u00eat moindres et une meilleure efficacit\u00e9.<\/p>\n\n\n\n<h2 class=\"wp-block-heading\" id=\"avantages\">Avantages<\/h2>\n\n\n\n<ul class=\"wp-block-list\"><li>Aucun faisceau de robot pour une meilleure accessibilit\u00e9 au robot<\/li><li>Contr\u00f4le total de la force garantie gr\u00e2ce \u00e0 la structure purement m\u00e9canique<\/li><li>Pression effective en temps r\u00e9el<\/li><li>Structure push-pull qui apporte une tr\u00e8s grande flexibilit\u00e9 avec une gestion facilit\u00e9e des pi\u00e8ces de rechange<\/li><li>Syst\u00e8me sans fil pour le contr\u00f4le de la qualit\u00e9 du traqueur du rabattage<\/li><\/ul>\n\n\n\n<figure class=\"wp-block-embed is-type-video is-provider-youtube wp-block-embed-youtube wp-embed-aspect-16-9 wp-has-aspect-ratio\"><div class=\"wp-block-embed__wrapper\">\n<iframe title=\"Robot Roller Hemming: Comau RHEvo\" width=\"640\" height=\"360\" src=\"https:\/\/www.youtube.com\/embed\/o3v_I82o3FU?feature=oembed\" frameborder=\"0\" allow=\"accelerometer; autoplay; clipboard-write; encrypted-media; gyroscope; picture-in-picture; web-share\" referrerpolicy=\"strict-origin-when-cross-origin\" allowfullscreen><\/iframe>\n<\/div><\/figure>\n","protected":false},"excerpt":{"rendered":"<p>Imaginez une solution modulaire, compacte et intrins\u00e8quement flexible pouvant rabattre des \u00e9l\u00e9ments tr\u00e8s complexes sur plusieurs lignes de production et op\u00e9rer \u00e0 la fois en traction et en pouss\u00e9e&#8230; Imaginez davantage de flexibilit\u00e9 avec une fiabilit\u00e9 et une qualit\u00e9 de soudure sup\u00e9rieures&#8230; Imaginez avoir le contr\u00f4le de l&rsquo;ensemble du processus&#8230; I Imaginez \u00eatre en mesure [&hellip;]<\/p>\n","protected":false},"author":11,"featured_media":4943,"parent":4830,"menu_order":0,"comment_status":"closed","ping_status":"closed","template":"","meta":{"_acf_changed":false,"ep_exclude_from_search":false,"footnotes":""},"class_list":["post-4931","page","type-page","status-publish","has-post-thumbnail","hentry"],"acf":[],"yoast_head":"<!-- This site is optimized with the Yoast SEO plugin v26.9 - https:\/\/yoast.com\/product\/yoast-seo-wordpress\/ -->\n<title>Rhevo: solution de rabattage au rouleau | Comau<\/title>\n<meta name=\"description\" content=\"RHEvo\u00a0: la solution innovante de roller hemming qui garantit une qualit\u00e9 constante des bordures tout au long du processus.\" \/>\n<meta name=\"robots\" content=\"index, follow, max-snippet:-1, max-image-preview:large, max-video-preview:-1\" \/>\n<link rel=\"canonical\" href=\"https:\/\/www.comau.com\/fr\/competencies\/systems\/solutions\/products\/rhevo\/\" \/>\n<meta property=\"og:locale\" content=\"fr_FR\" \/>\n<meta property=\"og:type\" content=\"article\" \/>\n<meta property=\"og:title\" content=\"Rhevo: solution de rabattage au rouleau | Comau\" \/>\n<meta property=\"og:description\" content=\"RHEvo\u00a0: la solution innovante de roller hemming qui garantit une qualit\u00e9 constante des bordures tout au long du processus.\" \/>\n<meta property=\"og:url\" content=\"https:\/\/www.comau.com\/fr\/competencies\/systems\/solutions\/products\/rhevo\/\" \/>\n<meta property=\"og:site_name\" content=\"Comau\" \/>\n<meta property=\"article:publisher\" content=\"https:\/\/www.facebook.com\/COMAU\/\" \/>\n<meta property=\"article:modified_time\" content=\"2022-02-07T11:25:48+00:00\" \/>\n<meta property=\"og:image\" content=\"https:\/\/www.comau.com\/wp-content\/uploads\/2021\/06\/rhevo_header.jpg\" \/>\n\t<meta property=\"og:image:width\" content=\"1280\" \/>\n\t<meta property=\"og:image:height\" content=\"485\" \/>\n\t<meta property=\"og:image:type\" content=\"image\/jpeg\" \/>\n<meta name=\"twitter:card\" content=\"summary_large_image\" \/>\n<meta name=\"twitter:site\" content=\"@comaugroup\" \/>\n<meta name=\"twitter:label1\" content=\"Dur\u00e9e de lecture estim\u00e9e\" \/>\n\t<meta name=\"twitter:data1\" content=\"2 minutes\" \/>\n<script type=\"application\/ld+json\" class=\"yoast-schema-graph\">{\"@context\":\"https:\/\/schema.org\",\"@graph\":[{\"@type\":\"WebPage\",\"@id\":\"https:\/\/www.comau.com\/fr\/competencies\/systems\/solutions\/products\/rhevo\/\",\"url\":\"https:\/\/www.comau.com\/fr\/competencies\/systems\/solutions\/products\/rhevo\/\",\"name\":\"Rhevo: solution de rabattage au rouleau | Comau\",\"isPartOf\":{\"@id\":\"https:\/\/www.comau.com\/fr\/#website\"},\"primaryImageOfPage\":{\"@id\":\"https:\/\/www.comau.com\/fr\/competencies\/systems\/solutions\/products\/rhevo\/#primaryimage\"},\"image\":{\"@id\":\"https:\/\/www.comau.com\/fr\/competencies\/systems\/solutions\/products\/rhevo\/#primaryimage\"},\"thumbnailUrl\":\"https:\/\/www.comau.com\/wp-content\/uploads\/2021\/06\/rhevo_header.jpg\",\"datePublished\":\"2021-06-07T16:21:47+00:00\",\"dateModified\":\"2022-02-07T11:25:48+00:00\",\"description\":\"RHEvo\u00a0: la solution innovante de roller hemming qui garantit une qualit\u00e9 constante des bordures tout au long du processus.\",\"breadcrumb\":{\"@id\":\"https:\/\/www.comau.com\/fr\/competencies\/systems\/solutions\/products\/rhevo\/#breadcrumb\"},\"inLanguage\":\"fr-FR\",\"potentialAction\":[{\"@type\":\"ReadAction\",\"target\":[\"https:\/\/www.comau.com\/fr\/competencies\/systems\/solutions\/products\/rhevo\/\"]}]},{\"@type\":\"ImageObject\",\"inLanguage\":\"fr-FR\",\"@id\":\"https:\/\/www.comau.com\/fr\/competencies\/systems\/solutions\/products\/rhevo\/#primaryimage\",\"url\":\"https:\/\/www.comau.com\/wp-content\/uploads\/2021\/06\/rhevo_header.jpg\",\"contentUrl\":\"https:\/\/www.comau.com\/wp-content\/uploads\/2021\/06\/rhevo_header.jpg\",\"width\":1280,\"height\":485},{\"@type\":\"BreadcrumbList\",\"@id\":\"https:\/\/www.comau.com\/fr\/competencies\/systems\/solutions\/products\/rhevo\/#breadcrumb\",\"itemListElement\":[{\"@type\":\"ListItem\",\"position\":1,\"name\":\"Home\",\"item\":\"https:\/\/www.comau.com\/fr\/\"},{\"@type\":\"ListItem\",\"position\":2,\"name\":\"Nos comp\u00e9tences\",\"item\":\"https:\/\/www.comau.com\/fr\/competencies\/\"},{\"@type\":\"ListItem\",\"position\":3,\"name\":\"Body Assembly\",\"item\":\"https:\/\/www.comau.com\/fr\/competencies\/body-assembly\/\"},{\"@type\":\"ListItem\",\"position\":4,\"name\":\"Produits\",\"item\":\"https:\/\/www.comau.com\/fr\/competencies\/body-assembly\/products\/\"},{\"@type\":\"ListItem\",\"position\":5,\"name\":\"RHEvo\"}]},{\"@type\":\"WebSite\",\"@id\":\"https:\/\/www.comau.com\/fr\/#website\",\"url\":\"https:\/\/www.comau.com\/fr\/\",\"name\":\"Comau\",\"description\":\"Industrial automation and robotics\",\"publisher\":{\"@id\":\"https:\/\/www.comau.com\/fr\/#organization\"},\"potentialAction\":[{\"@type\":\"SearchAction\",\"target\":{\"@type\":\"EntryPoint\",\"urlTemplate\":\"https:\/\/www.comau.com\/fr\/?s={search_term_string}\"},\"query-input\":{\"@type\":\"PropertyValueSpecification\",\"valueRequired\":true,\"valueName\":\"search_term_string\"}}],\"inLanguage\":\"fr-FR\"},{\"@type\":\"Organization\",\"@id\":\"https:\/\/www.comau.com\/fr\/#organization\",\"name\":\"Comau\",\"url\":\"https:\/\/www.comau.com\/fr\/\",\"logo\":{\"@type\":\"ImageObject\",\"inLanguage\":\"fr-FR\",\"@id\":\"https:\/\/www.comau.com\/fr\/#\/schema\/logo\/image\/\",\"url\":\"https:\/\/www.comau.com\/wp-content\/uploads\/2024\/07\/cropped-Logo-COMAU.png\",\"contentUrl\":\"https:\/\/www.comau.com\/wp-content\/uploads\/2024\/07\/cropped-Logo-COMAU.png\",\"width\":434,\"height\":434,\"caption\":\"Comau\"},\"image\":{\"@id\":\"https:\/\/www.comau.com\/fr\/#\/schema\/logo\/image\/\"},\"sameAs\":[\"https:\/\/www.facebook.com\/COMAU\/\",\"https:\/\/x.com\/comaugroup\",\"https:\/\/www.instagram.com\/comaugroup\/\",\"https:\/\/www.linkedin.com\/company\/comau\",\"https:\/\/www.youtube.com\/user\/comau\"]}]}<\/script>\n<!-- \/ Yoast SEO plugin. -->","yoast_head_json":{"title":"Rhevo: solution de rabattage au rouleau | Comau","description":"RHEvo\u00a0: la solution innovante de roller hemming qui garantit une qualit\u00e9 constante des bordures tout au long du processus.","robots":{"index":"index","follow":"follow","max-snippet":"max-snippet:-1","max-image-preview":"max-image-preview:large","max-video-preview":"max-video-preview:-1"},"canonical":"https:\/\/www.comau.com\/fr\/competencies\/systems\/solutions\/products\/rhevo\/","og_locale":"fr_FR","og_type":"article","og_title":"Rhevo: solution de rabattage au rouleau | Comau","og_description":"RHEvo\u00a0: la solution innovante de roller hemming qui garantit une qualit\u00e9 constante des bordures tout au long du processus.","og_url":"https:\/\/www.comau.com\/fr\/competencies\/systems\/solutions\/products\/rhevo\/","og_site_name":"Comau","article_publisher":"https:\/\/www.facebook.com\/COMAU\/","article_modified_time":"2022-02-07T11:25:48+00:00","og_image":[{"width":1280,"height":485,"url":"https:\/\/www.comau.com\/wp-content\/uploads\/2021\/06\/rhevo_header.jpg","type":"image\/jpeg"}],"twitter_card":"summary_large_image","twitter_site":"@comaugroup","twitter_misc":{"Dur\u00e9e de lecture estim\u00e9e":"2 minutes"},"schema":{"@context":"https:\/\/schema.org","@graph":[{"@type":"WebPage","@id":"https:\/\/www.comau.com\/fr\/competencies\/systems\/solutions\/products\/rhevo\/","url":"https:\/\/www.comau.com\/fr\/competencies\/systems\/solutions\/products\/rhevo\/","name":"Rhevo: solution de rabattage au rouleau | Comau","isPartOf":{"@id":"https:\/\/www.comau.com\/fr\/#website"},"primaryImageOfPage":{"@id":"https:\/\/www.comau.com\/fr\/competencies\/systems\/solutions\/products\/rhevo\/#primaryimage"},"image":{"@id":"https:\/\/www.comau.com\/fr\/competencies\/systems\/solutions\/products\/rhevo\/#primaryimage"},"thumbnailUrl":"https:\/\/www.comau.com\/wp-content\/uploads\/2021\/06\/rhevo_header.jpg","datePublished":"2021-06-07T16:21:47+00:00","dateModified":"2022-02-07T11:25:48+00:00","description":"RHEvo\u00a0: la solution innovante de roller hemming qui garantit une qualit\u00e9 constante des bordures tout au long du processus.","breadcrumb":{"@id":"https:\/\/www.comau.com\/fr\/competencies\/systems\/solutions\/products\/rhevo\/#breadcrumb"},"inLanguage":"fr-FR","potentialAction":[{"@type":"ReadAction","target":["https:\/\/www.comau.com\/fr\/competencies\/systems\/solutions\/products\/rhevo\/"]}]},{"@type":"ImageObject","inLanguage":"fr-FR","@id":"https:\/\/www.comau.com\/fr\/competencies\/systems\/solutions\/products\/rhevo\/#primaryimage","url":"https:\/\/www.comau.com\/wp-content\/uploads\/2021\/06\/rhevo_header.jpg","contentUrl":"https:\/\/www.comau.com\/wp-content\/uploads\/2021\/06\/rhevo_header.jpg","width":1280,"height":485},{"@type":"BreadcrumbList","@id":"https:\/\/www.comau.com\/fr\/competencies\/systems\/solutions\/products\/rhevo\/#breadcrumb","itemListElement":[{"@type":"ListItem","position":1,"name":"Home","item":"https:\/\/www.comau.com\/fr\/"},{"@type":"ListItem","position":2,"name":"Nos comp\u00e9tences","item":"https:\/\/www.comau.com\/fr\/competencies\/"},{"@type":"ListItem","position":3,"name":"Body Assembly","item":"https:\/\/www.comau.com\/fr\/competencies\/body-assembly\/"},{"@type":"ListItem","position":4,"name":"Produits","item":"https:\/\/www.comau.com\/fr\/competencies\/body-assembly\/products\/"},{"@type":"ListItem","position":5,"name":"RHEvo"}]},{"@type":"WebSite","@id":"https:\/\/www.comau.com\/fr\/#website","url":"https:\/\/www.comau.com\/fr\/","name":"Comau","description":"Industrial automation and robotics","publisher":{"@id":"https:\/\/www.comau.com\/fr\/#organization"},"potentialAction":[{"@type":"SearchAction","target":{"@type":"EntryPoint","urlTemplate":"https:\/\/www.comau.com\/fr\/?s={search_term_string}"},"query-input":{"@type":"PropertyValueSpecification","valueRequired":true,"valueName":"search_term_string"}}],"inLanguage":"fr-FR"},{"@type":"Organization","@id":"https:\/\/www.comau.com\/fr\/#organization","name":"Comau","url":"https:\/\/www.comau.com\/fr\/","logo":{"@type":"ImageObject","inLanguage":"fr-FR","@id":"https:\/\/www.comau.com\/fr\/#\/schema\/logo\/image\/","url":"https:\/\/www.comau.com\/wp-content\/uploads\/2024\/07\/cropped-Logo-COMAU.png","contentUrl":"https:\/\/www.comau.com\/wp-content\/uploads\/2024\/07\/cropped-Logo-COMAU.png","width":434,"height":434,"caption":"Comau"},"image":{"@id":"https:\/\/www.comau.com\/fr\/#\/schema\/logo\/image\/"},"sameAs":["https:\/\/www.facebook.com\/COMAU\/","https:\/\/x.com\/comaugroup","https:\/\/www.instagram.com\/comaugroup\/","https:\/\/www.linkedin.com\/company\/comau","https:\/\/www.youtube.com\/user\/comau"]}]}},"_links":{"self":[{"href":"https:\/\/www.comau.com\/fr\/wp-json\/wp\/v2\/pages\/4931","targetHints":{"allow":["GET"]}}],"collection":[{"href":"https:\/\/www.comau.com\/fr\/wp-json\/wp\/v2\/pages"}],"about":[{"href":"https:\/\/www.comau.com\/fr\/wp-json\/wp\/v2\/types\/page"}],"author":[{"embeddable":true,"href":"https:\/\/www.comau.com\/fr\/wp-json\/wp\/v2\/users\/11"}],"replies":[{"embeddable":true,"href":"https:\/\/www.comau.com\/fr\/wp-json\/wp\/v2\/comments?post=4931"}],"version-history":[{"count":16,"href":"https:\/\/www.comau.com\/fr\/wp-json\/wp\/v2\/pages\/4931\/revisions"}],"predecessor-version":[{"id":41975,"href":"https:\/\/www.comau.com\/fr\/wp-json\/wp\/v2\/pages\/4931\/revisions\/41975"}],"up":[{"embeddable":true,"href":"https:\/\/www.comau.com\/fr\/wp-json\/wp\/v2\/pages\/4830"}],"wp:featuredmedia":[{"embeddable":true,"href":"https:\/\/www.comau.com\/fr\/wp-json\/wp\/v2\/media\/4943"}],"wp:attachment":[{"href":"https:\/\/www.comau.com\/fr\/wp-json\/wp\/v2\/media?parent=4931"}],"curies":[{"name":"wp","href":"https:\/\/api.w.org\/{rel}","templated":true}]}}