{"id":4915,"date":"2021-06-08T09:28:58","date_gmt":"2021-06-08T07:28:58","guid":{"rendered":"https:\/\/www.comau.com\/?page_id=4915"},"modified":"2025-03-19T13:59:30","modified_gmt":"2025-03-19T12:59:30","slug":"compact-welding-gun","status":"publish","type":"page","link":"https:\/\/www.comau.com\/fr\/competencies\/systems\/solutions\/products\/compact-welding-gun\/","title":{"rendered":"Compact Welding Gun"},"content":{"rendered":"\n<p>Un pince de soudage servo plus compact, garantissant les meilleures performances pour toutes les applications d&rsquo;assemblage des caisses en blanc. Adapt\u00e9 \u00e0 tous les types de travaux de soudage par points, il r\u00e9duit de mani\u00e8re significative la charge utile n\u00e9cessaire de son robot de support.<\/p>\n\n\n\n<p>Le pince de soudage compact est un produit bas\u00e9 sur la simplicit\u00e9 et la modularit\u00e9. Deux ch\u00e2ssis standard (\u2018C\u2019 et \u2018X\u2019) offrent une solution l\u00e9g\u00e8re et compacte. Gr\u00e2ce \u00e0 ce produit polyvalent, toutes les exigences des ateliers de carrosserie sont satisfaites.<\/p>\n\n\n\n<div class=\"wp-block-getwid-toggle download-dropdown has-icon-left\">\n<div class=\"wp-block-getwid-toggle__row\"><div class=\"wp-block-getwid-toggle__header-wrapper\"><span class=\"wp-block-getwid-toggle__header\"><a href=\"#\"><span class=\"wp-block-getwid-toggle__header-title\">Download the brochure<\/span><span class=\"wp-block-getwid-toggle__icon is-active\"><i class=\"fas fa-plus\"><\/i><\/span><span class=\"wp-block-getwid-toggle__icon is-passive\"><i class=\"fas fa-minus\"><\/i><\/span><\/a><\/span><\/div><div class=\"wp-block-getwid-toggle__content-wrapper\"><div class=\"wp-block-getwid-toggle__content\">\n<div class=\"wp-block-getwid-button-group\"><div class=\"wp-block-getwid-button-group__wrapper\">\n<div class=\"wp-block-button\"><a class=\"wp-block-button__link wp-element-button\" href=\"https:\/\/www.comau.com\/wp-content\/uploads\/2022\/02\/Welding-Guns-Folder-Pinze_20160131_EN_rev01.pdf\">CompactGun<\/a><\/div>\n<\/div><\/div>\n<\/div><\/div><\/div>\n<\/div>\n\n\n\n<h2 class=\"wp-block-heading\" id=\"caracteristiques\">Caract\u00e9ristiques<\/h2>\n\n\n\n<ul class=\"wp-block-list\">\n<li>Enti\u00e8rement compatible avec toutes les marques de robots ayant un faisceau interne ou externe<\/li>\n\n\n\n<li>L\u00e9ger et compact<\/li>\n\n\n\n<li>Actionneur servocommand\u00e9 Comau<\/li>\n\n\n\n<li>Transformateur Comau (MFDC)<\/li>\n\n\n\n<li>\u00c9galisation par compensation robotique<\/li>\n\n\n\n<li>Pas de c\u00e2bles externes<\/li>\n\n\n\n<li>Simulation Robcad 100 % efficace<\/li>\n\n\n\n<li>Couvercle r\u00e9sistant au feu (ABS VH-0800E), prot\u00e8ge contre les \u00e9claboussures\/la contamination<\/li>\n<\/ul>\n\n\n\n<p>Le nouveau pince compact (BGA ALUMINIUM T7075-T651) p\u00e8se 30 kg de moins que l\u2019ancien pince. Il est plus compact en longueur d\u2019environ 300 mm sans que cela affecte ses performances.<\/p>\n\n\n\n<figure class=\"wp-block-embed is-type-video is-provider-youtube wp-block-embed-youtube wp-embed-aspect-16-9 wp-has-aspect-ratio\"><div class=\"wp-block-embed__wrapper\">\n<iframe title=\"Comau Compact Gun\" width=\"640\" height=\"360\" src=\"https:\/\/www.youtube.com\/embed\/UNWPfBjNbmE?feature=oembed\" frameborder=\"0\" allow=\"accelerometer; autoplay; clipboard-write; encrypted-media; gyroscope; picture-in-picture; web-share\" referrerpolicy=\"strict-origin-when-cross-origin\" allowfullscreen><\/iframe>\n<\/div><\/figure>\n","protected":false},"excerpt":{"rendered":"<p>Un pince de soudage servo plus compact, garantissant les meilleures performances pour toutes les applications d&rsquo;assemblage des caisses en blanc. Adapt\u00e9 \u00e0 tous les types de travaux de soudage par points, il r\u00e9duit de mani\u00e8re significative la charge utile n\u00e9cessaire de son robot de support. Le pince de soudage compact est un produit bas\u00e9 sur [&hellip;]<\/p>\n","protected":false},"author":11,"featured_media":4922,"parent":4830,"menu_order":0,"comment_status":"closed","ping_status":"closed","template":"","meta":{"_acf_changed":false,"ep_exclude_from_search":false,"footnotes":""},"class_list":["post-4915","page","type-page","status-publish","has-post-thumbnail","hentry"],"acf":[],"yoast_head":"<!-- This site is optimized with the Yoast SEO plugin v26.9 - https:\/\/yoast.com\/product\/yoast-seo-wordpress\/ -->\n<title>Robot de soudage compact : Robot Welding Guns | Comau<\/title>\n<meta name=\"description\" content=\"D\u00e9couvrez la section Comau consacr\u00e9e au welding gun ultra-l\u00e9ger et compact, adapt\u00e9 \u00e0 tous les types de soudage par points.\" \/>\n<meta name=\"robots\" content=\"index, follow, max-snippet:-1, max-image-preview:large, max-video-preview:-1\" \/>\n<link rel=\"canonical\" href=\"https:\/\/www.comau.com\/fr\/competencies\/systems\/solutions\/products\/compact-welding-gun\/\" \/>\n<meta property=\"og:locale\" content=\"fr_FR\" \/>\n<meta property=\"og:type\" content=\"article\" \/>\n<meta property=\"og:title\" content=\"Robot de soudage compact : Robot Welding Guns | Comau\" \/>\n<meta property=\"og:description\" content=\"D\u00e9couvrez la section Comau consacr\u00e9e au welding gun ultra-l\u00e9ger et compact, adapt\u00e9 \u00e0 tous les types de soudage par points.\" \/>\n<meta property=\"og:url\" content=\"https:\/\/www.comau.com\/fr\/competencies\/systems\/solutions\/products\/compact-welding-gun\/\" \/>\n<meta property=\"og:site_name\" content=\"Comau\" \/>\n<meta property=\"article:publisher\" content=\"https:\/\/www.facebook.com\/COMAU\/\" \/>\n<meta property=\"article:modified_time\" content=\"2025-03-19T12:59:30+00:00\" \/>\n<meta property=\"og:image\" content=\"https:\/\/www.comau.com\/wp-content\/uploads\/2021\/06\/compact-gun_header.jpg\" \/>\n\t<meta property=\"og:image:width\" content=\"1280\" \/>\n\t<meta property=\"og:image:height\" content=\"485\" \/>\n\t<meta property=\"og:image:type\" content=\"image\/jpeg\" \/>\n<meta name=\"twitter:card\" content=\"summary_large_image\" \/>\n<meta name=\"twitter:site\" content=\"@comaugroup\" \/>\n<meta name=\"twitter:label1\" content=\"Dur\u00e9e de lecture estim\u00e9e\" \/>\n\t<meta name=\"twitter:data1\" content=\"1 minute\" \/>\n<script type=\"application\/ld+json\" class=\"yoast-schema-graph\">{\"@context\":\"https:\/\/schema.org\",\"@graph\":[{\"@type\":\"WebPage\",\"@id\":\"https:\/\/www.comau.com\/fr\/competencies\/systems\/solutions\/products\/compact-welding-gun\/\",\"url\":\"https:\/\/www.comau.com\/fr\/competencies\/systems\/solutions\/products\/compact-welding-gun\/\",\"name\":\"Robot de soudage compact : Robot Welding Guns | Comau\",\"isPartOf\":{\"@id\":\"https:\/\/www.comau.com\/fr\/#website\"},\"primaryImageOfPage\":{\"@id\":\"https:\/\/www.comau.com\/fr\/competencies\/systems\/solutions\/products\/compact-welding-gun\/#primaryimage\"},\"image\":{\"@id\":\"https:\/\/www.comau.com\/fr\/competencies\/systems\/solutions\/products\/compact-welding-gun\/#primaryimage\"},\"thumbnailUrl\":\"https:\/\/www.comau.com\/wp-content\/uploads\/2021\/06\/compact-gun_header.jpg\",\"datePublished\":\"2021-06-08T07:28:58+00:00\",\"dateModified\":\"2025-03-19T12:59:30+00:00\",\"description\":\"D\u00e9couvrez la section Comau consacr\u00e9e au welding gun ultra-l\u00e9ger et compact, adapt\u00e9 \u00e0 tous les types de soudage par points.\",\"breadcrumb\":{\"@id\":\"https:\/\/www.comau.com\/fr\/competencies\/systems\/solutions\/products\/compact-welding-gun\/#breadcrumb\"},\"inLanguage\":\"fr-FR\",\"potentialAction\":[{\"@type\":\"ReadAction\",\"target\":[\"https:\/\/www.comau.com\/fr\/competencies\/systems\/solutions\/products\/compact-welding-gun\/\"]}]},{\"@type\":\"ImageObject\",\"inLanguage\":\"fr-FR\",\"@id\":\"https:\/\/www.comau.com\/fr\/competencies\/systems\/solutions\/products\/compact-welding-gun\/#primaryimage\",\"url\":\"https:\/\/www.comau.com\/wp-content\/uploads\/2021\/06\/compact-gun_header.jpg\",\"contentUrl\":\"https:\/\/www.comau.com\/wp-content\/uploads\/2021\/06\/compact-gun_header.jpg\",\"width\":1280,\"height\":485},{\"@type\":\"BreadcrumbList\",\"@id\":\"https:\/\/www.comau.com\/fr\/competencies\/systems\/solutions\/products\/compact-welding-gun\/#breadcrumb\",\"itemListElement\":[{\"@type\":\"ListItem\",\"position\":1,\"name\":\"Home\",\"item\":\"https:\/\/www.comau.com\/fr\/\"},{\"@type\":\"ListItem\",\"position\":2,\"name\":\"Nos comp\u00e9tences\",\"item\":\"https:\/\/www.comau.com\/fr\/competencies\/\"},{\"@type\":\"ListItem\",\"position\":3,\"name\":\"Body Assembly\",\"item\":\"https:\/\/www.comau.com\/fr\/competencies\/body-assembly\/\"},{\"@type\":\"ListItem\",\"position\":4,\"name\":\"Produits\",\"item\":\"https:\/\/www.comau.com\/fr\/competencies\/body-assembly\/products\/\"},{\"@type\":\"ListItem\",\"position\":5,\"name\":\"Compact Welding Gun\"}]},{\"@type\":\"WebSite\",\"@id\":\"https:\/\/www.comau.com\/fr\/#website\",\"url\":\"https:\/\/www.comau.com\/fr\/\",\"name\":\"Comau\",\"description\":\"Industrial automation and robotics\",\"publisher\":{\"@id\":\"https:\/\/www.comau.com\/fr\/#organization\"},\"potentialAction\":[{\"@type\":\"SearchAction\",\"target\":{\"@type\":\"EntryPoint\",\"urlTemplate\":\"https:\/\/www.comau.com\/fr\/?s={search_term_string}\"},\"query-input\":{\"@type\":\"PropertyValueSpecification\",\"valueRequired\":true,\"valueName\":\"search_term_string\"}}],\"inLanguage\":\"fr-FR\"},{\"@type\":\"Organization\",\"@id\":\"https:\/\/www.comau.com\/fr\/#organization\",\"name\":\"Comau\",\"url\":\"https:\/\/www.comau.com\/fr\/\",\"logo\":{\"@type\":\"ImageObject\",\"inLanguage\":\"fr-FR\",\"@id\":\"https:\/\/www.comau.com\/fr\/#\/schema\/logo\/image\/\",\"url\":\"https:\/\/www.comau.com\/wp-content\/uploads\/2024\/07\/cropped-Logo-COMAU.png\",\"contentUrl\":\"https:\/\/www.comau.com\/wp-content\/uploads\/2024\/07\/cropped-Logo-COMAU.png\",\"width\":434,\"height\":434,\"caption\":\"Comau\"},\"image\":{\"@id\":\"https:\/\/www.comau.com\/fr\/#\/schema\/logo\/image\/\"},\"sameAs\":[\"https:\/\/www.facebook.com\/COMAU\/\",\"https:\/\/x.com\/comaugroup\",\"https:\/\/www.instagram.com\/comaugroup\/\",\"https:\/\/www.linkedin.com\/company\/comau\",\"https:\/\/www.youtube.com\/user\/comau\"]}]}<\/script>\n<!-- \/ Yoast SEO plugin. -->","yoast_head_json":{"title":"Robot de soudage compact : Robot Welding Guns | Comau","description":"D\u00e9couvrez la section Comau consacr\u00e9e au welding gun ultra-l\u00e9ger et compact, adapt\u00e9 \u00e0 tous les types de soudage par points.","robots":{"index":"index","follow":"follow","max-snippet":"max-snippet:-1","max-image-preview":"max-image-preview:large","max-video-preview":"max-video-preview:-1"},"canonical":"https:\/\/www.comau.com\/fr\/competencies\/systems\/solutions\/products\/compact-welding-gun\/","og_locale":"fr_FR","og_type":"article","og_title":"Robot de soudage compact : Robot Welding Guns | Comau","og_description":"D\u00e9couvrez la section Comau consacr\u00e9e au welding gun ultra-l\u00e9ger et compact, adapt\u00e9 \u00e0 tous les types de soudage par points.","og_url":"https:\/\/www.comau.com\/fr\/competencies\/systems\/solutions\/products\/compact-welding-gun\/","og_site_name":"Comau","article_publisher":"https:\/\/www.facebook.com\/COMAU\/","article_modified_time":"2025-03-19T12:59:30+00:00","og_image":[{"width":1280,"height":485,"url":"https:\/\/www.comau.com\/wp-content\/uploads\/2021\/06\/compact-gun_header.jpg","type":"image\/jpeg"}],"twitter_card":"summary_large_image","twitter_site":"@comaugroup","twitter_misc":{"Dur\u00e9e de lecture estim\u00e9e":"1 minute"},"schema":{"@context":"https:\/\/schema.org","@graph":[{"@type":"WebPage","@id":"https:\/\/www.comau.com\/fr\/competencies\/systems\/solutions\/products\/compact-welding-gun\/","url":"https:\/\/www.comau.com\/fr\/competencies\/systems\/solutions\/products\/compact-welding-gun\/","name":"Robot de soudage compact : Robot Welding Guns | Comau","isPartOf":{"@id":"https:\/\/www.comau.com\/fr\/#website"},"primaryImageOfPage":{"@id":"https:\/\/www.comau.com\/fr\/competencies\/systems\/solutions\/products\/compact-welding-gun\/#primaryimage"},"image":{"@id":"https:\/\/www.comau.com\/fr\/competencies\/systems\/solutions\/products\/compact-welding-gun\/#primaryimage"},"thumbnailUrl":"https:\/\/www.comau.com\/wp-content\/uploads\/2021\/06\/compact-gun_header.jpg","datePublished":"2021-06-08T07:28:58+00:00","dateModified":"2025-03-19T12:59:30+00:00","description":"D\u00e9couvrez la section Comau consacr\u00e9e au welding gun ultra-l\u00e9ger et compact, adapt\u00e9 \u00e0 tous les types de soudage par points.","breadcrumb":{"@id":"https:\/\/www.comau.com\/fr\/competencies\/systems\/solutions\/products\/compact-welding-gun\/#breadcrumb"},"inLanguage":"fr-FR","potentialAction":[{"@type":"ReadAction","target":["https:\/\/www.comau.com\/fr\/competencies\/systems\/solutions\/products\/compact-welding-gun\/"]}]},{"@type":"ImageObject","inLanguage":"fr-FR","@id":"https:\/\/www.comau.com\/fr\/competencies\/systems\/solutions\/products\/compact-welding-gun\/#primaryimage","url":"https:\/\/www.comau.com\/wp-content\/uploads\/2021\/06\/compact-gun_header.jpg","contentUrl":"https:\/\/www.comau.com\/wp-content\/uploads\/2021\/06\/compact-gun_header.jpg","width":1280,"height":485},{"@type":"BreadcrumbList","@id":"https:\/\/www.comau.com\/fr\/competencies\/systems\/solutions\/products\/compact-welding-gun\/#breadcrumb","itemListElement":[{"@type":"ListItem","position":1,"name":"Home","item":"https:\/\/www.comau.com\/fr\/"},{"@type":"ListItem","position":2,"name":"Nos comp\u00e9tences","item":"https:\/\/www.comau.com\/fr\/competencies\/"},{"@type":"ListItem","position":3,"name":"Body Assembly","item":"https:\/\/www.comau.com\/fr\/competencies\/body-assembly\/"},{"@type":"ListItem","position":4,"name":"Produits","item":"https:\/\/www.comau.com\/fr\/competencies\/body-assembly\/products\/"},{"@type":"ListItem","position":5,"name":"Compact Welding Gun"}]},{"@type":"WebSite","@id":"https:\/\/www.comau.com\/fr\/#website","url":"https:\/\/www.comau.com\/fr\/","name":"Comau","description":"Industrial automation and robotics","publisher":{"@id":"https:\/\/www.comau.com\/fr\/#organization"},"potentialAction":[{"@type":"SearchAction","target":{"@type":"EntryPoint","urlTemplate":"https:\/\/www.comau.com\/fr\/?s={search_term_string}"},"query-input":{"@type":"PropertyValueSpecification","valueRequired":true,"valueName":"search_term_string"}}],"inLanguage":"fr-FR"},{"@type":"Organization","@id":"https:\/\/www.comau.com\/fr\/#organization","name":"Comau","url":"https:\/\/www.comau.com\/fr\/","logo":{"@type":"ImageObject","inLanguage":"fr-FR","@id":"https:\/\/www.comau.com\/fr\/#\/schema\/logo\/image\/","url":"https:\/\/www.comau.com\/wp-content\/uploads\/2024\/07\/cropped-Logo-COMAU.png","contentUrl":"https:\/\/www.comau.com\/wp-content\/uploads\/2024\/07\/cropped-Logo-COMAU.png","width":434,"height":434,"caption":"Comau"},"image":{"@id":"https:\/\/www.comau.com\/fr\/#\/schema\/logo\/image\/"},"sameAs":["https:\/\/www.facebook.com\/COMAU\/","https:\/\/x.com\/comaugroup","https:\/\/www.instagram.com\/comaugroup\/","https:\/\/www.linkedin.com\/company\/comau","https:\/\/www.youtube.com\/user\/comau"]}]}},"_links":{"self":[{"href":"https:\/\/www.comau.com\/fr\/wp-json\/wp\/v2\/pages\/4915","targetHints":{"allow":["GET"]}}],"collection":[{"href":"https:\/\/www.comau.com\/fr\/wp-json\/wp\/v2\/pages"}],"about":[{"href":"https:\/\/www.comau.com\/fr\/wp-json\/wp\/v2\/types\/page"}],"author":[{"embeddable":true,"href":"https:\/\/www.comau.com\/fr\/wp-json\/wp\/v2\/users\/11"}],"replies":[{"embeddable":true,"href":"https:\/\/www.comau.com\/fr\/wp-json\/wp\/v2\/comments?post=4915"}],"version-history":[{"count":21,"href":"https:\/\/www.comau.com\/fr\/wp-json\/wp\/v2\/pages\/4915\/revisions"}],"predecessor-version":[{"id":74162,"href":"https:\/\/www.comau.com\/fr\/wp-json\/wp\/v2\/pages\/4915\/revisions\/74162"}],"up":[{"embeddable":true,"href":"https:\/\/www.comau.com\/fr\/wp-json\/wp\/v2\/pages\/4830"}],"wp:featuredmedia":[{"embeddable":true,"href":"https:\/\/www.comau.com\/fr\/wp-json\/wp\/v2\/media\/4922"}],"wp:attachment":[{"href":"https:\/\/www.comau.com\/fr\/wp-json\/wp\/v2\/media?parent=4915"}],"curies":[{"name":"wp","href":"https:\/\/api.w.org\/{rel}","templated":true}]}}