{"id":49083,"date":"2023-04-13T02:28:18","date_gmt":"2023-04-13T00:28:18","guid":{"rendered":"https:\/\/www.comau.com\/?page_id=49083"},"modified":"2023-04-13T12:43:16","modified_gmt":"2023-04-13T10:43:16","slug":"comau-livre-a-hycan-une-production-flexible","status":"publish","type":"page","link":"https:\/\/www.comau.com\/fr\/about-us\/success-stories\/comau-livre-a-hycan-une-production-flexible\/","title":{"rendered":"Comau livre \u00e0 Hycan une production flexible et une solution innovante de soudage de carrosserie"},"content":{"rendered":"\n<p>Alors que les exigences des consommateurs \u00e0 l&rsquo;\u00e9gard des v\u00e9hicules de haute qualit\u00e9 augmentent, la demande du march\u00e9 est de plus en plus diversifi\u00e9e et personnalis\u00e9e. Par cons\u00e9quent, l&rsquo;industrie automobile a progressivement \u00e9volu\u00e9 de la production de masse \u00e0 l\u2019assemblage de multiples variantes et \u00e0 faible volume. our relever ce d\u00e9fi, les constructeurs automobiles se concentrent sur des m\u00e9thodes de production qui s\u2019adaptent \u00e0 cette tendance du march\u00e9 en raccourcissant le cycle de changement de mod\u00e8les et en acc\u00e9l\u00e9rant le renouvellement des mod\u00e8les. Cela implique qu\u2019une cha\u00eene de production assume la t\u00e2che de production en co-cha\u00eene pour plusieurs mod\u00e8les afin de parvenir \u00e0 une plus grande rentabilit\u00e9, ce qui n\u00e9cessite une cha\u00eene de production de caisses en blanc tr\u00e8s flexible.<\/p>\n\n\n\n<p>Fond\u00e9 en 2018, Hycan Automotive Technology Co., Ltd. (Hycan) est sp\u00e9cialis\u00e9 dans le d\u00e9veloppement et le service de v\u00e9hicules \u00e0 \u00e9nergie nouvelle, avec pour objectif strat\u00e9gique d&rsquo;attirer les jeunes consommateurs du march\u00e9 chinois. Compte tenu des diverses pr\u00e9f\u00e9rences de ses utilisateurs cibles, de la n\u00e9cessit\u00e9 de d\u00e9velopper en peu de temps une large gamme de produits et de l\u2019it\u00e9ration rapide de son offre, le constructeur chinois de v\u00e9hicules \u00e9lectriques a charg\u00e9 Comau de construire une ligne d\u2019assemblage par soudage hautement flexible capable de r\u00e9pondre \u00e0 l\u2019\u00e9volution de ses besoins de fabrication. <\/p>\n\n\n\n<p><\/p>\n\n\n\n<div class=\"wp-block-group wide-section-light-1 py-5 my-5\"><div class=\"wp-block-group__inner-container is-layout-flow wp-block-group-is-layout-flow\">\n<blockquote class=\"wp-block-quote is-layout-flow wp-block-quote-is-layout-flow\">\n<blockquote class=\"wp-block-quote is-layout-flow wp-block-quote-is-layout-flow\">\n<p><em>Les r\u00e9sultats de la premi\u00e8re collaboration entre Hycan et Comau sont tr\u00e8s satisfaisants. Les technologies innovantes et les comp\u00e9tences des ing\u00e9nieurs de Comau tout au long du projet confirment pleinement sa position de leader dans le domaine des solutions d\u2019assemblage de carrosserie. Ils ont fourni une garantie importante de l\u2019efficacit\u00e9 et de la qualit\u00e9 du traitement pour notre premier projet de production<\/em>.<\/p>\n<\/blockquote>\n<cite>Feng Yiqiang, directeur de Hycan Intelligent Process.<\/cite><\/blockquote>\n<\/div><\/div>\n\n\n\n<div class=\"wp-block-columns is-layout-flex wp-container-core-columns-is-layout-9d6595d7 wp-block-columns-is-layout-flex\">\n<div class=\"wp-block-column is-layout-flow wp-block-column-is-layout-flow\">\n<h2 class=\"h3 wp-block-heading\" id=\"the-challenge\">D\u00e9fi<\/h2>\n\n\n\n<p>Hycan avait besoin d\u2019une solution d\u2019assemblage capable de r\u00e9pondre aux exigences de production de masse personnalis\u00e9e tout en r\u00e9duisant les co\u00fbts et en am\u00e9liorant l\u2019efficacit\u00e9 du cycle. Cependant, comme l\u2019initiative allait repr\u00e9senter le premier projet de production depuis sa cr\u00e9ation, il a fallu accorder une attention particuli\u00e8re \u00e0 la compatibilit\u00e9 avec les mod\u00e8les matures et les plateformes de fabrication existantes utilis\u00e9es par son partenaire de joint-venture GAC Group.<\/p>\n\n\n\n<p>Autrement dit, Comau devait garantir la compatibilit\u00e9 avec les plateformes de production existantes ainsi que l\u2019introduction, l\u2019adaptation et l\u2019\u00e9volutivit\u00e9 fluide des nouveaux mod\u00e8les Hycan. Comau devait \u00e9galement garantir \u00e0 Hycan une flexibilit\u00e9 totale pour les futures productions. Enfin, la solution devrait atteindre une efficacit\u00e9 de 60 t\u00e2ches par heure (JPH) pour soutenir l\u2019objectif de capacit\u00e9 de production du client.<\/p>\n<\/div>\n\n\n\n<div class=\"wp-block-column is-layout-flow wp-block-column-is-layout-flow\">\n<h2 class=\"h3 wp-block-heading\" id=\"the-solution\">Solution<\/h2>\n\n\n\n<p>Les ing\u00e9nieurs de Comau se sont lanc\u00e9s dans la conception d\u2019une cha\u00eene de soudage extr\u00eamement flexible qui permettrait de produire plusieurs types de v\u00e9hicules \u00e0 la fois et d\u2019ajuster les quantit\u00e9s de production en fonction des conditions du march\u00e9. Cela r\u00e9duirait consid\u00e9rablement le cycle de production tout en garantissant des \u00e9conomies d\u2019\u00e9chelle et la capacit\u00e9 de r\u00e9pondre aux besoins de diversification des produits du client. <\/p>\n\n\n\n<p>En combinant son <a href=\"https:\/\/www.comau.com\/fr\/about-us\/\" target=\"_blank\" rel=\"noreferrer noopener\">expertise de longue date<\/a> \u00e0 l\u2019excellence des processus et de la conception, Comau a d\u00e9velopp\u00e9 une solution de ligne d\u2019assemblage hautement intelligente qui t\u00e9moigne de sa volont\u00e9 d&rsquo;am\u00e9liorer la flexibilit\u00e9 et l\u2019efficacit\u00e9 dans <a href=\"https:\/\/www.comau.com\/fr\/competencies\/body-assembly\/\" target=\"_blank\" rel=\"noreferrer noopener\">l\u2019assemblage de la carrosserie<\/a>. Le syst\u00e8me de soudage innovant se caract\u00e9rise par la transformation et le d\u00e9veloppement ind\u00e9pendants de son m\u00e9canisme de transmission. Gr\u00e2ce \u00e0 la combinaison intelligente du programme de conduite et d\u2019un servo-m\u00e9canisme flexible, qui est en outre facilit\u00e9e par le syst\u00e8me d\u2019assemblage de la caisse nue Opengate de Comau et les technologies de mise en service virtuelles, la solution compl\u00e8te garantit une fabrication multi-mod\u00e8les, des temps de cycle rapides et une r\u00e9duction consid\u00e9rable des pertes de production.<\/p>\n\n\n\n<p>Pour r\u00e9soudre les probl\u00e8mes d\u2019introduction de nouveaux v\u00e9hicules, de perte de temps et de co\u00fbts \u00e9lev\u00e9s, les ing\u00e9nieurs de Comau ont pass\u00e9 deux mois \u00e0 modifier la m\u00e9thode de convoyage bas\u00e9e sur la navette de la ligne d\u2019assemblage pour l\u2019associer \u00e0 un servo-m\u00e9canisme flexible. De cette mani\u00e8re, les avantages en termes de co\u00fbts et l&rsquo;am\u00e9lioration des temps de cycle peuvent \u00eatre appliqu\u00e9s aux deux solutions<strong> <\/strong>en \u00e9quilibrant le faible co\u00fbt et la vitesse \u00e9lev\u00e9e de la solution de transmission avec la facilit\u00e9 d\u2019\u00e9volutivit\u00e9 et la r\u00e9p\u00e9tabilit\u00e9 \u00e9lev\u00e9e de la solution de fixation NC Locator.<\/p>\n\n\n\n<p>Autre \u00e9l\u00e9ment fondamental de la ligne: le <a href=\"https:\/\/www.comau.com\/fr\/competencies\/systems\/solutions\/open-robogate\/\" target=\"_blank\" rel=\"noreferrer noopener\">syst\u00e8me d\u2019assemblage Opengate<\/a> de Comau, qui permet un assemblage flexible et de haute pr\u00e9cision de la caisse en blanc en pla\u00e7ant la fixation pour diff\u00e9rents mod\u00e8les sur leurs glissi\u00e8res connect\u00e9es respectives. Ainsi, le changement de gabarit et de mod\u00e8le n\u00e9cessite simplement de d\u00e9placer le gabarit de diff\u00e9rents mod\u00e8les vers la station d\u2019assemblage. <\/p>\n<\/div>\n<\/div>\n\n\n\n<div class=\"wp-block-group wide-section-light-1 py-5 my-5\"><div class=\"wp-block-group__inner-container is-layout-flow wp-block-group-is-layout-flow\">\n<div class=\"wp-block-group wide-section-light-1 py-5 my-5\"><div class=\"wp-block-group__inner-container is-layout-flow wp-block-group-is-layout-flow\">\n<h2 class=\"h2 wp-block-heading\" id=\"the-results\">R\u00e9sultats<\/h2>\n\n\n\n<p>En collaborant avec Hycan pour obtenir un mode de production automatis\u00e9 flexible capable de basculer de mani\u00e8re al\u00e9atoire entre quatre plateformes diff\u00e9rentes, Comau a con\u00e7u et d\u00e9ploy\u00e9 une ligne de soudage innovante capable de r\u00e9pondre aux besoins du client en mati\u00e8re de solutions de carrosserie avanc\u00e9es et personnalis\u00e9es. <\/p>\n\n\n\n<p>Gr\u00e2ce \u00e0 un taux d\u2019automatisation de 100% avec une EGE (efficacit\u00e9 globale de l\u2019\u00e9quipement) sup\u00e9rieure \u00e0 90%, la solution con\u00e7ue par Comau garantit une capacit\u00e9 de production annuelle allant jusqu\u2019\u00e0 200000 unit\u00e9s, conform\u00e9ment aux attentes du client. De plus, la flexibilit\u00e9 du syst\u00e8me d\u2019assemblage Opengate lui permet de s\u2019adapter \u00e0 la production en co-production de plusieurs produits, ind\u00e9pendamment de la pr\u00e9sence ou non d\u2019un assemblage de pi\u00e8ces d\u00e9tach\u00e9es. Et comme il peut r\u00e9aliser une production mixte al\u00e9atoire de 1 \u00e0 6 mod\u00e8les, il permet \u00e0 <a href=\"https:\/\/www.hycan.com.cn\/\" target=\"_blank\" rel=\"noreferrer noopener\">Hycan<\/a> d\u2019atteindre une v\u00e9ritable production sans perte.<\/p>\n\n\n\n<p>Le projet a \u00e9t\u00e9 mis en \u0153uvre sur le site de production d\u2019Hycan \u00e0 Hangzhou, o\u00f9 sont produites aujourd\u2019hui en s\u00e9rie la berline tout \u00e9lectrique de la marque, l\u2019A06, et le SUV Z03 tendance, smartdrive tout \u00e9lectrique.<\/p>\n\n\n\n<div class=\"wp-block-columns is-layout-flex wp-container-core-columns-is-layout-9d6595d7 wp-block-columns-is-layout-flex\">\n<div class=\"wp-block-column is-layout-flow wp-block-column-is-layout-flow\">\n<div class=\"wp-block-getwid-counter \u00b0\"><div class=\"wp-block-getwid-counter__wrapper\" data-start=\"0\" data-end=\"90\" data-decimal-places=\"0\" data-duration=\"\" data-use-easing=\"true\" data-use-grouping=\"true\" data-separator=\",\" data-decimal=\".\" data-easing-fn=\"outExpo\" data-numerals=\"default\"><p class=\"wp-block-getwid-counter__prefix\">&gt;<\/p><span class=\"wp-block-getwid-counter__number\">0<\/span><p class=\"wp-block-getwid-counter__suffix\">%<\/p><\/div><\/div>\n\n\n\n<p>Efficacit\u00e9 globale de l\u2019\u00e9quipement<\/p>\n<\/div>\n\n\n\n<div class=\"wp-block-column is-layout-flow wp-block-column-is-layout-flow\">\n<div class=\"wp-block-getwid-counter\"><div class=\"wp-block-getwid-counter__wrapper\" data-start=\"0\" data-end=\"200\" data-decimal-places=\"0\" data-duration=\"3\" data-use-easing=\"true\" data-use-grouping=\"true\" data-separator=\",\" data-decimal=\".\" data-easing-fn=\"outExpo\" data-numerals=\"default\"><span class=\"wp-block-getwid-counter__number\">0<\/span><p class=\"wp-block-getwid-counter__suffix\">K<\/p><\/div><\/div>\n\n\n\n<p>Capacit\u00e9 de production annuelle<\/p>\n<\/div>\n\n\n\n<div class=\"wp-block-column is-layout-flow wp-block-column-is-layout-flow\">\n<div class=\"wp-block-getwid-counter\"><div class=\"wp-block-getwid-counter__wrapper\" data-start=\"0\" data-end=\"6\" data-decimal-places=\"0\" data-duration=\"3\" data-use-easing=\"true\" data-use-grouping=\"true\" data-separator=\",\" data-decimal=\".\" data-easing-fn=\"outExpo\" data-numerals=\"default\"><span class=\"wp-block-getwid-counter__number\">0<\/span><p class=\"wp-block-getwid-counter__suffix\"> <\/p><\/div><\/div>\n\n\n\n<p>Production al\u00e9atoire jusqu\u2019\u00e0 6 mod\u00e8les<\/p>\n<\/div>\n\n\n\n<div class=\"wp-block-column is-layout-flow wp-block-column-is-layout-flow\"><\/div>\n<\/div>\n<\/div><\/div>\n\n\n\n<div class=\"wp-block-columns is-layout-flex wp-container-core-columns-is-layout-9d6595d7 wp-block-columns-is-layout-flex\">\n<div class=\"wp-block-column is-layout-flow wp-block-column-is-layout-flow\"><\/div>\n\n\n\n<div class=\"wp-block-column is-layout-flow wp-block-column-is-layout-flow\"><\/div>\n<\/div>\n<\/div><\/div>\n\n\n\n<div class=\"wp-block-group\"><div class=\"wp-block-group__inner-container is-layout-flow wp-block-group-is-layout-flow\"><\/div><\/div>\n\n\n\n<div class=\"wp-block-columns is-layout-flex wp-container-core-columns-is-layout-9d6595d7 wp-block-columns-is-layout-flex\">\n<div class=\"wp-block-column is-layout-flow wp-block-column-is-layout-flow\"><\/div>\n<\/div>\n","protected":false},"excerpt":{"rendered":"<p>Alors que les exigences des consommateurs \u00e0 l&rsquo;\u00e9gard des v\u00e9hicules de haute qualit\u00e9 augmentent, la demande du march\u00e9 est de plus en plus diversifi\u00e9e et personnalis\u00e9e. Par cons\u00e9quent, l&rsquo;industrie automobile a progressivement \u00e9volu\u00e9 de la production de masse \u00e0 l\u2019assemblage de multiples variantes et \u00e0 faible volume. our relever ce d\u00e9fi, les constructeurs automobiles se [&hellip;]<\/p>\n","protected":false},"author":19,"featured_media":52328,"parent":41298,"menu_order":3,"comment_status":"closed","ping_status":"closed","template":"","meta":{"_acf_changed":false,"ep_exclude_from_search":false,"footnotes":""},"class_list":["post-49083","page","type-page","status-publish","has-post-thumbnail","hentry"],"acf":[],"yoast_head":"<!-- This site is optimized with the Yoast SEO plugin v26.9 - https:\/\/yoast.com\/product\/yoast-seo-wordpress\/ -->\n<title>Comau accorde un syst\u00e8me de production flexible \u00e0 Hycan EVs<\/title>\n<meta name=\"description\" content=\"Le syst\u00e8me de production flexible garantit la fabrication de plusieurs mod\u00e8les de v\u00e9hicules \u00e0 \u00e9nergie nouvelle et une r\u00e9duction concr\u00e8te des pertes de production.\" \/>\n<meta name=\"robots\" content=\"index, follow, max-snippet:-1, max-image-preview:large, max-video-preview:-1\" \/>\n<link rel=\"canonical\" href=\"https:\/\/www.comau.com\/fr\/about-us\/success-stories\/comau-livre-a-hycan-une-production-flexible\/\" \/>\n<meta property=\"og:locale\" content=\"fr_FR\" \/>\n<meta property=\"og:type\" content=\"article\" \/>\n<meta property=\"og:title\" content=\"Comau accorde un syst\u00e8me de production flexible \u00e0 Hycan EVs\" \/>\n<meta property=\"og:description\" content=\"Le syst\u00e8me de production flexible garantit la fabrication de plusieurs mod\u00e8les de v\u00e9hicules \u00e0 \u00e9nergie nouvelle et une r\u00e9duction concr\u00e8te des pertes de production.\" \/>\n<meta property=\"og:url\" content=\"https:\/\/www.comau.com\/fr\/about-us\/success-stories\/comau-livre-a-hycan-une-production-flexible\/\" \/>\n<meta property=\"og:site_name\" content=\"Comau\" \/>\n<meta property=\"article:publisher\" content=\"https:\/\/www.facebook.com\/COMAU\/\" \/>\n<meta property=\"article:modified_time\" content=\"2023-04-13T10:43:16+00:00\" \/>\n<meta property=\"og:image\" content=\"https:\/\/www.comau.com\/wp-content\/uploads\/2023\/04\/The-welding-area-of-mainline-integrating-underbodybody-side-scaled.jpg\" \/>\n\t<meta property=\"og:image:width\" content=\"1922\" \/>\n\t<meta property=\"og:image:height\" content=\"2560\" \/>\n\t<meta property=\"og:image:type\" content=\"image\/jpeg\" \/>\n<meta name=\"twitter:card\" content=\"summary_large_image\" \/>\n<meta name=\"twitter:site\" content=\"@comaugroup\" \/>\n<meta name=\"twitter:label1\" content=\"Dur\u00e9e de lecture estim\u00e9e\" \/>\n\t<meta name=\"twitter:data1\" content=\"5 minutes\" \/>\n<script type=\"application\/ld+json\" class=\"yoast-schema-graph\">{\"@context\":\"https:\/\/schema.org\",\"@graph\":[{\"@type\":\"WebPage\",\"@id\":\"https:\/\/www.comau.com\/fr\/about-us\/success-stories\/comau-livre-a-hycan-une-production-flexible\/\",\"url\":\"https:\/\/www.comau.com\/fr\/about-us\/success-stories\/comau-livre-a-hycan-une-production-flexible\/\",\"name\":\"Comau accorde un syst\u00e8me de production flexible \u00e0 Hycan EVs\",\"isPartOf\":{\"@id\":\"https:\/\/www.comau.com\/fr\/#website\"},\"primaryImageOfPage\":{\"@id\":\"https:\/\/www.comau.com\/fr\/about-us\/success-stories\/comau-livre-a-hycan-une-production-flexible\/#primaryimage\"},\"image\":{\"@id\":\"https:\/\/www.comau.com\/fr\/about-us\/success-stories\/comau-livre-a-hycan-une-production-flexible\/#primaryimage\"},\"thumbnailUrl\":\"https:\/\/www.comau.com\/wp-content\/uploads\/2023\/04\/The-welding-area-of-mainline-integrating-underbodybody-side-scaled.jpg\",\"datePublished\":\"2023-04-13T00:28:18+00:00\",\"dateModified\":\"2023-04-13T10:43:16+00:00\",\"description\":\"Le syst\u00e8me de production flexible garantit la fabrication de plusieurs mod\u00e8les de v\u00e9hicules \u00e0 \u00e9nergie nouvelle et une r\u00e9duction concr\u00e8te des pertes de production.\",\"breadcrumb\":{\"@id\":\"https:\/\/www.comau.com\/fr\/about-us\/success-stories\/comau-livre-a-hycan-une-production-flexible\/#breadcrumb\"},\"inLanguage\":\"fr-FR\",\"potentialAction\":[{\"@type\":\"ReadAction\",\"target\":[\"https:\/\/www.comau.com\/fr\/about-us\/success-stories\/comau-livre-a-hycan-une-production-flexible\/\"]}]},{\"@type\":\"ImageObject\",\"inLanguage\":\"fr-FR\",\"@id\":\"https:\/\/www.comau.com\/fr\/about-us\/success-stories\/comau-livre-a-hycan-une-production-flexible\/#primaryimage\",\"url\":\"https:\/\/www.comau.com\/wp-content\/uploads\/2023\/04\/The-welding-area-of-mainline-integrating-underbodybody-side-scaled.jpg\",\"contentUrl\":\"https:\/\/www.comau.com\/wp-content\/uploads\/2023\/04\/The-welding-area-of-mainline-integrating-underbodybody-side-scaled.jpg\",\"width\":1922,\"height\":2560,\"caption\":\"The-welding-area-of-mainline-integrating-underbodybody\"},{\"@type\":\"BreadcrumbList\",\"@id\":\"https:\/\/www.comau.com\/fr\/about-us\/success-stories\/comau-livre-a-hycan-une-production-flexible\/#breadcrumb\",\"itemListElement\":[{\"@type\":\"ListItem\",\"position\":1,\"name\":\"Home\",\"item\":\"https:\/\/www.comau.com\/fr\/\"},{\"@type\":\"ListItem\",\"position\":2,\"name\":\"\u00c0 propos de Comau\",\"item\":\"https:\/\/www.comau.com\/fr\/about-us\/\"},{\"@type\":\"ListItem\",\"position\":3,\"name\":\"Success Stories\",\"item\":\"https:\/\/www.comau.com\/fr\/about-us\/success-stories\/\"},{\"@type\":\"ListItem\",\"position\":4,\"name\":\"Comau livre \u00e0 Hycan une production flexible et une solution innovante de soudage de carrosserie\"}]},{\"@type\":\"WebSite\",\"@id\":\"https:\/\/www.comau.com\/fr\/#website\",\"url\":\"https:\/\/www.comau.com\/fr\/\",\"name\":\"Comau\",\"description\":\"Industrial automation and robotics\",\"publisher\":{\"@id\":\"https:\/\/www.comau.com\/fr\/#organization\"},\"potentialAction\":[{\"@type\":\"SearchAction\",\"target\":{\"@type\":\"EntryPoint\",\"urlTemplate\":\"https:\/\/www.comau.com\/fr\/?s={search_term_string}\"},\"query-input\":{\"@type\":\"PropertyValueSpecification\",\"valueRequired\":true,\"valueName\":\"search_term_string\"}}],\"inLanguage\":\"fr-FR\"},{\"@type\":\"Organization\",\"@id\":\"https:\/\/www.comau.com\/fr\/#organization\",\"name\":\"Comau\",\"url\":\"https:\/\/www.comau.com\/fr\/\",\"logo\":{\"@type\":\"ImageObject\",\"inLanguage\":\"fr-FR\",\"@id\":\"https:\/\/www.comau.com\/fr\/#\/schema\/logo\/image\/\",\"url\":\"https:\/\/www.comau.com\/wp-content\/uploads\/2024\/07\/cropped-Logo-COMAU.png\",\"contentUrl\":\"https:\/\/www.comau.com\/wp-content\/uploads\/2024\/07\/cropped-Logo-COMAU.png\",\"width\":434,\"height\":434,\"caption\":\"Comau\"},\"image\":{\"@id\":\"https:\/\/www.comau.com\/fr\/#\/schema\/logo\/image\/\"},\"sameAs\":[\"https:\/\/www.facebook.com\/COMAU\/\",\"https:\/\/x.com\/comaugroup\",\"https:\/\/www.instagram.com\/comaugroup\/\",\"https:\/\/www.linkedin.com\/company\/comau\",\"https:\/\/www.youtube.com\/user\/comau\"]}]}<\/script>\n<!-- \/ Yoast SEO plugin. -->","yoast_head_json":{"title":"Comau accorde un syst\u00e8me de production flexible \u00e0 Hycan EVs","description":"Le syst\u00e8me de production flexible garantit la fabrication de plusieurs mod\u00e8les de v\u00e9hicules \u00e0 \u00e9nergie nouvelle et une r\u00e9duction concr\u00e8te des pertes de production.","robots":{"index":"index","follow":"follow","max-snippet":"max-snippet:-1","max-image-preview":"max-image-preview:large","max-video-preview":"max-video-preview:-1"},"canonical":"https:\/\/www.comau.com\/fr\/about-us\/success-stories\/comau-livre-a-hycan-une-production-flexible\/","og_locale":"fr_FR","og_type":"article","og_title":"Comau accorde un syst\u00e8me de production flexible \u00e0 Hycan EVs","og_description":"Le syst\u00e8me de production flexible garantit la fabrication de plusieurs mod\u00e8les de v\u00e9hicules \u00e0 \u00e9nergie nouvelle et une r\u00e9duction concr\u00e8te des pertes de production.","og_url":"https:\/\/www.comau.com\/fr\/about-us\/success-stories\/comau-livre-a-hycan-une-production-flexible\/","og_site_name":"Comau","article_publisher":"https:\/\/www.facebook.com\/COMAU\/","article_modified_time":"2023-04-13T10:43:16+00:00","og_image":[{"width":1922,"height":2560,"url":"https:\/\/www.comau.com\/wp-content\/uploads\/2023\/04\/The-welding-area-of-mainline-integrating-underbodybody-side-scaled.jpg","type":"image\/jpeg"}],"twitter_card":"summary_large_image","twitter_site":"@comaugroup","twitter_misc":{"Dur\u00e9e de lecture estim\u00e9e":"5 minutes"},"schema":{"@context":"https:\/\/schema.org","@graph":[{"@type":"WebPage","@id":"https:\/\/www.comau.com\/fr\/about-us\/success-stories\/comau-livre-a-hycan-une-production-flexible\/","url":"https:\/\/www.comau.com\/fr\/about-us\/success-stories\/comau-livre-a-hycan-une-production-flexible\/","name":"Comau accorde un syst\u00e8me de production flexible \u00e0 Hycan EVs","isPartOf":{"@id":"https:\/\/www.comau.com\/fr\/#website"},"primaryImageOfPage":{"@id":"https:\/\/www.comau.com\/fr\/about-us\/success-stories\/comau-livre-a-hycan-une-production-flexible\/#primaryimage"},"image":{"@id":"https:\/\/www.comau.com\/fr\/about-us\/success-stories\/comau-livre-a-hycan-une-production-flexible\/#primaryimage"},"thumbnailUrl":"https:\/\/www.comau.com\/wp-content\/uploads\/2023\/04\/The-welding-area-of-mainline-integrating-underbodybody-side-scaled.jpg","datePublished":"2023-04-13T00:28:18+00:00","dateModified":"2023-04-13T10:43:16+00:00","description":"Le syst\u00e8me de production flexible garantit la fabrication de plusieurs mod\u00e8les de v\u00e9hicules \u00e0 \u00e9nergie nouvelle et une r\u00e9duction concr\u00e8te des pertes de production.","breadcrumb":{"@id":"https:\/\/www.comau.com\/fr\/about-us\/success-stories\/comau-livre-a-hycan-une-production-flexible\/#breadcrumb"},"inLanguage":"fr-FR","potentialAction":[{"@type":"ReadAction","target":["https:\/\/www.comau.com\/fr\/about-us\/success-stories\/comau-livre-a-hycan-une-production-flexible\/"]}]},{"@type":"ImageObject","inLanguage":"fr-FR","@id":"https:\/\/www.comau.com\/fr\/about-us\/success-stories\/comau-livre-a-hycan-une-production-flexible\/#primaryimage","url":"https:\/\/www.comau.com\/wp-content\/uploads\/2023\/04\/The-welding-area-of-mainline-integrating-underbodybody-side-scaled.jpg","contentUrl":"https:\/\/www.comau.com\/wp-content\/uploads\/2023\/04\/The-welding-area-of-mainline-integrating-underbodybody-side-scaled.jpg","width":1922,"height":2560,"caption":"The-welding-area-of-mainline-integrating-underbodybody"},{"@type":"BreadcrumbList","@id":"https:\/\/www.comau.com\/fr\/about-us\/success-stories\/comau-livre-a-hycan-une-production-flexible\/#breadcrumb","itemListElement":[{"@type":"ListItem","position":1,"name":"Home","item":"https:\/\/www.comau.com\/fr\/"},{"@type":"ListItem","position":2,"name":"\u00c0 propos de Comau","item":"https:\/\/www.comau.com\/fr\/about-us\/"},{"@type":"ListItem","position":3,"name":"Success Stories","item":"https:\/\/www.comau.com\/fr\/about-us\/success-stories\/"},{"@type":"ListItem","position":4,"name":"Comau livre \u00e0 Hycan une production flexible et une solution innovante de soudage de carrosserie"}]},{"@type":"WebSite","@id":"https:\/\/www.comau.com\/fr\/#website","url":"https:\/\/www.comau.com\/fr\/","name":"Comau","description":"Industrial automation and robotics","publisher":{"@id":"https:\/\/www.comau.com\/fr\/#organization"},"potentialAction":[{"@type":"SearchAction","target":{"@type":"EntryPoint","urlTemplate":"https:\/\/www.comau.com\/fr\/?s={search_term_string}"},"query-input":{"@type":"PropertyValueSpecification","valueRequired":true,"valueName":"search_term_string"}}],"inLanguage":"fr-FR"},{"@type":"Organization","@id":"https:\/\/www.comau.com\/fr\/#organization","name":"Comau","url":"https:\/\/www.comau.com\/fr\/","logo":{"@type":"ImageObject","inLanguage":"fr-FR","@id":"https:\/\/www.comau.com\/fr\/#\/schema\/logo\/image\/","url":"https:\/\/www.comau.com\/wp-content\/uploads\/2024\/07\/cropped-Logo-COMAU.png","contentUrl":"https:\/\/www.comau.com\/wp-content\/uploads\/2024\/07\/cropped-Logo-COMAU.png","width":434,"height":434,"caption":"Comau"},"image":{"@id":"https:\/\/www.comau.com\/fr\/#\/schema\/logo\/image\/"},"sameAs":["https:\/\/www.facebook.com\/COMAU\/","https:\/\/x.com\/comaugroup","https:\/\/www.instagram.com\/comaugroup\/","https:\/\/www.linkedin.com\/company\/comau","https:\/\/www.youtube.com\/user\/comau"]}]}},"_links":{"self":[{"href":"https:\/\/www.comau.com\/fr\/wp-json\/wp\/v2\/pages\/49083","targetHints":{"allow":["GET"]}}],"collection":[{"href":"https:\/\/www.comau.com\/fr\/wp-json\/wp\/v2\/pages"}],"about":[{"href":"https:\/\/www.comau.com\/fr\/wp-json\/wp\/v2\/types\/page"}],"author":[{"embeddable":true,"href":"https:\/\/www.comau.com\/fr\/wp-json\/wp\/v2\/users\/19"}],"replies":[{"embeddable":true,"href":"https:\/\/www.comau.com\/fr\/wp-json\/wp\/v2\/comments?post=49083"}],"version-history":[{"count":27,"href":"https:\/\/www.comau.com\/fr\/wp-json\/wp\/v2\/pages\/49083\/revisions"}],"predecessor-version":[{"id":52478,"href":"https:\/\/www.comau.com\/fr\/wp-json\/wp\/v2\/pages\/49083\/revisions\/52478"}],"up":[{"embeddable":true,"href":"https:\/\/www.comau.com\/fr\/wp-json\/wp\/v2\/pages\/41298"}],"wp:featuredmedia":[{"embeddable":true,"href":"https:\/\/www.comau.com\/fr\/wp-json\/wp\/v2\/media\/52328"}],"wp:attachment":[{"href":"https:\/\/www.comau.com\/fr\/wp-json\/wp\/v2\/media?parent=49083"}],"curies":[{"name":"wp","href":"https:\/\/api.w.org\/{rel}","templated":true}]}}