{"id":49003,"date":"2022-11-22T01:54:49","date_gmt":"2022-11-22T00:54:49","guid":{"rendered":"https:\/\/www.comau.com\/?page_id=49003"},"modified":"2022-12-15T22:41:58","modified_gmt":"2022-12-15T21:41:58","slug":"robotique-intelligente","status":"publish","type":"page","link":"https:\/\/www.comau.com\/fr\/competencies\/robotics-automation\/robotique-intelligente\/","title":{"rendered":"Robotique intelligente"},"content":{"rendered":"\n<h2 class=\"wp-block-heading\"><strong>Faire de l\u2019automatisation intelligente une r\u00e9alit\u00e9<\/strong><\/h2>\n\n\n\n<p>Imaginez la puissance d\u2019un paradigme d\u2019automatisation ouvert et facile \u00e0 utiliser, bas\u00e9 sur des robots intelligents suffisamment flexibles pour s\u2019adapter dynamiquement aux changements de l\u2019environnement de production et qui fait appel \u00e0 des syst\u00e8mes enti\u00e8rement int\u00e9gr\u00e9s, capables d\u2019optimiser automatiquement les processus, de garantir la qualit\u00e9, de r\u00e9duire les co\u00fbts et d\u2019acc\u00e9l\u00e9rer la reconfiguration.<\/p>\n\n\n\n<h2 class=\"wp-block-heading\"><strong>Donner aux robots les moyens de g\u00e9rer l\u2019inattendu<\/strong><\/h2>\n\n\n\n<p>La convergence des <a href=\"https:\/\/www.comau.com\/fr\/competencies\/products-solutions\/mi-ra\/\" target=\"_blank\" rel=\"noreferrer noopener\">syst\u00e8mes de vision sp\u00e9cialis\u00e9s<\/a>, de la <a href=\"https:\/\/www.comau.com\/fr\/competencies\/products-solutions\/robot-team\/\" target=\"_blank\" rel=\"noreferrer noopener\">robotique perfectionn\u00e9e<\/a>, du contr\u00f4le par les machines et de <a href=\"https:\/\/www.comau.com\/fr\/competencies\/robotics-automation\/thermography\/\" target=\"_blank\" rel=\"noreferrer noopener\">l\u2019intelligence artificielle<\/a> permet \u00e0 nos robots de g\u00e9rer la personnalisation, la variabilit\u00e9 et les processus dynamiques. Cela se traduit par des usines et des syst\u00e8mes de production plus intelligents et de meilleures performances globales.<\/p>\n\n\n\n<p>Puisque les <a href=\"https:\/\/www.comau.com\/fr\/competencies\/products-solutions\/robot-team\/\" target=\"_blank\" rel=\"noreferrer noopener\">robots<\/a> apprennent de plus en plus \u00e0 g\u00e9rer l\u2019inattendu, ils vous aident \u00e0 gagner du temps et \u00e9conomiser de l\u2019argent tout en renfor\u00e7ant votre capacit\u00e9 \u00e0 r\u00e9pondre aux besoins de production actuels et futurs.<\/p>\n\n\n\n<div class=\"wp-block-columns columns-bg-dark is-layout-flex wp-container-core-columns-is-layout-9d6595d7 wp-block-columns-is-layout-flex\">\n<div class=\"wp-block-column is-layout-flow wp-block-column-is-layout-flow\">\n<h3 class=\"wp-block-heading\"><strong>Simplification<\/strong><br><strong>des fonctionnalit\u00e9s pouss\u00e9es<\/strong><strong><\/strong><\/h3>\n\n\n\n<p>Les humains et les robots travaillant de plus en plus en harmonie au sein de l\u2019environnement de fabrication, la flexibilit\u00e9 et la productivit\u00e9 augmentent. Les robots comprennent les consignes en syntaxe humaine et les traduisent de mani\u00e8re autonome en code.<\/p>\n<\/div>\n\n\n\n<div class=\"wp-block-column is-layout-flow wp-block-column-is-layout-flow\">\n<h3 class=\"wp-block-heading\">Une production dynamique<br>en toute simplicit\u00e9<\/h3>\n\n\n\n<p>Le jeu d\u2019outils technologiques de Comau est le moteur de la production agile. Les capteurs et les syst\u00e8mes de vision permettent aux robots de voir ce qui se passe, de comprendre le monde r\u00e9el, d\u2019identifier les possibilit\u00e9s et de planifier et passer \u00e0 la suite en fonction<br>de donn\u00e9es d\u2019entr\u00e9e variables.<\/p>\n<\/div>\n\n\n\n<div class=\"wp-block-column is-layout-flow wp-block-column-is-layout-flow\">\n<h3 class=\"wp-block-heading\">Visibilit\u00e9 des processus et des syst\u00e8mes<br>en temps r\u00e9el<\/h3>\n\n\n\n<p>Depuis l\u2019analyse de l\u2019\u00e9tat et des performances en temps r\u00e9el jusqu\u2019\u00e0 la tra\u00e7abilit\u00e9 automatis\u00e9e des pi\u00e8ces et de la qualit\u00e9 de la production, la num\u00e9risation compl\u00e8te de la cellule vous permet de contr\u00f4ler les param\u00e8tres et de corriger imm\u00e9diatement les variations de processus ou de mat\u00e9riaux.<\/p>\n<\/div>\n<\/div>\n\n\n\n<h2 class=\"wp-block-heading\" id=\"our-solutions\">Principaux <strong>avantages de la robotique intelligente de Comau<\/strong><\/h2>\n\n\n\n<div style=\"height:15px\" aria-hidden=\"true\" class=\"wp-block-spacer\"><\/div>\n\n\n\n<div class=\"wp-block-getwid-image-box has-image-left has-text-center has-mobile-layout-default has-mobile-alignment-default\"><div class=\"wp-block-getwid-image-box__image-container is-position-top\"><div class=\"wp-block-getwid-image-box__image-wrapper\"><img decoding=\"async\" width=\"125\" height=\"95\" src=\"https:\/\/www.comau.com\/wp-content\/uploads\/2022\/11\/icon_flexibility-3.png\" alt=\"Flebility\" class=\"wp-block-getwid-image-box__image wp-image-49204\" \/><\/div><\/div><div class=\"wp-block-getwid-image-box__content\">\n<h3 class=\"has-text-align-left wp-block-heading\">Flexibilit\u00e9<\/h3>\n\n\n\n<p class=\"has-text-align-left\">Gr\u00e2ce \u00e0 des syst\u00e8mes autonomes plus intelligents, les robots peuvent apprendre et r\u00e9pondre aux variables et aux exigences dynamiques<\/p>\n<\/div><\/div>\n\n\n\n<div style=\"height:35px\" aria-hidden=\"true\" class=\"wp-block-spacer\"><\/div>\n\n\n\n<div class=\"wp-block-getwid-image-box has-image-left has-text-center has-mobile-layout-default has-mobile-alignment-default\"><div class=\"wp-block-getwid-image-box__image-container is-position-top\"><div class=\"wp-block-getwid-image-box__image-wrapper\"><img decoding=\"async\" width=\"125\" height=\"95\" src=\"https:\/\/www.comau.com\/wp-content\/uploads\/2022\/11\/icon_configuration-2.png\" alt=\"\" class=\"wp-block-getwid-image-box__image wp-image-49192\" \/><\/div><\/div><div class=\"wp-block-getwid-image-box__content\">\n<h3 class=\"has-text-align-left wp-block-heading\">Configuration intelligente<\/h3>\n\n\n\n<p class=\"has-text-align-left\">Les solutions bas\u00e9es sur l\u2019intelligence artificielle permettent l\u2019adoption de mod\u00e8les de robots entra\u00een\u00e9s \u00e0 l\u2019avance, ce qui facilite et acc\u00e9l\u00e8re le d\u00e9ploiementt<\/p>\n<\/div><\/div>\n\n\n\n<div style=\"height:35px\" aria-hidden=\"true\" class=\"wp-block-spacer\"><\/div>\n\n\n\n<div class=\"wp-block-getwid-image-box has-image-left has-text-center has-mobile-layout-default has-mobile-alignment-default\"><div class=\"wp-block-getwid-image-box__image-container is-position-top\"><div class=\"wp-block-getwid-image-box__image-wrapper\"><img decoding=\"async\" width=\"125\" height=\"95\" src=\"https:\/\/www.comau.com\/wp-content\/uploads\/2022\/11\/icon_cost-saving-1.png\" alt=\"\" class=\"wp-block-getwid-image-box__image wp-image-49198\" \/><\/div><\/div><div class=\"wp-block-getwid-image-box__content\">\n<h3 class=\"has-text-align-left wp-block-heading\">R\u00e9duction des co\u00fbts<\/h3>\n\n\n\n<p class=\"has-text-align-left\">L\u2019utilisation d\u2019un logiciel perfectionn\u00e9 r\u00e9duit ou supprime les co\u00fbts suppl\u00e9mentaires de programmation ou de codage<\/p>\n<\/div><\/div>\n\n\n\n<div style=\"height:35px\" aria-hidden=\"true\" class=\"wp-block-spacer\"><\/div>\n\n\n\n<div class=\"wp-block-getwid-image-box has-image-left has-text-center has-mobile-layout-default has-mobile-alignment-default\"><div class=\"wp-block-getwid-image-box__image-container is-position-top\"><div class=\"wp-block-getwid-image-box__image-wrapper\"><img decoding=\"async\" width=\"125\" height=\"95\" src=\"https:\/\/www.comau.com\/wp-content\/uploads\/2022\/11\/icon_human-robot-1.png\" alt=\"human-robot collaboration\" class=\"wp-block-getwid-image-box__image wp-image-49210\" \/><\/div><\/div><div class=\"wp-block-getwid-image-box__content\">\n<h3 class=\"has-text-align-left wp-block-heading\">Collaboration entre humain et robot<\/h3>\n\n\n\n<p class=\"has-text-align-left\">L\u2019intelligence artificielle aide les robots \u00e0 s\u2019adapter aux situations dynamiques et \u00e0 communiquer naturellement avec les op\u00e9rateurs<\/p>\n<\/div><\/div>\n\n\n\n<div style=\"height:35px\" aria-hidden=\"true\" class=\"wp-block-spacer\"><\/div>\n\n\n\n<div class=\"wp-block-getwid-image-box has-image-left has-text-center has-mobile-layout-default has-mobile-alignment-default\"><div class=\"wp-block-getwid-image-box__image-container is-position-top\"><div class=\"wp-block-getwid-image-box__image-wrapper\"><img decoding=\"async\" width=\"125\" height=\"95\" src=\"https:\/\/www.comau.com\/wp-content\/uploads\/2022\/11\/icon_smaller-footprint-1.png\" alt=\"Smaller Footprint\" class=\"wp-block-getwid-image-box__image wp-image-49216\" \/><\/div><\/div><div class=\"wp-block-getwid-image-box__content\">\n<h3 class=\"has-text-align-left wp-block-heading\">Encombrement r\u00e9duit<\/h3>\n\n\n\n<p class=\"has-text-align-left\">L\u2019intelligence cognitive facilite la synchronisation des mouvements, r\u00e9duisant les risques de collisions et, \u00e0 terme, la distance n\u00e9cessaire entre les robots<\/p>\n<\/div><\/div>\n\n\n\n<div style=\"height:35px\" aria-hidden=\"true\" class=\"wp-block-spacer\"><\/div>\n\n\n\n<div class=\"wp-block-getwid-image-box has-image-left has-text-center has-mobile-layout-default has-mobile-alignment-default\"><div class=\"wp-block-getwid-image-box__image-container is-position-top\"><div class=\"wp-block-getwid-image-box__image-wrapper\"><img decoding=\"async\" width=\"125\" height=\"95\" src=\"https:\/\/www.comau.com\/wp-content\/uploads\/2022\/11\/icon_sustainability-1.png\" alt=\"Sustainability\" class=\"wp-block-getwid-image-box__image wp-image-49222\" \/><\/div><\/div><div class=\"wp-block-getwid-image-box__content\">\n<h3 class=\"has-text-align-left wp-block-heading\">Am\u00e9lioration de la durabilit\u00e9<\/h3>\n\n\n\n<p class=\"has-text-align-left\">L\u2019indisponibilit\u00e9 est r\u00e9duite, l\u2019efficacit\u00e9 augmente et la consommation d\u2019\u00e9nergie diminue<\/p>\n<\/div><\/div>\n\n\n\n<hr class=\"wp-block-separator has-alpha-channel-opacity\" \/>\n\n\n\n<div class=\"wp-block-columns is-layout-flex wp-container-core-columns-is-layout-9d6595d7 wp-block-columns-is-layout-flex\">\n<div class=\"wp-block-column is-layout-flow wp-block-column-is-layout-flow\">\n<h2 class=\"wp-block-heading\">eBook<\/h2>\n\n\n\n<h3 class=\"wp-block-heading\"><strong><strong><strong><strong>Favoriser l\u2019agilit\u00e9 gr\u00e2ce \u00e0 l\u2019automatisation intelligente<\/strong><\/strong><\/strong><\/strong><\/h3>\n\n\n\n<h3 class=\"wp-block-heading\" id=\"block-d5fef270-5747-4bcf-9e83-be00d92d5b42\">Comment dynamiser votre activit\u00e9 gr\u00e2ce \u00e0 l\u2019intelligence artificielle, aux syst\u00e8mes de vision et \u00e0 la robotique perfectionn\u00e9e<br><\/h3>\n\n\n\n<div class=\"wp-block-buttons is-layout-flex wp-block-buttons-is-layout-flex\">\n<div class=\"wp-block-button\"><a class=\"wp-block-button__link\" href=\"https:\/\/group.comau.com\/fra\/content\/ebook\/intelligentautomation\" target=\"_blank\" rel=\"noreferrer noopener\">Recevez l\u2019eBook maintenant<\/a><\/div>\n<\/div>\n\n\n\n<p><\/p>\n\n\n\n<p><\/p>\n\n\n\n<p><\/p>\n\n\n\n<p><em><br><br><\/em><\/p>\n<\/div>\n\n\n\n<div class=\"wp-block-column is-layout-flow wp-block-column-is-layout-flow\">\n<figure class=\"wp-block-image size-full\"><img decoding=\"async\" width=\"500\" height=\"455\" src=\"https:\/\/www.comau.com\/wp-content\/uploads\/2022\/11\/Comau_Mira-3D.png\" alt=\"\" class=\"wp-image-49232\" srcset=\"https:\/\/www.comau.com\/wp-content\/uploads\/2022\/11\/Comau_Mira-3D.png 500w, https:\/\/www.comau.com\/wp-content\/uploads\/2022\/11\/Comau_Mira-3D-300x273.png 300w\" sizes=\"(max-width: 500px) 100vw, 500px\" \/><\/figure>\n<\/div>\n<\/div>\n","protected":false},"excerpt":{"rendered":"<p>Faire de l\u2019automatisation intelligente une r\u00e9alit\u00e9 Imaginez la puissance d\u2019un paradigme d\u2019automatisation ouvert et facile \u00e0 utiliser, bas\u00e9 sur des robots intelligents suffisamment flexibles pour s\u2019adapter dynamiquement aux changements de l\u2019environnement de production et qui fait appel \u00e0 des syst\u00e8mes enti\u00e8rement int\u00e9gr\u00e9s, capables d\u2019optimiser automatiquement les processus, de garantir la qualit\u00e9, de r\u00e9duire les co\u00fbts [&hellip;]<\/p>\n","protected":false},"author":21,"featured_media":49421,"parent":5715,"menu_order":1,"comment_status":"closed","ping_status":"closed","template":"","meta":{"_acf_changed":false,"ep_exclude_from_search":false,"footnotes":""},"class_list":["post-49003","page","type-page","status-publish","has-post-thumbnail","hentry"],"acf":[],"yoast_head":"<!-- This site is optimized with the Yoast SEO plugin v26.9 - https:\/\/yoast.com\/product\/yoast-seo-wordpress\/ -->\n<title>La puissance d&#039;une automatisation ouverte et facile \u00e0 utiliser<\/title>\n<meta name=\"description\" content=\"Imaginez la puissance d&#039;une automatisation ouvert et facile \u00e0 utiliser, pour s\u2019adapter dynamiquement aux changements de production\" \/>\n<meta name=\"robots\" content=\"index, follow, max-snippet:-1, max-image-preview:large, max-video-preview:-1\" \/>\n<link rel=\"canonical\" href=\"https:\/\/www.comau.com\/fr\/competencies\/robotics-automation\/robotique-intelligente\/\" \/>\n<meta property=\"og:locale\" content=\"fr_FR\" \/>\n<meta property=\"og:type\" content=\"article\" \/>\n<meta property=\"og:title\" content=\"La puissance d&#039;une automatisation ouverte et facile \u00e0 utiliser\" \/>\n<meta property=\"og:description\" content=\"Imaginez la puissance d&#039;une automatisation ouvert et facile \u00e0 utiliser, pour s\u2019adapter dynamiquement aux changements de production\" \/>\n<meta property=\"og:url\" content=\"https:\/\/www.comau.com\/fr\/competencies\/robotics-automation\/robotique-intelligente\/\" \/>\n<meta property=\"og:site_name\" content=\"Comau\" \/>\n<meta property=\"article:publisher\" content=\"https:\/\/www.facebook.com\/COMAU\/\" \/>\n<meta property=\"article:modified_time\" content=\"2022-12-15T21:41:58+00:00\" \/>\n<meta property=\"og:image\" content=\"https:\/\/www.comau.com\/wp-content\/uploads\/2022\/12\/banner_Comau_Intelligent-Robotics.jpg\" \/>\n\t<meta property=\"og:image:width\" content=\"1450\" \/>\n\t<meta property=\"og:image:height\" content=\"450\" \/>\n\t<meta property=\"og:image:type\" content=\"image\/jpeg\" \/>\n<meta name=\"twitter:card\" content=\"summary_large_image\" \/>\n<meta name=\"twitter:site\" content=\"@comaugroup\" \/>\n<meta name=\"twitter:label1\" content=\"Dur\u00e9e de lecture estim\u00e9e\" \/>\n\t<meta name=\"twitter:data1\" content=\"4 minutes\" \/>\n<script type=\"application\/ld+json\" class=\"yoast-schema-graph\">{\"@context\":\"https:\/\/schema.org\",\"@graph\":[{\"@type\":\"WebPage\",\"@id\":\"https:\/\/www.comau.com\/fr\/competencies\/robotics-automation\/robotique-intelligente\/\",\"url\":\"https:\/\/www.comau.com\/fr\/competencies\/robotics-automation\/robotique-intelligente\/\",\"name\":\"La puissance d'une automatisation ouverte et facile \u00e0 utiliser\",\"isPartOf\":{\"@id\":\"https:\/\/www.comau.com\/fr\/#website\"},\"primaryImageOfPage\":{\"@id\":\"https:\/\/www.comau.com\/fr\/competencies\/robotics-automation\/robotique-intelligente\/#primaryimage\"},\"image\":{\"@id\":\"https:\/\/www.comau.com\/fr\/competencies\/robotics-automation\/robotique-intelligente\/#primaryimage\"},\"thumbnailUrl\":\"https:\/\/www.comau.com\/wp-content\/uploads\/2022\/12\/banner_Comau_Intelligent-Robotics.jpg\",\"datePublished\":\"2022-11-22T00:54:49+00:00\",\"dateModified\":\"2022-12-15T21:41:58+00:00\",\"description\":\"Imaginez la puissance d'une automatisation ouvert et facile \u00e0 utiliser, pour s\u2019adapter dynamiquement aux changements de production\",\"breadcrumb\":{\"@id\":\"https:\/\/www.comau.com\/fr\/competencies\/robotics-automation\/robotique-intelligente\/#breadcrumb\"},\"inLanguage\":\"fr-FR\",\"potentialAction\":[{\"@type\":\"ReadAction\",\"target\":[\"https:\/\/www.comau.com\/fr\/competencies\/robotics-automation\/robotique-intelligente\/\"]}]},{\"@type\":\"ImageObject\",\"inLanguage\":\"fr-FR\",\"@id\":\"https:\/\/www.comau.com\/fr\/competencies\/robotics-automation\/robotique-intelligente\/#primaryimage\",\"url\":\"https:\/\/www.comau.com\/wp-content\/uploads\/2022\/12\/banner_Comau_Intelligent-Robotics.jpg\",\"contentUrl\":\"https:\/\/www.comau.com\/wp-content\/uploads\/2022\/12\/banner_Comau_Intelligent-Robotics.jpg\",\"width\":1450,\"height\":450,\"caption\":\"Comau Intelligent Robotis\"},{\"@type\":\"BreadcrumbList\",\"@id\":\"https:\/\/www.comau.com\/fr\/competencies\/robotics-automation\/robotique-intelligente\/#breadcrumb\",\"itemListElement\":[{\"@type\":\"ListItem\",\"position\":1,\"name\":\"Home\",\"item\":\"https:\/\/www.comau.com\/fr\/\"},{\"@type\":\"ListItem\",\"position\":2,\"name\":\"Nos comp\u00e9tences\",\"item\":\"https:\/\/www.comau.com\/fr\/competencies\/\"},{\"@type\":\"ListItem\",\"position\":3,\"name\":\"Robotics &amp; Automation\",\"item\":\"https:\/\/www.comau.com\/fr\/competencies\/robotics-automation\/\"},{\"@type\":\"ListItem\",\"position\":4,\"name\":\"Robotique intelligente\"}]},{\"@type\":\"WebSite\",\"@id\":\"https:\/\/www.comau.com\/fr\/#website\",\"url\":\"https:\/\/www.comau.com\/fr\/\",\"name\":\"Comau\",\"description\":\"Industrial automation and robotics\",\"publisher\":{\"@id\":\"https:\/\/www.comau.com\/fr\/#organization\"},\"potentialAction\":[{\"@type\":\"SearchAction\",\"target\":{\"@type\":\"EntryPoint\",\"urlTemplate\":\"https:\/\/www.comau.com\/fr\/?s={search_term_string}\"},\"query-input\":{\"@type\":\"PropertyValueSpecification\",\"valueRequired\":true,\"valueName\":\"search_term_string\"}}],\"inLanguage\":\"fr-FR\"},{\"@type\":\"Organization\",\"@id\":\"https:\/\/www.comau.com\/fr\/#organization\",\"name\":\"Comau\",\"url\":\"https:\/\/www.comau.com\/fr\/\",\"logo\":{\"@type\":\"ImageObject\",\"inLanguage\":\"fr-FR\",\"@id\":\"https:\/\/www.comau.com\/fr\/#\/schema\/logo\/image\/\",\"url\":\"https:\/\/www.comau.com\/wp-content\/uploads\/2024\/07\/cropped-Logo-COMAU.png\",\"contentUrl\":\"https:\/\/www.comau.com\/wp-content\/uploads\/2024\/07\/cropped-Logo-COMAU.png\",\"width\":434,\"height\":434,\"caption\":\"Comau\"},\"image\":{\"@id\":\"https:\/\/www.comau.com\/fr\/#\/schema\/logo\/image\/\"},\"sameAs\":[\"https:\/\/www.facebook.com\/COMAU\/\",\"https:\/\/x.com\/comaugroup\",\"https:\/\/www.instagram.com\/comaugroup\/\",\"https:\/\/www.linkedin.com\/company\/comau\",\"https:\/\/www.youtube.com\/user\/comau\"]}]}<\/script>\n<!-- \/ Yoast SEO plugin. -->","yoast_head_json":{"title":"La puissance d'une automatisation ouverte et facile \u00e0 utiliser","description":"Imaginez la puissance d'une automatisation ouvert et facile \u00e0 utiliser, pour s\u2019adapter dynamiquement aux changements de production","robots":{"index":"index","follow":"follow","max-snippet":"max-snippet:-1","max-image-preview":"max-image-preview:large","max-video-preview":"max-video-preview:-1"},"canonical":"https:\/\/www.comau.com\/fr\/competencies\/robotics-automation\/robotique-intelligente\/","og_locale":"fr_FR","og_type":"article","og_title":"La puissance d'une automatisation ouverte et facile \u00e0 utiliser","og_description":"Imaginez la puissance d'une automatisation ouvert et facile \u00e0 utiliser, pour s\u2019adapter dynamiquement aux changements de production","og_url":"https:\/\/www.comau.com\/fr\/competencies\/robotics-automation\/robotique-intelligente\/","og_site_name":"Comau","article_publisher":"https:\/\/www.facebook.com\/COMAU\/","article_modified_time":"2022-12-15T21:41:58+00:00","og_image":[{"width":1450,"height":450,"url":"https:\/\/www.comau.com\/wp-content\/uploads\/2022\/12\/banner_Comau_Intelligent-Robotics.jpg","type":"image\/jpeg"}],"twitter_card":"summary_large_image","twitter_site":"@comaugroup","twitter_misc":{"Dur\u00e9e de lecture estim\u00e9e":"4 minutes"},"schema":{"@context":"https:\/\/schema.org","@graph":[{"@type":"WebPage","@id":"https:\/\/www.comau.com\/fr\/competencies\/robotics-automation\/robotique-intelligente\/","url":"https:\/\/www.comau.com\/fr\/competencies\/robotics-automation\/robotique-intelligente\/","name":"La puissance d'une automatisation ouverte et facile \u00e0 utiliser","isPartOf":{"@id":"https:\/\/www.comau.com\/fr\/#website"},"primaryImageOfPage":{"@id":"https:\/\/www.comau.com\/fr\/competencies\/robotics-automation\/robotique-intelligente\/#primaryimage"},"image":{"@id":"https:\/\/www.comau.com\/fr\/competencies\/robotics-automation\/robotique-intelligente\/#primaryimage"},"thumbnailUrl":"https:\/\/www.comau.com\/wp-content\/uploads\/2022\/12\/banner_Comau_Intelligent-Robotics.jpg","datePublished":"2022-11-22T00:54:49+00:00","dateModified":"2022-12-15T21:41:58+00:00","description":"Imaginez la puissance d'une automatisation ouvert et facile \u00e0 utiliser, pour s\u2019adapter dynamiquement aux changements de production","breadcrumb":{"@id":"https:\/\/www.comau.com\/fr\/competencies\/robotics-automation\/robotique-intelligente\/#breadcrumb"},"inLanguage":"fr-FR","potentialAction":[{"@type":"ReadAction","target":["https:\/\/www.comau.com\/fr\/competencies\/robotics-automation\/robotique-intelligente\/"]}]},{"@type":"ImageObject","inLanguage":"fr-FR","@id":"https:\/\/www.comau.com\/fr\/competencies\/robotics-automation\/robotique-intelligente\/#primaryimage","url":"https:\/\/www.comau.com\/wp-content\/uploads\/2022\/12\/banner_Comau_Intelligent-Robotics.jpg","contentUrl":"https:\/\/www.comau.com\/wp-content\/uploads\/2022\/12\/banner_Comau_Intelligent-Robotics.jpg","width":1450,"height":450,"caption":"Comau Intelligent Robotis"},{"@type":"BreadcrumbList","@id":"https:\/\/www.comau.com\/fr\/competencies\/robotics-automation\/robotique-intelligente\/#breadcrumb","itemListElement":[{"@type":"ListItem","position":1,"name":"Home","item":"https:\/\/www.comau.com\/fr\/"},{"@type":"ListItem","position":2,"name":"Nos comp\u00e9tences","item":"https:\/\/www.comau.com\/fr\/competencies\/"},{"@type":"ListItem","position":3,"name":"Robotics &amp; Automation","item":"https:\/\/www.comau.com\/fr\/competencies\/robotics-automation\/"},{"@type":"ListItem","position":4,"name":"Robotique intelligente"}]},{"@type":"WebSite","@id":"https:\/\/www.comau.com\/fr\/#website","url":"https:\/\/www.comau.com\/fr\/","name":"Comau","description":"Industrial automation and robotics","publisher":{"@id":"https:\/\/www.comau.com\/fr\/#organization"},"potentialAction":[{"@type":"SearchAction","target":{"@type":"EntryPoint","urlTemplate":"https:\/\/www.comau.com\/fr\/?s={search_term_string}"},"query-input":{"@type":"PropertyValueSpecification","valueRequired":true,"valueName":"search_term_string"}}],"inLanguage":"fr-FR"},{"@type":"Organization","@id":"https:\/\/www.comau.com\/fr\/#organization","name":"Comau","url":"https:\/\/www.comau.com\/fr\/","logo":{"@type":"ImageObject","inLanguage":"fr-FR","@id":"https:\/\/www.comau.com\/fr\/#\/schema\/logo\/image\/","url":"https:\/\/www.comau.com\/wp-content\/uploads\/2024\/07\/cropped-Logo-COMAU.png","contentUrl":"https:\/\/www.comau.com\/wp-content\/uploads\/2024\/07\/cropped-Logo-COMAU.png","width":434,"height":434,"caption":"Comau"},"image":{"@id":"https:\/\/www.comau.com\/fr\/#\/schema\/logo\/image\/"},"sameAs":["https:\/\/www.facebook.com\/COMAU\/","https:\/\/x.com\/comaugroup","https:\/\/www.instagram.com\/comaugroup\/","https:\/\/www.linkedin.com\/company\/comau","https:\/\/www.youtube.com\/user\/comau"]}]}},"_links":{"self":[{"href":"https:\/\/www.comau.com\/fr\/wp-json\/wp\/v2\/pages\/49003","targetHints":{"allow":["GET"]}}],"collection":[{"href":"https:\/\/www.comau.com\/fr\/wp-json\/wp\/v2\/pages"}],"about":[{"href":"https:\/\/www.comau.com\/fr\/wp-json\/wp\/v2\/types\/page"}],"author":[{"embeddable":true,"href":"https:\/\/www.comau.com\/fr\/wp-json\/wp\/v2\/users\/21"}],"replies":[{"embeddable":true,"href":"https:\/\/www.comau.com\/fr\/wp-json\/wp\/v2\/comments?post=49003"}],"version-history":[{"count":25,"href":"https:\/\/www.comau.com\/fr\/wp-json\/wp\/v2\/pages\/49003\/revisions"}],"predecessor-version":[{"id":49734,"href":"https:\/\/www.comau.com\/fr\/wp-json\/wp\/v2\/pages\/49003\/revisions\/49734"}],"up":[{"embeddable":true,"href":"https:\/\/www.comau.com\/fr\/wp-json\/wp\/v2\/pages\/5715"}],"wp:featuredmedia":[{"embeddable":true,"href":"https:\/\/www.comau.com\/fr\/wp-json\/wp\/v2\/media\/49421"}],"wp:attachment":[{"href":"https:\/\/www.comau.com\/fr\/wp-json\/wp\/v2\/media?parent=49003"}],"curies":[{"name":"wp","href":"https:\/\/api.w.org\/{rel}","templated":true}]}}