{"id":4898,"date":"2021-06-08T09:35:49","date_gmt":"2021-06-08T07:35:49","guid":{"rendered":"https:\/\/www.comau.com\/?page_id=4898"},"modified":"2022-02-07T10:32:24","modified_gmt":"2022-02-07T09:32:24","slug":"accumulate-pallet-conveyors","status":"publish","type":"page","link":"https:\/\/www.comau.com\/fr\/competencies\/systems\/solutions\/products\/accumulate-pallet-conveyors\/","title":{"rendered":"Convoyeurs de palettes totalisateurs"},"content":{"rendered":"\n<h2 class=\"wp-block-heading\" id=\"totalisateur-de-palettes\">Totalisateur de palettes<\/h2>\n\n\n\n<p>Le convoyeur de palettes est une machine configurable bas\u00e9e sur :<\/p>\n\n\n\n<ul class=\"wp-block-list\"><li>La simplicit\u00e9 permettant une composition de convoyeur plus rapide (pour l&rsquo;application standard).<\/li><li>La similitude pour le transfert. Ils ne changent pas en fonction des diff\u00e9rentes longueurs de convoyeur. D&rsquo;autres, tout en conservant les m\u00eames fonctions et caract\u00e9ristiques, changent de dimensions.<\/li><\/ul>\n\n\n\n<h2 class=\"wp-block-heading\" id=\"de-plus-grace-a-la-flexibilite-totale-du-produit-l-apc-peut-etre\">De plus, gr\u00e2ce \u00e0 la flexibilit\u00e9 totale du produit, l&rsquo;APC peut \u00eatre :<\/h2>\n\n\n\n<ul class=\"wp-block-list\"><li>Mont\u00e9 au sol\/en hauteur<\/li><li>\u00c0 chargement frontal\/lat\u00e9ral<\/li><li>Adapt\u00e9 \u00e0 une large gamme de dimensions de palettes<\/li><li>Utilisation importante d&rsquo;unit\u00e9s standards pour simplifier les processus d&rsquo;ing\u00e9nierie<\/li><li>Haute pr\u00e9cision de positionnement (0,5 mm)<\/li><\/ul>\n\n\n\n<div class=\"wp-block-getwid-toggle download-dropdown has-icon-left\">\n<div class=\"wp-block-getwid-toggle__row\"><div class=\"wp-block-getwid-toggle__header-wrapper\"><span class=\"wp-block-getwid-toggle__header\"><a href=\"#\"><span class=\"wp-block-getwid-toggle__header-title\">Download the brochure<\/span><span class=\"wp-block-getwid-toggle__icon is-active\"><i class=\"fas fa-plus\"><\/i><\/span><span class=\"wp-block-getwid-toggle__icon is-passive\"><i class=\"fas fa-minus\"><\/i><\/span><\/a><\/span><\/div><div class=\"wp-block-getwid-toggle__content-wrapper\"><div class=\"wp-block-getwid-toggle__content\">\n<div class=\"wp-block-getwid-button-group\"><div class=\"wp-block-getwid-button-group__wrapper\">\n<div class=\"wp-block-button\"><a class=\"wp-block-button__link\" href=\"https:\/\/www.comau.com\/wp-content\/uploads\/2021\/06\/APC-accumulate-pallet-conveyor.pdf\" target=\"_blank\" rel=\"noreferrer noopener\">APC<\/a><\/div>\n<\/div><\/div>\n<\/div><\/div><\/div>\n<\/div>\n\n\n\n<h2 class=\"wp-block-heading\" id=\"caracteristiques-du-produit\">Caract\u00e9ristiques du produit<\/h2>\n\n\n\n<ul class=\"wp-block-list\"><li>Longueur du convoyeur : 2 \u2013 12 m (Standard) ; 12 \u2013 100 m (\u00e0 personnaliser)<\/li><li>Poids du convoyeur : 100 kg\/m<\/li><li>Vitesse du convoyeur (max.) : 10 m\/min<\/li><li>Charge utile (max.) : 100 kg\/m (fixation sp\u00e9cifique + pi\u00e8ce)<\/li><li>Largeur de palette (max.) : 1 200 mm<\/li><li>Montage du moteur : Fix\u00e9 directement sur l&rsquo;arbre moteur avec un crochet anti-rotation<\/li><li>Puissance maximale installable : 0,55 kW<\/li><li>Cha\u00eene \u00e0 galets flottants : 1 triple cha\u00eene avec un pas de 12,7 mm<\/li><li>Contr\u00f4le de la position de la palette : par des contacteurs de fin de course inductifs<\/li><li>Pr\u00e9cision de l&rsquo;arr\u00eat de la palette : \u00b1 0,5 mm<\/li><li>Hauteur du convoyeur : 800 &#8211; 1 050 mm (mont\u00e9 au sol)<\/li><li>Structure du convoyeur : Aluminium<\/li><li>Charge par butoir: 10 palettes<\/li><li>Air inutile : \u00e9codurable<\/li><li>Cha\u00eene sans huile<\/li><\/ul>\n\n\n\n<p>Des experts produit mondiaux garantissent le support ing\u00e9nierie\/processus. Distribution partout dans le monde avec un support appropri\u00e9.<\/p>\n\n\n\n<figure class=\"wp-block-embed is-type-video is-provider-youtube wp-block-embed-youtube wp-embed-aspect-16-9 wp-has-aspect-ratio\"><div class=\"wp-block-embed__wrapper\">\n<iframe title=\"Comau launches the new APC\" width=\"640\" height=\"360\" src=\"https:\/\/www.youtube.com\/embed\/iHac3NkMMMo?feature=oembed\" frameborder=\"0\" allow=\"accelerometer; autoplay; clipboard-write; encrypted-media; gyroscope; picture-in-picture; web-share\" referrerpolicy=\"strict-origin-when-cross-origin\" allowfullscreen><\/iframe>\n<\/div><\/figure>\n","protected":false},"excerpt":{"rendered":"<p>Totalisateur de palettes Le convoyeur de palettes est une machine configurable bas\u00e9e sur : La simplicit\u00e9 permettant une composition de convoyeur plus rapide (pour l&rsquo;application standard). La similitude pour le transfert. Ils ne changent pas en fonction des diff\u00e9rentes longueurs de convoyeur. D&rsquo;autres, tout en conservant les m\u00eames fonctions et caract\u00e9ristiques, changent de dimensions. De [&hellip;]<\/p>\n","protected":false},"author":11,"featured_media":4905,"parent":4830,"menu_order":0,"comment_status":"closed","ping_status":"closed","template":"","meta":{"_acf_changed":false,"ep_exclude_from_search":false,"footnotes":""},"class_list":["post-4898","page","type-page","status-publish","has-post-thumbnail","hentry"],"acf":[],"yoast_head":"<!-- This site is optimized with the Yoast SEO plugin v26.9 - https:\/\/yoast.com\/product\/yoast-seo-wordpress\/ -->\n<title>Convoyeurs de palettes : APC | Comau<\/title>\n<meta name=\"description\" content=\"D\u00e9couvrez la section consacr\u00e9e aux convoyeurs de palettes Comau\u00a0: entrez dans le monde des accumulate pallet conveyors\u00a0!\" \/>\n<meta name=\"robots\" content=\"index, follow, max-snippet:-1, max-image-preview:large, max-video-preview:-1\" \/>\n<link rel=\"canonical\" href=\"https:\/\/www.comau.com\/fr\/competencies\/systems\/solutions\/products\/accumulate-pallet-conveyors\/\" \/>\n<meta property=\"og:locale\" content=\"fr_FR\" \/>\n<meta property=\"og:type\" content=\"article\" \/>\n<meta property=\"og:title\" content=\"Convoyeurs de palettes : APC | Comau\" \/>\n<meta property=\"og:description\" content=\"D\u00e9couvrez la section consacr\u00e9e aux convoyeurs de palettes Comau\u00a0: entrez dans le monde des accumulate pallet conveyors\u00a0!\" \/>\n<meta property=\"og:url\" content=\"https:\/\/www.comau.com\/fr\/competencies\/systems\/solutions\/products\/accumulate-pallet-conveyors\/\" \/>\n<meta property=\"og:site_name\" content=\"Comau\" \/>\n<meta property=\"article:publisher\" content=\"https:\/\/www.facebook.com\/COMAU\/\" \/>\n<meta property=\"article:modified_time\" content=\"2022-02-07T09:32:24+00:00\" \/>\n<meta property=\"og:image\" content=\"https:\/\/www.comau.com\/wp-content\/uploads\/2021\/06\/pallet-conveyors_header.jpg\" \/>\n\t<meta property=\"og:image:width\" content=\"1280\" \/>\n\t<meta property=\"og:image:height\" content=\"485\" \/>\n\t<meta property=\"og:image:type\" content=\"image\/jpeg\" \/>\n<meta name=\"twitter:card\" content=\"summary_large_image\" \/>\n<meta name=\"twitter:site\" content=\"@comaugroup\" \/>\n<meta name=\"twitter:label1\" content=\"Dur\u00e9e de lecture estim\u00e9e\" \/>\n\t<meta name=\"twitter:data1\" content=\"2 minutes\" \/>\n<script type=\"application\/ld+json\" class=\"yoast-schema-graph\">{\"@context\":\"https:\/\/schema.org\",\"@graph\":[{\"@type\":\"WebPage\",\"@id\":\"https:\/\/www.comau.com\/fr\/competencies\/systems\/solutions\/products\/accumulate-pallet-conveyors\/\",\"url\":\"https:\/\/www.comau.com\/fr\/competencies\/systems\/solutions\/products\/accumulate-pallet-conveyors\/\",\"name\":\"Convoyeurs de palettes : APC | Comau\",\"isPartOf\":{\"@id\":\"https:\/\/www.comau.com\/fr\/#website\"},\"primaryImageOfPage\":{\"@id\":\"https:\/\/www.comau.com\/fr\/competencies\/systems\/solutions\/products\/accumulate-pallet-conveyors\/#primaryimage\"},\"image\":{\"@id\":\"https:\/\/www.comau.com\/fr\/competencies\/systems\/solutions\/products\/accumulate-pallet-conveyors\/#primaryimage\"},\"thumbnailUrl\":\"https:\/\/www.comau.com\/wp-content\/uploads\/2021\/06\/pallet-conveyors_header.jpg\",\"datePublished\":\"2021-06-08T07:35:49+00:00\",\"dateModified\":\"2022-02-07T09:32:24+00:00\",\"description\":\"D\u00e9couvrez la section consacr\u00e9e aux convoyeurs de palettes Comau\u00a0: entrez dans le monde des accumulate pallet conveyors\u00a0!\",\"breadcrumb\":{\"@id\":\"https:\/\/www.comau.com\/fr\/competencies\/systems\/solutions\/products\/accumulate-pallet-conveyors\/#breadcrumb\"},\"inLanguage\":\"fr-FR\",\"potentialAction\":[{\"@type\":\"ReadAction\",\"target\":[\"https:\/\/www.comau.com\/fr\/competencies\/systems\/solutions\/products\/accumulate-pallet-conveyors\/\"]}]},{\"@type\":\"ImageObject\",\"inLanguage\":\"fr-FR\",\"@id\":\"https:\/\/www.comau.com\/fr\/competencies\/systems\/solutions\/products\/accumulate-pallet-conveyors\/#primaryimage\",\"url\":\"https:\/\/www.comau.com\/wp-content\/uploads\/2021\/06\/pallet-conveyors_header.jpg\",\"contentUrl\":\"https:\/\/www.comau.com\/wp-content\/uploads\/2021\/06\/pallet-conveyors_header.jpg\",\"width\":1280,\"height\":485},{\"@type\":\"BreadcrumbList\",\"@id\":\"https:\/\/www.comau.com\/fr\/competencies\/systems\/solutions\/products\/accumulate-pallet-conveyors\/#breadcrumb\",\"itemListElement\":[{\"@type\":\"ListItem\",\"position\":1,\"name\":\"Home\",\"item\":\"https:\/\/www.comau.com\/fr\/\"},{\"@type\":\"ListItem\",\"position\":2,\"name\":\"Nos comp\u00e9tences\",\"item\":\"https:\/\/www.comau.com\/fr\/competencies\/\"},{\"@type\":\"ListItem\",\"position\":3,\"name\":\"Body Assembly\",\"item\":\"https:\/\/www.comau.com\/fr\/competencies\/body-assembly\/\"},{\"@type\":\"ListItem\",\"position\":4,\"name\":\"Produits\",\"item\":\"https:\/\/www.comau.com\/fr\/competencies\/body-assembly\/products\/\"},{\"@type\":\"ListItem\",\"position\":5,\"name\":\"Convoyeurs de palettes totalisateurs\"}]},{\"@type\":\"WebSite\",\"@id\":\"https:\/\/www.comau.com\/fr\/#website\",\"url\":\"https:\/\/www.comau.com\/fr\/\",\"name\":\"Comau\",\"description\":\"Industrial automation and robotics\",\"publisher\":{\"@id\":\"https:\/\/www.comau.com\/fr\/#organization\"},\"potentialAction\":[{\"@type\":\"SearchAction\",\"target\":{\"@type\":\"EntryPoint\",\"urlTemplate\":\"https:\/\/www.comau.com\/fr\/?s={search_term_string}\"},\"query-input\":{\"@type\":\"PropertyValueSpecification\",\"valueRequired\":true,\"valueName\":\"search_term_string\"}}],\"inLanguage\":\"fr-FR\"},{\"@type\":\"Organization\",\"@id\":\"https:\/\/www.comau.com\/fr\/#organization\",\"name\":\"Comau\",\"url\":\"https:\/\/www.comau.com\/fr\/\",\"logo\":{\"@type\":\"ImageObject\",\"inLanguage\":\"fr-FR\",\"@id\":\"https:\/\/www.comau.com\/fr\/#\/schema\/logo\/image\/\",\"url\":\"https:\/\/www.comau.com\/wp-content\/uploads\/2024\/07\/cropped-Logo-COMAU.png\",\"contentUrl\":\"https:\/\/www.comau.com\/wp-content\/uploads\/2024\/07\/cropped-Logo-COMAU.png\",\"width\":434,\"height\":434,\"caption\":\"Comau\"},\"image\":{\"@id\":\"https:\/\/www.comau.com\/fr\/#\/schema\/logo\/image\/\"},\"sameAs\":[\"https:\/\/www.facebook.com\/COMAU\/\",\"https:\/\/x.com\/comaugroup\",\"https:\/\/www.instagram.com\/comaugroup\/\",\"https:\/\/www.linkedin.com\/company\/comau\",\"https:\/\/www.youtube.com\/user\/comau\"]}]}<\/script>\n<!-- \/ Yoast SEO plugin. -->","yoast_head_json":{"title":"Convoyeurs de palettes : APC | Comau","description":"D\u00e9couvrez la section consacr\u00e9e aux convoyeurs de palettes Comau\u00a0: entrez dans le monde des accumulate pallet conveyors\u00a0!","robots":{"index":"index","follow":"follow","max-snippet":"max-snippet:-1","max-image-preview":"max-image-preview:large","max-video-preview":"max-video-preview:-1"},"canonical":"https:\/\/www.comau.com\/fr\/competencies\/systems\/solutions\/products\/accumulate-pallet-conveyors\/","og_locale":"fr_FR","og_type":"article","og_title":"Convoyeurs de palettes : APC | Comau","og_description":"D\u00e9couvrez la section consacr\u00e9e aux convoyeurs de palettes Comau\u00a0: entrez dans le monde des accumulate pallet conveyors\u00a0!","og_url":"https:\/\/www.comau.com\/fr\/competencies\/systems\/solutions\/products\/accumulate-pallet-conveyors\/","og_site_name":"Comau","article_publisher":"https:\/\/www.facebook.com\/COMAU\/","article_modified_time":"2022-02-07T09:32:24+00:00","og_image":[{"width":1280,"height":485,"url":"https:\/\/www.comau.com\/wp-content\/uploads\/2021\/06\/pallet-conveyors_header.jpg","type":"image\/jpeg"}],"twitter_card":"summary_large_image","twitter_site":"@comaugroup","twitter_misc":{"Dur\u00e9e de lecture estim\u00e9e":"2 minutes"},"schema":{"@context":"https:\/\/schema.org","@graph":[{"@type":"WebPage","@id":"https:\/\/www.comau.com\/fr\/competencies\/systems\/solutions\/products\/accumulate-pallet-conveyors\/","url":"https:\/\/www.comau.com\/fr\/competencies\/systems\/solutions\/products\/accumulate-pallet-conveyors\/","name":"Convoyeurs de palettes : APC | Comau","isPartOf":{"@id":"https:\/\/www.comau.com\/fr\/#website"},"primaryImageOfPage":{"@id":"https:\/\/www.comau.com\/fr\/competencies\/systems\/solutions\/products\/accumulate-pallet-conveyors\/#primaryimage"},"image":{"@id":"https:\/\/www.comau.com\/fr\/competencies\/systems\/solutions\/products\/accumulate-pallet-conveyors\/#primaryimage"},"thumbnailUrl":"https:\/\/www.comau.com\/wp-content\/uploads\/2021\/06\/pallet-conveyors_header.jpg","datePublished":"2021-06-08T07:35:49+00:00","dateModified":"2022-02-07T09:32:24+00:00","description":"D\u00e9couvrez la section consacr\u00e9e aux convoyeurs de palettes Comau\u00a0: entrez dans le monde des accumulate pallet conveyors\u00a0!","breadcrumb":{"@id":"https:\/\/www.comau.com\/fr\/competencies\/systems\/solutions\/products\/accumulate-pallet-conveyors\/#breadcrumb"},"inLanguage":"fr-FR","potentialAction":[{"@type":"ReadAction","target":["https:\/\/www.comau.com\/fr\/competencies\/systems\/solutions\/products\/accumulate-pallet-conveyors\/"]}]},{"@type":"ImageObject","inLanguage":"fr-FR","@id":"https:\/\/www.comau.com\/fr\/competencies\/systems\/solutions\/products\/accumulate-pallet-conveyors\/#primaryimage","url":"https:\/\/www.comau.com\/wp-content\/uploads\/2021\/06\/pallet-conveyors_header.jpg","contentUrl":"https:\/\/www.comau.com\/wp-content\/uploads\/2021\/06\/pallet-conveyors_header.jpg","width":1280,"height":485},{"@type":"BreadcrumbList","@id":"https:\/\/www.comau.com\/fr\/competencies\/systems\/solutions\/products\/accumulate-pallet-conveyors\/#breadcrumb","itemListElement":[{"@type":"ListItem","position":1,"name":"Home","item":"https:\/\/www.comau.com\/fr\/"},{"@type":"ListItem","position":2,"name":"Nos comp\u00e9tences","item":"https:\/\/www.comau.com\/fr\/competencies\/"},{"@type":"ListItem","position":3,"name":"Body Assembly","item":"https:\/\/www.comau.com\/fr\/competencies\/body-assembly\/"},{"@type":"ListItem","position":4,"name":"Produits","item":"https:\/\/www.comau.com\/fr\/competencies\/body-assembly\/products\/"},{"@type":"ListItem","position":5,"name":"Convoyeurs de palettes totalisateurs"}]},{"@type":"WebSite","@id":"https:\/\/www.comau.com\/fr\/#website","url":"https:\/\/www.comau.com\/fr\/","name":"Comau","description":"Industrial automation and robotics","publisher":{"@id":"https:\/\/www.comau.com\/fr\/#organization"},"potentialAction":[{"@type":"SearchAction","target":{"@type":"EntryPoint","urlTemplate":"https:\/\/www.comau.com\/fr\/?s={search_term_string}"},"query-input":{"@type":"PropertyValueSpecification","valueRequired":true,"valueName":"search_term_string"}}],"inLanguage":"fr-FR"},{"@type":"Organization","@id":"https:\/\/www.comau.com\/fr\/#organization","name":"Comau","url":"https:\/\/www.comau.com\/fr\/","logo":{"@type":"ImageObject","inLanguage":"fr-FR","@id":"https:\/\/www.comau.com\/fr\/#\/schema\/logo\/image\/","url":"https:\/\/www.comau.com\/wp-content\/uploads\/2024\/07\/cropped-Logo-COMAU.png","contentUrl":"https:\/\/www.comau.com\/wp-content\/uploads\/2024\/07\/cropped-Logo-COMAU.png","width":434,"height":434,"caption":"Comau"},"image":{"@id":"https:\/\/www.comau.com\/fr\/#\/schema\/logo\/image\/"},"sameAs":["https:\/\/www.facebook.com\/COMAU\/","https:\/\/x.com\/comaugroup","https:\/\/www.instagram.com\/comaugroup\/","https:\/\/www.linkedin.com\/company\/comau","https:\/\/www.youtube.com\/user\/comau"]}]}},"_links":{"self":[{"href":"https:\/\/www.comau.com\/fr\/wp-json\/wp\/v2\/pages\/4898","targetHints":{"allow":["GET"]}}],"collection":[{"href":"https:\/\/www.comau.com\/fr\/wp-json\/wp\/v2\/pages"}],"about":[{"href":"https:\/\/www.comau.com\/fr\/wp-json\/wp\/v2\/types\/page"}],"author":[{"embeddable":true,"href":"https:\/\/www.comau.com\/fr\/wp-json\/wp\/v2\/users\/11"}],"replies":[{"embeddable":true,"href":"https:\/\/www.comau.com\/fr\/wp-json\/wp\/v2\/comments?post=4898"}],"version-history":[{"count":32,"href":"https:\/\/www.comau.com\/fr\/wp-json\/wp\/v2\/pages\/4898\/revisions"}],"predecessor-version":[{"id":41966,"href":"https:\/\/www.comau.com\/fr\/wp-json\/wp\/v2\/pages\/4898\/revisions\/41966"}],"up":[{"embeddable":true,"href":"https:\/\/www.comau.com\/fr\/wp-json\/wp\/v2\/pages\/4830"}],"wp:featuredmedia":[{"embeddable":true,"href":"https:\/\/www.comau.com\/fr\/wp-json\/wp\/v2\/media\/4905"}],"wp:attachment":[{"href":"https:\/\/www.comau.com\/fr\/wp-json\/wp\/v2\/media?parent=4898"}],"curies":[{"name":"wp","href":"https:\/\/api.w.org\/{rel}","templated":true}]}}