{"id":4819,"date":"2021-07-01T00:08:53","date_gmt":"2021-06-30T22:08:53","guid":{"rendered":"https:\/\/www.comau.com\/collaborative-robotics\/"},"modified":"2022-02-07T14:11:13","modified_gmt":"2022-02-07T13:11:13","slug":"collaborative-robotics","status":"publish","type":"page","link":"https:\/\/www.comau.com\/fr\/competencies\/robotics-automation\/collaborative-robotics\/","title":{"rendered":"Collaborative Robotics"},"content":{"rendered":"\n<h2 class=\"wp-block-heading\" id=\"la-quatrieme-revolution-industrielle-a-redefini-la-relation-homme-machine-au-sein-de-l-usine-moderne\">La quatri\u00e8me r\u00e9volution industrielle a red\u00e9fini la relation homme-machine au sein de l\u2019usine moderne.  <\/h2>\n\n\n\n<p>Dans la Smart Factory de Comau, op\u00e9rateurs et robots peuvent travailler en \u00e9troite relation et en toute s\u00e9curit\u00e9 gr\u00e2ce \u00e0 la robotique collaborative : les cobots sont charg\u00e9s des op\u00e9rations les plus p\u00e9nibles et r\u00e9p\u00e9titives alors que l\u2019homme peut se consacrer \u00e0 des activit\u00e9s plus sp\u00e9cialis\u00e9es et moins pensantes ou collaborer directement avec le robot pour accro\u00eetre l\u2019efficacit\u00e9 de ses propres t\u00e2ches.<\/p>\n\n\n\n<p>La possibilit\u00e9 de faire travailler l\u2019homme et le robot \u00e0 proximit\u00e9 l\u2019un de l\u2019autre et en synergie a supprim\u00e9 la n\u00e9cessit\u00e9 de barri\u00e8res, cr\u00e9ant des \u00eelots plus ouverts et ergonomiques qui recomposent les espaces de travail de mani\u00e8re intelligente et flexible. C\u2019est de cette mani\u00e8re que la robotique de Comau, en plus d\u2019accro\u00eetre la productivit\u00e9 et la s\u00e9curit\u00e9 au travail, aide les entreprises \u00e0 optimiser la configuration de l\u2019usine, en r\u00e9duisant les co\u00fbts structurels et logistiques.<\/p>\n\n\n\n<p>Gr\u00e2ce \u00e0 son savoir-faire consolid\u00e9 et \u00e0 plus de 45 ans d\u2019exp\u00e9rience dans le domaine de l\u2019automatisation dans des secteurs tr\u00e8s divers, Comau est depuis toujours engag\u00e9e dans le d\u00e9veloppement de technologies performantes et novatrices, capables de rendre les op\u00e9rations industrielles plus simples, plus rapides et plus efficaces. <\/p>\n\n\n\n<p>En suivant son approche HUMANufacturing de l\u2019Industrie 4.0, Comau accompagne ses clients gr\u00e2ce au d\u00e9veloppement de technologies collaboratives et IIoT, intelligentes et flexibles, capables de r\u00e9pondre \u00e0 tous les besoins li\u00e9s \u00e0 la production.<\/p>\n\n\n\n<div class=\"wp-block-columns is-layout-flex wp-container-core-columns-is-layout-9d6595d7 wp-block-columns-is-layout-flex\">\n<div class=\"wp-block-column is-layout-flow wp-block-column-is-layout-flow\">\n<div class=\"wp-block-getwid-image-box has-text-left has-mobile-layout-default has-mobile-alignment-default\"><div class=\"wp-block-getwid-image-box__image-container is-position-top\"><a href=\"https:\/\/www.comau.com\/en\/our-offer\/products-and-solutions\/robot-team\/racer-5-0-80-cobot\/\" class=\"wp-block-getwid-image-box__image-wrapper\"><img decoding=\"async\" width=\"1280\" height=\"485\" src=\"https:\/\/www.comau.com\/wp-content\/uploads\/2021\/07\/Cobot_header.jpg\" alt=\"\" class=\"wp-block-getwid-image-box__image wp-image-34593\" srcset=\"https:\/\/www.comau.com\/wp-content\/uploads\/2021\/07\/Cobot_header.jpg 1280w, https:\/\/www.comau.com\/wp-content\/uploads\/2021\/07\/Cobot_header-300x114.jpg 300w, https:\/\/www.comau.com\/wp-content\/uploads\/2021\/07\/Cobot_header-1024x388.jpg 1024w, https:\/\/www.comau.com\/wp-content\/uploads\/2021\/07\/Cobot_header-768x291.jpg 768w\" sizes=\"(max-width: 1280px) 100vw, 1280px\" \/><\/a><\/div><div class=\"wp-block-getwid-image-box__content\">\n<h3 class=\"wp-block-heading\">Racer-5-0.80 Cobot<\/h3>\n\n\n\n<p>RACER-5-0.80 COBOT (Racer 5-COBOT) est un robot de petites dimensions qui r\u00e9pond \u00e0 la demande de cobots rapides, pr\u00e9cis et adaptables \u00e0 des espaces r\u00e9duits, capable de passer automatiquement d\u2019un mode collaboratif \u00e0 une vitesse industrielle maximale si l\u2019op\u00e9rateur se trouve \u00e0 proximit\u00e9 de l\u2019espace de travail.<\/p>\n<\/div><\/div>\n<\/div>\n\n\n\n<div class=\"wp-block-column is-layout-flow wp-block-column-is-layout-flow\">\n<div class=\"wp-block-getwid-image-box has-text-left has-mobile-layout-default has-mobile-alignment-default\"><div class=\"wp-block-getwid-image-box__image-container is-position-top\"><a href=\"https:\/\/www.comau.com\/en\/?page_id=34585\" class=\"wp-block-getwid-image-box__image-wrapper\"><img decoding=\"async\" width=\"1280\" height=\"485\" src=\"https:\/\/www.comau.com\/wp-content\/uploads\/2021\/07\/Header_AURA.jpg\" alt=\"\" class=\"wp-block-getwid-image-box__image wp-image-34599\" srcset=\"https:\/\/www.comau.com\/wp-content\/uploads\/2021\/07\/Header_AURA.jpg 1280w, https:\/\/www.comau.com\/wp-content\/uploads\/2021\/07\/Header_AURA-300x114.jpg 300w, https:\/\/www.comau.com\/wp-content\/uploads\/2021\/07\/Header_AURA-1024x388.jpg 1024w, https:\/\/www.comau.com\/wp-content\/uploads\/2021\/07\/Header_AURA-768x291.jpg 768w\" sizes=\"(max-width: 1280px) 100vw, 1280px\" \/><\/a><\/div><div class=\"wp-block-getwid-image-box__content\">\n<h3 class=\"wp-block-heading\">AURA Collaborative Robot<\/h3>\n\n\n\n<p>AURA est l\u2019unique robot collaboratif sur le march\u00e9 capable de soulever jusqu\u2019\u00e0 170 kilos. Gr\u00e2ce \u00e0 des capteurs sp\u00e9cifiques qui lui conf\u00e8rent une sensibilit\u00e9 \u00ab presque humaine \u00bb, il peut travailler en contact \u00e9troit avec l\u2019homme, sans barri\u00e8res et en toute s\u00e9curit\u00e9.<\/p>\n<\/div><\/div>\n<\/div>\n\n\n\n<div class=\"wp-block-column is-layout-flow wp-block-column-is-layout-flow\">\n<div class=\"wp-block-getwid-image-box has-text-left has-mobile-layout-default has-mobile-alignment-default\"><div class=\"wp-block-getwid-image-box__image-container is-position-top\"><a href=\"https:\/\/www.comau.com\/en\/?page_id=34586\" class=\"wp-block-getwid-image-box__image-wrapper\"><img decoding=\"async\" width=\"1280\" height=\"485\" src=\"https:\/\/www.comau.com\/wp-content\/uploads\/2021\/07\/Agile_header.png\" alt=\"\" class=\"wp-block-getwid-image-box__image wp-image-34605\" srcset=\"https:\/\/www.comau.com\/wp-content\/uploads\/2021\/07\/Agile_header.png 1280w, https:\/\/www.comau.com\/wp-content\/uploads\/2021\/07\/Agile_header-300x114.png 300w, https:\/\/www.comau.com\/wp-content\/uploads\/2021\/07\/Agile_header-1024x388.png 1024w, https:\/\/www.comau.com\/wp-content\/uploads\/2021\/07\/Agile_header-768x291.png 768w\" sizes=\"(max-width: 1280px) 100vw, 1280px\" \/><\/a><\/div><div class=\"wp-block-getwid-image-box__content\">\n<h3 class=\"wp-block-heading\">V\u00e9hicule \u00e0 guidage automatique (AGV)<\/h3>\n\n\n\n<p>Au sein de la plateforme de v\u00e9hicules \u00e0 guidage automatique de Comau, Agile1500 est un robot mobile enti\u00e8rement automatis\u00e9. Gr\u00e2ce \u00e0 une charge utile pouvant atteindre 1,5 tonne, il est con\u00e7u pour optimiser n\u2019importe quel flux logistique, en r\u00e9pondant \u00e0 de nombreuses exigences de production, pour des configurations d\u2019usine diverses et des applications vari\u00e9es.<\/p>\n<\/div><\/div>\n<\/div>\n<\/div>\n","protected":false},"excerpt":{"rendered":"<p>La quatri\u00e8me r\u00e9volution industrielle a red\u00e9fini la relation homme-machine au sein de l\u2019usine moderne. Dans la Smart Factory de Comau, op\u00e9rateurs et robots peuvent travailler en \u00e9troite relation et en toute s\u00e9curit\u00e9 gr\u00e2ce \u00e0 la robotique collaborative : les cobots sont charg\u00e9s des op\u00e9rations les plus p\u00e9nibles et r\u00e9p\u00e9titives alors que l\u2019homme peut se consacrer [&hellip;]<\/p>\n","protected":false},"author":11,"featured_media":34573,"parent":5715,"menu_order":8,"comment_status":"closed","ping_status":"closed","template":"","meta":{"_acf_changed":false,"ep_exclude_from_search":false,"footnotes":""},"class_list":["post-4819","page","type-page","status-publish","has-post-thumbnail","hentry"],"acf":[],"yoast_head":"<!-- This site is optimized with the Yoast SEO plugin v26.9 - https:\/\/yoast.com\/product\/yoast-seo-wordpress\/ -->\n<title>Robot collaboratifs industriels\u00a0: Collaborative Robots | Comau<\/title>\n<meta name=\"description\" content=\"Les robots collaboratifs permettent des op\u00e9rations manuelles \u00e0 proximit\u00e9 s\u00e9curis\u00e9es\u00a0: en savoir plus...\" \/>\n<meta name=\"robots\" content=\"index, follow, max-snippet:-1, max-image-preview:large, max-video-preview:-1\" \/>\n<link rel=\"canonical\" href=\"https:\/\/www.comau.com\/fr\/competencies\/robotics-automation\/collaborative-robotics\/\" \/>\n<meta property=\"og:locale\" content=\"fr_FR\" \/>\n<meta property=\"og:type\" content=\"article\" \/>\n<meta property=\"og:title\" content=\"Robot collaboratifs industriels\u00a0: Collaborative Robots | Comau\" \/>\n<meta property=\"og:description\" content=\"Les robots collaboratifs permettent des op\u00e9rations manuelles \u00e0 proximit\u00e9 s\u00e9curis\u00e9es\u00a0: en savoir plus...\" \/>\n<meta property=\"og:url\" content=\"https:\/\/www.comau.com\/fr\/competencies\/robotics-automation\/collaborative-robotics\/\" \/>\n<meta property=\"og:site_name\" content=\"Comau\" \/>\n<meta property=\"article:publisher\" content=\"https:\/\/www.facebook.com\/COMAU\/\" \/>\n<meta property=\"article:modified_time\" content=\"2022-02-07T13:11:13+00:00\" \/>\n<meta property=\"og:image\" content=\"https:\/\/www.comau.com\/wp-content\/uploads\/2021\/07\/Comau_Collaborative-Robotics_MainImage.jpg\" \/>\n\t<meta property=\"og:image:width\" content=\"1425\" \/>\n\t<meta property=\"og:image:height\" content=\"450\" \/>\n\t<meta property=\"og:image:type\" content=\"image\/jpeg\" \/>\n<meta name=\"twitter:card\" content=\"summary_large_image\" \/>\n<meta name=\"twitter:site\" content=\"@comaugroup\" \/>\n<meta name=\"twitter:label1\" content=\"Dur\u00e9e de lecture estim\u00e9e\" \/>\n\t<meta name=\"twitter:data1\" content=\"3 minutes\" \/>\n<script type=\"application\/ld+json\" class=\"yoast-schema-graph\">{\"@context\":\"https:\/\/schema.org\",\"@graph\":[{\"@type\":\"WebPage\",\"@id\":\"https:\/\/www.comau.com\/fr\/competencies\/robotics-automation\/collaborative-robotics\/\",\"url\":\"https:\/\/www.comau.com\/fr\/competencies\/robotics-automation\/collaborative-robotics\/\",\"name\":\"Robot collaboratifs industriels\u00a0: Collaborative Robots | Comau\",\"isPartOf\":{\"@id\":\"https:\/\/www.comau.com\/fr\/#website\"},\"primaryImageOfPage\":{\"@id\":\"https:\/\/www.comau.com\/fr\/competencies\/robotics-automation\/collaborative-robotics\/#primaryimage\"},\"image\":{\"@id\":\"https:\/\/www.comau.com\/fr\/competencies\/robotics-automation\/collaborative-robotics\/#primaryimage\"},\"thumbnailUrl\":\"https:\/\/www.comau.com\/wp-content\/uploads\/2021\/07\/Comau_Collaborative-Robotics_MainImage.jpg\",\"datePublished\":\"2021-06-30T22:08:53+00:00\",\"dateModified\":\"2022-02-07T13:11:13+00:00\",\"description\":\"Les robots collaboratifs permettent des op\u00e9rations manuelles \u00e0 proximit\u00e9 s\u00e9curis\u00e9es\u00a0: en savoir plus...\",\"breadcrumb\":{\"@id\":\"https:\/\/www.comau.com\/fr\/competencies\/robotics-automation\/collaborative-robotics\/#breadcrumb\"},\"inLanguage\":\"fr-FR\",\"potentialAction\":[{\"@type\":\"ReadAction\",\"target\":[\"https:\/\/www.comau.com\/fr\/competencies\/robotics-automation\/collaborative-robotics\/\"]}]},{\"@type\":\"ImageObject\",\"inLanguage\":\"fr-FR\",\"@id\":\"https:\/\/www.comau.com\/fr\/competencies\/robotics-automation\/collaborative-robotics\/#primaryimage\",\"url\":\"https:\/\/www.comau.com\/wp-content\/uploads\/2021\/07\/Comau_Collaborative-Robotics_MainImage.jpg\",\"contentUrl\":\"https:\/\/www.comau.com\/wp-content\/uploads\/2021\/07\/Comau_Collaborative-Robotics_MainImage.jpg\",\"width\":1425,\"height\":450},{\"@type\":\"BreadcrumbList\",\"@id\":\"https:\/\/www.comau.com\/fr\/competencies\/robotics-automation\/collaborative-robotics\/#breadcrumb\",\"itemListElement\":[{\"@type\":\"ListItem\",\"position\":1,\"name\":\"Home\",\"item\":\"https:\/\/www.comau.com\/fr\/\"},{\"@type\":\"ListItem\",\"position\":2,\"name\":\"Nos comp\u00e9tences\",\"item\":\"https:\/\/www.comau.com\/fr\/competencies\/\"},{\"@type\":\"ListItem\",\"position\":3,\"name\":\"Robotics &amp; Automation\",\"item\":\"https:\/\/www.comau.com\/fr\/competencies\/robotics-automation\/\"},{\"@type\":\"ListItem\",\"position\":4,\"name\":\"Collaborative Robotics\"}]},{\"@type\":\"WebSite\",\"@id\":\"https:\/\/www.comau.com\/fr\/#website\",\"url\":\"https:\/\/www.comau.com\/fr\/\",\"name\":\"Comau\",\"description\":\"Industrial automation and robotics\",\"publisher\":{\"@id\":\"https:\/\/www.comau.com\/fr\/#organization\"},\"potentialAction\":[{\"@type\":\"SearchAction\",\"target\":{\"@type\":\"EntryPoint\",\"urlTemplate\":\"https:\/\/www.comau.com\/fr\/?s={search_term_string}\"},\"query-input\":{\"@type\":\"PropertyValueSpecification\",\"valueRequired\":true,\"valueName\":\"search_term_string\"}}],\"inLanguage\":\"fr-FR\"},{\"@type\":\"Organization\",\"@id\":\"https:\/\/www.comau.com\/fr\/#organization\",\"name\":\"Comau\",\"url\":\"https:\/\/www.comau.com\/fr\/\",\"logo\":{\"@type\":\"ImageObject\",\"inLanguage\":\"fr-FR\",\"@id\":\"https:\/\/www.comau.com\/fr\/#\/schema\/logo\/image\/\",\"url\":\"https:\/\/www.comau.com\/wp-content\/uploads\/2024\/07\/cropped-Logo-COMAU.png\",\"contentUrl\":\"https:\/\/www.comau.com\/wp-content\/uploads\/2024\/07\/cropped-Logo-COMAU.png\",\"width\":434,\"height\":434,\"caption\":\"Comau\"},\"image\":{\"@id\":\"https:\/\/www.comau.com\/fr\/#\/schema\/logo\/image\/\"},\"sameAs\":[\"https:\/\/www.facebook.com\/COMAU\/\",\"https:\/\/x.com\/comaugroup\",\"https:\/\/www.instagram.com\/comaugroup\/\",\"https:\/\/www.linkedin.com\/company\/comau\",\"https:\/\/www.youtube.com\/user\/comau\"]}]}<\/script>\n<!-- \/ Yoast SEO plugin. -->","yoast_head_json":{"title":"Robot collaboratifs industriels\u00a0: Collaborative Robots | Comau","description":"Les robots collaboratifs permettent des op\u00e9rations manuelles \u00e0 proximit\u00e9 s\u00e9curis\u00e9es\u00a0: en savoir plus...","robots":{"index":"index","follow":"follow","max-snippet":"max-snippet:-1","max-image-preview":"max-image-preview:large","max-video-preview":"max-video-preview:-1"},"canonical":"https:\/\/www.comau.com\/fr\/competencies\/robotics-automation\/collaborative-robotics\/","og_locale":"fr_FR","og_type":"article","og_title":"Robot collaboratifs industriels\u00a0: Collaborative Robots | Comau","og_description":"Les robots collaboratifs permettent des op\u00e9rations manuelles \u00e0 proximit\u00e9 s\u00e9curis\u00e9es\u00a0: en savoir plus...","og_url":"https:\/\/www.comau.com\/fr\/competencies\/robotics-automation\/collaborative-robotics\/","og_site_name":"Comau","article_publisher":"https:\/\/www.facebook.com\/COMAU\/","article_modified_time":"2022-02-07T13:11:13+00:00","og_image":[{"width":1425,"height":450,"url":"https:\/\/www.comau.com\/wp-content\/uploads\/2021\/07\/Comau_Collaborative-Robotics_MainImage.jpg","type":"image\/jpeg"}],"twitter_card":"summary_large_image","twitter_site":"@comaugroup","twitter_misc":{"Dur\u00e9e de lecture estim\u00e9e":"3 minutes"},"schema":{"@context":"https:\/\/schema.org","@graph":[{"@type":"WebPage","@id":"https:\/\/www.comau.com\/fr\/competencies\/robotics-automation\/collaborative-robotics\/","url":"https:\/\/www.comau.com\/fr\/competencies\/robotics-automation\/collaborative-robotics\/","name":"Robot collaboratifs industriels\u00a0: Collaborative Robots | Comau","isPartOf":{"@id":"https:\/\/www.comau.com\/fr\/#website"},"primaryImageOfPage":{"@id":"https:\/\/www.comau.com\/fr\/competencies\/robotics-automation\/collaborative-robotics\/#primaryimage"},"image":{"@id":"https:\/\/www.comau.com\/fr\/competencies\/robotics-automation\/collaborative-robotics\/#primaryimage"},"thumbnailUrl":"https:\/\/www.comau.com\/wp-content\/uploads\/2021\/07\/Comau_Collaborative-Robotics_MainImage.jpg","datePublished":"2021-06-30T22:08:53+00:00","dateModified":"2022-02-07T13:11:13+00:00","description":"Les robots collaboratifs permettent des op\u00e9rations manuelles \u00e0 proximit\u00e9 s\u00e9curis\u00e9es\u00a0: en savoir plus...","breadcrumb":{"@id":"https:\/\/www.comau.com\/fr\/competencies\/robotics-automation\/collaborative-robotics\/#breadcrumb"},"inLanguage":"fr-FR","potentialAction":[{"@type":"ReadAction","target":["https:\/\/www.comau.com\/fr\/competencies\/robotics-automation\/collaborative-robotics\/"]}]},{"@type":"ImageObject","inLanguage":"fr-FR","@id":"https:\/\/www.comau.com\/fr\/competencies\/robotics-automation\/collaborative-robotics\/#primaryimage","url":"https:\/\/www.comau.com\/wp-content\/uploads\/2021\/07\/Comau_Collaborative-Robotics_MainImage.jpg","contentUrl":"https:\/\/www.comau.com\/wp-content\/uploads\/2021\/07\/Comau_Collaborative-Robotics_MainImage.jpg","width":1425,"height":450},{"@type":"BreadcrumbList","@id":"https:\/\/www.comau.com\/fr\/competencies\/robotics-automation\/collaborative-robotics\/#breadcrumb","itemListElement":[{"@type":"ListItem","position":1,"name":"Home","item":"https:\/\/www.comau.com\/fr\/"},{"@type":"ListItem","position":2,"name":"Nos comp\u00e9tences","item":"https:\/\/www.comau.com\/fr\/competencies\/"},{"@type":"ListItem","position":3,"name":"Robotics &amp; Automation","item":"https:\/\/www.comau.com\/fr\/competencies\/robotics-automation\/"},{"@type":"ListItem","position":4,"name":"Collaborative Robotics"}]},{"@type":"WebSite","@id":"https:\/\/www.comau.com\/fr\/#website","url":"https:\/\/www.comau.com\/fr\/","name":"Comau","description":"Industrial automation and robotics","publisher":{"@id":"https:\/\/www.comau.com\/fr\/#organization"},"potentialAction":[{"@type":"SearchAction","target":{"@type":"EntryPoint","urlTemplate":"https:\/\/www.comau.com\/fr\/?s={search_term_string}"},"query-input":{"@type":"PropertyValueSpecification","valueRequired":true,"valueName":"search_term_string"}}],"inLanguage":"fr-FR"},{"@type":"Organization","@id":"https:\/\/www.comau.com\/fr\/#organization","name":"Comau","url":"https:\/\/www.comau.com\/fr\/","logo":{"@type":"ImageObject","inLanguage":"fr-FR","@id":"https:\/\/www.comau.com\/fr\/#\/schema\/logo\/image\/","url":"https:\/\/www.comau.com\/wp-content\/uploads\/2024\/07\/cropped-Logo-COMAU.png","contentUrl":"https:\/\/www.comau.com\/wp-content\/uploads\/2024\/07\/cropped-Logo-COMAU.png","width":434,"height":434,"caption":"Comau"},"image":{"@id":"https:\/\/www.comau.com\/fr\/#\/schema\/logo\/image\/"},"sameAs":["https:\/\/www.facebook.com\/COMAU\/","https:\/\/x.com\/comaugroup","https:\/\/www.instagram.com\/comaugroup\/","https:\/\/www.linkedin.com\/company\/comau","https:\/\/www.youtube.com\/user\/comau"]}]}},"_links":{"self":[{"href":"https:\/\/www.comau.com\/fr\/wp-json\/wp\/v2\/pages\/4819","targetHints":{"allow":["GET"]}}],"collection":[{"href":"https:\/\/www.comau.com\/fr\/wp-json\/wp\/v2\/pages"}],"about":[{"href":"https:\/\/www.comau.com\/fr\/wp-json\/wp\/v2\/types\/page"}],"author":[{"embeddable":true,"href":"https:\/\/www.comau.com\/fr\/wp-json\/wp\/v2\/users\/11"}],"replies":[{"embeddable":true,"href":"https:\/\/www.comau.com\/fr\/wp-json\/wp\/v2\/comments?post=4819"}],"version-history":[{"count":18,"href":"https:\/\/www.comau.com\/fr\/wp-json\/wp\/v2\/pages\/4819\/revisions"}],"predecessor-version":[{"id":42030,"href":"https:\/\/www.comau.com\/fr\/wp-json\/wp\/v2\/pages\/4819\/revisions\/42030"}],"up":[{"embeddable":true,"href":"https:\/\/www.comau.com\/fr\/wp-json\/wp\/v2\/pages\/5715"}],"wp:featuredmedia":[{"embeddable":true,"href":"https:\/\/www.comau.com\/fr\/wp-json\/wp\/v2\/media\/34573"}],"wp:attachment":[{"href":"https:\/\/www.comau.com\/fr\/wp-json\/wp\/v2\/media?parent=4819"}],"curies":[{"name":"wp","href":"https:\/\/api.w.org\/{rel}","templated":true}]}}