{"id":4810,"date":"2021-07-01T00:01:33","date_gmt":"2021-06-30T22:01:33","guid":{"rendered":"https:\/\/www.comau.com\/?page_id=4810"},"modified":"2025-03-19T13:49:35","modified_gmt":"2025-03-19T12:49:35","slug":"body-assembly","status":"publish","type":"page","link":"https:\/\/www.comau.com\/fr\/competencies\/body-assembly\/","title":{"rendered":"Body Assembly"},"content":{"rendered":"\n<h2 class=\"wp-block-heading\" id=\"nous-savons-ce-qui-importe-le-plus-aux-entreprises\">Nous savons ce qui importe le plus aux entreprises<\/h2>\n\n\n\n<div class=\"wp-block-columns is-layout-flex wp-container-core-columns-is-layout-9d6595d7 wp-block-columns-is-layout-flex\">\n<div class=\"wp-block-column is-layout-flow wp-block-column-is-layout-flow\">\n<div class=\"wp-block-getwid-image-box has-text-center has-mobile-layout-default has-mobile-alignment-default\"><div class=\"wp-block-getwid-image-box__image-container is-position-top\"><div class=\"wp-block-getwid-image-box__image-wrapper\"><img decoding=\"async\" width=\"184\" height=\"130\" src=\"https:\/\/www.comau.com\/wp-content\/uploads\/2021\/06\/esigenze-time-to-market.jpg\" alt=\"\" class=\"wp-block-getwid-image-box__image wp-image-396\" \/><\/div><\/div><div class=\"wp-block-getwid-image-box__content\">\n<h3 class=\"wp-block-heading\"><\/h3>\n\n\n\n<p>D\u00e9lai de commercialisation<\/p>\n<\/div><\/div>\n<\/div>\n\n\n\n<div class=\"wp-block-column is-layout-flow wp-block-column-is-layout-flow\">\n<div class=\"wp-block-getwid-image-box has-text-center has-mobile-layout-default has-mobile-alignment-default\"><div class=\"wp-block-getwid-image-box__image-container is-position-top\"><div class=\"wp-block-getwid-image-box__image-wrapper\"><img decoding=\"async\" width=\"184\" height=\"130\" src=\"https:\/\/www.comau.com\/wp-content\/uploads\/2021\/06\/esigenze-flessibilita.jpg\" alt=\"\" class=\"wp-block-getwid-image-box__image wp-image-399\" \/><\/div><\/div><div class=\"wp-block-getwid-image-box__content\">\n<h3 class=\"wp-block-heading\"><\/h3>\n\n\n\n<p>Flexibilit\u00e9 op\u00e9rationnelle<\/p>\n<\/div><\/div>\n<\/div>\n\n\n\n<div class=\"wp-block-column is-layout-flow wp-block-column-is-layout-flow\">\n<div class=\"wp-block-getwid-image-box has-text-center has-mobile-layout-default has-mobile-alignment-default\"><div class=\"wp-block-getwid-image-box__image-container is-position-top\"><div class=\"wp-block-getwid-image-box__image-wrapper\"><img decoding=\"async\" width=\"184\" height=\"130\" src=\"https:\/\/www.comau.com\/wp-content\/uploads\/2021\/06\/esigenze-ridurre-costi.jpg\" alt=\"\" class=\"wp-block-getwid-image-box__image wp-image-398\" \/><\/div><\/div><div class=\"wp-block-getwid-image-box__content\">\n<h3 class=\"wp-block-heading\"><\/h3>\n\n\n\n<p>R\u00e9duction des co\u00fbts de fonctionnement<\/p>\n<\/div><\/div>\n<\/div>\n\n\n\n<div class=\"wp-block-column is-layout-flow wp-block-column-is-layout-flow\">\n<div class=\"wp-block-getwid-image-box has-text-center has-mobile-layout-default has-mobile-alignment-default\"><div class=\"wp-block-getwid-image-box__image-container is-position-top\"><div class=\"wp-block-getwid-image-box__image-wrapper\"><img decoding=\"async\" width=\"184\" height=\"130\" src=\"https:\/\/www.comau.com\/wp-content\/uploads\/2021\/06\/esigenze-ottimizzare-processi.jpg\" alt=\"\" class=\"wp-block-getwid-image-box__image wp-image-397\" \/><\/div><\/div><div class=\"wp-block-getwid-image-box__content\">\n<h3 class=\"wp-block-heading\"><\/h3>\n\n\n\n<p>Optimisation des processus<\/p>\n<\/div><\/div>\n<\/div>\n<\/div>\n\n\n\n<h2 class=\"wp-block-heading\" id=\"nous-atteignons-ces-objectifs-grace-a-notre-approche-systematique-de-personnalisation-des-projets\">Nous atteignons ces objectifs gr\u00e2ce \u00e0 notre approche syst\u00e9matique de personnalisation des projets<\/h2>\n\n\n\n<p>Il n&rsquo;existe pas deux soci\u00e9t\u00e9s identiques.<\/p>\n\n\n\n<p>Et chaque ligne de production a ses propres exigences sp\u00e9cifiques.<\/p>\n\n\n\n<p>C&rsquo;est pourquoi nous ne vendons pas de solutions sur catalogue mais nous les planifions et les d\u00e9veloppons en collaboration avec nos clients.<\/p>\n\n\n\n<p>Nous allons au c\u0153ur du processus de fabrication pour atteindre les r\u00e9sultats souhait\u00e9s. L&rsquo;ex\u00e9cution des projets est un succ\u00e8s gr\u00e2ce aux \u00e9changes r\u00e9ciproques entre vous et nous pour concevoir, mettre en \u0153uvre et optimiser des solutions v\u00e9ritablement innovantes.<\/p>\n\n\n\n<p>Comau dispose d\u2019un des r\u00e9seaux de fabrication de technologies d\u2019automatisation les plus d\u00e9velopp\u00e9s au monde. Nos bureaux et centres d\u2019innovation sont r\u00e9partis partout dans le monde pour supporter vos besoins tout au long du processus.<\/p>\n\n\n\n<h2 class=\"wp-block-heading\" id=\"comauflex-la-flexibilite-au-service-de-l-innovation-de-produit\">ComauFlex : La flexibilit\u00e9 au service de l&rsquo;innovation de produit<\/h2>\n\n\n\n<p>Les march\u00e9s modernes parlent la langue de l&rsquo;innovation. Les nouveaux produits, processus, types d&rsquo;assemblages et de mat\u00e9riaux sont des d\u00e9fis habituels pour une industrie en \u00e9volution permanente.<\/p>\n\n\n\n<p>ComauFlex est notre r\u00e9ponse strat\u00e9gique \u00e0 la n\u00e9cessit\u00e9 de mettre en place des lignes d&rsquo;assemblage modulaires. L&rsquo;approvisionnement et la transformation sont \u00e0 la fois distincts et interconnect\u00e9s et sont fondamentaux pour cr\u00e9er des processus polyvalents et efficaces.<\/p>\n\n\n\n<p>Le syst\u00e8me garantit une flexibilit\u00e9 op\u00e9rationnelle maximale, m\u00eame quand il existe des contraintes d&rsquo;espace ou quand la machine doit traiter des volumes importants de nouveaux mat\u00e9riaux et types d&rsquo;assemblages.<\/p>\n\n\n\n<p>\u00ab ComauFlex est une philosophie op\u00e9rationnelle qui maximise l\u2019efficacit\u00e9 de la production et cr\u00e9e une configuration ordonn\u00e9e et rationnelle de l\u2019environnement de production industriel. \u00bb<\/p>\n\n\n\n<h2 class=\"wp-block-heading\" id=\"how-we-re-changing-body-assembly-technologies\">Comment nous changeons les technologies des ensembles carrosseries<\/h2>\n\n\n\n<div class=\"wp-block-columns columns-bg-dark is-layout-flex wp-container-core-columns-is-layout-9d6595d7 wp-block-columns-is-layout-flex\">\n<div class=\"wp-block-column is-layout-flow wp-block-column-is-layout-flow\">\n<h3 class=\"wp-block-heading\" id=\"solutions\">Solutions<\/h3>\n\n\n\n<p>Des syst\u00e8mes de fabrication et d&rsquo;assemblage de caisses en blanc complets, associ\u00e9s \u00e0 des processus d&rsquo;assemblage avanc\u00e9s pour l&rsquo;assemblage de caisses de voitures, tel que le syst\u00e8me de cadre OpenRobogate. Enti\u00e8rement int\u00e9gr\u00e9es dans l&rsquo;usine, nos solutions cl\u00e9s en main am\u00e9liorent l&rsquo;efficacit\u00e9 de votre processus de production et optimisent la logistique de l&rsquo;usine.<\/p>\n\n\n\n<div class=\"wp-block-buttons is-layout-flex wp-block-buttons-is-layout-flex\">\n<div class=\"wp-block-button\"><a class=\"wp-block-button__link wp-element-button\" href=\"https:\/\/www.comau.com\/fr\/competencies\/body-assembly\/solutions\/\">Explorez les solutions<\/a><\/div>\n<\/div>\n<\/div>\n\n\n\n<div class=\"wp-block-column is-layout-flow wp-block-column-is-layout-flow\">\n<h3 class=\"wp-block-heading\" id=\"technologies\">Technologies<\/h3>\n\n\n\n<p>Depuis les technologies avanc\u00e9es d&rsquo;assemblage de mat\u00e9riaux et les syst\u00e8mes laser de brasage, de soudage et de d\u00e9coupe jusqu&rsquo;aux processus robotiques 3 D de d\u00e9coupe au plasma et au rabattage au rouleau (RHEvo), notre longue tradition d&rsquo;innovation et d&rsquo;excellence est sans \u00e9gale.<\/p>\n\n\n\n<div class=\"wp-block-buttons is-layout-flex wp-block-buttons-is-layout-flex\">\n<div class=\"wp-block-button\"><a class=\"wp-block-button__link wp-element-button\" href=\"https:\/\/www.comau.com\/fr\/competencies\/body-assembly\/technologies\/\">Explorez les technologies<\/a><\/div>\n<\/div>\n<\/div>\n\n\n\n<div class=\"wp-block-column is-layout-flow wp-block-column-is-layout-flow\">\n<h3 class=\"wp-block-heading\" id=\"produits\">Produits<\/h3>\n\n\n\n<p>Pinces de soudage et machines de soudage par points. Convoyeurs de palettes totalisateurs. Effecteurs terminaux amovibles. Syst\u00e8mes de vison et Reconnaissance innovante. Nos id\u00e9es changent l&rsquo;assemblage et le montage de la caisse.<\/p>\n\n\n\n<div class=\"wp-block-buttons is-layout-flex wp-block-buttons-is-layout-flex\">\n<div class=\"wp-block-button\"><a class=\"wp-block-button__link wp-element-button\" href=\"https:\/\/www.comau.com\/fr\/competencies\/body-assembly\/products\/\">Voir nos produits<\/a><\/div>\n<\/div>\n<\/div>\n<\/div>\n\n\n\n<h2 class=\"wp-block-heading\" id=\"l-assemblage-de-la-caisse-en-chiffres\">L&rsquo;assemblage de la caisse en chiffres<\/h2>\n\n\n\n<div class=\"wp-block-columns is-layout-flex wp-container-core-columns-is-layout-9d6595d7 wp-block-columns-is-layout-flex\">\n<div class=\"wp-block-column is-layout-flow wp-block-column-is-layout-flow\">\n<div class=\"wp-block-getwid-image-box has-text-center has-mobile-layout-default has-mobile-alignment-default\"><div class=\"wp-block-getwid-image-box__image-container is-position-top\"><div class=\"wp-block-getwid-image-box__image-wrapper\"><img decoding=\"async\" width=\"184\" height=\"130\" src=\"https:\/\/www.comau.com\/wp-content\/uploads\/2021\/06\/locations.jpg\" alt=\"\" class=\"wp-block-getwid-image-box__image wp-image-410\" \/><\/div><\/div><div class=\"wp-block-getwid-image-box__content\">\n<h3 class=\"wp-block-heading\"><\/h3>\n\n\n\n<p>Plus de  <strong>10<\/strong>syst\u00e8mes ComauFlex install\u00e9s dans <strong>3<\/strong> r\u00e9gions diff\u00e9rentes<\/p>\n<\/div><\/div>\n<\/div>\n\n\n\n<div class=\"wp-block-column is-layout-flow wp-block-column-is-layout-flow\">\n<div class=\"wp-block-getwid-image-box has-text-center has-mobile-layout-default has-mobile-alignment-default\"><div class=\"wp-block-getwid-image-box__image-container is-position-top\"><div class=\"wp-block-getwid-image-box__image-wrapper\"><img decoding=\"async\" width=\"184\" height=\"130\" src=\"https:\/\/www.comau.com\/wp-content\/uploads\/2021\/06\/laser_applications_in_different-countries.jpg\" alt=\"\" class=\"wp-block-getwid-image-box__image wp-image-413\" \/><\/div><\/div><div class=\"wp-block-getwid-image-box__content\">\n<h3 class=\"wp-block-heading\"><\/h3>\n\n\n\n<p>Plus de <strong>120<\/strong> applications laser dans <strong>13<\/strong> pays diff\u00e9rents et <strong>8,000<\/strong> pinces de soudage utilis\u00e9s<\/p>\n<\/div><\/div>\n<\/div>\n\n\n\n<div class=\"wp-block-column is-layout-flow wp-block-column-is-layout-flow\">\n<div class=\"wp-block-getwid-image-box has-text-center has-mobile-layout-default has-mobile-alignment-default\"><div class=\"wp-block-getwid-image-box__image-container is-position-top\"><div class=\"wp-block-getwid-image-box__image-wrapper\"><img decoding=\"async\" width=\"184\" height=\"130\" src=\"https:\/\/www.comau.com\/wp-content\/uploads\/2021\/06\/vision_Hemming_systems_installed.jpg\" alt=\"\" class=\"wp-block-getwid-image-box__image wp-image-412\" \/><\/div><\/div><div class=\"wp-block-getwid-image-box__content\">\n<h3 class=\"wp-block-heading\"><\/h3>\n\n\n\n<p><strong>230<\/strong>  syst\u00e8mes de vision et de rabattage install\u00e9s<\/p>\n<\/div><\/div>\n<\/div>\n\n\n\n<div class=\"wp-block-column is-layout-flow wp-block-column-is-layout-flow\">\n<div class=\"wp-block-getwid-image-box has-text-center has-mobile-layout-default has-mobile-alignment-default\"><div class=\"wp-block-getwid-image-box__image-container is-position-top\"><div class=\"wp-block-getwid-image-box__image-wrapper\"><img decoding=\"async\" width=\"184\" height=\"130\" src=\"https:\/\/www.comau.com\/wp-content\/uploads\/2021\/06\/patents_held_and_-patents_pending.jpg\" alt=\"\" class=\"wp-block-getwid-image-box__image wp-image-411\" \/><\/div><\/div><div class=\"wp-block-getwid-image-box__content\">\n<h3 class=\"wp-block-heading\"><\/h3>\n\n\n\n<p><strong>75<\/strong> brevets d\u00e9tenus et <strong>60<\/strong>brevets en cours d&rsquo;instruction<\/p>\n<\/div><\/div>\n<\/div>\n<\/div>\n","protected":false},"excerpt":{"rendered":"<p>Nous savons ce qui importe le plus aux entreprises Nous atteignons ces objectifs gr\u00e2ce \u00e0 notre approche syst\u00e9matique de personnalisation des projets Il n&rsquo;existe pas deux soci\u00e9t\u00e9s identiques. Et chaque ligne de production a ses propres exigences sp\u00e9cifiques. C&rsquo;est pourquoi nous ne vendons pas de solutions sur catalogue mais nous les planifions et les d\u00e9veloppons [&hellip;]<\/p>\n","protected":false},"author":11,"featured_media":4817,"parent":4762,"menu_order":1,"comment_status":"closed","ping_status":"closed","template":"","meta":{"_acf_changed":false,"ep_exclude_from_search":false,"footnotes":""},"class_list":["post-4810","page","type-page","status-publish","has-post-thumbnail","hentry"],"acf":[],"yoast_head":"<!-- This site is optimized with the Yoast SEO plugin v26.9 - https:\/\/yoast.com\/product\/yoast-seo-wordpress\/ -->\n<title>Assemblage carrosserie\u00a0: montage et production | Comau<\/title>\n<meta name=\"description\" content=\"Comau assure le suivi de ses clients tout au long du processus de production et r\u00e9pond \u00e0 toutes les exigences\u00a0: en savoir plus...\" \/>\n<meta name=\"robots\" content=\"index, follow, max-snippet:-1, max-image-preview:large, max-video-preview:-1\" \/>\n<link rel=\"canonical\" href=\"https:\/\/www.comau.com\/fr\/competencies\/body-assembly\/\" \/>\n<meta property=\"og:locale\" content=\"fr_FR\" \/>\n<meta property=\"og:type\" content=\"article\" \/>\n<meta property=\"og:title\" content=\"Assemblage carrosserie\u00a0: montage et production | Comau\" \/>\n<meta property=\"og:description\" content=\"Comau assure le suivi de ses clients tout au long du processus de production et r\u00e9pond \u00e0 toutes les exigences\u00a0: en savoir plus...\" \/>\n<meta property=\"og:url\" content=\"https:\/\/www.comau.com\/fr\/competencies\/body-assembly\/\" \/>\n<meta property=\"og:site_name\" content=\"Comau\" \/>\n<meta property=\"article:publisher\" content=\"https:\/\/www.facebook.com\/COMAU\/\" \/>\n<meta property=\"article:modified_time\" content=\"2025-03-19T12:49:35+00:00\" \/>\n<meta property=\"og:image\" content=\"https:\/\/www.comau.com\/wp-content\/uploads\/2021\/06\/BA_header.jpg\" \/>\n\t<meta property=\"og:image:width\" content=\"1280\" \/>\n\t<meta property=\"og:image:height\" content=\"485\" \/>\n\t<meta property=\"og:image:type\" content=\"image\/jpeg\" \/>\n<meta name=\"twitter:card\" content=\"summary_large_image\" \/>\n<meta name=\"twitter:site\" content=\"@comaugroup\" \/>\n<meta name=\"twitter:label1\" content=\"Dur\u00e9e de lecture estim\u00e9e\" \/>\n\t<meta name=\"twitter:data1\" content=\"4 minutes\" \/>\n<script type=\"application\/ld+json\" class=\"yoast-schema-graph\">{\"@context\":\"https:\/\/schema.org\",\"@graph\":[{\"@type\":\"WebPage\",\"@id\":\"https:\/\/www.comau.com\/fr\/competencies\/body-assembly\/\",\"url\":\"https:\/\/www.comau.com\/fr\/competencies\/body-assembly\/\",\"name\":\"Assemblage carrosserie\u00a0: montage et production | Comau\",\"isPartOf\":{\"@id\":\"https:\/\/www.comau.com\/fr\/#website\"},\"primaryImageOfPage\":{\"@id\":\"https:\/\/www.comau.com\/fr\/competencies\/body-assembly\/#primaryimage\"},\"image\":{\"@id\":\"https:\/\/www.comau.com\/fr\/competencies\/body-assembly\/#primaryimage\"},\"thumbnailUrl\":\"https:\/\/www.comau.com\/wp-content\/uploads\/2021\/06\/BA_header.jpg\",\"datePublished\":\"2021-06-30T22:01:33+00:00\",\"dateModified\":\"2025-03-19T12:49:35+00:00\",\"description\":\"Comau assure le suivi de ses clients tout au long du processus de production et r\u00e9pond \u00e0 toutes les exigences\u00a0: en savoir plus...\",\"breadcrumb\":{\"@id\":\"https:\/\/www.comau.com\/fr\/competencies\/body-assembly\/#breadcrumb\"},\"inLanguage\":\"fr-FR\",\"potentialAction\":[{\"@type\":\"ReadAction\",\"target\":[\"https:\/\/www.comau.com\/fr\/competencies\/body-assembly\/\"]}]},{\"@type\":\"ImageObject\",\"inLanguage\":\"fr-FR\",\"@id\":\"https:\/\/www.comau.com\/fr\/competencies\/body-assembly\/#primaryimage\",\"url\":\"https:\/\/www.comau.com\/wp-content\/uploads\/2021\/06\/BA_header.jpg\",\"contentUrl\":\"https:\/\/www.comau.com\/wp-content\/uploads\/2021\/06\/BA_header.jpg\",\"width\":1280,\"height\":485},{\"@type\":\"BreadcrumbList\",\"@id\":\"https:\/\/www.comau.com\/fr\/competencies\/body-assembly\/#breadcrumb\",\"itemListElement\":[{\"@type\":\"ListItem\",\"position\":1,\"name\":\"Home\",\"item\":\"https:\/\/www.comau.com\/fr\/\"},{\"@type\":\"ListItem\",\"position\":2,\"name\":\"Nos comp\u00e9tences\",\"item\":\"https:\/\/www.comau.com\/fr\/competencies\/\"},{\"@type\":\"ListItem\",\"position\":3,\"name\":\"Body Assembly\"}]},{\"@type\":\"WebSite\",\"@id\":\"https:\/\/www.comau.com\/fr\/#website\",\"url\":\"https:\/\/www.comau.com\/fr\/\",\"name\":\"Comau\",\"description\":\"Industrial automation and robotics\",\"publisher\":{\"@id\":\"https:\/\/www.comau.com\/fr\/#organization\"},\"potentialAction\":[{\"@type\":\"SearchAction\",\"target\":{\"@type\":\"EntryPoint\",\"urlTemplate\":\"https:\/\/www.comau.com\/fr\/?s={search_term_string}\"},\"query-input\":{\"@type\":\"PropertyValueSpecification\",\"valueRequired\":true,\"valueName\":\"search_term_string\"}}],\"inLanguage\":\"fr-FR\"},{\"@type\":\"Organization\",\"@id\":\"https:\/\/www.comau.com\/fr\/#organization\",\"name\":\"Comau\",\"url\":\"https:\/\/www.comau.com\/fr\/\",\"logo\":{\"@type\":\"ImageObject\",\"inLanguage\":\"fr-FR\",\"@id\":\"https:\/\/www.comau.com\/fr\/#\/schema\/logo\/image\/\",\"url\":\"https:\/\/www.comau.com\/wp-content\/uploads\/2024\/07\/cropped-Logo-COMAU.png\",\"contentUrl\":\"https:\/\/www.comau.com\/wp-content\/uploads\/2024\/07\/cropped-Logo-COMAU.png\",\"width\":434,\"height\":434,\"caption\":\"Comau\"},\"image\":{\"@id\":\"https:\/\/www.comau.com\/fr\/#\/schema\/logo\/image\/\"},\"sameAs\":[\"https:\/\/www.facebook.com\/COMAU\/\",\"https:\/\/x.com\/comaugroup\",\"https:\/\/www.instagram.com\/comaugroup\/\",\"https:\/\/www.linkedin.com\/company\/comau\",\"https:\/\/www.youtube.com\/user\/comau\"]}]}<\/script>\n<!-- \/ Yoast SEO plugin. -->","yoast_head_json":{"title":"Assemblage carrosserie\u00a0: montage et production | Comau","description":"Comau assure le suivi de ses clients tout au long du processus de production et r\u00e9pond \u00e0 toutes les exigences\u00a0: en savoir plus...","robots":{"index":"index","follow":"follow","max-snippet":"max-snippet:-1","max-image-preview":"max-image-preview:large","max-video-preview":"max-video-preview:-1"},"canonical":"https:\/\/www.comau.com\/fr\/competencies\/body-assembly\/","og_locale":"fr_FR","og_type":"article","og_title":"Assemblage carrosserie\u00a0: montage et production | Comau","og_description":"Comau assure le suivi de ses clients tout au long du processus de production et r\u00e9pond \u00e0 toutes les exigences\u00a0: en savoir plus...","og_url":"https:\/\/www.comau.com\/fr\/competencies\/body-assembly\/","og_site_name":"Comau","article_publisher":"https:\/\/www.facebook.com\/COMAU\/","article_modified_time":"2025-03-19T12:49:35+00:00","og_image":[{"width":1280,"height":485,"url":"https:\/\/www.comau.com\/wp-content\/uploads\/2021\/06\/BA_header.jpg","type":"image\/jpeg"}],"twitter_card":"summary_large_image","twitter_site":"@comaugroup","twitter_misc":{"Dur\u00e9e de lecture estim\u00e9e":"4 minutes"},"schema":{"@context":"https:\/\/schema.org","@graph":[{"@type":"WebPage","@id":"https:\/\/www.comau.com\/fr\/competencies\/body-assembly\/","url":"https:\/\/www.comau.com\/fr\/competencies\/body-assembly\/","name":"Assemblage carrosserie\u00a0: montage et production | Comau","isPartOf":{"@id":"https:\/\/www.comau.com\/fr\/#website"},"primaryImageOfPage":{"@id":"https:\/\/www.comau.com\/fr\/competencies\/body-assembly\/#primaryimage"},"image":{"@id":"https:\/\/www.comau.com\/fr\/competencies\/body-assembly\/#primaryimage"},"thumbnailUrl":"https:\/\/www.comau.com\/wp-content\/uploads\/2021\/06\/BA_header.jpg","datePublished":"2021-06-30T22:01:33+00:00","dateModified":"2025-03-19T12:49:35+00:00","description":"Comau assure le suivi de ses clients tout au long du processus de production et r\u00e9pond \u00e0 toutes les exigences\u00a0: en savoir plus...","breadcrumb":{"@id":"https:\/\/www.comau.com\/fr\/competencies\/body-assembly\/#breadcrumb"},"inLanguage":"fr-FR","potentialAction":[{"@type":"ReadAction","target":["https:\/\/www.comau.com\/fr\/competencies\/body-assembly\/"]}]},{"@type":"ImageObject","inLanguage":"fr-FR","@id":"https:\/\/www.comau.com\/fr\/competencies\/body-assembly\/#primaryimage","url":"https:\/\/www.comau.com\/wp-content\/uploads\/2021\/06\/BA_header.jpg","contentUrl":"https:\/\/www.comau.com\/wp-content\/uploads\/2021\/06\/BA_header.jpg","width":1280,"height":485},{"@type":"BreadcrumbList","@id":"https:\/\/www.comau.com\/fr\/competencies\/body-assembly\/#breadcrumb","itemListElement":[{"@type":"ListItem","position":1,"name":"Home","item":"https:\/\/www.comau.com\/fr\/"},{"@type":"ListItem","position":2,"name":"Nos comp\u00e9tences","item":"https:\/\/www.comau.com\/fr\/competencies\/"},{"@type":"ListItem","position":3,"name":"Body Assembly"}]},{"@type":"WebSite","@id":"https:\/\/www.comau.com\/fr\/#website","url":"https:\/\/www.comau.com\/fr\/","name":"Comau","description":"Industrial automation and robotics","publisher":{"@id":"https:\/\/www.comau.com\/fr\/#organization"},"potentialAction":[{"@type":"SearchAction","target":{"@type":"EntryPoint","urlTemplate":"https:\/\/www.comau.com\/fr\/?s={search_term_string}"},"query-input":{"@type":"PropertyValueSpecification","valueRequired":true,"valueName":"search_term_string"}}],"inLanguage":"fr-FR"},{"@type":"Organization","@id":"https:\/\/www.comau.com\/fr\/#organization","name":"Comau","url":"https:\/\/www.comau.com\/fr\/","logo":{"@type":"ImageObject","inLanguage":"fr-FR","@id":"https:\/\/www.comau.com\/fr\/#\/schema\/logo\/image\/","url":"https:\/\/www.comau.com\/wp-content\/uploads\/2024\/07\/cropped-Logo-COMAU.png","contentUrl":"https:\/\/www.comau.com\/wp-content\/uploads\/2024\/07\/cropped-Logo-COMAU.png","width":434,"height":434,"caption":"Comau"},"image":{"@id":"https:\/\/www.comau.com\/fr\/#\/schema\/logo\/image\/"},"sameAs":["https:\/\/www.facebook.com\/COMAU\/","https:\/\/x.com\/comaugroup","https:\/\/www.instagram.com\/comaugroup\/","https:\/\/www.linkedin.com\/company\/comau","https:\/\/www.youtube.com\/user\/comau"]}]}},"_links":{"self":[{"href":"https:\/\/www.comau.com\/fr\/wp-json\/wp\/v2\/pages\/4810","targetHints":{"allow":["GET"]}}],"collection":[{"href":"https:\/\/www.comau.com\/fr\/wp-json\/wp\/v2\/pages"}],"about":[{"href":"https:\/\/www.comau.com\/fr\/wp-json\/wp\/v2\/types\/page"}],"author":[{"embeddable":true,"href":"https:\/\/www.comau.com\/fr\/wp-json\/wp\/v2\/users\/11"}],"replies":[{"embeddable":true,"href":"https:\/\/www.comau.com\/fr\/wp-json\/wp\/v2\/comments?post=4810"}],"version-history":[{"count":42,"href":"https:\/\/www.comau.com\/fr\/wp-json\/wp\/v2\/pages\/4810\/revisions"}],"predecessor-version":[{"id":74151,"href":"https:\/\/www.comau.com\/fr\/wp-json\/wp\/v2\/pages\/4810\/revisions\/74151"}],"up":[{"embeddable":true,"href":"https:\/\/www.comau.com\/fr\/wp-json\/wp\/v2\/pages\/4762"}],"wp:featuredmedia":[{"embeddable":true,"href":"https:\/\/www.comau.com\/fr\/wp-json\/wp\/v2\/media\/4817"}],"wp:attachment":[{"href":"https:\/\/www.comau.com\/fr\/wp-json\/wp\/v2\/media?parent=4810"}],"curies":[{"name":"wp","href":"https:\/\/api.w.org\/{rel}","templated":true}]}}