{"id":4805,"date":"2021-07-01T00:02:27","date_gmt":"2021-06-30T22:02:27","guid":{"rendered":"https:\/\/www.comau.com\/competencies\/powertrain-machining\/"},"modified":"2025-03-10T22:10:25","modified_gmt":"2025-03-10T21:10:25","slug":"powertrain-machining","status":"publish","type":"page","link":"https:\/\/www.comau.com\/fr\/competencies\/products-solutions\/powertrain-machining\/","title":{"rendered":"Powertrain &amp; Machining"},"content":{"rendered":"\n<p>Gr\u00e2ce \u00e0 une longue exp\u00e9rience \u00e9prouv\u00e9e dans le secteur manufacturier au niveau mondial, associ\u00e9e \u00e0 un engagement permanent dans la recherche de solutions perfectionn\u00e9es et novatrices, Comau d\u00e9veloppe des syst\u00e8mes extr\u00eamement flexibles et efficaces, des centres d\u2019usinage universels et des solutions de processus personnalis\u00e9es capables de r\u00e9pondre \u00e0 tous les besoins.<\/p>\n\n\n\n<p>Chaque proposition est le fruit de technologies de pointe, d\u2019un savoir-faire approfondi et d\u2019une approche conceptuelle compl\u00e8te et int\u00e9gr\u00e9e. Cela nous permet d\u2019offrir des produits et syst\u00e8mes sur mesure cl\u00e9s en main, personnalis\u00e9s et optimis\u00e9s gr\u00e2ce \u00e0 une large gamme de services et \u00e0 une collaboration constante et strat\u00e9gique avec nos clients.<\/p>\n\n\n\n<div class=\"wp-block-getwid-image-box has-image-left has-text-center has-mobile-layout-default has-mobile-alignment-default\"><div class=\"wp-block-getwid-image-box__image-container is-position-top\"><div class=\"wp-block-getwid-image-box__image-wrapper\"><img decoding=\"async\" width=\"1920\" height=\"600\" src=\"https:\/\/www.comau.com\/wp-content\/uploads\/2024\/10\/Header_SmartReach-Comau_Machining.jpeg\" alt=\"SmartReach Comau for highly flexible machining\" class=\"wp-block-getwid-image-box__image wp-image-68862\" srcset=\"https:\/\/www.comau.com\/wp-content\/uploads\/2024\/10\/Header_SmartReach-Comau_Machining.jpeg 1920w, https:\/\/www.comau.com\/wp-content\/uploads\/2024\/10\/Header_SmartReach-Comau_Machining-300x94.jpeg 300w, https:\/\/www.comau.com\/wp-content\/uploads\/2024\/10\/Header_SmartReach-Comau_Machining-1024x320.jpeg 1024w, https:\/\/www.comau.com\/wp-content\/uploads\/2024\/10\/Header_SmartReach-Comau_Machining-768x240.jpeg 768w, https:\/\/www.comau.com\/wp-content\/uploads\/2024\/10\/Header_SmartReach-Comau_Machining-1536x480.jpeg 1536w\" sizes=\"(max-width: 1920px) 100vw, 1920px\" \/><\/div><\/div><div class=\"wp-block-getwid-image-box__content\">\n<h3 class=\"wp-block-heading has-text-align-left\">Usinage Polyvalence<\/h3>\n\n\n\n<p class=\"has-text-align-left\">D\u00e9couvrez SmarReach Comau : pr\u00e9cision in\u00e9branlables pour garantir un usinage haute performance<\/p>\n\n\n\n<div class=\"wp-block-buttons is-layout-flex wp-block-buttons-is-layout-flex\">\n<div class=\"wp-block-button\"><a class=\"wp-block-button__link wp-element-button\" href=\"https:\/\/www.comau.com\/fr\/competencies\/products-solutions\/machining-system-products\/smartreach\/\">D\u00e9couvrir plus<\/a><\/div>\n<\/div>\n<\/div><\/div>\n\n\n\n<div style=\"height:50px\" aria-hidden=\"true\" class=\"wp-block-spacer\"><\/div>\n\n\n\n<h2 class=\"wp-block-heading\" id=\"nos-forces-en-chiffres\">L&rsquo;usinage Comau en un coup d&rsquo;oeil<\/h2>\n\n\n\n<div class=\"wp-block-columns is-layout-flex wp-container-core-columns-is-layout-9d6595d7 wp-block-columns-is-layout-flex\">\n<div class=\"wp-block-column is-layout-flow wp-block-column-is-layout-flow\">\n<div class=\"wp-block-getwid-image-box has-text-center has-mobile-layout-default has-mobile-alignment-default\"><div class=\"wp-block-getwid-image-box__image-container is-position-top\"><div class=\"wp-block-getwid-image-box__image-wrapper\"><img decoding=\"async\" width=\"184\" height=\"130\" src=\"https:\/\/www.comau.com\/wp-content\/uploads\/2021\/06\/innovation_centers.jpg\" alt=\"\" class=\"wp-block-getwid-image-box__image wp-image-606\" \/><\/div><\/div><div class=\"wp-block-getwid-image-box__content\">\n<h3 class=\"wp-block-heading\"><\/h3>\n\n\n\n<p><strong>2<\/strong> centres d&rsquo;innovation<\/p>\n<\/div><\/div>\n<\/div>\n\n\n\n<div class=\"wp-block-column is-layout-flow wp-block-column-is-layout-flow\">\n<div class=\"wp-block-getwid-image-box has-text-center has-mobile-layout-default has-mobile-alignment-default\"><div class=\"wp-block-getwid-image-box__image-container is-position-top\"><div class=\"wp-block-getwid-image-box__image-wrapper\"><img decoding=\"async\" width=\"184\" height=\"130\" src=\"https:\/\/www.comau.com\/wp-content\/uploads\/2021\/06\/installed_machine.jpg\" alt=\"\" class=\"wp-block-getwid-image-box__image wp-image-607\" \/><\/div><\/div><div class=\"wp-block-getwid-image-box__content\">\n<h3 class=\"wp-block-heading\"><\/h3>\n\n\n\n<p><strong>6,500<\/strong> machines install\u00e9es<\/p>\n<\/div><\/div>\n<\/div>\n\n\n\n<div class=\"wp-block-column is-layout-flow wp-block-column-is-layout-flow\">\n<div class=\"wp-block-getwid-image-box has-text-center has-mobile-layout-default has-mobile-alignment-default\"><div class=\"wp-block-getwid-image-box__image-container is-position-top\"><div class=\"wp-block-getwid-image-box__image-wrapper\"><img decoding=\"async\" width=\"184\" height=\"130\" src=\"https:\/\/www.comau.com\/wp-content\/uploads\/2021\/06\/manufacturing_plants.jpg\" alt=\"\" class=\"wp-block-getwid-image-box__image wp-image-608\" \/><\/div><\/div><div class=\"wp-block-getwid-image-box__content\">\n<h3 class=\"wp-block-heading\"><\/h3>\n\n\n\n<p><strong>4<\/strong> usines de fabrication<\/p>\n<\/div><\/div>\n<\/div>\n\n\n\n<div class=\"wp-block-column is-layout-flow wp-block-column-is-layout-flow\">\n<div class=\"wp-block-getwid-image-box has-text-center has-mobile-layout-default has-mobile-alignment-default\"><div class=\"wp-block-getwid-image-box__image-container is-position-top\"><div class=\"wp-block-getwid-image-box__image-wrapper\"><img decoding=\"async\" width=\"184\" height=\"130\" src=\"https:\/\/www.comau.com\/wp-content\/uploads\/2021\/06\/20-country.jpg\" alt=\"\" class=\"wp-block-getwid-image-box__image wp-image-609\" \/><\/div><\/div><div class=\"wp-block-getwid-image-box__content\">\n<h3 class=\"wp-block-heading\"><\/h3>\n\n\n\n<p><strong>20<\/strong> pays de r\u00e9f\u00e9rence<\/p>\n<\/div><\/div>\n<\/div>\n<\/div>\n\n\n\n<h2 class=\"wp-block-heading\" id=\"la-solution-juste-pour-votre-marche\">La solution juste pour votre march\u00e9<\/h2>\n\n\n\n<div class=\"wp-block-columns columns-bg-dark is-layout-flex wp-container-core-columns-is-layout-9d6595d7 wp-block-columns-is-layout-flex\">\n<div class=\"wp-block-column is-layout-flow wp-block-column-is-layout-flow\">\n<h3 class=\"wp-block-heading\" id=\"automobile\">Automobile<\/h3>\n\n\n\n<p>Quel que soit le projet, nos syst\u00e8mes d\u2019usinage efficaces s\u2019adaptent pour offrir aux constructeurs automobiles la meilleure solution garantissant des niveaux de productivit\u00e9 \u00e9lev\u00e9s et une flexibilit\u00e9 et une qualit\u00e9 \u00e0 long terme.<\/p>\n<\/div>\n\n\n\n<div class=\"wp-block-column is-layout-flow wp-block-column-is-layout-flow\">\n<h3 class=\"wp-block-heading\" id=\"e-mobilite\">e-Mobilit\u00e9<\/h3>\n\n\n\n<p>Nos technologies de processus efficaces, innovantes et \u00e9prouv\u00e9es sur le terrain pour l\u2019e-mobilit\u00e9, les transmissions et autres sont la solution id\u00e9ale pour vous aider \u00e0 faire face aux nouveaux d\u00e9fis du secteur de l\u2019\u00e9nergie.<\/p>\n<\/div>\n\n\n\n<div class=\"wp-block-column is-layout-flow wp-block-column-is-layout-flow\">\n<h3 class=\"wp-block-heading\" id=\"autres-secteurs\">Autres secteurs<\/h3>\n\n\n\n<p>Nous avons une solution pour chaque secteur. Du secteur de la m\u00e9canique \u00e0 l\u2019a\u00e9rospatial, du domaine m\u00e9dical \u00e0 l\u2019\u00e9nergie, nos produits conviennent pour une large gamme d\u2019applications et garantissent une qualit\u00e9 et une fiabilit\u00e9 \u00e9lev\u00e9es.<\/p>\n<\/div>\n<\/div>\n\n\n\n<div class=\"wp-block-getwid-tabs\" data-active-tab=\"0\"><ul class=\"wp-block-getwid-tabs__nav-links\"><\/ul>\n<div class=\"wp-block-getwid-tabs__nav-link\"><span class=\"wp-block-getwid-tabs__title-wrapper\"><a href=\"#\"><span class=\"wp-block-getwid-tabs__title\">Technologies overview<\/span><\/a><\/span><\/div><div class=\"wp-block-getwid-tabs__tab-content-wrapper\"><div class=\"wp-block-getwid-tabs__tab-content\">\n<div class=\"wp-block-media-text alignwide is-stacked-on-mobile\"><figure class=\"wp-block-media-text__media\"><img decoding=\"async\" width=\"522\" height=\"648\" src=\"https:\/\/www.comau.com\/wp-content\/uploads\/2021\/07\/power-training_tecnologie.jpg\" alt=\"\" class=\"wp-image-33620 size-full\" srcset=\"https:\/\/www.comau.com\/wp-content\/uploads\/2021\/07\/power-training_tecnologie.jpg 522w, https:\/\/www.comau.com\/wp-content\/uploads\/2021\/07\/power-training_tecnologie-242x300.jpg 242w\" sizes=\"(max-width: 522px) 100vw, 522px\" \/><\/figure><div class=\"wp-block-media-text__content\">\n<h2 class=\"wp-block-heading\">Aper\u00e7u des technologies <\/h2>\n\n\n\n<p>L\u2019Industrie 4.0 n\u00e9cessite des processus de production encore plus rapides, plus pr\u00e9cis et plus flexibles. Pour r\u00e9pondre \u00e0 ces n\u00e9cessit\u00e9s \u2013 et beaucoup d\u2019autres \u2013 li\u00e9es \u00e0 l\u2019usinage, Comau offre une large gamme de produits et de syst\u00e8mes :<\/p>\n\n\n\n<ul class=\"wp-block-list\">\n<li>Centres d&rsquo;usinage<\/li>\n\n\n\n<li>Machines \u00e0 vilebrequin<\/li>\n\n\n\n<li>Manutention<\/li>\n\n\n\n<li>\u00c9quipement d\u2019assemblage et d\u2019essai au sein des lignes\/processus d\u2019usinage<\/li>\n\n\n\n<li>Rev\u00eatement par projection thermique<\/li>\n<\/ul>\n\n\n\n<div class=\"wp-block-buttons is-layout-flex wp-block-buttons-is-layout-flex\">\n<div class=\"wp-block-button\"><a class=\"wp-block-button__link wp-element-button\" href=\"https:\/\/www.comau.com\/fr\/competencies\/products-solutions\/machining-system-products\/\">En savoir plus<\/a><\/div>\n<\/div>\n<\/div><\/div>\n<\/div><\/div>\n\n\n\n<div class=\"wp-block-getwid-tabs__nav-link\"><span class=\"wp-block-getwid-tabs__title-wrapper\"><a href=\"#\"><span class=\"wp-block-getwid-tabs__title\">Turnkey systems<\/span><\/a><\/span><\/div><div class=\"wp-block-getwid-tabs__tab-content-wrapper\"><div class=\"wp-block-getwid-tabs__tab-content\">\n<div class=\"wp-block-media-text alignwide is-stacked-on-mobile\"><figure class=\"wp-block-media-text__media\"><img decoding=\"async\" width=\"522\" height=\"648\" src=\"https:\/\/www.comau.com\/wp-content\/uploads\/2021\/07\/power-training_chiavi-in-mano.jpg\" alt=\"\" class=\"wp-image-33626 size-full\" srcset=\"https:\/\/www.comau.com\/wp-content\/uploads\/2021\/07\/power-training_chiavi-in-mano.jpg 522w, https:\/\/www.comau.com\/wp-content\/uploads\/2021\/07\/power-training_chiavi-in-mano-242x300.jpg 242w\" sizes=\"(max-width: 522px) 100vw, 522px\" \/><\/figure><div class=\"wp-block-media-text__content\">\n<h2 class=\"wp-block-heading\">Syst\u00e8mes cl\u00e9s en main<\/h2>\n\n\n\n<p>Gr\u00e2ce \u00e0 notre longue exp\u00e9rience en mati\u00e8re d\u2019int\u00e9gration des processus et des \u00e9quipements, nous accompagnons votre projet depuis ses phases les plus pr\u00e9coces jusqu\u2019\u00e0 la livraison de syst\u00e8mes cl\u00e9s en main fiables capables de r\u00e9pondre \u00e0 vos besoins d\u2019usinage particuliers. Notre approche compl\u00e8te de l\u2019int\u00e9gration des syst\u00e8mes fait de Comau le partenaire id\u00e9al de toute votre ligne de production. <\/p>\n\n\n\n<div class=\"wp-block-buttons is-layout-flex wp-block-buttons-is-layout-flex\">\n<div class=\"wp-block-button\"><a class=\"wp-block-button__link wp-element-button\" href=\"https:\/\/www.comau.com\/fr\/competencies\/products-solutions\/machining-system-products\/turnkey-systems\/\">D\u00e9couvrir plus<\/a><\/div>\n<\/div>\n<\/div><\/div>\n<\/div><\/div>\n\n\n\n<div class=\"wp-block-getwid-tabs__nav-link\"><span class=\"wp-block-getwid-tabs__title-wrapper\"><a href=\"#\"><span class=\"wp-block-getwid-tabs__title\">Customer services<\/span><\/a><\/span><\/div><div class=\"wp-block-getwid-tabs__tab-content-wrapper\"><div class=\"wp-block-getwid-tabs__tab-content\">\n<div class=\"wp-block-media-text alignwide is-stacked-on-mobile\"><figure class=\"wp-block-media-text__media\"><img decoding=\"async\" width=\"522\" height=\"648\" src=\"https:\/\/www.comau.com\/wp-content\/uploads\/2021\/07\/power-training_servizioclienti.jpg\" alt=\"\" class=\"wp-image-33632 size-full\" srcset=\"https:\/\/www.comau.com\/wp-content\/uploads\/2021\/07\/power-training_servizioclienti.jpg 522w, https:\/\/www.comau.com\/wp-content\/uploads\/2021\/07\/power-training_servizioclienti-242x300.jpg 242w\" sizes=\"(max-width: 522px) 100vw, 522px\" \/><\/figure><div class=\"wp-block-media-text__content\">\n<h2 class=\"wp-block-heading\">Services aux clients<\/h2>\n\n\n\n<p>La fabrication 4.0 n\u00e9cessite des usinages de plus en plus flexibles et polyvalents. Nous pouvons adapter nos produits et syst\u00e8mes aux besoins sp\u00e9cifiques de n\u2019importe quel projet, pour vous aider \u00e0 accro\u00eetre votre productivit\u00e9 et optimiser vos processus. Nous assurons le support de votre projet tout au long de son cycle de vie en vous offrant des services de maintenance complets, aussi bien pour les technologies Comau que pour les \u00e9quipements d\u2019autres marques.<\/p>\n\n\n\n<ul class=\"wp-block-list\">\n<li>Service apr\u00e8s-vente<\/li>\n\n\n\n<li>Centre de remise \u00e0 neuf de broches<\/li>\n\n\n\n<li>Remise \u00e0 neuf et optimisation<\/li>\n\n\n\n<li>R\u00e9outillage<\/li>\n\n\n\n<li>Conseils et formation<\/li>\n\n\n\n<li>Num\u00e9risation<\/li>\n<\/ul>\n\n\n\n<div class=\"wp-block-buttons is-layout-flex wp-block-buttons-is-layout-flex\">\n<div class=\"wp-block-button\"><a class=\"wp-block-button__link wp-element-button\" href=\"https:\/\/www.comau.com\/fr\/competencies\/products-solutions\/machining-system-products\/customer-services-and-digital-retooling\/\">D\u00e9couvrir plus<\/a><\/div>\n<\/div>\n<\/div><\/div>\n<\/div><\/div>\n<\/div>\n","protected":false},"excerpt":{"rendered":"<p>Gr\u00e2ce \u00e0 une longue exp\u00e9rience \u00e9prouv\u00e9e dans le secteur manufacturier au niveau mondial, associ\u00e9e \u00e0 un engagement permanent dans la recherche de solutions perfectionn\u00e9es et novatrices, Comau d\u00e9veloppe des syst\u00e8mes extr\u00eamement flexibles et efficaces, des centres d\u2019usinage universels et des solutions de processus personnalis\u00e9es capables de r\u00e9pondre \u00e0 tous les besoins. Chaque proposition est le [&hellip;]<\/p>\n","protected":false},"author":11,"featured_media":5861,"parent":65268,"menu_order":2,"comment_status":"closed","ping_status":"closed","template":"","meta":{"_acf_changed":false,"ep_exclude_from_search":false,"footnotes":""},"class_list":["post-4805","page","type-page","status-publish","has-post-thumbnail","hentry"],"acf":[],"yoast_head":"<!-- This site is optimized with the Yoast SEO plugin v26.9 - https:\/\/yoast.com\/product\/yoast-seo-wordpress\/ -->\n<title>Powertrain\u00a0: Automatisation m\u00e9canique industrielle | Comau<\/title>\n<meta name=\"description\" content=\"D\u00e9couvrez-en davantage sur l&#039;automatisation pour l&#039;industrie lourde de Comau\u00a0: votre partenaire pour l&#039;optimisation des processus d&#039;entreprise.\" \/>\n<meta name=\"robots\" content=\"index, follow, max-snippet:-1, max-image-preview:large, max-video-preview:-1\" \/>\n<link rel=\"canonical\" href=\"https:\/\/www.comau.com\/fr\/competencies\/products-solutions\/powertrain-machining\/\" \/>\n<meta property=\"og:locale\" content=\"fr_FR\" \/>\n<meta property=\"og:type\" content=\"article\" \/>\n<meta property=\"og:title\" content=\"Powertrain\u00a0: Automatisation m\u00e9canique industrielle | Comau\" \/>\n<meta property=\"og:description\" content=\"D\u00e9couvrez-en davantage sur l&#039;automatisation pour l&#039;industrie lourde de Comau\u00a0: votre partenaire pour l&#039;optimisation des processus d&#039;entreprise.\" \/>\n<meta property=\"og:url\" content=\"https:\/\/www.comau.com\/fr\/competencies\/products-solutions\/powertrain-machining\/\" \/>\n<meta property=\"og:site_name\" content=\"Comau\" \/>\n<meta property=\"article:publisher\" content=\"https:\/\/www.facebook.com\/COMAU\/\" \/>\n<meta property=\"article:modified_time\" content=\"2025-03-10T21:10:25+00:00\" \/>\n<meta property=\"og:image\" content=\"https:\/\/www.comau.com\/wp-content\/uploads\/2021\/06\/powertrain_header.jpg\" \/>\n\t<meta property=\"og:image:width\" content=\"1280\" \/>\n\t<meta property=\"og:image:height\" content=\"485\" \/>\n\t<meta property=\"og:image:type\" content=\"image\/jpeg\" \/>\n<meta name=\"twitter:card\" content=\"summary_large_image\" \/>\n<meta name=\"twitter:site\" content=\"@comaugroup\" \/>\n<meta name=\"twitter:label1\" content=\"Dur\u00e9e de lecture estim\u00e9e\" \/>\n\t<meta name=\"twitter:data1\" content=\"4 minutes\" \/>\n<script type=\"application\/ld+json\" class=\"yoast-schema-graph\">{\"@context\":\"https:\/\/schema.org\",\"@graph\":[{\"@type\":\"WebPage\",\"@id\":\"https:\/\/www.comau.com\/fr\/competencies\/products-solutions\/powertrain-machining\/\",\"url\":\"https:\/\/www.comau.com\/fr\/competencies\/products-solutions\/powertrain-machining\/\",\"name\":\"Powertrain\u00a0: Automatisation m\u00e9canique industrielle | Comau\",\"isPartOf\":{\"@id\":\"https:\/\/www.comau.com\/fr\/#website\"},\"primaryImageOfPage\":{\"@id\":\"https:\/\/www.comau.com\/fr\/competencies\/products-solutions\/powertrain-machining\/#primaryimage\"},\"image\":{\"@id\":\"https:\/\/www.comau.com\/fr\/competencies\/products-solutions\/powertrain-machining\/#primaryimage\"},\"thumbnailUrl\":\"https:\/\/www.comau.com\/wp-content\/uploads\/2021\/06\/powertrain_header.jpg\",\"datePublished\":\"2021-06-30T22:02:27+00:00\",\"dateModified\":\"2025-03-10T21:10:25+00:00\",\"description\":\"D\u00e9couvrez-en davantage sur l'automatisation pour l'industrie lourde de Comau\u00a0: votre partenaire pour l'optimisation des processus d'entreprise.\",\"breadcrumb\":{\"@id\":\"https:\/\/www.comau.com\/fr\/competencies\/products-solutions\/powertrain-machining\/#breadcrumb\"},\"inLanguage\":\"fr-FR\",\"potentialAction\":[{\"@type\":\"ReadAction\",\"target\":[\"https:\/\/www.comau.com\/fr\/competencies\/products-solutions\/powertrain-machining\/\"]}]},{\"@type\":\"ImageObject\",\"inLanguage\":\"fr-FR\",\"@id\":\"https:\/\/www.comau.com\/fr\/competencies\/products-solutions\/powertrain-machining\/#primaryimage\",\"url\":\"https:\/\/www.comau.com\/wp-content\/uploads\/2021\/06\/powertrain_header.jpg\",\"contentUrl\":\"https:\/\/www.comau.com\/wp-content\/uploads\/2021\/06\/powertrain_header.jpg\",\"width\":1280,\"height\":485},{\"@type\":\"BreadcrumbList\",\"@id\":\"https:\/\/www.comau.com\/fr\/competencies\/products-solutions\/powertrain-machining\/#breadcrumb\",\"itemListElement\":[{\"@type\":\"ListItem\",\"position\":1,\"name\":\"Home\",\"item\":\"https:\/\/www.comau.com\/fr\/\"},{\"@type\":\"ListItem\",\"position\":2,\"name\":\"Nos comp\u00e9tences\",\"item\":\"https:\/\/www.comau.com\/fr\/competencies\/\"},{\"@type\":\"ListItem\",\"position\":3,\"name\":\"Products &amp; Solutions\",\"item\":\"https:\/\/www.comau.com\/fr\/competencies\/products-solutions\/\"},{\"@type\":\"ListItem\",\"position\":4,\"name\":\"Powertrain &amp; Machining\"}]},{\"@type\":\"WebSite\",\"@id\":\"https:\/\/www.comau.com\/fr\/#website\",\"url\":\"https:\/\/www.comau.com\/fr\/\",\"name\":\"Comau\",\"description\":\"Industrial automation and robotics\",\"publisher\":{\"@id\":\"https:\/\/www.comau.com\/fr\/#organization\"},\"potentialAction\":[{\"@type\":\"SearchAction\",\"target\":{\"@type\":\"EntryPoint\",\"urlTemplate\":\"https:\/\/www.comau.com\/fr\/?s={search_term_string}\"},\"query-input\":{\"@type\":\"PropertyValueSpecification\",\"valueRequired\":true,\"valueName\":\"search_term_string\"}}],\"inLanguage\":\"fr-FR\"},{\"@type\":\"Organization\",\"@id\":\"https:\/\/www.comau.com\/fr\/#organization\",\"name\":\"Comau\",\"url\":\"https:\/\/www.comau.com\/fr\/\",\"logo\":{\"@type\":\"ImageObject\",\"inLanguage\":\"fr-FR\",\"@id\":\"https:\/\/www.comau.com\/fr\/#\/schema\/logo\/image\/\",\"url\":\"https:\/\/www.comau.com\/wp-content\/uploads\/2024\/07\/cropped-Logo-COMAU.png\",\"contentUrl\":\"https:\/\/www.comau.com\/wp-content\/uploads\/2024\/07\/cropped-Logo-COMAU.png\",\"width\":434,\"height\":434,\"caption\":\"Comau\"},\"image\":{\"@id\":\"https:\/\/www.comau.com\/fr\/#\/schema\/logo\/image\/\"},\"sameAs\":[\"https:\/\/www.facebook.com\/COMAU\/\",\"https:\/\/x.com\/comaugroup\",\"https:\/\/www.instagram.com\/comaugroup\/\",\"https:\/\/www.linkedin.com\/company\/comau\",\"https:\/\/www.youtube.com\/user\/comau\"]}]}<\/script>\n<!-- \/ Yoast SEO plugin. -->","yoast_head_json":{"title":"Powertrain\u00a0: Automatisation m\u00e9canique industrielle | Comau","description":"D\u00e9couvrez-en davantage sur l'automatisation pour l'industrie lourde de Comau\u00a0: votre partenaire pour l'optimisation des processus d'entreprise.","robots":{"index":"index","follow":"follow","max-snippet":"max-snippet:-1","max-image-preview":"max-image-preview:large","max-video-preview":"max-video-preview:-1"},"canonical":"https:\/\/www.comau.com\/fr\/competencies\/products-solutions\/powertrain-machining\/","og_locale":"fr_FR","og_type":"article","og_title":"Powertrain\u00a0: Automatisation m\u00e9canique industrielle | Comau","og_description":"D\u00e9couvrez-en davantage sur l'automatisation pour l'industrie lourde de Comau\u00a0: votre partenaire pour l'optimisation des processus d'entreprise.","og_url":"https:\/\/www.comau.com\/fr\/competencies\/products-solutions\/powertrain-machining\/","og_site_name":"Comau","article_publisher":"https:\/\/www.facebook.com\/COMAU\/","article_modified_time":"2025-03-10T21:10:25+00:00","og_image":[{"width":1280,"height":485,"url":"https:\/\/www.comau.com\/wp-content\/uploads\/2021\/06\/powertrain_header.jpg","type":"image\/jpeg"}],"twitter_card":"summary_large_image","twitter_site":"@comaugroup","twitter_misc":{"Dur\u00e9e de lecture estim\u00e9e":"4 minutes"},"schema":{"@context":"https:\/\/schema.org","@graph":[{"@type":"WebPage","@id":"https:\/\/www.comau.com\/fr\/competencies\/products-solutions\/powertrain-machining\/","url":"https:\/\/www.comau.com\/fr\/competencies\/products-solutions\/powertrain-machining\/","name":"Powertrain\u00a0: Automatisation m\u00e9canique industrielle | Comau","isPartOf":{"@id":"https:\/\/www.comau.com\/fr\/#website"},"primaryImageOfPage":{"@id":"https:\/\/www.comau.com\/fr\/competencies\/products-solutions\/powertrain-machining\/#primaryimage"},"image":{"@id":"https:\/\/www.comau.com\/fr\/competencies\/products-solutions\/powertrain-machining\/#primaryimage"},"thumbnailUrl":"https:\/\/www.comau.com\/wp-content\/uploads\/2021\/06\/powertrain_header.jpg","datePublished":"2021-06-30T22:02:27+00:00","dateModified":"2025-03-10T21:10:25+00:00","description":"D\u00e9couvrez-en davantage sur l'automatisation pour l'industrie lourde de Comau\u00a0: votre partenaire pour l'optimisation des processus d'entreprise.","breadcrumb":{"@id":"https:\/\/www.comau.com\/fr\/competencies\/products-solutions\/powertrain-machining\/#breadcrumb"},"inLanguage":"fr-FR","potentialAction":[{"@type":"ReadAction","target":["https:\/\/www.comau.com\/fr\/competencies\/products-solutions\/powertrain-machining\/"]}]},{"@type":"ImageObject","inLanguage":"fr-FR","@id":"https:\/\/www.comau.com\/fr\/competencies\/products-solutions\/powertrain-machining\/#primaryimage","url":"https:\/\/www.comau.com\/wp-content\/uploads\/2021\/06\/powertrain_header.jpg","contentUrl":"https:\/\/www.comau.com\/wp-content\/uploads\/2021\/06\/powertrain_header.jpg","width":1280,"height":485},{"@type":"BreadcrumbList","@id":"https:\/\/www.comau.com\/fr\/competencies\/products-solutions\/powertrain-machining\/#breadcrumb","itemListElement":[{"@type":"ListItem","position":1,"name":"Home","item":"https:\/\/www.comau.com\/fr\/"},{"@type":"ListItem","position":2,"name":"Nos comp\u00e9tences","item":"https:\/\/www.comau.com\/fr\/competencies\/"},{"@type":"ListItem","position":3,"name":"Products &amp; Solutions","item":"https:\/\/www.comau.com\/fr\/competencies\/products-solutions\/"},{"@type":"ListItem","position":4,"name":"Powertrain &amp; Machining"}]},{"@type":"WebSite","@id":"https:\/\/www.comau.com\/fr\/#website","url":"https:\/\/www.comau.com\/fr\/","name":"Comau","description":"Industrial automation and robotics","publisher":{"@id":"https:\/\/www.comau.com\/fr\/#organization"},"potentialAction":[{"@type":"SearchAction","target":{"@type":"EntryPoint","urlTemplate":"https:\/\/www.comau.com\/fr\/?s={search_term_string}"},"query-input":{"@type":"PropertyValueSpecification","valueRequired":true,"valueName":"search_term_string"}}],"inLanguage":"fr-FR"},{"@type":"Organization","@id":"https:\/\/www.comau.com\/fr\/#organization","name":"Comau","url":"https:\/\/www.comau.com\/fr\/","logo":{"@type":"ImageObject","inLanguage":"fr-FR","@id":"https:\/\/www.comau.com\/fr\/#\/schema\/logo\/image\/","url":"https:\/\/www.comau.com\/wp-content\/uploads\/2024\/07\/cropped-Logo-COMAU.png","contentUrl":"https:\/\/www.comau.com\/wp-content\/uploads\/2024\/07\/cropped-Logo-COMAU.png","width":434,"height":434,"caption":"Comau"},"image":{"@id":"https:\/\/www.comau.com\/fr\/#\/schema\/logo\/image\/"},"sameAs":["https:\/\/www.facebook.com\/COMAU\/","https:\/\/x.com\/comaugroup","https:\/\/www.instagram.com\/comaugroup\/","https:\/\/www.linkedin.com\/company\/comau","https:\/\/www.youtube.com\/user\/comau"]}]}},"_links":{"self":[{"href":"https:\/\/www.comau.com\/fr\/wp-json\/wp\/v2\/pages\/4805","targetHints":{"allow":["GET"]}}],"collection":[{"href":"https:\/\/www.comau.com\/fr\/wp-json\/wp\/v2\/pages"}],"about":[{"href":"https:\/\/www.comau.com\/fr\/wp-json\/wp\/v2\/types\/page"}],"author":[{"embeddable":true,"href":"https:\/\/www.comau.com\/fr\/wp-json\/wp\/v2\/users\/11"}],"replies":[{"embeddable":true,"href":"https:\/\/www.comau.com\/fr\/wp-json\/wp\/v2\/comments?post=4805"}],"version-history":[{"count":44,"href":"https:\/\/www.comau.com\/fr\/wp-json\/wp\/v2\/pages\/4805\/revisions"}],"predecessor-version":[{"id":73882,"href":"https:\/\/www.comau.com\/fr\/wp-json\/wp\/v2\/pages\/4805\/revisions\/73882"}],"up":[{"embeddable":true,"href":"https:\/\/www.comau.com\/fr\/wp-json\/wp\/v2\/pages\/65268"}],"wp:featuredmedia":[{"embeddable":true,"href":"https:\/\/www.comau.com\/fr\/wp-json\/wp\/v2\/media\/5861"}],"wp:attachment":[{"href":"https:\/\/www.comau.com\/fr\/wp-json\/wp\/v2\/media?parent=4805"}],"curies":[{"name":"wp","href":"https:\/\/api.w.org\/{rel}","templated":true}]}}