{"id":4762,"date":"2021-05-31T00:02:55","date_gmt":"2021-05-30T22:02:55","guid":{"rendered":"https:\/\/www.comau.com\/competencies\/"},"modified":"2021-07-23T19:37:11","modified_gmt":"2021-07-23T17:37:11","slug":"competencies","status":"publish","type":"page","link":"https:\/\/www.comau.com\/fr\/competencies\/","title":{"rendered":"Nos comp\u00e9tences"},"content":{"rendered":"\n<div class=\"wp-block-columns is-layout-flex wp-container-core-columns-is-layout-9d6595d7 wp-block-columns-is-layout-flex\">\n<div class=\"wp-block-column is-layout-flow wp-block-column-is-layout-flow\">\n<h3 class=\"text-primary-accent wp-block-heading\">Body Assembly<\/h3>\n\n\n\n<p>Les nouveaux march\u00e9s parlent d\u00e9sormais le langage de l\u2019innovation \u00e0 travers les produits, les processus et les mat\u00e9riaux. Des \u00e9l\u00e9ments constituant un d\u00e9fi commun pour une industrie en constante \u00e9volution.<br\/>D\u00e9couvrez notre r\u00e9ponse strat\u00e9gique pour construire des cha\u00eenes de montage modulaires.<br\/><br\/><br\/><\/p>\n\n\n\n<figure class=\"wp-block-image size-large\"><img decoding=\"async\" width=\"1024\" height=\"388\" src=\"https:\/\/www.comau.com\/wp-content\/uploads\/2021\/06\/BA_header-1024x388.jpg\" alt=\"\" class=\"wp-image-394\" srcset=\"https:\/\/www.comau.com\/wp-content\/uploads\/2021\/06\/BA_header-1024x388.jpg 1024w, https:\/\/www.comau.com\/wp-content\/uploads\/2021\/06\/BA_header-300x114.jpg 300w, https:\/\/www.comau.com\/wp-content\/uploads\/2021\/06\/BA_header-768x291.jpg 768w, https:\/\/www.comau.com\/wp-content\/uploads\/2021\/06\/BA_header.jpg 1280w\" sizes=\"(max-width: 1024px) 100vw, 1024px\" \/><\/figure>\n\n\n\n<div class=\"wp-block-buttons is-layout-flex wp-block-buttons-is-layout-flex\">\n<div class=\"wp-block-button\"><a class=\"wp-block-button__link\" href=\"https:\/\/www.comau.com\/en\/our-offer\/body-assembly\/\">Lire la suite<\/a><\/div>\n<\/div>\n<\/div>\n\n\n\n<div class=\"wp-block-column is-layout-flow wp-block-column-is-layout-flow\">\n<h3 class=\"text-primary-accent wp-block-heading\">Powertrain &amp; Machining<\/h3>\n\n\n\n<p>En conjuguant l\u2019innovation et les technologies de pointe avec une expertise \u00e9prouv\u00e9e dans le domaine de l\u2019automatisation, nous satisfaisons tous les besoins de production en proposant une vaste gamme de solutions con\u00e7ues pour l\u2019automobile, l\u2019\u00e9lectromobilit\u00e9 et bien d\u2019autres secteurs.<br\/>Des syst\u00e8mes flexibles complets, des centres d\u2019usinage universels et des solutions de processus hautement personnalis\u00e9es constituent le c\u0153ur de notre portefeuille.<\/p>\n\n\n\n<figure class=\"wp-block-image size-large\"><img decoding=\"async\" width=\"1024\" height=\"388\" src=\"https:\/\/www.comau.com\/wp-content\/uploads\/2021\/06\/powertrain_header-1024x388.jpg\" alt=\"\" class=\"wp-image-601\" srcset=\"https:\/\/www.comau.com\/wp-content\/uploads\/2021\/06\/powertrain_header-1024x388.jpg 1024w, https:\/\/www.comau.com\/wp-content\/uploads\/2021\/06\/powertrain_header-300x114.jpg 300w, https:\/\/www.comau.com\/wp-content\/uploads\/2021\/06\/powertrain_header-768x291.jpg 768w, https:\/\/www.comau.com\/wp-content\/uploads\/2021\/06\/powertrain_header.jpg 1280w\" sizes=\"(max-width: 1024px) 100vw, 1024px\" \/><\/figure>\n\n\n\n<div class=\"wp-block-buttons is-layout-flex wp-block-buttons-is-layout-flex\">\n<div class=\"wp-block-button\"><a class=\"wp-block-button__link\" href=\"https:\/\/www.comau.com\/en\/our-offer\/products-and-solutions\/powertrain-machining\/\">Lire la suite<\/a><\/div>\n<\/div>\n<\/div>\n<\/div>\n\n<div class=\"wp-block-columns is-layout-flex wp-container-core-columns-is-layout-9d6595d7 wp-block-columns-is-layout-flex\">\n<div class=\"wp-block-column is-layout-flow wp-block-column-is-layout-flow\">\n<h3 class=\"text-primary-accent wp-block-heading\">Robotics &amp; Automation<\/h3>\n\n\n\n<p>Depuis 1978, nous d\u00e9veloppons des robots industriels ultra performants dans le but d\u2019int\u00e9grer et d\u2019am\u00e9liorer des applications innovantes dans tous les secteurs industriels.<br\/>Nos familles de robots comprennent des bras robotis\u00e9s traditionnels comme des solutions collaboratives, caract\u00e9ris\u00e9s par diff\u00e9rentes capacit\u00e9s de charge utile et exploitant la technologie IoT et l\u2019IA.<\/p>\n\n\n\n<figure class=\"wp-block-image size-large\"><img decoding=\"async\" width=\"1024\" height=\"388\" src=\"https:\/\/www.comau.com\/wp-content\/uploads\/2021\/06\/RoboticsOverview_header-1024x388.jpg\" alt=\"\" class=\"wp-image-752\" srcset=\"https:\/\/www.comau.com\/wp-content\/uploads\/2021\/06\/RoboticsOverview_header-1024x388.jpg 1024w, https:\/\/www.comau.com\/wp-content\/uploads\/2021\/06\/RoboticsOverview_header-300x114.jpg 300w, https:\/\/www.comau.com\/wp-content\/uploads\/2021\/06\/RoboticsOverview_header-768x291.jpg 768w, https:\/\/www.comau.com\/wp-content\/uploads\/2021\/06\/RoboticsOverview_header.jpg 1280w\" sizes=\"(max-width: 1024px) 100vw, 1024px\" \/><\/figure>\n\n\n\n<div class=\"wp-block-buttons is-layout-flex wp-block-buttons-is-layout-flex\">\n<div class=\"wp-block-button\"><a class=\"wp-block-button__link\" href=\"https:\/\/www.comau.com\/en\/our-offer\/robotics-automation\/\">Lire la suite<\/a><\/div>\n<\/div>\n<\/div>\n\n\n\n<div class=\"wp-block-column is-layout-flow wp-block-column-is-layout-flow\">\n<h3 class=\"text-primary-accent wp-block-heading\">Electromobility<\/h3>\n\n\n\n<p>Pour accompagner les entreprises dans leur d\u00e9marche d\u2019\u00e9lectrification, nous couvrons l\u2019ensemble de leur cha\u00eene de valeur en fournissant des solutions de processus avanc\u00e9es, destin\u00e9es aux cellules de batterie, moteurs \u00e9lectriques et cha\u00eenes cin\u00e9matiques.<br\/>D\u00e9couvrez nos propositions d\u00e9velopp\u00e9es pour relever tous les nouveaux d\u00e9fis du secteur de l\u2019\u00e9nergie.<\/p>\n\n\n\n<figure class=\"wp-block-image size-large\"><img decoding=\"async\" width=\"1024\" height=\"388\" src=\"https:\/\/www.comau.com\/wp-content\/uploads\/2021\/06\/emobility_header2-1024x388.png\" alt=\"\" class=\"wp-image-703\" srcset=\"https:\/\/www.comau.com\/wp-content\/uploads\/2021\/06\/emobility_header2-1024x388.png 1024w, https:\/\/www.comau.com\/wp-content\/uploads\/2021\/06\/emobility_header2-300x114.png 300w, https:\/\/www.comau.com\/wp-content\/uploads\/2021\/06\/emobility_header2-768x291.png 768w, https:\/\/www.comau.com\/wp-content\/uploads\/2021\/06\/emobility_header2.png 1280w\" sizes=\"(max-width: 1024px) 100vw, 1024px\" \/><\/figure>\n\n\n\n<div class=\"wp-block-buttons is-layout-flex wp-block-buttons-is-layout-flex\">\n<div class=\"wp-block-button\"><a class=\"wp-block-button__link\" href=\"https:\/\/www.comau.com\/en\/our-offer\/systems\/battery-manufacturing-and-assembly\/electromobility\/\">Lire la suite<\/a><\/div>\n<\/div>\n<\/div>\n<\/div>\n\n<div class=\"wp-block-columns is-layout-flex wp-container-core-columns-is-layout-9d6595d7 wp-block-columns-is-layout-flex\">\n<div class=\"wp-block-column is-layout-flow wp-block-column-is-layout-flow\">\n<h3 class=\"text-primary-accent wp-block-heading\">Digital initiatives<\/h3>\n\n\n\n<p>Nous accompagnons les entreprises dans leur parcours de transformation num\u00e9rique, du conseil sur l\u2019optimisation des flux \u00e0 la fourniture de produits et services 4.0, con\u00e7us pour accro\u00eetre l\u2019efficacit\u00e9, l\u2019intelligence et la valeur ajout\u00e9e de chacun des environnements de production.<br\/>D\u00e9couvrez tous nos services pour num\u00e9riser votre production en ligne avec l\u2019industrie 4.0.<br\/><br\/><\/p>\n\n\n\n<figure class=\"wp-block-image size-large\"><img decoding=\"async\" width=\"1024\" height=\"388\" src=\"https:\/\/www.comau.com\/wp-content\/uploads\/2021\/06\/Heder_DigitalSolutions-1024x388.jpg\" alt=\"\" class=\"wp-image-1015\" srcset=\"https:\/\/www.comau.com\/wp-content\/uploads\/2021\/06\/Heder_DigitalSolutions-1024x388.jpg 1024w, https:\/\/www.comau.com\/wp-content\/uploads\/2021\/06\/Heder_DigitalSolutions-300x114.jpg 300w, https:\/\/www.comau.com\/wp-content\/uploads\/2021\/06\/Heder_DigitalSolutions-768x291.jpg 768w, https:\/\/www.comau.com\/wp-content\/uploads\/2021\/06\/Heder_DigitalSolutions.jpg 1280w\" sizes=\"(max-width: 1024px) 100vw, 1024px\" \/><\/figure>\n\n\n\n<div class=\"wp-block-buttons is-layout-flex wp-block-buttons-is-layout-flex\">\n<div class=\"wp-block-button\"><a class=\"wp-block-button__link\" href=\"https:\/\/www.comau.com\/en\/our-offer\/products-and-solutions\/digital-iot-platforms\/\">Lire la suite<\/a><\/div>\n<\/div>\n<\/div>\n\n\n\n<div class=\"wp-block-column is-layout-flow wp-block-column-is-layout-flow\">\n<h3 class=\"text-primary-accent wp-block-heading\">Consultancy &amp; Education<\/h3>\n\n\n\n<p>Nous proposons de nouvelles m\u00e9thodes de formation au secteur manufacturier. Fort de plus de 40 ans d\u2019exp\u00e9rience, Comau Academy d\u00e9veloppe des programmes de formation destin\u00e9s \u00e0 renforcer de mani\u00e8re innovante les comp\u00e9tences techniques et manag\u00e9riales des professionnels, des talents \u00e9mergents et des \u00e9tudiants, dans le monde entier.<br\/>D\u00e9couvrez notre programme de formation et la plateforme e.DO Experience, con\u00e7ue pour faciliter l\u2019apprentissage avec le robot e.DO.<\/p>\n\n\n\n<figure class=\"wp-block-image size-large\"><img decoding=\"async\" width=\"1024\" height=\"388\" src=\"https:\/\/www.comau.com\/wp-content\/uploads\/2021\/06\/academy-overview_header-1024x388.jpg\" alt=\"\" class=\"wp-image-1078\" srcset=\"https:\/\/www.comau.com\/wp-content\/uploads\/2021\/06\/academy-overview_header-1024x388.jpg 1024w, https:\/\/www.comau.com\/wp-content\/uploads\/2021\/06\/academy-overview_header-300x114.jpg 300w, https:\/\/www.comau.com\/wp-content\/uploads\/2021\/06\/academy-overview_header-768x291.jpg 768w, https:\/\/www.comau.com\/wp-content\/uploads\/2021\/06\/academy-overview_header.jpg 1280w\" sizes=\"(max-width: 1024px) 100vw, 1024px\" \/><\/figure>\n\n\n\n<div class=\"wp-block-buttons is-layout-flex wp-block-buttons-is-layout-flex\">\n<div class=\"wp-block-button\"><a class=\"wp-block-button__link\" href=\"https:\/\/www.comau.com\/en\/our-offer\/systems\/consultancy-education\/\">Lire la suite<\/a><\/div>\n<\/div>\n<\/div>\n<\/div>\n","protected":false},"excerpt":{"rendered":"<p>Body Assembly Les nouveaux march\u00e9s parlent d\u00e9sormais le langage de l\u2019innovation \u00e0 travers les produits, les processus et les mat\u00e9riaux. Des \u00e9l\u00e9ments constituant un d\u00e9fi commun pour une industrie en constante \u00e9volution.D\u00e9couvrez notre r\u00e9ponse strat\u00e9gique pour construire des cha\u00eenes de montage modulaires. Powertrain &amp; Machining En conjuguant l\u2019innovation et les technologies de pointe avec une [&hellip;]<\/p>\n","protected":false},"author":11,"featured_media":33157,"parent":0,"menu_order":2,"comment_status":"closed","ping_status":"closed","template":"","meta":{"_acf_changed":false,"ep_exclude_from_search":false,"footnotes":""},"class_list":["post-4762","page","type-page","status-publish","has-post-thumbnail","hentry"],"acf":[],"yoast_head":"<!-- This site is optimized with the Yoast SEO plugin v26.9 - https:\/\/yoast.com\/product\/yoast-seo-wordpress\/ -->\n<title>Nos comp\u00e9tences - Comau<\/title>\n<meta name=\"robots\" content=\"index, follow, max-snippet:-1, max-image-preview:large, max-video-preview:-1\" \/>\n<link rel=\"canonical\" href=\"https:\/\/www.comau.com\/fr\/competencies\/\" \/>\n<meta property=\"og:locale\" content=\"fr_FR\" \/>\n<meta property=\"og:type\" content=\"article\" \/>\n<meta property=\"og:title\" content=\"Nos comp\u00e9tences - Comau\" \/>\n<meta property=\"og:description\" content=\"Body Assembly Les nouveaux march\u00e9s parlent d\u00e9sormais le langage de l\u2019innovation \u00e0 travers les produits, les processus et les mat\u00e9riaux. Des \u00e9l\u00e9ments constituant un d\u00e9fi commun pour une industrie en constante \u00e9volution.D\u00e9couvrez notre r\u00e9ponse strat\u00e9gique pour construire des cha\u00eenes de montage modulaires. Powertrain &amp; Machining En conjuguant l\u2019innovation et les technologies de pointe avec une [&hellip;]\" \/>\n<meta property=\"og:url\" content=\"https:\/\/www.comau.com\/fr\/competencies\/\" \/>\n<meta property=\"og:site_name\" content=\"Comau\" \/>\n<meta property=\"article:publisher\" content=\"https:\/\/www.facebook.com\/COMAU\/\" \/>\n<meta property=\"article:modified_time\" content=\"2021-07-23T17:37:11+00:00\" \/>\n<meta property=\"og:image\" content=\"https:\/\/www.comau.com\/wp-content\/uploads\/2021\/07\/Our-Competencies.jpg\" \/>\n\t<meta property=\"og:image:width\" content=\"1425\" \/>\n\t<meta property=\"og:image:height\" content=\"450\" \/>\n\t<meta property=\"og:image:type\" content=\"image\/jpeg\" \/>\n<meta name=\"twitter:card\" content=\"summary_large_image\" \/>\n<meta name=\"twitter:site\" content=\"@comaugroup\" \/>\n<meta name=\"twitter:label1\" content=\"Dur\u00e9e de lecture estim\u00e9e\" \/>\n\t<meta name=\"twitter:data1\" content=\"3 minutes\" \/>\n<script type=\"application\/ld+json\" class=\"yoast-schema-graph\">{\"@context\":\"https:\/\/schema.org\",\"@graph\":[{\"@type\":\"WebPage\",\"@id\":\"https:\/\/www.comau.com\/fr\/competencies\/\",\"url\":\"https:\/\/www.comau.com\/fr\/competencies\/\",\"name\":\"Nos comp\u00e9tences - Comau\",\"isPartOf\":{\"@id\":\"https:\/\/www.comau.com\/fr\/#website\"},\"primaryImageOfPage\":{\"@id\":\"https:\/\/www.comau.com\/fr\/competencies\/#primaryimage\"},\"image\":{\"@id\":\"https:\/\/www.comau.com\/fr\/competencies\/#primaryimage\"},\"thumbnailUrl\":\"https:\/\/www.comau.com\/wp-content\/uploads\/2021\/07\/Our-Competencies.jpg\",\"datePublished\":\"2021-05-30T22:02:55+00:00\",\"dateModified\":\"2021-07-23T17:37:11+00:00\",\"breadcrumb\":{\"@id\":\"https:\/\/www.comau.com\/fr\/competencies\/#breadcrumb\"},\"inLanguage\":\"fr-FR\",\"potentialAction\":[{\"@type\":\"ReadAction\",\"target\":[\"https:\/\/www.comau.com\/fr\/competencies\/\"]}]},{\"@type\":\"ImageObject\",\"inLanguage\":\"fr-FR\",\"@id\":\"https:\/\/www.comau.com\/fr\/competencies\/#primaryimage\",\"url\":\"https:\/\/www.comau.com\/wp-content\/uploads\/2021\/07\/Our-Competencies.jpg\",\"contentUrl\":\"https:\/\/www.comau.com\/wp-content\/uploads\/2021\/07\/Our-Competencies.jpg\",\"width\":1425,\"height\":450},{\"@type\":\"BreadcrumbList\",\"@id\":\"https:\/\/www.comau.com\/fr\/competencies\/#breadcrumb\",\"itemListElement\":[{\"@type\":\"ListItem\",\"position\":1,\"name\":\"Home\",\"item\":\"https:\/\/www.comau.com\/fr\/\"},{\"@type\":\"ListItem\",\"position\":2,\"name\":\"Nos comp\u00e9tences\"}]},{\"@type\":\"WebSite\",\"@id\":\"https:\/\/www.comau.com\/fr\/#website\",\"url\":\"https:\/\/www.comau.com\/fr\/\",\"name\":\"Comau\",\"description\":\"Industrial automation and robotics\",\"publisher\":{\"@id\":\"https:\/\/www.comau.com\/fr\/#organization\"},\"potentialAction\":[{\"@type\":\"SearchAction\",\"target\":{\"@type\":\"EntryPoint\",\"urlTemplate\":\"https:\/\/www.comau.com\/fr\/?s={search_term_string}\"},\"query-input\":{\"@type\":\"PropertyValueSpecification\",\"valueRequired\":true,\"valueName\":\"search_term_string\"}}],\"inLanguage\":\"fr-FR\"},{\"@type\":\"Organization\",\"@id\":\"https:\/\/www.comau.com\/fr\/#organization\",\"name\":\"Comau\",\"url\":\"https:\/\/www.comau.com\/fr\/\",\"logo\":{\"@type\":\"ImageObject\",\"inLanguage\":\"fr-FR\",\"@id\":\"https:\/\/www.comau.com\/fr\/#\/schema\/logo\/image\/\",\"url\":\"https:\/\/www.comau.com\/wp-content\/uploads\/2024\/07\/cropped-Logo-COMAU.png\",\"contentUrl\":\"https:\/\/www.comau.com\/wp-content\/uploads\/2024\/07\/cropped-Logo-COMAU.png\",\"width\":434,\"height\":434,\"caption\":\"Comau\"},\"image\":{\"@id\":\"https:\/\/www.comau.com\/fr\/#\/schema\/logo\/image\/\"},\"sameAs\":[\"https:\/\/www.facebook.com\/COMAU\/\",\"https:\/\/x.com\/comaugroup\",\"https:\/\/www.instagram.com\/comaugroup\/\",\"https:\/\/www.linkedin.com\/company\/comau\",\"https:\/\/www.youtube.com\/user\/comau\"]}]}<\/script>\n<!-- \/ Yoast SEO plugin. -->","yoast_head_json":{"title":"Nos comp\u00e9tences - Comau","robots":{"index":"index","follow":"follow","max-snippet":"max-snippet:-1","max-image-preview":"max-image-preview:large","max-video-preview":"max-video-preview:-1"},"canonical":"https:\/\/www.comau.com\/fr\/competencies\/","og_locale":"fr_FR","og_type":"article","og_title":"Nos comp\u00e9tences - Comau","og_description":"Body Assembly Les nouveaux march\u00e9s parlent d\u00e9sormais le langage de l\u2019innovation \u00e0 travers les produits, les processus et les mat\u00e9riaux. Des \u00e9l\u00e9ments constituant un d\u00e9fi commun pour une industrie en constante \u00e9volution.D\u00e9couvrez notre r\u00e9ponse strat\u00e9gique pour construire des cha\u00eenes de montage modulaires. Powertrain &amp; Machining En conjuguant l\u2019innovation et les technologies de pointe avec une [&hellip;]","og_url":"https:\/\/www.comau.com\/fr\/competencies\/","og_site_name":"Comau","article_publisher":"https:\/\/www.facebook.com\/COMAU\/","article_modified_time":"2021-07-23T17:37:11+00:00","og_image":[{"width":1425,"height":450,"url":"https:\/\/www.comau.com\/wp-content\/uploads\/2021\/07\/Our-Competencies.jpg","type":"image\/jpeg"}],"twitter_card":"summary_large_image","twitter_site":"@comaugroup","twitter_misc":{"Dur\u00e9e de lecture estim\u00e9e":"3 minutes"},"schema":{"@context":"https:\/\/schema.org","@graph":[{"@type":"WebPage","@id":"https:\/\/www.comau.com\/fr\/competencies\/","url":"https:\/\/www.comau.com\/fr\/competencies\/","name":"Nos comp\u00e9tences - Comau","isPartOf":{"@id":"https:\/\/www.comau.com\/fr\/#website"},"primaryImageOfPage":{"@id":"https:\/\/www.comau.com\/fr\/competencies\/#primaryimage"},"image":{"@id":"https:\/\/www.comau.com\/fr\/competencies\/#primaryimage"},"thumbnailUrl":"https:\/\/www.comau.com\/wp-content\/uploads\/2021\/07\/Our-Competencies.jpg","datePublished":"2021-05-30T22:02:55+00:00","dateModified":"2021-07-23T17:37:11+00:00","breadcrumb":{"@id":"https:\/\/www.comau.com\/fr\/competencies\/#breadcrumb"},"inLanguage":"fr-FR","potentialAction":[{"@type":"ReadAction","target":["https:\/\/www.comau.com\/fr\/competencies\/"]}]},{"@type":"ImageObject","inLanguage":"fr-FR","@id":"https:\/\/www.comau.com\/fr\/competencies\/#primaryimage","url":"https:\/\/www.comau.com\/wp-content\/uploads\/2021\/07\/Our-Competencies.jpg","contentUrl":"https:\/\/www.comau.com\/wp-content\/uploads\/2021\/07\/Our-Competencies.jpg","width":1425,"height":450},{"@type":"BreadcrumbList","@id":"https:\/\/www.comau.com\/fr\/competencies\/#breadcrumb","itemListElement":[{"@type":"ListItem","position":1,"name":"Home","item":"https:\/\/www.comau.com\/fr\/"},{"@type":"ListItem","position":2,"name":"Nos comp\u00e9tences"}]},{"@type":"WebSite","@id":"https:\/\/www.comau.com\/fr\/#website","url":"https:\/\/www.comau.com\/fr\/","name":"Comau","description":"Industrial automation and robotics","publisher":{"@id":"https:\/\/www.comau.com\/fr\/#organization"},"potentialAction":[{"@type":"SearchAction","target":{"@type":"EntryPoint","urlTemplate":"https:\/\/www.comau.com\/fr\/?s={search_term_string}"},"query-input":{"@type":"PropertyValueSpecification","valueRequired":true,"valueName":"search_term_string"}}],"inLanguage":"fr-FR"},{"@type":"Organization","@id":"https:\/\/www.comau.com\/fr\/#organization","name":"Comau","url":"https:\/\/www.comau.com\/fr\/","logo":{"@type":"ImageObject","inLanguage":"fr-FR","@id":"https:\/\/www.comau.com\/fr\/#\/schema\/logo\/image\/","url":"https:\/\/www.comau.com\/wp-content\/uploads\/2024\/07\/cropped-Logo-COMAU.png","contentUrl":"https:\/\/www.comau.com\/wp-content\/uploads\/2024\/07\/cropped-Logo-COMAU.png","width":434,"height":434,"caption":"Comau"},"image":{"@id":"https:\/\/www.comau.com\/fr\/#\/schema\/logo\/image\/"},"sameAs":["https:\/\/www.facebook.com\/COMAU\/","https:\/\/x.com\/comaugroup","https:\/\/www.instagram.com\/comaugroup\/","https:\/\/www.linkedin.com\/company\/comau","https:\/\/www.youtube.com\/user\/comau"]}]}},"_links":{"self":[{"href":"https:\/\/www.comau.com\/fr\/wp-json\/wp\/v2\/pages\/4762","targetHints":{"allow":["GET"]}}],"collection":[{"href":"https:\/\/www.comau.com\/fr\/wp-json\/wp\/v2\/pages"}],"about":[{"href":"https:\/\/www.comau.com\/fr\/wp-json\/wp\/v2\/types\/page"}],"author":[{"embeddable":true,"href":"https:\/\/www.comau.com\/fr\/wp-json\/wp\/v2\/users\/11"}],"replies":[{"embeddable":true,"href":"https:\/\/www.comau.com\/fr\/wp-json\/wp\/v2\/comments?post=4762"}],"version-history":[{"count":14,"href":"https:\/\/www.comau.com\/fr\/wp-json\/wp\/v2\/pages\/4762\/revisions"}],"predecessor-version":[{"id":36101,"href":"https:\/\/www.comau.com\/fr\/wp-json\/wp\/v2\/pages\/4762\/revisions\/36101"}],"wp:featuredmedia":[{"embeddable":true,"href":"https:\/\/www.comau.com\/fr\/wp-json\/wp\/v2\/media\/33157"}],"wp:attachment":[{"href":"https:\/\/www.comau.com\/fr\/wp-json\/wp\/v2\/media?parent=4762"}],"curies":[{"name":"wp","href":"https:\/\/api.w.org\/{rel}","templated":true}]}}