{"id":47368,"date":"2022-09-08T17:29:29","date_gmt":"2022-09-08T15:29:29","guid":{"rendered":"https:\/\/www.comau.com\/?page_id=47368"},"modified":"2022-09-22T15:17:12","modified_gmt":"2022-09-22T13:17:12","slug":"zero-design-cells","status":"publish","type":"page","link":"https:\/\/www.comau.com\/fr\/competencies\/products-solutions\/zero-design-cells\/","title":{"rendered":"Zero Design Cells"},"content":{"rendered":"\n<h2 class=\"wp-block-heading\">Mise en place rapide sans consacrer de temps \u00e0 la conception technique<\/h2>\n\n\n\n<p>L\u2019approche de fabrication Zero&nbsp;Design de Comau permet aux entreprises de toutes tailles de tirer parti de cellules standardis\u00e9es pr\u00eates \u00e0 l\u2019emploi pour simplifier l\u2019automatisation sans sacrifier la pr\u00e9cision ou les performances. La structure de conception interchangeable de Comau garantit une r\u00e9utilisation et une r\u00e9affectation faciles lorsque les exigences de production \u00e9voluent, par exemple changer l\u2019\u00e9quipement auxiliaire.<\/p>\n\n\n\n<h2 class=\"wp-block-heading\">Prot\u00e9gez votre investissement gr\u00e2ce \u00e0 la flexibilit\u00e9 int\u00e9gr\u00e9e<\/h2>\n\n\n\n<p>Gr\u00e2ce \u00e0 sa structure modulaire et \u00e0 ses outils et effecteurs facilement rempla\u00e7ables, chaque cellule Zero&nbsp;Design constitue la base de plusieurs configurations robotiques diff\u00e9rentes, ce qui vous permet de r\u00e9aliser diverses applications avec la m\u00eame unit\u00e9 cellulaire. De plus, il est possible d\u2019augmenter ou de r\u00e9duire la production sans qu\u2019il soit n\u00e9cessaire de proc\u00e9der \u00e0 des modifications structurelles co\u00fbteuses. Et puisque les cellules sont tr\u00e8s polyvalentes, vous pouvez personnaliser votre installation tout en garantissant son \u00e9volutivit\u00e9 future.<\/p>\n\n\n\n<div class=\"wp-block-columns columns-bg-dark is-layout-flex wp-container-core-columns-is-layout-9d6595d7 wp-block-columns-is-layout-flex\">\n<div class=\"wp-block-column is-layout-flow wp-block-column-is-layout-flow\">\n<h3 class=\"wp-block-heading\" id=\"innovations-in-body-assembly\">Automatisation <br>de pointe<\/h3>\n\n\n\n<p>Gr\u00e2ce \u00e0 une expertise av\u00e9r\u00e9e en mati\u00e8re d\u2019automatisation, de num\u00e9risation et d\u2019\u00e9lectrification, Comau est en mesure de fournir les meilleurs syst\u00e8mes de leur cat\u00e9gorie, bas\u00e9s sur des cellules robotis\u00e9es standardis\u00e9es, enti\u00e8rement test\u00e9es, valid\u00e9es et fonctionnelles avant d\u2019arriver sur le site du client.<\/p>\n<\/div>\n\n\n\n<div class=\"wp-block-column is-layout-flow wp-block-column-is-layout-flow\">\n<h3 class=\"wp-block-heading\" id=\"our-solutions-meet-customer-needs\">D\u00e9lai de commercialisation plus court<\/h3>\n\n\n\n<p>La fabrication Zero&nbsp;Design permet aux entreprises de r\u00e9pondre rapidement aux changements de la demande des clients sans devoir passer par une longue p\u00e9riode de conception technique, qui peut habituellement r\u00e9duire consid\u00e9rablement le temps et le co\u00fbt de d\u00e9ploiement de nouvelles applications.<\/p>\n<\/div>\n\n\n\n<div class=\"wp-block-column is-layout-flow wp-block-column-is-layout-flow\">\n<h3 class=\"wp-block-heading\" id=\"powerful-assembly-and-transport-systems\">Analyse et contr\u00f4le en temps r\u00e9el<\/h3>\n\n\n\n<p>De l\u2019analyse des performances et de l\u2019\u00e9tat en temps r\u00e9el \u00e0 la tra\u00e7abilit\u00e9 automatis\u00e9e des pi\u00e8ces et de la qualit\u00e9 des r\u00e9sultats, la num\u00e9risation compl\u00e8te des cellules vous permet de contr\u00f4ler les param\u00e8tres et de corriger imm\u00e9diatement les variations de processus ou de mat\u00e9riaux en temps r\u00e9el.<\/p>\n<\/div>\n<\/div>\n\n\n\n<h2 class=\"wp-block-heading\" id=\"our-solutions\">Principaux avantages des cellules Zero&nbsp;Design de Comau<\/h2>\n\n\n\n<div class=\"wp-block-getwid-icon-box has-icon-left has-text-center\"><div class=\"wp-block-getwid-icon-box__icon-container is-position-top\"><div class=\"wp-block-getwid-icon-box__icon-wrapper\"><i class=\"fas fa-plug\"><\/i><\/div><\/div><div class=\"wp-block-getwid-icon-box__content\">\n<h3 class=\"has-text-align-left wp-block-heading\">La configuration standard offre une solution \u00ab&nbsp;pr\u00eate \u00e0 l\u2019emploi&nbsp;\u00bb<\/h3>\n<\/div><\/div>\n\n\n\n<div class=\"wp-block-getwid-icon-box has-icon-left has-text-center\"><div class=\"wp-block-getwid-icon-box__icon-container is-position-top\"><div class=\"wp-block-getwid-icon-box__icon-wrapper\"><i class=\"far fa-clock\"><\/i><\/div><\/div><div class=\"wp-block-getwid-icon-box__content\">\n<h3 class=\"has-text-align-left wp-block-heading\">L\u2019installation et la mise en service rapides sur site permettent de r\u00e9duire le temps de d\u00e9ploiement jusqu\u2019\u00e0 70&nbsp;%<\/h3>\n<\/div><\/div>\n\n\n\n<div class=\"wp-block-getwid-icon-box has-icon-left has-text-center\"><div class=\"wp-block-getwid-icon-box__icon-container is-position-top\"><div class=\"wp-block-getwid-icon-box__icon-wrapper\"><i class=\"fas fa-search-dollar\"><\/i><\/div><\/div><div class=\"wp-block-getwid-icon-box__content\">\n<h3 class=\"has-text-align-left wp-block-heading\">\u00c9tant facile \u00e0 utiliser, sans n\u00e9cessit\u00e9 d\u2019heures de formation, le co\u00fbt total de possession baisse<\/h3>\n<\/div><\/div>\n\n\n\n<div class=\"wp-block-getwid-icon-box has-icon-left has-text-center\"><div class=\"wp-block-getwid-icon-box__icon-container is-position-top\"><div class=\"wp-block-getwid-icon-box__icon-wrapper\"><i class=\"fas fa-certificate\"><\/i><\/div><\/div><div class=\"wp-block-getwid-icon-box__content\">\n<h3 class=\"has-text-align-left wp-block-heading\">Produits et processus valid\u00e9s par les certifications CE et UL qui garantissent la r\u00e9p\u00e9tabilit\u00e9 et la fiabilit\u00e9 des pi\u00e8ces<\/h3>\n<\/div><\/div>\n\n\n\n<div class=\"wp-block-getwid-icon-box has-icon-left has-text-center\"><div class=\"wp-block-getwid-icon-box__icon-container is-position-top\"><div class=\"wp-block-getwid-icon-box__icon-wrapper\"><i class=\"fas fa-external-link-alt\"><\/i><\/div><\/div><div class=\"wp-block-getwid-icon-box__content\">\n<h3 class=\"has-text-align-left wp-block-heading\">La mise en \u0153uvre et l\u2019investissement \u00e9volutifs permettent une approche modulaire rentable applicable aux futurs projets<\/h3>\n<\/div><\/div>\n\n\n\n<div class=\"wp-block-getwid-icon-box has-icon-left has-text-center\"><div class=\"wp-block-getwid-icon-box__icon-container is-position-top\"><div class=\"wp-block-getwid-icon-box__icon-wrapper\"><i class=\"fas fa-sort-amount-up\"><\/i><\/div><\/div><div class=\"wp-block-getwid-icon-box__content\">\n<h3 class=\"has-text-align-left wp-block-heading\">La production est acc\u00e9l\u00e9r\u00e9e de la mani\u00e8re la plus rapide et la plus rentable<\/h3>\n<\/div><\/div>\n\n\n\n<div class=\"wp-block-getwid-icon-box has-icon-left has-text-center\"><div class=\"wp-block-getwid-icon-box__icon-container is-position-top\"><div class=\"wp-block-getwid-icon-box__icon-wrapper\"><i class=\"fab fa-whmcs\"><\/i><\/div><\/div><div class=\"wp-block-getwid-icon-box__content\">\n<h3 class=\"has-text-align-left wp-block-heading\">Excellente visibilit\u00e9 des op\u00e9rations fournie par la num\u00e9risation des cellules<\/h3>\n\n\n\n<p><\/p>\n<\/div><\/div>\n\n\n\n<hr class=\"wp-block-separator has-alpha-channel-opacity\"\/>\n\n\n\n<div class=\"wp-block-columns is-layout-flex wp-container-core-columns-is-layout-9d6595d7 wp-block-columns-is-layout-flex\">\n<div class=\"wp-block-column is-layout-flow wp-block-column-is-layout-flow\">\n<h2 class=\"wp-block-heading\">eBook<\/h2>\n\n\n\n<h3 class=\"wp-block-heading\"><strong><strong><strong>Optimiser la production gr\u00e2ce aux cellules Zero Design<\/strong><\/strong><\/strong><\/h3>\n\n\n\n<h3 class=\"wp-block-heading\" id=\"block-d5fef270-5747-4bcf-9e83-be00d92d5b42\">Les avantages de l&rsquo;automatisation avec des cellules d&rsquo;assemblage modulaires et standard<br><\/h3>\n\n\n\n<div class=\"wp-block-buttons is-layout-flex wp-block-buttons-is-layout-flex\">\n<div class=\"wp-block-button\"><a class=\"wp-block-button__link\" href=\"https:\/\/group.comau.com\/fr\/content\/ebook\/standardcell?utm_source=COMAU Website\" target=\"_blank\" rel=\"noreferrer noopener\">Recevez l\u2019eBook maintenant<\/a><\/div>\n<\/div>\n\n\n\n<p><\/p>\n\n\n\n<p><\/p>\n\n\n\n<p><\/p>\n\n\n\n<p><em><br><br><\/em><\/p>\n<\/div>\n\n\n\n<div class=\"wp-block-column is-layout-flow wp-block-column-is-layout-flow\">\n<figure class=\"wp-block-image size-full\"><img decoding=\"async\" width=\"350\" height=\"219\" src=\"https:\/\/www.comau.com\/wp-content\/uploads\/2022\/09\/Cella.jpg\" alt=\"\" class=\"wp-image-47538\" srcset=\"https:\/\/www.comau.com\/wp-content\/uploads\/2022\/09\/Cella.jpg 350w, https:\/\/www.comau.com\/wp-content\/uploads\/2022\/09\/Cella-300x188.jpg 300w\" sizes=\"(max-width: 350px) 100vw, 350px\" \/><\/figure>\n<\/div>\n<\/div>\n","protected":false},"excerpt":{"rendered":"<p>Mise en place rapide sans consacrer de temps \u00e0 la conception technique L\u2019approche de fabrication Zero&nbsp;Design de Comau permet aux entreprises de toutes tailles de tirer parti de cellules standardis\u00e9es pr\u00eates \u00e0 l\u2019emploi pour simplifier l\u2019automatisation sans sacrifier la pr\u00e9cision ou les performances. La structure de conception interchangeable de Comau garantit une r\u00e9utilisation et une [&hellip;]<\/p>\n","protected":false},"author":7,"featured_media":48247,"parent":65268,"menu_order":1,"comment_status":"closed","ping_status":"closed","template":"","meta":{"_acf_changed":false,"ep_exclude_from_search":false,"footnotes":""},"class_list":["post-47368","page","type-page","status-publish","has-post-thumbnail","hentry"],"acf":[],"yoast_head":"<!-- This site is optimized with the Yoast SEO plugin v26.9 - https:\/\/yoast.com\/product\/yoast-seo-wordpress\/ -->\n<title>Zero Design Cells | Comau<\/title>\n<meta name=\"description\" content=\"L\u2019approche de fabrication Zero Design de Comau permet aux entreprises de toutes tailles de tirer parti de cellules standardis\u00e9es pr\u00eates \u00e0 l\u2019emploi pour simplifier l\u2019automatisation sans sacrifier la pr\u00e9cision ou les performances.\" \/>\n<meta name=\"robots\" content=\"index, follow, max-snippet:-1, max-image-preview:large, max-video-preview:-1\" \/>\n<link rel=\"canonical\" href=\"https:\/\/www.comau.com\/fr\/competencies\/products-solutions\/zero-design-cells\/\" \/>\n<meta property=\"og:locale\" content=\"fr_FR\" \/>\n<meta property=\"og:type\" content=\"article\" \/>\n<meta property=\"og:title\" content=\"Zero Design Cells | Comau\" \/>\n<meta property=\"og:description\" content=\"L\u2019approche de fabrication Zero Design de Comau permet aux entreprises de toutes tailles de tirer parti de cellules standardis\u00e9es pr\u00eates \u00e0 l\u2019emploi pour simplifier l\u2019automatisation sans sacrifier la pr\u00e9cision ou les performances.\" \/>\n<meta property=\"og:url\" content=\"https:\/\/www.comau.com\/fr\/competencies\/products-solutions\/zero-design-cells\/\" \/>\n<meta property=\"og:site_name\" content=\"Comau\" \/>\n<meta property=\"article:publisher\" content=\"https:\/\/www.facebook.com\/COMAU\/\" \/>\n<meta property=\"article:modified_time\" content=\"2022-09-22T13:17:12+00:00\" \/>\n<meta property=\"og:image\" content=\"https:\/\/www.comau.com\/wp-content\/uploads\/2022\/09\/hero-landing-1.jpg\" \/>\n\t<meta property=\"og:image:width\" content=\"1450\" \/>\n\t<meta property=\"og:image:height\" content=\"450\" \/>\n\t<meta property=\"og:image:type\" content=\"image\/jpeg\" \/>\n<meta name=\"twitter:card\" content=\"summary_large_image\" \/>\n<meta name=\"twitter:site\" content=\"@comaugroup\" \/>\n<meta name=\"twitter:label1\" content=\"Dur\u00e9e de lecture estim\u00e9e\" \/>\n\t<meta name=\"twitter:data1\" content=\"3 minutes\" \/>\n<script type=\"application\/ld+json\" class=\"yoast-schema-graph\">{\"@context\":\"https:\/\/schema.org\",\"@graph\":[{\"@type\":\"WebPage\",\"@id\":\"https:\/\/www.comau.com\/fr\/competencies\/products-solutions\/zero-design-cells\/\",\"url\":\"https:\/\/www.comau.com\/fr\/competencies\/products-solutions\/zero-design-cells\/\",\"name\":\"Zero Design Cells | Comau\",\"isPartOf\":{\"@id\":\"https:\/\/www.comau.com\/fr\/#website\"},\"primaryImageOfPage\":{\"@id\":\"https:\/\/www.comau.com\/fr\/competencies\/products-solutions\/zero-design-cells\/#primaryimage\"},\"image\":{\"@id\":\"https:\/\/www.comau.com\/fr\/competencies\/products-solutions\/zero-design-cells\/#primaryimage\"},\"thumbnailUrl\":\"https:\/\/www.comau.com\/wp-content\/uploads\/2022\/10\/Comau_ZeroDesignCell_Header.jpg\",\"datePublished\":\"2022-09-08T15:29:29+00:00\",\"dateModified\":\"2022-09-22T13:17:12+00:00\",\"description\":\"L\u2019approche de fabrication Zero Design de Comau permet aux entreprises de toutes tailles de tirer parti de cellules standardis\u00e9es pr\u00eates \u00e0 l\u2019emploi pour simplifier l\u2019automatisation sans sacrifier la pr\u00e9cision ou les performances.\",\"breadcrumb\":{\"@id\":\"https:\/\/www.comau.com\/fr\/competencies\/products-solutions\/zero-design-cells\/#breadcrumb\"},\"inLanguage\":\"fr-FR\",\"potentialAction\":[{\"@type\":\"ReadAction\",\"target\":[\"https:\/\/www.comau.com\/fr\/competencies\/products-solutions\/zero-design-cells\/\"]}]},{\"@type\":\"ImageObject\",\"inLanguage\":\"fr-FR\",\"@id\":\"https:\/\/www.comau.com\/fr\/competencies\/products-solutions\/zero-design-cells\/#primaryimage\",\"url\":\"https:\/\/www.comau.com\/wp-content\/uploads\/2022\/10\/Comau_ZeroDesignCell_Header.jpg\",\"contentUrl\":\"https:\/\/www.comau.com\/wp-content\/uploads\/2022\/10\/Comau_ZeroDesignCell_Header.jpg\",\"width\":1450,\"height\":450,\"caption\":\"Comau Zero Design Cells\"},{\"@type\":\"BreadcrumbList\",\"@id\":\"https:\/\/www.comau.com\/fr\/competencies\/products-solutions\/zero-design-cells\/#breadcrumb\",\"itemListElement\":[{\"@type\":\"ListItem\",\"position\":1,\"name\":\"Home\",\"item\":\"https:\/\/www.comau.com\/fr\/\"},{\"@type\":\"ListItem\",\"position\":2,\"name\":\"Nos comp\u00e9tences\",\"item\":\"https:\/\/www.comau.com\/fr\/competencies\/\"},{\"@type\":\"ListItem\",\"position\":3,\"name\":\"Robotics &amp; Automation\",\"item\":\"https:\/\/www.comau.com\/fr\/competencies\/robotics-automation\/\"},{\"@type\":\"ListItem\",\"position\":4,\"name\":\"Zero Design Cells\"}]},{\"@type\":\"WebSite\",\"@id\":\"https:\/\/www.comau.com\/fr\/#website\",\"url\":\"https:\/\/www.comau.com\/fr\/\",\"name\":\"Comau\",\"description\":\"Industrial automation and robotics\",\"publisher\":{\"@id\":\"https:\/\/www.comau.com\/fr\/#organization\"},\"potentialAction\":[{\"@type\":\"SearchAction\",\"target\":{\"@type\":\"EntryPoint\",\"urlTemplate\":\"https:\/\/www.comau.com\/fr\/?s={search_term_string}\"},\"query-input\":{\"@type\":\"PropertyValueSpecification\",\"valueRequired\":true,\"valueName\":\"search_term_string\"}}],\"inLanguage\":\"fr-FR\"},{\"@type\":\"Organization\",\"@id\":\"https:\/\/www.comau.com\/fr\/#organization\",\"name\":\"Comau\",\"url\":\"https:\/\/www.comau.com\/fr\/\",\"logo\":{\"@type\":\"ImageObject\",\"inLanguage\":\"fr-FR\",\"@id\":\"https:\/\/www.comau.com\/fr\/#\/schema\/logo\/image\/\",\"url\":\"https:\/\/www.comau.com\/wp-content\/uploads\/2024\/07\/cropped-Logo-COMAU.png\",\"contentUrl\":\"https:\/\/www.comau.com\/wp-content\/uploads\/2024\/07\/cropped-Logo-COMAU.png\",\"width\":434,\"height\":434,\"caption\":\"Comau\"},\"image\":{\"@id\":\"https:\/\/www.comau.com\/fr\/#\/schema\/logo\/image\/\"},\"sameAs\":[\"https:\/\/www.facebook.com\/COMAU\/\",\"https:\/\/x.com\/comaugroup\",\"https:\/\/www.instagram.com\/comaugroup\/\",\"https:\/\/www.linkedin.com\/company\/comau\",\"https:\/\/www.youtube.com\/user\/comau\"]}]}<\/script>\n<!-- \/ Yoast SEO plugin. -->","yoast_head_json":{"title":"Zero Design Cells | Comau","description":"L\u2019approche de fabrication Zero Design de Comau permet aux entreprises de toutes tailles de tirer parti de cellules standardis\u00e9es pr\u00eates \u00e0 l\u2019emploi pour simplifier l\u2019automatisation sans sacrifier la pr\u00e9cision ou les performances.","robots":{"index":"index","follow":"follow","max-snippet":"max-snippet:-1","max-image-preview":"max-image-preview:large","max-video-preview":"max-video-preview:-1"},"canonical":"https:\/\/www.comau.com\/fr\/competencies\/products-solutions\/zero-design-cells\/","og_locale":"fr_FR","og_type":"article","og_title":"Zero Design Cells | Comau","og_description":"L\u2019approche de fabrication Zero Design de Comau permet aux entreprises de toutes tailles de tirer parti de cellules standardis\u00e9es pr\u00eates \u00e0 l\u2019emploi pour simplifier l\u2019automatisation sans sacrifier la pr\u00e9cision ou les performances.","og_url":"https:\/\/www.comau.com\/fr\/competencies\/products-solutions\/zero-design-cells\/","og_site_name":"Comau","article_publisher":"https:\/\/www.facebook.com\/COMAU\/","article_modified_time":"2022-09-22T13:17:12+00:00","og_image":[{"width":1450,"height":450,"url":"https:\/\/www.comau.com\/wp-content\/uploads\/2022\/09\/hero-landing-1.jpg","type":"image\/jpeg"}],"twitter_card":"summary_large_image","twitter_site":"@comaugroup","twitter_misc":{"Dur\u00e9e de lecture estim\u00e9e":"3 minutes"},"schema":{"@context":"https:\/\/schema.org","@graph":[{"@type":"WebPage","@id":"https:\/\/www.comau.com\/fr\/competencies\/products-solutions\/zero-design-cells\/","url":"https:\/\/www.comau.com\/fr\/competencies\/products-solutions\/zero-design-cells\/","name":"Zero Design Cells | Comau","isPartOf":{"@id":"https:\/\/www.comau.com\/fr\/#website"},"primaryImageOfPage":{"@id":"https:\/\/www.comau.com\/fr\/competencies\/products-solutions\/zero-design-cells\/#primaryimage"},"image":{"@id":"https:\/\/www.comau.com\/fr\/competencies\/products-solutions\/zero-design-cells\/#primaryimage"},"thumbnailUrl":"https:\/\/www.comau.com\/wp-content\/uploads\/2022\/10\/Comau_ZeroDesignCell_Header.jpg","datePublished":"2022-09-08T15:29:29+00:00","dateModified":"2022-09-22T13:17:12+00:00","description":"L\u2019approche de fabrication Zero Design de Comau permet aux entreprises de toutes tailles de tirer parti de cellules standardis\u00e9es pr\u00eates \u00e0 l\u2019emploi pour simplifier l\u2019automatisation sans sacrifier la pr\u00e9cision ou les performances.","breadcrumb":{"@id":"https:\/\/www.comau.com\/fr\/competencies\/products-solutions\/zero-design-cells\/#breadcrumb"},"inLanguage":"fr-FR","potentialAction":[{"@type":"ReadAction","target":["https:\/\/www.comau.com\/fr\/competencies\/products-solutions\/zero-design-cells\/"]}]},{"@type":"ImageObject","inLanguage":"fr-FR","@id":"https:\/\/www.comau.com\/fr\/competencies\/products-solutions\/zero-design-cells\/#primaryimage","url":"https:\/\/www.comau.com\/wp-content\/uploads\/2022\/10\/Comau_ZeroDesignCell_Header.jpg","contentUrl":"https:\/\/www.comau.com\/wp-content\/uploads\/2022\/10\/Comau_ZeroDesignCell_Header.jpg","width":1450,"height":450,"caption":"Comau Zero Design Cells"},{"@type":"BreadcrumbList","@id":"https:\/\/www.comau.com\/fr\/competencies\/products-solutions\/zero-design-cells\/#breadcrumb","itemListElement":[{"@type":"ListItem","position":1,"name":"Home","item":"https:\/\/www.comau.com\/fr\/"},{"@type":"ListItem","position":2,"name":"Nos comp\u00e9tences","item":"https:\/\/www.comau.com\/fr\/competencies\/"},{"@type":"ListItem","position":3,"name":"Robotics &amp; Automation","item":"https:\/\/www.comau.com\/fr\/competencies\/robotics-automation\/"},{"@type":"ListItem","position":4,"name":"Zero Design Cells"}]},{"@type":"WebSite","@id":"https:\/\/www.comau.com\/fr\/#website","url":"https:\/\/www.comau.com\/fr\/","name":"Comau","description":"Industrial automation and robotics","publisher":{"@id":"https:\/\/www.comau.com\/fr\/#organization"},"potentialAction":[{"@type":"SearchAction","target":{"@type":"EntryPoint","urlTemplate":"https:\/\/www.comau.com\/fr\/?s={search_term_string}"},"query-input":{"@type":"PropertyValueSpecification","valueRequired":true,"valueName":"search_term_string"}}],"inLanguage":"fr-FR"},{"@type":"Organization","@id":"https:\/\/www.comau.com\/fr\/#organization","name":"Comau","url":"https:\/\/www.comau.com\/fr\/","logo":{"@type":"ImageObject","inLanguage":"fr-FR","@id":"https:\/\/www.comau.com\/fr\/#\/schema\/logo\/image\/","url":"https:\/\/www.comau.com\/wp-content\/uploads\/2024\/07\/cropped-Logo-COMAU.png","contentUrl":"https:\/\/www.comau.com\/wp-content\/uploads\/2024\/07\/cropped-Logo-COMAU.png","width":434,"height":434,"caption":"Comau"},"image":{"@id":"https:\/\/www.comau.com\/fr\/#\/schema\/logo\/image\/"},"sameAs":["https:\/\/www.facebook.com\/COMAU\/","https:\/\/x.com\/comaugroup","https:\/\/www.instagram.com\/comaugroup\/","https:\/\/www.linkedin.com\/company\/comau","https:\/\/www.youtube.com\/user\/comau"]}]}},"_links":{"self":[{"href":"https:\/\/www.comau.com\/fr\/wp-json\/wp\/v2\/pages\/47368","targetHints":{"allow":["GET"]}}],"collection":[{"href":"https:\/\/www.comau.com\/fr\/wp-json\/wp\/v2\/pages"}],"about":[{"href":"https:\/\/www.comau.com\/fr\/wp-json\/wp\/v2\/types\/page"}],"author":[{"embeddable":true,"href":"https:\/\/www.comau.com\/fr\/wp-json\/wp\/v2\/users\/7"}],"replies":[{"embeddable":true,"href":"https:\/\/www.comau.com\/fr\/wp-json\/wp\/v2\/comments?post=47368"}],"version-history":[{"count":18,"href":"https:\/\/www.comau.com\/fr\/wp-json\/wp\/v2\/pages\/47368\/revisions"}],"predecessor-version":[{"id":47638,"href":"https:\/\/www.comau.com\/fr\/wp-json\/wp\/v2\/pages\/47368\/revisions\/47638"}],"up":[{"embeddable":true,"href":"https:\/\/www.comau.com\/fr\/wp-json\/wp\/v2\/pages\/65268"}],"wp:featuredmedia":[{"embeddable":true,"href":"https:\/\/www.comau.com\/fr\/wp-json\/wp\/v2\/media\/48247"}],"wp:attachment":[{"href":"https:\/\/www.comau.com\/fr\/wp-json\/wp\/v2\/media?parent=47368"}],"curies":[{"name":"wp","href":"https:\/\/api.w.org\/{rel}","templated":true}]}}