{"id":46730,"date":"2022-08-04T09:00:00","date_gmt":"2022-08-04T07:00:00","guid":{"rendered":"https:\/\/www.comau.com\/?page_id=46730"},"modified":"2022-08-04T10:59:42","modified_gmt":"2022-08-04T08:59:42","slug":"verification-en-temps-reel-du-rendement-energetique-de-lelectricite-dans-les-batteries-extremement-performantes-des-voitures-de-sport","status":"publish","type":"page","link":"https:\/\/www.comau.com\/fr\/about-us\/success-stories\/verification-en-temps-reel-du-rendement-energetique-de-lelectricite-dans-les-batteries-extremement-performantes-des-voitures-de-sport\/","title":{"rendered":"V\u00e9rification en temps r\u00e9el du rendement \u00e9nerg\u00e9tique de l\u2019\u00e9lectricit\u00e9 dans les batteries extr\u00eamement performantes des voitures de sport"},"content":{"rendered":"\n<p>Lorsque l\u2019un des constructeurs automobiles les plus distingu\u00e9s d\u2019Italie a d\u00e9cid\u00e9 de cr\u00e9er une version \u00e9lectrique de sa voiture de sport haut de gamme, il savait qu\u2019il aurait besoin d\u2019une batterie \u00e9lectrique capable de rivaliser avec la puissance, la vitesse et les performances de son homologue classique. Il s\u2019est tourn\u00e9 vers un fournisseur de technologie de rang un pour la conception et la mise en place des cha\u00eenes de fabrication des batteries. Ce fournisseur s\u2019est \u00e0 son tour adress\u00e9 \u00e0 Comau pour mettre au point un syst\u00e8me non invasif de contr\u00f4le de la qualit\u00e9. La solution innovante de Comau devait associer l\u2019imagerie thermique et l\u2019intelligence artificielle et tester automatiquement les propri\u00e9t\u00e9s \u00e9lectriques et m\u00e9caniques pendant le processus d\u2019assemblage des modules, afin de v\u00e9rifier plus facilement l\u2019int\u00e9grit\u00e9 de la batterie \u00e0 haute tension, tout en minimisant les d\u00e9chets des modules.<\/p>\n\n\n\n<p><\/p>\n\n\n\n<div class=\"wp-block-group wide-section-light-1 py-5 my-5\"><div class=\"wp-block-group__inner-container is-layout-flow wp-block-group-is-layout-flow\">\n<blockquote class=\"wp-block-quote has-text-align-left success-story-quote is-layout-flow wp-block-quote-is-layout-flow\"><p>\u00ab\u00a0Comau fournit une solution innovante qui non seulement r\u00e9pond aux caract\u00e9ristiques originales de la batterie extr\u00eamement performante de notre client, mais garantit une r\u00e9duction concr\u00e8te des d\u00e9chets mat\u00e9riels\u00a0\u00bb, explique Giovanni Di Stefano, directeur de l\u2019innovation et des technologies de proc\u00e9d\u00e9. \u00ab\u00a0De plus, le syst\u00e8me con\u00e7u par Comau permettra \u00e0 terme de mesurer des KPI relatifs \u00e0 la qualit\u00e9 et de d\u00e9terminer combien de batteries nos clients \u201c\u00e9conomisent\u201d malgr\u00e9 une anomalie \u00e9ventuelle de l\u2019un des modules.\u00a0\u00bb<\/p><cite><strong>Giovanni Di Stefano, Head of Innovation and Process Technologies<\/strong><\/cite><\/blockquote>\n\n\n\n<p><\/p>\n<\/div><\/div>\n\n\n\n<div class=\"wp-block-columns is-layout-flex wp-container-core-columns-is-layout-9d6595d7 wp-block-columns-is-layout-flex\">\n<div class=\"wp-block-column is-layout-flow wp-block-column-is-layout-flow\">\n<h2 class=\"h3 wp-block-heading\" id=\"the-challenge\">D\u00e9fi<\/h2>\n\n\n\n<p>Comau avait pour mission de concevoir une solution technologique \u00e0 int\u00e9grer directement dans un processus semi-automatique de production de batteries, sans modifier le temps de cycle ni l\u2019agencement de production. \u00c0 la diff\u00e9rence des essais traditionnels sur les batteries en bout de cha\u00eene, qui consistent \u00e0 appliquer une s\u00e9rie de cycles de charge et de d\u00e9charge \u00e0 chaque batterie, la solution de Comau devait v\u00e9rifier la qualit\u00e9 de la batterie au niveau de chaque module avant de fermer et souder tout le bloc. Chaque batterie se composant de 13 modules \u00e0 hautes performances, le syst\u00e8me devait contr\u00f4ler la batterie au niveau des modules et, en cas de d\u00e9faillance, identifier le ou les modules non conformes aux tol\u00e9rances sp\u00e9cifi\u00e9es par le client.<\/p>\n<\/div>\n\n\n\n<div class=\"wp-block-column is-layout-flow wp-block-column-is-layout-flow\">\n<h2 class=\"h3 wp-block-heading\" id=\"the-solution\">Solution<\/h2>\n\n\n\n<p>Les ing\u00e9nieurs de Comau ont d\u2019abord v\u00e9rifi\u00e9 le nombre d\u2019\u00e9l\u00e9ments dans chacun des 13 modules de batterie. Ces \u00e9l\u00e9ments sont structurellement assembl\u00e9s et raccord\u00e9s sur le plan \u00e9lectrique par de nombreux joints soud\u00e9s, que l\u2019\u00e9quipe a rapidement identifi\u00e9s comme un point potentiel de d\u00e9faillance si la qualit\u00e9 n\u2019est pas au rendez-vous. \u00c9tant donn\u00e9 que les soudures non conformes peuvent entra\u00eener une instabilit\u00e9 de la batterie et des risques pour la s\u00e9curit\u00e9, l\u2019\u00e9quipe s\u2019est attel\u00e9e \u00e0 la conception d\u2019un syst\u00e8me pouvant analyser rapidement et efficacement la r\u00e9sistance m\u00e9canique et \u00e9lectrique des joints soud\u00e9s.<\/p>\n\n\n\n<p>\u00c0 l\u2019aide d\u2019une cam\u00e9ra infrarouge et d\u2019une intelligence artificielle neuronale, les ing\u00e9nieurs ont construit une solution hybride de thermographie, capable de r\u00e9aliser une inspection non invasive du bain de fusion au niveau de la soudure pour d\u00e9tecter les d\u00e9fauts de surface et v\u00e9rifier automatiquement la qualit\u00e9. La solution repose sur l\u2019acquisition en ligne d\u2019images thermiques qui sont imm\u00e9diatement pr\u00e9trait\u00e9es, recadr\u00e9es et analys\u00e9es au moyen d\u2019une base de connaissances pr\u00e9c\u00e9demment acquises. Apr\u00e8s que le robot de soudage au laser a envoy\u00e9 un signal de d\u00e9clenchement, le syst\u00e8me enregistre automatiquement la phase de refroidissement et analyse les caract\u00e9ristiques pour \u00e9valuer la qualit\u00e9 de chaque soudure.<\/p>\n\n\n\n<p>Le syst\u00e8me d\u2019essai non destructif a \u00e9t\u00e9 con\u00e7u de mani\u00e8re \u00e0 fonctionner avec les proc\u00e9d\u00e9s de production existants, ce qui optimise le flux op\u00e9rationnel et prot\u00e8ge les temps de cycle. Puisque les cam\u00e9ras thermiques analysent les d\u00e9fauts tant visuels que de r\u00e9sistance avant le processus d\u2019assemblage final, les anomalies peuvent \u00eatre r\u00e9par\u00e9es au niveau du module, ce qui \u00e9vite de mettre au rebut toute la batterie. Enfin, la solution con\u00e7ue par Comau est enti\u00e8rement int\u00e9gr\u00e9e dans le syst\u00e8me de tra\u00e7abilit\u00e9. Elle permet de recueillir toutes les informations sur le processus et la qualit\u00e9 dans un syst\u00e8me unique de gestion des donn\u00e9es et les met \u00e0 disposition de mani\u00e8re simple, efficace et intuitive.<\/p>\n<\/div>\n<\/div>\n\n\n\n<div class=\"wp-block-group wide-section-light-1 py-5 my-5\"><div class=\"wp-block-group__inner-container is-layout-flow wp-block-group-is-layout-flow\">\n<div class=\"wp-block-group wide-section-light-1 py-5 my-5\"><div class=\"wp-block-group__inner-container is-layout-flow wp-block-group-is-layout-flow\">\n<h2 class=\"h2 wp-block-heading\" id=\"the-results\">R\u00e9sultats<\/h2>\n\n\n\n<p>Comau et son client, le fournisseur de technologie charg\u00e9 d\u2019\u00e9laborer un processus complet de production de batteries, ont mis le syst\u00e8me \u00e0 l\u2019\u00e9preuve d\u00e8s la livraison. Pour commencer, l\u2019int\u00e9gration de ce paradigme d\u2019essai innovant dans la cha\u00eene d\u2019assemblage s\u2019est r\u00e9v\u00e9l\u00e9e directe et facile.&nbsp;&nbsp;<\/p>\n\n\n\n<p>Ensuite, le syst\u00e8me automatis\u00e9 et non destructif de Comau a eu pour effet d\u2019am\u00e9liorer l\u2019exactitude de d\u00e9tection des d\u00e9fauts esth\u00e9tiques, au point de d\u00e9passer fr\u00e9quemment l\u2019exactitude de l\u2019inspection visuelle.<\/p>\n\n\n\n<p>Par ailleurs, la forte r\u00e9sistance \u00e9lectrique d\u2019une soudure de mauvaise qualit\u00e9 peut entra\u00eener une grande perte d\u2019\u00e9nergie et augmenter la temp\u00e9rature du joint soud\u00e9, ce qui est susceptible de provoquer des probl\u00e8mes de s\u00e9curit\u00e9, en plus de r\u00e9duire le rendement de la batterie. En \u00e9valuant automatiquement les d\u00e9fauts de surface et la r\u00e9sistance \u00e9lectrique de chaque joint avant l\u2019assemblage final, la solution con\u00e7ue par Comau aide le client final \u00e0 gagner du temps et \u00e0 faire des \u00e9conomies.<\/p>\n\n\n\n<p>Pour finir, il est possible de recueillir les r\u00e9sultats du processus en temps r\u00e9el, \u00e0 des fins d\u2019analyse et de perfectionnement. Le syst\u00e8me \u00e9tant connect\u00e9 \u00e0 toute l\u2019infrastructure de donn\u00e9es, le client peut effectuer le suivi d\u2019\u00e9ventuels probl\u00e8mes de qualit\u00e9 et ajuster le processus de production si n\u00e9cessaire.<\/p>\n\n\n\n<div class=\"wp-block-columns is-layout-flex wp-container-core-columns-is-layout-9d6595d7 wp-block-columns-is-layout-flex\">\n<div class=\"wp-block-column is-layout-flow wp-block-column-is-layout-flow\">\n<div class=\"wp-block-getwid-counter d-none\"><div class=\"wp-block-getwid-counter__wrapper\" data-start=\"\" data-end=\"\" data-decimal-places=\"0\" data-duration=\"3\" data-use-easing=\"true\" data-use-grouping=\"true\" data-separator=\",\" data-decimal=\".\" data-easing-fn=\"outExpo\" data-numerals=\"default\"><span class=\"wp-block-getwid-counter__number\">0<\/span><\/div><\/div>\n\n\n\n<p>Optimisation de la productivit\u00e9 gr\u00e2ce aux essais en ligne<\/p>\n<\/div>\n\n\n\n<div class=\"wp-block-column is-layout-flow wp-block-column-is-layout-flow\">\n<div class=\"wp-block-getwid-counter\"><div class=\"wp-block-getwid-counter__wrapper\" data-start=\"0\" data-end=\"100\" data-decimal-places=\"0\" data-duration=\"3\" data-use-easing=\"true\" data-use-grouping=\"true\" data-separator=\",\" data-decimal=\".\" data-easing-fn=\"outExpo\" data-numerals=\"default\"><span class=\"wp-block-getwid-counter__number\">0<\/span><p class=\"wp-block-getwid-counter__suffix\">%<\/p><\/div><\/div>\n\n\n\n<p>Automatisation compl\u00e8te des essais sur les modules<\/p>\n<\/div>\n\n\n\n<div class=\"wp-block-column is-layout-flow wp-block-column-is-layout-flow\">\n<div class=\"wp-block-getwid-counter\"><div class=\"wp-block-getwid-counter__wrapper\" data-start=\"0\" data-end=\"100\" data-decimal-places=\"0\" data-duration=\"3\" data-use-easing=\"true\" data-use-grouping=\"true\" data-separator=\",\" data-decimal=\".\" data-easing-fn=\"outExpo\" data-numerals=\"default\"><span class=\"wp-block-getwid-counter__number\">0<\/span><p class=\"wp-block-getwid-counter__suffix\">%<\/p><\/div><\/div>\n\n\n\n<p>de tra\u00e7abilit\u00e9<\/p>\n<\/div>\n\n\n\n<div class=\"wp-block-column is-layout-flow wp-block-column-is-layout-flow\">\n<div class=\"wp-block-getwid-counter d-none\"><div class=\"wp-block-getwid-counter__wrapper\" data-start=\"\" data-end=\"\" data-decimal-places=\"0\" data-duration=\"3\" data-use-easing=\"true\" data-use-grouping=\"true\" data-separator=\",\" data-decimal=\".\" data-easing-fn=\"outExpo\" data-numerals=\"default\"><span class=\"wp-block-getwid-counter__number\">0<\/span><\/div><\/div>\n\n\n\n<p>R\u00e9duction importante des d\u00e9chets mat\u00e9riels<\/p>\n<\/div>\n<\/div>\n<\/div><\/div>\n\n\n\n<div class=\"wp-block-columns is-layout-flex wp-container-core-columns-is-layout-9d6595d7 wp-block-columns-is-layout-flex\">\n<div class=\"wp-block-column is-layout-flow wp-block-column-is-layout-flow\"><\/div>\n\n\n\n<div class=\"wp-block-column is-layout-flow wp-block-column-is-layout-flow\"><\/div>\n<\/div>\n<\/div><\/div>\n","protected":false},"excerpt":{"rendered":"<p>Lorsque l\u2019un des constructeurs automobiles les plus distingu\u00e9s d\u2019Italie a d\u00e9cid\u00e9 de cr\u00e9er une version \u00e9lectrique de sa voiture de sport haut de gamme, il savait qu\u2019il aurait besoin d\u2019une batterie \u00e9lectrique capable de rivaliser avec la puissance, la vitesse et les performances de son homologue classique. Il s\u2019est tourn\u00e9 vers un fournisseur de technologie [&hellip;]<\/p>\n","protected":false},"author":19,"featured_media":43825,"parent":41298,"menu_order":6,"comment_status":"closed","ping_status":"closed","template":"","meta":{"_acf_changed":false,"ep_exclude_from_search":false,"footnotes":""},"class_list":["post-46730","page","type-page","status-publish","has-post-thumbnail","hentry"],"acf":[],"yoast_head":"<!-- This site is optimized with the Yoast SEO plugin v26.9 - https:\/\/yoast.com\/product\/yoast-seo-wordpress\/ -->\n<title>V\u00e9rification en temps r\u00e9el du rendement \u00e9nerg\u00e9tique de l\u2019\u00e9lectricit\u00e9 dans les batteries extr\u00eamement performantes des voitures de sport - Comau<\/title>\n<meta name=\"robots\" content=\"index, follow, max-snippet:-1, max-image-preview:large, max-video-preview:-1\" \/>\n<link rel=\"canonical\" href=\"https:\/\/www.comau.com\/fr\/about-us\/success-stories\/verification-en-temps-reel-du-rendement-energetique-de-lelectricite-dans-les-batteries-extremement-performantes-des-voitures-de-sport\/\" \/>\n<meta property=\"og:locale\" content=\"fr_FR\" \/>\n<meta property=\"og:type\" content=\"article\" \/>\n<meta property=\"og:title\" content=\"V\u00e9rification en temps r\u00e9el du rendement \u00e9nerg\u00e9tique de l\u2019\u00e9lectricit\u00e9 dans les batteries extr\u00eamement performantes des voitures de sport - Comau\" \/>\n<meta property=\"og:description\" content=\"Lorsque l\u2019un des constructeurs automobiles les plus distingu\u00e9s d\u2019Italie a d\u00e9cid\u00e9 de cr\u00e9er une version \u00e9lectrique de sa voiture de sport haut de gamme, il savait qu\u2019il aurait besoin d\u2019une batterie \u00e9lectrique capable de rivaliser avec la puissance, la vitesse et les performances de son homologue classique. Il s\u2019est tourn\u00e9 vers un fournisseur de technologie [&hellip;]\" \/>\n<meta property=\"og:url\" content=\"https:\/\/www.comau.com\/fr\/about-us\/success-stories\/verification-en-temps-reel-du-rendement-energetique-de-lelectricite-dans-les-batteries-extremement-performantes-des-voitures-de-sport\/\" \/>\n<meta property=\"og:site_name\" content=\"Comau\" \/>\n<meta property=\"article:publisher\" content=\"https:\/\/www.facebook.com\/COMAU\/\" \/>\n<meta property=\"article:modified_time\" content=\"2022-08-04T08:59:42+00:00\" \/>\n<meta property=\"og:image\" content=\"https:\/\/www.comau.com\/wp-content\/uploads\/2022\/03\/Mira-Termography.jpg\" \/>\n\t<meta property=\"og:image:width\" content=\"1450\" \/>\n\t<meta property=\"og:image:height\" content=\"450\" \/>\n\t<meta property=\"og:image:type\" content=\"image\/jpeg\" \/>\n<meta name=\"twitter:card\" content=\"summary_large_image\" \/>\n<meta name=\"twitter:site\" content=\"@comaugroup\" \/>\n<meta name=\"twitter:label1\" content=\"Dur\u00e9e de lecture estim\u00e9e\" \/>\n\t<meta name=\"twitter:data1\" content=\"4 minutes\" \/>\n<script type=\"application\/ld+json\" class=\"yoast-schema-graph\">{\"@context\":\"https:\/\/schema.org\",\"@graph\":[{\"@type\":\"WebPage\",\"@id\":\"https:\/\/www.comau.com\/fr\/about-us\/success-stories\/verification-en-temps-reel-du-rendement-energetique-de-lelectricite-dans-les-batteries-extremement-performantes-des-voitures-de-sport\/\",\"url\":\"https:\/\/www.comau.com\/fr\/about-us\/success-stories\/verification-en-temps-reel-du-rendement-energetique-de-lelectricite-dans-les-batteries-extremement-performantes-des-voitures-de-sport\/\",\"name\":\"V\u00e9rification en temps r\u00e9el du rendement \u00e9nerg\u00e9tique de l\u2019\u00e9lectricit\u00e9 dans les batteries extr\u00eamement performantes des voitures de sport - Comau\",\"isPartOf\":{\"@id\":\"https:\/\/www.comau.com\/fr\/#website\"},\"primaryImageOfPage\":{\"@id\":\"https:\/\/www.comau.com\/fr\/about-us\/success-stories\/verification-en-temps-reel-du-rendement-energetique-de-lelectricite-dans-les-batteries-extremement-performantes-des-voitures-de-sport\/#primaryimage\"},\"image\":{\"@id\":\"https:\/\/www.comau.com\/fr\/about-us\/success-stories\/verification-en-temps-reel-du-rendement-energetique-de-lelectricite-dans-les-batteries-extremement-performantes-des-voitures-de-sport\/#primaryimage\"},\"thumbnailUrl\":\"https:\/\/www.comau.com\/wp-content\/uploads\/2022\/03\/Mira-Termography.jpg\",\"datePublished\":\"2022-08-04T07:00:00+00:00\",\"dateModified\":\"2022-08-04T08:59:42+00:00\",\"breadcrumb\":{\"@id\":\"https:\/\/www.comau.com\/fr\/about-us\/success-stories\/verification-en-temps-reel-du-rendement-energetique-de-lelectricite-dans-les-batteries-extremement-performantes-des-voitures-de-sport\/#breadcrumb\"},\"inLanguage\":\"fr-FR\",\"potentialAction\":[{\"@type\":\"ReadAction\",\"target\":[\"https:\/\/www.comau.com\/fr\/about-us\/success-stories\/verification-en-temps-reel-du-rendement-energetique-de-lelectricite-dans-les-batteries-extremement-performantes-des-voitures-de-sport\/\"]}]},{\"@type\":\"ImageObject\",\"inLanguage\":\"fr-FR\",\"@id\":\"https:\/\/www.comau.com\/fr\/about-us\/success-stories\/verification-en-temps-reel-du-rendement-energetique-de-lelectricite-dans-les-batteries-extremement-performantes-des-voitures-de-sport\/#primaryimage\",\"url\":\"https:\/\/www.comau.com\/wp-content\/uploads\/2022\/03\/Mira-Termography.jpg\",\"contentUrl\":\"https:\/\/www.comau.com\/wp-content\/uploads\/2022\/03\/Mira-Termography.jpg\",\"width\":1450,\"height\":450},{\"@type\":\"BreadcrumbList\",\"@id\":\"https:\/\/www.comau.com\/fr\/about-us\/success-stories\/verification-en-temps-reel-du-rendement-energetique-de-lelectricite-dans-les-batteries-extremement-performantes-des-voitures-de-sport\/#breadcrumb\",\"itemListElement\":[{\"@type\":\"ListItem\",\"position\":1,\"name\":\"Home\",\"item\":\"https:\/\/www.comau.com\/fr\/\"},{\"@type\":\"ListItem\",\"position\":2,\"name\":\"\u00c0 propos de Comau\",\"item\":\"https:\/\/www.comau.com\/fr\/about-us\/\"},{\"@type\":\"ListItem\",\"position\":3,\"name\":\"Success Stories\",\"item\":\"https:\/\/www.comau.com\/fr\/about-us\/success-stories\/\"},{\"@type\":\"ListItem\",\"position\":4,\"name\":\"V\u00e9rification en temps r\u00e9el du rendement \u00e9nerg\u00e9tique de l\u2019\u00e9lectricit\u00e9 dans les batteries extr\u00eamement performantes des voitures de sport\"}]},{\"@type\":\"WebSite\",\"@id\":\"https:\/\/www.comau.com\/fr\/#website\",\"url\":\"https:\/\/www.comau.com\/fr\/\",\"name\":\"Comau\",\"description\":\"Industrial automation and robotics\",\"publisher\":{\"@id\":\"https:\/\/www.comau.com\/fr\/#organization\"},\"potentialAction\":[{\"@type\":\"SearchAction\",\"target\":{\"@type\":\"EntryPoint\",\"urlTemplate\":\"https:\/\/www.comau.com\/fr\/?s={search_term_string}\"},\"query-input\":{\"@type\":\"PropertyValueSpecification\",\"valueRequired\":true,\"valueName\":\"search_term_string\"}}],\"inLanguage\":\"fr-FR\"},{\"@type\":\"Organization\",\"@id\":\"https:\/\/www.comau.com\/fr\/#organization\",\"name\":\"Comau\",\"url\":\"https:\/\/www.comau.com\/fr\/\",\"logo\":{\"@type\":\"ImageObject\",\"inLanguage\":\"fr-FR\",\"@id\":\"https:\/\/www.comau.com\/fr\/#\/schema\/logo\/image\/\",\"url\":\"https:\/\/www.comau.com\/wp-content\/uploads\/2024\/07\/cropped-Logo-COMAU.png\",\"contentUrl\":\"https:\/\/www.comau.com\/wp-content\/uploads\/2024\/07\/cropped-Logo-COMAU.png\",\"width\":434,\"height\":434,\"caption\":\"Comau\"},\"image\":{\"@id\":\"https:\/\/www.comau.com\/fr\/#\/schema\/logo\/image\/\"},\"sameAs\":[\"https:\/\/www.facebook.com\/COMAU\/\",\"https:\/\/x.com\/comaugroup\",\"https:\/\/www.instagram.com\/comaugroup\/\",\"https:\/\/www.linkedin.com\/company\/comau\",\"https:\/\/www.youtube.com\/user\/comau\"]}]}<\/script>\n<!-- \/ Yoast SEO plugin. -->","yoast_head_json":{"title":"V\u00e9rification en temps r\u00e9el du rendement \u00e9nerg\u00e9tique de l\u2019\u00e9lectricit\u00e9 dans les batteries extr\u00eamement performantes des voitures de sport - Comau","robots":{"index":"index","follow":"follow","max-snippet":"max-snippet:-1","max-image-preview":"max-image-preview:large","max-video-preview":"max-video-preview:-1"},"canonical":"https:\/\/www.comau.com\/fr\/about-us\/success-stories\/verification-en-temps-reel-du-rendement-energetique-de-lelectricite-dans-les-batteries-extremement-performantes-des-voitures-de-sport\/","og_locale":"fr_FR","og_type":"article","og_title":"V\u00e9rification en temps r\u00e9el du rendement \u00e9nerg\u00e9tique de l\u2019\u00e9lectricit\u00e9 dans les batteries extr\u00eamement performantes des voitures de sport - Comau","og_description":"Lorsque l\u2019un des constructeurs automobiles les plus distingu\u00e9s d\u2019Italie a d\u00e9cid\u00e9 de cr\u00e9er une version \u00e9lectrique de sa voiture de sport haut de gamme, il savait qu\u2019il aurait besoin d\u2019une batterie \u00e9lectrique capable de rivaliser avec la puissance, la vitesse et les performances de son homologue classique. Il s\u2019est tourn\u00e9 vers un fournisseur de technologie [&hellip;]","og_url":"https:\/\/www.comau.com\/fr\/about-us\/success-stories\/verification-en-temps-reel-du-rendement-energetique-de-lelectricite-dans-les-batteries-extremement-performantes-des-voitures-de-sport\/","og_site_name":"Comau","article_publisher":"https:\/\/www.facebook.com\/COMAU\/","article_modified_time":"2022-08-04T08:59:42+00:00","og_image":[{"width":1450,"height":450,"url":"https:\/\/www.comau.com\/wp-content\/uploads\/2022\/03\/Mira-Termography.jpg","type":"image\/jpeg"}],"twitter_card":"summary_large_image","twitter_site":"@comaugroup","twitter_misc":{"Dur\u00e9e de lecture estim\u00e9e":"4 minutes"},"schema":{"@context":"https:\/\/schema.org","@graph":[{"@type":"WebPage","@id":"https:\/\/www.comau.com\/fr\/about-us\/success-stories\/verification-en-temps-reel-du-rendement-energetique-de-lelectricite-dans-les-batteries-extremement-performantes-des-voitures-de-sport\/","url":"https:\/\/www.comau.com\/fr\/about-us\/success-stories\/verification-en-temps-reel-du-rendement-energetique-de-lelectricite-dans-les-batteries-extremement-performantes-des-voitures-de-sport\/","name":"V\u00e9rification en temps r\u00e9el du rendement \u00e9nerg\u00e9tique de l\u2019\u00e9lectricit\u00e9 dans les batteries extr\u00eamement performantes des voitures de sport - Comau","isPartOf":{"@id":"https:\/\/www.comau.com\/fr\/#website"},"primaryImageOfPage":{"@id":"https:\/\/www.comau.com\/fr\/about-us\/success-stories\/verification-en-temps-reel-du-rendement-energetique-de-lelectricite-dans-les-batteries-extremement-performantes-des-voitures-de-sport\/#primaryimage"},"image":{"@id":"https:\/\/www.comau.com\/fr\/about-us\/success-stories\/verification-en-temps-reel-du-rendement-energetique-de-lelectricite-dans-les-batteries-extremement-performantes-des-voitures-de-sport\/#primaryimage"},"thumbnailUrl":"https:\/\/www.comau.com\/wp-content\/uploads\/2022\/03\/Mira-Termography.jpg","datePublished":"2022-08-04T07:00:00+00:00","dateModified":"2022-08-04T08:59:42+00:00","breadcrumb":{"@id":"https:\/\/www.comau.com\/fr\/about-us\/success-stories\/verification-en-temps-reel-du-rendement-energetique-de-lelectricite-dans-les-batteries-extremement-performantes-des-voitures-de-sport\/#breadcrumb"},"inLanguage":"fr-FR","potentialAction":[{"@type":"ReadAction","target":["https:\/\/www.comau.com\/fr\/about-us\/success-stories\/verification-en-temps-reel-du-rendement-energetique-de-lelectricite-dans-les-batteries-extremement-performantes-des-voitures-de-sport\/"]}]},{"@type":"ImageObject","inLanguage":"fr-FR","@id":"https:\/\/www.comau.com\/fr\/about-us\/success-stories\/verification-en-temps-reel-du-rendement-energetique-de-lelectricite-dans-les-batteries-extremement-performantes-des-voitures-de-sport\/#primaryimage","url":"https:\/\/www.comau.com\/wp-content\/uploads\/2022\/03\/Mira-Termography.jpg","contentUrl":"https:\/\/www.comau.com\/wp-content\/uploads\/2022\/03\/Mira-Termography.jpg","width":1450,"height":450},{"@type":"BreadcrumbList","@id":"https:\/\/www.comau.com\/fr\/about-us\/success-stories\/verification-en-temps-reel-du-rendement-energetique-de-lelectricite-dans-les-batteries-extremement-performantes-des-voitures-de-sport\/#breadcrumb","itemListElement":[{"@type":"ListItem","position":1,"name":"Home","item":"https:\/\/www.comau.com\/fr\/"},{"@type":"ListItem","position":2,"name":"\u00c0 propos de Comau","item":"https:\/\/www.comau.com\/fr\/about-us\/"},{"@type":"ListItem","position":3,"name":"Success Stories","item":"https:\/\/www.comau.com\/fr\/about-us\/success-stories\/"},{"@type":"ListItem","position":4,"name":"V\u00e9rification en temps r\u00e9el du rendement \u00e9nerg\u00e9tique de l\u2019\u00e9lectricit\u00e9 dans les batteries extr\u00eamement performantes des voitures de sport"}]},{"@type":"WebSite","@id":"https:\/\/www.comau.com\/fr\/#website","url":"https:\/\/www.comau.com\/fr\/","name":"Comau","description":"Industrial automation and robotics","publisher":{"@id":"https:\/\/www.comau.com\/fr\/#organization"},"potentialAction":[{"@type":"SearchAction","target":{"@type":"EntryPoint","urlTemplate":"https:\/\/www.comau.com\/fr\/?s={search_term_string}"},"query-input":{"@type":"PropertyValueSpecification","valueRequired":true,"valueName":"search_term_string"}}],"inLanguage":"fr-FR"},{"@type":"Organization","@id":"https:\/\/www.comau.com\/fr\/#organization","name":"Comau","url":"https:\/\/www.comau.com\/fr\/","logo":{"@type":"ImageObject","inLanguage":"fr-FR","@id":"https:\/\/www.comau.com\/fr\/#\/schema\/logo\/image\/","url":"https:\/\/www.comau.com\/wp-content\/uploads\/2024\/07\/cropped-Logo-COMAU.png","contentUrl":"https:\/\/www.comau.com\/wp-content\/uploads\/2024\/07\/cropped-Logo-COMAU.png","width":434,"height":434,"caption":"Comau"},"image":{"@id":"https:\/\/www.comau.com\/fr\/#\/schema\/logo\/image\/"},"sameAs":["https:\/\/www.facebook.com\/COMAU\/","https:\/\/x.com\/comaugroup","https:\/\/www.instagram.com\/comaugroup\/","https:\/\/www.linkedin.com\/company\/comau","https:\/\/www.youtube.com\/user\/comau"]}]}},"_links":{"self":[{"href":"https:\/\/www.comau.com\/fr\/wp-json\/wp\/v2\/pages\/46730","targetHints":{"allow":["GET"]}}],"collection":[{"href":"https:\/\/www.comau.com\/fr\/wp-json\/wp\/v2\/pages"}],"about":[{"href":"https:\/\/www.comau.com\/fr\/wp-json\/wp\/v2\/types\/page"}],"author":[{"embeddable":true,"href":"https:\/\/www.comau.com\/fr\/wp-json\/wp\/v2\/users\/19"}],"replies":[{"embeddable":true,"href":"https:\/\/www.comau.com\/fr\/wp-json\/wp\/v2\/comments?post=46730"}],"version-history":[{"count":15,"href":"https:\/\/www.comau.com\/fr\/wp-json\/wp\/v2\/pages\/46730\/revisions"}],"predecessor-version":[{"id":47064,"href":"https:\/\/www.comau.com\/fr\/wp-json\/wp\/v2\/pages\/46730\/revisions\/47064"}],"up":[{"embeddable":true,"href":"https:\/\/www.comau.com\/fr\/wp-json\/wp\/v2\/pages\/41298"}],"wp:featuredmedia":[{"embeddable":true,"href":"https:\/\/www.comau.com\/fr\/wp-json\/wp\/v2\/media\/43825"}],"wp:attachment":[{"href":"https:\/\/www.comau.com\/fr\/wp-json\/wp\/v2\/media?parent=46730"}],"curies":[{"name":"wp","href":"https:\/\/api.w.org\/{rel}","templated":true}]}}