{"id":44819,"date":"2022-04-11T14:56:27","date_gmt":"2022-04-11T12:56:27","guid":{"rendered":"https:\/\/www.comau.com\/?page_id=44819"},"modified":"2023-05-31T10:15:18","modified_gmt":"2023-05-31T08:15:18","slug":"la-ligne-dassemblage-de-propulsion-electrique-de-comau-permet-a-geely-veremt-de-doubler-son-taux-dautomatisation","status":"publish","type":"page","link":"https:\/\/www.comau.com\/fr\/about-us\/success-stories\/la-ligne-dassemblage-de-propulsion-electrique-de-comau-permet-a-geely-veremt-de-doubler-son-taux-dautomatisation\/","title":{"rendered":"La ligne d\u2019assemblage de propulsion \u00e9lectrique de Comau permet \u00e0 Geely Vremt de doubler son taux d\u2019automatisation"},"content":{"rendered":"\n<div class=\"wp-block-group mt-5\"><div class=\"wp-block-group__inner-container is-layout-flow wp-block-group-is-layout-flow\">\n<p>La demande mondiale croissante de v\u00e9hicules \u00e0 faibles \u00e9missions am\u00e8ne Geely Automobile Holdings \u00e0 adopter des strat\u00e9gies de production de plus en plus innovantes, adapt\u00e9es aux besoins sp\u00e9cifiques de la fabrication de v\u00e9hicules \u00e9lectriques et hybrides. Pour atteindre cet objectif, le groupe Geely avait besoin d\u2019augmenter la production de composants de propulsion \u00e9lectrique haut de gamme. Il s\u2019est alors tourn\u00e9 vers Comau, expert de l\u2019automatisation industrielle, pour lui demander de mettre au point et installer une nouvelle ligne d\u2019assemblage de propulsion \u00e9lectrique, qui garantisse la production compl\u00e8te et rapide du moteur \u00e9lectrique, de la bo\u00eete de vitesses et de l\u2019inverseur dans l\u2019usine de Geely Vremt. Ce projet n\u00e9cessitait de faire passer le taux d\u2019automatisation de Geely de 40\u00a0% \u00e0 80\u00a0%, tout en respectant les normes de fabrication les plus exigeantes, m\u00eame \u00e0 pleine capacit\u00e9 de production, ce qui repr\u00e9sentait 120.000 pi\u00e8ces par an.<\/p>\n\n\n\n<figure class=\"wp-block-image size-full is-resized\"><img decoding=\"async\" src=\"https:\/\/www.comau.com\/wp-content\/uploads\/2022\/04\/Geely_car-3.jpg\" alt=\"\" class=\"wp-image-44913\" width=\"1169\" height=\"467\" srcset=\"https:\/\/www.comau.com\/wp-content\/uploads\/2022\/04\/Geely_car-3.jpg 840w, https:\/\/www.comau.com\/wp-content\/uploads\/2022\/04\/Geely_car-3-300x120.jpg 300w, https:\/\/www.comau.com\/wp-content\/uploads\/2022\/04\/Geely_car-3-768x306.jpg 768w\" sizes=\"(max-width: 1169px) 100vw, 1169px\" \/><\/figure>\n<\/div><\/div>\n\n\n\n<div class=\"wp-block-group wide-section-light-1 py-5 my-5\"><div class=\"wp-block-group__inner-container is-layout-flow wp-block-group-is-layout-flow\">\n<blockquote class=\"wp-block-quote success-story-quote is-layout-flow wp-block-quote-is-layout-flow\">\n<p>\u00ab\u00a0Il \u00e9tait clair d\u00e8s le d\u00e9but que notre objectif \u00e9tait de d\u00e9velopper la productivit\u00e9 sans sacrifier la fiabilit\u00e9, qui fait la renomm\u00e9e de la marque Zeekr dans le monde\u00a0\u00bb, souligne Sun Yongjing, vice-pr\u00e9sident de Geely Vremt. \u00ab\u00a0Gr\u00e2ce \u00e0 notre \u00e9troite collaboration avec Comau, nous avons enregistr\u00e9 une hausse importante de l\u2019agilit\u00e9 et du rendement de nos proc\u00e9d\u00e9s de production. De plus, les solutions d\u2019assemblage innovant et largement automatis\u00e9 nous ont permis de doubler notre capacit\u00e9, tout en garantissant la qualit\u00e9 exceptionnelle dont nos clients ont l\u2019habitude.\u00a0\u00bb<\/p>\n<cite><strong>Sun Yongjing, vice-pr\u00e9sident de Geely Vremt<\/strong><\/cite><\/blockquote>\n<\/div><\/div>\n\n\n\n<div class=\"wp-block-columns is-layout-flex wp-container-core-columns-is-layout-9d6595d7 wp-block-columns-is-layout-flex\">\n<div class=\"wp-block-column is-layout-flow wp-block-column-is-layout-flow\">\n<h2 class=\"h3 wp-block-heading\" id=\"the-challenge\">D\u00e9fi<\/h2>\n\n\n\n<p>Geely Vremt a mis Comau au d\u00e9fi de concevoir une solution d\u2019assemblage \u00e0 grande vitesse de la propulsion \u00e9lectrique, automatisant toute la production des moteurs \u00e9lectriques, bo\u00eetes de vitesses et inverseurs. Geely voulait \u00e9galement augmenter le niveau d\u2019automatisation globale de l\u2019usine et am\u00e9liorer l\u2019efficacit\u00e9 du flux op\u00e9rationnel. Enfin, le processus devait respecter des param\u00e8tres rigoureux de qualit\u00e9, m\u00eame avec une capacit\u00e9 de production vis\u00e9e de plus de 100.000 pi\u00e8ces par an.<\/p>\n\n\n\n<p>En raison du niveau \u00e9lev\u00e9 de complexit\u00e9, Comau et les ing\u00e9nieurs de Geely ont travaill\u00e9 en \u00e9troite synergie pendant tout le projet. Gr\u00e2ce \u00e0 sa vaste exp\u00e9rience dans l\u2019assemblage de groupe motopropulseur, Comau a combin\u00e9 technologie \u00e0 l\u2019avant-garde et innovation technique pour satisfaire les objectifs de production de masse du client. L\u2019\u00e9quipe mixte d\u2019ing\u00e9nierie a \u00e9galement \u00e9t\u00e9 confront\u00e9e \u00e0 des d\u00e9fis techniques et de process, notamment lorsqu\u2019elle a optimis\u00e9 les activit\u00e9s d\u2019insertion du bloc magn\u00e9tique et d\u2019injection du rotor, en plus de divers probl\u00e8mes d\u2019automatisation en rapport avec les phases de chargement, d\u2019assemblage et d\u2019essai \u00e0 grande vitesse.<\/p>\n<\/div>\n\n\n\n<div class=\"wp-block-column is-layout-flow wp-block-column-is-layout-flow\">\n<h2 class=\"h3 wp-block-heading\" id=\"the-solution\">Solution<\/h2>\n\n\n\n<p>L\u2019assemblage des rotors de moteur \u00e0 aimant permanent fait appel \u00e0 plusieurs robots, \u00e0 la magn\u00e9tisation automatique, \u00e0 la d\u00e9tection et \u00e0 des proc\u00e9d\u00e9s de production sp\u00e9ciaux. La ligne offre un positionnement et un guidage par vision en 3D, la pose automatis\u00e9e de l\u2019aimant \u00e0 grande vitesse, l\u2019injection automatique des noyaux de rotor, la correction automatique de l\u2019\u00e9quilibre dynamique dans les deux positions, la magn\u00e9tisation, et bien d\u2019autres choses.&nbsp;<\/p>\n\n\n\n<p>Pour automatiser la cha\u00eene de production de la bo\u00eete de vitesses, Comau a utilis\u00e9 un convoyeur Bosch TS2, un syst\u00e8me de production flexible et de multiples robots, qui effectuent le d\u00e9gerbage automatique en plus d\u2019autres processus cl\u00e9s. L\u2019essai d\u2019engrenage en ligne, le pressage asservi Kistler, l\u2019assemblage de l\u2019arbre et la technologie d\u2019encaissage ont \u00e9galement \u00e9t\u00e9 enti\u00e8rement automatis\u00e9s. Le niveau d\u2019automatisation et d\u2019innovation des proc\u00e9d\u00e9s de la ligne compte vraiment parmi les meilleurs de l\u2019industrie de fabrication des bo\u00eetes de vitesses pour la propulsion \u00e9lectrique.<\/p>\n\n\n\n<p>Comau a \u00e9galement automatis\u00e9 l\u2019assemblage de la propulsion \u00e9lectrique \u00e0 l\u2019aide d\u2019un plateau \u00e0 rouleaux. La ligne compl\u00e8te inclut un ensemble perfectionn\u00e9 trois-en-un pour le carter de stator du moteur, les chemises thermiques, les essais statiques et dynamiques du moteur, l\u2019alimentation et la mise en place automatiques des paliers par compression, l\u2019alimentation et le serrage automatiques des boulons, ainsi que la mesure automatique et le choix des joints.<\/p>\n\n\n\n<p>En plus de g\u00e9rer la complexit\u00e9 technique du projet, les installateurs ont d\u00fb g\u00e9rer les d\u00e9fis d\u2019approvisionnement li\u00e9s \u00e0 la pand\u00e9mie de COVID-19 et les modifications pour optimiser les produits apr\u00e8s la livraison. Cependant, gr\u00e2ce \u00e0 des r\u00e9ponses rapides et cibl\u00e9es, la production en s\u00e9rie a \u00e9t\u00e9 officiellement lanc\u00e9e fin 2021.&nbsp;&nbsp;<\/p>\n<\/div>\n<\/div>\n\n\n\n<div class=\"wp-block-group wide-section-light-1 py-5 my-5\"><div class=\"wp-block-group__inner-container is-layout-flow wp-block-group-is-layout-flow\">\n<h2 class=\"h2 wp-block-heading\" id=\"the-results\">R\u00e9sultats<\/h2>\n\n\n\n<p>Comau a fourni \u00e0 Geely une solution de production solide, qui garantit une meilleure qualit\u00e9 et un meilleur rendement en un temps plus court. La r\u00e9alisation de ce projet couronn\u00e9 de succ\u00e8s donne \u00e0 Geely l\u2019opportunit\u00e9 concr\u00e8te de tirer parti de l\u2019int\u00e9r\u00eat croissant suscit\u00e9 par les v\u00e9hicules \u00e9lectriques. Une \u00e9tude de march\u00e9 de IHS Market indique que les v\u00e9hicules \u00e9lectriques pourraient repr\u00e9senter jusqu\u2019\u00e0 80\u00a0% des ventes de nouvelles voitures d\u2019ici \u00e0 2050. Gr\u00e2ce \u00e0 l\u2019augmentation du taux d\u2019automatisation et de la production \u00e0 360\u00b0, l\u2019usine de Geely Vremt est pr\u00eate \u00e0 satisfaire cette demande mondiale. Le constructeur automobile peut \u00e9videmment compter sur le soutien continu de Comau pendant tout le cycle de vie du projet.<\/p>\n\n\n\n<div class=\"wp-block-columns is-layout-flex wp-container-core-columns-is-layout-9d6595d7 wp-block-columns-is-layout-flex\">\n<div class=\"wp-block-column is-layout-flow wp-block-column-is-layout-flow\">\n<div class=\"wp-block-getwid-counter\"><div class=\"wp-block-getwid-counter__wrapper\" data-start=\"2\" data-end=\"2\" data-decimal-places=\"0\" data-duration=\"3\" data-use-easing=\"true\" data-use-grouping=\"true\" data-separator=\",\" data-decimal=\".\" data-easing-fn=\"outExpo\" data-numerals=\"default\"><p class=\"wp-block-getwid-counter__prefix\">x<\/p><span class=\"wp-block-getwid-counter__number\">0<\/span><\/div><\/div>\n\n\n\n<p>taux d\u2019automatisation de l\u2019usine<\/p>\n<\/div>\n\n\n\n<div class=\"wp-block-column is-layout-flow wp-block-column-is-layout-flow\">\n<div class=\"wp-block-getwid-counter\"><div class=\"wp-block-getwid-counter__wrapper\" data-start=\"0\" data-end=\"120\" data-decimal-places=\"0\" data-duration=\"3\" data-use-easing=\"true\" data-use-grouping=\"true\" data-separator=\",\" data-decimal=\".\" data-easing-fn=\"outExpo\" data-numerals=\"default\"><span class=\"wp-block-getwid-counter__number\">0<\/span><p class=\"wp-block-getwid-counter__suffix\">k<\/p><\/div><\/div>\n\n\n\n<p>pi\u00e8ces peuvent \u00eatre r\u00e9alis\u00e9es chaque ann\u00e9e<\/p>\n<\/div>\n\n\n\n<div class=\"wp-block-column is-layout-flow wp-block-column-is-layout-flow\">\n<div class=\"wp-block-getwid-counter\"><div class=\"wp-block-getwid-counter__wrapper\" data-start=\"0\" data-end=\"360\" data-decimal-places=\"0\" data-duration=\"3\" data-use-easing=\"true\" data-use-grouping=\"true\" data-separator=\",\" data-decimal=\".\" data-easing-fn=\"outExpo\" data-numerals=\"default\"><span class=\"wp-block-getwid-counter__number\">0<\/span><\/div><\/div>\n\n\n\n<p>solution d\u2019assemblage \u00e0 grand vitesse<\/p>\n<\/div>\n<\/div>\n<\/div><\/div>\n","protected":false},"excerpt":{"rendered":"<p>La demande mondiale croissante de v\u00e9hicules \u00e0 faibles \u00e9missions am\u00e8ne Geely Automobile Holdings \u00e0 adopter des strat\u00e9gies de production de plus en plus innovantes, adapt\u00e9es aux besoins sp\u00e9cifiques de la fabrication de v\u00e9hicules \u00e9lectriques et hybrides. Pour atteindre cet objectif, le groupe Geely avait besoin d\u2019augmenter la production de composants de propulsion \u00e9lectrique haut de [&hellip;]<\/p>\n","protected":false},"author":15,"featured_media":44836,"parent":41298,"menu_order":10,"comment_status":"closed","ping_status":"closed","template":"","meta":{"_acf_changed":false,"ep_exclude_from_search":false,"footnotes":""},"class_list":["post-44819","page","type-page","status-publish","has-post-thumbnail","hentry"],"acf":[],"yoast_head":"<!-- This site is optimized with the Yoast SEO plugin v26.9 - https:\/\/yoast.com\/product\/yoast-seo-wordpress\/ -->\n<title>La ligne d\u2019assemblage de propulsion \u00e9lectrique de Comau permet \u00e0 Geely Vremt de doubler son taux d\u2019automatisation - Comau<\/title>\n<meta name=\"robots\" content=\"index, follow, max-snippet:-1, max-image-preview:large, max-video-preview:-1\" \/>\n<link rel=\"canonical\" href=\"https:\/\/www.comau.com\/fr\/about-us\/success-stories\/la-ligne-dassemblage-de-propulsion-electrique-de-comau-permet-a-geely-veremt-de-doubler-son-taux-dautomatisation\/\" \/>\n<meta property=\"og:locale\" content=\"fr_FR\" \/>\n<meta property=\"og:type\" content=\"article\" \/>\n<meta property=\"og:title\" content=\"La ligne d\u2019assemblage de propulsion \u00e9lectrique de Comau permet \u00e0 Geely Vremt de doubler son taux d\u2019automatisation - Comau\" \/>\n<meta property=\"og:description\" content=\"La demande mondiale croissante de v\u00e9hicules \u00e0 faibles \u00e9missions am\u00e8ne Geely Automobile Holdings \u00e0 adopter des strat\u00e9gies de production de plus en plus innovantes, adapt\u00e9es aux besoins sp\u00e9cifiques de la fabrication de v\u00e9hicules \u00e9lectriques et hybrides. Pour atteindre cet objectif, le groupe Geely avait besoin d\u2019augmenter la production de composants de propulsion \u00e9lectrique haut de [&hellip;]\" \/>\n<meta property=\"og:url\" content=\"https:\/\/www.comau.com\/fr\/about-us\/success-stories\/la-ligne-dassemblage-de-propulsion-electrique-de-comau-permet-a-geely-veremt-de-doubler-son-taux-dautomatisation\/\" \/>\n<meta property=\"og:site_name\" content=\"Comau\" \/>\n<meta property=\"article:publisher\" content=\"https:\/\/www.facebook.com\/COMAU\/\" \/>\n<meta property=\"article:modified_time\" content=\"2023-05-31T08:15:18+00:00\" \/>\n<meta property=\"og:image\" content=\"https:\/\/www.comau.com\/wp-content\/uploads\/2022\/04\/Comau_Geely-Veremt_electric-drive-assembly_HERO-scaled.jpg\" \/>\n\t<meta property=\"og:image:width\" content=\"2560\" \/>\n\t<meta property=\"og:image:height\" content=\"794\" \/>\n\t<meta property=\"og:image:type\" content=\"image\/jpeg\" \/>\n<meta name=\"twitter:card\" content=\"summary_large_image\" \/>\n<meta name=\"twitter:site\" content=\"@comaugroup\" \/>\n<meta name=\"twitter:label1\" content=\"Dur\u00e9e de lecture estim\u00e9e\" \/>\n\t<meta name=\"twitter:data1\" content=\"5 minutes\" \/>\n<script type=\"application\/ld+json\" class=\"yoast-schema-graph\">{\"@context\":\"https:\/\/schema.org\",\"@graph\":[{\"@type\":\"WebPage\",\"@id\":\"https:\/\/www.comau.com\/fr\/about-us\/success-stories\/la-ligne-dassemblage-de-propulsion-electrique-de-comau-permet-a-geely-veremt-de-doubler-son-taux-dautomatisation\/\",\"url\":\"https:\/\/www.comau.com\/fr\/about-us\/success-stories\/la-ligne-dassemblage-de-propulsion-electrique-de-comau-permet-a-geely-veremt-de-doubler-son-taux-dautomatisation\/\",\"name\":\"La ligne d\u2019assemblage de propulsion \u00e9lectrique de Comau permet \u00e0 Geely Vremt de doubler son taux d\u2019automatisation - Comau\",\"isPartOf\":{\"@id\":\"https:\/\/www.comau.com\/fr\/#website\"},\"primaryImageOfPage\":{\"@id\":\"https:\/\/www.comau.com\/fr\/about-us\/success-stories\/la-ligne-dassemblage-de-propulsion-electrique-de-comau-permet-a-geely-veremt-de-doubler-son-taux-dautomatisation\/#primaryimage\"},\"image\":{\"@id\":\"https:\/\/www.comau.com\/fr\/about-us\/success-stories\/la-ligne-dassemblage-de-propulsion-electrique-de-comau-permet-a-geely-veremt-de-doubler-son-taux-dautomatisation\/#primaryimage\"},\"thumbnailUrl\":\"https:\/\/www.comau.com\/wp-content\/uploads\/2022\/04\/Comau_Geely-Veremt_electric-drive-assembly_HERO-scaled.jpg\",\"datePublished\":\"2022-04-11T12:56:27+00:00\",\"dateModified\":\"2023-05-31T08:15:18+00:00\",\"breadcrumb\":{\"@id\":\"https:\/\/www.comau.com\/fr\/about-us\/success-stories\/la-ligne-dassemblage-de-propulsion-electrique-de-comau-permet-a-geely-veremt-de-doubler-son-taux-dautomatisation\/#breadcrumb\"},\"inLanguage\":\"fr-FR\",\"potentialAction\":[{\"@type\":\"ReadAction\",\"target\":[\"https:\/\/www.comau.com\/fr\/about-us\/success-stories\/la-ligne-dassemblage-de-propulsion-electrique-de-comau-permet-a-geely-veremt-de-doubler-son-taux-dautomatisation\/\"]}]},{\"@type\":\"ImageObject\",\"inLanguage\":\"fr-FR\",\"@id\":\"https:\/\/www.comau.com\/fr\/about-us\/success-stories\/la-ligne-dassemblage-de-propulsion-electrique-de-comau-permet-a-geely-veremt-de-doubler-son-taux-dautomatisation\/#primaryimage\",\"url\":\"https:\/\/www.comau.com\/wp-content\/uploads\/2022\/04\/Comau_Geely-Veremt_electric-drive-assembly_HERO-scaled.jpg\",\"contentUrl\":\"https:\/\/www.comau.com\/wp-content\/uploads\/2022\/04\/Comau_Geely-Veremt_electric-drive-assembly_HERO-scaled.jpg\",\"width\":2560,\"height\":794},{\"@type\":\"BreadcrumbList\",\"@id\":\"https:\/\/www.comau.com\/fr\/about-us\/success-stories\/la-ligne-dassemblage-de-propulsion-electrique-de-comau-permet-a-geely-veremt-de-doubler-son-taux-dautomatisation\/#breadcrumb\",\"itemListElement\":[{\"@type\":\"ListItem\",\"position\":1,\"name\":\"Home\",\"item\":\"https:\/\/www.comau.com\/fr\/\"},{\"@type\":\"ListItem\",\"position\":2,\"name\":\"\u00c0 propos de Comau\",\"item\":\"https:\/\/www.comau.com\/fr\/about-us\/\"},{\"@type\":\"ListItem\",\"position\":3,\"name\":\"Success Stories\",\"item\":\"https:\/\/www.comau.com\/fr\/about-us\/success-stories\/\"},{\"@type\":\"ListItem\",\"position\":4,\"name\":\"La ligne d\u2019assemblage de propulsion \u00e9lectrique de Comau permet \u00e0 Geely Vremt de doubler son taux d\u2019automatisation\"}]},{\"@type\":\"WebSite\",\"@id\":\"https:\/\/www.comau.com\/fr\/#website\",\"url\":\"https:\/\/www.comau.com\/fr\/\",\"name\":\"Comau\",\"description\":\"Industrial automation and robotics\",\"publisher\":{\"@id\":\"https:\/\/www.comau.com\/fr\/#organization\"},\"potentialAction\":[{\"@type\":\"SearchAction\",\"target\":{\"@type\":\"EntryPoint\",\"urlTemplate\":\"https:\/\/www.comau.com\/fr\/?s={search_term_string}\"},\"query-input\":{\"@type\":\"PropertyValueSpecification\",\"valueRequired\":true,\"valueName\":\"search_term_string\"}}],\"inLanguage\":\"fr-FR\"},{\"@type\":\"Organization\",\"@id\":\"https:\/\/www.comau.com\/fr\/#organization\",\"name\":\"Comau\",\"url\":\"https:\/\/www.comau.com\/fr\/\",\"logo\":{\"@type\":\"ImageObject\",\"inLanguage\":\"fr-FR\",\"@id\":\"https:\/\/www.comau.com\/fr\/#\/schema\/logo\/image\/\",\"url\":\"https:\/\/www.comau.com\/wp-content\/uploads\/2024\/07\/cropped-Logo-COMAU.png\",\"contentUrl\":\"https:\/\/www.comau.com\/wp-content\/uploads\/2024\/07\/cropped-Logo-COMAU.png\",\"width\":434,\"height\":434,\"caption\":\"Comau\"},\"image\":{\"@id\":\"https:\/\/www.comau.com\/fr\/#\/schema\/logo\/image\/\"},\"sameAs\":[\"https:\/\/www.facebook.com\/COMAU\/\",\"https:\/\/x.com\/comaugroup\",\"https:\/\/www.instagram.com\/comaugroup\/\",\"https:\/\/www.linkedin.com\/company\/comau\",\"https:\/\/www.youtube.com\/user\/comau\"]}]}<\/script>\n<!-- \/ Yoast SEO plugin. -->","yoast_head_json":{"title":"La ligne d\u2019assemblage de propulsion \u00e9lectrique de Comau permet \u00e0 Geely Vremt de doubler son taux d\u2019automatisation - Comau","robots":{"index":"index","follow":"follow","max-snippet":"max-snippet:-1","max-image-preview":"max-image-preview:large","max-video-preview":"max-video-preview:-1"},"canonical":"https:\/\/www.comau.com\/fr\/about-us\/success-stories\/la-ligne-dassemblage-de-propulsion-electrique-de-comau-permet-a-geely-veremt-de-doubler-son-taux-dautomatisation\/","og_locale":"fr_FR","og_type":"article","og_title":"La ligne d\u2019assemblage de propulsion \u00e9lectrique de Comau permet \u00e0 Geely Vremt de doubler son taux d\u2019automatisation - Comau","og_description":"La demande mondiale croissante de v\u00e9hicules \u00e0 faibles \u00e9missions am\u00e8ne Geely Automobile Holdings \u00e0 adopter des strat\u00e9gies de production de plus en plus innovantes, adapt\u00e9es aux besoins sp\u00e9cifiques de la fabrication de v\u00e9hicules \u00e9lectriques et hybrides. Pour atteindre cet objectif, le groupe Geely avait besoin d\u2019augmenter la production de composants de propulsion \u00e9lectrique haut de [&hellip;]","og_url":"https:\/\/www.comau.com\/fr\/about-us\/success-stories\/la-ligne-dassemblage-de-propulsion-electrique-de-comau-permet-a-geely-veremt-de-doubler-son-taux-dautomatisation\/","og_site_name":"Comau","article_publisher":"https:\/\/www.facebook.com\/COMAU\/","article_modified_time":"2023-05-31T08:15:18+00:00","og_image":[{"width":2560,"height":794,"url":"https:\/\/www.comau.com\/wp-content\/uploads\/2022\/04\/Comau_Geely-Veremt_electric-drive-assembly_HERO-scaled.jpg","type":"image\/jpeg"}],"twitter_card":"summary_large_image","twitter_site":"@comaugroup","twitter_misc":{"Dur\u00e9e de lecture estim\u00e9e":"5 minutes"},"schema":{"@context":"https:\/\/schema.org","@graph":[{"@type":"WebPage","@id":"https:\/\/www.comau.com\/fr\/about-us\/success-stories\/la-ligne-dassemblage-de-propulsion-electrique-de-comau-permet-a-geely-veremt-de-doubler-son-taux-dautomatisation\/","url":"https:\/\/www.comau.com\/fr\/about-us\/success-stories\/la-ligne-dassemblage-de-propulsion-electrique-de-comau-permet-a-geely-veremt-de-doubler-son-taux-dautomatisation\/","name":"La ligne d\u2019assemblage de propulsion \u00e9lectrique de Comau permet \u00e0 Geely Vremt de doubler son taux d\u2019automatisation - Comau","isPartOf":{"@id":"https:\/\/www.comau.com\/fr\/#website"},"primaryImageOfPage":{"@id":"https:\/\/www.comau.com\/fr\/about-us\/success-stories\/la-ligne-dassemblage-de-propulsion-electrique-de-comau-permet-a-geely-veremt-de-doubler-son-taux-dautomatisation\/#primaryimage"},"image":{"@id":"https:\/\/www.comau.com\/fr\/about-us\/success-stories\/la-ligne-dassemblage-de-propulsion-electrique-de-comau-permet-a-geely-veremt-de-doubler-son-taux-dautomatisation\/#primaryimage"},"thumbnailUrl":"https:\/\/www.comau.com\/wp-content\/uploads\/2022\/04\/Comau_Geely-Veremt_electric-drive-assembly_HERO-scaled.jpg","datePublished":"2022-04-11T12:56:27+00:00","dateModified":"2023-05-31T08:15:18+00:00","breadcrumb":{"@id":"https:\/\/www.comau.com\/fr\/about-us\/success-stories\/la-ligne-dassemblage-de-propulsion-electrique-de-comau-permet-a-geely-veremt-de-doubler-son-taux-dautomatisation\/#breadcrumb"},"inLanguage":"fr-FR","potentialAction":[{"@type":"ReadAction","target":["https:\/\/www.comau.com\/fr\/about-us\/success-stories\/la-ligne-dassemblage-de-propulsion-electrique-de-comau-permet-a-geely-veremt-de-doubler-son-taux-dautomatisation\/"]}]},{"@type":"ImageObject","inLanguage":"fr-FR","@id":"https:\/\/www.comau.com\/fr\/about-us\/success-stories\/la-ligne-dassemblage-de-propulsion-electrique-de-comau-permet-a-geely-veremt-de-doubler-son-taux-dautomatisation\/#primaryimage","url":"https:\/\/www.comau.com\/wp-content\/uploads\/2022\/04\/Comau_Geely-Veremt_electric-drive-assembly_HERO-scaled.jpg","contentUrl":"https:\/\/www.comau.com\/wp-content\/uploads\/2022\/04\/Comau_Geely-Veremt_electric-drive-assembly_HERO-scaled.jpg","width":2560,"height":794},{"@type":"BreadcrumbList","@id":"https:\/\/www.comau.com\/fr\/about-us\/success-stories\/la-ligne-dassemblage-de-propulsion-electrique-de-comau-permet-a-geely-veremt-de-doubler-son-taux-dautomatisation\/#breadcrumb","itemListElement":[{"@type":"ListItem","position":1,"name":"Home","item":"https:\/\/www.comau.com\/fr\/"},{"@type":"ListItem","position":2,"name":"\u00c0 propos de Comau","item":"https:\/\/www.comau.com\/fr\/about-us\/"},{"@type":"ListItem","position":3,"name":"Success Stories","item":"https:\/\/www.comau.com\/fr\/about-us\/success-stories\/"},{"@type":"ListItem","position":4,"name":"La ligne d\u2019assemblage de propulsion \u00e9lectrique de Comau permet \u00e0 Geely Vremt de doubler son taux d\u2019automatisation"}]},{"@type":"WebSite","@id":"https:\/\/www.comau.com\/fr\/#website","url":"https:\/\/www.comau.com\/fr\/","name":"Comau","description":"Industrial automation and robotics","publisher":{"@id":"https:\/\/www.comau.com\/fr\/#organization"},"potentialAction":[{"@type":"SearchAction","target":{"@type":"EntryPoint","urlTemplate":"https:\/\/www.comau.com\/fr\/?s={search_term_string}"},"query-input":{"@type":"PropertyValueSpecification","valueRequired":true,"valueName":"search_term_string"}}],"inLanguage":"fr-FR"},{"@type":"Organization","@id":"https:\/\/www.comau.com\/fr\/#organization","name":"Comau","url":"https:\/\/www.comau.com\/fr\/","logo":{"@type":"ImageObject","inLanguage":"fr-FR","@id":"https:\/\/www.comau.com\/fr\/#\/schema\/logo\/image\/","url":"https:\/\/www.comau.com\/wp-content\/uploads\/2024\/07\/cropped-Logo-COMAU.png","contentUrl":"https:\/\/www.comau.com\/wp-content\/uploads\/2024\/07\/cropped-Logo-COMAU.png","width":434,"height":434,"caption":"Comau"},"image":{"@id":"https:\/\/www.comau.com\/fr\/#\/schema\/logo\/image\/"},"sameAs":["https:\/\/www.facebook.com\/COMAU\/","https:\/\/x.com\/comaugroup","https:\/\/www.instagram.com\/comaugroup\/","https:\/\/www.linkedin.com\/company\/comau","https:\/\/www.youtube.com\/user\/comau"]}]}},"_links":{"self":[{"href":"https:\/\/www.comau.com\/fr\/wp-json\/wp\/v2\/pages\/44819","targetHints":{"allow":["GET"]}}],"collection":[{"href":"https:\/\/www.comau.com\/fr\/wp-json\/wp\/v2\/pages"}],"about":[{"href":"https:\/\/www.comau.com\/fr\/wp-json\/wp\/v2\/types\/page"}],"author":[{"embeddable":true,"href":"https:\/\/www.comau.com\/fr\/wp-json\/wp\/v2\/users\/15"}],"replies":[{"embeddable":true,"href":"https:\/\/www.comau.com\/fr\/wp-json\/wp\/v2\/comments?post=44819"}],"version-history":[{"count":6,"href":"https:\/\/www.comau.com\/fr\/wp-json\/wp\/v2\/pages\/44819\/revisions"}],"predecessor-version":[{"id":54085,"href":"https:\/\/www.comau.com\/fr\/wp-json\/wp\/v2\/pages\/44819\/revisions\/54085"}],"up":[{"embeddable":true,"href":"https:\/\/www.comau.com\/fr\/wp-json\/wp\/v2\/pages\/41298"}],"wp:featuredmedia":[{"embeddable":true,"href":"https:\/\/www.comau.com\/fr\/wp-json\/wp\/v2\/media\/44836"}],"wp:attachment":[{"href":"https:\/\/www.comau.com\/fr\/wp-json\/wp\/v2\/media?parent=44819"}],"curies":[{"name":"wp","href":"https:\/\/api.w.org\/{rel}","templated":true}]}}