{"id":44381,"date":"2022-04-01T09:55:32","date_gmt":"2022-04-01T07:55:32","guid":{"rendered":"https:\/\/www.comau.com\/?page_id=44381"},"modified":"2022-04-05T10:25:13","modified_gmt":"2022-04-05T08:25:13","slug":"c5g-plus","status":"publish","type":"page","link":"https:\/\/www.comau.com\/fr\/competencies\/products-solutions\/controls-auxiliary-equipment\/c5g-plus\/","title":{"rendered":"C5G Plus"},"content":{"rendered":"\n<h2 class=\"wp-block-heading\">Tous vos besoins sous contr\u00f4le<\/h2>\n\n\n\n<p>Syst\u00e8me modulaire \u00e0 traitement rapide pour unit\u00e9s de commande, E\/S et bus de champ, espace libre et ergonomique pour l&rsquo;int\u00e9gration de fonctions d&rsquo;application, dimensions compactes. Tous vos besoins sous contr\u00f4le.<\/p>\n\n\n\n<h2 class=\"wp-block-heading\">Haute puissance de traitement<\/h2>\n\n\n\n<p>Le CG5 utilise la toute derni\u00e8re g\u00e9n\u00e9ration de PC industriels APC820 avec la technologie de CPU Core2 Duo, atteignant des performances \u00e9lev\u00e9es tout en consommant peu d&rsquo;\u00e9nergie.<\/p>\n\n\n\n<div class=\"wp-block-image\"><figure class=\"aligncenter size-large is-resized\"><img decoding=\"async\" src=\"https:\/\/www.comau.com\/wp-content\/uploads\/2022\/04\/C5G-Plus-816x1024.jpg\" alt=\"\" class=\"wp-image-44398\" width=\"408\" height=\"512\" srcset=\"https:\/\/www.comau.com\/wp-content\/uploads\/2022\/04\/C5G-Plus-816x1024.jpg 816w, https:\/\/www.comau.com\/wp-content\/uploads\/2022\/04\/C5G-Plus-239x300.jpg 239w, https:\/\/www.comau.com\/wp-content\/uploads\/2022\/04\/C5G-Plus-768x964.jpg 768w, https:\/\/www.comau.com\/wp-content\/uploads\/2022\/04\/C5G-Plus-1224x1536.jpg 1224w, https:\/\/www.comau.com\/wp-content\/uploads\/2022\/04\/C5G-Plus.jpg 1253w\" sizes=\"(max-width: 408px) 100vw, 408px\" \/><\/figure><\/div>\n\n\n\n<h2 class=\"wp-block-heading\">\u00c9conomies d&rsquo;\u00e9nergie<\/h2>\n\n\n\n<ul class=\"wp-block-list\"><li>La plus basse consommation en veille, faible consommation pendant le fonctionnement<\/li><li>Syst\u00e8me de refroidissement proportionnel au fonctionnement de l&rsquo;unit\u00e9 de commande<\/li><li>Syst\u00e8me de r\u00e9cup\u00e9ration d&rsquo;\u00e9nergie du r\u00e9seau avec programme de contenu hautement dynamique<\/li><\/ul>\n\n\n\n<h2 class=\"wp-block-heading\">Flexibilit\u00e9 et fiabilit\u00e9<\/h2>\n\n\n\n<p>La nouvelle g\u00e9n\u00e9ration de bus de champ bas\u00e9e sur la technologie Hilscher, int\u00e9gr\u00e9e par B&amp;R dans leur gamme X20 E\/S \u00e0 distance, garantit une interface flexible et fiable dans toute application client. Des interfaces modulaires sont disponibles, telles que des E\/S num\u00e9riques, des E\/S analogiques et pour toutes sortes de transducteur de position, encodeur, r\u00e9solveur etc.<\/p>\n\n\n\n<h2 class=\"wp-block-heading\">RobotSAFE<\/h2>\n\n\n\n<p>Les mod\u00e8les de contr\u00f4leur de robot Safe permettent une gestion s\u00e9curis\u00e9e du mouvement du robot (mode joint ou cart\u00e9sien) et des capteurs de vitesse, ce qui pr\u00e9sente l&rsquo;avantage de permettre des disposition plus petites et une absence de barri\u00e8res physiques. Nous garantissons la s\u00e9curit\u00e9 de votre cellule automatique sans affecter votre productivit\u00e9.<\/p>\n\n\n\n<h2 class=\"wp-block-heading\">Modularit\u00e9 \/ expansibilit\u00e9<\/h2>\n\n\n\n<p>Syst\u00e8me modulaire pour entra\u00eenements jusqu&rsquo;\u00e0 13 axes dans la fonction d&rsquo;armoire de base de l&rsquo;alimentation, et mod\u00e8le de robot.<\/p>\n\n\n\n<h2 class=\"wp-block-heading\">Gestion simultan\u00e9e de plusieurs robots<\/h2>\n\n\n\n<p>Architecture mat\u00e9rielle con\u00e7ue pour g\u00e9rer jusqu&rsquo;\u00e0 16 axes dans une configuration \u00e0 plusieurs bras, avec Application box.<\/p>\n\n\n\n<h2 class=\"wp-block-heading\">Bo\u00eetier et c\u00e2ble<\/h2>\n\n\n\n<p>Syst\u00e8me modulaire pour unit\u00e9s d&rsquo;entra\u00eenement et E\/S et bus de champ<br>Espace libre et ergonomique pour l&rsquo;int\u00e9gration des fonctions d&rsquo;application<br>Syst\u00e8me d&rsquo;\u00e9conomie d&rsquo;\u00e9nergie<br>\u00c9galement disponible en version s\u00e9curis\u00e9e<br>\u00c9galement disponible en version contr\u00f4leur ouvert<\/p>\n\n\n\n<h2 class=\"wp-block-heading\">Principales caract\u00e9ristiques techniques<\/h2>\n\n\n\n<ul class=\"wp-block-list\"><li>Dimensions : 800x500x1 100 mm<\/li><li>Temp\u00e9rature de service : 5 \u00e0 45 \u00b0C (5 \u00e0 55 \u00b0C avec refroidisseur)<\/li><li>Humidit\u00e9 : 90 % max, sans condensation<\/li><li>Plage de puissance r\u00e9seau \u00e9tendue : de 400 \u00e0 500 V<\/li><\/ul>\n\n\n\n<h2 class=\"wp-block-heading\">Caract\u00e9ristiques techniques<\/h2>\n\n\n\n<figure class=\"wp-block-table is-style-stripes\"><table class=\"has-fixed-layout\"><tbody><tr><td><strong>Dimensions<\/strong><\/td><td class=\"has-text-align-center\" data-align=\"center\"><br><\/td><\/tr><tr><td>Height x Width x Depth (standard version without options)<\/td><td class=\"has-text-align-center\" data-align=\"center\">1110 x 800 x 510 mm<br>43.31x 31.50 x 20.08 in<\/td><\/tr><tr><td><strong>Weight<\/strong><\/td><td class=\"has-text-align-center\" data-align=\"center\"><\/td><\/tr><tr><td>Control Unit (standard version) <br>The indicated weight is for Control Unit of Size 3; it may differ slightly depending on the configuration. Always refer to the nameplate posted on the Control Unit<\/td><td class=\"has-text-align-center\" data-align=\"center\">109 kg \/ 240.30 lb without packaging<\/td><\/tr><tr><td><strong>Power Supply Data<\/strong><\/td><td class=\"has-text-align-center\" data-align=\"center\"><\/td><\/tr><tr><td>Power supply voltage<\/td><td class=\"has-text-align-center\" data-align=\"center\">From 400 Vac to 480 Vac \u00b1 10% <\/td><\/tr><tr><td>Frequency<\/td><td class=\"has-text-align-center\" data-align=\"center\">50 to 60 Hz (\u00b12 Hz)<\/td><\/tr><tr><td>Main switch breaking capacity<\/td><td class=\"has-text-align-center\" data-align=\"center\">7.5 kA to 400 V<\/td><\/tr><tr><td>Power installed<\/td><td class=\"has-text-align-center\" data-align=\"center\">from 4 kVA to 12 kVA<\/td><\/tr><tr><td>Auxiliary circuits voltage<\/td><td class=\"has-text-align-center\" data-align=\"center\">24 Vdc<\/td><\/tr><\/tbody><\/table><\/figure>\n\n\n\n<figure class=\"wp-block-table is-style-stripes\"><table class=\"has-fixed-layout\"><tbody><tr><td><strong>Environmental conditions<\/strong><\/td><td class=\"has-text-align-center\" data-align=\"center\"><\/td><\/tr><tr><td>Cabinet protection (rear compartment disabled)<\/td><td class=\"has-text-align-center\" data-align=\"center\">IP 54<\/td><\/tr><tr><td>Rear compartment protection<\/td><td class=\"has-text-align-center\" data-align=\"center\">IP 2x<\/td><\/tr><tr><td>Room temperature with standard ventilation system<\/td><td class=\"has-text-align-center\" data-align=\"center\">from +5 \u00b0C to +45 \u00b0C*<br>from +41 \u00b0F to 113 \u00b0F<\/td><\/tr><tr><td>Room temperature with air conditioner option<\/td><td class=\"has-text-align-center\" data-align=\"center\">from +5 \u00b0C to +55 \u00b0C *\u00b2<br>from +41 \u00b0F to 131 \u00b0F<\/td><\/tr><tr><td>Environment storage temperature<\/td><td class=\"has-text-align-center\" data-align=\"center\">from -25 \u00b0C to +55 \u00b0C<br>from -13 \u00b0F to 131 \u00b0F<br>+70 \u00b0C \/ 158 \u00b0F for periods shorter than one hour.<\/td><\/tr><tr><td>Maximum temperature gradient<\/td><td class=\"has-text-align-center\" data-align=\"center\">1,5 \u00b0C\/minute<br>2,7 \u00b0F\/minute<\/td><\/tr><tr><td>Relative humidity<br>(according to standard EN 60204-1 \u00a7 4.4.4, test conditions HD 323.2.3.<br>S2)<\/td><td class=\"has-text-align-center\" data-align=\"center\">from 5% to 95% without condensate<\/td><\/tr><tr><td>Altitude of the installation site<br>(according to standard EN 60204-1 \u00a7 4.4.5)<\/td><td class=\"has-text-align-center\" data-align=\"center\">from 0 to 1.000 m \/ 0 to 3280 ft<br>above sea level<\/td><\/tr><\/tbody><\/table><\/figure>\n\n\n\n<figure class=\"wp-block-table is-style-stripes\"><table class=\"has-fixed-layout\"><tbody><tr><td><strong>Controllable axes<\/strong><\/td><td class=\"has-text-align-center\" data-align=\"center\"><\/td><\/tr><tr><td>Total of the system<\/td><td class=\"has-text-align-center\" data-align=\"center\">up to 15 axes<\/td><\/tr><tr><td>With Robosafe functionality*\u00b2<\/td><td class=\"has-text-align-center\" data-align=\"center\">up to 7 axes (6 axes of the Robot + 1 additional<br>axis)<\/td><\/tr><tr><td><strong>Vibrations and shocks during transportation<\/strong><\/td><td class=\"has-text-align-center\" data-align=\"center\"><\/td><\/tr><tr><td>Sinusoidal vibration<br>(according to standard EN 60068-2-64)<\/td><td class=\"has-text-align-center\" data-align=\"center\">Frequency 10 &#8211; 250 Hz<br>0.6 g rms axis Z acceleration<br>0.2 g rms axes X-Y acceleration<\/td><\/tr><\/tbody><\/table><\/figure>\n\n\n\n<figure class=\"wp-block-table is-style-stripes\"><table class=\"has-fixed-layout\"><tbody><tr><td><strong>Colour<\/strong><\/td><td class=\"has-text-align-right\" data-align=\"right\"><\/td><\/tr><tr><td>Cabinet body, varnished parts<\/td><td class=\"has-text-align-right\" data-align=\"right\">RAL 7024<\/td><\/tr><\/tbody><\/table><\/figure>\n","protected":false},"excerpt":{"rendered":"<p>Tous vos besoins sous contr\u00f4le Syst\u00e8me modulaire \u00e0 traitement rapide pour unit\u00e9s de commande, E\/S et bus de champ, espace libre et ergonomique pour l&rsquo;int\u00e9gration de fonctions d&rsquo;application, dimensions compactes. Tous vos besoins sous contr\u00f4le. Haute puissance de traitement Le CG5 utilise la toute derni\u00e8re g\u00e9n\u00e9ration de PC industriels APC820 avec la technologie de CPU [&hellip;]<\/p>\n","protected":false},"author":7,"featured_media":44392,"parent":5976,"menu_order":1,"comment_status":"closed","ping_status":"closed","template":"","meta":{"_acf_changed":false,"ep_exclude_from_search":false,"footnotes":""},"class_list":["post-44381","page","type-page","status-publish","has-post-thumbnail","hentry"],"acf":[],"yoast_head":"<!-- This site is optimized with the Yoast SEO plugin v26.9 - https:\/\/yoast.com\/product\/yoast-seo-wordpress\/ -->\n<title>C5G Plus - Comau<\/title>\n<meta name=\"robots\" content=\"index, follow, max-snippet:-1, max-image-preview:large, max-video-preview:-1\" \/>\n<link rel=\"canonical\" href=\"https:\/\/www.comau.com\/fr\/competencies\/products-solutions\/controls-auxiliary-equipment\/c5g-plus\/\" \/>\n<meta property=\"og:locale\" content=\"fr_FR\" \/>\n<meta property=\"og:type\" content=\"article\" \/>\n<meta property=\"og:title\" content=\"C5G Plus - Comau\" \/>\n<meta property=\"og:description\" content=\"Tous vos besoins sous contr\u00f4le Syst\u00e8me modulaire \u00e0 traitement rapide pour unit\u00e9s de commande, E\/S et bus de champ, espace libre et ergonomique pour l&rsquo;int\u00e9gration de fonctions d&rsquo;application, dimensions compactes. Tous vos besoins sous contr\u00f4le. Haute puissance de traitement Le CG5 utilise la toute derni\u00e8re g\u00e9n\u00e9ration de PC industriels APC820 avec la technologie de CPU [&hellip;]\" \/>\n<meta property=\"og:url\" content=\"https:\/\/www.comau.com\/fr\/competencies\/products-solutions\/controls-auxiliary-equipment\/c5g-plus\/\" \/>\n<meta property=\"og:site_name\" content=\"Comau\" \/>\n<meta property=\"article:publisher\" content=\"https:\/\/www.facebook.com\/COMAU\/\" \/>\n<meta property=\"article:modified_time\" content=\"2022-04-05T08:25:13+00:00\" \/>\n<meta property=\"og:image\" content=\"https:\/\/www.comau.com\/wp-content\/uploads\/2022\/04\/CG5plus_header.jpg\" \/>\n\t<meta property=\"og:image:width\" content=\"1280\" \/>\n\t<meta property=\"og:image:height\" content=\"485\" \/>\n\t<meta property=\"og:image:type\" content=\"image\/jpeg\" \/>\n<meta name=\"twitter:card\" content=\"summary_large_image\" \/>\n<meta name=\"twitter:site\" content=\"@comaugroup\" \/>\n<meta name=\"twitter:label1\" content=\"Dur\u00e9e de lecture estim\u00e9e\" \/>\n\t<meta name=\"twitter:data1\" content=\"3 minutes\" \/>\n<script type=\"application\/ld+json\" class=\"yoast-schema-graph\">{\"@context\":\"https:\/\/schema.org\",\"@graph\":[{\"@type\":\"WebPage\",\"@id\":\"https:\/\/www.comau.com\/fr\/competencies\/products-solutions\/controls-auxiliary-equipment\/c5g-plus\/\",\"url\":\"https:\/\/www.comau.com\/fr\/competencies\/products-solutions\/controls-auxiliary-equipment\/c5g-plus\/\",\"name\":\"C5G Plus - Comau\",\"isPartOf\":{\"@id\":\"https:\/\/www.comau.com\/fr\/#website\"},\"primaryImageOfPage\":{\"@id\":\"https:\/\/www.comau.com\/fr\/competencies\/products-solutions\/controls-auxiliary-equipment\/c5g-plus\/#primaryimage\"},\"image\":{\"@id\":\"https:\/\/www.comau.com\/fr\/competencies\/products-solutions\/controls-auxiliary-equipment\/c5g-plus\/#primaryimage\"},\"thumbnailUrl\":\"https:\/\/www.comau.com\/wp-content\/uploads\/2022\/04\/CG5plus_header.jpg\",\"datePublished\":\"2022-04-01T07:55:32+00:00\",\"dateModified\":\"2022-04-05T08:25:13+00:00\",\"breadcrumb\":{\"@id\":\"https:\/\/www.comau.com\/fr\/competencies\/products-solutions\/controls-auxiliary-equipment\/c5g-plus\/#breadcrumb\"},\"inLanguage\":\"fr-FR\",\"potentialAction\":[{\"@type\":\"ReadAction\",\"target\":[\"https:\/\/www.comau.com\/fr\/competencies\/products-solutions\/controls-auxiliary-equipment\/c5g-plus\/\"]}]},{\"@type\":\"ImageObject\",\"inLanguage\":\"fr-FR\",\"@id\":\"https:\/\/www.comau.com\/fr\/competencies\/products-solutions\/controls-auxiliary-equipment\/c5g-plus\/#primaryimage\",\"url\":\"https:\/\/www.comau.com\/wp-content\/uploads\/2022\/04\/CG5plus_header.jpg\",\"contentUrl\":\"https:\/\/www.comau.com\/wp-content\/uploads\/2022\/04\/CG5plus_header.jpg\",\"width\":1280,\"height\":485},{\"@type\":\"BreadcrumbList\",\"@id\":\"https:\/\/www.comau.com\/fr\/competencies\/products-solutions\/controls-auxiliary-equipment\/c5g-plus\/#breadcrumb\",\"itemListElement\":[{\"@type\":\"ListItem\",\"position\":1,\"name\":\"Home\",\"item\":\"https:\/\/www.comau.com\/fr\/\"},{\"@type\":\"ListItem\",\"position\":2,\"name\":\"Nos comp\u00e9tences\",\"item\":\"https:\/\/www.comau.com\/fr\/competencies\/\"},{\"@type\":\"ListItem\",\"position\":3,\"name\":\"Robotics &amp; Automation\",\"item\":\"https:\/\/www.comau.com\/fr\/competencies\/robotics-automation\/\"},{\"@type\":\"ListItem\",\"position\":4,\"name\":\"Controls et \u00c9quipement auxiliaire\",\"item\":\"https:\/\/www.comau.com\/fr\/competencies\/robotics-automation\/controls-auxiliary-equipment\/\"},{\"@type\":\"ListItem\",\"position\":5,\"name\":\"C5G Plus\"}]},{\"@type\":\"WebSite\",\"@id\":\"https:\/\/www.comau.com\/fr\/#website\",\"url\":\"https:\/\/www.comau.com\/fr\/\",\"name\":\"Comau\",\"description\":\"Industrial automation and robotics\",\"publisher\":{\"@id\":\"https:\/\/www.comau.com\/fr\/#organization\"},\"potentialAction\":[{\"@type\":\"SearchAction\",\"target\":{\"@type\":\"EntryPoint\",\"urlTemplate\":\"https:\/\/www.comau.com\/fr\/?s={search_term_string}\"},\"query-input\":{\"@type\":\"PropertyValueSpecification\",\"valueRequired\":true,\"valueName\":\"search_term_string\"}}],\"inLanguage\":\"fr-FR\"},{\"@type\":\"Organization\",\"@id\":\"https:\/\/www.comau.com\/fr\/#organization\",\"name\":\"Comau\",\"url\":\"https:\/\/www.comau.com\/fr\/\",\"logo\":{\"@type\":\"ImageObject\",\"inLanguage\":\"fr-FR\",\"@id\":\"https:\/\/www.comau.com\/fr\/#\/schema\/logo\/image\/\",\"url\":\"https:\/\/www.comau.com\/wp-content\/uploads\/2024\/07\/cropped-Logo-COMAU.png\",\"contentUrl\":\"https:\/\/www.comau.com\/wp-content\/uploads\/2024\/07\/cropped-Logo-COMAU.png\",\"width\":434,\"height\":434,\"caption\":\"Comau\"},\"image\":{\"@id\":\"https:\/\/www.comau.com\/fr\/#\/schema\/logo\/image\/\"},\"sameAs\":[\"https:\/\/www.facebook.com\/COMAU\/\",\"https:\/\/x.com\/comaugroup\",\"https:\/\/www.instagram.com\/comaugroup\/\",\"https:\/\/www.linkedin.com\/company\/comau\",\"https:\/\/www.youtube.com\/user\/comau\"]}]}<\/script>\n<!-- \/ Yoast SEO plugin. -->","yoast_head_json":{"title":"C5G Plus - Comau","robots":{"index":"index","follow":"follow","max-snippet":"max-snippet:-1","max-image-preview":"max-image-preview:large","max-video-preview":"max-video-preview:-1"},"canonical":"https:\/\/www.comau.com\/fr\/competencies\/products-solutions\/controls-auxiliary-equipment\/c5g-plus\/","og_locale":"fr_FR","og_type":"article","og_title":"C5G Plus - Comau","og_description":"Tous vos besoins sous contr\u00f4le Syst\u00e8me modulaire \u00e0 traitement rapide pour unit\u00e9s de commande, E\/S et bus de champ, espace libre et ergonomique pour l&rsquo;int\u00e9gration de fonctions d&rsquo;application, dimensions compactes. Tous vos besoins sous contr\u00f4le. Haute puissance de traitement Le CG5 utilise la toute derni\u00e8re g\u00e9n\u00e9ration de PC industriels APC820 avec la technologie de CPU [&hellip;]","og_url":"https:\/\/www.comau.com\/fr\/competencies\/products-solutions\/controls-auxiliary-equipment\/c5g-plus\/","og_site_name":"Comau","article_publisher":"https:\/\/www.facebook.com\/COMAU\/","article_modified_time":"2022-04-05T08:25:13+00:00","og_image":[{"width":1280,"height":485,"url":"https:\/\/www.comau.com\/wp-content\/uploads\/2022\/04\/CG5plus_header.jpg","type":"image\/jpeg"}],"twitter_card":"summary_large_image","twitter_site":"@comaugroup","twitter_misc":{"Dur\u00e9e de lecture estim\u00e9e":"3 minutes"},"schema":{"@context":"https:\/\/schema.org","@graph":[{"@type":"WebPage","@id":"https:\/\/www.comau.com\/fr\/competencies\/products-solutions\/controls-auxiliary-equipment\/c5g-plus\/","url":"https:\/\/www.comau.com\/fr\/competencies\/products-solutions\/controls-auxiliary-equipment\/c5g-plus\/","name":"C5G Plus - Comau","isPartOf":{"@id":"https:\/\/www.comau.com\/fr\/#website"},"primaryImageOfPage":{"@id":"https:\/\/www.comau.com\/fr\/competencies\/products-solutions\/controls-auxiliary-equipment\/c5g-plus\/#primaryimage"},"image":{"@id":"https:\/\/www.comau.com\/fr\/competencies\/products-solutions\/controls-auxiliary-equipment\/c5g-plus\/#primaryimage"},"thumbnailUrl":"https:\/\/www.comau.com\/wp-content\/uploads\/2022\/04\/CG5plus_header.jpg","datePublished":"2022-04-01T07:55:32+00:00","dateModified":"2022-04-05T08:25:13+00:00","breadcrumb":{"@id":"https:\/\/www.comau.com\/fr\/competencies\/products-solutions\/controls-auxiliary-equipment\/c5g-plus\/#breadcrumb"},"inLanguage":"fr-FR","potentialAction":[{"@type":"ReadAction","target":["https:\/\/www.comau.com\/fr\/competencies\/products-solutions\/controls-auxiliary-equipment\/c5g-plus\/"]}]},{"@type":"ImageObject","inLanguage":"fr-FR","@id":"https:\/\/www.comau.com\/fr\/competencies\/products-solutions\/controls-auxiliary-equipment\/c5g-plus\/#primaryimage","url":"https:\/\/www.comau.com\/wp-content\/uploads\/2022\/04\/CG5plus_header.jpg","contentUrl":"https:\/\/www.comau.com\/wp-content\/uploads\/2022\/04\/CG5plus_header.jpg","width":1280,"height":485},{"@type":"BreadcrumbList","@id":"https:\/\/www.comau.com\/fr\/competencies\/products-solutions\/controls-auxiliary-equipment\/c5g-plus\/#breadcrumb","itemListElement":[{"@type":"ListItem","position":1,"name":"Home","item":"https:\/\/www.comau.com\/fr\/"},{"@type":"ListItem","position":2,"name":"Nos comp\u00e9tences","item":"https:\/\/www.comau.com\/fr\/competencies\/"},{"@type":"ListItem","position":3,"name":"Robotics &amp; Automation","item":"https:\/\/www.comau.com\/fr\/competencies\/robotics-automation\/"},{"@type":"ListItem","position":4,"name":"Controls et \u00c9quipement auxiliaire","item":"https:\/\/www.comau.com\/fr\/competencies\/robotics-automation\/controls-auxiliary-equipment\/"},{"@type":"ListItem","position":5,"name":"C5G Plus"}]},{"@type":"WebSite","@id":"https:\/\/www.comau.com\/fr\/#website","url":"https:\/\/www.comau.com\/fr\/","name":"Comau","description":"Industrial automation and robotics","publisher":{"@id":"https:\/\/www.comau.com\/fr\/#organization"},"potentialAction":[{"@type":"SearchAction","target":{"@type":"EntryPoint","urlTemplate":"https:\/\/www.comau.com\/fr\/?s={search_term_string}"},"query-input":{"@type":"PropertyValueSpecification","valueRequired":true,"valueName":"search_term_string"}}],"inLanguage":"fr-FR"},{"@type":"Organization","@id":"https:\/\/www.comau.com\/fr\/#organization","name":"Comau","url":"https:\/\/www.comau.com\/fr\/","logo":{"@type":"ImageObject","inLanguage":"fr-FR","@id":"https:\/\/www.comau.com\/fr\/#\/schema\/logo\/image\/","url":"https:\/\/www.comau.com\/wp-content\/uploads\/2024\/07\/cropped-Logo-COMAU.png","contentUrl":"https:\/\/www.comau.com\/wp-content\/uploads\/2024\/07\/cropped-Logo-COMAU.png","width":434,"height":434,"caption":"Comau"},"image":{"@id":"https:\/\/www.comau.com\/fr\/#\/schema\/logo\/image\/"},"sameAs":["https:\/\/www.facebook.com\/COMAU\/","https:\/\/x.com\/comaugroup","https:\/\/www.instagram.com\/comaugroup\/","https:\/\/www.linkedin.com\/company\/comau","https:\/\/www.youtube.com\/user\/comau"]}]}},"_links":{"self":[{"href":"https:\/\/www.comau.com\/fr\/wp-json\/wp\/v2\/pages\/44381","targetHints":{"allow":["GET"]}}],"collection":[{"href":"https:\/\/www.comau.com\/fr\/wp-json\/wp\/v2\/pages"}],"about":[{"href":"https:\/\/www.comau.com\/fr\/wp-json\/wp\/v2\/types\/page"}],"author":[{"embeddable":true,"href":"https:\/\/www.comau.com\/fr\/wp-json\/wp\/v2\/users\/7"}],"replies":[{"embeddable":true,"href":"https:\/\/www.comau.com\/fr\/wp-json\/wp\/v2\/comments?post=44381"}],"version-history":[{"count":3,"href":"https:\/\/www.comau.com\/fr\/wp-json\/wp\/v2\/pages\/44381\/revisions"}],"predecessor-version":[{"id":44617,"href":"https:\/\/www.comau.com\/fr\/wp-json\/wp\/v2\/pages\/44381\/revisions\/44617"}],"up":[{"embeddable":true,"href":"https:\/\/www.comau.com\/fr\/wp-json\/wp\/v2\/pages\/5976"}],"wp:featuredmedia":[{"embeddable":true,"href":"https:\/\/www.comau.com\/fr\/wp-json\/wp\/v2\/media\/44392"}],"wp:attachment":[{"href":"https:\/\/www.comau.com\/fr\/wp-json\/wp\/v2\/media?parent=44381"}],"curies":[{"name":"wp","href":"https:\/\/api.w.org\/{rel}","templated":true}]}}