{"id":44028,"date":"2022-03-18T17:59:56","date_gmt":"2022-03-18T16:59:56","guid":{"rendered":"https:\/\/www.comau.com\/?page_id=44028"},"modified":"2022-06-22T10:51:55","modified_gmt":"2022-06-22T08:51:55","slug":"thermography","status":"publish","type":"page","link":"https:\/\/www.comau.com\/fr\/competencies\/robotics-automation\/thermography\/","title":{"rendered":"Thermography"},"content":{"rendered":"\n<h2 class=\"wp-block-heading\">Pleins feux sur&nbsp;: MI.RA\/Thermography<\/h2>\n\n\n\n<p>MI.RA\/Thermography est un syst\u00e8me innovant de contr\u00f4le de la qualit\u00e9 et d\u2019essai en ligne, qui optimise la construction et l\u2019assemblage des batteries de derni\u00e8re g\u00e9n\u00e9ration. Con\u00e7u pour la production de batteries \u00e0 l\u2019\u00e9chelle industrielle, MI.RA\/Thermography utilise l\u2019imagerie thermique et l\u2019intelligence artificielle pour r\u00e9aliser une \u00e9valuation automatis\u00e9e non invasive et un contr\u00f4le des joints soud\u00e9s. Il fait gagner du temps et \u00e9vite des co\u00fbts en \u00e9valuant automatiquement les d\u00e9fauts de surface et la r\u00e9sistance \u00e9lectrique de chaque joint avant l\u2019assemblage final.<\/p>\n\n\n\n<p>Une forte r\u00e9sistance \u00e9lectrique, due \u00e0 un joint de mauvaise qualit\u00e9, peut entra\u00eener une grande perte d\u2019\u00e9nergie et produire beaucoup de chaleur. De ce fait, la temp\u00e9rature du joint est susceptible d\u2019augmenter, de cr\u00e9er des probl\u00e8mes de s\u00e9curit\u00e9 et de r\u00e9duire le rendement et l\u2019int\u00e9grit\u00e9 de la batterie. Notre solution de contr\u00f4le de la qualit\u00e9 MI.RA\/Thermography teste la qualit\u00e9 et l\u2019efficacit\u00e9 de chaque joint sans allonger le temps de cycle ni modifier l\u2019agencement de la ligne. Ce faisant, elle contribue \u00e0 la s\u00e9curit\u00e9 et pr\u00e9vient la mise au rebut avant le processus d\u2019assemblage final.<\/p>\n\n\n\n<h2 class=\"wp-block-heading\">Avantages<\/h2>\n\n\n\n<ul class=\"wp-block-list\"><li>Surveillance du processus en ligne et contr\u00f4le de la qualit\u00e9 \u00e0 la fin<\/li><li>Essai, mesure et contr\u00f4le de la qualit\u00e9 des joints sans modification des temps de cycle ou de l\u2019agencement de la ligne<\/li><li>La solution enti\u00e8rement int\u00e9gr\u00e9e utilise des cam\u00e9ras \u00e0 infrarouge et l\u2019intelligence artificielle pour \u00e9valuer chaque soudure avant le montage final<\/li><li>Plus grande pr\u00e9cision de la d\u00e9tection des d\u00e9fauts esth\u00e9tiques, qui d\u00e9passe souvent celle de l\u2019inspection visuelle<\/li><li>Les r\u00e9sultats en temps r\u00e9el servent \u00e0 l\u2019analyse et au perfectionnement<\/li><\/ul>\n\n\n\n<figure class=\"wp-block-embed is-type-video is-provider-youtube wp-block-embed-youtube wp-embed-aspect-16-9 wp-has-aspect-ratio\"><div class=\"wp-block-embed__wrapper\">\n<iframe title=\"Comau | MI.RA\/Thermography\" width=\"640\" height=\"360\" src=\"https:\/\/www.youtube.com\/embed\/XUPl2uh-aqQ?feature=oembed\" frameborder=\"0\" allow=\"accelerometer; autoplay; clipboard-write; encrypted-media; gyroscope; picture-in-picture; web-share\" referrerpolicy=\"strict-origin-when-cross-origin\" allowfullscreen><\/iframe>\n<\/div><\/figure>\n","protected":false},"excerpt":{"rendered":"<p>Pleins feux sur&nbsp;: MI.RA\/Thermography MI.RA\/Thermography est un syst\u00e8me innovant de contr\u00f4le de la qualit\u00e9 et d\u2019essai en ligne, qui optimise la construction et l\u2019assemblage des batteries de derni\u00e8re g\u00e9n\u00e9ration. Con\u00e7u pour la production de batteries \u00e0 l\u2019\u00e9chelle industrielle, MI.RA\/Thermography utilise l\u2019imagerie thermique et l\u2019intelligence artificielle pour r\u00e9aliser une \u00e9valuation automatis\u00e9e non invasive et un contr\u00f4le [&hellip;]<\/p>\n","protected":false},"author":7,"featured_media":43825,"parent":5715,"menu_order":0,"comment_status":"closed","ping_status":"closed","template":"","meta":{"_acf_changed":false,"ep_exclude_from_search":false,"footnotes":""},"class_list":["post-44028","page","type-page","status-publish","has-post-thumbnail","hentry"],"acf":[],"yoast_head":"<!-- This site is optimized with the Yoast SEO plugin v26.9 - https:\/\/yoast.com\/product\/yoast-seo-wordpress\/ -->\n<title>Syst\u00e8me de Test et Contr\u00f4le Qualit\u00e9 des Batteries | Comau<\/title>\n<meta name=\"description\" content=\"D\u00e9couvrez les avantages de MI.RA Thermography: le syst\u00e8me de test et contr\u00f4le qualit\u00e9 des batteries.\" \/>\n<meta name=\"robots\" content=\"index, follow, max-snippet:-1, max-image-preview:large, max-video-preview:-1\" \/>\n<link rel=\"canonical\" href=\"https:\/\/www.comau.com\/fr\/competencies\/robotics-automation\/thermography\/\" \/>\n<meta property=\"og:locale\" content=\"fr_FR\" \/>\n<meta property=\"og:type\" content=\"article\" \/>\n<meta property=\"og:title\" content=\"Syst\u00e8me de Test et Contr\u00f4le Qualit\u00e9 des Batteries | Comau\" \/>\n<meta property=\"og:description\" content=\"D\u00e9couvrez les avantages de MI.RA Thermography: le syst\u00e8me de test et contr\u00f4le qualit\u00e9 des batteries.\" \/>\n<meta property=\"og:url\" content=\"https:\/\/www.comau.com\/fr\/competencies\/robotics-automation\/thermography\/\" \/>\n<meta property=\"og:site_name\" content=\"Comau\" \/>\n<meta property=\"article:publisher\" content=\"https:\/\/www.facebook.com\/COMAU\/\" \/>\n<meta property=\"article:modified_time\" content=\"2022-06-22T08:51:55+00:00\" \/>\n<meta property=\"og:image\" content=\"https:\/\/www.comau.com\/wp-content\/uploads\/2022\/03\/Mira-Termography.jpg\" \/>\n\t<meta property=\"og:image:width\" content=\"1450\" \/>\n\t<meta property=\"og:image:height\" content=\"450\" \/>\n\t<meta property=\"og:image:type\" content=\"image\/jpeg\" \/>\n<meta name=\"twitter:card\" content=\"summary_large_image\" \/>\n<meta name=\"twitter:site\" content=\"@comaugroup\" \/>\n<meta name=\"twitter:label1\" content=\"Dur\u00e9e de lecture estim\u00e9e\" \/>\n\t<meta name=\"twitter:data1\" content=\"2 minutes\" \/>\n<script type=\"application\/ld+json\" class=\"yoast-schema-graph\">{\"@context\":\"https:\/\/schema.org\",\"@graph\":[{\"@type\":\"WebPage\",\"@id\":\"https:\/\/www.comau.com\/fr\/competencies\/robotics-automation\/thermography\/\",\"url\":\"https:\/\/www.comau.com\/fr\/competencies\/robotics-automation\/thermography\/\",\"name\":\"Syst\u00e8me de Test et Contr\u00f4le Qualit\u00e9 des Batteries | Comau\",\"isPartOf\":{\"@id\":\"https:\/\/www.comau.com\/fr\/#website\"},\"primaryImageOfPage\":{\"@id\":\"https:\/\/www.comau.com\/fr\/competencies\/robotics-automation\/thermography\/#primaryimage\"},\"image\":{\"@id\":\"https:\/\/www.comau.com\/fr\/competencies\/robotics-automation\/thermography\/#primaryimage\"},\"thumbnailUrl\":\"https:\/\/www.comau.com\/wp-content\/uploads\/2022\/03\/Mira-Termography.jpg\",\"datePublished\":\"2022-03-18T16:59:56+00:00\",\"dateModified\":\"2022-06-22T08:51:55+00:00\",\"description\":\"D\u00e9couvrez les avantages de MI.RA Thermography: le syst\u00e8me de test et contr\u00f4le qualit\u00e9 des batteries.\",\"breadcrumb\":{\"@id\":\"https:\/\/www.comau.com\/fr\/competencies\/robotics-automation\/thermography\/#breadcrumb\"},\"inLanguage\":\"fr-FR\",\"potentialAction\":[{\"@type\":\"ReadAction\",\"target\":[\"https:\/\/www.comau.com\/fr\/competencies\/robotics-automation\/thermography\/\"]}]},{\"@type\":\"ImageObject\",\"inLanguage\":\"fr-FR\",\"@id\":\"https:\/\/www.comau.com\/fr\/competencies\/robotics-automation\/thermography\/#primaryimage\",\"url\":\"https:\/\/www.comau.com\/wp-content\/uploads\/2022\/03\/Mira-Termography.jpg\",\"contentUrl\":\"https:\/\/www.comau.com\/wp-content\/uploads\/2022\/03\/Mira-Termography.jpg\",\"width\":1450,\"height\":450},{\"@type\":\"BreadcrumbList\",\"@id\":\"https:\/\/www.comau.com\/fr\/competencies\/robotics-automation\/thermography\/#breadcrumb\",\"itemListElement\":[{\"@type\":\"ListItem\",\"position\":1,\"name\":\"Home\",\"item\":\"https:\/\/www.comau.com\/fr\/\"},{\"@type\":\"ListItem\",\"position\":2,\"name\":\"Nos comp\u00e9tences\",\"item\":\"https:\/\/www.comau.com\/fr\/competencies\/\"},{\"@type\":\"ListItem\",\"position\":3,\"name\":\"Robotics &amp; Automation\",\"item\":\"https:\/\/www.comau.com\/fr\/competencies\/robotics-automation\/\"},{\"@type\":\"ListItem\",\"position\":4,\"name\":\"Thermography\"}]},{\"@type\":\"WebSite\",\"@id\":\"https:\/\/www.comau.com\/fr\/#website\",\"url\":\"https:\/\/www.comau.com\/fr\/\",\"name\":\"Comau\",\"description\":\"Industrial automation and robotics\",\"publisher\":{\"@id\":\"https:\/\/www.comau.com\/fr\/#organization\"},\"potentialAction\":[{\"@type\":\"SearchAction\",\"target\":{\"@type\":\"EntryPoint\",\"urlTemplate\":\"https:\/\/www.comau.com\/fr\/?s={search_term_string}\"},\"query-input\":{\"@type\":\"PropertyValueSpecification\",\"valueRequired\":true,\"valueName\":\"search_term_string\"}}],\"inLanguage\":\"fr-FR\"},{\"@type\":\"Organization\",\"@id\":\"https:\/\/www.comau.com\/fr\/#organization\",\"name\":\"Comau\",\"url\":\"https:\/\/www.comau.com\/fr\/\",\"logo\":{\"@type\":\"ImageObject\",\"inLanguage\":\"fr-FR\",\"@id\":\"https:\/\/www.comau.com\/fr\/#\/schema\/logo\/image\/\",\"url\":\"https:\/\/www.comau.com\/wp-content\/uploads\/2024\/07\/cropped-Logo-COMAU.png\",\"contentUrl\":\"https:\/\/www.comau.com\/wp-content\/uploads\/2024\/07\/cropped-Logo-COMAU.png\",\"width\":434,\"height\":434,\"caption\":\"Comau\"},\"image\":{\"@id\":\"https:\/\/www.comau.com\/fr\/#\/schema\/logo\/image\/\"},\"sameAs\":[\"https:\/\/www.facebook.com\/COMAU\/\",\"https:\/\/x.com\/comaugroup\",\"https:\/\/www.instagram.com\/comaugroup\/\",\"https:\/\/www.linkedin.com\/company\/comau\",\"https:\/\/www.youtube.com\/user\/comau\"]}]}<\/script>\n<!-- \/ Yoast SEO plugin. -->","yoast_head_json":{"title":"Syst\u00e8me de Test et Contr\u00f4le Qualit\u00e9 des Batteries | Comau","description":"D\u00e9couvrez les avantages de MI.RA Thermography: le syst\u00e8me de test et contr\u00f4le qualit\u00e9 des batteries.","robots":{"index":"index","follow":"follow","max-snippet":"max-snippet:-1","max-image-preview":"max-image-preview:large","max-video-preview":"max-video-preview:-1"},"canonical":"https:\/\/www.comau.com\/fr\/competencies\/robotics-automation\/thermography\/","og_locale":"fr_FR","og_type":"article","og_title":"Syst\u00e8me de Test et Contr\u00f4le Qualit\u00e9 des Batteries | Comau","og_description":"D\u00e9couvrez les avantages de MI.RA Thermography: le syst\u00e8me de test et contr\u00f4le qualit\u00e9 des batteries.","og_url":"https:\/\/www.comau.com\/fr\/competencies\/robotics-automation\/thermography\/","og_site_name":"Comau","article_publisher":"https:\/\/www.facebook.com\/COMAU\/","article_modified_time":"2022-06-22T08:51:55+00:00","og_image":[{"width":1450,"height":450,"url":"https:\/\/www.comau.com\/wp-content\/uploads\/2022\/03\/Mira-Termography.jpg","type":"image\/jpeg"}],"twitter_card":"summary_large_image","twitter_site":"@comaugroup","twitter_misc":{"Dur\u00e9e de lecture estim\u00e9e":"2 minutes"},"schema":{"@context":"https:\/\/schema.org","@graph":[{"@type":"WebPage","@id":"https:\/\/www.comau.com\/fr\/competencies\/robotics-automation\/thermography\/","url":"https:\/\/www.comau.com\/fr\/competencies\/robotics-automation\/thermography\/","name":"Syst\u00e8me de Test et Contr\u00f4le Qualit\u00e9 des Batteries | Comau","isPartOf":{"@id":"https:\/\/www.comau.com\/fr\/#website"},"primaryImageOfPage":{"@id":"https:\/\/www.comau.com\/fr\/competencies\/robotics-automation\/thermography\/#primaryimage"},"image":{"@id":"https:\/\/www.comau.com\/fr\/competencies\/robotics-automation\/thermography\/#primaryimage"},"thumbnailUrl":"https:\/\/www.comau.com\/wp-content\/uploads\/2022\/03\/Mira-Termography.jpg","datePublished":"2022-03-18T16:59:56+00:00","dateModified":"2022-06-22T08:51:55+00:00","description":"D\u00e9couvrez les avantages de MI.RA Thermography: le syst\u00e8me de test et contr\u00f4le qualit\u00e9 des batteries.","breadcrumb":{"@id":"https:\/\/www.comau.com\/fr\/competencies\/robotics-automation\/thermography\/#breadcrumb"},"inLanguage":"fr-FR","potentialAction":[{"@type":"ReadAction","target":["https:\/\/www.comau.com\/fr\/competencies\/robotics-automation\/thermography\/"]}]},{"@type":"ImageObject","inLanguage":"fr-FR","@id":"https:\/\/www.comau.com\/fr\/competencies\/robotics-automation\/thermography\/#primaryimage","url":"https:\/\/www.comau.com\/wp-content\/uploads\/2022\/03\/Mira-Termography.jpg","contentUrl":"https:\/\/www.comau.com\/wp-content\/uploads\/2022\/03\/Mira-Termography.jpg","width":1450,"height":450},{"@type":"BreadcrumbList","@id":"https:\/\/www.comau.com\/fr\/competencies\/robotics-automation\/thermography\/#breadcrumb","itemListElement":[{"@type":"ListItem","position":1,"name":"Home","item":"https:\/\/www.comau.com\/fr\/"},{"@type":"ListItem","position":2,"name":"Nos comp\u00e9tences","item":"https:\/\/www.comau.com\/fr\/competencies\/"},{"@type":"ListItem","position":3,"name":"Robotics &amp; Automation","item":"https:\/\/www.comau.com\/fr\/competencies\/robotics-automation\/"},{"@type":"ListItem","position":4,"name":"Thermography"}]},{"@type":"WebSite","@id":"https:\/\/www.comau.com\/fr\/#website","url":"https:\/\/www.comau.com\/fr\/","name":"Comau","description":"Industrial automation and robotics","publisher":{"@id":"https:\/\/www.comau.com\/fr\/#organization"},"potentialAction":[{"@type":"SearchAction","target":{"@type":"EntryPoint","urlTemplate":"https:\/\/www.comau.com\/fr\/?s={search_term_string}"},"query-input":{"@type":"PropertyValueSpecification","valueRequired":true,"valueName":"search_term_string"}}],"inLanguage":"fr-FR"},{"@type":"Organization","@id":"https:\/\/www.comau.com\/fr\/#organization","name":"Comau","url":"https:\/\/www.comau.com\/fr\/","logo":{"@type":"ImageObject","inLanguage":"fr-FR","@id":"https:\/\/www.comau.com\/fr\/#\/schema\/logo\/image\/","url":"https:\/\/www.comau.com\/wp-content\/uploads\/2024\/07\/cropped-Logo-COMAU.png","contentUrl":"https:\/\/www.comau.com\/wp-content\/uploads\/2024\/07\/cropped-Logo-COMAU.png","width":434,"height":434,"caption":"Comau"},"image":{"@id":"https:\/\/www.comau.com\/fr\/#\/schema\/logo\/image\/"},"sameAs":["https:\/\/www.facebook.com\/COMAU\/","https:\/\/x.com\/comaugroup","https:\/\/www.instagram.com\/comaugroup\/","https:\/\/www.linkedin.com\/company\/comau","https:\/\/www.youtube.com\/user\/comau"]}]}},"_links":{"self":[{"href":"https:\/\/www.comau.com\/fr\/wp-json\/wp\/v2\/pages\/44028","targetHints":{"allow":["GET"]}}],"collection":[{"href":"https:\/\/www.comau.com\/fr\/wp-json\/wp\/v2\/pages"}],"about":[{"href":"https:\/\/www.comau.com\/fr\/wp-json\/wp\/v2\/types\/page"}],"author":[{"embeddable":true,"href":"https:\/\/www.comau.com\/fr\/wp-json\/wp\/v2\/users\/7"}],"replies":[{"embeddable":true,"href":"https:\/\/www.comau.com\/fr\/wp-json\/wp\/v2\/comments?post=44028"}],"version-history":[{"count":5,"href":"https:\/\/www.comau.com\/fr\/wp-json\/wp\/v2\/pages\/44028\/revisions"}],"predecessor-version":[{"id":46107,"href":"https:\/\/www.comau.com\/fr\/wp-json\/wp\/v2\/pages\/44028\/revisions\/46107"}],"up":[{"embeddable":true,"href":"https:\/\/www.comau.com\/fr\/wp-json\/wp\/v2\/pages\/5715"}],"wp:featuredmedia":[{"embeddable":true,"href":"https:\/\/www.comau.com\/fr\/wp-json\/wp\/v2\/media\/43825"}],"wp:attachment":[{"href":"https:\/\/www.comau.com\/fr\/wp-json\/wp\/v2\/media?parent=44028"}],"curies":[{"name":"wp","href":"https:\/\/api.w.org\/{rel}","templated":true}]}}