{"id":44012,"date":"2022-03-18T17:59:18","date_gmt":"2022-03-18T16:59:18","guid":{"rendered":"https:\/\/www.comau.com\/?page_id=44012"},"modified":"2022-06-22T10:38:19","modified_gmt":"2022-06-22T08:38:19","slug":"dexter","status":"publish","type":"page","link":"https:\/\/www.comau.com\/fr\/competencies\/robotics-automation\/dexter\/","title":{"rendered":"Dexter"},"content":{"rendered":"\n<h2 class=\"wp-block-heading\">Pleins feux sur&nbsp;: MI.RA\/Dexter<\/h2>\n\n\n\n<p>Le puissant logiciel de m\u00e9talangage de Comau simplifie la programmation d\u2019applications robotis\u00e9es, sans n\u00e9cessiter de connaissances particuli\u00e8res en informatique ou en programmation. Il acc\u00e9l\u00e8re donc la mise en place du projet et r\u00e9duit les co\u00fbts.<\/p>\n\n\n\n<p>Bas\u00e9 sur des algorithmes \u00e9volu\u00e9s d\u2019apprentissage automatique, MI.RA\/Dexter permet l\u2019ex\u00e9cution de t\u00e2ches complexes par un robot \u00e0 l\u2019aide de commandes simples et directes, ce qui optimise les op\u00e9rations industrielles. Le logiciel permet \u00e9galement aux op\u00e9rateurs de r\u00e9agir instantan\u00e9ment et d\u2019ajuster les op\u00e9rations d\u2019un robot en temps r\u00e9el, maximisant ainsi l\u2019efficacit\u00e9 du cycle de travail. \u00c9tant donn\u00e9 que la solution associe le logiciel innovant de Comau \u00e0 un cobot industriel articul\u00e9 \u00e0 6 axes, ayant une sensibilit\u00e9 \u00ab&nbsp;presque humaine&nbsp;\u00bb, MI.RA\/Dexter facilite la collaboration humain-machine et la rend ouverte et intuitive. De plus, il assure une gestion s\u00e9curis\u00e9e de toutes les t\u00e2ches effectu\u00e9es par le robot collaboratif en contact \u00e9troit avec un op\u00e9rateur.<\/p>\n\n\n\n<h2 class=\"wp-block-heading\">Avantages<\/h2>\n\n\n\n<ul class=\"wp-block-list\"><li>Essai et d\u00e9bogage trois plus rapides qu\u2019un processus manuel<\/li><li>Suppression des barri\u00e8res de s\u00e9curit\u00e9 ou de l\u2019\u00e9quipement de protection, qui deviennent inutiles<\/li><li>Conformit\u00e9 totale avec les \u00e9tapes de contr\u00f4le de la qualit\u00e9 d\u00e9sign\u00e9es, gr\u00e2ce \u00e0 l\u2019automatisation des essais<\/li><li>Am\u00e9lioration de la tra\u00e7abilit\u00e9 et de la r\u00e9p\u00e9tabilit\u00e9 du processus<\/li><li>Utilisation dans diff\u00e9rents secteurs et pour diff\u00e9rentes applications<\/li><\/ul>\n\n\n\n<figure class=\"wp-block-embed is-type-video is-provider-youtube wp-block-embed-youtube wp-embed-aspect-16-9 wp-has-aspect-ratio\"><div class=\"wp-block-embed__wrapper\">\n<iframe title=\"COMAU\u2019S MI.RA\/DEXTER ENABLES INTUITIVE AND EASY PROGRAMMING OF COMPLEX ROBOTIC APPLICATIONS\" width=\"640\" height=\"360\" src=\"https:\/\/www.youtube.com\/embed\/rNd3Hue-zzM?start=109&#038;feature=oembed\" frameborder=\"0\" allow=\"accelerometer; autoplay; clipboard-write; encrypted-media; gyroscope; picture-in-picture; web-share\" referrerpolicy=\"strict-origin-when-cross-origin\" allowfullscreen><\/iframe>\n<\/div><\/figure>\n","protected":false},"excerpt":{"rendered":"<p>Pleins feux sur&nbsp;: MI.RA\/Dexter Le puissant logiciel de m\u00e9talangage de Comau simplifie la programmation d\u2019applications robotis\u00e9es, sans n\u00e9cessiter de connaissances particuli\u00e8res en informatique ou en programmation. Il acc\u00e9l\u00e8re donc la mise en place du projet et r\u00e9duit les co\u00fbts. Bas\u00e9 sur des algorithmes \u00e9volu\u00e9s d\u2019apprentissage automatique, MI.RA\/Dexter permet l\u2019ex\u00e9cution de t\u00e2ches complexes par un robot [&hellip;]<\/p>\n","protected":false},"author":7,"featured_media":43849,"parent":5715,"menu_order":0,"comment_status":"closed","ping_status":"closed","template":"","meta":{"_acf_changed":false,"ep_exclude_from_search":false,"footnotes":""},"class_list":["post-44012","page","type-page","status-publish","has-post-thumbnail","hentry"],"acf":[],"yoast_head":"<!-- This site is optimized with the Yoast SEO plugin v26.9 - https:\/\/yoast.com\/product\/yoast-seo-wordpress\/ -->\n<title>Logiciel M\u00e9talangage Programmation Robotique Dexter | Comau<\/title>\n<meta name=\"description\" content=\"D\u00e9couvrez les avantages de Dexter: le logiciel de m\u00e9talangage de Comau pour la programmation d\u2019applications robotis\u00e9es.\" \/>\n<meta name=\"robots\" content=\"index, follow, max-snippet:-1, max-image-preview:large, max-video-preview:-1\" \/>\n<link rel=\"canonical\" href=\"https:\/\/www.comau.com\/fr\/competencies\/robotics-automation\/dexter\/\" \/>\n<meta property=\"og:locale\" content=\"fr_FR\" \/>\n<meta property=\"og:type\" content=\"article\" \/>\n<meta property=\"og:title\" content=\"Logiciel M\u00e9talangage Programmation Robotique Dexter | Comau\" \/>\n<meta property=\"og:description\" content=\"D\u00e9couvrez les avantages de Dexter: le logiciel de m\u00e9talangage de Comau pour la programmation d\u2019applications robotis\u00e9es.\" \/>\n<meta property=\"og:url\" content=\"https:\/\/www.comau.com\/fr\/competencies\/robotics-automation\/dexter\/\" \/>\n<meta property=\"og:site_name\" content=\"Comau\" \/>\n<meta property=\"article:publisher\" content=\"https:\/\/www.facebook.com\/COMAU\/\" \/>\n<meta property=\"article:modified_time\" content=\"2022-06-22T08:38:19+00:00\" \/>\n<meta property=\"og:image\" content=\"https:\/\/www.comau.com\/wp-content\/uploads\/2022\/03\/Mira-Dexteer.jpg\" \/>\n\t<meta property=\"og:image:width\" content=\"1450\" \/>\n\t<meta property=\"og:image:height\" content=\"450\" \/>\n\t<meta property=\"og:image:type\" content=\"image\/jpeg\" \/>\n<meta name=\"twitter:card\" content=\"summary_large_image\" \/>\n<meta name=\"twitter:site\" content=\"@comaugroup\" \/>\n<meta name=\"twitter:label1\" content=\"Dur\u00e9e de lecture estim\u00e9e\" \/>\n\t<meta name=\"twitter:data1\" content=\"2 minutes\" \/>\n<script type=\"application\/ld+json\" class=\"yoast-schema-graph\">{\"@context\":\"https:\/\/schema.org\",\"@graph\":[{\"@type\":\"WebPage\",\"@id\":\"https:\/\/www.comau.com\/fr\/competencies\/robotics-automation\/dexter\/\",\"url\":\"https:\/\/www.comau.com\/fr\/competencies\/robotics-automation\/dexter\/\",\"name\":\"Logiciel M\u00e9talangage Programmation Robotique Dexter | Comau\",\"isPartOf\":{\"@id\":\"https:\/\/www.comau.com\/fr\/#website\"},\"primaryImageOfPage\":{\"@id\":\"https:\/\/www.comau.com\/fr\/competencies\/robotics-automation\/dexter\/#primaryimage\"},\"image\":{\"@id\":\"https:\/\/www.comau.com\/fr\/competencies\/robotics-automation\/dexter\/#primaryimage\"},\"thumbnailUrl\":\"https:\/\/www.comau.com\/wp-content\/uploads\/2022\/03\/Mira-Dexteer.jpg\",\"datePublished\":\"2022-03-18T16:59:18+00:00\",\"dateModified\":\"2022-06-22T08:38:19+00:00\",\"description\":\"D\u00e9couvrez les avantages de Dexter: le logiciel de m\u00e9talangage de Comau pour la programmation d\u2019applications robotis\u00e9es.\",\"breadcrumb\":{\"@id\":\"https:\/\/www.comau.com\/fr\/competencies\/robotics-automation\/dexter\/#breadcrumb\"},\"inLanguage\":\"fr-FR\",\"potentialAction\":[{\"@type\":\"ReadAction\",\"target\":[\"https:\/\/www.comau.com\/fr\/competencies\/robotics-automation\/dexter\/\"]}]},{\"@type\":\"ImageObject\",\"inLanguage\":\"fr-FR\",\"@id\":\"https:\/\/www.comau.com\/fr\/competencies\/robotics-automation\/dexter\/#primaryimage\",\"url\":\"https:\/\/www.comau.com\/wp-content\/uploads\/2022\/03\/Mira-Dexteer.jpg\",\"contentUrl\":\"https:\/\/www.comau.com\/wp-content\/uploads\/2022\/03\/Mira-Dexteer.jpg\",\"width\":1450,\"height\":450},{\"@type\":\"BreadcrumbList\",\"@id\":\"https:\/\/www.comau.com\/fr\/competencies\/robotics-automation\/dexter\/#breadcrumb\",\"itemListElement\":[{\"@type\":\"ListItem\",\"position\":1,\"name\":\"Home\",\"item\":\"https:\/\/www.comau.com\/fr\/\"},{\"@type\":\"ListItem\",\"position\":2,\"name\":\"Nos comp\u00e9tences\",\"item\":\"https:\/\/www.comau.com\/fr\/competencies\/\"},{\"@type\":\"ListItem\",\"position\":3,\"name\":\"Robotics &amp; Automation\",\"item\":\"https:\/\/www.comau.com\/fr\/competencies\/robotics-automation\/\"},{\"@type\":\"ListItem\",\"position\":4,\"name\":\"Dexter\"}]},{\"@type\":\"WebSite\",\"@id\":\"https:\/\/www.comau.com\/fr\/#website\",\"url\":\"https:\/\/www.comau.com\/fr\/\",\"name\":\"Comau\",\"description\":\"Industrial automation and robotics\",\"publisher\":{\"@id\":\"https:\/\/www.comau.com\/fr\/#organization\"},\"potentialAction\":[{\"@type\":\"SearchAction\",\"target\":{\"@type\":\"EntryPoint\",\"urlTemplate\":\"https:\/\/www.comau.com\/fr\/?s={search_term_string}\"},\"query-input\":{\"@type\":\"PropertyValueSpecification\",\"valueRequired\":true,\"valueName\":\"search_term_string\"}}],\"inLanguage\":\"fr-FR\"},{\"@type\":\"Organization\",\"@id\":\"https:\/\/www.comau.com\/fr\/#organization\",\"name\":\"Comau\",\"url\":\"https:\/\/www.comau.com\/fr\/\",\"logo\":{\"@type\":\"ImageObject\",\"inLanguage\":\"fr-FR\",\"@id\":\"https:\/\/www.comau.com\/fr\/#\/schema\/logo\/image\/\",\"url\":\"https:\/\/www.comau.com\/wp-content\/uploads\/2024\/07\/cropped-Logo-COMAU.png\",\"contentUrl\":\"https:\/\/www.comau.com\/wp-content\/uploads\/2024\/07\/cropped-Logo-COMAU.png\",\"width\":434,\"height\":434,\"caption\":\"Comau\"},\"image\":{\"@id\":\"https:\/\/www.comau.com\/fr\/#\/schema\/logo\/image\/\"},\"sameAs\":[\"https:\/\/www.facebook.com\/COMAU\/\",\"https:\/\/x.com\/comaugroup\",\"https:\/\/www.instagram.com\/comaugroup\/\",\"https:\/\/www.linkedin.com\/company\/comau\",\"https:\/\/www.youtube.com\/user\/comau\"]}]}<\/script>\n<!-- \/ Yoast SEO plugin. -->","yoast_head_json":{"title":"Logiciel M\u00e9talangage Programmation Robotique Dexter | Comau","description":"D\u00e9couvrez les avantages de Dexter: le logiciel de m\u00e9talangage de Comau pour la programmation d\u2019applications robotis\u00e9es.","robots":{"index":"index","follow":"follow","max-snippet":"max-snippet:-1","max-image-preview":"max-image-preview:large","max-video-preview":"max-video-preview:-1"},"canonical":"https:\/\/www.comau.com\/fr\/competencies\/robotics-automation\/dexter\/","og_locale":"fr_FR","og_type":"article","og_title":"Logiciel M\u00e9talangage Programmation Robotique Dexter | Comau","og_description":"D\u00e9couvrez les avantages de Dexter: le logiciel de m\u00e9talangage de Comau pour la programmation d\u2019applications robotis\u00e9es.","og_url":"https:\/\/www.comau.com\/fr\/competencies\/robotics-automation\/dexter\/","og_site_name":"Comau","article_publisher":"https:\/\/www.facebook.com\/COMAU\/","article_modified_time":"2022-06-22T08:38:19+00:00","og_image":[{"width":1450,"height":450,"url":"https:\/\/www.comau.com\/wp-content\/uploads\/2022\/03\/Mira-Dexteer.jpg","type":"image\/jpeg"}],"twitter_card":"summary_large_image","twitter_site":"@comaugroup","twitter_misc":{"Dur\u00e9e de lecture estim\u00e9e":"2 minutes"},"schema":{"@context":"https:\/\/schema.org","@graph":[{"@type":"WebPage","@id":"https:\/\/www.comau.com\/fr\/competencies\/robotics-automation\/dexter\/","url":"https:\/\/www.comau.com\/fr\/competencies\/robotics-automation\/dexter\/","name":"Logiciel M\u00e9talangage Programmation Robotique Dexter | Comau","isPartOf":{"@id":"https:\/\/www.comau.com\/fr\/#website"},"primaryImageOfPage":{"@id":"https:\/\/www.comau.com\/fr\/competencies\/robotics-automation\/dexter\/#primaryimage"},"image":{"@id":"https:\/\/www.comau.com\/fr\/competencies\/robotics-automation\/dexter\/#primaryimage"},"thumbnailUrl":"https:\/\/www.comau.com\/wp-content\/uploads\/2022\/03\/Mira-Dexteer.jpg","datePublished":"2022-03-18T16:59:18+00:00","dateModified":"2022-06-22T08:38:19+00:00","description":"D\u00e9couvrez les avantages de Dexter: le logiciel de m\u00e9talangage de Comau pour la programmation d\u2019applications robotis\u00e9es.","breadcrumb":{"@id":"https:\/\/www.comau.com\/fr\/competencies\/robotics-automation\/dexter\/#breadcrumb"},"inLanguage":"fr-FR","potentialAction":[{"@type":"ReadAction","target":["https:\/\/www.comau.com\/fr\/competencies\/robotics-automation\/dexter\/"]}]},{"@type":"ImageObject","inLanguage":"fr-FR","@id":"https:\/\/www.comau.com\/fr\/competencies\/robotics-automation\/dexter\/#primaryimage","url":"https:\/\/www.comau.com\/wp-content\/uploads\/2022\/03\/Mira-Dexteer.jpg","contentUrl":"https:\/\/www.comau.com\/wp-content\/uploads\/2022\/03\/Mira-Dexteer.jpg","width":1450,"height":450},{"@type":"BreadcrumbList","@id":"https:\/\/www.comau.com\/fr\/competencies\/robotics-automation\/dexter\/#breadcrumb","itemListElement":[{"@type":"ListItem","position":1,"name":"Home","item":"https:\/\/www.comau.com\/fr\/"},{"@type":"ListItem","position":2,"name":"Nos comp\u00e9tences","item":"https:\/\/www.comau.com\/fr\/competencies\/"},{"@type":"ListItem","position":3,"name":"Robotics &amp; Automation","item":"https:\/\/www.comau.com\/fr\/competencies\/robotics-automation\/"},{"@type":"ListItem","position":4,"name":"Dexter"}]},{"@type":"WebSite","@id":"https:\/\/www.comau.com\/fr\/#website","url":"https:\/\/www.comau.com\/fr\/","name":"Comau","description":"Industrial automation and robotics","publisher":{"@id":"https:\/\/www.comau.com\/fr\/#organization"},"potentialAction":[{"@type":"SearchAction","target":{"@type":"EntryPoint","urlTemplate":"https:\/\/www.comau.com\/fr\/?s={search_term_string}"},"query-input":{"@type":"PropertyValueSpecification","valueRequired":true,"valueName":"search_term_string"}}],"inLanguage":"fr-FR"},{"@type":"Organization","@id":"https:\/\/www.comau.com\/fr\/#organization","name":"Comau","url":"https:\/\/www.comau.com\/fr\/","logo":{"@type":"ImageObject","inLanguage":"fr-FR","@id":"https:\/\/www.comau.com\/fr\/#\/schema\/logo\/image\/","url":"https:\/\/www.comau.com\/wp-content\/uploads\/2024\/07\/cropped-Logo-COMAU.png","contentUrl":"https:\/\/www.comau.com\/wp-content\/uploads\/2024\/07\/cropped-Logo-COMAU.png","width":434,"height":434,"caption":"Comau"},"image":{"@id":"https:\/\/www.comau.com\/fr\/#\/schema\/logo\/image\/"},"sameAs":["https:\/\/www.facebook.com\/COMAU\/","https:\/\/x.com\/comaugroup","https:\/\/www.instagram.com\/comaugroup\/","https:\/\/www.linkedin.com\/company\/comau","https:\/\/www.youtube.com\/user\/comau"]}]}},"_links":{"self":[{"href":"https:\/\/www.comau.com\/fr\/wp-json\/wp\/v2\/pages\/44012","targetHints":{"allow":["GET"]}}],"collection":[{"href":"https:\/\/www.comau.com\/fr\/wp-json\/wp\/v2\/pages"}],"about":[{"href":"https:\/\/www.comau.com\/fr\/wp-json\/wp\/v2\/types\/page"}],"author":[{"embeddable":true,"href":"https:\/\/www.comau.com\/fr\/wp-json\/wp\/v2\/users\/7"}],"replies":[{"embeddable":true,"href":"https:\/\/www.comau.com\/fr\/wp-json\/wp\/v2\/comments?post=44012"}],"version-history":[{"count":4,"href":"https:\/\/www.comau.com\/fr\/wp-json\/wp\/v2\/pages\/44012\/revisions"}],"predecessor-version":[{"id":46103,"href":"https:\/\/www.comau.com\/fr\/wp-json\/wp\/v2\/pages\/44012\/revisions\/46103"}],"up":[{"embeddable":true,"href":"https:\/\/www.comau.com\/fr\/wp-json\/wp\/v2\/pages\/5715"}],"wp:featuredmedia":[{"embeddable":true,"href":"https:\/\/www.comau.com\/fr\/wp-json\/wp\/v2\/media\/43849"}],"wp:attachment":[{"href":"https:\/\/www.comau.com\/fr\/wp-json\/wp\/v2\/media?parent=44012"}],"curies":[{"name":"wp","href":"https:\/\/api.w.org\/{rel}","templated":true}]}}