{"id":43993,"date":"2022-03-18T18:00:07","date_gmt":"2022-03-18T17:00:07","guid":{"rendered":"https:\/\/www.comau.com\/?page_id=43993"},"modified":"2022-03-28T10:45:07","modified_gmt":"2022-03-28T08:45:07","slug":"3d","status":"publish","type":"page","link":"https:\/\/www.comau.com\/fr\/competencies\/robotics-automation\/3d\/","title":{"rendered":"3D"},"content":{"rendered":"\n<h2 class=\"wp-block-heading\">Pleins feux sur\u00a0: MI.RA\/3D<\/h2>\n\n\n\n<p>Notre nouvelle technologie MI.RA\/3D permet un fonctionnement 3D \u00e0 l\u2019aide de cam\u00e9ras 2D. Gr\u00e2ce \u00e0 sa fonctionnalit\u00e9 d\u2019analyse pouss\u00e9e, le syst\u00e8me de guidage tridimensionnel du robot effectue un balayage et compare les images avec une base de donn\u00e9es de r\u00e9f\u00e9rence it\u00e9rative pour faciliter les op\u00e9rations de grande pr\u00e9cision. Par ailleurs, puisque sa d\u00e9marche brevet\u00e9e adapte totalement la pr\u00e9cision du guidage aux exigences de la t\u00e2che en question, le robot r\u00e9alise des t\u00e2ches difficiles avec plus d\u2019intelligence et de pr\u00e9cision.<\/p>\n\n\n\n<p>Parfait pour les op\u00e9rations de prise et d\u00e9pose, chargement et d\u00e9chargement, s\u00e9lection de pi\u00e8ces logistiques, etc., MI.RA\/3D garantit le positionnement optimal et la flexibilit\u00e9 maximale. Le syst\u00e8me tout-en-un d\u2019estimation de la pose \u00e9value l\u2019aspect complet d\u2019un corps rigide et le compare \u00e0 une image de r\u00e9f\u00e9rence pr\u00e9d\u00e9termin\u00e9e. En analysant la d\u00e9formation de l\u2019image due \u00e0 la rototranslation, le syst\u00e8me indique au robot de red\u00e9finir sa pose de pr\u00e9hension selon les besoins \u2013 garantissant ainsi une meilleure pr\u00e9cision \u00e0 un co\u00fbt inf\u00e9rieur.\u00a0\u00a0\u00a0\u00a0\u00a0\u00a0\u00a0\u00a0\u00a0<\/p>\n\n\n\n<h2 class=\"wp-block-heading\">Avantages<\/h2>\n\n\n\n<ul class=\"wp-block-list\"><li>Ind\u00e9pendant du mat\u00e9riel et du robot\u00a0: vous choisissez la meilleure configuration pour votre application<\/li><li>Ind\u00e9pendant de l\u2019unit\u00e9 centrale\u00a0: vous pouvez d\u00e9ployer la solution sur diff\u00e9rentes unit\u00e9s de traitement<\/li><li>Interface utilisateur optimis\u00e9e, configuration du syst\u00e8me facile d\u2019utilisation et int\u00e9gration directe dans la ligne<\/li><li>Adaptation totale aux changements d\u2019\u00e9clairage, avec assistance par lampe \u00e0 infrarouge<\/li><li>Plus faible encombrement, qui fait gagner de l\u2019espace au sol<\/li><\/ul>\n\n\n\n<div class=\"wp-block-buttons is-layout-flex wp-block-buttons-is-layout-flex\">\n<div class=\"wp-block-button is-style-fill\"><a class=\"wp-block-button__link\" href=\"https:\/\/www.comau.com\/wp-content\/uploads\/2022\/03\/Brochure_MIRA_FINAL.pdf\">T\u00c9L\u00c9CHARGER LA BROCHURE<\/a><\/div>\n<\/div>\n","protected":false},"excerpt":{"rendered":"<p>Pleins feux sur\u00a0: MI.RA\/3D Notre nouvelle technologie MI.RA\/3D permet un fonctionnement 3D \u00e0 l\u2019aide de cam\u00e9ras 2D. Gr\u00e2ce \u00e0 sa fonctionnalit\u00e9 d\u2019analyse pouss\u00e9e, le syst\u00e8me de guidage tridimensionnel du robot effectue un balayage et compare les images avec une base de donn\u00e9es de r\u00e9f\u00e9rence it\u00e9rative pour faciliter les op\u00e9rations de grande pr\u00e9cision. Par ailleurs, puisque [&hellip;]<\/p>\n","protected":false},"author":7,"featured_media":43843,"parent":5715,"menu_order":0,"comment_status":"closed","ping_status":"closed","template":"","meta":{"_acf_changed":false,"ep_exclude_from_search":false,"footnotes":""},"class_list":["post-43993","page","type-page","status-publish","has-post-thumbnail","hentry"],"acf":[],"yoast_head":"<!-- This site is optimized with the Yoast SEO plugin v26.9 - https:\/\/yoast.com\/product\/yoast-seo-wordpress\/ -->\n<title>3D - Comau<\/title>\n<meta name=\"robots\" content=\"index, follow, max-snippet:-1, max-image-preview:large, max-video-preview:-1\" \/>\n<link rel=\"canonical\" href=\"https:\/\/www.comau.com\/fr\/competencies\/robotics-automation\/3d\/\" \/>\n<meta property=\"og:locale\" content=\"fr_FR\" \/>\n<meta property=\"og:type\" content=\"article\" \/>\n<meta property=\"og:title\" content=\"3D - Comau\" \/>\n<meta property=\"og:description\" content=\"Pleins feux sur\u00a0: MI.RA\/3D Notre nouvelle technologie MI.RA\/3D permet un fonctionnement 3D \u00e0 l\u2019aide de cam\u00e9ras 2D. Gr\u00e2ce \u00e0 sa fonctionnalit\u00e9 d\u2019analyse pouss\u00e9e, le syst\u00e8me de guidage tridimensionnel du robot effectue un balayage et compare les images avec une base de donn\u00e9es de r\u00e9f\u00e9rence it\u00e9rative pour faciliter les op\u00e9rations de grande pr\u00e9cision. Par ailleurs, puisque [&hellip;]\" \/>\n<meta property=\"og:url\" content=\"https:\/\/www.comau.com\/fr\/competencies\/robotics-automation\/3d\/\" \/>\n<meta property=\"og:site_name\" content=\"Comau\" \/>\n<meta property=\"article:publisher\" content=\"https:\/\/www.facebook.com\/COMAU\/\" \/>\n<meta property=\"article:modified_time\" content=\"2022-03-28T08:45:07+00:00\" \/>\n<meta property=\"og:image\" content=\"https:\/\/www.comau.com\/wp-content\/uploads\/2022\/03\/Mira-3D.jpg\" \/>\n\t<meta property=\"og:image:width\" content=\"1450\" \/>\n\t<meta property=\"og:image:height\" content=\"450\" \/>\n\t<meta property=\"og:image:type\" content=\"image\/jpeg\" \/>\n<meta name=\"twitter:card\" content=\"summary_large_image\" \/>\n<meta name=\"twitter:site\" content=\"@comaugroup\" \/>\n<meta name=\"twitter:label1\" content=\"Dur\u00e9e de lecture estim\u00e9e\" \/>\n\t<meta name=\"twitter:data1\" content=\"2 minutes\" \/>\n<script type=\"application\/ld+json\" class=\"yoast-schema-graph\">{\"@context\":\"https:\/\/schema.org\",\"@graph\":[{\"@type\":\"WebPage\",\"@id\":\"https:\/\/www.comau.com\/fr\/competencies\/robotics-automation\/3d\/\",\"url\":\"https:\/\/www.comau.com\/fr\/competencies\/robotics-automation\/3d\/\",\"name\":\"3D - Comau\",\"isPartOf\":{\"@id\":\"https:\/\/www.comau.com\/fr\/#website\"},\"primaryImageOfPage\":{\"@id\":\"https:\/\/www.comau.com\/fr\/competencies\/robotics-automation\/3d\/#primaryimage\"},\"image\":{\"@id\":\"https:\/\/www.comau.com\/fr\/competencies\/robotics-automation\/3d\/#primaryimage\"},\"thumbnailUrl\":\"https:\/\/www.comau.com\/wp-content\/uploads\/2022\/03\/Mira-3D.jpg\",\"datePublished\":\"2022-03-18T17:00:07+00:00\",\"dateModified\":\"2022-03-28T08:45:07+00:00\",\"breadcrumb\":{\"@id\":\"https:\/\/www.comau.com\/fr\/competencies\/robotics-automation\/3d\/#breadcrumb\"},\"inLanguage\":\"fr-FR\",\"potentialAction\":[{\"@type\":\"ReadAction\",\"target\":[\"https:\/\/www.comau.com\/fr\/competencies\/robotics-automation\/3d\/\"]}]},{\"@type\":\"ImageObject\",\"inLanguage\":\"fr-FR\",\"@id\":\"https:\/\/www.comau.com\/fr\/competencies\/robotics-automation\/3d\/#primaryimage\",\"url\":\"https:\/\/www.comau.com\/wp-content\/uploads\/2022\/03\/Mira-3D.jpg\",\"contentUrl\":\"https:\/\/www.comau.com\/wp-content\/uploads\/2022\/03\/Mira-3D.jpg\",\"width\":1450,\"height\":450},{\"@type\":\"BreadcrumbList\",\"@id\":\"https:\/\/www.comau.com\/fr\/competencies\/robotics-automation\/3d\/#breadcrumb\",\"itemListElement\":[{\"@type\":\"ListItem\",\"position\":1,\"name\":\"Home\",\"item\":\"https:\/\/www.comau.com\/fr\/\"},{\"@type\":\"ListItem\",\"position\":2,\"name\":\"Nos comp\u00e9tences\",\"item\":\"https:\/\/www.comau.com\/fr\/competencies\/\"},{\"@type\":\"ListItem\",\"position\":3,\"name\":\"Robotics &amp; Automation\",\"item\":\"https:\/\/www.comau.com\/fr\/competencies\/robotics-automation\/\"},{\"@type\":\"ListItem\",\"position\":4,\"name\":\"3D\"}]},{\"@type\":\"WebSite\",\"@id\":\"https:\/\/www.comau.com\/fr\/#website\",\"url\":\"https:\/\/www.comau.com\/fr\/\",\"name\":\"Comau\",\"description\":\"Industrial automation and robotics\",\"publisher\":{\"@id\":\"https:\/\/www.comau.com\/fr\/#organization\"},\"potentialAction\":[{\"@type\":\"SearchAction\",\"target\":{\"@type\":\"EntryPoint\",\"urlTemplate\":\"https:\/\/www.comau.com\/fr\/?s={search_term_string}\"},\"query-input\":{\"@type\":\"PropertyValueSpecification\",\"valueRequired\":true,\"valueName\":\"search_term_string\"}}],\"inLanguage\":\"fr-FR\"},{\"@type\":\"Organization\",\"@id\":\"https:\/\/www.comau.com\/fr\/#organization\",\"name\":\"Comau\",\"url\":\"https:\/\/www.comau.com\/fr\/\",\"logo\":{\"@type\":\"ImageObject\",\"inLanguage\":\"fr-FR\",\"@id\":\"https:\/\/www.comau.com\/fr\/#\/schema\/logo\/image\/\",\"url\":\"https:\/\/www.comau.com\/wp-content\/uploads\/2024\/07\/cropped-Logo-COMAU.png\",\"contentUrl\":\"https:\/\/www.comau.com\/wp-content\/uploads\/2024\/07\/cropped-Logo-COMAU.png\",\"width\":434,\"height\":434,\"caption\":\"Comau\"},\"image\":{\"@id\":\"https:\/\/www.comau.com\/fr\/#\/schema\/logo\/image\/\"},\"sameAs\":[\"https:\/\/www.facebook.com\/COMAU\/\",\"https:\/\/x.com\/comaugroup\",\"https:\/\/www.instagram.com\/comaugroup\/\",\"https:\/\/www.linkedin.com\/company\/comau\",\"https:\/\/www.youtube.com\/user\/comau\"]}]}<\/script>\n<!-- \/ Yoast SEO plugin. -->","yoast_head_json":{"title":"3D - Comau","robots":{"index":"index","follow":"follow","max-snippet":"max-snippet:-1","max-image-preview":"max-image-preview:large","max-video-preview":"max-video-preview:-1"},"canonical":"https:\/\/www.comau.com\/fr\/competencies\/robotics-automation\/3d\/","og_locale":"fr_FR","og_type":"article","og_title":"3D - Comau","og_description":"Pleins feux sur\u00a0: MI.RA\/3D Notre nouvelle technologie MI.RA\/3D permet un fonctionnement 3D \u00e0 l\u2019aide de cam\u00e9ras 2D. Gr\u00e2ce \u00e0 sa fonctionnalit\u00e9 d\u2019analyse pouss\u00e9e, le syst\u00e8me de guidage tridimensionnel du robot effectue un balayage et compare les images avec une base de donn\u00e9es de r\u00e9f\u00e9rence it\u00e9rative pour faciliter les op\u00e9rations de grande pr\u00e9cision. Par ailleurs, puisque [&hellip;]","og_url":"https:\/\/www.comau.com\/fr\/competencies\/robotics-automation\/3d\/","og_site_name":"Comau","article_publisher":"https:\/\/www.facebook.com\/COMAU\/","article_modified_time":"2022-03-28T08:45:07+00:00","og_image":[{"width":1450,"height":450,"url":"https:\/\/www.comau.com\/wp-content\/uploads\/2022\/03\/Mira-3D.jpg","type":"image\/jpeg"}],"twitter_card":"summary_large_image","twitter_site":"@comaugroup","twitter_misc":{"Dur\u00e9e de lecture estim\u00e9e":"2 minutes"},"schema":{"@context":"https:\/\/schema.org","@graph":[{"@type":"WebPage","@id":"https:\/\/www.comau.com\/fr\/competencies\/robotics-automation\/3d\/","url":"https:\/\/www.comau.com\/fr\/competencies\/robotics-automation\/3d\/","name":"3D - Comau","isPartOf":{"@id":"https:\/\/www.comau.com\/fr\/#website"},"primaryImageOfPage":{"@id":"https:\/\/www.comau.com\/fr\/competencies\/robotics-automation\/3d\/#primaryimage"},"image":{"@id":"https:\/\/www.comau.com\/fr\/competencies\/robotics-automation\/3d\/#primaryimage"},"thumbnailUrl":"https:\/\/www.comau.com\/wp-content\/uploads\/2022\/03\/Mira-3D.jpg","datePublished":"2022-03-18T17:00:07+00:00","dateModified":"2022-03-28T08:45:07+00:00","breadcrumb":{"@id":"https:\/\/www.comau.com\/fr\/competencies\/robotics-automation\/3d\/#breadcrumb"},"inLanguage":"fr-FR","potentialAction":[{"@type":"ReadAction","target":["https:\/\/www.comau.com\/fr\/competencies\/robotics-automation\/3d\/"]}]},{"@type":"ImageObject","inLanguage":"fr-FR","@id":"https:\/\/www.comau.com\/fr\/competencies\/robotics-automation\/3d\/#primaryimage","url":"https:\/\/www.comau.com\/wp-content\/uploads\/2022\/03\/Mira-3D.jpg","contentUrl":"https:\/\/www.comau.com\/wp-content\/uploads\/2022\/03\/Mira-3D.jpg","width":1450,"height":450},{"@type":"BreadcrumbList","@id":"https:\/\/www.comau.com\/fr\/competencies\/robotics-automation\/3d\/#breadcrumb","itemListElement":[{"@type":"ListItem","position":1,"name":"Home","item":"https:\/\/www.comau.com\/fr\/"},{"@type":"ListItem","position":2,"name":"Nos comp\u00e9tences","item":"https:\/\/www.comau.com\/fr\/competencies\/"},{"@type":"ListItem","position":3,"name":"Robotics &amp; Automation","item":"https:\/\/www.comau.com\/fr\/competencies\/robotics-automation\/"},{"@type":"ListItem","position":4,"name":"3D"}]},{"@type":"WebSite","@id":"https:\/\/www.comau.com\/fr\/#website","url":"https:\/\/www.comau.com\/fr\/","name":"Comau","description":"Industrial automation and robotics","publisher":{"@id":"https:\/\/www.comau.com\/fr\/#organization"},"potentialAction":[{"@type":"SearchAction","target":{"@type":"EntryPoint","urlTemplate":"https:\/\/www.comau.com\/fr\/?s={search_term_string}"},"query-input":{"@type":"PropertyValueSpecification","valueRequired":true,"valueName":"search_term_string"}}],"inLanguage":"fr-FR"},{"@type":"Organization","@id":"https:\/\/www.comau.com\/fr\/#organization","name":"Comau","url":"https:\/\/www.comau.com\/fr\/","logo":{"@type":"ImageObject","inLanguage":"fr-FR","@id":"https:\/\/www.comau.com\/fr\/#\/schema\/logo\/image\/","url":"https:\/\/www.comau.com\/wp-content\/uploads\/2024\/07\/cropped-Logo-COMAU.png","contentUrl":"https:\/\/www.comau.com\/wp-content\/uploads\/2024\/07\/cropped-Logo-COMAU.png","width":434,"height":434,"caption":"Comau"},"image":{"@id":"https:\/\/www.comau.com\/fr\/#\/schema\/logo\/image\/"},"sameAs":["https:\/\/www.facebook.com\/COMAU\/","https:\/\/x.com\/comaugroup","https:\/\/www.instagram.com\/comaugroup\/","https:\/\/www.linkedin.com\/company\/comau","https:\/\/www.youtube.com\/user\/comau"]}]}},"_links":{"self":[{"href":"https:\/\/www.comau.com\/fr\/wp-json\/wp\/v2\/pages\/43993","targetHints":{"allow":["GET"]}}],"collection":[{"href":"https:\/\/www.comau.com\/fr\/wp-json\/wp\/v2\/pages"}],"about":[{"href":"https:\/\/www.comau.com\/fr\/wp-json\/wp\/v2\/types\/page"}],"author":[{"embeddable":true,"href":"https:\/\/www.comau.com\/fr\/wp-json\/wp\/v2\/users\/7"}],"replies":[{"embeddable":true,"href":"https:\/\/www.comau.com\/fr\/wp-json\/wp\/v2\/comments?post=43993"}],"version-history":[{"count":3,"href":"https:\/\/www.comau.com\/fr\/wp-json\/wp\/v2\/pages\/43993\/revisions"}],"predecessor-version":[{"id":43996,"href":"https:\/\/www.comau.com\/fr\/wp-json\/wp\/v2\/pages\/43993\/revisions\/43996"}],"up":[{"embeddable":true,"href":"https:\/\/www.comau.com\/fr\/wp-json\/wp\/v2\/pages\/5715"}],"wp:featuredmedia":[{"embeddable":true,"href":"https:\/\/www.comau.com\/fr\/wp-json\/wp\/v2\/media\/43843"}],"wp:attachment":[{"href":"https:\/\/www.comau.com\/fr\/wp-json\/wp\/v2\/media?parent=43993"}],"curies":[{"name":"wp","href":"https:\/\/api.w.org\/{rel}","templated":true}]}}