{"id":43962,"date":"2022-03-18T18:00:16","date_gmt":"2022-03-18T17:00:16","guid":{"rendered":"https:\/\/www.comau.com\/?page_id=43962"},"modified":"2022-03-28T16:32:14","modified_gmt":"2022-03-28T14:32:14","slug":"depalletizer","status":"publish","type":"page","link":"https:\/\/www.comau.com\/fr\/competencies\/robotics-automation\/depalletizer\/","title":{"rendered":"Depalletizer"},"content":{"rendered":"\n<h2 class=\"wp-block-heading\">Pleins feux sur&nbsp;: MI.RA\/Depalletizer<\/h2>\n\n\n\n<p>La toute derni\u00e8re solution de la famille MI.RA (Machine Inspection Recognition Archetypes) de Comau utilise des cam\u00e9ras 3D et des algorithmes pouss\u00e9s pour d\u00e9tecter et d\u00e9palettiser les bo\u00eetes et caisses de mani\u00e8re fiable, rapide, pr\u00e9cise et \u00e9conomique.&nbsp;<\/p>\n\n\n\n<p>Qu\u2019il s\u2019agisse de bo\u00eetes de taille standard, d\u2019UGS uniques \u00e0 l\u2019emplacement incertain ou d\u2019UGS m\u00e9lang\u00e9es dont la taille, la position et la g\u00e9om\u00e9trie de palettisation sont inconnues, MI.RA\/Depalletizer g\u00e8re la situation avec flexibilit\u00e9. En effet, cette solution intelligente tout-en-un sait reconna\u00eetre et r\u00e9agir aux diff\u00e9rents conditionnements, en tenant compte de leur contenu et de leur emplacement final.<\/p>\n\n\n\n<p>Avec sa robotique sophistiqu\u00e9e intrins\u00e8quement intelligente et ses puissants syst\u00e8mes de vision, MI.RA\/Depalletizer offre une souplesse absolue en mati\u00e8re de types d\u2019emballage, logistique de palette, technologies robotis\u00e9es et strat\u00e9gie de pr\u00e9hension. De surcro\u00eet, MI.RA\/Depalletizer peut r\u00e9duire le d\u00e9lai de mise en service de 70&nbsp;%, que les UGS soient d\u2019un seul type ou de types m\u00e9lang\u00e9s.<\/p>\n\n\n\n<p>Du pr\u00e9l\u00e8vement des produits jusqu\u2019aux emballages qui les contiendront, MI.RA\/Depalletizer automatise tout le processus de d\u00e9palettisation, optimisant ainsi la logistique op\u00e9rationnelle, ainsi que votre r\u00e9sultat net.<\/p>\n\n\n\n<h2 class=\"wp-block-heading\"><strong>Avantages<\/strong><\/h2>\n\n\n\n<ul class=\"wp-block-list\"><li>Automatise toute la d\u00e9palettisation des UGS d\u2019un seul type et de plusieurs types, quelle que soit la position des bo\u00eetes<\/li><li>Ind\u00e9pendant du mat\u00e9riel et du robot&nbsp;: vous choisissez la meilleure configuration pour votre application<\/li><li>G\u00e8re les palettes mesurant jusqu\u2019\u00e0 2&nbsp;m de hauteur, avec une flexibilit\u00e9 pouss\u00e9e<\/li><li>Solution \u00e0 grande vitesse, pouvant atteindre des temps de cycle de 800&nbsp;UGS\/heure<\/li><\/ul>\n\n\n\n<figure class=\"wp-block-embed is-type-video is-provider-youtube wp-block-embed-youtube wp-embed-aspect-16-9 wp-has-aspect-ratio\"><div class=\"wp-block-embed__wrapper\">\n <iframe title=\"COMAU\u2019S MI.RA\/DEPALLETIZER\" width=\"640\" height=\"360\" src=\"https:\/\/www.youtube.com\/embed\/CSrryQmxJJY?feature=oembed\" frameborder=\"0\" allow=\"accelerometer; autoplay; clipboard-write; encrypted-media; gyroscope; picture-in-picture; web-share\" referrerpolicy=\"strict-origin-when-cross-origin\" allowfullscreen><\/iframe>\n<\/div><\/figure>\n","protected":false},"excerpt":{"rendered":"<p>Pleins feux sur&nbsp;: MI.RA\/Depalletizer La toute derni\u00e8re solution de la famille MI.RA (Machine Inspection Recognition Archetypes) de Comau utilise des cam\u00e9ras 3D et des algorithmes pouss\u00e9s pour d\u00e9tecter et d\u00e9palettiser les bo\u00eetes et caisses de mani\u00e8re fiable, rapide, pr\u00e9cise et \u00e9conomique.&nbsp; Qu\u2019il s\u2019agisse de bo\u00eetes de taille standard, d\u2019UGS uniques \u00e0 l\u2019emplacement incertain ou d\u2019UGS [&hellip;]<\/p>\n","protected":false},"author":7,"featured_media":48241,"parent":5715,"menu_order":0,"comment_status":"closed","ping_status":"closed","template":"","meta":{"_acf_changed":false,"ep_exclude_from_search":false,"footnotes":""},"class_list":["post-43962","page","type-page","status-publish","has-post-thumbnail","hentry"],"acf":[],"yoast_head":"<!-- This site is optimized with the Yoast SEO plugin v26.9 - https:\/\/yoast.com\/product\/yoast-seo-wordpress\/ -->\n<title>Depalletizer - Comau<\/title>\n<meta name=\"robots\" content=\"index, follow, max-snippet:-1, max-image-preview:large, max-video-preview:-1\" \/>\n<link rel=\"canonical\" href=\"https:\/\/www.comau.com\/fr\/competencies\/robotics-automation\/depalletizer\/\" \/>\n<meta property=\"og:locale\" content=\"fr_FR\" \/>\n<meta property=\"og:type\" content=\"article\" \/>\n<meta property=\"og:title\" content=\"Depalletizer - Comau\" \/>\n<meta property=\"og:description\" content=\"Pleins feux sur&nbsp;: MI.RA\/Depalletizer La toute derni\u00e8re solution de la famille MI.RA (Machine Inspection Recognition Archetypes) de Comau utilise des cam\u00e9ras 3D et des algorithmes pouss\u00e9s pour d\u00e9tecter et d\u00e9palettiser les bo\u00eetes et caisses de mani\u00e8re fiable, rapide, pr\u00e9cise et \u00e9conomique.&nbsp; Qu\u2019il s\u2019agisse de bo\u00eetes de taille standard, d\u2019UGS uniques \u00e0 l\u2019emplacement incertain ou d\u2019UGS [&hellip;]\" \/>\n<meta property=\"og:url\" content=\"https:\/\/www.comau.com\/fr\/competencies\/robotics-automation\/depalletizer\/\" \/>\n<meta property=\"og:site_name\" content=\"Comau\" \/>\n<meta property=\"article:publisher\" content=\"https:\/\/www.facebook.com\/COMAU\/\" \/>\n<meta property=\"article:modified_time\" content=\"2022-03-28T14:32:14+00:00\" \/>\n<meta property=\"og:image\" content=\"https:\/\/www.comau.com\/wp-content\/uploads\/2022\/03\/Prodotto-Depal.jpg\" \/>\n\t<meta property=\"og:image:width\" content=\"1450\" \/>\n\t<meta property=\"og:image:height\" content=\"450\" \/>\n\t<meta property=\"og:image:type\" content=\"image\/jpeg\" \/>\n<meta name=\"twitter:card\" content=\"summary_large_image\" \/>\n<meta name=\"twitter:site\" content=\"@comaugroup\" \/>\n<meta name=\"twitter:label1\" content=\"Dur\u00e9e de lecture estim\u00e9e\" \/>\n\t<meta name=\"twitter:data1\" content=\"2 minutes\" \/>\n<script type=\"application\/ld+json\" class=\"yoast-schema-graph\">{\"@context\":\"https:\/\/schema.org\",\"@graph\":[{\"@type\":\"WebPage\",\"@id\":\"https:\/\/www.comau.com\/fr\/competencies\/robotics-automation\/depalletizer\/\",\"url\":\"https:\/\/www.comau.com\/fr\/competencies\/robotics-automation\/depalletizer\/\",\"name\":\"Depalletizer - Comau\",\"isPartOf\":{\"@id\":\"https:\/\/www.comau.com\/fr\/#website\"},\"primaryImageOfPage\":{\"@id\":\"https:\/\/www.comau.com\/fr\/competencies\/robotics-automation\/depalletizer\/#primaryimage\"},\"image\":{\"@id\":\"https:\/\/www.comau.com\/fr\/competencies\/robotics-automation\/depalletizer\/#primaryimage\"},\"thumbnailUrl\":\"https:\/\/www.comau.com\/wp-content\/uploads\/2022\/10\/Mira-Depalletizer.jpg\",\"datePublished\":\"2022-03-18T17:00:16+00:00\",\"dateModified\":\"2022-03-28T14:32:14+00:00\",\"breadcrumb\":{\"@id\":\"https:\/\/www.comau.com\/fr\/competencies\/robotics-automation\/depalletizer\/#breadcrumb\"},\"inLanguage\":\"fr-FR\",\"potentialAction\":[{\"@type\":\"ReadAction\",\"target\":[\"https:\/\/www.comau.com\/fr\/competencies\/robotics-automation\/depalletizer\/\"]}]},{\"@type\":\"ImageObject\",\"inLanguage\":\"fr-FR\",\"@id\":\"https:\/\/www.comau.com\/fr\/competencies\/robotics-automation\/depalletizer\/#primaryimage\",\"url\":\"https:\/\/www.comau.com\/wp-content\/uploads\/2022\/10\/Mira-Depalletizer.jpg\",\"contentUrl\":\"https:\/\/www.comau.com\/wp-content\/uploads\/2022\/10\/Mira-Depalletizer.jpg\",\"width\":1450,\"height\":450,\"caption\":\"Mira-Depalletizer\"},{\"@type\":\"BreadcrumbList\",\"@id\":\"https:\/\/www.comau.com\/fr\/competencies\/robotics-automation\/depalletizer\/#breadcrumb\",\"itemListElement\":[{\"@type\":\"ListItem\",\"position\":1,\"name\":\"Home\",\"item\":\"https:\/\/www.comau.com\/fr\/\"},{\"@type\":\"ListItem\",\"position\":2,\"name\":\"Nos comp\u00e9tences\",\"item\":\"https:\/\/www.comau.com\/fr\/competencies\/\"},{\"@type\":\"ListItem\",\"position\":3,\"name\":\"Robotics &amp; Automation\",\"item\":\"https:\/\/www.comau.com\/fr\/competencies\/robotics-automation\/\"},{\"@type\":\"ListItem\",\"position\":4,\"name\":\"Depalletizer\"}]},{\"@type\":\"WebSite\",\"@id\":\"https:\/\/www.comau.com\/fr\/#website\",\"url\":\"https:\/\/www.comau.com\/fr\/\",\"name\":\"Comau\",\"description\":\"Industrial automation and robotics\",\"publisher\":{\"@id\":\"https:\/\/www.comau.com\/fr\/#organization\"},\"potentialAction\":[{\"@type\":\"SearchAction\",\"target\":{\"@type\":\"EntryPoint\",\"urlTemplate\":\"https:\/\/www.comau.com\/fr\/?s={search_term_string}\"},\"query-input\":{\"@type\":\"PropertyValueSpecification\",\"valueRequired\":true,\"valueName\":\"search_term_string\"}}],\"inLanguage\":\"fr-FR\"},{\"@type\":\"Organization\",\"@id\":\"https:\/\/www.comau.com\/fr\/#organization\",\"name\":\"Comau\",\"url\":\"https:\/\/www.comau.com\/fr\/\",\"logo\":{\"@type\":\"ImageObject\",\"inLanguage\":\"fr-FR\",\"@id\":\"https:\/\/www.comau.com\/fr\/#\/schema\/logo\/image\/\",\"url\":\"https:\/\/www.comau.com\/wp-content\/uploads\/2024\/07\/cropped-Logo-COMAU.png\",\"contentUrl\":\"https:\/\/www.comau.com\/wp-content\/uploads\/2024\/07\/cropped-Logo-COMAU.png\",\"width\":434,\"height\":434,\"caption\":\"Comau\"},\"image\":{\"@id\":\"https:\/\/www.comau.com\/fr\/#\/schema\/logo\/image\/\"},\"sameAs\":[\"https:\/\/www.facebook.com\/COMAU\/\",\"https:\/\/x.com\/comaugroup\",\"https:\/\/www.instagram.com\/comaugroup\/\",\"https:\/\/www.linkedin.com\/company\/comau\",\"https:\/\/www.youtube.com\/user\/comau\"]}]}<\/script>\n<!-- \/ Yoast SEO plugin. -->","yoast_head_json":{"title":"Depalletizer - Comau","robots":{"index":"index","follow":"follow","max-snippet":"max-snippet:-1","max-image-preview":"max-image-preview:large","max-video-preview":"max-video-preview:-1"},"canonical":"https:\/\/www.comau.com\/fr\/competencies\/robotics-automation\/depalletizer\/","og_locale":"fr_FR","og_type":"article","og_title":"Depalletizer - Comau","og_description":"Pleins feux sur&nbsp;: MI.RA\/Depalletizer La toute derni\u00e8re solution de la famille MI.RA (Machine Inspection Recognition Archetypes) de Comau utilise des cam\u00e9ras 3D et des algorithmes pouss\u00e9s pour d\u00e9tecter et d\u00e9palettiser les bo\u00eetes et caisses de mani\u00e8re fiable, rapide, pr\u00e9cise et \u00e9conomique.&nbsp; Qu\u2019il s\u2019agisse de bo\u00eetes de taille standard, d\u2019UGS uniques \u00e0 l\u2019emplacement incertain ou d\u2019UGS [&hellip;]","og_url":"https:\/\/www.comau.com\/fr\/competencies\/robotics-automation\/depalletizer\/","og_site_name":"Comau","article_publisher":"https:\/\/www.facebook.com\/COMAU\/","article_modified_time":"2022-03-28T14:32:14+00:00","og_image":[{"width":1450,"height":450,"url":"https:\/\/www.comau.com\/wp-content\/uploads\/2022\/03\/Prodotto-Depal.jpg","type":"image\/jpeg"}],"twitter_card":"summary_large_image","twitter_site":"@comaugroup","twitter_misc":{"Dur\u00e9e de lecture estim\u00e9e":"2 minutes"},"schema":{"@context":"https:\/\/schema.org","@graph":[{"@type":"WebPage","@id":"https:\/\/www.comau.com\/fr\/competencies\/robotics-automation\/depalletizer\/","url":"https:\/\/www.comau.com\/fr\/competencies\/robotics-automation\/depalletizer\/","name":"Depalletizer - Comau","isPartOf":{"@id":"https:\/\/www.comau.com\/fr\/#website"},"primaryImageOfPage":{"@id":"https:\/\/www.comau.com\/fr\/competencies\/robotics-automation\/depalletizer\/#primaryimage"},"image":{"@id":"https:\/\/www.comau.com\/fr\/competencies\/robotics-automation\/depalletizer\/#primaryimage"},"thumbnailUrl":"https:\/\/www.comau.com\/wp-content\/uploads\/2022\/10\/Mira-Depalletizer.jpg","datePublished":"2022-03-18T17:00:16+00:00","dateModified":"2022-03-28T14:32:14+00:00","breadcrumb":{"@id":"https:\/\/www.comau.com\/fr\/competencies\/robotics-automation\/depalletizer\/#breadcrumb"},"inLanguage":"fr-FR","potentialAction":[{"@type":"ReadAction","target":["https:\/\/www.comau.com\/fr\/competencies\/robotics-automation\/depalletizer\/"]}]},{"@type":"ImageObject","inLanguage":"fr-FR","@id":"https:\/\/www.comau.com\/fr\/competencies\/robotics-automation\/depalletizer\/#primaryimage","url":"https:\/\/www.comau.com\/wp-content\/uploads\/2022\/10\/Mira-Depalletizer.jpg","contentUrl":"https:\/\/www.comau.com\/wp-content\/uploads\/2022\/10\/Mira-Depalletizer.jpg","width":1450,"height":450,"caption":"Mira-Depalletizer"},{"@type":"BreadcrumbList","@id":"https:\/\/www.comau.com\/fr\/competencies\/robotics-automation\/depalletizer\/#breadcrumb","itemListElement":[{"@type":"ListItem","position":1,"name":"Home","item":"https:\/\/www.comau.com\/fr\/"},{"@type":"ListItem","position":2,"name":"Nos comp\u00e9tences","item":"https:\/\/www.comau.com\/fr\/competencies\/"},{"@type":"ListItem","position":3,"name":"Robotics &amp; Automation","item":"https:\/\/www.comau.com\/fr\/competencies\/robotics-automation\/"},{"@type":"ListItem","position":4,"name":"Depalletizer"}]},{"@type":"WebSite","@id":"https:\/\/www.comau.com\/fr\/#website","url":"https:\/\/www.comau.com\/fr\/","name":"Comau","description":"Industrial automation and robotics","publisher":{"@id":"https:\/\/www.comau.com\/fr\/#organization"},"potentialAction":[{"@type":"SearchAction","target":{"@type":"EntryPoint","urlTemplate":"https:\/\/www.comau.com\/fr\/?s={search_term_string}"},"query-input":{"@type":"PropertyValueSpecification","valueRequired":true,"valueName":"search_term_string"}}],"inLanguage":"fr-FR"},{"@type":"Organization","@id":"https:\/\/www.comau.com\/fr\/#organization","name":"Comau","url":"https:\/\/www.comau.com\/fr\/","logo":{"@type":"ImageObject","inLanguage":"fr-FR","@id":"https:\/\/www.comau.com\/fr\/#\/schema\/logo\/image\/","url":"https:\/\/www.comau.com\/wp-content\/uploads\/2024\/07\/cropped-Logo-COMAU.png","contentUrl":"https:\/\/www.comau.com\/wp-content\/uploads\/2024\/07\/cropped-Logo-COMAU.png","width":434,"height":434,"caption":"Comau"},"image":{"@id":"https:\/\/www.comau.com\/fr\/#\/schema\/logo\/image\/"},"sameAs":["https:\/\/www.facebook.com\/COMAU\/","https:\/\/x.com\/comaugroup","https:\/\/www.instagram.com\/comaugroup\/","https:\/\/www.linkedin.com\/company\/comau","https:\/\/www.youtube.com\/user\/comau"]}]}},"_links":{"self":[{"href":"https:\/\/www.comau.com\/fr\/wp-json\/wp\/v2\/pages\/43962","targetHints":{"allow":["GET"]}}],"collection":[{"href":"https:\/\/www.comau.com\/fr\/wp-json\/wp\/v2\/pages"}],"about":[{"href":"https:\/\/www.comau.com\/fr\/wp-json\/wp\/v2\/types\/page"}],"author":[{"embeddable":true,"href":"https:\/\/www.comau.com\/fr\/wp-json\/wp\/v2\/users\/7"}],"replies":[{"embeddable":true,"href":"https:\/\/www.comau.com\/fr\/wp-json\/wp\/v2\/comments?post=43962"}],"version-history":[{"count":7,"href":"https:\/\/www.comau.com\/fr\/wp-json\/wp\/v2\/pages\/43962\/revisions"}],"predecessor-version":[{"id":44257,"href":"https:\/\/www.comau.com\/fr\/wp-json\/wp\/v2\/pages\/43962\/revisions\/44257"}],"up":[{"embeddable":true,"href":"https:\/\/www.comau.com\/fr\/wp-json\/wp\/v2\/pages\/5715"}],"wp:featuredmedia":[{"embeddable":true,"href":"https:\/\/www.comau.com\/fr\/wp-json\/wp\/v2\/media\/48241"}],"wp:attachment":[{"href":"https:\/\/www.comau.com\/fr\/wp-json\/wp\/v2\/media?parent=43962"}],"curies":[{"name":"wp","href":"https:\/\/api.w.org\/{rel}","templated":true}]}}