{"id":43942,"date":"2022-03-18T15:43:12","date_gmt":"2022-03-18T14:43:12","guid":{"rendered":"https:\/\/www.comau.com\/?page_id=43942"},"modified":"2024-06-21T11:08:06","modified_gmt":"2024-06-21T09:08:06","slug":"mi-ra","status":"publish","type":"page","link":"https:\/\/www.comau.com\/fr\/competencies\/products-solutions\/mi-ra\/","title":{"rendered":"MI.RA"},"content":{"rendered":"\n<h2 class=\"wp-block-heading\">Une famille solide<\/h2>\n\n\n\n<p>La nouvelle famille Comau de syst\u00e8mes de vision flexibles et ind\u00e9pendants du mat\u00e9riel, appel\u00e9e Machine Inspection Recognition Archetypes (MI.RA), permet aux entreprises de toutes tailles de s\u2019atteler au contr\u00f4le de la qualit\u00e9 et au guidage robotique d\u2019une fa\u00e7on intelligente et directe.<\/p>\n\n\n\n<p>Face \u00e0 la demande de souplesse et d\u2019innovation de la plupart des sc\u00e9narios de production les plus complexes, le portefeuille de produits MI.RA garantit des solutions modulables, extensibles, stables et personnalisables, qui r\u00e9duisent les frais d\u2019exploitation tout en augmentant la production et les performances. L\u2019automatisation cognitive n\u2019a jamais \u00e9t\u00e9 aussi simple!<\/p>\n\n\n\n<h2 class=\"wp-block-heading\">D\u00e9couvrez Comau Vision Systems<\/h2>\n\n\n\n<div class=\"wp-block-columns columns-bg-dark is-layout-flex wp-container-core-columns-is-layout-9d6595d7 wp-block-columns-is-layout-flex\">\n<div class=\"wp-block-column is-layout-flow wp-block-column-is-layout-flow\">\n<h2 class=\"wp-block-heading\"><strong>MI.RA\/OnePicker<\/strong><\/h2>\n\n\n\n<h3 class=\"wp-block-heading\">Pr\u00e9l\u00e8vement intelligent de pi\u00e8ces par vision<\/h3>\n\n\n\n<p>La puissante solution de Comau bas\u00e9e sur l&rsquo;IA permet de pr\u00e9lever de mani\u00e8re autonome des objets g\u00e9n\u00e9riques et h\u00e9t\u00e9rog\u00e8nes, r\u00e9duisant ainsi le besoin d&rsquo;op\u00e9rations manuelles et r\u00e9p\u00e9titives tout en augmentant la productivit\u00e9 globale et la rentabilit\u00e9.<\/p>\n\n\n\n<div class=\"wp-block-buttons is-layout-flex wp-block-buttons-is-layout-flex\">\n<div class=\"wp-block-button\"><a class=\"wp-block-button__link wp-element-button\" href=\"https:\/\/www.comau.com\/fr\/competencies\/robotics-automation\/prelevement-assiste-par-vision-intelligente\/\" target=\"_blank\" rel=\"noreferrer noopener\">EN SAVOIR PLUS<\/a><\/div>\n<\/div>\n<\/div>\n\n\n\n<div class=\"wp-block-column is-layout-flow wp-block-column-is-layout-flow\">\n<h2 class=\"wp-block-heading\"><strong>MI.RA\/Picker<\/strong><\/h2>\n\n\n\n<h3 class=\"wp-block-heading\">Pr\u00e9l\u00e8vement automatis\u00e9 de bacs par vision<\/h3>\n\n\n\n<p>Solution standard tout-en-un de Comau pour le pr\u00e9l\u00e8vement al\u00e9atoire de bacs. Con\u00e7ue pour automatiser la t\u00e2che de vidage des bacs remplis d&rsquo;objets d&rsquo;un seul type, elle r\u00e9duit le besoin d&rsquo;op\u00e9rations manuelles et r\u00e9p\u00e9titives et augmente la productivit\u00e9 et la rentabilit\u00e9.<\/p>\n\n\n\n<div class=\"wp-block-buttons is-layout-flex wp-block-buttons-is-layout-flex\">\n<div class=\"wp-block-button\"><a class=\"wp-block-button__link wp-element-button\" href=\"https:\/\/www.comau.com\/en\/competencies\/robotics-automation\/bin-picking\/\" target=\"_blank\" rel=\"noreferrer noopener\">EN SAVOIR PLUS<\/a><\/div>\n<\/div>\n<\/div>\n<\/div>\n\n\n\n<div class=\"wp-block-columns columns-bg-dark is-layout-flex wp-container-core-columns-is-layout-9d6595d7 wp-block-columns-is-layout-flex\">\n<div class=\"wp-block-column is-layout-flow wp-block-column-is-layout-flow\">\n<h2 class=\"wp-block-heading\"><strong><strong>MI.RA\/3D<\/strong><\/strong><\/h2>\n\n\n\n<p>La technologie MI.RA\/3D tout-en-un de Comau assure le guidage tridimensionnel d\u2019un robot, et ce, sans cam\u00e9ra 3D co\u00fbteuse. Notre solution ind\u00e9pendante du mat\u00e9riel aide les robots \u00e0 ex\u00e9cuter de mani\u00e8re fiable des op\u00e9rations de grande pr\u00e9cision au moyen d\u2019une cam\u00e9ra 2D et des algorithmes perfectionn\u00e9s de Comau. En adaptant totalement la pr\u00e9cision du guidage aux exigences de la t\u00e2che en question, MI.RA\/3D permet aux robots de r\u00e9aliser les t\u00e2ches difficiles avec plus d\u2019intelligence, de rapidit\u00e9 et de pr\u00e9cision.<\/p>\n\n\n\n<div class=\"wp-block-buttons is-layout-flex wp-block-buttons-is-layout-flex\">\n<div class=\"wp-block-button\"><a class=\"wp-block-button__link wp-element-button\" href=\"https:\/\/www.comau.com\/fr\/competencies\/robotics-automation\/3d\/\" target=\"_blank\" rel=\"noreferrer noopener\">EN SAVOIR PLUS<\/a><\/div>\n<\/div>\n<\/div>\n\n\n\n<div class=\"wp-block-column is-layout-flow wp-block-column-is-layout-flow\">\n<h2 class=\"wp-block-heading\"><strong><strong>MI.RA\/Depalletizer<\/strong><\/strong><\/h2>\n\n\n\n<p>La solution de d\u00e9palettisation automatis\u00e9e de Comau utilise des algorithmes d\u2019apprentissage automatique et de guidage tridimensionnel des robots pour manipuler jusqu\u2019aux bo\u00eetes les plus fragiles. La technologie innovante de MI.RA\/Depalletizer d\u00e9tecte et distingue des types d\u2019UGS m\u00e9lang\u00e9s, afin de g\u00e9rer la complexit\u00e9 des op\u00e9rations de d\u00e9palettisation de grande ampleur, garantir la pr\u00e9cision et assurer une productivit\u00e9 plus \u00e9lev\u00e9e en d\u00e9pit de la grande diversit\u00e9 des UGS et de leur position.<\/p>\n\n\n\n<div class=\"wp-block-buttons is-layout-flex wp-block-buttons-is-layout-flex\">\n<div class=\"wp-block-button\"><a class=\"wp-block-button__link wp-element-button\" href=\"https:\/\/www.comau.com\/fr\/competencies\/robotics-automation\/depalletizer\/\" target=\"_blank\" rel=\"noreferrer noopener\">EN SAVOIR PLUS<\/a><\/div>\n<\/div>\n<\/div>\n<\/div>\n\n\n\n<h2 class=\"wp-block-heading\">Une robotique perfectionn\u00e9e et humanis\u00e9e pour des essais \u00e0 360\u00b0<\/h2>\n\n\n\n<p>Le fonctionnement d\u2019un centre d\u2019infodivertissement d\u00e9pend largement de la qualit\u00e9 de sa conception et de l\u2019efficacit\u00e9 de son interface homme-machine. Pour tester ces deux aspects de mani\u00e8re rapide, automatis\u00e9e et rentable, Comau a humanis\u00e9 son banc d\u2019essai robotique pour qu\u2019il <em>voie<\/em> l\u2019\u00e9cran, <em>ex\u00e9cute<\/em> des op\u00e9rations et <em>r\u00e9ponde<\/em> \u00e0 des images, du texte et des entr\u00e9es vocales \u2013 comme un conducteur.<\/p>\n","protected":false},"excerpt":{"rendered":"<p>Une famille solide La nouvelle famille Comau de syst\u00e8mes de vision flexibles et ind\u00e9pendants du mat\u00e9riel, appel\u00e9e Machine Inspection Recognition Archetypes (MI.RA), permet aux entreprises de toutes tailles de s\u2019atteler au contr\u00f4le de la qualit\u00e9 et au guidage robotique d\u2019une fa\u00e7on intelligente et directe. Face \u00e0 la demande de souplesse et d\u2019innovation de la plupart [&hellip;]<\/p>\n","protected":false},"author":7,"featured_media":43926,"parent":65268,"menu_order":0,"comment_status":"closed","ping_status":"closed","template":"","meta":{"_acf_changed":false,"ep_exclude_from_search":false,"footnotes":""},"class_list":["post-43942","page","type-page","status-publish","has-post-thumbnail","hentry"],"acf":[],"yoast_head":"<!-- This site is optimized with the Yoast SEO plugin v26.9 - https:\/\/yoast.com\/product\/yoast-seo-wordpress\/ -->\n<title>Syst\u00e8mes Intelligents d&#039;Automatisation: MI.RA | Comau<\/title>\n<meta name=\"description\" content=\"D\u00e9couvrez les syst\u00e8mes intelligents d&#039;automatisation pour optimiser les processus: voici l&#039;actualit\u00e9 MI.RA!\" \/>\n<meta name=\"robots\" content=\"index, follow, max-snippet:-1, max-image-preview:large, max-video-preview:-1\" \/>\n<link rel=\"canonical\" href=\"https:\/\/www.comau.com\/fr\/competencies\/products-solutions\/mi-ra\/\" \/>\n<meta property=\"og:locale\" content=\"fr_FR\" \/>\n<meta property=\"og:type\" content=\"article\" \/>\n<meta property=\"og:title\" content=\"Syst\u00e8mes Intelligents d&#039;Automatisation: MI.RA | Comau\" \/>\n<meta property=\"og:description\" content=\"D\u00e9couvrez les syst\u00e8mes intelligents d&#039;automatisation pour optimiser les processus: voici l&#039;actualit\u00e9 MI.RA!\" \/>\n<meta property=\"og:url\" content=\"https:\/\/www.comau.com\/fr\/competencies\/products-solutions\/mi-ra\/\" \/>\n<meta property=\"og:site_name\" content=\"Comau\" \/>\n<meta property=\"article:publisher\" content=\"https:\/\/www.facebook.com\/COMAU\/\" \/>\n<meta property=\"article:modified_time\" content=\"2024-06-21T09:08:06+00:00\" \/>\n<meta property=\"og:image\" content=\"https:\/\/www.comau.com\/wp-content\/uploads\/2022\/03\/Mira_vision_system.jpg\" \/>\n\t<meta property=\"og:image:width\" content=\"1450\" \/>\n\t<meta property=\"og:image:height\" content=\"450\" \/>\n\t<meta property=\"og:image:type\" content=\"image\/jpeg\" \/>\n<meta name=\"twitter:card\" content=\"summary_large_image\" \/>\n<meta name=\"twitter:site\" content=\"@comaugroup\" \/>\n<meta name=\"twitter:label1\" content=\"Dur\u00e9e de lecture estim\u00e9e\" \/>\n\t<meta name=\"twitter:data1\" content=\"3 minutes\" \/>\n<script type=\"application\/ld+json\" class=\"yoast-schema-graph\">{\"@context\":\"https:\/\/schema.org\",\"@graph\":[{\"@type\":\"WebPage\",\"@id\":\"https:\/\/www.comau.com\/fr\/competencies\/products-solutions\/mi-ra\/\",\"url\":\"https:\/\/www.comau.com\/fr\/competencies\/products-solutions\/mi-ra\/\",\"name\":\"Syst\u00e8mes Intelligents d'Automatisation: MI.RA | Comau\",\"isPartOf\":{\"@id\":\"https:\/\/www.comau.com\/fr\/#website\"},\"primaryImageOfPage\":{\"@id\":\"https:\/\/www.comau.com\/fr\/competencies\/products-solutions\/mi-ra\/#primaryimage\"},\"image\":{\"@id\":\"https:\/\/www.comau.com\/fr\/competencies\/products-solutions\/mi-ra\/#primaryimage\"},\"thumbnailUrl\":\"https:\/\/www.comau.com\/wp-content\/uploads\/2022\/03\/Mira_vision_system.jpg\",\"datePublished\":\"2022-03-18T14:43:12+00:00\",\"dateModified\":\"2024-06-21T09:08:06+00:00\",\"description\":\"D\u00e9couvrez les syst\u00e8mes intelligents d'automatisation pour optimiser les processus: voici l'actualit\u00e9 MI.RA!\",\"breadcrumb\":{\"@id\":\"https:\/\/www.comau.com\/fr\/competencies\/products-solutions\/mi-ra\/#breadcrumb\"},\"inLanguage\":\"fr-FR\",\"potentialAction\":[{\"@type\":\"ReadAction\",\"target\":[\"https:\/\/www.comau.com\/fr\/competencies\/products-solutions\/mi-ra\/\"]}]},{\"@type\":\"ImageObject\",\"inLanguage\":\"fr-FR\",\"@id\":\"https:\/\/www.comau.com\/fr\/competencies\/products-solutions\/mi-ra\/#primaryimage\",\"url\":\"https:\/\/www.comau.com\/wp-content\/uploads\/2022\/03\/Mira_vision_system.jpg\",\"contentUrl\":\"https:\/\/www.comau.com\/wp-content\/uploads\/2022\/03\/Mira_vision_system.jpg\",\"width\":1450,\"height\":450},{\"@type\":\"BreadcrumbList\",\"@id\":\"https:\/\/www.comau.com\/fr\/competencies\/products-solutions\/mi-ra\/#breadcrumb\",\"itemListElement\":[{\"@type\":\"ListItem\",\"position\":1,\"name\":\"Home\",\"item\":\"https:\/\/www.comau.com\/fr\/\"},{\"@type\":\"ListItem\",\"position\":2,\"name\":\"Nos comp\u00e9tences\",\"item\":\"https:\/\/www.comau.com\/fr\/competencies\/\"},{\"@type\":\"ListItem\",\"position\":3,\"name\":\"Robotics &amp; Automation\",\"item\":\"https:\/\/www.comau.com\/fr\/competencies\/robotics-automation\/\"},{\"@type\":\"ListItem\",\"position\":4,\"name\":\"MI.RA\"}]},{\"@type\":\"WebSite\",\"@id\":\"https:\/\/www.comau.com\/fr\/#website\",\"url\":\"https:\/\/www.comau.com\/fr\/\",\"name\":\"Comau\",\"description\":\"Industrial automation and robotics\",\"publisher\":{\"@id\":\"https:\/\/www.comau.com\/fr\/#organization\"},\"potentialAction\":[{\"@type\":\"SearchAction\",\"target\":{\"@type\":\"EntryPoint\",\"urlTemplate\":\"https:\/\/www.comau.com\/fr\/?s={search_term_string}\"},\"query-input\":{\"@type\":\"PropertyValueSpecification\",\"valueRequired\":true,\"valueName\":\"search_term_string\"}}],\"inLanguage\":\"fr-FR\"},{\"@type\":\"Organization\",\"@id\":\"https:\/\/www.comau.com\/fr\/#organization\",\"name\":\"Comau\",\"url\":\"https:\/\/www.comau.com\/fr\/\",\"logo\":{\"@type\":\"ImageObject\",\"inLanguage\":\"fr-FR\",\"@id\":\"https:\/\/www.comau.com\/fr\/#\/schema\/logo\/image\/\",\"url\":\"https:\/\/www.comau.com\/wp-content\/uploads\/2024\/07\/cropped-Logo-COMAU.png\",\"contentUrl\":\"https:\/\/www.comau.com\/wp-content\/uploads\/2024\/07\/cropped-Logo-COMAU.png\",\"width\":434,\"height\":434,\"caption\":\"Comau\"},\"image\":{\"@id\":\"https:\/\/www.comau.com\/fr\/#\/schema\/logo\/image\/\"},\"sameAs\":[\"https:\/\/www.facebook.com\/COMAU\/\",\"https:\/\/x.com\/comaugroup\",\"https:\/\/www.instagram.com\/comaugroup\/\",\"https:\/\/www.linkedin.com\/company\/comau\",\"https:\/\/www.youtube.com\/user\/comau\"]}]}<\/script>\n<!-- \/ Yoast SEO plugin. -->","yoast_head_json":{"title":"Syst\u00e8mes Intelligents d'Automatisation: MI.RA | Comau","description":"D\u00e9couvrez les syst\u00e8mes intelligents d'automatisation pour optimiser les processus: voici l'actualit\u00e9 MI.RA!","robots":{"index":"index","follow":"follow","max-snippet":"max-snippet:-1","max-image-preview":"max-image-preview:large","max-video-preview":"max-video-preview:-1"},"canonical":"https:\/\/www.comau.com\/fr\/competencies\/products-solutions\/mi-ra\/","og_locale":"fr_FR","og_type":"article","og_title":"Syst\u00e8mes Intelligents d'Automatisation: MI.RA | Comau","og_description":"D\u00e9couvrez les syst\u00e8mes intelligents d'automatisation pour optimiser les processus: voici l'actualit\u00e9 MI.RA!","og_url":"https:\/\/www.comau.com\/fr\/competencies\/products-solutions\/mi-ra\/","og_site_name":"Comau","article_publisher":"https:\/\/www.facebook.com\/COMAU\/","article_modified_time":"2024-06-21T09:08:06+00:00","og_image":[{"width":1450,"height":450,"url":"https:\/\/www.comau.com\/wp-content\/uploads\/2022\/03\/Mira_vision_system.jpg","type":"image\/jpeg"}],"twitter_card":"summary_large_image","twitter_site":"@comaugroup","twitter_misc":{"Dur\u00e9e de lecture estim\u00e9e":"3 minutes"},"schema":{"@context":"https:\/\/schema.org","@graph":[{"@type":"WebPage","@id":"https:\/\/www.comau.com\/fr\/competencies\/products-solutions\/mi-ra\/","url":"https:\/\/www.comau.com\/fr\/competencies\/products-solutions\/mi-ra\/","name":"Syst\u00e8mes Intelligents d'Automatisation: MI.RA | Comau","isPartOf":{"@id":"https:\/\/www.comau.com\/fr\/#website"},"primaryImageOfPage":{"@id":"https:\/\/www.comau.com\/fr\/competencies\/products-solutions\/mi-ra\/#primaryimage"},"image":{"@id":"https:\/\/www.comau.com\/fr\/competencies\/products-solutions\/mi-ra\/#primaryimage"},"thumbnailUrl":"https:\/\/www.comau.com\/wp-content\/uploads\/2022\/03\/Mira_vision_system.jpg","datePublished":"2022-03-18T14:43:12+00:00","dateModified":"2024-06-21T09:08:06+00:00","description":"D\u00e9couvrez les syst\u00e8mes intelligents d'automatisation pour optimiser les processus: voici l'actualit\u00e9 MI.RA!","breadcrumb":{"@id":"https:\/\/www.comau.com\/fr\/competencies\/products-solutions\/mi-ra\/#breadcrumb"},"inLanguage":"fr-FR","potentialAction":[{"@type":"ReadAction","target":["https:\/\/www.comau.com\/fr\/competencies\/products-solutions\/mi-ra\/"]}]},{"@type":"ImageObject","inLanguage":"fr-FR","@id":"https:\/\/www.comau.com\/fr\/competencies\/products-solutions\/mi-ra\/#primaryimage","url":"https:\/\/www.comau.com\/wp-content\/uploads\/2022\/03\/Mira_vision_system.jpg","contentUrl":"https:\/\/www.comau.com\/wp-content\/uploads\/2022\/03\/Mira_vision_system.jpg","width":1450,"height":450},{"@type":"BreadcrumbList","@id":"https:\/\/www.comau.com\/fr\/competencies\/products-solutions\/mi-ra\/#breadcrumb","itemListElement":[{"@type":"ListItem","position":1,"name":"Home","item":"https:\/\/www.comau.com\/fr\/"},{"@type":"ListItem","position":2,"name":"Nos comp\u00e9tences","item":"https:\/\/www.comau.com\/fr\/competencies\/"},{"@type":"ListItem","position":3,"name":"Robotics &amp; Automation","item":"https:\/\/www.comau.com\/fr\/competencies\/robotics-automation\/"},{"@type":"ListItem","position":4,"name":"MI.RA"}]},{"@type":"WebSite","@id":"https:\/\/www.comau.com\/fr\/#website","url":"https:\/\/www.comau.com\/fr\/","name":"Comau","description":"Industrial automation and robotics","publisher":{"@id":"https:\/\/www.comau.com\/fr\/#organization"},"potentialAction":[{"@type":"SearchAction","target":{"@type":"EntryPoint","urlTemplate":"https:\/\/www.comau.com\/fr\/?s={search_term_string}"},"query-input":{"@type":"PropertyValueSpecification","valueRequired":true,"valueName":"search_term_string"}}],"inLanguage":"fr-FR"},{"@type":"Organization","@id":"https:\/\/www.comau.com\/fr\/#organization","name":"Comau","url":"https:\/\/www.comau.com\/fr\/","logo":{"@type":"ImageObject","inLanguage":"fr-FR","@id":"https:\/\/www.comau.com\/fr\/#\/schema\/logo\/image\/","url":"https:\/\/www.comau.com\/wp-content\/uploads\/2024\/07\/cropped-Logo-COMAU.png","contentUrl":"https:\/\/www.comau.com\/wp-content\/uploads\/2024\/07\/cropped-Logo-COMAU.png","width":434,"height":434,"caption":"Comau"},"image":{"@id":"https:\/\/www.comau.com\/fr\/#\/schema\/logo\/image\/"},"sameAs":["https:\/\/www.facebook.com\/COMAU\/","https:\/\/x.com\/comaugroup","https:\/\/www.instagram.com\/comaugroup\/","https:\/\/www.linkedin.com\/company\/comau","https:\/\/www.youtube.com\/user\/comau"]}]}},"_links":{"self":[{"href":"https:\/\/www.comau.com\/fr\/wp-json\/wp\/v2\/pages\/43942","targetHints":{"allow":["GET"]}}],"collection":[{"href":"https:\/\/www.comau.com\/fr\/wp-json\/wp\/v2\/pages"}],"about":[{"href":"https:\/\/www.comau.com\/fr\/wp-json\/wp\/v2\/types\/page"}],"author":[{"embeddable":true,"href":"https:\/\/www.comau.com\/fr\/wp-json\/wp\/v2\/users\/7"}],"replies":[{"embeddable":true,"href":"https:\/\/www.comau.com\/fr\/wp-json\/wp\/v2\/comments?post=43942"}],"version-history":[{"count":9,"href":"https:\/\/www.comau.com\/fr\/wp-json\/wp\/v2\/pages\/43942\/revisions"}],"predecessor-version":[{"id":64731,"href":"https:\/\/www.comau.com\/fr\/wp-json\/wp\/v2\/pages\/43942\/revisions\/64731"}],"up":[{"embeddable":true,"href":"https:\/\/www.comau.com\/fr\/wp-json\/wp\/v2\/pages\/65268"}],"wp:featuredmedia":[{"embeddable":true,"href":"https:\/\/www.comau.com\/fr\/wp-json\/wp\/v2\/media\/43926"}],"wp:attachment":[{"href":"https:\/\/www.comau.com\/fr\/wp-json\/wp\/v2\/media?parent=43942"}],"curies":[{"name":"wp","href":"https:\/\/api.w.org\/{rel}","templated":true}]}}