{"id":43243,"date":"2022-02-24T00:05:12","date_gmt":"2022-02-23T23:05:12","guid":{"rendered":"https:\/\/www.comau.com\/?page_id=43243"},"modified":"2025-04-01T07:19:02","modified_gmt":"2025-04-01T05:19:02","slug":"sustainability","status":"publish","type":"page","link":"https:\/\/www.comau.com\/fr\/about-us\/sustainability\/","title":{"rendered":"Sustainability"},"content":{"rendered":"\n<p>Parvenir \u00e0 un v\u00e9ritable d\u00e9veloppement durable est certainement l\u2019un des plus grands d\u00e9fis de l\u2019industrie du 21e si\u00e8cle. Tout est li\u00e9. Les bonnes pratiques op\u00e9rationnelles d\u2019une entreprise ont une influence non seulement sur les employ\u00e9s, les fournisseurs et les clients, mais aussi sur la nature et la soci\u00e9t\u00e9. Chez Comau, nous en sommes bien conscients et c\u2019est pourquoi notre engagement envers le d\u00e9veloppement durable est si pouss\u00e9 et englobe de vastes questions strat\u00e9giques.<\/p>\n\n\n\n<p>Bien que des sujets tels que la diversit\u00e9 et l\u2019inclusion, l\u2019usage responsable des ressources, la r\u00e9duction des \u00e9missions de carbone, la sant\u00e9 et la s\u00e9curit\u00e9 au travail et les proc\u00e9dures d\u2019acquisition responsables puissent sembler sans aucun lien entre eux, ils sont les \u00e9l\u00e9ments cruciaux d\u2019une transition r\u00e9ussie vers un avenir plus vert et plus autosuffisant.<\/p>\n\n\n\n<p>L\u2019\u00e9lan actuel de Comau en mati\u00e8re d\u2019innovation nous a naturellement amen\u00e9s \u00e0 adopter et cr\u00e9er des solutions et technologies durables, \u00e0 la fois pour nos propres activit\u00e9s et pour celles de nos clients. Nous soutenons l\u2019industrie et la soci\u00e9t\u00e9 dans divers projets, dans quatre domaines sp\u00e9cifiques.<\/p>\n\n\n\n<div class=\"wp-block-columns is-layout-flex wp-container-core-columns-is-layout-9d6595d7 wp-block-columns-is-layout-flex\">\n<div class=\"wp-block-column is-layout-flow wp-block-column-is-layout-flow\">\n<figure class=\"wp-block-image size-full\"><img decoding=\"async\" width=\"540\" height=\"450\" src=\"https:\/\/www.comau.com\/wp-content\/uploads\/2022\/02\/Box-Environmental-FR.jpg\" alt=\"\" class=\"wp-image-43174\" srcset=\"https:\/\/www.comau.com\/wp-content\/uploads\/2022\/02\/Box-Environmental-FR.jpg 540w, https:\/\/www.comau.com\/wp-content\/uploads\/2022\/02\/Box-Environmental-FR-300x250.jpg 300w\" sizes=\"(max-width: 540px) 100vw, 540px\" \/><\/figure>\n\n\n\n<p>Un avenir durable n\u2019est possible que si des d\u00e9cisions concr\u00e8tes sont prises. C\u2019est pourquoi Comau tient fermement \u00e0 r\u00e9duire ses \u00e9missions de gaz \u00e0 effet de serre, minimiser sa consommation d\u2019\u00e9nergie et d\u2019eau et int\u00e9grer ses activit\u00e9s dans l\u2019\u00e9conomie circulaire. De plus, notre entreprise est un partenaire actif de nombreux projets europ\u00e9ens et internationaux visant \u00e0 acc\u00e9l\u00e9rer la diffusion de technologies et de proc\u00e9d\u00e9s de production plus respectueux de l\u2019environnement.<\/p>\n<\/div>\n\n\n\n<div class=\"wp-block-column is-layout-flow wp-block-column-is-layout-flow\">\n<figure class=\"wp-block-image size-full\"><img decoding=\"async\" width=\"540\" height=\"450\" src=\"https:\/\/www.comau.com\/wp-content\/uploads\/2022\/02\/Box-Social-FR.jpg\" alt=\"\" class=\"wp-image-43180\" srcset=\"https:\/\/www.comau.com\/wp-content\/uploads\/2022\/02\/Box-Social-FR.jpg 540w, https:\/\/www.comau.com\/wp-content\/uploads\/2022\/02\/Box-Social-FR-300x250.jpg 300w\" sizes=\"(max-width: 540px) 100vw, 540px\" \/><\/figure>\n\n\n\n<p>Pour attirer les meilleurs talents, encourager l\u2019innovation et faire b\u00e9n\u00e9ficier la soci\u00e9t\u00e9 des progr\u00e8s, il est essentiel de cr\u00e9er un environnement de travail juste, inclusif et s\u00fbr, dans lequel la sant\u00e9 est garantie, la diversit\u00e9, valoris\u00e9e et les droits de l\u2019homme et la r\u00e9glementation environnementale, respect\u00e9s. Assurer le bien-\u00eatre de nos employ\u00e9s est le premier pas vers un meilleur avenir, durable, pour les industries et la collectivit\u00e9. Voil\u00e0 pourquoi, chez Comau, en accord avec nos valeurs fondamentales, nous soutenons activement de nombreuses causes sociales dans le monde.<\/p>\n<\/div>\n<\/div>\n\n\n\n<div class=\"wp-block-columns is-layout-flex wp-container-core-columns-is-layout-9d6595d7 wp-block-columns-is-layout-flex\">\n<div class=\"wp-block-column is-layout-flow wp-block-column-is-layout-flow\">\n<figure class=\"wp-block-image size-full\"><img decoding=\"async\" width=\"540\" height=\"450\" src=\"https:\/\/www.comau.com\/wp-content\/uploads\/2022\/02\/Box-Product-FR.jpg\" alt=\"\" class=\"wp-image-43186\" srcset=\"https:\/\/www.comau.com\/wp-content\/uploads\/2022\/02\/Box-Product-FR.jpg 540w, https:\/\/www.comau.com\/wp-content\/uploads\/2022\/02\/Box-Product-FR-300x250.jpg 300w\" sizes=\"(max-width: 540px) 100vw, 540px\" \/><\/figure>\n\n\n\n<p>L\u2019innovation est la cl\u00e9 du d\u00e9veloppement durable. La recherche actuelle sur les nouveaux proc\u00e9d\u00e9s de production et les perc\u00e9es technologiques telles que la num\u00e9risation permettent \u00e0 Comau de mettre au point des produits \u00e0 bon rendement \u00e9nerg\u00e9tique qui n\u00e9cessitent moins de ressources et sont plus faciles \u00e0 recycler. En offrant de meilleurs services, nous aidons les entreprises \u00e0 devenir plus productives, tout en r\u00e9duisant les \u00e9missions de gaz, en consommant moins d\u2019eau et en utilisant les mati\u00e8res de fa\u00e7on responsable.<\/p>\n\n\n\n<p>Nous collaborons \u00e0 plusieurs projets de recherche et d\u00e9veloppement internationaux et de l\u2019UE, qui cherchent \u00e0 soutenir les industries dans leur transition vers une d\u00e9marche plus durable, au moyen de solutions r\u00e9volutionnaires.<\/p>\n<\/div>\n\n\n\n<div class=\"wp-block-column is-layout-flow wp-block-column-is-layout-flow\">\n<figure class=\"wp-block-image size-full\"><img decoding=\"async\" width=\"540\" height=\"450\" src=\"https:\/\/www.comau.com\/wp-content\/uploads\/2022\/02\/Box-Governance-FR.jpg\" alt=\"\" class=\"wp-image-43192\" srcset=\"https:\/\/www.comau.com\/wp-content\/uploads\/2022\/02\/Box-Governance-FR.jpg 540w, https:\/\/www.comau.com\/wp-content\/uploads\/2022\/02\/Box-Governance-FR-300x250.jpg 300w\" sizes=\"(max-width: 540px) 100vw, 540px\" \/><\/figure>\n\n\n\n<p>Notre d\u00e9veloppement durable passe obligatoirement par des pratiques \u00e9thiques, transparentes et responsables. En int\u00e9grant la durabilit\u00e9 dans son mod\u00e8le de gouvernance, Comau promet de s\u2019engager dans des pratiques d\u2019approvisionnement plus responsables, d\u2019accorder la plus grande importance \u00e0 la protection des donn\u00e9es de ses clients et d\u2019\u00eatre pr\u00eate \u00e0 engager le dialogue avec ses acteurs et avec la collectivit\u00e9 au sujet de ses activit\u00e9s.<\/p>\n<\/div>\n<\/div>\n\n\n\n<h2 class=\"wp-block-heading\">Our projects<\/h2>\n\n\n\n<div class=\"wp-block-columns is-layout-flex wp-container-core-columns-is-layout-9d6595d7 wp-block-columns-is-layout-flex\">\n<div class=\"wp-block-column is-layout-flow wp-block-column-is-layout-flow\">\n<h3 class=\"wp-block-heading\"><strong>Les femmes dans l\u2019ing\u00e9nierie \u2013 Royaume-Uni<\/strong><\/h3>\n\n\n\n<figure class=\"wp-block-image size-full\"><img decoding=\"async\" width=\"541\" height=\"360\" src=\"https:\/\/www.comau.com\/wp-content\/uploads\/2022\/02\/Project-Social_Women-in-EngineeringFR.jpg\" alt=\"\" class=\"wp-image-43216\" srcset=\"https:\/\/www.comau.com\/wp-content\/uploads\/2022\/02\/Project-Social_Women-in-EngineeringFR.jpg 541w, https:\/\/www.comau.com\/wp-content\/uploads\/2022\/02\/Project-Social_Women-in-EngineeringFR-300x200.jpg 300w\" sizes=\"(max-width: 541px) 100vw, 541px\" \/><\/figure>\n\n\n\n<p>Beaucoup d\u2019employ\u00e9s de Comau Royaume-Uni sont impliqu\u00e9s dans cette initiative pour encourager la pr\u00e9sence des femmes dans le domaine STEM, avec diff\u00e9rentes activit\u00e9s dans les \u00e9coles et universit\u00e9s locales. Il s\u2019agit notamment du sponsoring d\u2019une \u00e9quipe 100 % f\u00e9minine au championnat national Vex Robotics et d\u2019interventions de nos employ\u00e9s en milieu scolaire pour inspirer les futures ing\u00e9nieures et briser le st\u00e9r\u00e9otype selon lequel les STEM sont r\u00e9serv\u00e9s aux hommes.<\/p>\n<\/div>\n\n\n\n<div class=\"wp-block-column is-layout-flow wp-block-column-is-layout-flow\">\n<h3 class=\"wp-block-heading\"><strong>Les femmes dans l\u2019automatisation \u2013 Mexique<\/strong><\/h3>\n\n\n\n<figure class=\"wp-block-image size-full\"><img decoding=\"async\" width=\"541\" height=\"360\" src=\"https:\/\/www.comau.com\/wp-content\/uploads\/2022\/02\/Project-Social_Women-in-AutomationFR.jpg\" alt=\"\" class=\"wp-image-43204\" srcset=\"https:\/\/www.comau.com\/wp-content\/uploads\/2022\/02\/Project-Social_Women-in-AutomationFR.jpg 541w, https:\/\/www.comau.com\/wp-content\/uploads\/2022\/02\/Project-Social_Women-in-AutomationFR-300x200.jpg 300w\" sizes=\"(max-width: 541px) 100vw, 541px\" \/><\/figure>\n\n\n\n<p>S\u00e9rie de projets sp\u00e9ciaux r\u00e9unissant toutes les employ\u00e9es d\u2019Am\u00e9rique du Nord pour am\u00e9liorer l\u2019entreprise par une d\u00e9marche plus inclusive de recrutement et de collaboration avec des organisations caritatives.<\/p>\n<\/div>\n<\/div>\n\n\n\n<div class=\"wp-block-columns is-layout-flex wp-container-core-columns-is-layout-9d6595d7 wp-block-columns-is-layout-flex\">\n<div class=\"wp-block-column is-layout-flow wp-block-column-is-layout-flow\">\n<h3 class=\"wp-block-heading\"><strong>Programmes d\u2019apprentissage et d\u2019inclusion \u2013 Br\u00e9sil<\/strong><\/h3>\n\n\n\n<figure class=\"wp-block-image size-full\"><img decoding=\"async\" width=\"541\" height=\"360\" src=\"https:\/\/www.comau.com\/wp-content\/uploads\/2022\/02\/Project-Social_BRAZILFR.jpg\" alt=\"\" class=\"wp-image-43210\" srcset=\"https:\/\/www.comau.com\/wp-content\/uploads\/2022\/02\/Project-Social_BRAZILFR.jpg 541w, https:\/\/www.comau.com\/wp-content\/uploads\/2022\/02\/Project-Social_BRAZILFR-300x200.jpg 300w\" sizes=\"(max-width: 541px) 100vw, 541px\" \/><\/figure>\n\n\n\n<p>Comau a lanc\u00e9 ces initiatives locales pour former des jeunes gens (entre 14 et 18 ans) venant de zones d\u00e9favoris\u00e9es et embaucher des personnes handicap\u00e9es. Le programme d\u2019apprentissage cherchait \u00e0 mieux pr\u00e9parer les adolescents \u00e0 leur entr\u00e9e dans le monde professionnel, par un travail et un apprentissage dans les locaux de Comau apr\u00e8s l\u2019\u00e9cole. L\u2019autre programme visait \u00e0 embaucher des personnes handicap\u00e9es et \u00e0 enseigner aux managers \u00e0 favoriser la diversit\u00e9 sur le lieu de travail. \u00c0 ce jour, Comau Br\u00e9sil a employ\u00e9 56 apprentis et embauch\u00e9 43 personnes handicap\u00e9es, en plus d\u2019ajouter des dates dans notre calendrier de communication local c\u00e9l\u00e9brant la diversit\u00e9 et l\u2019inclusion.<\/p>\n<\/div>\n\n\n\n<div class=\"wp-block-column is-layout-flow wp-block-column-is-layout-flow\">\n<h3 class=\"wp-block-heading\"><strong>STEM By Women \u2013 Italie<\/strong><\/h3>\n\n\n\n<figure class=\"wp-block-image size-full\"><img decoding=\"async\" width=\"541\" height=\"360\" src=\"https:\/\/www.comau.com\/wp-content\/uploads\/2022\/02\/Project-Social_STEM-By-WomenFR.jpg\" alt=\"\" class=\"wp-image-43222\" srcset=\"https:\/\/www.comau.com\/wp-content\/uploads\/2022\/02\/Project-Social_STEM-By-WomenFR.jpg 541w, https:\/\/www.comau.com\/wp-content\/uploads\/2022\/02\/Project-Social_STEM-By-WomenFR-300x200.jpg 300w\" sizes=\"(max-width: 541px) 100vw, 541px\" \/><\/figure>\n\n\n\n<p>Comau collabore \u00e0 de nombreuses initiatives men\u00e9es par l\u2019association STEM By Women, qui fait la promotion de l\u2019\u00e9ducation, des carri\u00e8res et des opportunit\u00e9s dans le domaine STEM (sciences, technologies, ing\u00e9nierie et math\u00e9matiques) pour les femmes, en partenariat avec des entreprises priv\u00e9es, des \u00e9coles et des universit\u00e9s. Parmi les exemples les plus notables, deux de nos employ\u00e9s, occupant des postes cl\u00e9s dans l\u2019entreprise, ont particip\u00e9 en livrant leur t\u00e9moignage.<\/p>\n<\/div>\n<\/div>\n\n\n\n<div class=\"wp-block-columns is-layout-flex wp-container-core-columns-is-layout-9d6595d7 wp-block-columns-is-layout-flex\">\n<div class=\"wp-block-column is-layout-flow wp-block-column-is-layout-flow\"><\/div>\n<\/div>\n\n\n\n<p><\/p>\n","protected":false},"excerpt":{"rendered":"<p>Parvenir \u00e0 un v\u00e9ritable d\u00e9veloppement durable est certainement l\u2019un des plus grands d\u00e9fis de l\u2019industrie du 21e si\u00e8cle. Tout est li\u00e9. Les bonnes pratiques op\u00e9rationnelles d\u2019une entreprise ont une influence non seulement sur les employ\u00e9s, les fournisseurs et les clients, mais aussi sur la nature et la soci\u00e9t\u00e9. Chez Comau, nous en sommes bien conscients [&hellip;]<\/p>\n","protected":false},"author":11,"featured_media":43228,"parent":5215,"menu_order":5,"comment_status":"closed","ping_status":"closed","template":"","meta":{"_acf_changed":false,"ep_exclude_from_search":false,"footnotes":""},"class_list":["post-43243","page","type-page","status-publish","has-post-thumbnail","hentry"],"acf":[],"yoast_head":"<!-- This site is optimized with the Yoast SEO plugin v26.9 - https:\/\/yoast.com\/product\/yoast-seo-wordpress\/ -->\n<title>L&#039;innovation pour un avenir durable | Comau<\/title>\n<meta name=\"description\" content=\"D\u00e9couvrez la philosophie de Comau pour parvenir \u00e0 une innovation efficace et \u00e0 un avenir durable\" \/>\n<meta name=\"robots\" content=\"index, follow, max-snippet:-1, max-image-preview:large, max-video-preview:-1\" \/>\n<link rel=\"canonical\" href=\"https:\/\/www.comau.com\/fr\/about-us\/sustainability\/\" \/>\n<meta property=\"og:locale\" content=\"fr_FR\" \/>\n<meta property=\"og:type\" content=\"article\" \/>\n<meta property=\"og:title\" content=\"L&#039;innovation pour un avenir durable | Comau\" \/>\n<meta property=\"og:description\" content=\"D\u00e9couvrez la philosophie de Comau pour parvenir \u00e0 une innovation efficace et \u00e0 un avenir durable\" \/>\n<meta property=\"og:url\" content=\"https:\/\/www.comau.com\/fr\/about-us\/sustainability\/\" \/>\n<meta property=\"og:site_name\" content=\"Comau\" \/>\n<meta property=\"article:publisher\" content=\"https:\/\/www.facebook.com\/COMAU\/\" \/>\n<meta property=\"article:modified_time\" content=\"2025-04-01T05:19:02+00:00\" \/>\n<meta property=\"og:image\" content=\"https:\/\/www.comau.com\/wp-content\/uploads\/2022\/02\/Sustainability_HERO.jpg\" \/>\n\t<meta property=\"og:image:width\" content=\"1450\" \/>\n\t<meta property=\"og:image:height\" content=\"450\" \/>\n\t<meta property=\"og:image:type\" content=\"image\/jpeg\" \/>\n<meta name=\"twitter:card\" content=\"summary_large_image\" \/>\n<meta name=\"twitter:site\" content=\"@comaugroup\" \/>\n<meta name=\"twitter:label1\" content=\"Dur\u00e9e de lecture estim\u00e9e\" \/>\n\t<meta name=\"twitter:data1\" content=\"6 minutes\" \/>\n<script type=\"application\/ld+json\" class=\"yoast-schema-graph\">{\"@context\":\"https:\/\/schema.org\",\"@graph\":[{\"@type\":\"WebPage\",\"@id\":\"https:\/\/www.comau.com\/fr\/about-us\/sustainability\/\",\"url\":\"https:\/\/www.comau.com\/fr\/about-us\/sustainability\/\",\"name\":\"L'innovation pour un avenir durable | Comau\",\"isPartOf\":{\"@id\":\"https:\/\/www.comau.com\/fr\/#website\"},\"primaryImageOfPage\":{\"@id\":\"https:\/\/www.comau.com\/fr\/about-us\/sustainability\/#primaryimage\"},\"image\":{\"@id\":\"https:\/\/www.comau.com\/fr\/about-us\/sustainability\/#primaryimage\"},\"thumbnailUrl\":\"https:\/\/www.comau.com\/wp-content\/uploads\/2022\/02\/Sustainability_HERO.jpg\",\"datePublished\":\"2022-02-23T23:05:12+00:00\",\"dateModified\":\"2025-04-01T05:19:02+00:00\",\"description\":\"D\u00e9couvrez la philosophie de Comau pour parvenir \u00e0 une innovation efficace et \u00e0 un avenir durable\",\"breadcrumb\":{\"@id\":\"https:\/\/www.comau.com\/fr\/about-us\/sustainability\/#breadcrumb\"},\"inLanguage\":\"fr-FR\",\"potentialAction\":[{\"@type\":\"ReadAction\",\"target\":[\"https:\/\/www.comau.com\/fr\/about-us\/sustainability\/\"]}]},{\"@type\":\"ImageObject\",\"inLanguage\":\"fr-FR\",\"@id\":\"https:\/\/www.comau.com\/fr\/about-us\/sustainability\/#primaryimage\",\"url\":\"https:\/\/www.comau.com\/wp-content\/uploads\/2022\/02\/Sustainability_HERO.jpg\",\"contentUrl\":\"https:\/\/www.comau.com\/wp-content\/uploads\/2022\/02\/Sustainability_HERO.jpg\",\"width\":1450,\"height\":450},{\"@type\":\"BreadcrumbList\",\"@id\":\"https:\/\/www.comau.com\/fr\/about-us\/sustainability\/#breadcrumb\",\"itemListElement\":[{\"@type\":\"ListItem\",\"position\":1,\"name\":\"Home\",\"item\":\"https:\/\/www.comau.com\/fr\/\"},{\"@type\":\"ListItem\",\"position\":2,\"name\":\"\u00c0 propos de Comau\",\"item\":\"https:\/\/www.comau.com\/fr\/about-us\/\"},{\"@type\":\"ListItem\",\"position\":3,\"name\":\"Sustainability\"}]},{\"@type\":\"WebSite\",\"@id\":\"https:\/\/www.comau.com\/fr\/#website\",\"url\":\"https:\/\/www.comau.com\/fr\/\",\"name\":\"Comau\",\"description\":\"Industrial automation and robotics\",\"publisher\":{\"@id\":\"https:\/\/www.comau.com\/fr\/#organization\"},\"potentialAction\":[{\"@type\":\"SearchAction\",\"target\":{\"@type\":\"EntryPoint\",\"urlTemplate\":\"https:\/\/www.comau.com\/fr\/?s={search_term_string}\"},\"query-input\":{\"@type\":\"PropertyValueSpecification\",\"valueRequired\":true,\"valueName\":\"search_term_string\"}}],\"inLanguage\":\"fr-FR\"},{\"@type\":\"Organization\",\"@id\":\"https:\/\/www.comau.com\/fr\/#organization\",\"name\":\"Comau\",\"url\":\"https:\/\/www.comau.com\/fr\/\",\"logo\":{\"@type\":\"ImageObject\",\"inLanguage\":\"fr-FR\",\"@id\":\"https:\/\/www.comau.com\/fr\/#\/schema\/logo\/image\/\",\"url\":\"https:\/\/www.comau.com\/wp-content\/uploads\/2024\/07\/cropped-Logo-COMAU.png\",\"contentUrl\":\"https:\/\/www.comau.com\/wp-content\/uploads\/2024\/07\/cropped-Logo-COMAU.png\",\"width\":434,\"height\":434,\"caption\":\"Comau\"},\"image\":{\"@id\":\"https:\/\/www.comau.com\/fr\/#\/schema\/logo\/image\/\"},\"sameAs\":[\"https:\/\/www.facebook.com\/COMAU\/\",\"https:\/\/x.com\/comaugroup\",\"https:\/\/www.instagram.com\/comaugroup\/\",\"https:\/\/www.linkedin.com\/company\/comau\",\"https:\/\/www.youtube.com\/user\/comau\"]}]}<\/script>\n<!-- \/ Yoast SEO plugin. -->","yoast_head_json":{"title":"L'innovation pour un avenir durable | Comau","description":"D\u00e9couvrez la philosophie de Comau pour parvenir \u00e0 une innovation efficace et \u00e0 un avenir durable","robots":{"index":"index","follow":"follow","max-snippet":"max-snippet:-1","max-image-preview":"max-image-preview:large","max-video-preview":"max-video-preview:-1"},"canonical":"https:\/\/www.comau.com\/fr\/about-us\/sustainability\/","og_locale":"fr_FR","og_type":"article","og_title":"L'innovation pour un avenir durable | Comau","og_description":"D\u00e9couvrez la philosophie de Comau pour parvenir \u00e0 une innovation efficace et \u00e0 un avenir durable","og_url":"https:\/\/www.comau.com\/fr\/about-us\/sustainability\/","og_site_name":"Comau","article_publisher":"https:\/\/www.facebook.com\/COMAU\/","article_modified_time":"2025-04-01T05:19:02+00:00","og_image":[{"width":1450,"height":450,"url":"https:\/\/www.comau.com\/wp-content\/uploads\/2022\/02\/Sustainability_HERO.jpg","type":"image\/jpeg"}],"twitter_card":"summary_large_image","twitter_site":"@comaugroup","twitter_misc":{"Dur\u00e9e de lecture estim\u00e9e":"6 minutes"},"schema":{"@context":"https:\/\/schema.org","@graph":[{"@type":"WebPage","@id":"https:\/\/www.comau.com\/fr\/about-us\/sustainability\/","url":"https:\/\/www.comau.com\/fr\/about-us\/sustainability\/","name":"L'innovation pour un avenir durable | Comau","isPartOf":{"@id":"https:\/\/www.comau.com\/fr\/#website"},"primaryImageOfPage":{"@id":"https:\/\/www.comau.com\/fr\/about-us\/sustainability\/#primaryimage"},"image":{"@id":"https:\/\/www.comau.com\/fr\/about-us\/sustainability\/#primaryimage"},"thumbnailUrl":"https:\/\/www.comau.com\/wp-content\/uploads\/2022\/02\/Sustainability_HERO.jpg","datePublished":"2022-02-23T23:05:12+00:00","dateModified":"2025-04-01T05:19:02+00:00","description":"D\u00e9couvrez la philosophie de Comau pour parvenir \u00e0 une innovation efficace et \u00e0 un avenir durable","breadcrumb":{"@id":"https:\/\/www.comau.com\/fr\/about-us\/sustainability\/#breadcrumb"},"inLanguage":"fr-FR","potentialAction":[{"@type":"ReadAction","target":["https:\/\/www.comau.com\/fr\/about-us\/sustainability\/"]}]},{"@type":"ImageObject","inLanguage":"fr-FR","@id":"https:\/\/www.comau.com\/fr\/about-us\/sustainability\/#primaryimage","url":"https:\/\/www.comau.com\/wp-content\/uploads\/2022\/02\/Sustainability_HERO.jpg","contentUrl":"https:\/\/www.comau.com\/wp-content\/uploads\/2022\/02\/Sustainability_HERO.jpg","width":1450,"height":450},{"@type":"BreadcrumbList","@id":"https:\/\/www.comau.com\/fr\/about-us\/sustainability\/#breadcrumb","itemListElement":[{"@type":"ListItem","position":1,"name":"Home","item":"https:\/\/www.comau.com\/fr\/"},{"@type":"ListItem","position":2,"name":"\u00c0 propos de Comau","item":"https:\/\/www.comau.com\/fr\/about-us\/"},{"@type":"ListItem","position":3,"name":"Sustainability"}]},{"@type":"WebSite","@id":"https:\/\/www.comau.com\/fr\/#website","url":"https:\/\/www.comau.com\/fr\/","name":"Comau","description":"Industrial automation and robotics","publisher":{"@id":"https:\/\/www.comau.com\/fr\/#organization"},"potentialAction":[{"@type":"SearchAction","target":{"@type":"EntryPoint","urlTemplate":"https:\/\/www.comau.com\/fr\/?s={search_term_string}"},"query-input":{"@type":"PropertyValueSpecification","valueRequired":true,"valueName":"search_term_string"}}],"inLanguage":"fr-FR"},{"@type":"Organization","@id":"https:\/\/www.comau.com\/fr\/#organization","name":"Comau","url":"https:\/\/www.comau.com\/fr\/","logo":{"@type":"ImageObject","inLanguage":"fr-FR","@id":"https:\/\/www.comau.com\/fr\/#\/schema\/logo\/image\/","url":"https:\/\/www.comau.com\/wp-content\/uploads\/2024\/07\/cropped-Logo-COMAU.png","contentUrl":"https:\/\/www.comau.com\/wp-content\/uploads\/2024\/07\/cropped-Logo-COMAU.png","width":434,"height":434,"caption":"Comau"},"image":{"@id":"https:\/\/www.comau.com\/fr\/#\/schema\/logo\/image\/"},"sameAs":["https:\/\/www.facebook.com\/COMAU\/","https:\/\/x.com\/comaugroup","https:\/\/www.instagram.com\/comaugroup\/","https:\/\/www.linkedin.com\/company\/comau","https:\/\/www.youtube.com\/user\/comau"]}]}},"_links":{"self":[{"href":"https:\/\/www.comau.com\/fr\/wp-json\/wp\/v2\/pages\/43243","targetHints":{"allow":["GET"]}}],"collection":[{"href":"https:\/\/www.comau.com\/fr\/wp-json\/wp\/v2\/pages"}],"about":[{"href":"https:\/\/www.comau.com\/fr\/wp-json\/wp\/v2\/types\/page"}],"author":[{"embeddable":true,"href":"https:\/\/www.comau.com\/fr\/wp-json\/wp\/v2\/users\/11"}],"replies":[{"embeddable":true,"href":"https:\/\/www.comau.com\/fr\/wp-json\/wp\/v2\/comments?post=43243"}],"version-history":[{"count":20,"href":"https:\/\/www.comau.com\/fr\/wp-json\/wp\/v2\/pages\/43243\/revisions"}],"predecessor-version":[{"id":74936,"href":"https:\/\/www.comau.com\/fr\/wp-json\/wp\/v2\/pages\/43243\/revisions\/74936"}],"up":[{"embeddable":true,"href":"https:\/\/www.comau.com\/fr\/wp-json\/wp\/v2\/pages\/5215"}],"wp:featuredmedia":[{"embeddable":true,"href":"https:\/\/www.comau.com\/fr\/wp-json\/wp\/v2\/media\/43228"}],"wp:attachment":[{"href":"https:\/\/www.comau.com\/fr\/wp-json\/wp\/v2\/media?parent=43243"}],"curies":[{"name":"wp","href":"https:\/\/api.w.org\/{rel}","templated":true}]}}