{"id":40460,"date":"2021-12-14T14:53:25","date_gmt":"2021-12-14T13:53:25","guid":{"rendered":"https:\/\/www.comau.com\/about-us\/funded-projects\/automation-system\/"},"modified":"2022-02-23T11:56:54","modified_gmt":"2022-02-23T10:56:54","slug":"automation-system","status":"publish","type":"page","link":"https:\/\/www.comau.com\/fr\/about-us\/funded-projects\/automation-system\/","title":{"rendered":"Syst\u00e8mes d\u2019automatisation"},"content":{"rendered":"\n<h2 class=\"wp-block-heading\">Syst\u00e8mes d\u2019automatisation<\/h2>\n\n\n\n<p>Avec son catalogue complet de syst\u00e8mes d\u2019automatisation, Comau est un partenaire important de nombreux projets nationaux et internationaux. Nous fournissons savoir-faire et innovation n\u00e9cessaires pour garantir la r\u00e9alisation des objectifs.<\/p>\n\n\n<div class=\"funded-projects\"><div class=\"funded-project\">\n    <h3 class=\"funded-project-title\">SatisFactory<\/h3>\n    <p class=\"funded-project-country-business\">\n        Pays\/domaine:\n        Italie\/Syst\u00e8mes d\u2019automatisation    <\/p>\n    <div class=\"funded-project-body\">\n        <h4 class=\"funded-project-body-title\">Objectifs principaux:<\/h4>\n        \n<p>Comau a contribu\u00e9 au projet SatisFactory, ax\u00e9 sur la conception d\u2019usines intelligentes qui appliquent des technologies de pointe am\u00e9liorant la productivit\u00e9 et rendant les environnements de travail plus s\u00fbrs et plus durables. Les nouvelles solutions issues de ce projet, telles que la r\u00e9alit\u00e9 augment\u00e9e et les dispositifs d\u2019aide \u00e0 distance, ainsi que les capteurs intelligents, visent \u00e0 optimiser la qualit\u00e9 de la production, augmenter la s\u00e9curit\u00e9 et encourager le partage de donn\u00e9es utiles entre op\u00e9rateurs.<\/p>\n    <\/div>\n    <div class=\"funded-project-infos\">\n                        <dl class=\"funded-project-timetable\">\n            <dt>P\u00e9riode<\/dt>\n            <dd>Janvier 2015 - d\u00e9cembre 2017<\/dd>\n        <\/dl>\n                        <dl class=\"funded-project-partners\">\n            <dt>Partenaires<\/dt>\n            <dd>COMAU (IT), CERTH (GR), SIGMA (F), FhG FIT (D), EPFL (CH), ISMB (IT), ABE (GR), REGOLA (IT), SUNLIGHT (GR), GlassUp (I)<\/dd>\n        <\/dl>\n            <\/div>\n            <p class=\"funded-project-links\">\n        <strong>Liens vers le projet:<\/strong>\n                    <a class=\"btn btn-readmore\" href=\"https:\/\/www.satisfactory-project.eu\/\" target=\"_blank\" rel=\"nofollow\">satisfactory-project<\/a>\n                            <\/p>\n    <\/div>\n<div class=\"funded-project\">\n    <h3 class=\"funded-project-title\">ProRegio<\/h3>\n    <p class=\"funded-project-country-business\">\n        Pays\/domaine:\n        Italie\/Syst\u00e8mes d\u2019automatisation    <\/p>\n    <div class=\"funded-project-body\">\n        <h4 class=\"funded-project-body-title\">Objectifs principaux:<\/h4>\n        \n<p>ProRegio \u00e9tait un projet europ\u00e9en con\u00e7u pour mettre au point une plateforme int\u00e9gr\u00e9e en vue de fabriquer des produits et fournir des services innovants adapt\u00e9s aux besoins des march\u00e9s mondiaux. Comau y a contribu\u00e9 en cr\u00e9ant un configurateur d\u2019installation virtuelle dans le cloud, qui permet la planification facile et intuitive d\u2019une ligne de production d\u2019usine. Les entreprises sont ainsi en mesure de commercialiser plus rapidement leurs produits personnalis\u00e9s.<\/p>\n    <\/div>\n    <div class=\"funded-project-infos\">\n                        <dl class=\"funded-project-timetable\">\n            <dt>P\u00e9riode<\/dt>\n            <dd>Janvier 2015 - d\u00e9cembre 2017<\/dd>\n        <\/dl>\n                        <dl class=\"funded-project-partners\">\n            <dt>Partenaires<\/dt>\n            <dd>COMAU (IT), KIT (D), POLIMI (IT), LMS (GR), ECN (F), AIRBUS (E), Flexis (D), Texxmo (D), Enginsoft (IT), GROBO (GR), Arcelik (TR), Audros (F)<\/dd>\n        <\/dl>\n            <\/div>\n            <p class=\"funded-project-links\">\n        <strong>Liens vers le projet:<\/strong>\n                    <a class=\"btn btn-readmore\" href=\"https:\/\/cordis.europa.eu\/project\/id\/636966\" target=\"_blank\" rel=\"nofollow\">cordis<\/a>\n                            <\/p>\n    <\/div>\n<\/div>\n","protected":false},"excerpt":{"rendered":"<p>Syst\u00e8mes d\u2019automatisation Avec son catalogue complet de syst\u00e8mes d\u2019automatisation, Comau est un partenaire important de nombreux projets nationaux et internationaux. Nous fournissons savoir-faire et innovation n\u00e9cessaires pour garantir la r\u00e9alisation des objectifs.<\/p>\n","protected":false},"author":11,"featured_media":5065,"parent":5354,"menu_order":4,"comment_status":"closed","ping_status":"closed","template":"","meta":{"_acf_changed":false,"ep_exclude_from_search":false,"footnotes":""},"class_list":["post-40460","page","type-page","status-publish","has-post-thumbnail","hentry"],"acf":[],"yoast_head":"<!-- This site is optimized with the Yoast SEO plugin v26.9 - https:\/\/yoast.com\/product\/yoast-seo-wordpress\/ -->\n<title>Syst\u00e8mes d\u2019automatisation - Comau<\/title>\n<meta name=\"robots\" content=\"index, follow, max-snippet:-1, max-image-preview:large, max-video-preview:-1\" \/>\n<link rel=\"canonical\" href=\"https:\/\/www.comau.com\/fr\/about-us\/funded-projects\/automation-system\/\" \/>\n<meta property=\"og:locale\" content=\"fr_FR\" \/>\n<meta property=\"og:type\" content=\"article\" \/>\n<meta property=\"og:title\" content=\"Syst\u00e8mes d\u2019automatisation - Comau\" \/>\n<meta property=\"og:description\" content=\"Syst\u00e8mes d\u2019automatisation Avec son catalogue complet de syst\u00e8mes d\u2019automatisation, Comau est un partenaire important de nombreux projets nationaux et internationaux. Nous fournissons savoir-faire et innovation n\u00e9cessaires pour garantir la r\u00e9alisation des objectifs.\" \/>\n<meta property=\"og:url\" content=\"https:\/\/www.comau.com\/fr\/about-us\/funded-projects\/automation-system\/\" \/>\n<meta property=\"og:site_name\" content=\"Comau\" \/>\n<meta property=\"article:publisher\" content=\"https:\/\/www.facebook.com\/COMAU\/\" \/>\n<meta property=\"article:modified_time\" content=\"2022-02-23T10:56:54+00:00\" \/>\n<meta property=\"og:image\" content=\"https:\/\/www.comau.com\/wp-content\/uploads\/2021\/06\/robogate_header.jpg\" \/>\n\t<meta property=\"og:image:width\" content=\"1280\" \/>\n\t<meta property=\"og:image:height\" content=\"485\" \/>\n\t<meta property=\"og:image:type\" content=\"image\/jpeg\" \/>\n<meta name=\"twitter:card\" content=\"summary_large_image\" \/>\n<meta name=\"twitter:site\" content=\"@comaugroup\" \/>\n<meta name=\"twitter:label1\" content=\"Dur\u00e9e de lecture estim\u00e9e\" \/>\n\t<meta name=\"twitter:data1\" content=\"1 minute\" \/>\n<script type=\"application\/ld+json\" class=\"yoast-schema-graph\">{\"@context\":\"https:\/\/schema.org\",\"@graph\":[{\"@type\":\"WebPage\",\"@id\":\"https:\/\/www.comau.com\/fr\/about-us\/funded-projects\/automation-system\/\",\"url\":\"https:\/\/www.comau.com\/fr\/about-us\/funded-projects\/automation-system\/\",\"name\":\"Syst\u00e8mes d\u2019automatisation - Comau\",\"isPartOf\":{\"@id\":\"https:\/\/www.comau.com\/fr\/#website\"},\"primaryImageOfPage\":{\"@id\":\"https:\/\/www.comau.com\/fr\/about-us\/funded-projects\/automation-system\/#primaryimage\"},\"image\":{\"@id\":\"https:\/\/www.comau.com\/fr\/about-us\/funded-projects\/automation-system\/#primaryimage\"},\"thumbnailUrl\":\"https:\/\/www.comau.com\/wp-content\/uploads\/2021\/06\/robogate_header.jpg\",\"datePublished\":\"2021-12-14T13:53:25+00:00\",\"dateModified\":\"2022-02-23T10:56:54+00:00\",\"breadcrumb\":{\"@id\":\"https:\/\/www.comau.com\/fr\/about-us\/funded-projects\/automation-system\/#breadcrumb\"},\"inLanguage\":\"fr-FR\",\"potentialAction\":[{\"@type\":\"ReadAction\",\"target\":[\"https:\/\/www.comau.com\/fr\/about-us\/funded-projects\/automation-system\/\"]}]},{\"@type\":\"ImageObject\",\"inLanguage\":\"fr-FR\",\"@id\":\"https:\/\/www.comau.com\/fr\/about-us\/funded-projects\/automation-system\/#primaryimage\",\"url\":\"https:\/\/www.comau.com\/wp-content\/uploads\/2021\/06\/robogate_header.jpg\",\"contentUrl\":\"https:\/\/www.comau.com\/wp-content\/uploads\/2021\/06\/robogate_header.jpg\",\"width\":1280,\"height\":485},{\"@type\":\"BreadcrumbList\",\"@id\":\"https:\/\/www.comau.com\/fr\/about-us\/funded-projects\/automation-system\/#breadcrumb\",\"itemListElement\":[{\"@type\":\"ListItem\",\"position\":1,\"name\":\"Home\",\"item\":\"https:\/\/www.comau.com\/fr\/\"},{\"@type\":\"ListItem\",\"position\":2,\"name\":\"\u00c0 propos de Comau\",\"item\":\"https:\/\/www.comau.com\/fr\/about-us\/\"},{\"@type\":\"ListItem\",\"position\":3,\"name\":\"Funded Projects\",\"item\":\"https:\/\/www.comau.com\/fr\/about-us\/funded-projects\/\"},{\"@type\":\"ListItem\",\"position\":4,\"name\":\"Syst\u00e8mes d\u2019automatisation\"}]},{\"@type\":\"WebSite\",\"@id\":\"https:\/\/www.comau.com\/fr\/#website\",\"url\":\"https:\/\/www.comau.com\/fr\/\",\"name\":\"Comau\",\"description\":\"Industrial automation and robotics\",\"publisher\":{\"@id\":\"https:\/\/www.comau.com\/fr\/#organization\"},\"potentialAction\":[{\"@type\":\"SearchAction\",\"target\":{\"@type\":\"EntryPoint\",\"urlTemplate\":\"https:\/\/www.comau.com\/fr\/?s={search_term_string}\"},\"query-input\":{\"@type\":\"PropertyValueSpecification\",\"valueRequired\":true,\"valueName\":\"search_term_string\"}}],\"inLanguage\":\"fr-FR\"},{\"@type\":\"Organization\",\"@id\":\"https:\/\/www.comau.com\/fr\/#organization\",\"name\":\"Comau\",\"url\":\"https:\/\/www.comau.com\/fr\/\",\"logo\":{\"@type\":\"ImageObject\",\"inLanguage\":\"fr-FR\",\"@id\":\"https:\/\/www.comau.com\/fr\/#\/schema\/logo\/image\/\",\"url\":\"https:\/\/www.comau.com\/wp-content\/uploads\/2024\/07\/cropped-Logo-COMAU.png\",\"contentUrl\":\"https:\/\/www.comau.com\/wp-content\/uploads\/2024\/07\/cropped-Logo-COMAU.png\",\"width\":434,\"height\":434,\"caption\":\"Comau\"},\"image\":{\"@id\":\"https:\/\/www.comau.com\/fr\/#\/schema\/logo\/image\/\"},\"sameAs\":[\"https:\/\/www.facebook.com\/COMAU\/\",\"https:\/\/x.com\/comaugroup\",\"https:\/\/www.instagram.com\/comaugroup\/\",\"https:\/\/www.linkedin.com\/company\/comau\",\"https:\/\/www.youtube.com\/user\/comau\"]}]}<\/script>\n<!-- \/ Yoast SEO plugin. -->","yoast_head_json":{"title":"Syst\u00e8mes d\u2019automatisation - Comau","robots":{"index":"index","follow":"follow","max-snippet":"max-snippet:-1","max-image-preview":"max-image-preview:large","max-video-preview":"max-video-preview:-1"},"canonical":"https:\/\/www.comau.com\/fr\/about-us\/funded-projects\/automation-system\/","og_locale":"fr_FR","og_type":"article","og_title":"Syst\u00e8mes d\u2019automatisation - Comau","og_description":"Syst\u00e8mes d\u2019automatisation Avec son catalogue complet de syst\u00e8mes d\u2019automatisation, Comau est un partenaire important de nombreux projets nationaux et internationaux. Nous fournissons savoir-faire et innovation n\u00e9cessaires pour garantir la r\u00e9alisation des objectifs.","og_url":"https:\/\/www.comau.com\/fr\/about-us\/funded-projects\/automation-system\/","og_site_name":"Comau","article_publisher":"https:\/\/www.facebook.com\/COMAU\/","article_modified_time":"2022-02-23T10:56:54+00:00","og_image":[{"width":1280,"height":485,"url":"https:\/\/www.comau.com\/wp-content\/uploads\/2021\/06\/robogate_header.jpg","type":"image\/jpeg"}],"twitter_card":"summary_large_image","twitter_site":"@comaugroup","twitter_misc":{"Dur\u00e9e de lecture estim\u00e9e":"1 minute"},"schema":{"@context":"https:\/\/schema.org","@graph":[{"@type":"WebPage","@id":"https:\/\/www.comau.com\/fr\/about-us\/funded-projects\/automation-system\/","url":"https:\/\/www.comau.com\/fr\/about-us\/funded-projects\/automation-system\/","name":"Syst\u00e8mes d\u2019automatisation - Comau","isPartOf":{"@id":"https:\/\/www.comau.com\/fr\/#website"},"primaryImageOfPage":{"@id":"https:\/\/www.comau.com\/fr\/about-us\/funded-projects\/automation-system\/#primaryimage"},"image":{"@id":"https:\/\/www.comau.com\/fr\/about-us\/funded-projects\/automation-system\/#primaryimage"},"thumbnailUrl":"https:\/\/www.comau.com\/wp-content\/uploads\/2021\/06\/robogate_header.jpg","datePublished":"2021-12-14T13:53:25+00:00","dateModified":"2022-02-23T10:56:54+00:00","breadcrumb":{"@id":"https:\/\/www.comau.com\/fr\/about-us\/funded-projects\/automation-system\/#breadcrumb"},"inLanguage":"fr-FR","potentialAction":[{"@type":"ReadAction","target":["https:\/\/www.comau.com\/fr\/about-us\/funded-projects\/automation-system\/"]}]},{"@type":"ImageObject","inLanguage":"fr-FR","@id":"https:\/\/www.comau.com\/fr\/about-us\/funded-projects\/automation-system\/#primaryimage","url":"https:\/\/www.comau.com\/wp-content\/uploads\/2021\/06\/robogate_header.jpg","contentUrl":"https:\/\/www.comau.com\/wp-content\/uploads\/2021\/06\/robogate_header.jpg","width":1280,"height":485},{"@type":"BreadcrumbList","@id":"https:\/\/www.comau.com\/fr\/about-us\/funded-projects\/automation-system\/#breadcrumb","itemListElement":[{"@type":"ListItem","position":1,"name":"Home","item":"https:\/\/www.comau.com\/fr\/"},{"@type":"ListItem","position":2,"name":"\u00c0 propos de Comau","item":"https:\/\/www.comau.com\/fr\/about-us\/"},{"@type":"ListItem","position":3,"name":"Funded Projects","item":"https:\/\/www.comau.com\/fr\/about-us\/funded-projects\/"},{"@type":"ListItem","position":4,"name":"Syst\u00e8mes d\u2019automatisation"}]},{"@type":"WebSite","@id":"https:\/\/www.comau.com\/fr\/#website","url":"https:\/\/www.comau.com\/fr\/","name":"Comau","description":"Industrial automation and robotics","publisher":{"@id":"https:\/\/www.comau.com\/fr\/#organization"},"potentialAction":[{"@type":"SearchAction","target":{"@type":"EntryPoint","urlTemplate":"https:\/\/www.comau.com\/fr\/?s={search_term_string}"},"query-input":{"@type":"PropertyValueSpecification","valueRequired":true,"valueName":"search_term_string"}}],"inLanguage":"fr-FR"},{"@type":"Organization","@id":"https:\/\/www.comau.com\/fr\/#organization","name":"Comau","url":"https:\/\/www.comau.com\/fr\/","logo":{"@type":"ImageObject","inLanguage":"fr-FR","@id":"https:\/\/www.comau.com\/fr\/#\/schema\/logo\/image\/","url":"https:\/\/www.comau.com\/wp-content\/uploads\/2024\/07\/cropped-Logo-COMAU.png","contentUrl":"https:\/\/www.comau.com\/wp-content\/uploads\/2024\/07\/cropped-Logo-COMAU.png","width":434,"height":434,"caption":"Comau"},"image":{"@id":"https:\/\/www.comau.com\/fr\/#\/schema\/logo\/image\/"},"sameAs":["https:\/\/www.facebook.com\/COMAU\/","https:\/\/x.com\/comaugroup","https:\/\/www.instagram.com\/comaugroup\/","https:\/\/www.linkedin.com\/company\/comau","https:\/\/www.youtube.com\/user\/comau"]}]}},"_links":{"self":[{"href":"https:\/\/www.comau.com\/fr\/wp-json\/wp\/v2\/pages\/40460","targetHints":{"allow":["GET"]}}],"collection":[{"href":"https:\/\/www.comau.com\/fr\/wp-json\/wp\/v2\/pages"}],"about":[{"href":"https:\/\/www.comau.com\/fr\/wp-json\/wp\/v2\/types\/page"}],"author":[{"embeddable":true,"href":"https:\/\/www.comau.com\/fr\/wp-json\/wp\/v2\/users\/11"}],"replies":[{"embeddable":true,"href":"https:\/\/www.comau.com\/fr\/wp-json\/wp\/v2\/comments?post=40460"}],"version-history":[{"count":4,"href":"https:\/\/www.comau.com\/fr\/wp-json\/wp\/v2\/pages\/40460\/revisions"}],"predecessor-version":[{"id":42996,"href":"https:\/\/www.comau.com\/fr\/wp-json\/wp\/v2\/pages\/40460\/revisions\/42996"}],"up":[{"embeddable":true,"href":"https:\/\/www.comau.com\/fr\/wp-json\/wp\/v2\/pages\/5354"}],"wp:featuredmedia":[{"embeddable":true,"href":"https:\/\/www.comau.com\/fr\/wp-json\/wp\/v2\/media\/5065"}],"wp:attachment":[{"href":"https:\/\/www.comau.com\/fr\/wp-json\/wp\/v2\/media?parent=40460"}],"curies":[{"name":"wp","href":"https:\/\/api.w.org\/{rel}","templated":true}]}}