{"id":36363,"date":"2021-07-23T09:57:34","date_gmt":"2021-07-23T07:57:34","guid":{"rendered":"https:\/\/www.comau.com\/?page_id=36363"},"modified":"2022-10-19T09:54:38","modified_gmt":"2022-10-19T07:54:38","slug":"aura-collaborative-robot","status":"publish","type":"page","link":"https:\/\/www.comau.com\/fr\/competencies\/robotics-automation\/collaborative-robotics\/aura-collaborative-robot\/","title":{"rendered":"Aura Robot collaboratif"},"content":{"rendered":"\n<h2 class=\"wp-block-heading\" id=\"safe-and-sensitive\">Fiable et sensible<\/h2>\n\n\n\n<p>En termes de niveaux de sensibilit\u00e9, AURA est quasiment un \u00eatre humain.<\/p>\n\n\n\n<p>Avec six niveaux de s\u00e9curit\u00e9 et une approche modulaire, AURA assiste les \u00eatres humains dans la r\u00e9alisation de leurs op\u00e9rations manuelles de proximit\u00e9 en toute s\u00e9curit\u00e9 sans n\u00e9cessiter de barri\u00e8res ou de cl\u00f4tures. AURA est suffisamment flexible pour \u00eatre conforme \u00e0 tous les types d\u2019op\u00e9rations collaboratives et peut \u00eatre utilis\u00e9 en mode collaboratif ou en mode grande vitesse non-collaboratif suivant les besoins. Facilement programm\u00e9 via une interface intuitive ou par guidage manuel de l\u2019op\u00e9rateur, AURA est \u00e9quip\u00e9 de capteurs de proximit\u00e9 puissants qui d\u00e9tectent et r\u00e9pondent avant les op\u00e9rateurs pour \u00e9viter toute collision.<\/p>\n\n\n\n<div class=\"wp-block-getwid-toggle download-dropdown has-icon-left\">\n<div class=\"wp-block-getwid-toggle__row\"><div class=\"wp-block-getwid-toggle__header-wrapper\"><span class=\"wp-block-getwid-toggle__header\"><a href=\"#\"><span class=\"wp-block-getwid-toggle__header-title\">Download the brochure<\/span><span class=\"wp-block-getwid-toggle__icon is-active\"><i class=\"fas fa-plus\"><\/i><\/span><span class=\"wp-block-getwid-toggle__icon is-passive\"><i class=\"fas fa-minus\"><\/i><\/span><\/a><\/span><\/div><div class=\"wp-block-getwid-toggle__content-wrapper\"><div class=\"wp-block-getwid-toggle__content\">\n<div class=\"wp-block-getwid-button-group\"><div class=\"wp-block-getwid-button-group__wrapper\">\n<div class=\"wp-block-button\"><a class=\"wp-block-button__link\" href=\"https:\/\/www.comau.com\/wp-content\/uploads\/2022\/01\/Comau-AURA-WEB-HD_rev01.pdf\" target=\"_blank\" rel=\"noreferrer noopener\">Comau_AURA_Brochure_EN<\/a><\/div>\n<\/div><\/div>\n<\/div><\/div><\/div>\n<\/div>\n\n\n\n<h3 class=\"wp-block-heading\" id=\"key-features\">Fonctions cl\u00e9s<\/h3>\n\n\n\n<ul class=\"wp-block-list\"><li>Charge utile \u00e9lev\u00e9e et grande port\u00e9e (170&nbsp;kg, port\u00e9e 2,8&nbsp;m)<\/li><li>Syst\u00e8me anticollision puissant<\/li><li>Mode grande vitesse collaboratif<\/li><li>Possibilit\u00e9 de passer en mode collaboratif\/non-collaboratif<\/li><li>Possibilit\u00e9 de monter le robot \u00e0 l\u2019envers<\/li><\/ul>\n\n\n\n<figure class=\"wp-block-embed is-type-video is-provider-youtube wp-block-embed-youtube wp-embed-aspect-16-9 wp-has-aspect-ratio\"><div class=\"wp-block-embed__wrapper\">\n<iframe title=\"Robots and Humans Working Together: Comau Aura Robot\" width=\"640\" height=\"360\" src=\"https:\/\/www.youtube.com\/embed\/Cr5PayuzkEA?feature=oembed\" frameborder=\"0\" allow=\"accelerometer; autoplay; clipboard-write; encrypted-media; gyroscope; picture-in-picture; web-share\" referrerpolicy=\"strict-origin-when-cross-origin\" allowfullscreen><\/iframe>\n<\/div><\/figure>\n\n\n\n<h3 class=\"wp-block-heading\" id=\"key-benefits\">Avantages cl\u00e9s<\/h3>\n\n\n\n<ul class=\"wp-block-list\"><li>Robot collaboratif pr\u00e9sentant la charge utile et la port\u00e9e maximales sur le march\u00e9<\/li><li>Mode grande vitesse g\u00e9r\u00e9 dynamiquement quand le mode collaboration n\u2019est pas requis<\/li><li>Solution anticollision appliqu\u00e9e au robot et aux outils<\/li><li>Robot \u00e0 axe creux enti\u00e8rement collaboratif<\/li><li>Hautement efficace, m\u00eame dans des applications collaboratives avec une charge utile lourde<\/li><\/ul>\n\n\n\n<div class=\"wp-block-getwid-images-slider has-arrows-inside has-dots-outside has-images-center has-cropped-images\"><div class=\"wp-block-getwid-images-slider__wrapper\" data-effect=\"slide\" data-slides-show=\"1\" data-slides-show-laptop=\"1\" data-slides-show-tablet=\"1\" data-slides-show-mobile=\"1\" data-slides-scroll=\"1\" data-autoplay=\"true\" data-autoplay-speed=\"6000\" data-infinite=\"true\" data-animation-speed=\"800\" data-center-mode=\"false\" data-variable-width=\"false\" data-arrows=\"inside\" data-dots=\"outside\" data-spacing=\"none\"><div class=\"wp-block-getwid-images-slider__item\"><figure><img decoding=\"async\" width=\"1180\" height=\"480\" src=\"https:\/\/www.comau.com\/wp-content\/uploads\/2021\/07\/01-1.png\" data-id=\"34673\" data-link=\"https:\/\/www.comau.com\/en\/competencies\/robotics-automation\/collaborative-robotics\/aura-collaborative-robot\/01-6\/\" data-original-link=\"https:\/\/www.comau.com\/wp-content\/uploads\/2021\/07\/01-1.png\" class=\"wp-block-getwid-images-slider__image wp-image-34673\" srcset=\"https:\/\/www.comau.com\/wp-content\/uploads\/2021\/07\/01-1.png 1180w, https:\/\/www.comau.com\/wp-content\/uploads\/2021\/07\/01-1-300x122.png 300w, https:\/\/www.comau.com\/wp-content\/uploads\/2021\/07\/01-1-1024x417.png 1024w, https:\/\/www.comau.com\/wp-content\/uploads\/2021\/07\/01-1-768x312.png 768w\" sizes=\"(max-width: 1180px) 100vw, 1180px\" \/><\/figure><\/div><div class=\"wp-block-getwid-images-slider__item\"><figure><img decoding=\"async\" width=\"1180\" height=\"480\" src=\"https:\/\/www.comau.com\/wp-content\/uploads\/2021\/07\/02-1.png\" data-id=\"34679\" data-link=\"https:\/\/www.comau.com\/en\/competencies\/robotics-automation\/collaborative-robotics\/aura-collaborative-robot\/02-6\/\" data-original-link=\"https:\/\/www.comau.com\/wp-content\/uploads\/2021\/07\/02-1.png\" class=\"wp-block-getwid-images-slider__image wp-image-34679\" srcset=\"https:\/\/www.comau.com\/wp-content\/uploads\/2021\/07\/02-1.png 1180w, https:\/\/www.comau.com\/wp-content\/uploads\/2021\/07\/02-1-300x122.png 300w, https:\/\/www.comau.com\/wp-content\/uploads\/2021\/07\/02-1-1024x417.png 1024w, https:\/\/www.comau.com\/wp-content\/uploads\/2021\/07\/02-1-768x312.png 768w\" sizes=\"(max-width: 1180px) 100vw, 1180px\" \/><\/figure><\/div><div class=\"wp-block-getwid-images-slider__item\"><figure><img decoding=\"async\" width=\"1180\" height=\"480\" src=\"https:\/\/www.comau.com\/wp-content\/uploads\/2021\/07\/03-1.png\" data-id=\"34685\" data-link=\"https:\/\/www.comau.com\/en\/competencies\/robotics-automation\/collaborative-robotics\/aura-collaborative-robot\/03-5\/\" data-original-link=\"https:\/\/www.comau.com\/wp-content\/uploads\/2021\/07\/03-1.png\" class=\"wp-block-getwid-images-slider__image wp-image-34685\" srcset=\"https:\/\/www.comau.com\/wp-content\/uploads\/2021\/07\/03-1.png 1180w, https:\/\/www.comau.com\/wp-content\/uploads\/2021\/07\/03-1-300x122.png 300w, https:\/\/www.comau.com\/wp-content\/uploads\/2021\/07\/03-1-1024x417.png 1024w, https:\/\/www.comau.com\/wp-content\/uploads\/2021\/07\/03-1-768x312.png 768w\" sizes=\"(max-width: 1180px) 100vw, 1180px\" \/><\/figure><\/div><div class=\"wp-block-getwid-images-slider__item\"><figure><img decoding=\"async\" width=\"1180\" height=\"480\" src=\"https:\/\/www.comau.com\/wp-content\/uploads\/2021\/07\/04-1.png\" data-id=\"34691\" data-link=\"https:\/\/www.comau.com\/en\/competencies\/robotics-automation\/collaborative-robotics\/aura-collaborative-robot\/04-5\/\" data-original-link=\"https:\/\/www.comau.com\/wp-content\/uploads\/2021\/07\/04-1.png\" class=\"wp-block-getwid-images-slider__image wp-image-34691\" srcset=\"https:\/\/www.comau.com\/wp-content\/uploads\/2021\/07\/04-1.png 1180w, https:\/\/www.comau.com\/wp-content\/uploads\/2021\/07\/04-1-300x122.png 300w, https:\/\/www.comau.com\/wp-content\/uploads\/2021\/07\/04-1-1024x417.png 1024w, https:\/\/www.comau.com\/wp-content\/uploads\/2021\/07\/04-1-768x312.png 768w\" sizes=\"(max-width: 1180px) 100vw, 1180px\" \/><\/figure><\/div><\/div><\/div>\n","protected":false},"excerpt":{"rendered":"<p>Fiable et sensible En termes de niveaux de sensibilit\u00e9, AURA est quasiment un \u00eatre humain. Avec six niveaux de s\u00e9curit\u00e9 et une approche modulaire, AURA assiste les \u00eatres humains dans la r\u00e9alisation de leurs op\u00e9rations manuelles de proximit\u00e9 en toute s\u00e9curit\u00e9 sans n\u00e9cessiter de barri\u00e8res ou de cl\u00f4tures. AURA est suffisamment flexible pour \u00eatre conforme [&hellip;]<\/p>\n","protected":false},"author":11,"featured_media":34601,"parent":4819,"menu_order":2,"comment_status":"closed","ping_status":"closed","template":"","meta":{"_acf_changed":false,"ep_exclude_from_search":false,"footnotes":""},"class_list":["post-36363","page","type-page","status-publish","has-post-thumbnail","hentry"],"acf":[],"yoast_head":"<!-- This site is optimized with the Yoast SEO plugin v26.9 - https:\/\/yoast.com\/product\/yoast-seo-wordpress\/ -->\n<title>Robot collaboratif Aura de Comau | Comau<\/title>\n<meta name=\"description\" content=\"D\u00e9couvrez Aura de Comau\u00a0: le robot collaboratif qui permet un travail s\u00e9curis\u00e9 \u00e0 proximit\u00e9\u00a0!\" \/>\n<meta name=\"robots\" content=\"index, follow, max-snippet:-1, max-image-preview:large, max-video-preview:-1\" \/>\n<link rel=\"canonical\" href=\"https:\/\/www.comau.com\/fr\/competencies\/robotics-automation\/collaborative-robotics\/aura-collaborative-robot\/\" \/>\n<meta property=\"og:locale\" content=\"fr_FR\" \/>\n<meta property=\"og:type\" content=\"article\" \/>\n<meta property=\"og:title\" content=\"Robot collaboratif Aura de Comau | Comau\" \/>\n<meta property=\"og:description\" content=\"D\u00e9couvrez Aura de Comau\u00a0: le robot collaboratif qui permet un travail s\u00e9curis\u00e9 \u00e0 proximit\u00e9\u00a0!\" \/>\n<meta property=\"og:url\" content=\"https:\/\/www.comau.com\/fr\/competencies\/robotics-automation\/collaborative-robotics\/aura-collaborative-robot\/\" \/>\n<meta property=\"og:site_name\" content=\"Comau\" \/>\n<meta property=\"article:publisher\" content=\"https:\/\/www.facebook.com\/COMAU\/\" \/>\n<meta property=\"article:modified_time\" content=\"2022-10-19T07:54:38+00:00\" \/>\n<meta property=\"og:image\" content=\"https:\/\/www.comau.com\/wp-content\/uploads\/2021\/07\/Header_AURA.jpg\" \/>\n\t<meta property=\"og:image:width\" content=\"1280\" \/>\n\t<meta property=\"og:image:height\" content=\"485\" \/>\n\t<meta property=\"og:image:type\" content=\"image\/jpeg\" \/>\n<meta name=\"twitter:card\" content=\"summary_large_image\" \/>\n<meta name=\"twitter:site\" content=\"@comaugroup\" \/>\n<meta name=\"twitter:label1\" content=\"Dur\u00e9e de lecture estim\u00e9e\" \/>\n\t<meta name=\"twitter:data1\" content=\"2 minutes\" \/>\n<script type=\"application\/ld+json\" class=\"yoast-schema-graph\">{\"@context\":\"https:\/\/schema.org\",\"@graph\":[{\"@type\":\"WebPage\",\"@id\":\"https:\/\/www.comau.com\/fr\/competencies\/robotics-automation\/collaborative-robotics\/aura-collaborative-robot\/\",\"url\":\"https:\/\/www.comau.com\/fr\/competencies\/robotics-automation\/collaborative-robotics\/aura-collaborative-robot\/\",\"name\":\"Robot collaboratif Aura de Comau | Comau\",\"isPartOf\":{\"@id\":\"https:\/\/www.comau.com\/fr\/#website\"},\"primaryImageOfPage\":{\"@id\":\"https:\/\/www.comau.com\/fr\/competencies\/robotics-automation\/collaborative-robotics\/aura-collaborative-robot\/#primaryimage\"},\"image\":{\"@id\":\"https:\/\/www.comau.com\/fr\/competencies\/robotics-automation\/collaborative-robotics\/aura-collaborative-robot\/#primaryimage\"},\"thumbnailUrl\":\"https:\/\/www.comau.com\/wp-content\/uploads\/2021\/07\/Header_AURA.jpg\",\"datePublished\":\"2021-07-23T07:57:34+00:00\",\"dateModified\":\"2022-10-19T07:54:38+00:00\",\"description\":\"D\u00e9couvrez Aura de Comau\u00a0: le robot collaboratif qui permet un travail s\u00e9curis\u00e9 \u00e0 proximit\u00e9\u00a0!\",\"breadcrumb\":{\"@id\":\"https:\/\/www.comau.com\/fr\/competencies\/robotics-automation\/collaborative-robotics\/aura-collaborative-robot\/#breadcrumb\"},\"inLanguage\":\"fr-FR\",\"potentialAction\":[{\"@type\":\"ReadAction\",\"target\":[\"https:\/\/www.comau.com\/fr\/competencies\/robotics-automation\/collaborative-robotics\/aura-collaborative-robot\/\"]}]},{\"@type\":\"ImageObject\",\"inLanguage\":\"fr-FR\",\"@id\":\"https:\/\/www.comau.com\/fr\/competencies\/robotics-automation\/collaborative-robotics\/aura-collaborative-robot\/#primaryimage\",\"url\":\"https:\/\/www.comau.com\/wp-content\/uploads\/2021\/07\/Header_AURA.jpg\",\"contentUrl\":\"https:\/\/www.comau.com\/wp-content\/uploads\/2021\/07\/Header_AURA.jpg\",\"width\":1280,\"height\":485},{\"@type\":\"BreadcrumbList\",\"@id\":\"https:\/\/www.comau.com\/fr\/competencies\/robotics-automation\/collaborative-robotics\/aura-collaborative-robot\/#breadcrumb\",\"itemListElement\":[{\"@type\":\"ListItem\",\"position\":1,\"name\":\"Home\",\"item\":\"https:\/\/www.comau.com\/fr\/\"},{\"@type\":\"ListItem\",\"position\":2,\"name\":\"Nos comp\u00e9tences\",\"item\":\"https:\/\/www.comau.com\/fr\/competencies\/\"},{\"@type\":\"ListItem\",\"position\":3,\"name\":\"Robotics &amp; Automation\",\"item\":\"https:\/\/www.comau.com\/fr\/competencies\/robotics-automation\/\"},{\"@type\":\"ListItem\",\"position\":4,\"name\":\"Collaborative Robotics\",\"item\":\"https:\/\/www.comau.com\/fr\/competencies\/robotics-automation\/collaborative-robotics\/\"},{\"@type\":\"ListItem\",\"position\":5,\"name\":\"Aura Robot collaboratif\"}]},{\"@type\":\"WebSite\",\"@id\":\"https:\/\/www.comau.com\/fr\/#website\",\"url\":\"https:\/\/www.comau.com\/fr\/\",\"name\":\"Comau\",\"description\":\"Industrial automation and robotics\",\"publisher\":{\"@id\":\"https:\/\/www.comau.com\/fr\/#organization\"},\"potentialAction\":[{\"@type\":\"SearchAction\",\"target\":{\"@type\":\"EntryPoint\",\"urlTemplate\":\"https:\/\/www.comau.com\/fr\/?s={search_term_string}\"},\"query-input\":{\"@type\":\"PropertyValueSpecification\",\"valueRequired\":true,\"valueName\":\"search_term_string\"}}],\"inLanguage\":\"fr-FR\"},{\"@type\":\"Organization\",\"@id\":\"https:\/\/www.comau.com\/fr\/#organization\",\"name\":\"Comau\",\"url\":\"https:\/\/www.comau.com\/fr\/\",\"logo\":{\"@type\":\"ImageObject\",\"inLanguage\":\"fr-FR\",\"@id\":\"https:\/\/www.comau.com\/fr\/#\/schema\/logo\/image\/\",\"url\":\"https:\/\/www.comau.com\/wp-content\/uploads\/2024\/07\/cropped-Logo-COMAU.png\",\"contentUrl\":\"https:\/\/www.comau.com\/wp-content\/uploads\/2024\/07\/cropped-Logo-COMAU.png\",\"width\":434,\"height\":434,\"caption\":\"Comau\"},\"image\":{\"@id\":\"https:\/\/www.comau.com\/fr\/#\/schema\/logo\/image\/\"},\"sameAs\":[\"https:\/\/www.facebook.com\/COMAU\/\",\"https:\/\/x.com\/comaugroup\",\"https:\/\/www.instagram.com\/comaugroup\/\",\"https:\/\/www.linkedin.com\/company\/comau\",\"https:\/\/www.youtube.com\/user\/comau\"]}]}<\/script>\n<!-- \/ Yoast SEO plugin. -->","yoast_head_json":{"title":"Robot collaboratif Aura de Comau | Comau","description":"D\u00e9couvrez Aura de Comau\u00a0: le robot collaboratif qui permet un travail s\u00e9curis\u00e9 \u00e0 proximit\u00e9\u00a0!","robots":{"index":"index","follow":"follow","max-snippet":"max-snippet:-1","max-image-preview":"max-image-preview:large","max-video-preview":"max-video-preview:-1"},"canonical":"https:\/\/www.comau.com\/fr\/competencies\/robotics-automation\/collaborative-robotics\/aura-collaborative-robot\/","og_locale":"fr_FR","og_type":"article","og_title":"Robot collaboratif Aura de Comau | Comau","og_description":"D\u00e9couvrez Aura de Comau\u00a0: le robot collaboratif qui permet un travail s\u00e9curis\u00e9 \u00e0 proximit\u00e9\u00a0!","og_url":"https:\/\/www.comau.com\/fr\/competencies\/robotics-automation\/collaborative-robotics\/aura-collaborative-robot\/","og_site_name":"Comau","article_publisher":"https:\/\/www.facebook.com\/COMAU\/","article_modified_time":"2022-10-19T07:54:38+00:00","og_image":[{"width":1280,"height":485,"url":"https:\/\/www.comau.com\/wp-content\/uploads\/2021\/07\/Header_AURA.jpg","type":"image\/jpeg"}],"twitter_card":"summary_large_image","twitter_site":"@comaugroup","twitter_misc":{"Dur\u00e9e de lecture estim\u00e9e":"2 minutes"},"schema":{"@context":"https:\/\/schema.org","@graph":[{"@type":"WebPage","@id":"https:\/\/www.comau.com\/fr\/competencies\/robotics-automation\/collaborative-robotics\/aura-collaborative-robot\/","url":"https:\/\/www.comau.com\/fr\/competencies\/robotics-automation\/collaborative-robotics\/aura-collaborative-robot\/","name":"Robot collaboratif Aura de Comau | Comau","isPartOf":{"@id":"https:\/\/www.comau.com\/fr\/#website"},"primaryImageOfPage":{"@id":"https:\/\/www.comau.com\/fr\/competencies\/robotics-automation\/collaborative-robotics\/aura-collaborative-robot\/#primaryimage"},"image":{"@id":"https:\/\/www.comau.com\/fr\/competencies\/robotics-automation\/collaborative-robotics\/aura-collaborative-robot\/#primaryimage"},"thumbnailUrl":"https:\/\/www.comau.com\/wp-content\/uploads\/2021\/07\/Header_AURA.jpg","datePublished":"2021-07-23T07:57:34+00:00","dateModified":"2022-10-19T07:54:38+00:00","description":"D\u00e9couvrez Aura de Comau\u00a0: le robot collaboratif qui permet un travail s\u00e9curis\u00e9 \u00e0 proximit\u00e9\u00a0!","breadcrumb":{"@id":"https:\/\/www.comau.com\/fr\/competencies\/robotics-automation\/collaborative-robotics\/aura-collaborative-robot\/#breadcrumb"},"inLanguage":"fr-FR","potentialAction":[{"@type":"ReadAction","target":["https:\/\/www.comau.com\/fr\/competencies\/robotics-automation\/collaborative-robotics\/aura-collaborative-robot\/"]}]},{"@type":"ImageObject","inLanguage":"fr-FR","@id":"https:\/\/www.comau.com\/fr\/competencies\/robotics-automation\/collaborative-robotics\/aura-collaborative-robot\/#primaryimage","url":"https:\/\/www.comau.com\/wp-content\/uploads\/2021\/07\/Header_AURA.jpg","contentUrl":"https:\/\/www.comau.com\/wp-content\/uploads\/2021\/07\/Header_AURA.jpg","width":1280,"height":485},{"@type":"BreadcrumbList","@id":"https:\/\/www.comau.com\/fr\/competencies\/robotics-automation\/collaborative-robotics\/aura-collaborative-robot\/#breadcrumb","itemListElement":[{"@type":"ListItem","position":1,"name":"Home","item":"https:\/\/www.comau.com\/fr\/"},{"@type":"ListItem","position":2,"name":"Nos comp\u00e9tences","item":"https:\/\/www.comau.com\/fr\/competencies\/"},{"@type":"ListItem","position":3,"name":"Robotics &amp; Automation","item":"https:\/\/www.comau.com\/fr\/competencies\/robotics-automation\/"},{"@type":"ListItem","position":4,"name":"Collaborative Robotics","item":"https:\/\/www.comau.com\/fr\/competencies\/robotics-automation\/collaborative-robotics\/"},{"@type":"ListItem","position":5,"name":"Aura Robot collaboratif"}]},{"@type":"WebSite","@id":"https:\/\/www.comau.com\/fr\/#website","url":"https:\/\/www.comau.com\/fr\/","name":"Comau","description":"Industrial automation and robotics","publisher":{"@id":"https:\/\/www.comau.com\/fr\/#organization"},"potentialAction":[{"@type":"SearchAction","target":{"@type":"EntryPoint","urlTemplate":"https:\/\/www.comau.com\/fr\/?s={search_term_string}"},"query-input":{"@type":"PropertyValueSpecification","valueRequired":true,"valueName":"search_term_string"}}],"inLanguage":"fr-FR"},{"@type":"Organization","@id":"https:\/\/www.comau.com\/fr\/#organization","name":"Comau","url":"https:\/\/www.comau.com\/fr\/","logo":{"@type":"ImageObject","inLanguage":"fr-FR","@id":"https:\/\/www.comau.com\/fr\/#\/schema\/logo\/image\/","url":"https:\/\/www.comau.com\/wp-content\/uploads\/2024\/07\/cropped-Logo-COMAU.png","contentUrl":"https:\/\/www.comau.com\/wp-content\/uploads\/2024\/07\/cropped-Logo-COMAU.png","width":434,"height":434,"caption":"Comau"},"image":{"@id":"https:\/\/www.comau.com\/fr\/#\/schema\/logo\/image\/"},"sameAs":["https:\/\/www.facebook.com\/COMAU\/","https:\/\/x.com\/comaugroup","https:\/\/www.instagram.com\/comaugroup\/","https:\/\/www.linkedin.com\/company\/comau","https:\/\/www.youtube.com\/user\/comau"]}]}},"_links":{"self":[{"href":"https:\/\/www.comau.com\/fr\/wp-json\/wp\/v2\/pages\/36363","targetHints":{"allow":["GET"]}}],"collection":[{"href":"https:\/\/www.comau.com\/fr\/wp-json\/wp\/v2\/pages"}],"about":[{"href":"https:\/\/www.comau.com\/fr\/wp-json\/wp\/v2\/types\/page"}],"author":[{"embeddable":true,"href":"https:\/\/www.comau.com\/fr\/wp-json\/wp\/v2\/users\/11"}],"replies":[{"embeddable":true,"href":"https:\/\/www.comau.com\/fr\/wp-json\/wp\/v2\/comments?post=36363"}],"version-history":[{"count":7,"href":"https:\/\/www.comau.com\/fr\/wp-json\/wp\/v2\/pages\/36363\/revisions"}],"predecessor-version":[{"id":48472,"href":"https:\/\/www.comau.com\/fr\/wp-json\/wp\/v2\/pages\/36363\/revisions\/48472"}],"up":[{"embeddable":true,"href":"https:\/\/www.comau.com\/fr\/wp-json\/wp\/v2\/pages\/4819"}],"wp:featuredmedia":[{"embeddable":true,"href":"https:\/\/www.comau.com\/fr\/wp-json\/wp\/v2\/media\/34601"}],"wp:attachment":[{"href":"https:\/\/www.comau.com\/fr\/wp-json\/wp\/v2\/media?parent=36363"}],"curies":[{"name":"wp","href":"https:\/\/api.w.org\/{rel}","templated":true}]}}