{"id":33165,"date":"2021-06-24T18:47:18","date_gmt":"2021-06-24T16:47:18","guid":{"rendered":"https:\/\/www.comau.com\/?page_id=33165"},"modified":"2021-07-28T08:50:21","modified_gmt":"2021-07-28T06:50:21","slug":"highlights","status":"publish","type":"page","link":"https:\/\/www.comau.com\/fr\/newsroom\/highlights\/","title":{"rendered":"Highlights"},"content":{"rendered":"<form class=\"posts-items-filterform mb-5\" type=\"get\" action=\"https:\/\/www.comau.com\/fr\/2020\/04\/07\/comau-inaugure-des-laboratoires-laser-hautement-specialises-pour-developper-des-batteries-et-des-moteurs-destines-au-secteur-de-lelectrification-4\/\"><div class=\"row g-3\"><div class=\"col-md\"><label for=\"filterFormSearch\" class=\"visually-hidden\">Keywords<\/label><input name=\"comau_s\" type=\"text\" class=\"form-control form-control-lg\" placeholder=\"Keywords\" value=\"\" id=\"filterFormSearch\"><\/div><div class=\"col-md-4\"><label for=\"filterFormYear\" class=\"visually-hidden\">Select Year<\/label><select name=\"comau_year\" class=\"form-select form-select-lg\" id=\"filterFormYear\"><option value=\"\">Select Year<\/option><option value=\"2026\">2026<\/option><option value=\"2025\">2025<\/option><option value=\"2024\">2024<\/option><option value=\"2023\">2023<\/option><option value=\"2022\">2022<\/option><option value=\"2021\">2021<\/option><option value=\"2020\">2020<\/option><\/select><\/div><div class=\"d-grid col-md-auto\"><button type=\"submit\" class=\"btn btn-lg btn-primary\">Chercher<\/button><\/div><\/div><\/form><div class=\"posts-items\"><div class=\"posts-items-featured-list\"><article class=\"post-index-item-featured\" id=\"post-79194\">\n    <div class=\"post-item-inner\">\n        <div class=\"row align-items-center\">\n            <div class=\"col-lg-4\">\n                <a href=\"https:\/\/www.comau.com\/fr\/2025\/06\/24\/comau-devoile-mymr-une-robots-mobiles-autonomes-automatica-2025\/\" class=\"d-block\">\n                    \r\n\t\t\t<a class=\"post-thumbnail\" href=\"https:\/\/www.comau.com\/fr\/2025\/06\/24\/comau-devoile-mymr-une-robots-mobiles-autonomes-automatica-2025\/\" aria-hidden=\"true\" tabindex=\"-1\">\r\n\t\t\t\t<img decoding=\"async\" width=\"1920\" height=\"606\" src=\"https:\/\/www.comau.com\/wp-content\/uploads\/2025\/06\/Comau_AMR_MyMR_header_Launch.jpg\" class=\"attachment-post-thumbnail size-post-thumbnail wp-post-image\" alt=\"Comau d\u00e9voile MyMR, une famille de robots mobiles autonomes et \u00e9volutifs con\u00e7us pour optimiser l&rsquo;efficacit\u00e9 de l&rsquo;intralogistique\" srcset=\"https:\/\/www.comau.com\/wp-content\/uploads\/2025\/06\/Comau_AMR_MyMR_header_Launch.jpg 1920w, https:\/\/www.comau.com\/wp-content\/uploads\/2025\/06\/Comau_AMR_MyMR_header_Launch-300x95.jpg 300w, https:\/\/www.comau.com\/wp-content\/uploads\/2025\/06\/Comau_AMR_MyMR_header_Launch-1024x323.jpg 1024w, https:\/\/www.comau.com\/wp-content\/uploads\/2025\/06\/Comau_AMR_MyMR_header_Launch-768x242.jpg 768w, https:\/\/www.comau.com\/wp-content\/uploads\/2025\/06\/Comau_AMR_MyMR_header_Launch-1536x485.jpg 1536w\" sizes=\"(max-width: 1920px) 100vw, 1920px\" \/>\t\t\t<\/a>\r\n\r\n\t\t\t                <\/a>\n            <\/div>\n            <div class=\"col-lg-8\">\n                <h2 class=\"entry-title\"><a href=\"https:\/\/www.comau.com\/fr\/2025\/06\/24\/comau-devoile-mymr-une-robots-mobiles-autonomes-automatica-2025\/\">Comau d\u00e9voile MyMR, une famille de robots mobiles autonomes et \u00e9volutifs con\u00e7us pour optimiser l&rsquo;efficacit\u00e9 de l&rsquo;intralogistique<\/a><\/h2>\n                <p class=\"entry-excerpt\">\u2022 Comau lance trois nouveaux robots mobiles autonomes &#8211; avec des charges utiles allant de 300 kg \u00e0 1. 5 tonnes, pour am\u00e9liorer l&rsquo;intralogistique et l&rsquo;automatisation des entrep\u00f4ts \u2022 Flexibles, \u00e9volutifs et sans infrastructure, les robots MyMR offrent une navigation hybride (AMR\/AGV) et une gestion intelligente de la flotte, am\u00e9liorant ainsi la productivit\u00e9 sans n\u00e9cessiter [&hellip;]<\/p>                <p class=\"readmore\"><a href=\"https:\/\/www.comau.com\/fr\/2025\/06\/24\/comau-devoile-mymr-une-robots-mobiles-autonomes-automatica-2025\/\" class=\"btn btn-primary btn-readmore\">Read more<\/a><\/p>\n            <\/div>\n        <\/div>\n    <\/div>\n<\/article>\n<article class=\"post-index-item-featured\" id=\"post-79212\">\n    <div class=\"post-item-inner\">\n        <div class=\"row align-items-center\">\n            <div class=\"col-lg-4\">\n                <a href=\"https:\/\/www.comau.com\/fr\/2025\/06\/24\/comau-presente-sa-pince-a-souder-innovante-n-wg-a-loccasion-du-salon-automatica-2025\/\" class=\"d-block\">\n                    \r\n\t\t\t<a class=\"post-thumbnail\" href=\"https:\/\/www.comau.com\/fr\/2025\/06\/24\/comau-presente-sa-pince-a-souder-innovante-n-wg-a-loccasion-du-salon-automatica-2025\/\" aria-hidden=\"true\" tabindex=\"-1\">\r\n\t\t\t\t<img decoding=\"async\" width=\"1920\" height=\"606\" src=\"https:\/\/www.comau.com\/wp-content\/uploads\/2025\/06\/header-welding-gun-automatica.png\" class=\"attachment-post-thumbnail size-post-thumbnail wp-post-image\" alt=\"Comau pr\u00e9sente sa pince \u00e0 souder innovante N-WG \u00e0 l&rsquo;occasion du salon automatica 2025\" srcset=\"https:\/\/www.comau.com\/wp-content\/uploads\/2025\/06\/header-welding-gun-automatica.png 1920w, https:\/\/www.comau.com\/wp-content\/uploads\/2025\/06\/header-welding-gun-automatica-300x95.png 300w, https:\/\/www.comau.com\/wp-content\/uploads\/2025\/06\/header-welding-gun-automatica-1024x323.png 1024w, https:\/\/www.comau.com\/wp-content\/uploads\/2025\/06\/header-welding-gun-automatica-768x242.png 768w, https:\/\/www.comau.com\/wp-content\/uploads\/2025\/06\/header-welding-gun-automatica-1536x485.png 1536w\" sizes=\"(max-width: 1920px) 100vw, 1920px\" \/>\t\t\t<\/a>\r\n\r\n\t\t\t                <\/a>\n            <\/div>\n            <div class=\"col-lg-8\">\n                <h2 class=\"entry-title\"><a href=\"https:\/\/www.comau.com\/fr\/2025\/06\/24\/comau-presente-sa-pince-a-souder-innovante-n-wg-a-loccasion-du-salon-automatica-2025\/\">Comau pr\u00e9sente sa pince \u00e0 souder innovante N-WG \u00e0 l&rsquo;occasion du salon automatica 2025<\/a><\/h2>\n                <p class=\"entry-excerpt\">\u2022 La solution modulaire brevet\u00e9e de Comau est con\u00e7ue pour r\u00e9duire le co\u00fbt total de possession gr\u00e2ce \u00e0 une efficacit\u00e9 accrue et \u00e0 des co\u00fbts d&rsquo;exploitation r\u00e9duits \u2022 La conception monocorps permet une reconfiguration rapide entre les types et les forces de soudage, ce qui minimise les temps d&rsquo;arr\u00eat et simplifie la maintenance dans divers [&hellip;]<\/p>                <p class=\"readmore\"><a href=\"https:\/\/www.comau.com\/fr\/2025\/06\/24\/comau-presente-sa-pince-a-souder-innovante-n-wg-a-loccasion-du-salon-automatica-2025\/\" class=\"btn btn-primary btn-readmore\">Read more<\/a><\/p>\n            <\/div>\n        <\/div>\n    <\/div>\n<\/article>\n<\/div><div class=\"posts-items-list\"><article class=\"post-index-item\" id=\"post-78488\">\n    <div class=\"post-item-inner\">\n        \r\n\t\t\t<a class=\"post-thumbnail\" href=\"https:\/\/www.comau.com\/fr\/2025\/06\/18\/technologies-innovantes-precision-et-flexibilite-lautomation-de-comau-pour-le-secteur-aerospatial\/\" aria-hidden=\"true\" tabindex=\"-1\">\r\n\t\t\t\t<img decoding=\"async\" width=\"1920\" height=\"600\" src=\"https:\/\/www.comau.com\/wp-content\/uploads\/2024\/10\/Header_SmartReach-Comau_Machining.jpeg\" class=\"attachment-post-thumbnail size-post-thumbnail wp-post-image\" alt=\"Technologies innovantes, pr\u00e9cision et flexibilit\u00e9 : l\u2019automation de Comau pour le secteur a\u00e9rospatial\" srcset=\"https:\/\/www.comau.com\/wp-content\/uploads\/2024\/10\/Header_SmartReach-Comau_Machining.jpeg 1920w, https:\/\/www.comau.com\/wp-content\/uploads\/2024\/10\/Header_SmartReach-Comau_Machining-300x94.jpeg 300w, https:\/\/www.comau.com\/wp-content\/uploads\/2024\/10\/Header_SmartReach-Comau_Machining-1024x320.jpeg 1024w, https:\/\/www.comau.com\/wp-content\/uploads\/2024\/10\/Header_SmartReach-Comau_Machining-768x240.jpeg 768w, https:\/\/www.comau.com\/wp-content\/uploads\/2024\/10\/Header_SmartReach-Comau_Machining-1536x480.jpeg 1536w\" sizes=\"(max-width: 1920px) 100vw, 1920px\" \/>\t\t\t<\/a>\r\n\r\n\t\t\t        <div class=\"entry-header\">\n            <h2 class=\"entry-title\">Technologies innovantes, pr\u00e9cision et flexibilit\u00e9 : l\u2019automation de Comau pour le secteur a\u00e9rospatial<\/h2>\n            <p class=\"readmore\"><a href=\"https:\/\/www.comau.com\/fr\/2025\/06\/18\/technologies-innovantes-precision-et-flexibilite-lautomation-de-comau-pour-le-secteur-aerospatial\/\" class=\"stretched-link\">Lire<\/a><\/p>\n        <\/div>\n    <\/div>\n<\/article>\n<article class=\"post-index-item\" id=\"post-75342\">\n    <div class=\"post-item-inner\">\n        \r\n\t\t\t<a class=\"post-thumbnail\" href=\"https:\/\/www.comau.com\/fr\/2025\/04\/10\/le-protagoniste-de-lautomatisation-avancee-de-comau-en-france-entretien-avec-stefano-percario\/\" aria-hidden=\"true\" tabindex=\"-1\">\r\n\t\t\t\t<img decoding=\"async\" width=\"1920\" height=\"600\" src=\"https:\/\/www.comau.com\/wp-content\/uploads\/2024\/10\/Header_SmartReach-Comau_Machining.jpeg\" class=\"attachment-post-thumbnail size-post-thumbnail wp-post-image\" alt=\"Le protagoniste de l&rsquo;automatisation avanc\u00e9e de Comau en France : entretien avec Stefano Percario\" srcset=\"https:\/\/www.comau.com\/wp-content\/uploads\/2024\/10\/Header_SmartReach-Comau_Machining.jpeg 1920w, https:\/\/www.comau.com\/wp-content\/uploads\/2024\/10\/Header_SmartReach-Comau_Machining-300x94.jpeg 300w, https:\/\/www.comau.com\/wp-content\/uploads\/2024\/10\/Header_SmartReach-Comau_Machining-1024x320.jpeg 1024w, https:\/\/www.comau.com\/wp-content\/uploads\/2024\/10\/Header_SmartReach-Comau_Machining-768x240.jpeg 768w, https:\/\/www.comau.com\/wp-content\/uploads\/2024\/10\/Header_SmartReach-Comau_Machining-1536x480.jpeg 1536w\" sizes=\"(max-width: 1920px) 100vw, 1920px\" \/>\t\t\t<\/a>\r\n\r\n\t\t\t        <div class=\"entry-header\">\n            <h2 class=\"entry-title\">Le protagoniste de l&rsquo;automatisation avanc\u00e9e de Comau en France : entretien avec Stefano Percario<\/h2>\n            <p class=\"readmore\"><a href=\"https:\/\/www.comau.com\/fr\/2025\/04\/10\/le-protagoniste-de-lautomatisation-avancee-de-comau-en-france-entretien-avec-stefano-percario\/\" class=\"stretched-link\">Lire<\/a><\/p>\n        <\/div>\n    <\/div>\n<\/article>\n<article class=\"post-index-item\" id=\"post-68579\">\n    <div class=\"post-item-inner\">\n        \r\n\t\t\t<a class=\"post-thumbnail\" href=\"https:\/\/www.comau.com\/fr\/2024\/10\/10\/comau-et-prima-additive-repondent-aux-normes-euro-7-avec-une-solution-de-revetement-de-disque-de-frein-entierement-automatisee\/\" aria-hidden=\"true\" tabindex=\"-1\">\r\n\t\t\t\t<img decoding=\"async\" width=\"1450\" height=\"450\" src=\"https:\/\/www.comau.com\/wp-content\/uploads\/2024\/10\/HEADER-Prima-Additive.png\" class=\"attachment-post-thumbnail size-post-thumbnail wp-post-image\" alt=\"Comau et Prima Additive r\u00e9pondent aux normes euro 7 avec une solution de rev\u00eatement de disque de frein enti\u00e8rement automatis\u00e9e\" srcset=\"https:\/\/www.comau.com\/wp-content\/uploads\/2024\/10\/HEADER-Prima-Additive.png 1450w, https:\/\/www.comau.com\/wp-content\/uploads\/2024\/10\/HEADER-Prima-Additive-300x93.png 300w, https:\/\/www.comau.com\/wp-content\/uploads\/2024\/10\/HEADER-Prima-Additive-1024x318.png 1024w, https:\/\/www.comau.com\/wp-content\/uploads\/2024\/10\/HEADER-Prima-Additive-768x238.png 768w\" sizes=\"(max-width: 1450px) 100vw, 1450px\" \/>\t\t\t<\/a>\r\n\r\n\t\t\t        <div class=\"entry-header\">\n            <h2 class=\"entry-title\">Comau et Prima Additive r\u00e9pondent aux normes euro 7 avec une solution de rev\u00eatement de disque de frein enti\u00e8rement automatis\u00e9e<\/h2>\n            <p class=\"readmore\"><a href=\"https:\/\/www.comau.com\/fr\/2024\/10\/10\/comau-et-prima-additive-repondent-aux-normes-euro-7-avec-une-solution-de-revetement-de-disque-de-frein-entierement-automatisee\/\" class=\"stretched-link\">Lire<\/a><\/p>\n        <\/div>\n    <\/div>\n<\/article>\n<article class=\"post-index-item\" id=\"post-59053\">\n    <div class=\"post-item-inner\">\n        \r\n\t\t\t<a class=\"post-thumbnail\" href=\"https:\/\/www.comau.com\/fr\/2023\/12\/18\/definir-le-cadre-dune-automatisation-energetique-neutre-en-carbone\/\" aria-hidden=\"true\" tabindex=\"-1\">\r\n\t\t\t\t<img decoding=\"async\" width=\"1375\" height=\"771\" src=\"https:\/\/www.comau.com\/wp-content\/uploads\/2023\/12\/Electrolyzer-Stack-Production.png\" class=\"attachment-post-thumbnail size-post-thumbnail wp-post-image\" alt=\"D\u00e9finir le cadre d\u2019une automatisation \u00e9nerg\u00e9tique neutre en carbone\u00a0\" srcset=\"https:\/\/www.comau.com\/wp-content\/uploads\/2023\/12\/Electrolyzer-Stack-Production.png 1375w, https:\/\/www.comau.com\/wp-content\/uploads\/2023\/12\/Electrolyzer-Stack-Production-300x168.png 300w, https:\/\/www.comau.com\/wp-content\/uploads\/2023\/12\/Electrolyzer-Stack-Production-1024x574.png 1024w, https:\/\/www.comau.com\/wp-content\/uploads\/2023\/12\/Electrolyzer-Stack-Production-768x431.png 768w\" sizes=\"(max-width: 1375px) 100vw, 1375px\" \/>\t\t\t<\/a>\r\n\r\n\t\t\t        <div class=\"entry-header\">\n            <h2 class=\"entry-title\">D\u00e9finir le cadre d\u2019une automatisation \u00e9nerg\u00e9tique neutre en carbone\u00a0<\/h2>\n            <p class=\"readmore\"><a href=\"https:\/\/www.comau.com\/fr\/2023\/12\/18\/definir-le-cadre-dune-automatisation-energetique-neutre-en-carbone\/\" class=\"stretched-link\">Lire<\/a><\/p>\n        <\/div>\n    <\/div>\n<\/article>\n<article class=\"post-index-item\" id=\"post-58095\">\n    <div class=\"post-item-inner\">\n        \r\n\t\t\t<a class=\"post-thumbnail\" href=\"https:\/\/www.comau.com\/fr\/2023\/11\/15\/comau-presente-ses-competences-dans-le-domaine-de-lelectromobilite-aux-battery-innovation-days-en-france\/\" aria-hidden=\"true\" tabindex=\"-1\">\r\n\t\t\t\t<img decoding=\"async\" width=\"1997\" height=\"1321\" src=\"https:\/\/www.comau.com\/wp-content\/uploads\/2023\/11\/Image_20231114_182255_007_RITAGLIO.jpg\" class=\"attachment-post-thumbnail size-post-thumbnail wp-post-image\" alt=\"Comau pr\u00e9sente ses comp\u00e9tences dans le domaine de l\u2019\u00e9lectromobilit\u00e9 aux Battery Innovation Days en France\" srcset=\"https:\/\/www.comau.com\/wp-content\/uploads\/2023\/11\/Image_20231114_182255_007_RITAGLIO.jpg 1997w, https:\/\/www.comau.com\/wp-content\/uploads\/2023\/11\/Image_20231114_182255_007_RITAGLIO-300x198.jpg 300w, https:\/\/www.comau.com\/wp-content\/uploads\/2023\/11\/Image_20231114_182255_007_RITAGLIO-1024x677.jpg 1024w, https:\/\/www.comau.com\/wp-content\/uploads\/2023\/11\/Image_20231114_182255_007_RITAGLIO-768x508.jpg 768w, https:\/\/www.comau.com\/wp-content\/uploads\/2023\/11\/Image_20231114_182255_007_RITAGLIO-1536x1016.jpg 1536w\" sizes=\"(max-width: 1997px) 100vw, 1997px\" \/>\t\t\t<\/a>\r\n\r\n\t\t\t        <div class=\"entry-header\">\n            <h2 class=\"entry-title\">Comau pr\u00e9sente ses comp\u00e9tences dans le domaine de l\u2019\u00e9lectromobilit\u00e9 aux Battery Innovation Days en France<\/h2>\n            <p class=\"readmore\"><a href=\"https:\/\/www.comau.com\/fr\/2023\/11\/15\/comau-presente-ses-competences-dans-le-domaine-de-lelectromobilite-aux-battery-innovation-days-en-france\/\" class=\"stretched-link\">Lire<\/a><\/p>\n        <\/div>\n    <\/div>\n<\/article>\n<article class=\"post-index-item\" id=\"post-57816\">\n    <div class=\"post-item-inner\">\n        \r\n\t\t\t<a class=\"post-thumbnail\" href=\"https:\/\/www.comau.com\/fr\/2023\/10\/18\/au-salon-siane-2023-comau-presente-en-avant-premiere-ses-solutions-innovantes-en-matiere-denergie-et-daerospatiale\/\" aria-hidden=\"true\" tabindex=\"-1\">\r\n\t\t\t\t<img decoding=\"async\" width=\"1512\" height=\"2016\" src=\"https:\/\/www.comau.com\/wp-content\/uploads\/2023\/10\/Photo-1-LIGHT.jpg\" class=\"attachment-post-thumbnail size-post-thumbnail wp-post-image\" alt=\"Au salon SIANE 2023, Comau pr\u00e9sente en avant-premi\u00e8re ses solutions innovantes en mati\u00e8re d\u2019\u00e9nergie et d\u2019a\u00e9rospatiale\" srcset=\"https:\/\/www.comau.com\/wp-content\/uploads\/2023\/10\/Photo-1-LIGHT.jpg 1512w, https:\/\/www.comau.com\/wp-content\/uploads\/2023\/10\/Photo-1-LIGHT-225x300.jpg 225w, https:\/\/www.comau.com\/wp-content\/uploads\/2023\/10\/Photo-1-LIGHT-768x1024.jpg 768w, https:\/\/www.comau.com\/wp-content\/uploads\/2023\/10\/Photo-1-LIGHT-1152x1536.jpg 1152w\" sizes=\"(max-width: 1512px) 100vw, 1512px\" \/>\t\t\t<\/a>\r\n\r\n\t\t\t        <div class=\"entry-header\">\n            <h2 class=\"entry-title\">Au salon SIANE 2023, Comau pr\u00e9sente en avant-premi\u00e8re ses solutions innovantes en mati\u00e8re d\u2019\u00e9nergie et d\u2019a\u00e9rospatiale<\/h2>\n            <p class=\"readmore\"><a href=\"https:\/\/www.comau.com\/fr\/2023\/10\/18\/au-salon-siane-2023-comau-presente-en-avant-premiere-ses-solutions-innovantes-en-matiere-denergie-et-daerospatiale\/\" class=\"stretched-link\">Lire<\/a><\/p>\n        <\/div>\n    <\/div>\n<\/article>\n<\/div><nav><ul class=\"pagination justify-content-center\"><li class=\"page-item active\"> <span aria-current=\"page\" class=\"page-link current\">1<\/span><\/li><li class=\"page-item\"> <a class=\"page-link\" href=\"https:\/\/www.comau.com\/fr\/wp-json\/wp\/v2\/pages\/33165\/page\/2\/\">2<\/a><\/li><li class=\"page-item\"> <a class=\"next page-link\" href=\"https:\/\/www.comau.com\/fr\/wp-json\/wp\/v2\/pages\/33165\/page\/2\/\">Next<\/a><\/li><\/ul><\/nav><\/div>\n","protected":false},"excerpt":{"rendered":"","protected":false},"author":11,"featured_media":0,"parent":5423,"menu_order":0,"comment_status":"closed","ping_status":"closed","template":"","meta":{"_acf_changed":false,"ep_exclude_from_search":false,"footnotes":""},"class_list":["post-33165","page","type-page","status-publish","hentry"],"acf":[],"yoast_head":"<!-- This site is optimized with the Yoast SEO plugin v26.9 - https:\/\/yoast.com\/product\/yoast-seo-wordpress\/ -->\n<title>Highlights - Comau<\/title>\n<meta name=\"robots\" content=\"index, follow, max-snippet:-1, max-image-preview:large, max-video-preview:-1\" \/>\n<link rel=\"canonical\" href=\"https:\/\/www.comau.com\/fr\/newsroom\/highlights\/\" \/>\n<meta property=\"og:locale\" content=\"fr_FR\" \/>\n<meta property=\"og:type\" content=\"article\" \/>\n<meta property=\"og:title\" content=\"Highlights - Comau\" \/>\n<meta property=\"og:url\" content=\"https:\/\/www.comau.com\/fr\/newsroom\/highlights\/\" \/>\n<meta property=\"og:site_name\" content=\"Comau\" \/>\n<meta property=\"article:publisher\" content=\"https:\/\/www.facebook.com\/COMAU\/\" \/>\n<meta property=\"article:modified_time\" content=\"2021-07-28T06:50:21+00:00\" \/>\n<meta name=\"twitter:card\" content=\"summary_large_image\" \/>\n<meta name=\"twitter:site\" content=\"@comaugroup\" \/>\n<meta name=\"twitter:label1\" content=\"Dur\u00e9e de lecture estim\u00e9e\" \/>\n\t<meta name=\"twitter:data1\" content=\"1 minute\" \/>\n<script type=\"application\/ld+json\" class=\"yoast-schema-graph\">{\"@context\":\"https:\/\/schema.org\",\"@graph\":[{\"@type\":\"WebPage\",\"@id\":\"https:\/\/www.comau.com\/fr\/newsroom\/highlights\/\",\"url\":\"https:\/\/www.comau.com\/fr\/newsroom\/highlights\/\",\"name\":\"Highlights - Comau\",\"isPartOf\":{\"@id\":\"https:\/\/www.comau.com\/fr\/#website\"},\"datePublished\":\"2021-06-24T16:47:18+00:00\",\"dateModified\":\"2021-07-28T06:50:21+00:00\",\"breadcrumb\":{\"@id\":\"https:\/\/www.comau.com\/fr\/newsroom\/highlights\/#breadcrumb\"},\"inLanguage\":\"fr-FR\",\"potentialAction\":[{\"@type\":\"ReadAction\",\"target\":[\"https:\/\/www.comau.com\/fr\/newsroom\/highlights\/\"]}]},{\"@type\":\"BreadcrumbList\",\"@id\":\"https:\/\/www.comau.com\/fr\/newsroom\/highlights\/#breadcrumb\",\"itemListElement\":[{\"@type\":\"ListItem\",\"position\":1,\"name\":\"Home\",\"item\":\"https:\/\/www.comau.com\/fr\/\"},{\"@type\":\"ListItem\",\"position\":2,\"name\":\"Newsroom\",\"item\":\"https:\/\/www.comau.com\/fr\/newsroom\/\"},{\"@type\":\"ListItem\",\"position\":3,\"name\":\"Newsroom\",\"item\":\"https:\/\/www.comau.com\/fr\/newsroom\/\"},{\"@type\":\"ListItem\",\"position\":4,\"name\":\"Highlights\"}]},{\"@type\":\"WebSite\",\"@id\":\"https:\/\/www.comau.com\/fr\/#website\",\"url\":\"https:\/\/www.comau.com\/fr\/\",\"name\":\"Comau\",\"description\":\"Industrial automation and robotics\",\"publisher\":{\"@id\":\"https:\/\/www.comau.com\/fr\/#organization\"},\"potentialAction\":[{\"@type\":\"SearchAction\",\"target\":{\"@type\":\"EntryPoint\",\"urlTemplate\":\"https:\/\/www.comau.com\/fr\/?s={search_term_string}\"},\"query-input\":{\"@type\":\"PropertyValueSpecification\",\"valueRequired\":true,\"valueName\":\"search_term_string\"}}],\"inLanguage\":\"fr-FR\"},{\"@type\":\"Organization\",\"@id\":\"https:\/\/www.comau.com\/fr\/#organization\",\"name\":\"Comau\",\"url\":\"https:\/\/www.comau.com\/fr\/\",\"logo\":{\"@type\":\"ImageObject\",\"inLanguage\":\"fr-FR\",\"@id\":\"https:\/\/www.comau.com\/fr\/#\/schema\/logo\/image\/\",\"url\":\"https:\/\/www.comau.com\/wp-content\/uploads\/2024\/07\/cropped-Logo-COMAU.png\",\"contentUrl\":\"https:\/\/www.comau.com\/wp-content\/uploads\/2024\/07\/cropped-Logo-COMAU.png\",\"width\":434,\"height\":434,\"caption\":\"Comau\"},\"image\":{\"@id\":\"https:\/\/www.comau.com\/fr\/#\/schema\/logo\/image\/\"},\"sameAs\":[\"https:\/\/www.facebook.com\/COMAU\/\",\"https:\/\/x.com\/comaugroup\",\"https:\/\/www.instagram.com\/comaugroup\/\",\"https:\/\/www.linkedin.com\/company\/comau\",\"https:\/\/www.youtube.com\/user\/comau\"]}]}<\/script>\n<!-- \/ Yoast SEO plugin. -->","yoast_head_json":{"title":"Highlights - Comau","robots":{"index":"index","follow":"follow","max-snippet":"max-snippet:-1","max-image-preview":"max-image-preview:large","max-video-preview":"max-video-preview:-1"},"canonical":"https:\/\/www.comau.com\/fr\/newsroom\/highlights\/","og_locale":"fr_FR","og_type":"article","og_title":"Highlights - Comau","og_url":"https:\/\/www.comau.com\/fr\/newsroom\/highlights\/","og_site_name":"Comau","article_publisher":"https:\/\/www.facebook.com\/COMAU\/","article_modified_time":"2021-07-28T06:50:21+00:00","twitter_card":"summary_large_image","twitter_site":"@comaugroup","twitter_misc":{"Dur\u00e9e de lecture estim\u00e9e":"1 minute"},"schema":{"@context":"https:\/\/schema.org","@graph":[{"@type":"WebPage","@id":"https:\/\/www.comau.com\/fr\/newsroom\/highlights\/","url":"https:\/\/www.comau.com\/fr\/newsroom\/highlights\/","name":"Highlights - Comau","isPartOf":{"@id":"https:\/\/www.comau.com\/fr\/#website"},"datePublished":"2021-06-24T16:47:18+00:00","dateModified":"2021-07-28T06:50:21+00:00","breadcrumb":{"@id":"https:\/\/www.comau.com\/fr\/newsroom\/highlights\/#breadcrumb"},"inLanguage":"fr-FR","potentialAction":[{"@type":"ReadAction","target":["https:\/\/www.comau.com\/fr\/newsroom\/highlights\/"]}]},{"@type":"BreadcrumbList","@id":"https:\/\/www.comau.com\/fr\/newsroom\/highlights\/#breadcrumb","itemListElement":[{"@type":"ListItem","position":1,"name":"Home","item":"https:\/\/www.comau.com\/fr\/"},{"@type":"ListItem","position":2,"name":"Newsroom","item":"https:\/\/www.comau.com\/fr\/newsroom\/"},{"@type":"ListItem","position":3,"name":"Newsroom","item":"https:\/\/www.comau.com\/fr\/newsroom\/"},{"@type":"ListItem","position":4,"name":"Highlights"}]},{"@type":"WebSite","@id":"https:\/\/www.comau.com\/fr\/#website","url":"https:\/\/www.comau.com\/fr\/","name":"Comau","description":"Industrial automation and robotics","publisher":{"@id":"https:\/\/www.comau.com\/fr\/#organization"},"potentialAction":[{"@type":"SearchAction","target":{"@type":"EntryPoint","urlTemplate":"https:\/\/www.comau.com\/fr\/?s={search_term_string}"},"query-input":{"@type":"PropertyValueSpecification","valueRequired":true,"valueName":"search_term_string"}}],"inLanguage":"fr-FR"},{"@type":"Organization","@id":"https:\/\/www.comau.com\/fr\/#organization","name":"Comau","url":"https:\/\/www.comau.com\/fr\/","logo":{"@type":"ImageObject","inLanguage":"fr-FR","@id":"https:\/\/www.comau.com\/fr\/#\/schema\/logo\/image\/","url":"https:\/\/www.comau.com\/wp-content\/uploads\/2024\/07\/cropped-Logo-COMAU.png","contentUrl":"https:\/\/www.comau.com\/wp-content\/uploads\/2024\/07\/cropped-Logo-COMAU.png","width":434,"height":434,"caption":"Comau"},"image":{"@id":"https:\/\/www.comau.com\/fr\/#\/schema\/logo\/image\/"},"sameAs":["https:\/\/www.facebook.com\/COMAU\/","https:\/\/x.com\/comaugroup","https:\/\/www.instagram.com\/comaugroup\/","https:\/\/www.linkedin.com\/company\/comau","https:\/\/www.youtube.com\/user\/comau"]}]}},"_links":{"self":[{"href":"https:\/\/www.comau.com\/fr\/wp-json\/wp\/v2\/pages\/33165","targetHints":{"allow":["GET"]}}],"collection":[{"href":"https:\/\/www.comau.com\/fr\/wp-json\/wp\/v2\/pages"}],"about":[{"href":"https:\/\/www.comau.com\/fr\/wp-json\/wp\/v2\/types\/page"}],"author":[{"embeddable":true,"href":"https:\/\/www.comau.com\/fr\/wp-json\/wp\/v2\/users\/11"}],"replies":[{"embeddable":true,"href":"https:\/\/www.comau.com\/fr\/wp-json\/wp\/v2\/comments?post=33165"}],"version-history":[{"count":4,"href":"https:\/\/www.comau.com\/fr\/wp-json\/wp\/v2\/pages\/33165\/revisions"}],"predecessor-version":[{"id":37411,"href":"https:\/\/www.comau.com\/fr\/wp-json\/wp\/v2\/pages\/33165\/revisions\/37411"}],"up":[{"embeddable":true,"href":"https:\/\/www.comau.com\/fr\/wp-json\/wp\/v2\/pages\/5423"}],"wp:attachment":[{"href":"https:\/\/www.comau.com\/fr\/wp-json\/wp\/v2\/media?parent=33165"}],"curies":[{"name":"wp","href":"https:\/\/api.w.org\/{rel}","templated":true}]}}