{"id":23319,"date":"2021-06-09T11:09:54","date_gmt":"2021-06-09T09:09:54","guid":{"rendered":"https:\/\/www.comau.com\/?page_id=23319"},"modified":"2021-07-20T15:20:28","modified_gmt":"2021-07-20T13:20:28","slug":"executive-master-in-manufacturing-automation-and-digital-transformation","status":"publish","type":"page","link":"https:\/\/www.comau.com\/fr\/competencies\/systems\/consultancy-education\/companies-professionals\/executive-master-in-manufacturing-automation-and-digital-transformation\/","title":{"rendered":"Executive Master in Manufacturing Automation and Digital Transformation"},"content":{"rendered":"\n<h2 class=\"wp-block-heading\">\u00catre pr\u00eat pour la Transformation Num\u00e9rique<\/h2>\n\n<div class=\"wp-block-getwid-toggle download-dropdown has-icon-left\">\n<div class=\"wp-block-getwid-toggle__row\"><div class=\"wp-block-getwid-toggle__header-wrapper\"><span class=\"wp-block-getwid-toggle__header\"><a href=\"#\"><span class=\"wp-block-getwid-toggle__header-title\">Download the brochure<\/span><span class=\"wp-block-getwid-toggle__icon is-active\"><i class=\"fas fa-plus\"><\/i><\/span><span class=\"wp-block-getwid-toggle__icon is-passive\"><i class=\"fas fa-minus\"><\/i><\/span><\/a><\/span><\/div><div class=\"wp-block-getwid-toggle__content-wrapper\"><div class=\"wp-block-getwid-toggle__content\">\n<div class=\"wp-block-getwid-button-group\"><div class=\"wp-block-getwid-button-group__wrapper\">\n<div class=\"wp-block-button\"><a class=\"wp-block-button__link\" href=\"https:\/\/www.comau.com\/wp-content\/uploads\/2021\/06\/Master-in-Manufacturing-Automation-and-Digital-Transformation.pdf\" target=\"_blank\" rel=\"noreferrer noopener\">Executive Master in Manufacturing Automation and Digital Transformation<\/a><\/div>\n<\/div><\/div>\n<\/div><\/div><\/div>\n<\/div>\n\n<p>Le Master ex\u00e9cutif Automatisation de la fabrication et transformation num\u00e9rique de Comau aide les entreprises et les particuliers \u00e0 d\u00e9velopper les comp\u00e9tences n\u00e9cessaires pour construire les solutions d\u2019automatisation industrielle avanc\u00e9es du futur. C\u2019est le seul programme de ce genre \u00e0 traiter \u00e0 la fois les aspects techniques et manag\u00e9riaux de l\u2019automatisation industrielle. C\u2019est \u00e9galement le seul dipl\u00f4me de Master ex\u00e9cutif con\u00e7u et mis en place par deux leaders industriels &#8211; Comau et ESCP Europe, la plus ancienne \u00e9cole de commerce du monde connue pour avoir form\u00e9 des g\u00e9n\u00e9rations de leaders et entrepreneurs.<\/p>\n\n<p>Le programme du Master ex\u00e9cutif Automatisation de la fabrication et transformation num\u00e9rique associe 32,5 jours de formation pratique et 80 heures de formation \u00e0 distance, webinars et travaux de projet. De plus, le programme est sp\u00e9cifiquement \u00e9labor\u00e9 pour les cadres, directeurs, managers et professionnels qui con\u00e7oivent, fabriquent, vendent ou utilisent des solutions d\u2019automatisation industrielle.<\/p>\n\n<p>Pour aider les professionnels \u00e0 avancer leur carri\u00e8re et approfondir leurs comp\u00e9tences, la formation dans son ensemble est bas\u00e9e sur une m\u00e9thodologie d\u2019apprentissage intense et extr\u00eamement efficace. \u00c0 la fin du programme, les participants auront d\u00e9velopp\u00e9 les comp\u00e9tences n\u00e9cessaires pour faire face \u00e0 la transformation num\u00e9rique des solutions d\u2019automatisation et des mod\u00e8les de fabrication en \u00e9volution constante.<\/p>\n\n<p>Le Master co\u00fbte 21 000 \u20ac (pour tous les participants, UE et hors-UE), remise Early Bird de 3 000 \u20ac jusqu\u2019au 27 juillet 2018. <\/p>\n\n<p>**Les frais de formation n\u2019incluent pas le d\u00e9placement et le logement.<\/p>\n\n<p>Le Master ex\u00e9cutif Automatisation de la fabrication et transformation num\u00e9rique apporte aux professionnels exp\u00e9riment\u00e9s les comp\u00e9tences n\u00e9cessaires pour avoir une souplesse intellectuelle, \u00eatre des leaders efficaces et des professionnels d\u2019avant-garde pour la 4\u00e8me r\u00e9volution industrielle.<\/p>\n\n<p>La premi\u00e8re session s\u2019est tenue en janvier 2018 avec 31 participants. Les participants occupaient des postes principalement dans la fabrication, les achats et l\u2019innovation.<\/p>\n\n<p>La coexistence des aspects \u00e9conomique et technique et, bien s\u00fbr, leur coh\u00e9rence sont les points forts du programme.<\/p>\n\n<p>En plus des connaissances sur l\u2019industrie 4.0, les participants repartent avec un r\u00e9seau de contacts \u00e9toff\u00e9 et puissant<\/p>\n\n<figure class=\"wp-block-image size-large\"><img decoding=\"async\" width=\"740\" height=\"455\" src=\"https:\/\/www.comau.com\/wp-content\/uploads\/2021\/06\/BlueBoxesMaster2018.jpg\" alt=\"\" class=\"wp-image-10118\" srcset=\"https:\/\/www.comau.com\/wp-content\/uploads\/2021\/06\/BlueBoxesMaster2018.jpg 740w, https:\/\/www.comau.com\/wp-content\/uploads\/2021\/06\/BlueBoxesMaster2018-300x184.jpg 300w\" sizes=\"(max-width: 740px) 100vw, 740px\" \/><\/figure>\n\n<h2 class=\"wp-block-heading\">Comp\u00e9tences cibl\u00e9es<\/h2>\n\n<p>Apprendre \u00e0 penser de mani\u00e8re strat\u00e9gique et mener le changement organisationnel, tout en contribuant activement au d\u00e9veloppement et \u00e0 la mise en place de solutions d\u2019automatisation industrielle et en am\u00e9liorant le mod\u00e8le de production actuel. <\/p>\n\n<p>Notre Master ex\u00e9cutif Automatisation de la fabrication et transformation num\u00e9rique est con\u00e7u pour vous aider \u00e0 approfondir votre compr\u00e9hension de la technologie et des march\u00e9s afin de lib\u00e9rer votre potentiel et concevoir des solutions de fabrication innovantes.<\/p>\n\n<p>Les comp\u00e9tences cibl\u00e9es incluent: <\/p>\n\n<ul class=\"wp-block-list\"><li>Identifier les besoins et opportunit\u00e9s pour appliquer des technologies d\u2019automatisation aux processus de fabrication<\/li><li>Contribuer activement \u00e0 la conception et au d\u00e9veloppement de solutions d\u2019automatisation<\/li><li>Appliquer des techniques d\u2019analyse des co\u00fbts et de planification financi\u00e8re aux projets d\u2019automatisation<\/li><li>Garantir une gouvernance de gestion de projet forte<\/li><li>Diriger une \u00e9quipe avec la bonne approche de gestion des personnes<\/li><li>Dialoguer avec les services de conception du produit\/processus et technique<\/li><li>G\u00e9rer des portefeuilles complexes et technologiquement avanc\u00e9s de fournitures et de fournisseurs<\/li><li>Comprendre les principales implications qui caract\u00e9risent l\u2019interaction homme-machine<\/li><\/ul>\n\n<div class=\"wp-block-columns is-layout-flex wp-container-core-columns-is-layout-9d6595d7 wp-block-columns-is-layout-flex\">\n<div class=\"wp-block-column is-layout-flow wp-block-column-is-layout-flow\">\n<figure class=\"wp-block-embed is-type-video is-provider-youtube wp-block-embed-youtube wp-embed-aspect-16-9 wp-has-aspect-ratio\"><div class=\"wp-block-embed__wrapper\">\n<iframe title=\"Comau Executive Master in Manufacturing Automation and Digital Transformation -2nd edition 2018\/2019\" width=\"640\" height=\"360\" src=\"https:\/\/www.youtube.com\/embed\/YZgKyTsu7U4?feature=oembed\" frameborder=\"0\" allow=\"accelerometer; autoplay; clipboard-write; encrypted-media; gyroscope; picture-in-picture; web-share\" referrerpolicy=\"strict-origin-when-cross-origin\" allowfullscreen><\/iframe>\n<\/div><\/figure>\n<\/div>\n\n\n\n<div class=\"wp-block-column is-layout-flow wp-block-column-is-layout-flow\">\n<figure class=\"wp-block-embed is-type-video is-provider-youtube wp-block-embed-youtube wp-embed-aspect-16-9 wp-has-aspect-ratio\"><div class=\"wp-block-embed__wrapper\">\n<iframe title=\"Comau Executive Master in Manufacturing Automation and Digital Transformation -1st edition 2017\/2018\" width=\"640\" height=\"360\" src=\"https:\/\/www.youtube.com\/embed\/4rh9pS3P51E?feature=oembed\" frameborder=\"0\" allow=\"accelerometer; autoplay; clipboard-write; encrypted-media; gyroscope; picture-in-picture; web-share\" referrerpolicy=\"strict-origin-when-cross-origin\" allowfullscreen><\/iframe>\n<\/div><\/figure>\n<\/div>\n<\/div>\n\n<h2 class=\"wp-block-heading\">Une structure par modules adapt\u00e9e \u00e0 votre carri\u00e8re<\/h2>\n\n<p>Cinq modules sur cinq semaines accompagn\u00e9s de modules d\u2019auto-formation et de travaux de projet.<\/p>\n\n<div class=\"wp-block-image\"><figure class=\"aligncenter size-large\"><img decoding=\"async\" width=\"739\" height=\"549\" src=\"https:\/\/www.comau.com\/wp-content\/uploads\/2021\/06\/MIAM_2018_structure.png\" alt=\"\" class=\"wp-image-10123\" srcset=\"https:\/\/www.comau.com\/wp-content\/uploads\/2021\/06\/MIAM_2018_structure.png 739w, https:\/\/www.comau.com\/wp-content\/uploads\/2021\/06\/MIAM_2018_structure-300x223.png 300w\" sizes=\"(max-width: 739px) 100vw, 739px\" \/><\/figure><\/div>\n\n<h2 class=\"wp-block-heading\">Un programme acc\u00e9l\u00e9r\u00e9 qui mobilise le potentiel de vos employ\u00e9s<\/h2>\n\n<p>Le Master ex\u00e9cutif Automatisation de la fabrication et transformation num\u00e9rique de Comau est con\u00e7u pour vous aider \u00e0 accro\u00eetre et d\u00e9velopper vos atouts les plus importants \u2013 les personnes et la technologie \u2013 en un minimum de temps pass\u00e9 loin du travail quotidien. Ce programme innovant ne se contente pas de vous offrir des opportunit\u00e9s de mise en r\u00e9seau et de benchmarking pour votre soci\u00e9t\u00e9 et les employ\u00e9s parrain\u00e9s, il propose des travaux de projet personnalis\u00e9s pour votre entreprise et est mis en place au sein de votre entreprise pour un retour sur investissement maximal. <\/p>\n\n<p>Vous rejoindrez un groupe de participants ayant des situations professionnelles et des formations diverses, provenant du monde entier. Le programme du Master ex\u00e9cutif Automatisation de la fabrication et transformation num\u00e9rique vous apportera une exp\u00e9rience de formation unique, associant technologie et gestion pour une carri\u00e8re de manag\u00e9riale transformationnelle.<\/p>\n","protected":false},"excerpt":{"rendered":"<p>\u00catre pr\u00eat pour la Transformation Num\u00e9rique Le Master ex\u00e9cutif Automatisation de la fabrication et transformation num\u00e9rique de Comau aide les entreprises et les particuliers \u00e0 d\u00e9velopper les comp\u00e9tences n\u00e9cessaires pour construire les solutions d\u2019automatisation industrielle avanc\u00e9es du futur. C\u2019est le seul programme de ce genre \u00e0 traiter \u00e0 la fois les aspects techniques et manag\u00e9riaux [&hellip;]<\/p>\n","protected":false},"author":11,"featured_media":10113,"parent":6271,"menu_order":1,"comment_status":"closed","ping_status":"closed","template":"","meta":{"_acf_changed":false,"ep_exclude_from_search":false,"footnotes":""},"class_list":["post-23319","page","type-page","status-publish","has-post-thumbnail","hentry"],"acf":[],"yoast_head":"<!-- This site is optimized with the Yoast SEO plugin v26.9 - https:\/\/yoast.com\/product\/yoast-seo-wordpress\/ -->\n<title>Executive Master in Manufacturing Automation and Digital Transformation - Comau<\/title>\n<meta name=\"robots\" content=\"index, follow, max-snippet:-1, max-image-preview:large, max-video-preview:-1\" \/>\n<link rel=\"canonical\" href=\"https:\/\/www.comau.com\/fr\/competencies\/systems\/consultancy-education\/companies-professionals\/executive-master-in-manufacturing-automation-and-digital-transformation\/\" \/>\n<meta property=\"og:locale\" content=\"fr_FR\" \/>\n<meta property=\"og:type\" content=\"article\" \/>\n<meta property=\"og:title\" content=\"Executive Master in Manufacturing Automation and Digital Transformation - Comau\" \/>\n<meta property=\"og:description\" content=\"\u00catre pr\u00eat pour la Transformation Num\u00e9rique Le Master ex\u00e9cutif Automatisation de la fabrication et transformation num\u00e9rique de Comau aide les entreprises et les particuliers \u00e0 d\u00e9velopper les comp\u00e9tences n\u00e9cessaires pour construire les solutions d\u2019automatisation industrielle avanc\u00e9es du futur. C\u2019est le seul programme de ce genre \u00e0 traiter \u00e0 la fois les aspects techniques et manag\u00e9riaux [&hellip;]\" \/>\n<meta property=\"og:url\" content=\"https:\/\/www.comau.com\/fr\/competencies\/systems\/consultancy-education\/companies-professionals\/executive-master-in-manufacturing-automation-and-digital-transformation\/\" \/>\n<meta property=\"og:site_name\" content=\"Comau\" \/>\n<meta property=\"article:publisher\" content=\"https:\/\/www.facebook.com\/COMAU\/\" \/>\n<meta property=\"article:modified_time\" content=\"2021-07-20T13:20:28+00:00\" \/>\n<meta property=\"og:image\" content=\"https:\/\/www.comau.com\/wp-content\/uploads\/2021\/06\/EMMA_header.jpg\" \/>\n\t<meta property=\"og:image:width\" content=\"1280\" \/>\n\t<meta property=\"og:image:height\" content=\"485\" \/>\n\t<meta property=\"og:image:type\" content=\"image\/jpeg\" \/>\n<meta name=\"twitter:card\" content=\"summary_large_image\" \/>\n<meta name=\"twitter:site\" content=\"@comaugroup\" \/>\n<meta name=\"twitter:label1\" content=\"Dur\u00e9e de lecture estim\u00e9e\" \/>\n\t<meta name=\"twitter:data1\" content=\"4 minutes\" \/>\n<script type=\"application\/ld+json\" class=\"yoast-schema-graph\">{\"@context\":\"https:\/\/schema.org\",\"@graph\":[{\"@type\":\"WebPage\",\"@id\":\"https:\/\/www.comau.com\/fr\/competencies\/systems\/consultancy-education\/companies-professionals\/executive-master-in-manufacturing-automation-and-digital-transformation\/\",\"url\":\"https:\/\/www.comau.com\/fr\/competencies\/systems\/consultancy-education\/companies-professionals\/executive-master-in-manufacturing-automation-and-digital-transformation\/\",\"name\":\"Executive Master in Manufacturing Automation and Digital Transformation - Comau\",\"isPartOf\":{\"@id\":\"https:\/\/www.comau.com\/fr\/#website\"},\"primaryImageOfPage\":{\"@id\":\"https:\/\/www.comau.com\/fr\/competencies\/systems\/consultancy-education\/companies-professionals\/executive-master-in-manufacturing-automation-and-digital-transformation\/#primaryimage\"},\"image\":{\"@id\":\"https:\/\/www.comau.com\/fr\/competencies\/systems\/consultancy-education\/companies-professionals\/executive-master-in-manufacturing-automation-and-digital-transformation\/#primaryimage\"},\"thumbnailUrl\":\"https:\/\/www.comau.com\/wp-content\/uploads\/2021\/06\/EMMA_header.jpg\",\"datePublished\":\"2021-06-09T09:09:54+00:00\",\"dateModified\":\"2021-07-20T13:20:28+00:00\",\"breadcrumb\":{\"@id\":\"https:\/\/www.comau.com\/fr\/competencies\/systems\/consultancy-education\/companies-professionals\/executive-master-in-manufacturing-automation-and-digital-transformation\/#breadcrumb\"},\"inLanguage\":\"fr-FR\",\"potentialAction\":[{\"@type\":\"ReadAction\",\"target\":[\"https:\/\/www.comau.com\/fr\/competencies\/systems\/consultancy-education\/companies-professionals\/executive-master-in-manufacturing-automation-and-digital-transformation\/\"]}]},{\"@type\":\"ImageObject\",\"inLanguage\":\"fr-FR\",\"@id\":\"https:\/\/www.comau.com\/fr\/competencies\/systems\/consultancy-education\/companies-professionals\/executive-master-in-manufacturing-automation-and-digital-transformation\/#primaryimage\",\"url\":\"https:\/\/www.comau.com\/wp-content\/uploads\/2021\/06\/EMMA_header.jpg\",\"contentUrl\":\"https:\/\/www.comau.com\/wp-content\/uploads\/2021\/06\/EMMA_header.jpg\",\"width\":1280,\"height\":485},{\"@type\":\"BreadcrumbList\",\"@id\":\"https:\/\/www.comau.com\/fr\/competencies\/systems\/consultancy-education\/companies-professionals\/executive-master-in-manufacturing-automation-and-digital-transformation\/#breadcrumb\",\"itemListElement\":[{\"@type\":\"ListItem\",\"position\":1,\"name\":\"Home\",\"item\":\"https:\/\/www.comau.com\/fr\/\"},{\"@type\":\"ListItem\",\"position\":2,\"name\":\"Nos comp\u00e9tences\",\"item\":\"https:\/\/www.comau.com\/fr\/competencies\/\"},{\"@type\":\"ListItem\",\"position\":3,\"name\":\"Consultancy &amp; Education\",\"item\":\"https:\/\/www.comau.com\/fr\/competencies\/consultancy-education\/\"},{\"@type\":\"ListItem\",\"position\":4,\"name\":\"Companies &#038; Professionals\",\"item\":\"https:\/\/www.comau.com\/fr\/competencies\/consultancy-education\/companies-professionals\/\"},{\"@type\":\"ListItem\",\"position\":5,\"name\":\"Executive Master in Manufacturing Automation and Digital Transformation\"}]},{\"@type\":\"WebSite\",\"@id\":\"https:\/\/www.comau.com\/fr\/#website\",\"url\":\"https:\/\/www.comau.com\/fr\/\",\"name\":\"Comau\",\"description\":\"Industrial automation and robotics\",\"publisher\":{\"@id\":\"https:\/\/www.comau.com\/fr\/#organization\"},\"potentialAction\":[{\"@type\":\"SearchAction\",\"target\":{\"@type\":\"EntryPoint\",\"urlTemplate\":\"https:\/\/www.comau.com\/fr\/?s={search_term_string}\"},\"query-input\":{\"@type\":\"PropertyValueSpecification\",\"valueRequired\":true,\"valueName\":\"search_term_string\"}}],\"inLanguage\":\"fr-FR\"},{\"@type\":\"Organization\",\"@id\":\"https:\/\/www.comau.com\/fr\/#organization\",\"name\":\"Comau\",\"url\":\"https:\/\/www.comau.com\/fr\/\",\"logo\":{\"@type\":\"ImageObject\",\"inLanguage\":\"fr-FR\",\"@id\":\"https:\/\/www.comau.com\/fr\/#\/schema\/logo\/image\/\",\"url\":\"https:\/\/www.comau.com\/wp-content\/uploads\/2024\/07\/cropped-Logo-COMAU.png\",\"contentUrl\":\"https:\/\/www.comau.com\/wp-content\/uploads\/2024\/07\/cropped-Logo-COMAU.png\",\"width\":434,\"height\":434,\"caption\":\"Comau\"},\"image\":{\"@id\":\"https:\/\/www.comau.com\/fr\/#\/schema\/logo\/image\/\"},\"sameAs\":[\"https:\/\/www.facebook.com\/COMAU\/\",\"https:\/\/x.com\/comaugroup\",\"https:\/\/www.instagram.com\/comaugroup\/\",\"https:\/\/www.linkedin.com\/company\/comau\",\"https:\/\/www.youtube.com\/user\/comau\"]}]}<\/script>\n<!-- \/ Yoast SEO plugin. -->","yoast_head_json":{"title":"Executive Master in Manufacturing Automation and Digital Transformation - Comau","robots":{"index":"index","follow":"follow","max-snippet":"max-snippet:-1","max-image-preview":"max-image-preview:large","max-video-preview":"max-video-preview:-1"},"canonical":"https:\/\/www.comau.com\/fr\/competencies\/systems\/consultancy-education\/companies-professionals\/executive-master-in-manufacturing-automation-and-digital-transformation\/","og_locale":"fr_FR","og_type":"article","og_title":"Executive Master in Manufacturing Automation and Digital Transformation - Comau","og_description":"\u00catre pr\u00eat pour la Transformation Num\u00e9rique Le Master ex\u00e9cutif Automatisation de la fabrication et transformation num\u00e9rique de Comau aide les entreprises et les particuliers \u00e0 d\u00e9velopper les comp\u00e9tences n\u00e9cessaires pour construire les solutions d\u2019automatisation industrielle avanc\u00e9es du futur. C\u2019est le seul programme de ce genre \u00e0 traiter \u00e0 la fois les aspects techniques et manag\u00e9riaux [&hellip;]","og_url":"https:\/\/www.comau.com\/fr\/competencies\/systems\/consultancy-education\/companies-professionals\/executive-master-in-manufacturing-automation-and-digital-transformation\/","og_site_name":"Comau","article_publisher":"https:\/\/www.facebook.com\/COMAU\/","article_modified_time":"2021-07-20T13:20:28+00:00","og_image":[{"width":1280,"height":485,"url":"https:\/\/www.comau.com\/wp-content\/uploads\/2021\/06\/EMMA_header.jpg","type":"image\/jpeg"}],"twitter_card":"summary_large_image","twitter_site":"@comaugroup","twitter_misc":{"Dur\u00e9e de lecture estim\u00e9e":"4 minutes"},"schema":{"@context":"https:\/\/schema.org","@graph":[{"@type":"WebPage","@id":"https:\/\/www.comau.com\/fr\/competencies\/systems\/consultancy-education\/companies-professionals\/executive-master-in-manufacturing-automation-and-digital-transformation\/","url":"https:\/\/www.comau.com\/fr\/competencies\/systems\/consultancy-education\/companies-professionals\/executive-master-in-manufacturing-automation-and-digital-transformation\/","name":"Executive Master in Manufacturing Automation and Digital Transformation - Comau","isPartOf":{"@id":"https:\/\/www.comau.com\/fr\/#website"},"primaryImageOfPage":{"@id":"https:\/\/www.comau.com\/fr\/competencies\/systems\/consultancy-education\/companies-professionals\/executive-master-in-manufacturing-automation-and-digital-transformation\/#primaryimage"},"image":{"@id":"https:\/\/www.comau.com\/fr\/competencies\/systems\/consultancy-education\/companies-professionals\/executive-master-in-manufacturing-automation-and-digital-transformation\/#primaryimage"},"thumbnailUrl":"https:\/\/www.comau.com\/wp-content\/uploads\/2021\/06\/EMMA_header.jpg","datePublished":"2021-06-09T09:09:54+00:00","dateModified":"2021-07-20T13:20:28+00:00","breadcrumb":{"@id":"https:\/\/www.comau.com\/fr\/competencies\/systems\/consultancy-education\/companies-professionals\/executive-master-in-manufacturing-automation-and-digital-transformation\/#breadcrumb"},"inLanguage":"fr-FR","potentialAction":[{"@type":"ReadAction","target":["https:\/\/www.comau.com\/fr\/competencies\/systems\/consultancy-education\/companies-professionals\/executive-master-in-manufacturing-automation-and-digital-transformation\/"]}]},{"@type":"ImageObject","inLanguage":"fr-FR","@id":"https:\/\/www.comau.com\/fr\/competencies\/systems\/consultancy-education\/companies-professionals\/executive-master-in-manufacturing-automation-and-digital-transformation\/#primaryimage","url":"https:\/\/www.comau.com\/wp-content\/uploads\/2021\/06\/EMMA_header.jpg","contentUrl":"https:\/\/www.comau.com\/wp-content\/uploads\/2021\/06\/EMMA_header.jpg","width":1280,"height":485},{"@type":"BreadcrumbList","@id":"https:\/\/www.comau.com\/fr\/competencies\/systems\/consultancy-education\/companies-professionals\/executive-master-in-manufacturing-automation-and-digital-transformation\/#breadcrumb","itemListElement":[{"@type":"ListItem","position":1,"name":"Home","item":"https:\/\/www.comau.com\/fr\/"},{"@type":"ListItem","position":2,"name":"Nos comp\u00e9tences","item":"https:\/\/www.comau.com\/fr\/competencies\/"},{"@type":"ListItem","position":3,"name":"Consultancy &amp; Education","item":"https:\/\/www.comau.com\/fr\/competencies\/consultancy-education\/"},{"@type":"ListItem","position":4,"name":"Companies &#038; Professionals","item":"https:\/\/www.comau.com\/fr\/competencies\/consultancy-education\/companies-professionals\/"},{"@type":"ListItem","position":5,"name":"Executive Master in Manufacturing Automation and Digital Transformation"}]},{"@type":"WebSite","@id":"https:\/\/www.comau.com\/fr\/#website","url":"https:\/\/www.comau.com\/fr\/","name":"Comau","description":"Industrial automation and robotics","publisher":{"@id":"https:\/\/www.comau.com\/fr\/#organization"},"potentialAction":[{"@type":"SearchAction","target":{"@type":"EntryPoint","urlTemplate":"https:\/\/www.comau.com\/fr\/?s={search_term_string}"},"query-input":{"@type":"PropertyValueSpecification","valueRequired":true,"valueName":"search_term_string"}}],"inLanguage":"fr-FR"},{"@type":"Organization","@id":"https:\/\/www.comau.com\/fr\/#organization","name":"Comau","url":"https:\/\/www.comau.com\/fr\/","logo":{"@type":"ImageObject","inLanguage":"fr-FR","@id":"https:\/\/www.comau.com\/fr\/#\/schema\/logo\/image\/","url":"https:\/\/www.comau.com\/wp-content\/uploads\/2024\/07\/cropped-Logo-COMAU.png","contentUrl":"https:\/\/www.comau.com\/wp-content\/uploads\/2024\/07\/cropped-Logo-COMAU.png","width":434,"height":434,"caption":"Comau"},"image":{"@id":"https:\/\/www.comau.com\/fr\/#\/schema\/logo\/image\/"},"sameAs":["https:\/\/www.facebook.com\/COMAU\/","https:\/\/x.com\/comaugroup","https:\/\/www.instagram.com\/comaugroup\/","https:\/\/www.linkedin.com\/company\/comau","https:\/\/www.youtube.com\/user\/comau"]}]}},"_links":{"self":[{"href":"https:\/\/www.comau.com\/fr\/wp-json\/wp\/v2\/pages\/23319","targetHints":{"allow":["GET"]}}],"collection":[{"href":"https:\/\/www.comau.com\/fr\/wp-json\/wp\/v2\/pages"}],"about":[{"href":"https:\/\/www.comau.com\/fr\/wp-json\/wp\/v2\/types\/page"}],"author":[{"embeddable":true,"href":"https:\/\/www.comau.com\/fr\/wp-json\/wp\/v2\/users\/11"}],"replies":[{"embeddable":true,"href":"https:\/\/www.comau.com\/fr\/wp-json\/wp\/v2\/comments?post=23319"}],"version-history":[{"count":32,"href":"https:\/\/www.comau.com\/fr\/wp-json\/wp\/v2\/pages\/23319\/revisions"}],"predecessor-version":[{"id":31945,"href":"https:\/\/www.comau.com\/fr\/wp-json\/wp\/v2\/pages\/23319\/revisions\/31945"}],"up":[{"embeddable":true,"href":"https:\/\/www.comau.com\/fr\/wp-json\/wp\/v2\/pages\/6271"}],"wp:featuredmedia":[{"embeddable":true,"href":"https:\/\/www.comau.com\/fr\/wp-json\/wp\/v2\/media\/10113"}],"wp:attachment":[{"href":"https:\/\/www.comau.com\/fr\/wp-json\/wp\/v2\/media?parent=23319"}],"curies":[{"name":"wp","href":"https:\/\/api.w.org\/{rel}","templated":true}]}}