{"id":23310,"date":"2021-06-09T11:11:10","date_gmt":"2021-06-09T09:11:10","guid":{"rendered":"https:\/\/www.comau.com\/?page_id=23310"},"modified":"2021-07-20T15:46:43","modified_gmt":"2021-07-20T13:46:43","slug":"pmf-project-management-fundamentals","status":"publish","type":"page","link":"https:\/\/www.comau.com\/fr\/competencies\/systems\/consultancy-education\/companies-professionals\/pmf-project-management-fundamentals\/","title":{"rendered":"PMF \u2013 Project Management Fundamentals"},"content":{"rendered":"\n<p>La pr\u00e9sente formation est destin\u00e9e aux praticiens qui doivent g\u00e9rer des projets ou qui collaborent \u00e0 des projets avec des fonctions \u00e0 responsabilit\u00e9s.<\/p>\n\n<p><strong>Dur\u00e9e :<\/strong> 3 jours<\/p>\n\n<p><strong>Cr\u00e9dits :<\/strong> 24 PDU (Professional Development Units &#8211; Unit\u00e9s de formation professionnelle) ou heures de contact<\/p>\n\n<p><strong>Finalit\u00e9 :<\/strong> La formation vise \u00e0 am\u00e9liorer les comp\u00e9tences dans l&rsquo;application des proc\u00e9dures et pratiques de gestion de projet tout au long du cycle de vie du projet. Elle est centr\u00e9e sur la d\u00e9finition, la mise en \u0153uvre, la gestion, la direction, la surveillance et le contr\u00f4le de projets ou de parties de projets.<\/p>\n\n<p><strong>Objectifs :<\/strong><\/p>\n\n<ul class=\"wp-block-list\"><li>Comprendre l&rsquo;environnement d&rsquo;un projet<\/li><li>Ex\u00e9cuter des t\u00e2ches qui d\u00e9montrent une compr\u00e9hension du cycle de vie du projet en utilisant les meilleures pratiques et proc\u00e9dures de gestion de projet<\/li><li>Pr\u00e9parer et\/ou analyser une Charte de projet<\/li><li>D\u00e9velopper une WBS (Work Breakdown Structure \/ structure de d\u00e9coupage du projet &#8211; SDP), un dictionnaire SDP et une RAM (Responsibility Assignment Matrix \/ matrice des responsabilit\u00e9s &#8211; RACI)<\/li><li>\u00c9laborer un budget de projet<\/li><li>D\u00e9velopper un diagramme de r\u00e9seau et un calendrier de projet<\/li><li>D\u00e9crire les lignes directrices d&rsquo;EVM (Earned Value Management \/ gestion de la valeur acquise) et ex\u00e9cuter des activit\u00e9s techniques et programmatiques pour contr\u00f4ler les co\u00fbts, le calendrier et les contenus techniques<\/li><li>\u00c9laborer des plans de gestion des risques et des plans de r\u00e9ponse aux risques<\/li><\/ul>\n\n<p>La formation est divis\u00e9e en 4 modules :<\/p>\n\n<ul class=\"wp-block-list\"><li>Cadre de gestion d&rsquo;un projet et Gestion de l&rsquo;int\u00e9gration d&rsquo;un projet<\/li><li>Gestion de la port\u00e9e d&rsquo;un projet<\/li><li>Gestion des temps et co\u00fbts d&rsquo;un projet<\/li><li>Gestion des risques d&rsquo;un projet<\/li><\/ul>\n","protected":false},"excerpt":{"rendered":"<p>La pr\u00e9sente formation est destin\u00e9e aux praticiens qui doivent g\u00e9rer des projets ou qui collaborent \u00e0 des projets avec des fonctions \u00e0 responsabilit\u00e9s. Dur\u00e9e : 3 jours Cr\u00e9dits : 24 PDU (Professional Development Units &#8211; Unit\u00e9s de formation professionnelle) ou heures de contact Finalit\u00e9 : La formation vise \u00e0 am\u00e9liorer les comp\u00e9tences dans l&rsquo;application des [&hellip;]<\/p>\n","protected":false},"author":11,"featured_media":4238,"parent":6271,"menu_order":4,"comment_status":"closed","ping_status":"closed","template":"","meta":{"_acf_changed":false,"ep_exclude_from_search":false,"footnotes":""},"class_list":["post-23310","page","type-page","status-publish","has-post-thumbnail","hentry"],"acf":[],"yoast_head":"<!-- This site is optimized with the Yoast SEO plugin v26.9 - https:\/\/yoast.com\/product\/yoast-seo-wordpress\/ -->\n<title>PMF \u2013 Project Management Fundamentals - Comau<\/title>\n<meta name=\"robots\" content=\"index, follow, max-snippet:-1, max-image-preview:large, max-video-preview:-1\" \/>\n<link rel=\"canonical\" href=\"https:\/\/www.comau.com\/fr\/competencies\/systems\/consultancy-education\/companies-professionals\/pmf-project-management-fundamentals\/\" \/>\n<meta property=\"og:locale\" content=\"fr_FR\" \/>\n<meta property=\"og:type\" content=\"article\" \/>\n<meta property=\"og:title\" content=\"PMF \u2013 Project Management Fundamentals - Comau\" \/>\n<meta property=\"og:description\" content=\"La pr\u00e9sente formation est destin\u00e9e aux praticiens qui doivent g\u00e9rer des projets ou qui collaborent \u00e0 des projets avec des fonctions \u00e0 responsabilit\u00e9s. Dur\u00e9e : 3 jours Cr\u00e9dits : 24 PDU (Professional Development Units &#8211; Unit\u00e9s de formation professionnelle) ou heures de contact Finalit\u00e9 : La formation vise \u00e0 am\u00e9liorer les comp\u00e9tences dans l&rsquo;application des [&hellip;]\" \/>\n<meta property=\"og:url\" content=\"https:\/\/www.comau.com\/fr\/competencies\/systems\/consultancy-education\/companies-professionals\/pmf-project-management-fundamentals\/\" \/>\n<meta property=\"og:site_name\" content=\"Comau\" \/>\n<meta property=\"article:publisher\" content=\"https:\/\/www.facebook.com\/COMAU\/\" \/>\n<meta property=\"article:modified_time\" content=\"2021-07-20T13:46:43+00:00\" \/>\n<meta name=\"twitter:card\" content=\"summary_large_image\" \/>\n<meta name=\"twitter:site\" content=\"@comaugroup\" \/>\n<meta name=\"twitter:label1\" content=\"Dur\u00e9e de lecture estim\u00e9e\" \/>\n\t<meta name=\"twitter:data1\" content=\"2 minutes\" \/>\n<script type=\"application\/ld+json\" class=\"yoast-schema-graph\">{\"@context\":\"https:\/\/schema.org\",\"@graph\":[{\"@type\":\"WebPage\",\"@id\":\"https:\/\/www.comau.com\/fr\/competencies\/systems\/consultancy-education\/companies-professionals\/pmf-project-management-fundamentals\/\",\"url\":\"https:\/\/www.comau.com\/fr\/competencies\/systems\/consultancy-education\/companies-professionals\/pmf-project-management-fundamentals\/\",\"name\":\"PMF \u2013 Project Management Fundamentals - Comau\",\"isPartOf\":{\"@id\":\"https:\/\/www.comau.com\/fr\/#website\"},\"primaryImageOfPage\":{\"@id\":\"https:\/\/www.comau.com\/fr\/competencies\/systems\/consultancy-education\/companies-professionals\/pmf-project-management-fundamentals\/#primaryimage\"},\"image\":{\"@id\":\"https:\/\/www.comau.com\/fr\/competencies\/systems\/consultancy-education\/companies-professionals\/pmf-project-management-fundamentals\/#primaryimage\"},\"thumbnailUrl\":\"\",\"datePublished\":\"2021-06-09T09:11:10+00:00\",\"dateModified\":\"2021-07-20T13:46:43+00:00\",\"breadcrumb\":{\"@id\":\"https:\/\/www.comau.com\/fr\/competencies\/systems\/consultancy-education\/companies-professionals\/pmf-project-management-fundamentals\/#breadcrumb\"},\"inLanguage\":\"fr-FR\",\"potentialAction\":[{\"@type\":\"ReadAction\",\"target\":[\"https:\/\/www.comau.com\/fr\/competencies\/systems\/consultancy-education\/companies-professionals\/pmf-project-management-fundamentals\/\"]}]},{\"@type\":\"ImageObject\",\"inLanguage\":\"fr-FR\",\"@id\":\"https:\/\/www.comau.com\/fr\/competencies\/systems\/consultancy-education\/companies-professionals\/pmf-project-management-fundamentals\/#primaryimage\",\"url\":\"\",\"contentUrl\":\"\",\"width\":1425,\"height\":450},{\"@type\":\"BreadcrumbList\",\"@id\":\"https:\/\/www.comau.com\/fr\/competencies\/systems\/consultancy-education\/companies-professionals\/pmf-project-management-fundamentals\/#breadcrumb\",\"itemListElement\":[{\"@type\":\"ListItem\",\"position\":1,\"name\":\"Home\",\"item\":\"https:\/\/www.comau.com\/fr\/\"},{\"@type\":\"ListItem\",\"position\":2,\"name\":\"Nos comp\u00e9tences\",\"item\":\"https:\/\/www.comau.com\/fr\/competencies\/\"},{\"@type\":\"ListItem\",\"position\":3,\"name\":\"Consultancy &amp; Education\",\"item\":\"https:\/\/www.comau.com\/fr\/competencies\/consultancy-education\/\"},{\"@type\":\"ListItem\",\"position\":4,\"name\":\"Companies &#038; Professionals\",\"item\":\"https:\/\/www.comau.com\/fr\/competencies\/consultancy-education\/companies-professionals\/\"},{\"@type\":\"ListItem\",\"position\":5,\"name\":\"PMF \u2013 Project Management Fundamentals\"}]},{\"@type\":\"WebSite\",\"@id\":\"https:\/\/www.comau.com\/fr\/#website\",\"url\":\"https:\/\/www.comau.com\/fr\/\",\"name\":\"Comau\",\"description\":\"Industrial automation and robotics\",\"publisher\":{\"@id\":\"https:\/\/www.comau.com\/fr\/#organization\"},\"potentialAction\":[{\"@type\":\"SearchAction\",\"target\":{\"@type\":\"EntryPoint\",\"urlTemplate\":\"https:\/\/www.comau.com\/fr\/?s={search_term_string}\"},\"query-input\":{\"@type\":\"PropertyValueSpecification\",\"valueRequired\":true,\"valueName\":\"search_term_string\"}}],\"inLanguage\":\"fr-FR\"},{\"@type\":\"Organization\",\"@id\":\"https:\/\/www.comau.com\/fr\/#organization\",\"name\":\"Comau\",\"url\":\"https:\/\/www.comau.com\/fr\/\",\"logo\":{\"@type\":\"ImageObject\",\"inLanguage\":\"fr-FR\",\"@id\":\"https:\/\/www.comau.com\/fr\/#\/schema\/logo\/image\/\",\"url\":\"https:\/\/www.comau.com\/wp-content\/uploads\/2024\/07\/cropped-Logo-COMAU.png\",\"contentUrl\":\"https:\/\/www.comau.com\/wp-content\/uploads\/2024\/07\/cropped-Logo-COMAU.png\",\"width\":434,\"height\":434,\"caption\":\"Comau\"},\"image\":{\"@id\":\"https:\/\/www.comau.com\/fr\/#\/schema\/logo\/image\/\"},\"sameAs\":[\"https:\/\/www.facebook.com\/COMAU\/\",\"https:\/\/x.com\/comaugroup\",\"https:\/\/www.instagram.com\/comaugroup\/\",\"https:\/\/www.linkedin.com\/company\/comau\",\"https:\/\/www.youtube.com\/user\/comau\"]}]}<\/script>\n<!-- \/ Yoast SEO plugin. -->","yoast_head_json":{"title":"PMF \u2013 Project Management Fundamentals - Comau","robots":{"index":"index","follow":"follow","max-snippet":"max-snippet:-1","max-image-preview":"max-image-preview:large","max-video-preview":"max-video-preview:-1"},"canonical":"https:\/\/www.comau.com\/fr\/competencies\/systems\/consultancy-education\/companies-professionals\/pmf-project-management-fundamentals\/","og_locale":"fr_FR","og_type":"article","og_title":"PMF \u2013 Project Management Fundamentals - Comau","og_description":"La pr\u00e9sente formation est destin\u00e9e aux praticiens qui doivent g\u00e9rer des projets ou qui collaborent \u00e0 des projets avec des fonctions \u00e0 responsabilit\u00e9s. Dur\u00e9e : 3 jours Cr\u00e9dits : 24 PDU (Professional Development Units &#8211; Unit\u00e9s de formation professionnelle) ou heures de contact Finalit\u00e9 : La formation vise \u00e0 am\u00e9liorer les comp\u00e9tences dans l&rsquo;application des [&hellip;]","og_url":"https:\/\/www.comau.com\/fr\/competencies\/systems\/consultancy-education\/companies-professionals\/pmf-project-management-fundamentals\/","og_site_name":"Comau","article_publisher":"https:\/\/www.facebook.com\/COMAU\/","article_modified_time":"2021-07-20T13:46:43+00:00","twitter_card":"summary_large_image","twitter_site":"@comaugroup","twitter_misc":{"Dur\u00e9e de lecture estim\u00e9e":"2 minutes"},"schema":{"@context":"https:\/\/schema.org","@graph":[{"@type":"WebPage","@id":"https:\/\/www.comau.com\/fr\/competencies\/systems\/consultancy-education\/companies-professionals\/pmf-project-management-fundamentals\/","url":"https:\/\/www.comau.com\/fr\/competencies\/systems\/consultancy-education\/companies-professionals\/pmf-project-management-fundamentals\/","name":"PMF \u2013 Project Management Fundamentals - Comau","isPartOf":{"@id":"https:\/\/www.comau.com\/fr\/#website"},"primaryImageOfPage":{"@id":"https:\/\/www.comau.com\/fr\/competencies\/systems\/consultancy-education\/companies-professionals\/pmf-project-management-fundamentals\/#primaryimage"},"image":{"@id":"https:\/\/www.comau.com\/fr\/competencies\/systems\/consultancy-education\/companies-professionals\/pmf-project-management-fundamentals\/#primaryimage"},"thumbnailUrl":"","datePublished":"2021-06-09T09:11:10+00:00","dateModified":"2021-07-20T13:46:43+00:00","breadcrumb":{"@id":"https:\/\/www.comau.com\/fr\/competencies\/systems\/consultancy-education\/companies-professionals\/pmf-project-management-fundamentals\/#breadcrumb"},"inLanguage":"fr-FR","potentialAction":[{"@type":"ReadAction","target":["https:\/\/www.comau.com\/fr\/competencies\/systems\/consultancy-education\/companies-professionals\/pmf-project-management-fundamentals\/"]}]},{"@type":"ImageObject","inLanguage":"fr-FR","@id":"https:\/\/www.comau.com\/fr\/competencies\/systems\/consultancy-education\/companies-professionals\/pmf-project-management-fundamentals\/#primaryimage","url":"","contentUrl":"","width":1425,"height":450},{"@type":"BreadcrumbList","@id":"https:\/\/www.comau.com\/fr\/competencies\/systems\/consultancy-education\/companies-professionals\/pmf-project-management-fundamentals\/#breadcrumb","itemListElement":[{"@type":"ListItem","position":1,"name":"Home","item":"https:\/\/www.comau.com\/fr\/"},{"@type":"ListItem","position":2,"name":"Nos comp\u00e9tences","item":"https:\/\/www.comau.com\/fr\/competencies\/"},{"@type":"ListItem","position":3,"name":"Consultancy &amp; Education","item":"https:\/\/www.comau.com\/fr\/competencies\/consultancy-education\/"},{"@type":"ListItem","position":4,"name":"Companies &#038; Professionals","item":"https:\/\/www.comau.com\/fr\/competencies\/consultancy-education\/companies-professionals\/"},{"@type":"ListItem","position":5,"name":"PMF \u2013 Project Management Fundamentals"}]},{"@type":"WebSite","@id":"https:\/\/www.comau.com\/fr\/#website","url":"https:\/\/www.comau.com\/fr\/","name":"Comau","description":"Industrial automation and robotics","publisher":{"@id":"https:\/\/www.comau.com\/fr\/#organization"},"potentialAction":[{"@type":"SearchAction","target":{"@type":"EntryPoint","urlTemplate":"https:\/\/www.comau.com\/fr\/?s={search_term_string}"},"query-input":{"@type":"PropertyValueSpecification","valueRequired":true,"valueName":"search_term_string"}}],"inLanguage":"fr-FR"},{"@type":"Organization","@id":"https:\/\/www.comau.com\/fr\/#organization","name":"Comau","url":"https:\/\/www.comau.com\/fr\/","logo":{"@type":"ImageObject","inLanguage":"fr-FR","@id":"https:\/\/www.comau.com\/fr\/#\/schema\/logo\/image\/","url":"https:\/\/www.comau.com\/wp-content\/uploads\/2024\/07\/cropped-Logo-COMAU.png","contentUrl":"https:\/\/www.comau.com\/wp-content\/uploads\/2024\/07\/cropped-Logo-COMAU.png","width":434,"height":434,"caption":"Comau"},"image":{"@id":"https:\/\/www.comau.com\/fr\/#\/schema\/logo\/image\/"},"sameAs":["https:\/\/www.facebook.com\/COMAU\/","https:\/\/x.com\/comaugroup","https:\/\/www.instagram.com\/comaugroup\/","https:\/\/www.linkedin.com\/company\/comau","https:\/\/www.youtube.com\/user\/comau"]}]}},"_links":{"self":[{"href":"https:\/\/www.comau.com\/fr\/wp-json\/wp\/v2\/pages\/23310","targetHints":{"allow":["GET"]}}],"collection":[{"href":"https:\/\/www.comau.com\/fr\/wp-json\/wp\/v2\/pages"}],"about":[{"href":"https:\/\/www.comau.com\/fr\/wp-json\/wp\/v2\/types\/page"}],"author":[{"embeddable":true,"href":"https:\/\/www.comau.com\/fr\/wp-json\/wp\/v2\/users\/11"}],"replies":[{"embeddable":true,"href":"https:\/\/www.comau.com\/fr\/wp-json\/wp\/v2\/comments?post=23310"}],"version-history":[{"count":21,"href":"https:\/\/www.comau.com\/fr\/wp-json\/wp\/v2\/pages\/23310\/revisions"}],"predecessor-version":[{"id":32020,"href":"https:\/\/www.comau.com\/fr\/wp-json\/wp\/v2\/pages\/23310\/revisions\/32020"}],"up":[{"embeddable":true,"href":"https:\/\/www.comau.com\/fr\/wp-json\/wp\/v2\/pages\/6271"}],"wp:featuredmedia":[{"embeddable":true,"href":"https:\/\/www.comau.com\/fr\/wp-json\/wp\/v2\/media\/4238"}],"wp:attachment":[{"href":"https:\/\/www.comau.com\/fr\/wp-json\/wp\/v2\/media?parent=23310"}],"curies":[{"name":"wp","href":"https:\/\/api.w.org\/{rel}","templated":true}]}}