{"id":23306,"date":"2021-06-09T11:10:10","date_gmt":"2021-06-09T09:10:10","guid":{"rendered":"https:\/\/www.comau.com\/?page_id=23306"},"modified":"2021-07-20T15:59:31","modified_gmt":"2021-07-20T13:59:31","slug":"risk-management-fundamentals","status":"publish","type":"page","link":"https:\/\/www.comau.com\/fr\/competencies\/systems\/consultancy-education\/companies-professionals\/risk-management-fundamentals\/","title":{"rendered":"Risk Management Fundamentals"},"content":{"rendered":"\n<p>La pr\u00e9sente formation est con\u00e7ue pour les praticiens de projet (\u00e0 la fois managers et membres d&rsquo;une \u00e9quipe de projet).<\/p>\n\n<p><strong>Dur\u00e9e : <\/strong> 16 heures<\/p>\n\n<p><strong>Finalit\u00e9 : <\/strong> La formation vise \u00e0 am\u00e9liorer les comp\u00e9tences de gestion des risques du projet conform\u00e9ment aux champs de connaissances pertinents du \u00ab\u00a0A Guide to the Project Management Body of Knowledge (PMBOK\u00ae Guide) \u2013 Fifth Edition, Project Management Institute, Inc., 2013\u00a0\u00bb. \u200bPMBOK is a registered mark of the Project Management Institute, Inc. <\/p>\n\n<p>Il est n\u00e9cessaire de suivre au pr\u00e9alable la formation relative aux \u00c9l\u00e9ments fondamentaux de gestion de projet.<\/p>\n\n<p>Objectifs :<\/p>\n\n<ul class=\"wp-block-list\"><li>Planifier la gestion des risques<\/li><li>Identifier les risques d&rsquo;un projet<\/li><li>R\u00e9aliser une analyse des risques<\/li><li>Planifier les r\u00e9ponses aux risques<\/li><li>Surveiller et contr\u00f4ler les risques tout au long du projet<\/li><\/ul>\n","protected":false},"excerpt":{"rendered":"<p>La pr\u00e9sente formation est con\u00e7ue pour les praticiens de projet (\u00e0 la fois managers et membres d&rsquo;une \u00e9quipe de projet). Dur\u00e9e : 16 heures Finalit\u00e9 : La formation vise \u00e0 am\u00e9liorer les comp\u00e9tences de gestion des risques du projet conform\u00e9ment aux champs de connaissances pertinents du \u00ab\u00a0A Guide to the Project Management Body of Knowledge [&hellip;]<\/p>\n","protected":false},"author":11,"featured_media":10148,"parent":6271,"menu_order":3,"comment_status":"closed","ping_status":"closed","template":"","meta":{"_acf_changed":false,"ep_exclude_from_search":false,"footnotes":""},"class_list":["post-23306","page","type-page","status-publish","has-post-thumbnail","hentry"],"acf":[],"yoast_head":"<!-- This site is optimized with the Yoast SEO plugin v26.9 - https:\/\/yoast.com\/product\/yoast-seo-wordpress\/ -->\n<title>Risk Management Fundamentals - Comau<\/title>\n<meta name=\"robots\" content=\"index, follow, max-snippet:-1, max-image-preview:large, max-video-preview:-1\" \/>\n<link rel=\"canonical\" href=\"https:\/\/www.comau.com\/fr\/competencies\/systems\/consultancy-education\/companies-professionals\/risk-management-fundamentals\/\" \/>\n<meta property=\"og:locale\" content=\"fr_FR\" \/>\n<meta property=\"og:type\" content=\"article\" \/>\n<meta property=\"og:title\" content=\"Risk Management Fundamentals - Comau\" \/>\n<meta property=\"og:description\" content=\"La pr\u00e9sente formation est con\u00e7ue pour les praticiens de projet (\u00e0 la fois managers et membres d&rsquo;une \u00e9quipe de projet). Dur\u00e9e : 16 heures Finalit\u00e9 : La formation vise \u00e0 am\u00e9liorer les comp\u00e9tences de gestion des risques du projet conform\u00e9ment aux champs de connaissances pertinents du \u00ab\u00a0A Guide to the Project Management Body of Knowledge [&hellip;]\" \/>\n<meta property=\"og:url\" content=\"https:\/\/www.comau.com\/fr\/competencies\/systems\/consultancy-education\/companies-professionals\/risk-management-fundamentals\/\" \/>\n<meta property=\"og:site_name\" content=\"Comau\" \/>\n<meta property=\"article:publisher\" content=\"https:\/\/www.facebook.com\/COMAU\/\" \/>\n<meta property=\"article:modified_time\" content=\"2021-07-20T13:59:31+00:00\" \/>\n<meta property=\"og:image\" content=\"https:\/\/www.comau.com\/wp-content\/uploads\/2021\/06\/header_DSC2210.png\" \/>\n\t<meta property=\"og:image:width\" content=\"1280\" \/>\n\t<meta property=\"og:image:height\" content=\"485\" \/>\n\t<meta property=\"og:image:type\" content=\"image\/png\" \/>\n<meta name=\"twitter:card\" content=\"summary_large_image\" \/>\n<meta name=\"twitter:site\" content=\"@comaugroup\" \/>\n<meta name=\"twitter:label1\" content=\"Dur\u00e9e de lecture estim\u00e9e\" \/>\n\t<meta name=\"twitter:data1\" content=\"1 minute\" \/>\n<script type=\"application\/ld+json\" class=\"yoast-schema-graph\">{\"@context\":\"https:\/\/schema.org\",\"@graph\":[{\"@type\":\"WebPage\",\"@id\":\"https:\/\/www.comau.com\/fr\/competencies\/systems\/consultancy-education\/companies-professionals\/risk-management-fundamentals\/\",\"url\":\"https:\/\/www.comau.com\/fr\/competencies\/systems\/consultancy-education\/companies-professionals\/risk-management-fundamentals\/\",\"name\":\"Risk Management Fundamentals - Comau\",\"isPartOf\":{\"@id\":\"https:\/\/www.comau.com\/fr\/#website\"},\"primaryImageOfPage\":{\"@id\":\"https:\/\/www.comau.com\/fr\/competencies\/systems\/consultancy-education\/companies-professionals\/risk-management-fundamentals\/#primaryimage\"},\"image\":{\"@id\":\"https:\/\/www.comau.com\/fr\/competencies\/systems\/consultancy-education\/companies-professionals\/risk-management-fundamentals\/#primaryimage\"},\"thumbnailUrl\":\"https:\/\/www.comau.com\/wp-content\/uploads\/2021\/06\/header_DSC2210.png\",\"datePublished\":\"2021-06-09T09:10:10+00:00\",\"dateModified\":\"2021-07-20T13:59:31+00:00\",\"breadcrumb\":{\"@id\":\"https:\/\/www.comau.com\/fr\/competencies\/systems\/consultancy-education\/companies-professionals\/risk-management-fundamentals\/#breadcrumb\"},\"inLanguage\":\"fr-FR\",\"potentialAction\":[{\"@type\":\"ReadAction\",\"target\":[\"https:\/\/www.comau.com\/fr\/competencies\/systems\/consultancy-education\/companies-professionals\/risk-management-fundamentals\/\"]}]},{\"@type\":\"ImageObject\",\"inLanguage\":\"fr-FR\",\"@id\":\"https:\/\/www.comau.com\/fr\/competencies\/systems\/consultancy-education\/companies-professionals\/risk-management-fundamentals\/#primaryimage\",\"url\":\"https:\/\/www.comau.com\/wp-content\/uploads\/2021\/06\/header_DSC2210.png\",\"contentUrl\":\"https:\/\/www.comau.com\/wp-content\/uploads\/2021\/06\/header_DSC2210.png\",\"width\":1280,\"height\":485},{\"@type\":\"BreadcrumbList\",\"@id\":\"https:\/\/www.comau.com\/fr\/competencies\/systems\/consultancy-education\/companies-professionals\/risk-management-fundamentals\/#breadcrumb\",\"itemListElement\":[{\"@type\":\"ListItem\",\"position\":1,\"name\":\"Home\",\"item\":\"https:\/\/www.comau.com\/fr\/\"},{\"@type\":\"ListItem\",\"position\":2,\"name\":\"Nos comp\u00e9tences\",\"item\":\"https:\/\/www.comau.com\/fr\/competencies\/\"},{\"@type\":\"ListItem\",\"position\":3,\"name\":\"Consultancy &amp; Education\",\"item\":\"https:\/\/www.comau.com\/fr\/competencies\/consultancy-education\/\"},{\"@type\":\"ListItem\",\"position\":4,\"name\":\"Companies &#038; Professionals\",\"item\":\"https:\/\/www.comau.com\/fr\/competencies\/consultancy-education\/companies-professionals\/\"},{\"@type\":\"ListItem\",\"position\":5,\"name\":\"Risk Management Fundamentals\"}]},{\"@type\":\"WebSite\",\"@id\":\"https:\/\/www.comau.com\/fr\/#website\",\"url\":\"https:\/\/www.comau.com\/fr\/\",\"name\":\"Comau\",\"description\":\"Industrial automation and robotics\",\"publisher\":{\"@id\":\"https:\/\/www.comau.com\/fr\/#organization\"},\"potentialAction\":[{\"@type\":\"SearchAction\",\"target\":{\"@type\":\"EntryPoint\",\"urlTemplate\":\"https:\/\/www.comau.com\/fr\/?s={search_term_string}\"},\"query-input\":{\"@type\":\"PropertyValueSpecification\",\"valueRequired\":true,\"valueName\":\"search_term_string\"}}],\"inLanguage\":\"fr-FR\"},{\"@type\":\"Organization\",\"@id\":\"https:\/\/www.comau.com\/fr\/#organization\",\"name\":\"Comau\",\"url\":\"https:\/\/www.comau.com\/fr\/\",\"logo\":{\"@type\":\"ImageObject\",\"inLanguage\":\"fr-FR\",\"@id\":\"https:\/\/www.comau.com\/fr\/#\/schema\/logo\/image\/\",\"url\":\"https:\/\/www.comau.com\/wp-content\/uploads\/2024\/07\/cropped-Logo-COMAU.png\",\"contentUrl\":\"https:\/\/www.comau.com\/wp-content\/uploads\/2024\/07\/cropped-Logo-COMAU.png\",\"width\":434,\"height\":434,\"caption\":\"Comau\"},\"image\":{\"@id\":\"https:\/\/www.comau.com\/fr\/#\/schema\/logo\/image\/\"},\"sameAs\":[\"https:\/\/www.facebook.com\/COMAU\/\",\"https:\/\/x.com\/comaugroup\",\"https:\/\/www.instagram.com\/comaugroup\/\",\"https:\/\/www.linkedin.com\/company\/comau\",\"https:\/\/www.youtube.com\/user\/comau\"]}]}<\/script>\n<!-- \/ Yoast SEO plugin. -->","yoast_head_json":{"title":"Risk Management Fundamentals - Comau","robots":{"index":"index","follow":"follow","max-snippet":"max-snippet:-1","max-image-preview":"max-image-preview:large","max-video-preview":"max-video-preview:-1"},"canonical":"https:\/\/www.comau.com\/fr\/competencies\/systems\/consultancy-education\/companies-professionals\/risk-management-fundamentals\/","og_locale":"fr_FR","og_type":"article","og_title":"Risk Management Fundamentals - Comau","og_description":"La pr\u00e9sente formation est con\u00e7ue pour les praticiens de projet (\u00e0 la fois managers et membres d&rsquo;une \u00e9quipe de projet). Dur\u00e9e : 16 heures Finalit\u00e9 : La formation vise \u00e0 am\u00e9liorer les comp\u00e9tences de gestion des risques du projet conform\u00e9ment aux champs de connaissances pertinents du \u00ab\u00a0A Guide to the Project Management Body of Knowledge [&hellip;]","og_url":"https:\/\/www.comau.com\/fr\/competencies\/systems\/consultancy-education\/companies-professionals\/risk-management-fundamentals\/","og_site_name":"Comau","article_publisher":"https:\/\/www.facebook.com\/COMAU\/","article_modified_time":"2021-07-20T13:59:31+00:00","og_image":[{"width":1280,"height":485,"url":"https:\/\/www.comau.com\/wp-content\/uploads\/2021\/06\/header_DSC2210.png","type":"image\/png"}],"twitter_card":"summary_large_image","twitter_site":"@comaugroup","twitter_misc":{"Dur\u00e9e de lecture estim\u00e9e":"1 minute"},"schema":{"@context":"https:\/\/schema.org","@graph":[{"@type":"WebPage","@id":"https:\/\/www.comau.com\/fr\/competencies\/systems\/consultancy-education\/companies-professionals\/risk-management-fundamentals\/","url":"https:\/\/www.comau.com\/fr\/competencies\/systems\/consultancy-education\/companies-professionals\/risk-management-fundamentals\/","name":"Risk Management Fundamentals - Comau","isPartOf":{"@id":"https:\/\/www.comau.com\/fr\/#website"},"primaryImageOfPage":{"@id":"https:\/\/www.comau.com\/fr\/competencies\/systems\/consultancy-education\/companies-professionals\/risk-management-fundamentals\/#primaryimage"},"image":{"@id":"https:\/\/www.comau.com\/fr\/competencies\/systems\/consultancy-education\/companies-professionals\/risk-management-fundamentals\/#primaryimage"},"thumbnailUrl":"https:\/\/www.comau.com\/wp-content\/uploads\/2021\/06\/header_DSC2210.png","datePublished":"2021-06-09T09:10:10+00:00","dateModified":"2021-07-20T13:59:31+00:00","breadcrumb":{"@id":"https:\/\/www.comau.com\/fr\/competencies\/systems\/consultancy-education\/companies-professionals\/risk-management-fundamentals\/#breadcrumb"},"inLanguage":"fr-FR","potentialAction":[{"@type":"ReadAction","target":["https:\/\/www.comau.com\/fr\/competencies\/systems\/consultancy-education\/companies-professionals\/risk-management-fundamentals\/"]}]},{"@type":"ImageObject","inLanguage":"fr-FR","@id":"https:\/\/www.comau.com\/fr\/competencies\/systems\/consultancy-education\/companies-professionals\/risk-management-fundamentals\/#primaryimage","url":"https:\/\/www.comau.com\/wp-content\/uploads\/2021\/06\/header_DSC2210.png","contentUrl":"https:\/\/www.comau.com\/wp-content\/uploads\/2021\/06\/header_DSC2210.png","width":1280,"height":485},{"@type":"BreadcrumbList","@id":"https:\/\/www.comau.com\/fr\/competencies\/systems\/consultancy-education\/companies-professionals\/risk-management-fundamentals\/#breadcrumb","itemListElement":[{"@type":"ListItem","position":1,"name":"Home","item":"https:\/\/www.comau.com\/fr\/"},{"@type":"ListItem","position":2,"name":"Nos comp\u00e9tences","item":"https:\/\/www.comau.com\/fr\/competencies\/"},{"@type":"ListItem","position":3,"name":"Consultancy &amp; Education","item":"https:\/\/www.comau.com\/fr\/competencies\/consultancy-education\/"},{"@type":"ListItem","position":4,"name":"Companies &#038; Professionals","item":"https:\/\/www.comau.com\/fr\/competencies\/consultancy-education\/companies-professionals\/"},{"@type":"ListItem","position":5,"name":"Risk Management Fundamentals"}]},{"@type":"WebSite","@id":"https:\/\/www.comau.com\/fr\/#website","url":"https:\/\/www.comau.com\/fr\/","name":"Comau","description":"Industrial automation and robotics","publisher":{"@id":"https:\/\/www.comau.com\/fr\/#organization"},"potentialAction":[{"@type":"SearchAction","target":{"@type":"EntryPoint","urlTemplate":"https:\/\/www.comau.com\/fr\/?s={search_term_string}"},"query-input":{"@type":"PropertyValueSpecification","valueRequired":true,"valueName":"search_term_string"}}],"inLanguage":"fr-FR"},{"@type":"Organization","@id":"https:\/\/www.comau.com\/fr\/#organization","name":"Comau","url":"https:\/\/www.comau.com\/fr\/","logo":{"@type":"ImageObject","inLanguage":"fr-FR","@id":"https:\/\/www.comau.com\/fr\/#\/schema\/logo\/image\/","url":"https:\/\/www.comau.com\/wp-content\/uploads\/2024\/07\/cropped-Logo-COMAU.png","contentUrl":"https:\/\/www.comau.com\/wp-content\/uploads\/2024\/07\/cropped-Logo-COMAU.png","width":434,"height":434,"caption":"Comau"},"image":{"@id":"https:\/\/www.comau.com\/fr\/#\/schema\/logo\/image\/"},"sameAs":["https:\/\/www.facebook.com\/COMAU\/","https:\/\/x.com\/comaugroup","https:\/\/www.instagram.com\/comaugroup\/","https:\/\/www.linkedin.com\/company\/comau","https:\/\/www.youtube.com\/user\/comau"]}]}},"_links":{"self":[{"href":"https:\/\/www.comau.com\/fr\/wp-json\/wp\/v2\/pages\/23306","targetHints":{"allow":["GET"]}}],"collection":[{"href":"https:\/\/www.comau.com\/fr\/wp-json\/wp\/v2\/pages"}],"about":[{"href":"https:\/\/www.comau.com\/fr\/wp-json\/wp\/v2\/types\/page"}],"author":[{"embeddable":true,"href":"https:\/\/www.comau.com\/fr\/wp-json\/wp\/v2\/users\/11"}],"replies":[{"embeddable":true,"href":"https:\/\/www.comau.com\/fr\/wp-json\/wp\/v2\/comments?post=23306"}],"version-history":[{"count":14,"href":"https:\/\/www.comau.com\/fr\/wp-json\/wp\/v2\/pages\/23306\/revisions"}],"predecessor-version":[{"id":32099,"href":"https:\/\/www.comau.com\/fr\/wp-json\/wp\/v2\/pages\/23306\/revisions\/32099"}],"up":[{"embeddable":true,"href":"https:\/\/www.comau.com\/fr\/wp-json\/wp\/v2\/pages\/6271"}],"wp:featuredmedia":[{"embeddable":true,"href":"https:\/\/www.comau.com\/fr\/wp-json\/wp\/v2\/media\/10148"}],"wp:attachment":[{"href":"https:\/\/www.comau.com\/fr\/wp-json\/wp\/v2\/media?parent=23306"}],"curies":[{"name":"wp","href":"https:\/\/api.w.org\/{rel}","templated":true}]}}