{"id":23301,"date":"2021-06-09T11:11:27","date_gmt":"2021-06-09T09:11:27","guid":{"rendered":"https:\/\/www.comau.com\/?page_id=23301"},"modified":"2021-07-20T16:11:36","modified_gmt":"2021-07-20T14:11:36","slug":"professional-project-management-with-pmp-certification","status":"publish","type":"page","link":"https:\/\/www.comau.com\/fr\/competencies\/systems\/consultancy-education\/companies-professionals\/professional-project-management-with-pmp-certification\/","title":{"rendered":"Professional project management with PMP\u00ae certification"},"content":{"rendered":"\n<p>La valeur d&rsquo;un certificat de Project Management Professional (PMP)\u00ae (professionnel en gestion de projet), conf\u00e9r\u00e9 par le Project Management Institute (PMI)\u00ae, va au-del\u00e0 du d\u00e9veloppement des connaissances et des comp\u00e9tences.<\/p>\n\n<p>Les cr\u00e9dits PMP\u00ae internationalement reconnus montrent aux employeurs, clients et coll\u00e8gues qu&rsquo;un chef de projet poss\u00e8de les connaissances, l&rsquo;exp\u00e9rience et les comp\u00e9tences de gestion de projet permettant la r\u00e9ussite des projets.<\/p>\n\n<p><strong>Dur\u00e9e :<\/strong> 6 jours (divis\u00e9s en 2 modules)<\/p>\n\n<p><strong>Cr\u00e9dits :<\/strong> 42 PDU (Professional Development Units &#8211; Unit\u00e9s de formation professionnelle) ou heures de cours<\/p>\n\n<p>Finalit\u00e9 : La pr\u00e9sente formation est con\u00e7ue pour enseigner aux stagiaires les proc\u00e9dures Project Management Institute (PMI)\u00ae, leurs \u00e9l\u00e9ments de base, outils, techniques et r\u00e9sultats conform\u00e9ment au contenu du Guide \u00ab\u00a0A Guide to the Project Management Body of Knowledge (PMBOK\u00ae Guide) \u2013 Fifth Edition, Project Management Institute, Inc., 2013\u00a0\u00bb (la principale source de connaissances et d&rsquo;informations pour passer l&rsquo;examen).<\/p>\n\n<p>Elle apporte \u00e9galement aux stagiaires des connaissances suppl\u00e9mentaires non directement couvertes par le Guide \u00ab\u00a0A Guide to the Project Management Body of Knowledge (PMBOK\u00ae Guide) \u2013 Fifth Edition, Project Management Institute, Inc., 2013\u00a0\u00bb mais requises pour passer l&rsquo;examen PMP\u00ae (par ex. ressources humaines, th\u00e9ories sur la qualit\u00e9, responsabilit\u00e9s \u00e9thiques et professionnelles).<\/p>\n\n<p><strong>Objectifs :<\/strong><\/p>\n\n<p>Chaque champ de connaissance du Guide \u00ab\u00a0A Guide to the Project Management Body of Knowledge (PMBOK\u00ae Guide) \u2013 Fifth Edition, Project Management Institute, Inc., 2013\u00a0\u00bb est analys\u00e9. Des informations cibl\u00e9es permettant de passer l&rsquo;examen PMP\u00ae sont fournies et des discussions sont organis\u00e9es.<\/p>\n\n<p><strong>La formation est divis\u00e9e en 2 modules :<\/strong><\/p>\n\n<ul class=\"wp-block-list\"><li>Module A (dur\u00e9e 3 jours)<\/li><li>Module B (dur\u00e9e 3 jours)<\/li><\/ul>\n\n<p>PMI is a registered mark of the Project Management Institute, Inc. PMBOK is a registered mark of the Project Management Institute, Inc. PMP is a registered marks of the Project Management Institute, Inc.<\/p>\n\n<h2 class=\"wp-block-heading\">Exigences pour la Certification PMP\u00ae<\/h2>\n\n<div class=\"wp-block-image\"><figure class=\"aligncenter size-large\"><img decoding=\"async\" width=\"781\" height=\"239\" src=\"https:\/\/www.comau.com\/wp-content\/uploads\/2021\/06\/pmp-table.png\" alt=\"\" class=\"wp-image-10163\" srcset=\"https:\/\/www.comau.com\/wp-content\/uploads\/2021\/06\/pmp-table.png 781w, https:\/\/www.comau.com\/wp-content\/uploads\/2021\/06\/pmp-table-300x92.png 300w, https:\/\/www.comau.com\/wp-content\/uploads\/2021\/06\/pmp-table-768x235.png 768w\" sizes=\"(max-width: 781px) 100vw, 781px\" \/><\/figure><\/div>\n","protected":false},"excerpt":{"rendered":"<p>La valeur d&rsquo;un certificat de Project Management Professional (PMP)\u00ae (professionnel en gestion de projet), conf\u00e9r\u00e9 par le Project Management Institute (PMI)\u00ae, va au-del\u00e0 du d\u00e9veloppement des connaissances et des comp\u00e9tences. Les cr\u00e9dits PMP\u00ae internationalement reconnus montrent aux employeurs, clients et coll\u00e8gues qu&rsquo;un chef de projet poss\u00e8de les connaissances, l&rsquo;exp\u00e9rience et les comp\u00e9tences de gestion de [&hellip;]<\/p>\n","protected":false},"author":11,"featured_media":10158,"parent":6271,"menu_order":5,"comment_status":"closed","ping_status":"closed","template":"","meta":{"_acf_changed":false,"ep_exclude_from_search":false,"footnotes":""},"class_list":["post-23301","page","type-page","status-publish","has-post-thumbnail","hentry"],"acf":[],"yoast_head":"<!-- This site is optimized with the Yoast SEO plugin v26.9 - https:\/\/yoast.com\/product\/yoast-seo-wordpress\/ -->\n<title>Professional project management with PMP\u00ae certification - Comau<\/title>\n<meta name=\"robots\" content=\"index, follow, max-snippet:-1, max-image-preview:large, max-video-preview:-1\" \/>\n<link rel=\"canonical\" href=\"https:\/\/www.comau.com\/fr\/competencies\/systems\/consultancy-education\/companies-professionals\/professional-project-management-with-pmp-certification\/\" \/>\n<meta property=\"og:locale\" content=\"fr_FR\" \/>\n<meta property=\"og:type\" content=\"article\" \/>\n<meta property=\"og:title\" content=\"Professional project management with PMP\u00ae certification - Comau\" \/>\n<meta property=\"og:description\" content=\"La valeur d&rsquo;un certificat de Project Management Professional (PMP)\u00ae (professionnel en gestion de projet), conf\u00e9r\u00e9 par le Project Management Institute (PMI)\u00ae, va au-del\u00e0 du d\u00e9veloppement des connaissances et des comp\u00e9tences. Les cr\u00e9dits PMP\u00ae internationalement reconnus montrent aux employeurs, clients et coll\u00e8gues qu&rsquo;un chef de projet poss\u00e8de les connaissances, l&rsquo;exp\u00e9rience et les comp\u00e9tences de gestion de [&hellip;]\" \/>\n<meta property=\"og:url\" content=\"https:\/\/www.comau.com\/fr\/competencies\/systems\/consultancy-education\/companies-professionals\/professional-project-management-with-pmp-certification\/\" \/>\n<meta property=\"og:site_name\" content=\"Comau\" \/>\n<meta property=\"article:publisher\" content=\"https:\/\/www.facebook.com\/COMAU\/\" \/>\n<meta property=\"article:modified_time\" content=\"2021-07-20T14:11:36+00:00\" \/>\n<meta property=\"og:image\" content=\"https:\/\/www.comau.com\/wp-content\/uploads\/2021\/06\/pmp_header.jpg\" \/>\n\t<meta property=\"og:image:width\" content=\"1280\" \/>\n\t<meta property=\"og:image:height\" content=\"485\" \/>\n\t<meta property=\"og:image:type\" content=\"image\/jpeg\" \/>\n<meta name=\"twitter:card\" content=\"summary_large_image\" \/>\n<meta name=\"twitter:site\" content=\"@comaugroup\" \/>\n<meta name=\"twitter:label1\" content=\"Dur\u00e9e de lecture estim\u00e9e\" \/>\n\t<meta name=\"twitter:data1\" content=\"2 minutes\" \/>\n<script type=\"application\/ld+json\" class=\"yoast-schema-graph\">{\"@context\":\"https:\/\/schema.org\",\"@graph\":[{\"@type\":\"WebPage\",\"@id\":\"https:\/\/www.comau.com\/fr\/competencies\/systems\/consultancy-education\/companies-professionals\/professional-project-management-with-pmp-certification\/\",\"url\":\"https:\/\/www.comau.com\/fr\/competencies\/systems\/consultancy-education\/companies-professionals\/professional-project-management-with-pmp-certification\/\",\"name\":\"Professional project management with PMP\u00ae certification - Comau\",\"isPartOf\":{\"@id\":\"https:\/\/www.comau.com\/fr\/#website\"},\"primaryImageOfPage\":{\"@id\":\"https:\/\/www.comau.com\/fr\/competencies\/systems\/consultancy-education\/companies-professionals\/professional-project-management-with-pmp-certification\/#primaryimage\"},\"image\":{\"@id\":\"https:\/\/www.comau.com\/fr\/competencies\/systems\/consultancy-education\/companies-professionals\/professional-project-management-with-pmp-certification\/#primaryimage\"},\"thumbnailUrl\":\"https:\/\/www.comau.com\/wp-content\/uploads\/2021\/06\/pmp_header.jpg\",\"datePublished\":\"2021-06-09T09:11:27+00:00\",\"dateModified\":\"2021-07-20T14:11:36+00:00\",\"breadcrumb\":{\"@id\":\"https:\/\/www.comau.com\/fr\/competencies\/systems\/consultancy-education\/companies-professionals\/professional-project-management-with-pmp-certification\/#breadcrumb\"},\"inLanguage\":\"fr-FR\",\"potentialAction\":[{\"@type\":\"ReadAction\",\"target\":[\"https:\/\/www.comau.com\/fr\/competencies\/systems\/consultancy-education\/companies-professionals\/professional-project-management-with-pmp-certification\/\"]}]},{\"@type\":\"ImageObject\",\"inLanguage\":\"fr-FR\",\"@id\":\"https:\/\/www.comau.com\/fr\/competencies\/systems\/consultancy-education\/companies-professionals\/professional-project-management-with-pmp-certification\/#primaryimage\",\"url\":\"https:\/\/www.comau.com\/wp-content\/uploads\/2021\/06\/pmp_header.jpg\",\"contentUrl\":\"https:\/\/www.comau.com\/wp-content\/uploads\/2021\/06\/pmp_header.jpg\",\"width\":1280,\"height\":485},{\"@type\":\"BreadcrumbList\",\"@id\":\"https:\/\/www.comau.com\/fr\/competencies\/systems\/consultancy-education\/companies-professionals\/professional-project-management-with-pmp-certification\/#breadcrumb\",\"itemListElement\":[{\"@type\":\"ListItem\",\"position\":1,\"name\":\"Home\",\"item\":\"https:\/\/www.comau.com\/fr\/\"},{\"@type\":\"ListItem\",\"position\":2,\"name\":\"Nos comp\u00e9tences\",\"item\":\"https:\/\/www.comau.com\/fr\/competencies\/\"},{\"@type\":\"ListItem\",\"position\":3,\"name\":\"Consultancy &amp; Education\",\"item\":\"https:\/\/www.comau.com\/fr\/competencies\/consultancy-education\/\"},{\"@type\":\"ListItem\",\"position\":4,\"name\":\"Companies &#038; Professionals\",\"item\":\"https:\/\/www.comau.com\/fr\/competencies\/consultancy-education\/companies-professionals\/\"},{\"@type\":\"ListItem\",\"position\":5,\"name\":\"Professional project management with PMP\u00ae certification\"}]},{\"@type\":\"WebSite\",\"@id\":\"https:\/\/www.comau.com\/fr\/#website\",\"url\":\"https:\/\/www.comau.com\/fr\/\",\"name\":\"Comau\",\"description\":\"Industrial automation and robotics\",\"publisher\":{\"@id\":\"https:\/\/www.comau.com\/fr\/#organization\"},\"potentialAction\":[{\"@type\":\"SearchAction\",\"target\":{\"@type\":\"EntryPoint\",\"urlTemplate\":\"https:\/\/www.comau.com\/fr\/?s={search_term_string}\"},\"query-input\":{\"@type\":\"PropertyValueSpecification\",\"valueRequired\":true,\"valueName\":\"search_term_string\"}}],\"inLanguage\":\"fr-FR\"},{\"@type\":\"Organization\",\"@id\":\"https:\/\/www.comau.com\/fr\/#organization\",\"name\":\"Comau\",\"url\":\"https:\/\/www.comau.com\/fr\/\",\"logo\":{\"@type\":\"ImageObject\",\"inLanguage\":\"fr-FR\",\"@id\":\"https:\/\/www.comau.com\/fr\/#\/schema\/logo\/image\/\",\"url\":\"https:\/\/www.comau.com\/wp-content\/uploads\/2024\/07\/cropped-Logo-COMAU.png\",\"contentUrl\":\"https:\/\/www.comau.com\/wp-content\/uploads\/2024\/07\/cropped-Logo-COMAU.png\",\"width\":434,\"height\":434,\"caption\":\"Comau\"},\"image\":{\"@id\":\"https:\/\/www.comau.com\/fr\/#\/schema\/logo\/image\/\"},\"sameAs\":[\"https:\/\/www.facebook.com\/COMAU\/\",\"https:\/\/x.com\/comaugroup\",\"https:\/\/www.instagram.com\/comaugroup\/\",\"https:\/\/www.linkedin.com\/company\/comau\",\"https:\/\/www.youtube.com\/user\/comau\"]}]}<\/script>\n<!-- \/ Yoast SEO plugin. -->","yoast_head_json":{"title":"Professional project management with PMP\u00ae certification - Comau","robots":{"index":"index","follow":"follow","max-snippet":"max-snippet:-1","max-image-preview":"max-image-preview:large","max-video-preview":"max-video-preview:-1"},"canonical":"https:\/\/www.comau.com\/fr\/competencies\/systems\/consultancy-education\/companies-professionals\/professional-project-management-with-pmp-certification\/","og_locale":"fr_FR","og_type":"article","og_title":"Professional project management with PMP\u00ae certification - Comau","og_description":"La valeur d&rsquo;un certificat de Project Management Professional (PMP)\u00ae (professionnel en gestion de projet), conf\u00e9r\u00e9 par le Project Management Institute (PMI)\u00ae, va au-del\u00e0 du d\u00e9veloppement des connaissances et des comp\u00e9tences. Les cr\u00e9dits PMP\u00ae internationalement reconnus montrent aux employeurs, clients et coll\u00e8gues qu&rsquo;un chef de projet poss\u00e8de les connaissances, l&rsquo;exp\u00e9rience et les comp\u00e9tences de gestion de [&hellip;]","og_url":"https:\/\/www.comau.com\/fr\/competencies\/systems\/consultancy-education\/companies-professionals\/professional-project-management-with-pmp-certification\/","og_site_name":"Comau","article_publisher":"https:\/\/www.facebook.com\/COMAU\/","article_modified_time":"2021-07-20T14:11:36+00:00","og_image":[{"width":1280,"height":485,"url":"https:\/\/www.comau.com\/wp-content\/uploads\/2021\/06\/pmp_header.jpg","type":"image\/jpeg"}],"twitter_card":"summary_large_image","twitter_site":"@comaugroup","twitter_misc":{"Dur\u00e9e de lecture estim\u00e9e":"2 minutes"},"schema":{"@context":"https:\/\/schema.org","@graph":[{"@type":"WebPage","@id":"https:\/\/www.comau.com\/fr\/competencies\/systems\/consultancy-education\/companies-professionals\/professional-project-management-with-pmp-certification\/","url":"https:\/\/www.comau.com\/fr\/competencies\/systems\/consultancy-education\/companies-professionals\/professional-project-management-with-pmp-certification\/","name":"Professional project management with PMP\u00ae certification - Comau","isPartOf":{"@id":"https:\/\/www.comau.com\/fr\/#website"},"primaryImageOfPage":{"@id":"https:\/\/www.comau.com\/fr\/competencies\/systems\/consultancy-education\/companies-professionals\/professional-project-management-with-pmp-certification\/#primaryimage"},"image":{"@id":"https:\/\/www.comau.com\/fr\/competencies\/systems\/consultancy-education\/companies-professionals\/professional-project-management-with-pmp-certification\/#primaryimage"},"thumbnailUrl":"https:\/\/www.comau.com\/wp-content\/uploads\/2021\/06\/pmp_header.jpg","datePublished":"2021-06-09T09:11:27+00:00","dateModified":"2021-07-20T14:11:36+00:00","breadcrumb":{"@id":"https:\/\/www.comau.com\/fr\/competencies\/systems\/consultancy-education\/companies-professionals\/professional-project-management-with-pmp-certification\/#breadcrumb"},"inLanguage":"fr-FR","potentialAction":[{"@type":"ReadAction","target":["https:\/\/www.comau.com\/fr\/competencies\/systems\/consultancy-education\/companies-professionals\/professional-project-management-with-pmp-certification\/"]}]},{"@type":"ImageObject","inLanguage":"fr-FR","@id":"https:\/\/www.comau.com\/fr\/competencies\/systems\/consultancy-education\/companies-professionals\/professional-project-management-with-pmp-certification\/#primaryimage","url":"https:\/\/www.comau.com\/wp-content\/uploads\/2021\/06\/pmp_header.jpg","contentUrl":"https:\/\/www.comau.com\/wp-content\/uploads\/2021\/06\/pmp_header.jpg","width":1280,"height":485},{"@type":"BreadcrumbList","@id":"https:\/\/www.comau.com\/fr\/competencies\/systems\/consultancy-education\/companies-professionals\/professional-project-management-with-pmp-certification\/#breadcrumb","itemListElement":[{"@type":"ListItem","position":1,"name":"Home","item":"https:\/\/www.comau.com\/fr\/"},{"@type":"ListItem","position":2,"name":"Nos comp\u00e9tences","item":"https:\/\/www.comau.com\/fr\/competencies\/"},{"@type":"ListItem","position":3,"name":"Consultancy &amp; Education","item":"https:\/\/www.comau.com\/fr\/competencies\/consultancy-education\/"},{"@type":"ListItem","position":4,"name":"Companies &#038; Professionals","item":"https:\/\/www.comau.com\/fr\/competencies\/consultancy-education\/companies-professionals\/"},{"@type":"ListItem","position":5,"name":"Professional project management with PMP\u00ae certification"}]},{"@type":"WebSite","@id":"https:\/\/www.comau.com\/fr\/#website","url":"https:\/\/www.comau.com\/fr\/","name":"Comau","description":"Industrial automation and robotics","publisher":{"@id":"https:\/\/www.comau.com\/fr\/#organization"},"potentialAction":[{"@type":"SearchAction","target":{"@type":"EntryPoint","urlTemplate":"https:\/\/www.comau.com\/fr\/?s={search_term_string}"},"query-input":{"@type":"PropertyValueSpecification","valueRequired":true,"valueName":"search_term_string"}}],"inLanguage":"fr-FR"},{"@type":"Organization","@id":"https:\/\/www.comau.com\/fr\/#organization","name":"Comau","url":"https:\/\/www.comau.com\/fr\/","logo":{"@type":"ImageObject","inLanguage":"fr-FR","@id":"https:\/\/www.comau.com\/fr\/#\/schema\/logo\/image\/","url":"https:\/\/www.comau.com\/wp-content\/uploads\/2024\/07\/cropped-Logo-COMAU.png","contentUrl":"https:\/\/www.comau.com\/wp-content\/uploads\/2024\/07\/cropped-Logo-COMAU.png","width":434,"height":434,"caption":"Comau"},"image":{"@id":"https:\/\/www.comau.com\/fr\/#\/schema\/logo\/image\/"},"sameAs":["https:\/\/www.facebook.com\/COMAU\/","https:\/\/x.com\/comaugroup","https:\/\/www.instagram.com\/comaugroup\/","https:\/\/www.linkedin.com\/company\/comau","https:\/\/www.youtube.com\/user\/comau"]}]}},"_links":{"self":[{"href":"https:\/\/www.comau.com\/fr\/wp-json\/wp\/v2\/pages\/23301","targetHints":{"allow":["GET"]}}],"collection":[{"href":"https:\/\/www.comau.com\/fr\/wp-json\/wp\/v2\/pages"}],"about":[{"href":"https:\/\/www.comau.com\/fr\/wp-json\/wp\/v2\/types\/page"}],"author":[{"embeddable":true,"href":"https:\/\/www.comau.com\/fr\/wp-json\/wp\/v2\/users\/11"}],"replies":[{"embeddable":true,"href":"https:\/\/www.comau.com\/fr\/wp-json\/wp\/v2\/comments?post=23301"}],"version-history":[{"count":16,"href":"https:\/\/www.comau.com\/fr\/wp-json\/wp\/v2\/pages\/23301\/revisions"}],"predecessor-version":[{"id":32161,"href":"https:\/\/www.comau.com\/fr\/wp-json\/wp\/v2\/pages\/23301\/revisions\/32161"}],"up":[{"embeddable":true,"href":"https:\/\/www.comau.com\/fr\/wp-json\/wp\/v2\/pages\/6271"}],"wp:featuredmedia":[{"embeddable":true,"href":"https:\/\/www.comau.com\/fr\/wp-json\/wp\/v2\/media\/10158"}],"wp:attachment":[{"href":"https:\/\/www.comau.com\/fr\/wp-json\/wp\/v2\/media?parent=23301"}],"curies":[{"name":"wp","href":"https:\/\/api.w.org\/{rel}","templated":true}]}}