{"id":23277,"date":"2021-06-09T11:13:43","date_gmt":"2021-06-09T09:13:43","guid":{"rendered":"https:\/\/www.comau.com\/?page_id=23277"},"modified":"2022-02-07T12:34:46","modified_gmt":"2022-02-07T11:34:46","slug":"robotics-training-advanced-programming-and-integration","status":"publish","type":"page","link":"https:\/\/www.comau.com\/fr\/competencies\/systems\/consultancy-education\/companies-professionals\/robotics-training-advanced-programming-and-integration\/","title":{"rendered":"Robotics Training &#8211; Advanced Programming and Integration"},"content":{"rendered":"\n<h2 class=\"wp-block-heading\" id=\"presentation\">Pr\u00e9sentation<\/h2>\n\n\n\n<p>Ces formations s\u2019adressent aux techniciens professionnels, aux programmeurs de robots et d\u2019automates, aux int\u00e9grateurs syst\u00e8me et \u00e0 toutes les personnes qui souhaitent approfondir leurs connaissances du langage de programmation PDL2 et des moyens de communication en automatisation.<\/p>\n\n\n\n<p>Nos programmes de formation Programmation et int\u00e9gration avanc\u00e9es alternent de fa\u00e7on coh\u00e9rente des activit\u00e9s pratiques, des outils et du contenu th\u00e9orique stimulants. <\/p>\n\n\n\n<p>Deux formations diff\u00e9rentes sont disponibles\u202f:<\/p>\n\n\n\n<ul class=\"wp-block-list\"><li>Programmation avanc\u00e9e PDL2 <\/li><li>Bus de terrain<\/li><\/ul>\n\n\n\n<p>L\u2019ach\u00e8vement de la formation \u00ab\u202fUtilisation et programmation\u202f\u00bb est un pr\u00e9-requis obligatoire.<\/p>\n\n\n\n<div class=\"wp-block-getwid-toggle download-dropdown has-icon-left\">\n<div class=\"wp-block-getwid-toggle__row\"><div class=\"wp-block-getwid-toggle__header-wrapper\"><span class=\"wp-block-getwid-toggle__header\"><a href=\"#\"><span class=\"wp-block-getwid-toggle__header-title\">Download the brochure<\/span><span class=\"wp-block-getwid-toggle__icon is-active\"><i class=\"fas fa-plus\"><\/i><\/span><span class=\"wp-block-getwid-toggle__icon is-passive\"><i class=\"fas fa-minus\"><\/i><\/span><\/a><\/span><\/div><div class=\"wp-block-getwid-toggle__content-wrapper\"><div class=\"wp-block-getwid-toggle__content\">\n<div class=\"wp-block-getwid-button-group\"><div class=\"wp-block-getwid-button-group__wrapper\">\n<div class=\"wp-block-button\"><a class=\"wp-block-button__link\" href=\"https:\/\/www.comau.com\/wp-content\/uploads\/2021\/06\/Comau_Robotics_Training_Catalogue_EN.pdf\" target=\"_blank\" rel=\"noreferrer noopener\">ComauRoboticsTrainingCatalogue_EN<\/a><\/div>\n\n\n\n<div class=\"wp-block-button\"><a class=\"wp-block-button__link\" href=\"https:\/\/www.comau.com\/wp-content\/uploads\/2021\/06\/Comau_Robotics_Training_Catalogue_IT.pdf\" target=\"_blank\" rel=\"noreferrer noopener\">ComauRoboticsTrainingCatalogue_IT<\/a><\/div>\n<\/div><\/div>\n<\/div><\/div><\/div>\n<\/div>\n\n\n\n<h2 class=\"wp-block-heading\" id=\"parcours-de-formation\">Parcours de formation<\/h2>\n\n\n\n<div class=\"wp-block-image\"><figure class=\"aligncenter size-large\"><img decoding=\"async\" width=\"1024\" height=\"672\" src=\"https:\/\/www.comau.com\/wp-content\/uploads\/2021\/06\/schema-Advanced-1024x672.jpg\" alt=\"\" class=\"wp-image-10198\" srcset=\"https:\/\/www.comau.com\/wp-content\/uploads\/2021\/06\/schema-Advanced-1024x672.jpg 1024w, https:\/\/www.comau.com\/wp-content\/uploads\/2021\/06\/schema-Advanced-300x197.jpg 300w, https:\/\/www.comau.com\/wp-content\/uploads\/2021\/06\/schema-Advanced-768x504.jpg 768w, https:\/\/www.comau.com\/wp-content\/uploads\/2021\/06\/schema-Advanced.jpg 1374w\" sizes=\"(max-width: 1024px) 100vw, 1024px\" \/><\/figure><\/div>\n\n\n\n<div class=\"wp-block-image\"><figure class=\"aligncenter size-large\"><img decoding=\"async\" width=\"1024\" height=\"351\" src=\"https:\/\/www.comau.com\/wp-content\/uploads\/2021\/06\/Cella_Mobile-1024x351.jpg\" alt=\"\" class=\"wp-image-10183\" srcset=\"https:\/\/www.comau.com\/wp-content\/uploads\/2021\/06\/Cella_Mobile-1024x351.jpg 1024w, https:\/\/www.comau.com\/wp-content\/uploads\/2021\/06\/Cella_Mobile-300x103.jpg 300w, https:\/\/www.comau.com\/wp-content\/uploads\/2021\/06\/Cella_Mobile-768x263.jpg 768w, https:\/\/www.comau.com\/wp-content\/uploads\/2021\/06\/Cella_Mobile-1536x527.jpg 1536w, https:\/\/www.comau.com\/wp-content\/uploads\/2021\/06\/Cella_Mobile.jpg 1708w\" sizes=\"(max-width: 1024px) 100vw, 1024px\" \/><\/figure><\/div>\n","protected":false},"excerpt":{"rendered":"<p>Pr\u00e9sentation Ces formations s\u2019adressent aux techniciens professionnels, aux programmeurs de robots et d\u2019automates, aux int\u00e9grateurs syst\u00e8me et \u00e0 toutes les personnes qui souhaitent approfondir leurs connaissances du langage de programmation PDL2 et des moyens de communication en automatisation. Nos programmes de formation Programmation et int\u00e9gration avanc\u00e9es alternent de fa\u00e7on coh\u00e9rente des activit\u00e9s pratiques, des outils [&hellip;]<\/p>\n","protected":false},"author":11,"featured_media":10223,"parent":6271,"menu_order":8,"comment_status":"closed","ping_status":"closed","template":"","meta":{"_acf_changed":false,"ep_exclude_from_search":false,"footnotes":""},"class_list":["post-23277","page","type-page","status-publish","has-post-thumbnail","hentry"],"acf":[],"yoast_head":"<!-- This site is optimized with the Yoast SEO plugin v26.9 - https:\/\/yoast.com\/product\/yoast-seo-wordpress\/ -->\n<title>Cours de programmation robotique et automates | Comau<\/title>\n<meta name=\"description\" content=\"Les cours de programmation des robots Comau sont con\u00e7us pour les techniciens sp\u00e9cialis\u00e9s d\u00e9sireux d&#039;approfondir leurs connaissances.\" \/>\n<meta name=\"robots\" content=\"index, follow, max-snippet:-1, max-image-preview:large, max-video-preview:-1\" \/>\n<link rel=\"canonical\" href=\"https:\/\/www.comau.com\/fr\/competencies\/systems\/consultancy-education\/companies-professionals\/robotics-training-advanced-programming-and-integration\/\" \/>\n<meta property=\"og:locale\" content=\"fr_FR\" \/>\n<meta property=\"og:type\" content=\"article\" \/>\n<meta property=\"og:title\" content=\"Cours de programmation robotique et automates | Comau\" \/>\n<meta property=\"og:description\" content=\"Les cours de programmation des robots Comau sont con\u00e7us pour les techniciens sp\u00e9cialis\u00e9s d\u00e9sireux d&#039;approfondir leurs connaissances.\" \/>\n<meta property=\"og:url\" content=\"https:\/\/www.comau.com\/fr\/competencies\/systems\/consultancy-education\/companies-professionals\/robotics-training-advanced-programming-and-integration\/\" \/>\n<meta property=\"og:site_name\" content=\"Comau\" \/>\n<meta property=\"article:publisher\" content=\"https:\/\/www.facebook.com\/COMAU\/\" \/>\n<meta property=\"article:modified_time\" content=\"2022-02-07T11:34:46+00:00\" \/>\n<meta property=\"og:image\" content=\"https:\/\/www.comau.com\/wp-content\/uploads\/2021\/06\/header_DSC1776.png\" \/>\n\t<meta property=\"og:image:width\" content=\"1280\" \/>\n\t<meta property=\"og:image:height\" content=\"485\" \/>\n\t<meta property=\"og:image:type\" content=\"image\/png\" \/>\n<meta name=\"twitter:card\" content=\"summary_large_image\" \/>\n<meta name=\"twitter:site\" content=\"@comaugroup\" \/>\n<meta name=\"twitter:label1\" content=\"Dur\u00e9e de lecture estim\u00e9e\" \/>\n\t<meta name=\"twitter:data1\" content=\"1 minute\" \/>\n<script type=\"application\/ld+json\" class=\"yoast-schema-graph\">{\"@context\":\"https:\/\/schema.org\",\"@graph\":[{\"@type\":\"WebPage\",\"@id\":\"https:\/\/www.comau.com\/fr\/competencies\/systems\/consultancy-education\/companies-professionals\/robotics-training-advanced-programming-and-integration\/\",\"url\":\"https:\/\/www.comau.com\/fr\/competencies\/systems\/consultancy-education\/companies-professionals\/robotics-training-advanced-programming-and-integration\/\",\"name\":\"Cours de programmation robotique et automates | Comau\",\"isPartOf\":{\"@id\":\"https:\/\/www.comau.com\/fr\/#website\"},\"primaryImageOfPage\":{\"@id\":\"https:\/\/www.comau.com\/fr\/competencies\/systems\/consultancy-education\/companies-professionals\/robotics-training-advanced-programming-and-integration\/#primaryimage\"},\"image\":{\"@id\":\"https:\/\/www.comau.com\/fr\/competencies\/systems\/consultancy-education\/companies-professionals\/robotics-training-advanced-programming-and-integration\/#primaryimage\"},\"thumbnailUrl\":\"https:\/\/www.comau.com\/wp-content\/uploads\/2021\/06\/header_DSC1776.png\",\"datePublished\":\"2021-06-09T09:13:43+00:00\",\"dateModified\":\"2022-02-07T11:34:46+00:00\",\"description\":\"Les cours de programmation des robots Comau sont con\u00e7us pour les techniciens sp\u00e9cialis\u00e9s d\u00e9sireux d'approfondir leurs connaissances.\",\"breadcrumb\":{\"@id\":\"https:\/\/www.comau.com\/fr\/competencies\/systems\/consultancy-education\/companies-professionals\/robotics-training-advanced-programming-and-integration\/#breadcrumb\"},\"inLanguage\":\"fr-FR\",\"potentialAction\":[{\"@type\":\"ReadAction\",\"target\":[\"https:\/\/www.comau.com\/fr\/competencies\/systems\/consultancy-education\/companies-professionals\/robotics-training-advanced-programming-and-integration\/\"]}]},{\"@type\":\"ImageObject\",\"inLanguage\":\"fr-FR\",\"@id\":\"https:\/\/www.comau.com\/fr\/competencies\/systems\/consultancy-education\/companies-professionals\/robotics-training-advanced-programming-and-integration\/#primaryimage\",\"url\":\"https:\/\/www.comau.com\/wp-content\/uploads\/2021\/06\/header_DSC1776.png\",\"contentUrl\":\"https:\/\/www.comau.com\/wp-content\/uploads\/2021\/06\/header_DSC1776.png\",\"width\":1280,\"height\":485},{\"@type\":\"BreadcrumbList\",\"@id\":\"https:\/\/www.comau.com\/fr\/competencies\/systems\/consultancy-education\/companies-professionals\/robotics-training-advanced-programming-and-integration\/#breadcrumb\",\"itemListElement\":[{\"@type\":\"ListItem\",\"position\":1,\"name\":\"Home\",\"item\":\"https:\/\/www.comau.com\/fr\/\"},{\"@type\":\"ListItem\",\"position\":2,\"name\":\"Nos comp\u00e9tences\",\"item\":\"https:\/\/www.comau.com\/fr\/competencies\/\"},{\"@type\":\"ListItem\",\"position\":3,\"name\":\"Consultancy &amp; Education\",\"item\":\"https:\/\/www.comau.com\/fr\/competencies\/consultancy-education\/\"},{\"@type\":\"ListItem\",\"position\":4,\"name\":\"Companies &#038; Professionals\",\"item\":\"https:\/\/www.comau.com\/fr\/competencies\/consultancy-education\/companies-professionals\/\"},{\"@type\":\"ListItem\",\"position\":5,\"name\":\"Robotics Training &#8211; Advanced Programming and Integration\"}]},{\"@type\":\"WebSite\",\"@id\":\"https:\/\/www.comau.com\/fr\/#website\",\"url\":\"https:\/\/www.comau.com\/fr\/\",\"name\":\"Comau\",\"description\":\"Industrial automation and robotics\",\"publisher\":{\"@id\":\"https:\/\/www.comau.com\/fr\/#organization\"},\"potentialAction\":[{\"@type\":\"SearchAction\",\"target\":{\"@type\":\"EntryPoint\",\"urlTemplate\":\"https:\/\/www.comau.com\/fr\/?s={search_term_string}\"},\"query-input\":{\"@type\":\"PropertyValueSpecification\",\"valueRequired\":true,\"valueName\":\"search_term_string\"}}],\"inLanguage\":\"fr-FR\"},{\"@type\":\"Organization\",\"@id\":\"https:\/\/www.comau.com\/fr\/#organization\",\"name\":\"Comau\",\"url\":\"https:\/\/www.comau.com\/fr\/\",\"logo\":{\"@type\":\"ImageObject\",\"inLanguage\":\"fr-FR\",\"@id\":\"https:\/\/www.comau.com\/fr\/#\/schema\/logo\/image\/\",\"url\":\"https:\/\/www.comau.com\/wp-content\/uploads\/2024\/07\/cropped-Logo-COMAU.png\",\"contentUrl\":\"https:\/\/www.comau.com\/wp-content\/uploads\/2024\/07\/cropped-Logo-COMAU.png\",\"width\":434,\"height\":434,\"caption\":\"Comau\"},\"image\":{\"@id\":\"https:\/\/www.comau.com\/fr\/#\/schema\/logo\/image\/\"},\"sameAs\":[\"https:\/\/www.facebook.com\/COMAU\/\",\"https:\/\/x.com\/comaugroup\",\"https:\/\/www.instagram.com\/comaugroup\/\",\"https:\/\/www.linkedin.com\/company\/comau\",\"https:\/\/www.youtube.com\/user\/comau\"]}]}<\/script>\n<!-- \/ Yoast SEO plugin. -->","yoast_head_json":{"title":"Cours de programmation robotique et automates | Comau","description":"Les cours de programmation des robots Comau sont con\u00e7us pour les techniciens sp\u00e9cialis\u00e9s d\u00e9sireux d'approfondir leurs connaissances.","robots":{"index":"index","follow":"follow","max-snippet":"max-snippet:-1","max-image-preview":"max-image-preview:large","max-video-preview":"max-video-preview:-1"},"canonical":"https:\/\/www.comau.com\/fr\/competencies\/systems\/consultancy-education\/companies-professionals\/robotics-training-advanced-programming-and-integration\/","og_locale":"fr_FR","og_type":"article","og_title":"Cours de programmation robotique et automates | Comau","og_description":"Les cours de programmation des robots Comau sont con\u00e7us pour les techniciens sp\u00e9cialis\u00e9s d\u00e9sireux d'approfondir leurs connaissances.","og_url":"https:\/\/www.comau.com\/fr\/competencies\/systems\/consultancy-education\/companies-professionals\/robotics-training-advanced-programming-and-integration\/","og_site_name":"Comau","article_publisher":"https:\/\/www.facebook.com\/COMAU\/","article_modified_time":"2022-02-07T11:34:46+00:00","og_image":[{"width":1280,"height":485,"url":"https:\/\/www.comau.com\/wp-content\/uploads\/2021\/06\/header_DSC1776.png","type":"image\/png"}],"twitter_card":"summary_large_image","twitter_site":"@comaugroup","twitter_misc":{"Dur\u00e9e de lecture estim\u00e9e":"1 minute"},"schema":{"@context":"https:\/\/schema.org","@graph":[{"@type":"WebPage","@id":"https:\/\/www.comau.com\/fr\/competencies\/systems\/consultancy-education\/companies-professionals\/robotics-training-advanced-programming-and-integration\/","url":"https:\/\/www.comau.com\/fr\/competencies\/systems\/consultancy-education\/companies-professionals\/robotics-training-advanced-programming-and-integration\/","name":"Cours de programmation robotique et automates | Comau","isPartOf":{"@id":"https:\/\/www.comau.com\/fr\/#website"},"primaryImageOfPage":{"@id":"https:\/\/www.comau.com\/fr\/competencies\/systems\/consultancy-education\/companies-professionals\/robotics-training-advanced-programming-and-integration\/#primaryimage"},"image":{"@id":"https:\/\/www.comau.com\/fr\/competencies\/systems\/consultancy-education\/companies-professionals\/robotics-training-advanced-programming-and-integration\/#primaryimage"},"thumbnailUrl":"https:\/\/www.comau.com\/wp-content\/uploads\/2021\/06\/header_DSC1776.png","datePublished":"2021-06-09T09:13:43+00:00","dateModified":"2022-02-07T11:34:46+00:00","description":"Les cours de programmation des robots Comau sont con\u00e7us pour les techniciens sp\u00e9cialis\u00e9s d\u00e9sireux d'approfondir leurs connaissances.","breadcrumb":{"@id":"https:\/\/www.comau.com\/fr\/competencies\/systems\/consultancy-education\/companies-professionals\/robotics-training-advanced-programming-and-integration\/#breadcrumb"},"inLanguage":"fr-FR","potentialAction":[{"@type":"ReadAction","target":["https:\/\/www.comau.com\/fr\/competencies\/systems\/consultancy-education\/companies-professionals\/robotics-training-advanced-programming-and-integration\/"]}]},{"@type":"ImageObject","inLanguage":"fr-FR","@id":"https:\/\/www.comau.com\/fr\/competencies\/systems\/consultancy-education\/companies-professionals\/robotics-training-advanced-programming-and-integration\/#primaryimage","url":"https:\/\/www.comau.com\/wp-content\/uploads\/2021\/06\/header_DSC1776.png","contentUrl":"https:\/\/www.comau.com\/wp-content\/uploads\/2021\/06\/header_DSC1776.png","width":1280,"height":485},{"@type":"BreadcrumbList","@id":"https:\/\/www.comau.com\/fr\/competencies\/systems\/consultancy-education\/companies-professionals\/robotics-training-advanced-programming-and-integration\/#breadcrumb","itemListElement":[{"@type":"ListItem","position":1,"name":"Home","item":"https:\/\/www.comau.com\/fr\/"},{"@type":"ListItem","position":2,"name":"Nos comp\u00e9tences","item":"https:\/\/www.comau.com\/fr\/competencies\/"},{"@type":"ListItem","position":3,"name":"Consultancy &amp; Education","item":"https:\/\/www.comau.com\/fr\/competencies\/consultancy-education\/"},{"@type":"ListItem","position":4,"name":"Companies &#038; Professionals","item":"https:\/\/www.comau.com\/fr\/competencies\/consultancy-education\/companies-professionals\/"},{"@type":"ListItem","position":5,"name":"Robotics Training &#8211; Advanced Programming and Integration"}]},{"@type":"WebSite","@id":"https:\/\/www.comau.com\/fr\/#website","url":"https:\/\/www.comau.com\/fr\/","name":"Comau","description":"Industrial automation and robotics","publisher":{"@id":"https:\/\/www.comau.com\/fr\/#organization"},"potentialAction":[{"@type":"SearchAction","target":{"@type":"EntryPoint","urlTemplate":"https:\/\/www.comau.com\/fr\/?s={search_term_string}"},"query-input":{"@type":"PropertyValueSpecification","valueRequired":true,"valueName":"search_term_string"}}],"inLanguage":"fr-FR"},{"@type":"Organization","@id":"https:\/\/www.comau.com\/fr\/#organization","name":"Comau","url":"https:\/\/www.comau.com\/fr\/","logo":{"@type":"ImageObject","inLanguage":"fr-FR","@id":"https:\/\/www.comau.com\/fr\/#\/schema\/logo\/image\/","url":"https:\/\/www.comau.com\/wp-content\/uploads\/2024\/07\/cropped-Logo-COMAU.png","contentUrl":"https:\/\/www.comau.com\/wp-content\/uploads\/2024\/07\/cropped-Logo-COMAU.png","width":434,"height":434,"caption":"Comau"},"image":{"@id":"https:\/\/www.comau.com\/fr\/#\/schema\/logo\/image\/"},"sameAs":["https:\/\/www.facebook.com\/COMAU\/","https:\/\/x.com\/comaugroup","https:\/\/www.instagram.com\/comaugroup\/","https:\/\/www.linkedin.com\/company\/comau","https:\/\/www.youtube.com\/user\/comau"]}]}},"_links":{"self":[{"href":"https:\/\/www.comau.com\/fr\/wp-json\/wp\/v2\/pages\/23277","targetHints":{"allow":["GET"]}}],"collection":[{"href":"https:\/\/www.comau.com\/fr\/wp-json\/wp\/v2\/pages"}],"about":[{"href":"https:\/\/www.comau.com\/fr\/wp-json\/wp\/v2\/types\/page"}],"author":[{"embeddable":true,"href":"https:\/\/www.comau.com\/fr\/wp-json\/wp\/v2\/users\/11"}],"replies":[{"embeddable":true,"href":"https:\/\/www.comau.com\/fr\/wp-json\/wp\/v2\/comments?post=23277"}],"version-history":[{"count":14,"href":"https:\/\/www.comau.com\/fr\/wp-json\/wp\/v2\/pages\/23277\/revisions"}],"predecessor-version":[{"id":41994,"href":"https:\/\/www.comau.com\/fr\/wp-json\/wp\/v2\/pages\/23277\/revisions\/41994"}],"up":[{"embeddable":true,"href":"https:\/\/www.comau.com\/fr\/wp-json\/wp\/v2\/pages\/6271"}],"wp:featuredmedia":[{"embeddable":true,"href":"https:\/\/www.comau.com\/fr\/wp-json\/wp\/v2\/media\/10223"}],"wp:attachment":[{"href":"https:\/\/www.comau.com\/fr\/wp-json\/wp\/v2\/media?parent=23277"}],"curies":[{"name":"wp","href":"https:\/\/api.w.org\/{rel}","templated":true}]}}