{"id":23272,"date":"2021-06-09T11:44:23","date_gmt":"2021-06-09T09:44:23","guid":{"rendered":"https:\/\/www.comau.com\/?page_id=23272"},"modified":"2021-07-16T19:30:45","modified_gmt":"2021-07-16T17:30:45","slug":"master-of-science-in-innovation-and-technology-management","status":"publish","type":"page","link":"https:\/\/www.comau.com\/fr\/competencies\/systems\/consultancy-education\/young-talents\/master-of-science-in-innovation-and-technology-management\/","title":{"rendered":"Master of Science in Innovation and Technology Management"},"content":{"rendered":"\n<h2 class=\"wp-block-heading\">Pr\u00e9parez-vous \u00e0 ma\u00eetriser les innovations qui vous entourent<\/h2>\n\n<p>Obtenez un Master en sciences en Gestion de l\u2019innovation et de la technologie aupr\u00e8s de l\u2019Universit\u00e0 Cattolica de Milan tout en acqu\u00e9rant les comp\u00e9tences multidisciplinaires n\u00e9cessaires pour avoir une meilleure approche des nouveaux contextes d\u2019affaires accompagnant l\u2019industrie 4.0. <\/p>\n\n<p>Premier programme de ce type, ce master innovant d\u2019une dur\u00e9e de deux ans se focalise sur la cr\u00e9ation de comp\u00e9tences interdisciplinaires pour des \u00e9tudiants internationaux ayant suivi des parcours diff\u00e9rents comme la physique, l\u2019\u00e9conomie et la psychologie.  De plus, les \u00e9tudiants ont la possibilit\u00e9 de choisir entre deux voies d\u2019\u00e9tudes \u2013 Gestion des processus d\u2019innovation, con\u00e7u pour les \u00e9tudiants qui veulent occuper une fonction de direction dans des entreprises industrielles, de service et de conseil, ou Entreprenariat, pour les \u00e9tudiants qui r\u00eavent de devenir dirigeants ou de travailler dans une soci\u00e9t\u00e9 \u00e9mergeante ou une entreprise commerciale.   <\/p>\n\n<p>Cette initiative, qui b\u00e9n\u00e9ficie de la philosophie d\u2019apprentissage de la Comau Academy centr\u00e9e sur les personnes, associe les comp\u00e9tences m\u00e9thodologiques et analytiques avec des applications et des pratiques commerciales. <\/p>\n\n<div class=\"wp-block-image\"><figure class=\"aligncenter size-large\"><img decoding=\"async\" width=\"740\" height=\"322\" src=\"https:\/\/www.comau.com\/wp-content\/uploads\/2021\/06\/Master-of-Science-in-Innovation.jpg\" alt=\"\" class=\"wp-image-10248\" srcset=\"https:\/\/www.comau.com\/wp-content\/uploads\/2021\/06\/Master-of-Science-in-Innovation.jpg 740w, https:\/\/www.comau.com\/wp-content\/uploads\/2021\/06\/Master-of-Science-in-Innovation-300x131.jpg 300w\" sizes=\"(max-width: 740px) 100vw, 740px\" \/><\/figure><\/div>\n\n<h2 class=\"wp-block-heading\">Comp\u00e9tences cibl\u00e9es<\/h2>\n\n<p>\u200bLe Master en sciences en Gestion de l\u2019innovation et de la technologie est \u00e9labor\u00e9 pour vous aider \u00e0 d\u00e9velopper les comp\u00e9tences professionnelles et l\u2019efficacit\u00e9 communicative n\u00e9cessaires pour faire face aux nouvelles opportunit\u00e9s professionnelles dans notre \u00e9conomie de plus en plus num\u00e9rique.<\/p>\n\n<div class=\"wp-block-buttons is-layout-flex wp-block-buttons-is-layout-flex\">\n<div class=\"wp-block-button\"><a class=\"wp-block-button__link\" href=\"https:\/\/offertaformativa.unicatt.it\/cdl-innovation-and-technology-management-2018\" target=\"_blank\" rel=\"noreferrer noopener\">PLUS D\u2019INFOS<\/a><\/div>\n<\/div>\n","protected":false},"excerpt":{"rendered":"<p>Pr\u00e9parez-vous \u00e0 ma\u00eetriser les innovations qui vous entourent Obtenez un Master en sciences en Gestion de l\u2019innovation et de la technologie aupr\u00e8s de l\u2019Universit\u00e0 Cattolica de Milan tout en acqu\u00e9rant les comp\u00e9tences multidisciplinaires n\u00e9cessaires pour avoir une meilleure approche des nouveaux contextes d\u2019affaires accompagnant l\u2019industrie 4.0. Premier programme de ce type, ce master innovant d\u2019une [&hellip;]<\/p>\n","protected":false},"author":11,"featured_media":10238,"parent":6354,"menu_order":1,"comment_status":"closed","ping_status":"closed","template":"","meta":{"_acf_changed":false,"ep_exclude_from_search":false,"footnotes":""},"class_list":["post-23272","page","type-page","status-publish","has-post-thumbnail","hentry"],"acf":[],"yoast_head":"<!-- This site is optimized with the Yoast SEO plugin v26.9 - https:\/\/yoast.com\/product\/yoast-seo-wordpress\/ -->\n<title>Master of Science in Innovation and Technology Management - Comau<\/title>\n<meta name=\"robots\" content=\"index, follow, max-snippet:-1, max-image-preview:large, max-video-preview:-1\" \/>\n<link rel=\"canonical\" href=\"https:\/\/www.comau.com\/fr\/competencies\/systems\/consultancy-education\/young-talents\/master-of-science-in-innovation-and-technology-management\/\" \/>\n<meta property=\"og:locale\" content=\"fr_FR\" \/>\n<meta property=\"og:type\" content=\"article\" \/>\n<meta property=\"og:title\" content=\"Master of Science in Innovation and Technology Management - Comau\" \/>\n<meta property=\"og:description\" content=\"Pr\u00e9parez-vous \u00e0 ma\u00eetriser les innovations qui vous entourent Obtenez un Master en sciences en Gestion de l\u2019innovation et de la technologie aupr\u00e8s de l\u2019Universit\u00e0 Cattolica de Milan tout en acqu\u00e9rant les comp\u00e9tences multidisciplinaires n\u00e9cessaires pour avoir une meilleure approche des nouveaux contextes d\u2019affaires accompagnant l\u2019industrie 4.0. Premier programme de ce type, ce master innovant d\u2019une [&hellip;]\" \/>\n<meta property=\"og:url\" content=\"https:\/\/www.comau.com\/fr\/competencies\/systems\/consultancy-education\/young-talents\/master-of-science-in-innovation-and-technology-management\/\" \/>\n<meta property=\"og:site_name\" content=\"Comau\" \/>\n<meta property=\"article:publisher\" content=\"https:\/\/www.facebook.com\/COMAU\/\" \/>\n<meta property=\"article:modified_time\" content=\"2021-07-16T17:30:45+00:00\" \/>\n<meta property=\"og:image\" content=\"https:\/\/www.comau.com\/wp-content\/uploads\/2021\/06\/ppm-school_header.jpg\" \/>\n\t<meta property=\"og:image:width\" content=\"1280\" \/>\n\t<meta property=\"og:image:height\" content=\"485\" \/>\n\t<meta property=\"og:image:type\" content=\"image\/jpeg\" \/>\n<meta name=\"twitter:card\" content=\"summary_large_image\" \/>\n<meta name=\"twitter:site\" content=\"@comaugroup\" \/>\n<meta name=\"twitter:label1\" content=\"Dur\u00e9e de lecture estim\u00e9e\" \/>\n\t<meta name=\"twitter:data1\" content=\"1 minute\" \/>\n<script type=\"application\/ld+json\" class=\"yoast-schema-graph\">{\"@context\":\"https:\/\/schema.org\",\"@graph\":[{\"@type\":\"WebPage\",\"@id\":\"https:\/\/www.comau.com\/fr\/competencies\/systems\/consultancy-education\/young-talents\/master-of-science-in-innovation-and-technology-management\/\",\"url\":\"https:\/\/www.comau.com\/fr\/competencies\/systems\/consultancy-education\/young-talents\/master-of-science-in-innovation-and-technology-management\/\",\"name\":\"Master of Science in Innovation and Technology Management - Comau\",\"isPartOf\":{\"@id\":\"https:\/\/www.comau.com\/fr\/#website\"},\"primaryImageOfPage\":{\"@id\":\"https:\/\/www.comau.com\/fr\/competencies\/systems\/consultancy-education\/young-talents\/master-of-science-in-innovation-and-technology-management\/#primaryimage\"},\"image\":{\"@id\":\"https:\/\/www.comau.com\/fr\/competencies\/systems\/consultancy-education\/young-talents\/master-of-science-in-innovation-and-technology-management\/#primaryimage\"},\"thumbnailUrl\":\"https:\/\/www.comau.com\/wp-content\/uploads\/2021\/06\/ppm-school_header.jpg\",\"datePublished\":\"2021-06-09T09:44:23+00:00\",\"dateModified\":\"2021-07-16T17:30:45+00:00\",\"breadcrumb\":{\"@id\":\"https:\/\/www.comau.com\/fr\/competencies\/systems\/consultancy-education\/young-talents\/master-of-science-in-innovation-and-technology-management\/#breadcrumb\"},\"inLanguage\":\"fr-FR\",\"potentialAction\":[{\"@type\":\"ReadAction\",\"target\":[\"https:\/\/www.comau.com\/fr\/competencies\/systems\/consultancy-education\/young-talents\/master-of-science-in-innovation-and-technology-management\/\"]}]},{\"@type\":\"ImageObject\",\"inLanguage\":\"fr-FR\",\"@id\":\"https:\/\/www.comau.com\/fr\/competencies\/systems\/consultancy-education\/young-talents\/master-of-science-in-innovation-and-technology-management\/#primaryimage\",\"url\":\"https:\/\/www.comau.com\/wp-content\/uploads\/2021\/06\/ppm-school_header.jpg\",\"contentUrl\":\"https:\/\/www.comau.com\/wp-content\/uploads\/2021\/06\/ppm-school_header.jpg\",\"width\":1280,\"height\":485},{\"@type\":\"BreadcrumbList\",\"@id\":\"https:\/\/www.comau.com\/fr\/competencies\/systems\/consultancy-education\/young-talents\/master-of-science-in-innovation-and-technology-management\/#breadcrumb\",\"itemListElement\":[{\"@type\":\"ListItem\",\"position\":1,\"name\":\"Home\",\"item\":\"https:\/\/www.comau.com\/fr\/\"},{\"@type\":\"ListItem\",\"position\":2,\"name\":\"Nos comp\u00e9tences\",\"item\":\"https:\/\/www.comau.com\/fr\/competencies\/\"},{\"@type\":\"ListItem\",\"position\":3,\"name\":\"Consultancy &amp; Education\",\"item\":\"https:\/\/www.comau.com\/fr\/competencies\/consultancy-education\/\"},{\"@type\":\"ListItem\",\"position\":4,\"name\":\"Academy pour les jeunes talents\",\"item\":\"https:\/\/www.comau.com\/fr\/competencies\/consultancy-education\/young-talents\/\"},{\"@type\":\"ListItem\",\"position\":5,\"name\":\"Master of Science in Innovation and Technology Management\"}]},{\"@type\":\"WebSite\",\"@id\":\"https:\/\/www.comau.com\/fr\/#website\",\"url\":\"https:\/\/www.comau.com\/fr\/\",\"name\":\"Comau\",\"description\":\"Industrial automation and robotics\",\"publisher\":{\"@id\":\"https:\/\/www.comau.com\/fr\/#organization\"},\"potentialAction\":[{\"@type\":\"SearchAction\",\"target\":{\"@type\":\"EntryPoint\",\"urlTemplate\":\"https:\/\/www.comau.com\/fr\/?s={search_term_string}\"},\"query-input\":{\"@type\":\"PropertyValueSpecification\",\"valueRequired\":true,\"valueName\":\"search_term_string\"}}],\"inLanguage\":\"fr-FR\"},{\"@type\":\"Organization\",\"@id\":\"https:\/\/www.comau.com\/fr\/#organization\",\"name\":\"Comau\",\"url\":\"https:\/\/www.comau.com\/fr\/\",\"logo\":{\"@type\":\"ImageObject\",\"inLanguage\":\"fr-FR\",\"@id\":\"https:\/\/www.comau.com\/fr\/#\/schema\/logo\/image\/\",\"url\":\"https:\/\/www.comau.com\/wp-content\/uploads\/2024\/07\/cropped-Logo-COMAU.png\",\"contentUrl\":\"https:\/\/www.comau.com\/wp-content\/uploads\/2024\/07\/cropped-Logo-COMAU.png\",\"width\":434,\"height\":434,\"caption\":\"Comau\"},\"image\":{\"@id\":\"https:\/\/www.comau.com\/fr\/#\/schema\/logo\/image\/\"},\"sameAs\":[\"https:\/\/www.facebook.com\/COMAU\/\",\"https:\/\/x.com\/comaugroup\",\"https:\/\/www.instagram.com\/comaugroup\/\",\"https:\/\/www.linkedin.com\/company\/comau\",\"https:\/\/www.youtube.com\/user\/comau\"]}]}<\/script>\n<!-- \/ Yoast SEO plugin. -->","yoast_head_json":{"title":"Master of Science in Innovation and Technology Management - Comau","robots":{"index":"index","follow":"follow","max-snippet":"max-snippet:-1","max-image-preview":"max-image-preview:large","max-video-preview":"max-video-preview:-1"},"canonical":"https:\/\/www.comau.com\/fr\/competencies\/systems\/consultancy-education\/young-talents\/master-of-science-in-innovation-and-technology-management\/","og_locale":"fr_FR","og_type":"article","og_title":"Master of Science in Innovation and Technology Management - Comau","og_description":"Pr\u00e9parez-vous \u00e0 ma\u00eetriser les innovations qui vous entourent Obtenez un Master en sciences en Gestion de l\u2019innovation et de la technologie aupr\u00e8s de l\u2019Universit\u00e0 Cattolica de Milan tout en acqu\u00e9rant les comp\u00e9tences multidisciplinaires n\u00e9cessaires pour avoir une meilleure approche des nouveaux contextes d\u2019affaires accompagnant l\u2019industrie 4.0. Premier programme de ce type, ce master innovant d\u2019une [&hellip;]","og_url":"https:\/\/www.comau.com\/fr\/competencies\/systems\/consultancy-education\/young-talents\/master-of-science-in-innovation-and-technology-management\/","og_site_name":"Comau","article_publisher":"https:\/\/www.facebook.com\/COMAU\/","article_modified_time":"2021-07-16T17:30:45+00:00","og_image":[{"width":1280,"height":485,"url":"https:\/\/www.comau.com\/wp-content\/uploads\/2021\/06\/ppm-school_header.jpg","type":"image\/jpeg"}],"twitter_card":"summary_large_image","twitter_site":"@comaugroup","twitter_misc":{"Dur\u00e9e de lecture estim\u00e9e":"1 minute"},"schema":{"@context":"https:\/\/schema.org","@graph":[{"@type":"WebPage","@id":"https:\/\/www.comau.com\/fr\/competencies\/systems\/consultancy-education\/young-talents\/master-of-science-in-innovation-and-technology-management\/","url":"https:\/\/www.comau.com\/fr\/competencies\/systems\/consultancy-education\/young-talents\/master-of-science-in-innovation-and-technology-management\/","name":"Master of Science in Innovation and Technology Management - Comau","isPartOf":{"@id":"https:\/\/www.comau.com\/fr\/#website"},"primaryImageOfPage":{"@id":"https:\/\/www.comau.com\/fr\/competencies\/systems\/consultancy-education\/young-talents\/master-of-science-in-innovation-and-technology-management\/#primaryimage"},"image":{"@id":"https:\/\/www.comau.com\/fr\/competencies\/systems\/consultancy-education\/young-talents\/master-of-science-in-innovation-and-technology-management\/#primaryimage"},"thumbnailUrl":"https:\/\/www.comau.com\/wp-content\/uploads\/2021\/06\/ppm-school_header.jpg","datePublished":"2021-06-09T09:44:23+00:00","dateModified":"2021-07-16T17:30:45+00:00","breadcrumb":{"@id":"https:\/\/www.comau.com\/fr\/competencies\/systems\/consultancy-education\/young-talents\/master-of-science-in-innovation-and-technology-management\/#breadcrumb"},"inLanguage":"fr-FR","potentialAction":[{"@type":"ReadAction","target":["https:\/\/www.comau.com\/fr\/competencies\/systems\/consultancy-education\/young-talents\/master-of-science-in-innovation-and-technology-management\/"]}]},{"@type":"ImageObject","inLanguage":"fr-FR","@id":"https:\/\/www.comau.com\/fr\/competencies\/systems\/consultancy-education\/young-talents\/master-of-science-in-innovation-and-technology-management\/#primaryimage","url":"https:\/\/www.comau.com\/wp-content\/uploads\/2021\/06\/ppm-school_header.jpg","contentUrl":"https:\/\/www.comau.com\/wp-content\/uploads\/2021\/06\/ppm-school_header.jpg","width":1280,"height":485},{"@type":"BreadcrumbList","@id":"https:\/\/www.comau.com\/fr\/competencies\/systems\/consultancy-education\/young-talents\/master-of-science-in-innovation-and-technology-management\/#breadcrumb","itemListElement":[{"@type":"ListItem","position":1,"name":"Home","item":"https:\/\/www.comau.com\/fr\/"},{"@type":"ListItem","position":2,"name":"Nos comp\u00e9tences","item":"https:\/\/www.comau.com\/fr\/competencies\/"},{"@type":"ListItem","position":3,"name":"Consultancy &amp; Education","item":"https:\/\/www.comau.com\/fr\/competencies\/consultancy-education\/"},{"@type":"ListItem","position":4,"name":"Academy pour les jeunes talents","item":"https:\/\/www.comau.com\/fr\/competencies\/consultancy-education\/young-talents\/"},{"@type":"ListItem","position":5,"name":"Master of Science in Innovation and Technology Management"}]},{"@type":"WebSite","@id":"https:\/\/www.comau.com\/fr\/#website","url":"https:\/\/www.comau.com\/fr\/","name":"Comau","description":"Industrial automation and robotics","publisher":{"@id":"https:\/\/www.comau.com\/fr\/#organization"},"potentialAction":[{"@type":"SearchAction","target":{"@type":"EntryPoint","urlTemplate":"https:\/\/www.comau.com\/fr\/?s={search_term_string}"},"query-input":{"@type":"PropertyValueSpecification","valueRequired":true,"valueName":"search_term_string"}}],"inLanguage":"fr-FR"},{"@type":"Organization","@id":"https:\/\/www.comau.com\/fr\/#organization","name":"Comau","url":"https:\/\/www.comau.com\/fr\/","logo":{"@type":"ImageObject","inLanguage":"fr-FR","@id":"https:\/\/www.comau.com\/fr\/#\/schema\/logo\/image\/","url":"https:\/\/www.comau.com\/wp-content\/uploads\/2024\/07\/cropped-Logo-COMAU.png","contentUrl":"https:\/\/www.comau.com\/wp-content\/uploads\/2024\/07\/cropped-Logo-COMAU.png","width":434,"height":434,"caption":"Comau"},"image":{"@id":"https:\/\/www.comau.com\/fr\/#\/schema\/logo\/image\/"},"sameAs":["https:\/\/www.facebook.com\/COMAU\/","https:\/\/x.com\/comaugroup","https:\/\/www.instagram.com\/comaugroup\/","https:\/\/www.linkedin.com\/company\/comau","https:\/\/www.youtube.com\/user\/comau"]}]}},"_links":{"self":[{"href":"https:\/\/www.comau.com\/fr\/wp-json\/wp\/v2\/pages\/23272","targetHints":{"allow":["GET"]}}],"collection":[{"href":"https:\/\/www.comau.com\/fr\/wp-json\/wp\/v2\/pages"}],"about":[{"href":"https:\/\/www.comau.com\/fr\/wp-json\/wp\/v2\/types\/page"}],"author":[{"embeddable":true,"href":"https:\/\/www.comau.com\/fr\/wp-json\/wp\/v2\/users\/11"}],"replies":[{"embeddable":true,"href":"https:\/\/www.comau.com\/fr\/wp-json\/wp\/v2\/comments?post=23272"}],"version-history":[{"count":8,"href":"https:\/\/www.comau.com\/fr\/wp-json\/wp\/v2\/pages\/23272\/revisions"}],"predecessor-version":[{"id":24635,"href":"https:\/\/www.comau.com\/fr\/wp-json\/wp\/v2\/pages\/23272\/revisions\/24635"}],"up":[{"embeddable":true,"href":"https:\/\/www.comau.com\/fr\/wp-json\/wp\/v2\/pages\/6354"}],"wp:featuredmedia":[{"embeddable":true,"href":"https:\/\/www.comau.com\/fr\/wp-json\/wp\/v2\/media\/10238"}],"wp:attachment":[{"href":"https:\/\/www.comau.com\/fr\/wp-json\/wp\/v2\/media?parent=23272"}],"curies":[{"name":"wp","href":"https:\/\/api.w.org\/{rel}","templated":true}]}}