{"id":23267,"date":"2021-06-09T11:44:36","date_gmt":"2021-06-09T09:44:36","guid":{"rendered":"https:\/\/www.comau.com\/?page_id=23267"},"modified":"2022-10-19T11:06:38","modified_gmt":"2022-10-19T09:06:38","slug":"ready-to-work-one-day-work-experience","status":"publish","type":"page","link":"https:\/\/www.comau.com\/fr\/competencies\/systems\/consultancy-education\/young-talents\/ready-to-work-one-day-work-experience\/","title":{"rendered":"Ready to work: One day Work experience"},"content":{"rendered":"\n<h2 class=\"wp-block-heading\">Une journ\u00e9e. Immersion totale. La m\u00e9thode Comau.<\/h2>\n\n\n\n<p>\u200bNotre engagement d\u2019<strong>aider les jeunes talents<\/strong> \u00e0 se pr\u00e9parer aux opportunit\u00e9s offertes par le march\u00e9 mondial en constante \u00e9volution d\u2019aujourd\u2019hui se traduit par des programmes de pr\u00e9sence d\u2019une journ\u00e9e compl\u00e8te sur site pour les \u00e9tudiants des \u00e9coles sup\u00e9rieures et des universit\u00e9s dans le but de d\u00e9couvrir des comp\u00e9tences et de motiver les candidats potentiels.<\/p>\n\n\n\n<h2 class=\"wp-block-heading\" id=\"sticky-0\">Pr\u00eat \u00e0 travailler<\/h2>\n\n\n\n<p>En collaboration avec le Politecnico de Turin, Comau Academy encourage de petits groupes d\u2019\u00e9tudiants ing\u00e9nieurs \u00e0 s\u2019immerger dans une r\u00e9alit\u00e9 industrielle pendant une journ\u00e9e enti\u00e8re de formation interpersonnelle<\/p>\n\n\n\n<p>\u00c0 travers des projets de groupe, des concours et des d\u00e9fis personnels, les jeunes ing\u00e9nieurs exp\u00e9rimentent pour la premi\u00e8re fois l\u2019importance du travail d\u2019\u00e9quipe et des styles d\u2019organisation dans la cr\u00e9ation d\u2019excellence. En exploitant des comp\u00e9tences qui ne sont pas faciles \u00e0 enseigner en classe, ce projet unique encourage les \u00e9tudiants \u00e0 donner le meilleur d\u2019eux-m\u00eames et inclut un feedback et une \u00e9valuation objectifs par des intervenants professionnels<\/p>\n\n\n\n<h2 class=\"wp-block-heading\" id=\"sticky-1\">Une journ\u00e9e \u2013 Exp\u00e9rience de l\u2019entreprise<\/h2>\n\n\n\n<p>Venez passer une journ\u00e9e avec nous pour d\u00e9couvrir comment l\u2019innovation est cr\u00e9\u00e9e dans une entreprise multinationale comme Comau. Notre exp\u00e9rience de l\u2019entreprise en une journ\u00e9e met les jeunes talents en contact avec l\u2019environnement professionnel r\u00e9el pour les aider \u00e0 comprendre la nature \u00e9volutive de la transformation num\u00e9rique. <\/p>\n\n\n\n<p>\u00c0 travers un m\u00e9lange de formation en classe et de simulations interactives, les \u00e9tudiants apprennent d\u2019abord les m\u00e9thodes de travail d\u2019une entreprise mondiale, puis finissent par g\u00e9rer un processus de production r\u00e9el. \u00c0 la fin de la journ\u00e9e, les professionnels de Comau fournissent un feedback d\u00e9taill\u00e9 sur les projets, notamment les forces et les opportunit\u00e9s d\u2019am\u00e9lioration. Cette formation est une formidable mani\u00e8re de voir les processus concrets de transformation et d\u2019innovation, et elle souligne l\u2019importance de cr\u00e9er des liens strat\u00e9giques entre les \u00e9tablissements de formation et le monde professionnel.<\/p>\n\n\n<div class=\"wp-block-image\">\n<figure class=\"aligncenter size-large\"><img decoding=\"async\" width=\"1024\" height=\"348\" src=\"https:\/\/www.comau.com\/wp-content\/uploads\/2021\/06\/1-1-1024x348.jpg\" alt=\"\" class=\"wp-image-1224\" srcset=\"https:\/\/www.comau.com\/wp-content\/uploads\/2021\/06\/1-1-1024x348.jpg 1024w, https:\/\/www.comau.com\/wp-content\/uploads\/2021\/06\/1-1-300x102.jpg 300w, https:\/\/www.comau.com\/wp-content\/uploads\/2021\/06\/1-1-768x261.jpg 768w, https:\/\/www.comau.com\/wp-content\/uploads\/2021\/06\/1-1.jpg 1179w\" sizes=\"(max-width: 1024px) 100vw, 1024px\" \/><\/figure>\n<\/div>","protected":false},"excerpt":{"rendered":"<p>Une journ\u00e9e. Immersion totale. La m\u00e9thode Comau. \u200bNotre engagement d\u2019aider les jeunes talents \u00e0 se pr\u00e9parer aux opportunit\u00e9s offertes par le march\u00e9 mondial en constante \u00e9volution d\u2019aujourd\u2019hui se traduit par des programmes de pr\u00e9sence d\u2019une journ\u00e9e compl\u00e8te sur site pour les \u00e9tudiants des \u00e9coles sup\u00e9rieures et des universit\u00e9s dans le but de d\u00e9couvrir des comp\u00e9tences [&hellip;]<\/p>\n","protected":false},"author":11,"featured_media":10243,"parent":6354,"menu_order":1,"comment_status":"closed","ping_status":"closed","template":"","meta":{"_acf_changed":false,"ep_exclude_from_search":false,"footnotes":""},"class_list":["post-23267","page","type-page","status-publish","has-post-thumbnail","hentry"],"acf":[],"yoast_head":"<!-- This site is optimized with the Yoast SEO plugin v26.9 - https:\/\/yoast.com\/product\/yoast-seo-wordpress\/ -->\n<title>Ready to work: One day Work experience - Comau<\/title>\n<meta name=\"robots\" content=\"index, follow, max-snippet:-1, max-image-preview:large, max-video-preview:-1\" \/>\n<link rel=\"canonical\" href=\"https:\/\/www.comau.com\/fr\/competencies\/systems\/consultancy-education\/young-talents\/ready-to-work-one-day-work-experience\/\" \/>\n<meta property=\"og:locale\" content=\"fr_FR\" \/>\n<meta property=\"og:type\" content=\"article\" \/>\n<meta property=\"og:title\" content=\"Ready to work: One day Work experience - Comau\" \/>\n<meta property=\"og:description\" content=\"Une journ\u00e9e. Immersion totale. La m\u00e9thode Comau. \u200bNotre engagement d\u2019aider les jeunes talents \u00e0 se pr\u00e9parer aux opportunit\u00e9s offertes par le march\u00e9 mondial en constante \u00e9volution d\u2019aujourd\u2019hui se traduit par des programmes de pr\u00e9sence d\u2019une journ\u00e9e compl\u00e8te sur site pour les \u00e9tudiants des \u00e9coles sup\u00e9rieures et des universit\u00e9s dans le but de d\u00e9couvrir des comp\u00e9tences [&hellip;]\" \/>\n<meta property=\"og:url\" content=\"https:\/\/www.comau.com\/fr\/competencies\/systems\/consultancy-education\/young-talents\/ready-to-work-one-day-work-experience\/\" \/>\n<meta property=\"og:site_name\" content=\"Comau\" \/>\n<meta property=\"article:publisher\" content=\"https:\/\/www.facebook.com\/COMAU\/\" \/>\n<meta property=\"article:modified_time\" content=\"2022-10-19T09:06:38+00:00\" \/>\n<meta property=\"og:image\" content=\"https:\/\/www.comau.com\/wp-content\/uploads\/2021\/06\/One-Day-Company-Experience_header.jpg\" \/>\n\t<meta property=\"og:image:width\" content=\"1280\" \/>\n\t<meta property=\"og:image:height\" content=\"485\" \/>\n\t<meta property=\"og:image:type\" content=\"image\/jpeg\" \/>\n<meta name=\"twitter:card\" content=\"summary_large_image\" \/>\n<meta name=\"twitter:site\" content=\"@comaugroup\" \/>\n<meta name=\"twitter:label1\" content=\"Dur\u00e9e de lecture estim\u00e9e\" \/>\n\t<meta name=\"twitter:data1\" content=\"2 minutes\" \/>\n<script type=\"application\/ld+json\" class=\"yoast-schema-graph\">{\"@context\":\"https:\/\/schema.org\",\"@graph\":[{\"@type\":\"WebPage\",\"@id\":\"https:\/\/www.comau.com\/fr\/competencies\/systems\/consultancy-education\/young-talents\/ready-to-work-one-day-work-experience\/\",\"url\":\"https:\/\/www.comau.com\/fr\/competencies\/systems\/consultancy-education\/young-talents\/ready-to-work-one-day-work-experience\/\",\"name\":\"Ready to work: One day Work experience - Comau\",\"isPartOf\":{\"@id\":\"https:\/\/www.comau.com\/fr\/#website\"},\"primaryImageOfPage\":{\"@id\":\"https:\/\/www.comau.com\/fr\/competencies\/systems\/consultancy-education\/young-talents\/ready-to-work-one-day-work-experience\/#primaryimage\"},\"image\":{\"@id\":\"https:\/\/www.comau.com\/fr\/competencies\/systems\/consultancy-education\/young-talents\/ready-to-work-one-day-work-experience\/#primaryimage\"},\"thumbnailUrl\":\"https:\/\/www.comau.com\/wp-content\/uploads\/2021\/06\/One-Day-Company-Experience_header.jpg\",\"datePublished\":\"2021-06-09T09:44:36+00:00\",\"dateModified\":\"2022-10-19T09:06:38+00:00\",\"breadcrumb\":{\"@id\":\"https:\/\/www.comau.com\/fr\/competencies\/systems\/consultancy-education\/young-talents\/ready-to-work-one-day-work-experience\/#breadcrumb\"},\"inLanguage\":\"fr-FR\",\"potentialAction\":[{\"@type\":\"ReadAction\",\"target\":[\"https:\/\/www.comau.com\/fr\/competencies\/systems\/consultancy-education\/young-talents\/ready-to-work-one-day-work-experience\/\"]}]},{\"@type\":\"ImageObject\",\"inLanguage\":\"fr-FR\",\"@id\":\"https:\/\/www.comau.com\/fr\/competencies\/systems\/consultancy-education\/young-talents\/ready-to-work-one-day-work-experience\/#primaryimage\",\"url\":\"https:\/\/www.comau.com\/wp-content\/uploads\/2021\/06\/One-Day-Company-Experience_header.jpg\",\"contentUrl\":\"https:\/\/www.comau.com\/wp-content\/uploads\/2021\/06\/One-Day-Company-Experience_header.jpg\",\"width\":1280,\"height\":485},{\"@type\":\"BreadcrumbList\",\"@id\":\"https:\/\/www.comau.com\/fr\/competencies\/systems\/consultancy-education\/young-talents\/ready-to-work-one-day-work-experience\/#breadcrumb\",\"itemListElement\":[{\"@type\":\"ListItem\",\"position\":1,\"name\":\"Home\",\"item\":\"https:\/\/www.comau.com\/fr\/\"},{\"@type\":\"ListItem\",\"position\":2,\"name\":\"Nos comp\u00e9tences\",\"item\":\"https:\/\/www.comau.com\/fr\/competencies\/\"},{\"@type\":\"ListItem\",\"position\":3,\"name\":\"Consultancy &amp; Education\",\"item\":\"https:\/\/www.comau.com\/fr\/competencies\/consultancy-education\/\"},{\"@type\":\"ListItem\",\"position\":4,\"name\":\"Academy pour les jeunes talents\",\"item\":\"https:\/\/www.comau.com\/fr\/competencies\/consultancy-education\/young-talents\/\"},{\"@type\":\"ListItem\",\"position\":5,\"name\":\"Ready to work: One day Work experience\"}]},{\"@type\":\"WebSite\",\"@id\":\"https:\/\/www.comau.com\/fr\/#website\",\"url\":\"https:\/\/www.comau.com\/fr\/\",\"name\":\"Comau\",\"description\":\"Industrial automation and robotics\",\"publisher\":{\"@id\":\"https:\/\/www.comau.com\/fr\/#organization\"},\"potentialAction\":[{\"@type\":\"SearchAction\",\"target\":{\"@type\":\"EntryPoint\",\"urlTemplate\":\"https:\/\/www.comau.com\/fr\/?s={search_term_string}\"},\"query-input\":{\"@type\":\"PropertyValueSpecification\",\"valueRequired\":true,\"valueName\":\"search_term_string\"}}],\"inLanguage\":\"fr-FR\"},{\"@type\":\"Organization\",\"@id\":\"https:\/\/www.comau.com\/fr\/#organization\",\"name\":\"Comau\",\"url\":\"https:\/\/www.comau.com\/fr\/\",\"logo\":{\"@type\":\"ImageObject\",\"inLanguage\":\"fr-FR\",\"@id\":\"https:\/\/www.comau.com\/fr\/#\/schema\/logo\/image\/\",\"url\":\"https:\/\/www.comau.com\/wp-content\/uploads\/2024\/07\/cropped-Logo-COMAU.png\",\"contentUrl\":\"https:\/\/www.comau.com\/wp-content\/uploads\/2024\/07\/cropped-Logo-COMAU.png\",\"width\":434,\"height\":434,\"caption\":\"Comau\"},\"image\":{\"@id\":\"https:\/\/www.comau.com\/fr\/#\/schema\/logo\/image\/\"},\"sameAs\":[\"https:\/\/www.facebook.com\/COMAU\/\",\"https:\/\/x.com\/comaugroup\",\"https:\/\/www.instagram.com\/comaugroup\/\",\"https:\/\/www.linkedin.com\/company\/comau\",\"https:\/\/www.youtube.com\/user\/comau\"]}]}<\/script>\n<!-- \/ Yoast SEO plugin. -->","yoast_head_json":{"title":"Ready to work: One day Work experience - Comau","robots":{"index":"index","follow":"follow","max-snippet":"max-snippet:-1","max-image-preview":"max-image-preview:large","max-video-preview":"max-video-preview:-1"},"canonical":"https:\/\/www.comau.com\/fr\/competencies\/systems\/consultancy-education\/young-talents\/ready-to-work-one-day-work-experience\/","og_locale":"fr_FR","og_type":"article","og_title":"Ready to work: One day Work experience - Comau","og_description":"Une journ\u00e9e. Immersion totale. La m\u00e9thode Comau. \u200bNotre engagement d\u2019aider les jeunes talents \u00e0 se pr\u00e9parer aux opportunit\u00e9s offertes par le march\u00e9 mondial en constante \u00e9volution d\u2019aujourd\u2019hui se traduit par des programmes de pr\u00e9sence d\u2019une journ\u00e9e compl\u00e8te sur site pour les \u00e9tudiants des \u00e9coles sup\u00e9rieures et des universit\u00e9s dans le but de d\u00e9couvrir des comp\u00e9tences [&hellip;]","og_url":"https:\/\/www.comau.com\/fr\/competencies\/systems\/consultancy-education\/young-talents\/ready-to-work-one-day-work-experience\/","og_site_name":"Comau","article_publisher":"https:\/\/www.facebook.com\/COMAU\/","article_modified_time":"2022-10-19T09:06:38+00:00","og_image":[{"width":1280,"height":485,"url":"https:\/\/www.comau.com\/wp-content\/uploads\/2021\/06\/One-Day-Company-Experience_header.jpg","type":"image\/jpeg"}],"twitter_card":"summary_large_image","twitter_site":"@comaugroup","twitter_misc":{"Dur\u00e9e de lecture estim\u00e9e":"2 minutes"},"schema":{"@context":"https:\/\/schema.org","@graph":[{"@type":"WebPage","@id":"https:\/\/www.comau.com\/fr\/competencies\/systems\/consultancy-education\/young-talents\/ready-to-work-one-day-work-experience\/","url":"https:\/\/www.comau.com\/fr\/competencies\/systems\/consultancy-education\/young-talents\/ready-to-work-one-day-work-experience\/","name":"Ready to work: One day Work experience - Comau","isPartOf":{"@id":"https:\/\/www.comau.com\/fr\/#website"},"primaryImageOfPage":{"@id":"https:\/\/www.comau.com\/fr\/competencies\/systems\/consultancy-education\/young-talents\/ready-to-work-one-day-work-experience\/#primaryimage"},"image":{"@id":"https:\/\/www.comau.com\/fr\/competencies\/systems\/consultancy-education\/young-talents\/ready-to-work-one-day-work-experience\/#primaryimage"},"thumbnailUrl":"https:\/\/www.comau.com\/wp-content\/uploads\/2021\/06\/One-Day-Company-Experience_header.jpg","datePublished":"2021-06-09T09:44:36+00:00","dateModified":"2022-10-19T09:06:38+00:00","breadcrumb":{"@id":"https:\/\/www.comau.com\/fr\/competencies\/systems\/consultancy-education\/young-talents\/ready-to-work-one-day-work-experience\/#breadcrumb"},"inLanguage":"fr-FR","potentialAction":[{"@type":"ReadAction","target":["https:\/\/www.comau.com\/fr\/competencies\/systems\/consultancy-education\/young-talents\/ready-to-work-one-day-work-experience\/"]}]},{"@type":"ImageObject","inLanguage":"fr-FR","@id":"https:\/\/www.comau.com\/fr\/competencies\/systems\/consultancy-education\/young-talents\/ready-to-work-one-day-work-experience\/#primaryimage","url":"https:\/\/www.comau.com\/wp-content\/uploads\/2021\/06\/One-Day-Company-Experience_header.jpg","contentUrl":"https:\/\/www.comau.com\/wp-content\/uploads\/2021\/06\/One-Day-Company-Experience_header.jpg","width":1280,"height":485},{"@type":"BreadcrumbList","@id":"https:\/\/www.comau.com\/fr\/competencies\/systems\/consultancy-education\/young-talents\/ready-to-work-one-day-work-experience\/#breadcrumb","itemListElement":[{"@type":"ListItem","position":1,"name":"Home","item":"https:\/\/www.comau.com\/fr\/"},{"@type":"ListItem","position":2,"name":"Nos comp\u00e9tences","item":"https:\/\/www.comau.com\/fr\/competencies\/"},{"@type":"ListItem","position":3,"name":"Consultancy &amp; Education","item":"https:\/\/www.comau.com\/fr\/competencies\/consultancy-education\/"},{"@type":"ListItem","position":4,"name":"Academy pour les jeunes talents","item":"https:\/\/www.comau.com\/fr\/competencies\/consultancy-education\/young-talents\/"},{"@type":"ListItem","position":5,"name":"Ready to work: One day Work experience"}]},{"@type":"WebSite","@id":"https:\/\/www.comau.com\/fr\/#website","url":"https:\/\/www.comau.com\/fr\/","name":"Comau","description":"Industrial automation and robotics","publisher":{"@id":"https:\/\/www.comau.com\/fr\/#organization"},"potentialAction":[{"@type":"SearchAction","target":{"@type":"EntryPoint","urlTemplate":"https:\/\/www.comau.com\/fr\/?s={search_term_string}"},"query-input":{"@type":"PropertyValueSpecification","valueRequired":true,"valueName":"search_term_string"}}],"inLanguage":"fr-FR"},{"@type":"Organization","@id":"https:\/\/www.comau.com\/fr\/#organization","name":"Comau","url":"https:\/\/www.comau.com\/fr\/","logo":{"@type":"ImageObject","inLanguage":"fr-FR","@id":"https:\/\/www.comau.com\/fr\/#\/schema\/logo\/image\/","url":"https:\/\/www.comau.com\/wp-content\/uploads\/2024\/07\/cropped-Logo-COMAU.png","contentUrl":"https:\/\/www.comau.com\/wp-content\/uploads\/2024\/07\/cropped-Logo-COMAU.png","width":434,"height":434,"caption":"Comau"},"image":{"@id":"https:\/\/www.comau.com\/fr\/#\/schema\/logo\/image\/"},"sameAs":["https:\/\/www.facebook.com\/COMAU\/","https:\/\/x.com\/comaugroup","https:\/\/www.instagram.com\/comaugroup\/","https:\/\/www.linkedin.com\/company\/comau","https:\/\/www.youtube.com\/user\/comau"]}]}},"_links":{"self":[{"href":"https:\/\/www.comau.com\/fr\/wp-json\/wp\/v2\/pages\/23267","targetHints":{"allow":["GET"]}}],"collection":[{"href":"https:\/\/www.comau.com\/fr\/wp-json\/wp\/v2\/pages"}],"about":[{"href":"https:\/\/www.comau.com\/fr\/wp-json\/wp\/v2\/types\/page"}],"author":[{"embeddable":true,"href":"https:\/\/www.comau.com\/fr\/wp-json\/wp\/v2\/users\/11"}],"replies":[{"embeddable":true,"href":"https:\/\/www.comau.com\/fr\/wp-json\/wp\/v2\/comments?post=23267"}],"version-history":[{"count":11,"href":"https:\/\/www.comau.com\/fr\/wp-json\/wp\/v2\/pages\/23267\/revisions"}],"predecessor-version":[{"id":48486,"href":"https:\/\/www.comau.com\/fr\/wp-json\/wp\/v2\/pages\/23267\/revisions\/48486"}],"up":[{"embeddable":true,"href":"https:\/\/www.comau.com\/fr\/wp-json\/wp\/v2\/pages\/6354"}],"wp:featuredmedia":[{"embeddable":true,"href":"https:\/\/www.comau.com\/fr\/wp-json\/wp\/v2\/media\/10243"}],"wp:attachment":[{"href":"https:\/\/www.comau.com\/fr\/wp-json\/wp\/v2\/media?parent=23267"}],"curies":[{"name":"wp","href":"https:\/\/api.w.org\/{rel}","templated":true}]}}